{"id":27124,"date":"2022-11-24T09:51:31","date_gmt":"2022-11-24T08:51:31","guid":{"rendered":"https:\/\/www.exenia.eu\/prodotto\/tripo-bollard-2\/"},"modified":"2023-06-13T14:44:03","modified_gmt":"2023-06-13T12:44:03","slug":"tripo-bollard","status":"publish","type":"product","link":"https:\/\/restyling.exenia.eu\/es\/producto\/tripo-bollard\/","title":{"rendered":"Tripo Bollard"},"content":{"rendered":"<p>Pivote con estructura triangular, de 300\/600\/800 mm de altura para montaje en suelo y pared, equipado con placa LED y difusor estanco, con haz de emisi\u00f3n de 120\u00b0. Tambi\u00e9n disponible con esfera de PMMA para distribuci\u00f3n omnidireccional de la luz. Construcci\u00f3n robusta en aluminio y acero, con recubrimiento en polvo de alta adherencia. La estructura est\u00e1 dise\u00f1ada para ser robusta y ligera, f\u00e1cilmente reconciliable con el entorno. La esfera accesoria, instalada de f\u00e1brica, confiere a la luminaria visibilidad nocturna, transform\u00e1ndola de fuente de luz mim\u00e9tica en se\u00f1al y presencia. Disponible en potencias de 4,5W (450lm) u 8W (750lm) en CRI85 para las versiones CV o 6W (550lm) o 9W (1020lm) en CRI95 para las versiones AC, en 2700K, 3000K o 4000K . Vida \u00fatil de 45.000 horas en L80 B10. Las opciones de acabado con recubrimiento en polvo incluyen colores naturales y texturizados como gris carb\u00f3n, marr\u00f3n barro, arena mate, blanco c\u00e1lido y efecto \u00f3xido. Grado de protecci\u00f3n IP66. Como alternativa a la esfera difusora, est\u00e1 disponible un accesorio de apantallamiento para transformar la emisi\u00f3n parcializ\u00e1ndola y la est\u00e9tica del producto, d\u00e1ndole un aspecto fuertemente decorativo y atmosf\u00e9rico. Se pueden utilizar hasta tres cubiertas por aparato. El tratamiento suplementario CRC, sugerido en ambientes sujetos a condiciones extremas, est\u00e1 disponible bajo pedido.<\/p>\n<p>&nbsp;<\/p>\n<p><iframe title=\"TRIPO | EN\" width=\"800\" height=\"450\" src=\"https:\/\/www.youtube.com\/embed\/Gg5L2lbzdd4?feature=oembed\" frameborder=\"0\" allow=\"accelerometer; autoplay; clipboard-write; encrypted-media; gyroscope; picture-in-picture; web-share\" referrerpolicy=\"strict-origin-when-cross-origin\" allowfullscreen><\/iframe><\/p>\n<p>&nbsp;<\/p>\n","protected":false},"excerpt":{"rendered":"<p>Pivote con estructura triangular, de 300\/600\/800 mm de altura para&#8230;<\/p>\n","protected":false},"featured_media":24164,"template":"","meta":{"_acf_changed":false},"product_brand":[],"product_cat":[2959],"product_tag":[7698,7702,7704],"categoria-admin-prodotto":[],"class_list":{"0":"post-27124","1":"product","2":"type-product","3":"status-publish","4":"has-post-thumbnail","6":"product_cat-tripo","7":"product_tag-840830-es","8":"product_tag-840832-es","9":"product_tag-840831-es","10":"pa_cct-2700k-es","11":"pa_cct-3000k-es","12":"pa_cct-4000k-es","13":"pa_certificazione-conformita-ce-es","14":"pa_cri-85-es","15":"pa_cri-95-es","16":"pa_grado-ip-ip66-es","17":"pa_grado-ip-ik08-es","18":"pa_lifetime-l80b10-45-000-h-es","19":"pa_temperatura-di-esercizio-10-30-es","21":"first","22":"instock","23":"purchasable","24":"product-type-composite"},"composite_virtual":false,"composite_layout":"single","composite_add_to_cart_form_location":"default","composite_editable_in_cart":false,"composite_sold_individually_context":"product","composite_shop_price_calc":"defaults","composite_components":[{"id":"1674827279","title":"Cuerpo de la luminaria","description":"","query_type":"product_ids","query_ids":[21697],"default_option_id":21697,"thumbnail_id":"","thumbnail_src":"","quantity_min":1,"quantity_max":1,"priced_individually":false,"shipped_individually":false,"optional":false,"discount":"","options_style":"radios","pagination_style":"classic","display_prices":"absolute","show_sorting_options":false,"show_filtering_options":false,"attribute_filter_ids":[],"product_title_visible":false,"product_descr_visible":false,"product_price_visible":false,"product_thumb_visible":false,"subtotal_visible_product":false,"subtotal_visible_cart":false,"subtotal_visible_orders":false},{"id":"1674827280","title":"Talla","description":"","query_type":"product_ids","query_ids":[22124,22126,22128],"default_option_id":"","thumbnail_id":"","thumbnail_src":"","quantity_min":1,"quantity_max":1,"priced_individually":false,"shipped_individually":false,"optional":true,"discount":"","options_style":"radios","pagination_style":"classic","display_prices":"absolute","show_sorting_options":false,"show_filtering_options":false,"attribute_filter_ids":[],"product_title_visible":false,"product_descr_visible":false,"product_price_visible":false,"product_thumb_visible":false,"subtotal_visible_product":false,"subtotal_visible_cart":false,"subtotal_visible_orders":false},{"id":"1674827281","title":"Potencia","description":"","query_type":"product_ids","query_ids":[22035,22037,26572,22036,22038,26576],"default_option_id":"","thumbnail_id":"","thumbnail_src":"","quantity_min":1,"quantity_max":1,"priced_individually":false,"shipped_individually":false,"optional":true,"discount":"","options_style":"radios","pagination_style":"classic","display_prices":"absolute","show_sorting_options":false,"show_filtering_options":false,"attribute_filter_ids":[],"product_title_visible":false,"product_descr_visible":false,"product_price_visible":false,"product_thumb_visible":false,"subtotal_visible_product":false,"subtotal_visible_cart":false,"subtotal_visible_orders":false},{"id":"1674827282","title":"Controlar","description":"","query_type":"product_ids","query_ids":[21534,21583],"default_option_id":"","thumbnail_id":"","thumbnail_src":"","quantity_min":1,"quantity_max":1,"priced_individually":false,"shipped_individually":false,"optional":true,"discount":"","options_style":"radios","pagination_style":"classic","display_prices":"absolute","show_sorting_options":false,"show_filtering_options":false,"attribute_filter_ids":[],"product_title_visible":false,"product_descr_visible":false,"product_price_visible":false,"product_thumb_visible":false,"subtotal_visible_product":false,"subtotal_visible_cart":false,"subtotal_visible_orders":false},{"id":"1674827283","title":"Acabado","description":"","query_type":"product_ids","query_ids":[21855,21852,21857,21848,21864],"default_option_id":"","thumbnail_id":"","thumbnail_src":"","quantity_min":1,"quantity_max":1,"priced_individually":false,"shipped_individually":false,"optional":true,"discount":"","options_style":"radios","pagination_style":"classic","display_prices":"absolute","show_sorting_options":false,"show_filtering_options":false,"attribute_filter_ids":[],"product_title_visible":false,"product_descr_visible":false,"product_price_visible":false,"product_thumb_visible":false,"subtotal_visible_product":false,"subtotal_visible_cart":false,"subtotal_visible_orders":false},{"id":"1674827284","title":"CRI-CCT","description":"","query_type":"product_ids","query_ids":[21742,21743,21744,26553,26560,26564],"default_option_id":"","thumbnail_id":"","thumbnail_src":"","quantity_min":1,"quantity_max":1,"priced_individually":false,"shipped_individually":false,"optional":true,"discount":"","options_style":"radios","pagination_style":"classic","display_prices":"absolute","show_sorting_options":false,"show_filtering_options":false,"attribute_filter_ids":[],"product_title_visible":false,"product_descr_visible":false,"product_price_visible":false,"product_thumb_visible":false,"subtotal_visible_product":false,"subtotal_visible_cart":false,"subtotal_visible_orders":false},{"id":"1674827285","title":"\u00d3ptica","description":"","query_type":"product_ids","query_ids":[22018,21995],"default_option_id":"","thumbnail_id":"","thumbnail_src":"","quantity_min":1,"quantity_max":1,"priced_individually":false,"shipped_individually":false,"optional":true,"discount":"","options_style":"radios","pagination_style":"classic","display_prices":"absolute","show_sorting_options":false,"show_filtering_options":false,"attribute_filter_ids":[],"product_title_visible":false,"product_descr_visible":false,"product_price_visible":false,"product_thumb_visible":false,"subtotal_visible_product":false,"subtotal_visible_cart":false,"subtotal_visible_orders":false},{"id":"1676038557","title":" ","description":"","query_type":"product_ids","query_ids":[7636],"default_option_id":7636,"thumbnail_id":"","thumbnail_src":"","quantity_min":1,"quantity_max":1,"priced_individually":false,"shipped_individually":false,"optional":false,"discount":"","options_style":"radios","pagination_style":"classic","display_prices":"absolute","show_sorting_options":false,"show_filtering_options":false,"attribute_filter_ids":[],"product_title_visible":false,"product_descr_visible":false,"product_price_visible":false,"product_thumb_visible":false,"subtotal_visible_product":false,"subtotal_visible_cart":false,"subtotal_visible_orders":false},{"id":"1676038558","title":"Grado de protecci\u00f3n del driver a distancia","description":"","query_type":"product_ids","query_ids":[26468,26482],"default_option_id":"","thumbnail_id":"","thumbnail_src":"","quantity_min":1,"quantity_max":1,"priced_individually":false,"shipped_individually":false,"optional":true,"discount":"","options_style":"radios","pagination_style":"classic","display_prices":"absolute","show_sorting_options":false,"show_filtering_options":false,"attribute_filter_ids":[],"product_title_visible":false,"product_descr_visible":false,"product_price_visible":false,"product_thumb_visible":false,"subtotal_visible_product":false,"subtotal_visible_cart":false,"subtotal_visible_orders":false},{"id":"1676038559","title":"Alimentaci\u00f3n","description":"","query_type":"product_ids","query_ids":[40391,40376],"default_option_id":"","thumbnail_id":"","thumbnail_src":"","quantity_min":1,"quantity_max":1,"priced_individually":false,"shipped_individually":false,"optional":true,"discount":"","options_style":"radios","pagination_style":"classic","display_prices":"absolute","show_sorting_options":false,"show_filtering_options":false,"attribute_filter_ids":[],"product_title_visible":false,"product_descr_visible":false,"product_price_visible":false,"product_thumb_visible":true,"subtotal_visible_product":false,"subtotal_visible_cart":false,"subtotal_visible_orders":false},{"id":"1678715308","title":"Seleccione para activar la pantalla","description":"","query_type":"product_ids","query_ids":[7636],"default_option_id":"","thumbnail_id":"","thumbnail_src":"","quantity_min":1,"quantity_max":1,"priced_individually":false,"shipped_individually":false,"optional":true,"discount":"","options_style":"radios","pagination_style":"classic","display_prices":"absolute","show_sorting_options":false,"show_filtering_options":false,"attribute_filter_ids":[],"product_title_visible":false,"product_descr_visible":false,"product_price_visible":false,"product_thumb_visible":false,"subtotal_visible_product":false,"subtotal_visible_cart":false,"subtotal_visible_orders":false},{"id":"1676042170","title":"Accesorios","description":"","query_type":"product_ids","query_ids":[42354],"default_option_id":42354,"thumbnail_id":"","thumbnail_src":"","quantity_min":1,"quantity_max":1,"priced_individually":false,"shipped_individually":false,"optional":false,"discount":"","options_style":"radios","pagination_style":"classic","display_prices":"absolute","show_sorting_options":false,"show_filtering_options":false,"attribute_filter_ids":[],"product_title_visible":false,"product_descr_visible":true,"product_price_visible":false,"product_thumb_visible":true,"subtotal_visible_product":false,"subtotal_visible_cart":false,"subtotal_visible_orders":false},{"id":"1676042171","title":"Conectores","description":"","query_type":"product_ids","query_ids":[33023],"default_option_id":33023,"thumbnail_id":"","thumbnail_src":"","quantity_min":1,"quantity_max":1,"priced_individually":false,"shipped_individually":false,"optional":false,"discount":"","options_style":"radios","pagination_style":"classic","display_prices":"absolute","show_sorting_options":false,"show_filtering_options":false,"attribute_filter_ids":[],"product_title_visible":false,"product_descr_visible":true,"product_price_visible":false,"product_thumb_visible":false,"subtotal_visible_product":false,"subtotal_visible_cart":false,"subtotal_visible_orders":false}],"composite_scenarios":[{"id":"1676040086","name":"AC","description":"","configuration":[{"component_id":"1674827281","options_modifier":"in","component_options":[26572,26576]}],"actions":[{"action_id":"compat_group","is_active":false},{"action_id":"conditional_components","is_active":true,"hidden_components":["1676038557","1676038558","1676038559"]},{"action_id":"conditional_options","is_active":true,"hidden_options":[{"component_id":"1674827282","component_options":[21583],"options_modifier":"in"},{"component_id":"1674827284","component_options":[-1,26553,26560,26564],"options_modifier":"not-in"}]}],"enabled":true},{"id":"1676040683","name":"CV","description":"","configuration":[{"component_id":"1674827281","options_modifier":"in","component_options":[22035,22037,22036,22038]}],"actions":[{"action_id":"compat_group","is_active":false},{"action_id":"conditional_components","is_active":false,"hidden_components":[]},{"action_id":"conditional_options","is_active":true,"hidden_options":[{"component_id":"1674827282","component_options":[21534],"options_modifier":"in"},{"component_id":"1674827284","component_options":[26553,26560,26564],"options_modifier":"in"}]}],"enabled":true},{"id":"1676040684","name":"CV 48V NO IP67","description":"","configuration":[{"component_id":"1674827281","options_modifier":"in","component_options":[22037,22038]}],"actions":[{"action_id":"compat_group","is_active":false},{"action_id":"conditional_components","is_active":false,"hidden_components":[]},{"action_id":"conditional_options","is_active":true,"hidden_options":[{"component_id":"1676038558","component_options":[26482],"options_modifier":"in"}]}],"enabled":true},{"id":"1676040685","name":"CV 24V IP67","description":"","configuration":[{"component_id":"1674827281","options_modifier":"in","component_options":[22035,22036]},{"component_id":"1676038558","options_modifier":"in","component_options":[26482]}],"actions":[{"action_id":"compat_group","is_active":false},{"action_id":"conditional_components","is_active":false,"hidden_components":[]},{"action_id":"conditional_options","is_active":true,"hidden_options":[{"component_id":"1676038559","component_options":[-1,40399,40400],"options_modifier":"not-in"}]}],"enabled":true},{"id":"1676040686","name":"CV 24V IP20","description":"","configuration":[{"component_id":"1674827281","options_modifier":"in","component_options":[22035,22036]},{"component_id":"1676038558","options_modifier":"in","component_options":[26468]}],"actions":[{"action_id":"compat_group","is_active":false},{"action_id":"conditional_components","is_active":false,"hidden_components":[]},{"action_id":"conditional_options","is_active":true,"hidden_options":[{"component_id":"1676038559","component_options":[-1,40396,40397,40398],"options_modifier":"not-in"}]}],"enabled":true},{"id":"1676040687","name":"CV 48V IP20","description":"","configuration":[{"component_id":"1674827281","options_modifier":"in","component_options":[22037,22038]},{"component_id":"1676038558","options_modifier":"in","component_options":[26468]}],"actions":[{"action_id":"compat_group","is_active":false},{"action_id":"conditional_components","is_active":false,"hidden_components":[]},{"action_id":"conditional_options","is_active":true,"hidden_options":[{"component_id":"1676038559","component_options":[-1,40378,40379,40382,40383],"options_modifier":"not-in"}]}],"enabled":true},{"id":"1676042699","name":"no schermo","description":"","configuration":[{"component_id":"1678715308","options_modifier":"in","component_options":[-1]}],"actions":[{"action_id":"compat_group","is_active":false},{"action_id":"conditional_components","is_active":true,"hidden_components":["1676042170"]},{"action_id":"conditional_options","is_active":true,"hidden_options":[{"component_id":"1676042170","component_options":[-1],"options_modifier":"not-in"}]}],"enabled":true},{"id":"1676042700","name":"small acc.","description":"","configuration":[{"component_id":"1674827280","options_modifier":"in","component_options":[22124]}],"actions":[{"action_id":"compat_group","is_active":false},{"action_id":"conditional_components","is_active":false,"hidden_components":[]},{"action_id":"conditional_options","is_active":true,"hidden_options":[{"component_id":"1676042170","component_options":[-1,42375,42376,42377,42378,42379,42380,42381,42382,42383,42384],"options_modifier":"not-in"}]}],"enabled":true},{"id":"1676042701","name":"medium acc.","description":"","configuration":[{"component_id":"1674827280","options_modifier":"in","component_options":[22126]}],"actions":[{"action_id":"compat_group","is_active":false},{"action_id":"conditional_components","is_active":false,"hidden_components":[]},{"action_id":"conditional_options","is_active":true,"hidden_options":[{"component_id":"1676042170","component_options":[-1,42365,42366,42367,42368,42369,42370,42371,42372,42373,42374],"options_modifier":"not-in"}]}],"enabled":true},{"id":"1676042702","name":"large acc.","description":"","configuration":[{"component_id":"1674827280","options_modifier":"in","component_options":[22128]}],"actions":[{"action_id":"compat_group","is_active":false},{"action_id":"conditional_components","is_active":false,"hidden_components":[]},{"action_id":"conditional_options","is_active":true,"hidden_options":[{"component_id":"1676042170","component_options":[-1,42355,42356,42357,42358,42359,42360,42361,42362,42363,42364],"options_modifier":"not-in"}]}],"enabled":true}],"bundled_by":[],"bundle_stock_status":"instock","bundle_stock_quantity":null,"bundle_virtual":false,"bundle_layout":"","bundle_add_to_cart_form_location":"","bundle_editable_in_cart":false,"bundle_sold_individually_context":"","bundle_item_grouping":"","bundle_min_size":"","bundle_max_size":"","bundled_items":[],"bundle_sell_ids":[],"acf":[],"yoast_head":"<!-- This site is optimized with the Yoast SEO plugin v27.5 - https:\/\/yoast.com\/product\/yoast-seo-wordpress\/ -->\n<title>Tripo Bollard | Exenia<\/title>\n<meta name=\"robots\" content=\"noindex, follow, max-snippet:-1, max-image-preview:large, max-video-preview:-1\" \/>\n<meta property=\"og:locale\" content=\"es_ES\" \/>\n<meta property=\"og:type\" content=\"article\" \/>\n<meta property=\"og:title\" content=\"Tripo Bollard | Exenia\" \/>\n<meta property=\"og:description\" content=\"Pivote con estructura triangular, de 300\/600\/800 mm de altura para...\" \/>\n<meta property=\"og:url\" content=\"https:\/\/restyling.exenia.eu\/prodotto\/tripo-bollard\/\" \/>\n<meta property=\"og:site_name\" content=\"Exenia\" \/>\n<meta property=\"article:publisher\" content=\"https:\/\/www.facebook.com\/exenialighting\" \/>\n<meta property=\"article:modified_time\" content=\"2023-06-13T12:44:03+00:00\" \/>\n<meta property=\"og:image\" content=\"https:\/\/restyling.exenia.eu\/wp-content\/uploads\/2023\/01\/Tripo-bollard-prodotto.jpg\" \/>\n\t<meta property=\"og:image:width\" content=\"2000\" \/>\n\t<meta property=\"og:image:height\" content=\"1919\" \/>\n\t<meta property=\"og:image:type\" content=\"image\/jpeg\" \/>\n<!-- \/ Yoast SEO plugin. -->","yoast_head_json":{"title":"Tripo Bollard | Exenia","robots":{"index":"noindex","follow":"follow","max-snippet":"max-snippet:-1","max-image-preview":"max-image-preview:large","max-video-preview":"max-video-preview:-1"},"og_locale":"es_ES","og_type":"article","og_title":"Tripo Bollard | Exenia","og_description":"Pivote con estructura triangular, de 300\/600\/800 mm de altura para...","og_url":"https:\/\/restyling.exenia.eu\/prodotto\/tripo-bollard\/","og_site_name":"Exenia","article_publisher":"https:\/\/www.facebook.com\/exenialighting","article_modified_time":"2023-06-13T12:44:03+00:00","og_image":[{"width":2000,"height":1919,"url":"https:\/\/restyling.exenia.eu\/wp-content\/uploads\/2023\/01\/Tripo-bollard-prodotto.jpg","type":"image\/jpeg"}],"schema":{"@context":"https:\/\/schema.org","@graph":[{"@type":"WebPage","@id":"https:\/\/restyling.exenia.eu\/prodotto\/tripo-bollard\/","url":"https:\/\/restyling.exenia.eu\/prodotto\/tripo-bollard\/","name":"Tripo Bollard | Exenia","isPartOf":{"@id":"https:\/\/restyling.exenia.eu\/#website"},"primaryImageOfPage":{"@id":"https:\/\/restyling.exenia.eu\/prodotto\/tripo-bollard\/#primaryimage"},"image":{"@id":"https:\/\/restyling.exenia.eu\/prodotto\/tripo-bollard\/#primaryimage"},"thumbnailUrl":"https:\/\/restyling.exenia.eu\/wp-content\/uploads\/2023\/01\/Tripo-bollard-prodotto.jpg","datePublished":"2022-11-24T08:51:31+00:00","dateModified":"2023-06-13T12:44:03+00:00","breadcrumb":{"@id":"https:\/\/restyling.exenia.eu\/prodotto\/tripo-bollard\/#breadcrumb"},"inLanguage":"es","potentialAction":[{"@type":"ReadAction","target":["https:\/\/restyling.exenia.eu\/prodotto\/tripo-bollard\/"]}]},{"@type":"ImageObject","inLanguage":"es","@id":"https:\/\/restyling.exenia.eu\/prodotto\/tripo-bollard\/#primaryimage","url":"https:\/\/restyling.exenia.eu\/wp-content\/uploads\/2023\/01\/Tripo-bollard-prodotto.jpg","contentUrl":"https:\/\/restyling.exenia.eu\/wp-content\/uploads\/2023\/01\/Tripo-bollard-prodotto.jpg","width":2000,"height":1919},{"@type":"BreadcrumbList","@id":"https:\/\/restyling.exenia.eu\/prodotto\/tripo-bollard\/#breadcrumb","itemListElement":[{"@type":"ListItem","position":1,"name":"Home","item":"https:\/\/restyling.exenia.eu\/"},{"@type":"ListItem","position":2,"name":"Productos","item":"https:\/\/restyling.exenia.eu\/prodotti\/"},{"@type":"ListItem","position":3,"name":"Outdoor","item":"https:\/\/restyling.exenia.eu\/c\/outdoor\/"},{"@type":"ListItem","position":4,"name":"Bollard","item":"https:\/\/restyling.exenia.eu\/c\/outdoor\/bollard-outdoor\/"},{"@type":"ListItem","position":5,"name":"Tripo","item":"https:\/\/restyling.exenia.eu\/c\/outdoor\/bollard-outdoor\/tripo\/"},{"@type":"ListItem","position":6,"name":"Tripo Bollard"}]},{"@type":"WebSite","@id":"https:\/\/restyling.exenia.eu\/#website","url":"https:\/\/restyling.exenia.eu\/","name":"Exenia","description":"","publisher":{"@id":"https:\/\/restyling.exenia.eu\/#organization"},"potentialAction":[{"@type":"SearchAction","target":{"@type":"EntryPoint","urlTemplate":"https:\/\/restyling.exenia.eu\/?s={search_term_string}"},"query-input":{"@type":"PropertyValueSpecification","valueRequired":true,"valueName":"search_term_string"}}],"inLanguage":"es"},{"@type":"Organization","@id":"https:\/\/restyling.exenia.eu\/#organization","name":"Exenia","url":"https:\/\/restyling.exenia.eu\/","logo":{"@type":"ImageObject","inLanguage":"es","@id":"https:\/\/restyling.exenia.eu\/#\/schema\/logo\/image\/","url":"https:\/\/restyling.exenia.eu\/wp-content\/uploads\/2022\/09\/logo_exenia-e1678467519405.png","contentUrl":"https:\/\/restyling.exenia.eu\/wp-content\/uploads\/2022\/09\/logo_exenia-e1678467519405.png","width":600,"height":194,"caption":"Exenia"},"image":{"@id":"https:\/\/restyling.exenia.eu\/#\/schema\/logo\/image\/"},"sameAs":["https:\/\/www.facebook.com\/exenialighting","https:\/\/x.com\/ExeniaLighting"]}]}},"_links":{"self":[{"href":"https:\/\/restyling.exenia.eu\/es\/wp-json\/wp\/v2\/product\/27124","targetHints":{"allow":["GET"]}}],"collection":[{"href":"https:\/\/restyling.exenia.eu\/es\/wp-json\/wp\/v2\/product"}],"about":[{"href":"https:\/\/restyling.exenia.eu\/es\/wp-json\/wp\/v2\/types\/product"}],"wp:featuredmedia":[{"embeddable":true,"href":"https:\/\/restyling.exenia.eu\/es\/wp-json\/wp\/v2\/media\/24164"}],"wp:attachment":[{"href":"https:\/\/restyling.exenia.eu\/es\/wp-json\/wp\/v2\/media?parent=27124"}],"wp:term":[{"taxonomy":"product_brand","embeddable":true,"href":"https:\/\/restyling.exenia.eu\/es\/wp-json\/wp\/v2\/product_brand?post=27124"},{"taxonomy":"product_cat","embeddable":true,"href":"https:\/\/restyling.exenia.eu\/es\/wp-json\/wp\/v2\/product_cat?post=27124"},{"taxonomy":"product_tag","embeddable":true,"href":"https:\/\/restyling.exenia.eu\/es\/wp-json\/wp\/v2\/product_tag?post=27124"},{"taxonomy":"categoria-admin-prodotto","embeddable":true,"href":"https:\/\/restyling.exenia.eu\/es\/wp-json\/wp\/v2\/categoria-admin-prodotto?post=27124"}],"curies":[{"name":"wp","href":"https:\/\/api.w.org\/{rel}","templated":true}]}}