{"id":27141,"date":"2023-11-21T09:56:58","date_gmt":"2023-11-21T08:56:58","guid":{"rendered":"https:\/\/www.exenia.eu\/prodotto\/r2-230-2\/"},"modified":"2024-07-26T11:33:23","modified_gmt":"2024-07-26T09:33:23","slug":"r2-230","status":"publish","type":"product","link":"https:\/\/restyling.exenia.eu\/es\/producto\/r2-230\/","title":{"rendered":"R2 230"},"content":{"rendered":"<p>Innovador dise\u00f1o de foco LED que incluye una c\u00e1mara de ventilaci\u00f3n pasiva que permite una reducci\u00f3n sustancial de la temperatura de funcionamiento y, por tanto, una reducci\u00f3n del tama\u00f1o de la luminaria, con una salida de lumen de hasta 4410 lm (nom.). La exclusiva construcci\u00f3n de fundici\u00f3n a presi\u00f3n de 3 piezas y el controlador como parte del adaptador de carril hacen que sea un enfoque verdaderamente discreto de la iluminaci\u00f3n de carriles. Este dise\u00f1o, combinado con las nuevas \u00f3pticas TIR de aluminio y perfil bajo, garantiza altos niveles de rendimiento en cuanto a potencia y calidad de la luz. Este proyector ofrece una libertad \u00fanica de combinaci\u00f3n de colores mediante la elecci\u00f3n de las opciones de acabado para el cuerpo de la luminaria, la curvatura y el brazo de ventilaci\u00f3n, el adaptador de carril y el anillo de color.<\/p>\n<p>La combinaci\u00f3n de colores de este proyector es \u00fanica.<\/p>\n","protected":false},"excerpt":{"rendered":"<p>Innovador dise\u00f1o de foco LED que incluye una c\u00e1mara de&#8230;<\/p>\n","protected":false},"featured_media":44160,"template":"","meta":{"_acf_changed":false},"product_brand":[],"product_cat":[5349],"product_tag":[8547,8553,8579],"categoria-admin-prodotto":[],"class_list":{"0":"post-27141","1":"product","2":"type-product","3":"status-publish","4":"has-post-thumbnail","6":"product_cat-r2-es","7":"product_tag-615e1-es","8":"product_tag-615e2-es","9":"product_tag-615e3-es","10":"pa_cct-2700k-es","11":"pa_cct-3000k-es","12":"pa_cct-4000k-es","13":"pa_certificazione-conformita-ce-es","14":"pa_classe-f-si-es-2","15":"pa_cri-85-es","16":"pa_cri-95-es","17":"pa_grado-ip-ip20-es","18":"pa_lifetime-l80b10-100-000-ore-es","19":"pa_temperatura-di-esercizio-10-30-es","21":"first","22":"instock","23":"purchasable","24":"product-type-composite"},"composite_virtual":false,"composite_layout":"single","composite_add_to_cart_form_location":"default","composite_editable_in_cart":false,"composite_sold_individually_context":"product","composite_shop_price_calc":"defaults","composite_components":[{"id":"1674809676","title":"Cuerpo de la luminaria","description":"","query_type":"product_ids","query_ids":[21678],"default_option_id":21678,"thumbnail_id":"","thumbnail_src":"","quantity_min":1,"quantity_max":1,"priced_individually":false,"shipped_individually":false,"optional":false,"discount":"","options_style":"radios","pagination_style":"classic","display_prices":"absolute","show_sorting_options":false,"show_filtering_options":false,"attribute_filter_ids":[],"product_title_visible":false,"product_descr_visible":false,"product_price_visible":false,"product_thumb_visible":false,"subtotal_visible_product":false,"subtotal_visible_cart":false,"subtotal_visible_orders":false},{"id":"1674809677","title":"Potencia","description":"","query_type":"product_ids","query_ids":[22111,22112,22113,22114],"default_option_id":"","thumbnail_id":"","thumbnail_src":"","quantity_min":1,"quantity_max":1,"priced_individually":false,"shipped_individually":false,"optional":true,"discount":"","options_style":"radios","pagination_style":"classic","display_prices":"absolute","show_sorting_options":false,"show_filtering_options":false,"attribute_filter_ids":[],"product_title_visible":false,"product_descr_visible":false,"product_price_visible":false,"product_thumb_visible":false,"subtotal_visible_product":false,"subtotal_visible_cart":false,"subtotal_visible_orders":false},{"id":"1674809678","title":"Controlar","description":"","query_type":"product_ids","query_ids":[21534,21563,21582,21561],"default_option_id":"","thumbnail_id":"","thumbnail_src":"","quantity_min":1,"quantity_max":1,"priced_individually":false,"shipped_individually":false,"optional":true,"discount":"","options_style":"radios","pagination_style":"classic","display_prices":"absolute","show_sorting_options":false,"show_filtering_options":false,"attribute_filter_ids":[],"product_title_visible":false,"product_descr_visible":false,"product_price_visible":false,"product_thumb_visible":false,"subtotal_visible_product":false,"subtotal_visible_cart":false,"subtotal_visible_orders":false},{"id":"1674810670","title":"Acabado del cuerpo","description":"","query_type":"product_ids","query_ids":[22409,22414,22419],"default_option_id":"","thumbnail_id":"","thumbnail_src":"","quantity_min":1,"quantity_max":1,"priced_individually":false,"shipped_individually":false,"optional":true,"discount":"","options_style":"radios","pagination_style":"classic","display_prices":"absolute","show_sorting_options":false,"show_filtering_options":false,"attribute_filter_ids":[],"product_title_visible":false,"product_descr_visible":false,"product_price_visible":false,"product_thumb_visible":false,"subtotal_visible_product":false,"subtotal_visible_cart":false,"subtotal_visible_orders":false},{"id":"1674810671","title":"Acabado del adaptador","description":"","query_type":"product_ids","query_ids":[21793,21794],"default_option_id":"","thumbnail_id":"","thumbnail_src":"","quantity_min":1,"quantity_max":1,"priced_individually":false,"shipped_individually":false,"optional":true,"discount":"","options_style":"radios","pagination_style":"classic","display_prices":"absolute","show_sorting_options":false,"show_filtering_options":false,"attribute_filter_ids":[],"product_title_visible":false,"product_descr_visible":false,"product_price_visible":false,"product_thumb_visible":false,"subtotal_visible_product":false,"subtotal_visible_cart":false,"subtotal_visible_orders":false},{"id":"1674810672","title":"CRI-CCT","description":"","query_type":"product_ids","query_ids":[21743,21721,21722,21723],"default_option_id":"","thumbnail_id":"","thumbnail_src":"","quantity_min":1,"quantity_max":1,"priced_individually":false,"shipped_individually":false,"optional":true,"discount":"","options_style":"radios","pagination_style":"classic","display_prices":"absolute","show_sorting_options":false,"show_filtering_options":false,"attribute_filter_ids":[],"product_title_visible":false,"product_descr_visible":false,"product_price_visible":false,"product_thumb_visible":false,"subtotal_visible_product":false,"subtotal_visible_cart":false,"subtotal_visible_orders":false},{"id":"1674810673","title":"Pedir por separado","description":"","query_type":"product_ids","query_ids":[7636],"default_option_id":7636,"thumbnail_id":"","thumbnail_src":"","quantity_min":1,"quantity_max":1,"priced_individually":false,"shipped_individually":false,"optional":false,"discount":"","options_style":"radios","pagination_style":"classic","display_prices":"absolute","show_sorting_options":false,"show_filtering_options":false,"attribute_filter_ids":[],"product_title_visible":false,"product_descr_visible":false,"product_price_visible":false,"product_thumb_visible":false,"subtotal_visible_product":false,"subtotal_visible_cart":false,"subtotal_visible_orders":false},{"id":"1674813135","title":"Accesorios \u00f3pticos primarios","description":"","query_type":"product_ids","query_ids":[22426,22430,24476],"default_option_id":"","thumbnail_id":"","thumbnail_src":"","quantity_min":1,"quantity_max":1,"priced_individually":false,"shipped_individually":false,"optional":true,"discount":"","options_style":"radios","pagination_style":"classic","display_prices":"absolute","show_sorting_options":false,"show_filtering_options":false,"attribute_filter_ids":[],"product_title_visible":false,"product_descr_visible":true,"product_price_visible":false,"product_thumb_visible":true,"subtotal_visible_product":false,"subtotal_visible_cart":false,"subtotal_visible_orders":false},{"id":"1674813136","title":"\u00d3ptica","description":"","query_type":"product_ids","query_ids":[22438,50472,50477,50482,21906,22463,24472],"default_option_id":"","thumbnail_id":"","thumbnail_src":"","quantity_min":1,"quantity_max":1,"priced_individually":false,"shipped_individually":false,"optional":true,"discount":"","options_style":"radios","pagination_style":"classic","display_prices":"absolute","show_sorting_options":false,"show_filtering_options":false,"attribute_filter_ids":[],"product_title_visible":false,"product_descr_visible":false,"product_price_visible":false,"product_thumb_visible":false,"subtotal_visible_product":false,"subtotal_visible_cart":false,"subtotal_visible_orders":false},{"id":"1675682272","title":"Accesorios \u00f3pticos secundarios","description":"","query_type":"product_ids","query_ids":[38262],"default_option_id":38262,"thumbnail_id":"","thumbnail_src":"","quantity_min":1,"quantity_max":1,"priced_individually":false,"shipped_individually":false,"optional":false,"discount":"","options_style":"radios","pagination_style":"classic","display_prices":"absolute","show_sorting_options":false,"show_filtering_options":false,"attribute_filter_ids":[],"product_title_visible":false,"product_descr_visible":false,"product_price_visible":false,"product_thumb_visible":false,"subtotal_visible_product":false,"subtotal_visible_cart":false,"subtotal_visible_orders":false},{"id":"1678973880","title":"Seleccione esta opci\u00f3n para activar el anillo decorativo","description":"","query_type":"product_ids","query_ids":[7636],"default_option_id":"","thumbnail_id":"","thumbnail_src":"","quantity_min":1,"quantity_max":1,"priced_individually":false,"shipped_individually":false,"optional":true,"discount":"","options_style":"radios","pagination_style":"classic","display_prices":"absolute","show_sorting_options":false,"show_filtering_options":false,"attribute_filter_ids":[],"product_title_visible":false,"product_descr_visible":false,"product_price_visible":false,"product_thumb_visible":false,"subtotal_visible_product":false,"subtotal_visible_cart":false,"subtotal_visible_orders":false},{"id":"1675682274","title":"Anillo decorativo","description":"","query_type":"product_ids","query_ids":[45866],"default_option_id":45866,"thumbnail_id":"","thumbnail_src":"","quantity_min":1,"quantity_max":1,"priced_individually":false,"shipped_individually":false,"optional":false,"discount":"","options_style":"radios","pagination_style":"classic","display_prices":"absolute","show_sorting_options":false,"show_filtering_options":false,"attribute_filter_ids":[],"product_title_visible":false,"product_descr_visible":false,"product_price_visible":false,"product_thumb_visible":true,"subtotal_visible_product":false,"subtotal_visible_cart":false,"subtotal_visible_orders":false}],"composite_scenarios":[{"id":"1674813330","name":"12\/18w","description":"","configuration":[{"component_id":"1674809677","options_modifier":"in","component_options":[22111,22112]}],"actions":[{"action_id":"compat_group","is_active":false},{"action_id":"conditional_components","is_active":false,"hidden_components":[]},{"action_id":"conditional_options","is_active":true,"hidden_options":[{"component_id":"1674813135","component_options":[22430],"options_modifier":"in"},{"component_id":"1674813136","component_options":[50482,21906,22463],"options_modifier":"in"}]}],"enabled":true},{"id":"1674813331","name":"25\/31w","description":"","configuration":[{"component_id":"1674809677","options_modifier":"in","component_options":[22113,22114]}],"actions":[{"action_id":"compat_group","is_active":false},{"action_id":"conditional_components","is_active":false,"hidden_components":[]},{"action_id":"conditional_options","is_active":true,"hidden_options":[{"component_id":"1674813135","component_options":[22426],"options_modifier":"in"},{"component_id":"1674813136","component_options":[22438,50472,50477],"options_modifier":"in"}]}],"enabled":true},{"id":"1674813332","name":"ottica 12\/18","description":"","configuration":[{"component_id":"1674813135","options_modifier":"in","component_options":[22426]}],"actions":[{"action_id":"compat_group","is_active":false},{"action_id":"conditional_components","is_active":false,"hidden_components":[]},{"action_id":"conditional_options","is_active":true,"hidden_options":[{"component_id":"1674809677","component_options":[22113,22114],"options_modifier":"in"},{"component_id":"1674813136","component_options":[50482,21906,22463,24472],"options_modifier":"in"}]}],"enabled":true},{"id":"1674813333","name":"ottica 25\/31","description":"","configuration":[{"component_id":"1674813135","options_modifier":"in","component_options":[22430]}],"actions":[{"action_id":"compat_group","is_active":false},{"action_id":"conditional_components","is_active":false,"hidden_components":[]},{"action_id":"conditional_options","is_active":true,"hidden_options":[{"component_id":"1674809677","component_options":[22111,22112],"options_modifier":"in"},{"component_id":"1674813136","component_options":[22438,50472,50477,24472],"options_modifier":"in"}]}],"enabled":true},{"id":"1674813334","name":"fascio 12\/18","description":"","configuration":[{"component_id":"1674813136","options_modifier":"in","component_options":[22438,50472,50477]}],"actions":[{"action_id":"compat_group","is_active":false},{"action_id":"conditional_components","is_active":false,"hidden_components":[]},{"action_id":"conditional_options","is_active":true,"hidden_options":[{"component_id":"1674809677","component_options":[22113,22114],"options_modifier":"in"},{"component_id":"1674813135","component_options":[22430,24476],"options_modifier":"in"}]}],"enabled":true},{"id":"1674813335","name":"fascio 25\/31","description":"","configuration":[{"component_id":"1674813136","options_modifier":"in","component_options":[50482,21906,22463]}],"actions":[{"action_id":"compat_group","is_active":false},{"action_id":"conditional_components","is_active":false,"hidden_components":[]},{"action_id":"conditional_options","is_active":true,"hidden_options":[{"component_id":"1674809677","component_options":[22111,22112],"options_modifier":"in"},{"component_id":"1674813135","component_options":[22426,24476],"options_modifier":"in"}]}],"enabled":true},{"id":"1674813336","name":"zoom","description":"","configuration":[{"component_id":"1674813135","options_modifier":"in","component_options":[24476]}],"actions":[{"action_id":"compat_group","is_active":false},{"action_id":"conditional_components","is_active":true,"hidden_components":["1675682272","1678973880","1675682274"]},{"action_id":"conditional_options","is_active":true,"hidden_options":[{"component_id":"1674813136","component_options":[-1,24472],"options_modifier":"not-in"},{"component_id":"1675682274","component_options":[-1],"options_modifier":"not-in"}]}],"enabled":true},{"id":"1675682437","name":"no anello dec.","description":"","configuration":[{"component_id":"1678973880","options_modifier":"in","component_options":[-1]}],"actions":[{"action_id":"compat_group","is_active":false},{"action_id":"conditional_components","is_active":true,"hidden_components":["1675682274"]},{"action_id":"conditional_options","is_active":true,"hidden_options":[{"component_id":"1675682274","component_options":[-1],"options_modifier":"not-in"}]}],"enabled":true},{"id":"1675682592","name":"ottica zoom","description":"","configuration":[{"component_id":"1674813136","options_modifier":"in","component_options":[24472]}],"actions":[{"action_id":"compat_group","is_active":false},{"action_id":"conditional_components","is_active":true,"hidden_components":["1675682272","1678973880","1675682274"]},{"action_id":"conditional_options","is_active":true,"hidden_options":[{"component_id":"1674813135","component_options":[-1,24476],"options_modifier":"not-in"}]}],"enabled":true},{"id":"1699884222","name":"31W NO CASAMBI","description":"","configuration":[{"component_id":"1674809677","options_modifier":"in","component_options":[22114]}],"actions":[{"action_id":"compat_group","is_active":false},{"action_id":"conditional_components","is_active":false,"hidden_components":[]},{"action_id":"conditional_options","is_active":true,"hidden_options":[{"component_id":"1674809678","component_options":[21561],"options_modifier":"in"}]}],"enabled":true},{"id":"1699884223","name":"NO CAS. 31W","description":"","configuration":[{"component_id":"1674809678","options_modifier":"in","component_options":[21561]}],"actions":[{"action_id":"compat_group","is_active":false},{"action_id":"conditional_components","is_active":false,"hidden_components":[]},{"action_id":"conditional_options","is_active":true,"hidden_options":[{"component_id":"1674809677","component_options":[22114],"options_modifier":"in"}]}],"enabled":true}],"bundled_by":[],"bundle_stock_status":"instock","bundle_stock_quantity":null,"bundle_virtual":false,"bundle_layout":"","bundle_add_to_cart_form_location":"","bundle_editable_in_cart":false,"bundle_sold_individually_context":"","bundle_item_grouping":"","bundle_min_size":"","bundle_max_size":"","bundled_items":[],"bundle_sell_ids":[],"acf":[],"yoast_head":"<!-- This site is optimized with the Yoast SEO plugin v27.5 - https:\/\/yoast.com\/product\/yoast-seo-wordpress\/ -->\n<title>R2 230 | Exenia<\/title>\n<meta name=\"robots\" content=\"noindex, follow, max-snippet:-1, max-image-preview:large, max-video-preview:-1\" \/>\n<meta property=\"og:locale\" content=\"es_ES\" \/>\n<meta property=\"og:type\" content=\"article\" \/>\n<meta property=\"og:title\" content=\"R2 230 | Exenia\" \/>\n<meta property=\"og:description\" content=\"Innovador dise\u00f1o de foco LED que incluye una c\u00e1mara de...\" \/>\n<meta property=\"og:url\" content=\"https:\/\/restyling.exenia.eu\/es\/producto\/r2-230\/\" \/>\n<meta property=\"og:site_name\" content=\"Exenia\" \/>\n<meta property=\"article:publisher\" content=\"https:\/\/www.facebook.com\/exenialighting\" \/>\n<meta property=\"article:modified_time\" content=\"2024-07-26T09:33:23+00:00\" \/>\n<meta property=\"og:image\" content=\"https:\/\/restyling.exenia.eu\/wp-content\/uploads\/2023\/04\/R2-230.jpg\" \/>\n\t<meta property=\"og:image:width\" content=\"2000\" \/>\n\t<meta property=\"og:image:height\" content=\"1919\" \/>\n\t<meta property=\"og:image:type\" content=\"image\/jpeg\" \/>\n<!-- \/ Yoast SEO plugin. -->","yoast_head_json":{"title":"R2 230 | Exenia","robots":{"index":"noindex","follow":"follow","max-snippet":"max-snippet:-1","max-image-preview":"max-image-preview:large","max-video-preview":"max-video-preview:-1"},"og_locale":"es_ES","og_type":"article","og_title":"R2 230 | Exenia","og_description":"Innovador dise\u00f1o de foco LED que incluye una c\u00e1mara de...","og_url":"https:\/\/restyling.exenia.eu\/es\/producto\/r2-230\/","og_site_name":"Exenia","article_publisher":"https:\/\/www.facebook.com\/exenialighting","article_modified_time":"2024-07-26T09:33:23+00:00","og_image":[{"width":2000,"height":1919,"url":"https:\/\/restyling.exenia.eu\/wp-content\/uploads\/2023\/04\/R2-230.jpg","type":"image\/jpeg"}],"schema":{"@context":"https:\/\/schema.org","@graph":[{"@type":"WebPage","@id":"https:\/\/restyling.exenia.eu\/es\/producto\/r2-230\/","url":"https:\/\/restyling.exenia.eu\/es\/producto\/r2-230\/","name":"R2 230 | Exenia","isPartOf":{"@id":"https:\/\/restyling.exenia.eu\/#website"},"primaryImageOfPage":{"@id":"https:\/\/restyling.exenia.eu\/es\/producto\/r2-230\/#primaryimage"},"image":{"@id":"https:\/\/restyling.exenia.eu\/es\/producto\/r2-230\/#primaryimage"},"thumbnailUrl":"https:\/\/restyling.exenia.eu\/wp-content\/uploads\/2023\/04\/R2-230.jpg","datePublished":"2023-11-21T08:56:58+00:00","dateModified":"2024-07-26T09:33:23+00:00","breadcrumb":{"@id":"https:\/\/restyling.exenia.eu\/es\/producto\/r2-230\/#breadcrumb"},"inLanguage":"es","potentialAction":[{"@type":"ReadAction","target":["https:\/\/restyling.exenia.eu\/es\/producto\/r2-230\/"]}]},{"@type":"ImageObject","inLanguage":"es","@id":"https:\/\/restyling.exenia.eu\/es\/producto\/r2-230\/#primaryimage","url":"https:\/\/restyling.exenia.eu\/wp-content\/uploads\/2023\/04\/R2-230.jpg","contentUrl":"https:\/\/restyling.exenia.eu\/wp-content\/uploads\/2023\/04\/R2-230.jpg","width":2000,"height":1919},{"@type":"BreadcrumbList","@id":"https:\/\/restyling.exenia.eu\/es\/producto\/r2-230\/#breadcrumb","itemListElement":[{"@type":"ListItem","position":1,"name":"Home","item":"https:\/\/restyling.exenia.eu\/"},{"@type":"ListItem","position":2,"name":"Productos","item":"https:\/\/restyling.exenia.eu\/prodotti\/"},{"@type":"ListItem","position":3,"name":"Indoor","item":"https:\/\/restyling.exenia.eu\/es\/c\/indoor\/"},{"@type":"ListItem","position":4,"name":"Luminarias para Sistemas\/Carriles","item":"https:\/\/restyling.exenia.eu\/es\/c\/indoor\/luminarias-para-sistemas-carriles\/"},{"@type":"ListItem","position":5,"name":"230 V","item":"https:\/\/restyling.exenia.eu\/es\/c\/indoor\/luminarias-para-sistemas-carriles\/230-v-es\/"},{"@type":"ListItem","position":6,"name":"R2","item":"https:\/\/restyling.exenia.eu\/c\/indoor\/apparecchi-per-sistemi-binari-elettrificati\/230-v\/r2-230v\/"},{"@type":"ListItem","position":7,"name":"R2 230"}]},{"@type":"WebSite","@id":"https:\/\/restyling.exenia.eu\/#website","url":"https:\/\/restyling.exenia.eu\/","name":"Exenia","description":"","publisher":{"@id":"https:\/\/restyling.exenia.eu\/#organization"},"potentialAction":[{"@type":"SearchAction","target":{"@type":"EntryPoint","urlTemplate":"https:\/\/restyling.exenia.eu\/?s={search_term_string}"},"query-input":{"@type":"PropertyValueSpecification","valueRequired":true,"valueName":"search_term_string"}}],"inLanguage":"es"},{"@type":"Organization","@id":"https:\/\/restyling.exenia.eu\/#organization","name":"Exenia","url":"https:\/\/restyling.exenia.eu\/","logo":{"@type":"ImageObject","inLanguage":"es","@id":"https:\/\/restyling.exenia.eu\/#\/schema\/logo\/image\/","url":"https:\/\/restyling.exenia.eu\/wp-content\/uploads\/2022\/09\/logo_exenia-e1678467519405.png","contentUrl":"https:\/\/restyling.exenia.eu\/wp-content\/uploads\/2022\/09\/logo_exenia-e1678467519405.png","width":600,"height":194,"caption":"Exenia"},"image":{"@id":"https:\/\/restyling.exenia.eu\/#\/schema\/logo\/image\/"},"sameAs":["https:\/\/www.facebook.com\/exenialighting","https:\/\/x.com\/ExeniaLighting"]}]}},"_links":{"self":[{"href":"https:\/\/restyling.exenia.eu\/es\/wp-json\/wp\/v2\/product\/27141","targetHints":{"allow":["GET"]}}],"collection":[{"href":"https:\/\/restyling.exenia.eu\/es\/wp-json\/wp\/v2\/product"}],"about":[{"href":"https:\/\/restyling.exenia.eu\/es\/wp-json\/wp\/v2\/types\/product"}],"wp:featuredmedia":[{"embeddable":true,"href":"https:\/\/restyling.exenia.eu\/es\/wp-json\/wp\/v2\/media\/44160"}],"wp:attachment":[{"href":"https:\/\/restyling.exenia.eu\/es\/wp-json\/wp\/v2\/media?parent=27141"}],"wp:term":[{"taxonomy":"product_brand","embeddable":true,"href":"https:\/\/restyling.exenia.eu\/es\/wp-json\/wp\/v2\/product_brand?post=27141"},{"taxonomy":"product_cat","embeddable":true,"href":"https:\/\/restyling.exenia.eu\/es\/wp-json\/wp\/v2\/product_cat?post=27141"},{"taxonomy":"product_tag","embeddable":true,"href":"https:\/\/restyling.exenia.eu\/es\/wp-json\/wp\/v2\/product_tag?post=27141"},{"taxonomy":"categoria-admin-prodotto","embeddable":true,"href":"https:\/\/restyling.exenia.eu\/es\/wp-json\/wp\/v2\/categoria-admin-prodotto?post=27141"}],"curies":[{"name":"wp","href":"https:\/\/api.w.org\/{rel}","templated":true}]}}