{"id":27144,"date":"2023-11-21T09:56:56","date_gmt":"2023-11-21T08:56:56","guid":{"rendered":"https:\/\/www.exenia.eu\/prodotto\/r2-48-2\/"},"modified":"2023-11-21T10:04:22","modified_gmt":"2023-11-21T09:04:22","slug":"r2-48","status":"publish","type":"product","link":"https:\/\/restyling.exenia.eu\/es\/producto\/r2-48\/","title":{"rendered":"R2 48"},"content":{"rendered":"<p>Innovador proyector LED, el dise\u00f1o especial de la c\u00e1mara de ventilaci\u00f3n pasante permite una reducci\u00f3n sustancial del tama\u00f1o y una mejora significativa de las temperaturas de funcionamiento. Disponibles en potencias de 12 W, 18 W y 25 W, con una selecci\u00f3n de CRI 85 &#8211; 3000 K, CRI 95 &#8211; 2700\/3000\/4000 K. El mantenimiento del flujo luminoso est\u00e1 garantizado durante 100.000 horas seg\u00fan la curva L80B10. La elecci\u00f3n de \u00f3pticas ofrece lentes de PMMA para las versiones de 13W y 18W, reflectores de aluminio para la versi\u00f3n de 25W. Las lentes y el reflector permiten haces puntuales, medios y anchos. Grado de protecci\u00f3n IP20. Aislamiento de clase III. Dependiendo de la versi\u00f3n elegida, la luminaria puede funcionar en modo ON\/OFF, DALI\/ PUSH o CASAMBI regulable. Tambi\u00e9n est\u00e1n disponibles como accesorios una rejilla de panal, un difusor arenado y un nuevo accesorio \u00f3ptico de zoom que permite ajustar el haz de luz de 9\u00b0 a 26\u00b0. Posibilidad de \u00f3ptica de ba\u00f1ador de pared asim\u00e9trica. Disponible en dos potencias 13w y 26w, siempre es regulable mediante potenci\u00f3metro en el adaptador o mediante protocolos Dali o Casambi. Para ser instalado a distancias de 120 cm y a la mitad de su altura de la pared, debe asumir una inclinaci\u00f3n de 40\u00b0 sobre la vertical, como se indica en el rotor graduado. Su eficaz e innovadora lente de policarbonato garantiza una homogeneidad del 70%, con rendimientos superiores a 85 Lm\/W y un mantenimiento del rendimiento de m\u00e1s de 100.000 horas seg\u00fan la curva L80B10.<\/p>\n","protected":false},"excerpt":{"rendered":"<p>Innovador proyector LED, el dise\u00f1o especial de la c\u00e1mara de&#8230;<\/p>\n","protected":false},"featured_media":44341,"template":"","meta":{"_acf_changed":false},"product_brand":[],"product_cat":[6616,6621,3048,6626,6631,6636,6646],"product_tag":[8564,8568,8571],"categoria-admin-prodotto":[],"class_list":{"0":"post-27144","1":"product","2":"type-product","3":"status-publish","4":"has-post-thumbnail","6":"product_cat-luminarias-track-48","7":"product_cat-luminarias-track-48-evo","8":"product_cat-r2-luminarias-para-pistas","9":"product_cat-luminarias-track-48-trimless","10":"product_cat-luminarias-track-48-tube","11":"product_cat-luminarias-track-48-twin","12":"product_cat-todas-las-luminarias-para-48","13":"product_tag-615t2-es","14":"product_tag-615t4-es","15":"product_tag-615t5-es","16":"pa_cct-2700k-es","17":"pa_cct-3000k-es","18":"pa_cct-4000k-es","19":"pa_certificazione-conformita-ce-es","20":"pa_classe-f-si-es-2","21":"pa_cri-85-es","22":"pa_cri-95-es","23":"pa_grado-ip-ip20-es","24":"pa_lifetime-l80b10-100-000-ore-es","25":"pa_temperatura-di-esercizio-10-30-es","27":"first","28":"instock","29":"purchasable","30":"product-type-composite"},"composite_virtual":false,"composite_layout":"single","composite_add_to_cart_form_location":"default","composite_editable_in_cart":false,"composite_sold_individually_context":"product","composite_shop_price_calc":"defaults","composite_components":[{"id":"1675264271","title":"Cuerpo de la luminaria","description":"","query_type":"product_ids","query_ids":[21679,24465],"default_option_id":"","thumbnail_id":"","thumbnail_src":"","quantity_min":1,"quantity_max":1,"priced_individually":false,"shipped_individually":false,"optional":true,"discount":"","options_style":"radios","pagination_style":"classic","display_prices":"absolute","show_sorting_options":false,"show_filtering_options":false,"attribute_filter_ids":[],"product_title_visible":false,"product_descr_visible":false,"product_price_visible":false,"product_thumb_visible":false,"subtotal_visible_product":false,"subtotal_visible_cart":false,"subtotal_visible_orders":false},{"id":"1675264272","title":"Potencia","description":"","query_type":"product_ids","query_ids":[22115,22116,22117,22118,22119],"default_option_id":"","thumbnail_id":"","thumbnail_src":"","quantity_min":1,"quantity_max":1,"priced_individually":false,"shipped_individually":false,"optional":true,"discount":"","options_style":"radios","pagination_style":"classic","display_prices":"absolute","show_sorting_options":false,"show_filtering_options":false,"attribute_filter_ids":[],"product_title_visible":false,"product_descr_visible":false,"product_price_visible":false,"product_thumb_visible":false,"subtotal_visible_product":false,"subtotal_visible_cart":false,"subtotal_visible_orders":false},{"id":"1675265243","title":"Controlar","description":"","query_type":"product_ids","query_ids":[21534,53444,21582,21561],"default_option_id":"","thumbnail_id":"","thumbnail_src":"","quantity_min":1,"quantity_max":1,"priced_individually":false,"shipped_individually":false,"optional":true,"discount":"","options_style":"radios","pagination_style":"classic","display_prices":"absolute","show_sorting_options":false,"show_filtering_options":false,"attribute_filter_ids":[],"product_title_visible":false,"product_descr_visible":true,"product_price_visible":false,"product_thumb_visible":false,"subtotal_visible_product":false,"subtotal_visible_cart":false,"subtotal_visible_orders":false},{"id":"1675265244","title":"Acabado del cuerpo","description":"","query_type":"product_ids","query_ids":[22414,22409,22419],"default_option_id":"","thumbnail_id":"","thumbnail_src":"","quantity_min":1,"quantity_max":1,"priced_individually":false,"shipped_individually":false,"optional":true,"discount":"","options_style":"radios","pagination_style":"classic","display_prices":"absolute","show_sorting_options":false,"show_filtering_options":false,"attribute_filter_ids":[],"product_title_visible":false,"product_descr_visible":false,"product_price_visible":false,"product_thumb_visible":false,"subtotal_visible_product":false,"subtotal_visible_cart":false,"subtotal_visible_orders":false},{"id":"1675265245","title":"Acabado del adaptador","description":"","query_type":"product_ids","query_ids":[21793,21794],"default_option_id":"","thumbnail_id":"","thumbnail_src":"","quantity_min":1,"quantity_max":1,"priced_individually":false,"shipped_individually":false,"optional":true,"discount":"","options_style":"radios","pagination_style":"classic","display_prices":"absolute","show_sorting_options":false,"show_filtering_options":false,"attribute_filter_ids":[],"product_title_visible":false,"product_descr_visible":false,"product_price_visible":false,"product_thumb_visible":false,"subtotal_visible_product":false,"subtotal_visible_cart":false,"subtotal_visible_orders":false},{"id":"1675265246","title":"CRI-CCT","description":"","query_type":"product_ids","query_ids":[21743,21721,21722,21723],"default_option_id":"","thumbnail_id":"","thumbnail_src":"","quantity_min":1,"quantity_max":1,"priced_individually":false,"shipped_individually":false,"optional":true,"discount":"","options_style":"radios","pagination_style":"classic","display_prices":"absolute","show_sorting_options":false,"show_filtering_options":false,"attribute_filter_ids":[],"product_title_visible":false,"product_descr_visible":false,"product_price_visible":false,"product_thumb_visible":false,"subtotal_visible_product":false,"subtotal_visible_cart":false,"subtotal_visible_orders":false},{"id":"1675265247","title":"Pedir por separado","description":"","query_type":"product_ids","query_ids":[7636],"default_option_id":7636,"thumbnail_id":"","thumbnail_src":"","quantity_min":1,"quantity_max":1,"priced_individually":false,"shipped_individually":false,"optional":false,"discount":"","options_style":"radios","pagination_style":"classic","display_prices":"absolute","show_sorting_options":false,"show_filtering_options":false,"attribute_filter_ids":[],"product_title_visible":false,"product_descr_visible":false,"product_price_visible":false,"product_thumb_visible":false,"subtotal_visible_product":false,"subtotal_visible_cart":false,"subtotal_visible_orders":false},{"id":"1675265248","title":"Accesorios \u00f3pticos primarios","description":"","query_type":"product_ids","query_ids":[22426,22430,24476],"default_option_id":"","thumbnail_id":"","thumbnail_src":"","quantity_min":1,"quantity_max":1,"priced_individually":false,"shipped_individually":false,"optional":true,"discount":"","options_style":"radios","pagination_style":"classic","display_prices":"absolute","show_sorting_options":false,"show_filtering_options":false,"attribute_filter_ids":[],"product_title_visible":false,"product_descr_visible":false,"product_price_visible":false,"product_thumb_visible":true,"subtotal_visible_product":false,"subtotal_visible_cart":false,"subtotal_visible_orders":false},{"id":"1675265249","title":"\u00d3ptica","description":"","query_type":"product_ids","query_ids":[22438,50472,50477,50482,21906,21929,24472],"default_option_id":"","thumbnail_id":"","thumbnail_src":"","quantity_min":1,"quantity_max":1,"priced_individually":false,"shipped_individually":false,"optional":true,"discount":"","options_style":"radios","pagination_style":"classic","display_prices":"absolute","show_sorting_options":false,"show_filtering_options":false,"attribute_filter_ids":[],"product_title_visible":false,"product_descr_visible":false,"product_price_visible":false,"product_thumb_visible":false,"subtotal_visible_product":false,"subtotal_visible_cart":false,"subtotal_visible_orders":false},{"id":"1675269697","title":"Accesorios \u00f3pticos secundarios","description":"","query_type":"product_ids","query_ids":[38262],"default_option_id":38262,"thumbnail_id":"","thumbnail_src":"","quantity_min":1,"quantity_max":1,"priced_individually":false,"shipped_individually":false,"optional":false,"discount":"","options_style":"radios","pagination_style":"classic","display_prices":"absolute","show_sorting_options":false,"show_filtering_options":false,"attribute_filter_ids":[],"product_title_visible":false,"product_descr_visible":false,"product_price_visible":false,"product_thumb_visible":false,"subtotal_visible_product":false,"subtotal_visible_cart":false,"subtotal_visible_orders":false},{"id":"1675338037","title":"Anillo decorativo","description":"","query_type":"product_ids","query_ids":[57949],"default_option_id":57949,"thumbnail_id":"","thumbnail_src":"","quantity_min":1,"quantity_max":1,"priced_individually":false,"shipped_individually":false,"optional":false,"discount":"","options_style":"radios","pagination_style":"classic","display_prices":"absolute","show_sorting_options":false,"show_filtering_options":false,"attribute_filter_ids":[],"product_title_visible":false,"product_descr_visible":false,"product_price_visible":false,"product_thumb_visible":false,"subtotal_visible_product":false,"subtotal_visible_cart":false,"subtotal_visible_orders":false},{"id":"1721993818","title":"M\u00f3dulo para la gesti\u00f3n PUSH de productos DALI","description":"","query_type":"product_ids","query_ids":[57770],"default_option_id":57770,"thumbnail_id":"","thumbnail_src":"","quantity_min":1,"quantity_max":1,"priced_individually":false,"shipped_individually":false,"optional":false,"discount":"","options_style":"radios","pagination_style":"classic","display_prices":"absolute","show_sorting_options":false,"show_filtering_options":false,"attribute_filter_ids":[],"product_title_visible":false,"product_descr_visible":false,"product_price_visible":false,"product_thumb_visible":false,"subtotal_visible_product":false,"subtotal_visible_cart":false,"subtotal_visible_orders":false}],"composite_scenarios":[{"id":"1675265291","name":"r2","description":"","configuration":[{"component_id":"1675264271","options_modifier":"in","component_options":[21679]}],"actions":[{"action_id":"compat_group","is_active":false},{"action_id":"conditional_components","is_active":false,"hidden_components":[]},{"action_id":"conditional_options","is_active":true,"hidden_options":[{"component_id":"1675264272","component_options":[22118,22119],"options_modifier":"in"}]}],"enabled":true},{"id":"1675265386","name":"r2 ww","description":"","configuration":[{"component_id":"1675264271","options_modifier":"in","component_options":[24465]}],"actions":[{"action_id":"compat_group","is_active":false},{"action_id":"conditional_components","is_active":true,"hidden_components":{"0":"1675265247","1":"1675265248","2":"1675265249","3":"1675269697","5":"1675338037"}},{"action_id":"conditional_options","is_active":true,"hidden_options":[{"component_id":"1675264272","component_options":[22115,22116,22117],"options_modifier":"in"},{"component_id":"1675265243","component_options":[21534],"options_modifier":"in"},{"component_id":"1675338037","component_options":[-1],"options_modifier":"not-in"}]}],"enabled":true},{"id":"1675265591","name":"potenza r2","description":"","configuration":[{"component_id":"1675264272","options_modifier":"in","component_options":[22115,22116,22117]}],"actions":[{"action_id":"compat_group","is_active":false},{"action_id":"conditional_components","is_active":false,"hidden_components":[]},{"action_id":"conditional_options","is_active":true,"hidden_options":[{"component_id":"1675264271","component_options":[24465],"options_modifier":"in"}]}],"enabled":true},{"id":"1675265592","name":"potenza r2 ww","description":"","configuration":[{"component_id":"1675264272","options_modifier":"in","component_options":[22118,22119]}],"actions":[{"action_id":"compat_group","is_active":false},{"action_id":"conditional_components","is_active":true,"hidden_components":{"0":"1675265247","1":"1675265248","2":"1675265249","3":"1675269697","5":"1675338037"}},{"action_id":"conditional_options","is_active":true,"hidden_options":[{"component_id":"1675264271","component_options":[21679],"options_modifier":"in"},{"component_id":"1675265243","component_options":[21534],"options_modifier":"in"}]}],"enabled":true},{"id":"1675338658","name":"12\/18w","description":"","configuration":[{"component_id":"1675264272","options_modifier":"in","component_options":[22115,22116]}],"actions":[{"action_id":"compat_group","is_active":false},{"action_id":"conditional_components","is_active":false,"hidden_components":[]},{"action_id":"conditional_options","is_active":true,"hidden_options":[{"component_id":"1675265248","component_options":[22430],"options_modifier":"in"},{"component_id":"1675265249","component_options":[50482,21906,21929],"options_modifier":"in"}]}],"enabled":true},{"id":"1675338659","name":"25w","description":"","configuration":[{"component_id":"1675264272","options_modifier":"in","component_options":[22117]}],"actions":[{"action_id":"compat_group","is_active":false},{"action_id":"conditional_components","is_active":false,"hidden_components":[]},{"action_id":"conditional_options","is_active":true,"hidden_options":[{"component_id":"1675265248","component_options":[22426],"options_modifier":"in"},{"component_id":"1675265249","component_options":[22438,50472,50477],"options_modifier":"in"}]}],"enabled":true},{"id":"1675266648","name":"controllo r2","description":"","configuration":[{"component_id":"1675265243","options_modifier":"in","component_options":[21534]}],"actions":[{"action_id":"compat_group","is_active":false},{"action_id":"conditional_components","is_active":false,"hidden_components":[]},{"action_id":"conditional_options","is_active":true,"hidden_options":[{"component_id":"1675264271","component_options":[24465],"options_modifier":"in"},{"component_id":"1675264272","component_options":[22118,22119],"options_modifier":"in"}]}],"enabled":true},{"id":"1675269915","name":"ottica pmma","description":"","configuration":[{"component_id":"1675265248","options_modifier":"in","component_options":[22426]}],"actions":[{"action_id":"compat_group","is_active":false},{"action_id":"conditional_components","is_active":false,"hidden_components":[]},{"action_id":"conditional_options","is_active":true,"hidden_options":[{"component_id":"1675264272","component_options":[22117],"options_modifier":"in"},{"component_id":"1675265249","component_options":[50482,21906,21929,24472],"options_modifier":"in"}]}],"enabled":true},{"id":"1675269916","name":"ottica all.","description":"","configuration":[{"component_id":"1675265248","options_modifier":"in","component_options":[22430]}],"actions":[{"action_id":"compat_group","is_active":false},{"action_id":"conditional_components","is_active":false,"hidden_components":[]},{"action_id":"conditional_options","is_active":true,"hidden_options":[{"component_id":"1675264272","component_options":[22115,22116],"options_modifier":"in"},{"component_id":"1675265249","component_options":[22438,50472,50477,24472],"options_modifier":"in"}]}],"enabled":true},{"id":"1675269917","name":"zoom","description":"","configuration":[{"component_id":"1675265248","options_modifier":"in","component_options":[24476]}],"actions":[{"action_id":"compat_group","is_active":false},{"action_id":"conditional_components","is_active":true,"hidden_components":{"0":"1675269697","2":"1675338037"}},{"action_id":"conditional_options","is_active":true,"hidden_options":[{"component_id":"1675265249","component_options":[-1,24472],"options_modifier":"not-in"},{"component_id":"1675338037","component_options":[-1],"options_modifier":"not-in"}]}],"enabled":true},{"id":"1721994161","name":"no modulo push","description":"","configuration":[{"component_id":"1675265243","options_modifier":"in","component_options":[21534,21582,21561]}],"actions":[{"action_id":"compat_group","is_active":false},{"action_id":"conditional_components","is_active":true,"hidden_components":["1721993818"]},{"action_id":"conditional_options","is_active":false,"hidden_options":[]}],"enabled":true}],"bundled_by":[],"bundle_stock_status":"instock","bundle_stock_quantity":null,"bundle_virtual":false,"bundle_layout":"","bundle_add_to_cart_form_location":"","bundle_editable_in_cart":false,"bundle_sold_individually_context":"","bundle_item_grouping":"","bundle_min_size":"","bundle_max_size":"","bundled_items":[],"bundle_sell_ids":[],"acf":[],"yoast_head":"<!-- This site is optimized with the Yoast SEO plugin v27.5 - https:\/\/yoast.com\/product\/yoast-seo-wordpress\/ -->\n<title>R2 48 | Exenia<\/title>\n<meta name=\"robots\" content=\"noindex, follow, max-snippet:-1, max-image-preview:large, max-video-preview:-1\" \/>\n<meta property=\"og:locale\" content=\"es_ES\" \/>\n<meta property=\"og:type\" content=\"article\" \/>\n<meta property=\"og:title\" content=\"R2 48 | Exenia\" \/>\n<meta property=\"og:description\" content=\"Innovador proyector LED, el dise\u00f1o especial de la c\u00e1mara de...\" \/>\n<meta property=\"og:url\" content=\"https:\/\/restyling.exenia.eu\/es\/producto\/r2-48\/\" \/>\n<meta property=\"og:site_name\" content=\"Exenia\" \/>\n<meta property=\"article:publisher\" content=\"https:\/\/www.facebook.com\/exenialighting\" \/>\n<meta property=\"article:modified_time\" content=\"2023-11-21T09:04:22+00:00\" \/>\n<meta property=\"og:image\" content=\"https:\/\/restyling.exenia.eu\/wp-content\/uploads\/2022\/11\/R2-230-prodotto.jpg\" \/>\n\t<meta property=\"og:image:width\" content=\"2000\" \/>\n\t<meta property=\"og:image:height\" content=\"1919\" \/>\n\t<meta property=\"og:image:type\" content=\"image\/jpeg\" \/>\n<!-- \/ Yoast SEO plugin. -->","yoast_head_json":{"title":"R2 48 | Exenia","robots":{"index":"noindex","follow":"follow","max-snippet":"max-snippet:-1","max-image-preview":"max-image-preview:large","max-video-preview":"max-video-preview:-1"},"og_locale":"es_ES","og_type":"article","og_title":"R2 48 | Exenia","og_description":"Innovador proyector LED, el dise\u00f1o especial de la c\u00e1mara de...","og_url":"https:\/\/restyling.exenia.eu\/es\/producto\/r2-48\/","og_site_name":"Exenia","article_publisher":"https:\/\/www.facebook.com\/exenialighting","article_modified_time":"2023-11-21T09:04:22+00:00","og_image":[{"width":2000,"height":1919,"url":"https:\/\/restyling.exenia.eu\/wp-content\/uploads\/2022\/11\/R2-230-prodotto.jpg","type":"image\/jpeg"}],"schema":{"@context":"https:\/\/schema.org","@graph":[{"@type":"WebPage","@id":"https:\/\/restyling.exenia.eu\/es\/producto\/r2-48\/","url":"https:\/\/restyling.exenia.eu\/es\/producto\/r2-48\/","name":"R2 48 | Exenia","isPartOf":{"@id":"https:\/\/restyling.exenia.eu\/#website"},"primaryImageOfPage":{"@id":"https:\/\/restyling.exenia.eu\/es\/producto\/r2-48\/#primaryimage"},"image":{"@id":"https:\/\/restyling.exenia.eu\/es\/producto\/r2-48\/#primaryimage"},"thumbnailUrl":"https:\/\/restyling.exenia.eu\/wp-content\/uploads\/2022\/11\/R2-230-prodotto.jpg","datePublished":"2023-11-21T08:56:56+00:00","dateModified":"2023-11-21T09:04:22+00:00","breadcrumb":{"@id":"https:\/\/restyling.exenia.eu\/es\/producto\/r2-48\/#breadcrumb"},"inLanguage":"es","potentialAction":[{"@type":"ReadAction","target":["https:\/\/restyling.exenia.eu\/es\/producto\/r2-48\/"]}]},{"@type":"ImageObject","inLanguage":"es","@id":"https:\/\/restyling.exenia.eu\/es\/producto\/r2-48\/#primaryimage","url":"https:\/\/restyling.exenia.eu\/wp-content\/uploads\/2022\/11\/R2-230-prodotto.jpg","contentUrl":"https:\/\/restyling.exenia.eu\/wp-content\/uploads\/2022\/11\/R2-230-prodotto.jpg","width":2000,"height":1919},{"@type":"BreadcrumbList","@id":"https:\/\/restyling.exenia.eu\/es\/producto\/r2-48\/#breadcrumb","itemListElement":[{"@type":"ListItem","position":1,"name":"Home","item":"https:\/\/restyling.exenia.eu\/"},{"@type":"ListItem","position":2,"name":"Productos","item":"https:\/\/restyling.exenia.eu\/prodotti\/"},{"@type":"ListItem","position":3,"name":"Indoor","item":"https:\/\/restyling.exenia.eu\/es\/c\/indoor\/"},{"@type":"ListItem","position":4,"name":"Luminarias para Sistemas\/Carriles","item":"https:\/\/restyling.exenia.eu\/es\/c\/indoor\/luminarias-para-sistemas-carriles\/"},{"@type":"ListItem","position":5,"name":"48 V","item":"https:\/\/restyling.exenia.eu\/es\/c\/indoor\/luminarias-para-sistemas-carriles\/48-v-es\/"},{"@type":"ListItem","position":6,"name":"Todas las luminarias para 48","item":"https:\/\/restyling.exenia.eu\/es\/c\/indoor\/luminarias-para-sistemas-carriles\/48-v-es\/todas-las-luminarias-para-48\/"},{"@type":"ListItem","position":7,"name":"R2","item":"https:\/\/restyling.exenia.eu\/es\/c\/indoor\/luminarias-para-sistemas-carriles\/48-v-es\/todas-las-luminarias-para-48\/r2-luminarias-para-pistas\/"},{"@type":"ListItem","position":8,"name":"R2 48"}]},{"@type":"WebSite","@id":"https:\/\/restyling.exenia.eu\/#website","url":"https:\/\/restyling.exenia.eu\/","name":"Exenia","description":"","publisher":{"@id":"https:\/\/restyling.exenia.eu\/#organization"},"potentialAction":[{"@type":"SearchAction","target":{"@type":"EntryPoint","urlTemplate":"https:\/\/restyling.exenia.eu\/?s={search_term_string}"},"query-input":{"@type":"PropertyValueSpecification","valueRequired":true,"valueName":"search_term_string"}}],"inLanguage":"es"},{"@type":"Organization","@id":"https:\/\/restyling.exenia.eu\/#organization","name":"Exenia","url":"https:\/\/restyling.exenia.eu\/","logo":{"@type":"ImageObject","inLanguage":"es","@id":"https:\/\/restyling.exenia.eu\/#\/schema\/logo\/image\/","url":"https:\/\/restyling.exenia.eu\/wp-content\/uploads\/2022\/09\/logo_exenia-e1678467519405.png","contentUrl":"https:\/\/restyling.exenia.eu\/wp-content\/uploads\/2022\/09\/logo_exenia-e1678467519405.png","width":600,"height":194,"caption":"Exenia"},"image":{"@id":"https:\/\/restyling.exenia.eu\/#\/schema\/logo\/image\/"},"sameAs":["https:\/\/www.facebook.com\/exenialighting","https:\/\/x.com\/ExeniaLighting"]}]}},"_links":{"self":[{"href":"https:\/\/restyling.exenia.eu\/es\/wp-json\/wp\/v2\/product\/27144","targetHints":{"allow":["GET"]}}],"collection":[{"href":"https:\/\/restyling.exenia.eu\/es\/wp-json\/wp\/v2\/product"}],"about":[{"href":"https:\/\/restyling.exenia.eu\/es\/wp-json\/wp\/v2\/types\/product"}],"wp:featuredmedia":[{"embeddable":true,"href":"https:\/\/restyling.exenia.eu\/es\/wp-json\/wp\/v2\/media\/44341"}],"wp:attachment":[{"href":"https:\/\/restyling.exenia.eu\/es\/wp-json\/wp\/v2\/media?parent=27144"}],"wp:term":[{"taxonomy":"product_brand","embeddable":true,"href":"https:\/\/restyling.exenia.eu\/es\/wp-json\/wp\/v2\/product_brand?post=27144"},{"taxonomy":"product_cat","embeddable":true,"href":"https:\/\/restyling.exenia.eu\/es\/wp-json\/wp\/v2\/product_cat?post=27144"},{"taxonomy":"product_tag","embeddable":true,"href":"https:\/\/restyling.exenia.eu\/es\/wp-json\/wp\/v2\/product_tag?post=27144"},{"taxonomy":"categoria-admin-prodotto","embeddable":true,"href":"https:\/\/restyling.exenia.eu\/es\/wp-json\/wp\/v2\/categoria-admin-prodotto?post=27144"}],"curies":[{"name":"wp","href":"https:\/\/api.w.org\/{rel}","templated":true}]}}