{"id":27164,"date":"2023-11-21T09:57:06","date_gmt":"2023-11-21T08:57:06","guid":{"rendered":"https:\/\/www.exenia.eu\/prodotto\/space-2\/"},"modified":"2023-11-21T10:04:32","modified_gmt":"2023-11-21T09:04:32","slug":"space","status":"publish","type":"product","link":"https:\/\/restyling.exenia.eu\/es\/producto\/space\/","title":{"rendered":"Space"},"content":{"rendered":"<p>Luminaria de pared con fuente lum\u00ednica LED para emisi\u00f3n directa e indirecta de doble encendido. Cuerpo de aluminio extruido esmaltado en blanco y negro opaco texturizado o en gris cemento. Tambi\u00e9n disponible en versi\u00f3n de emergencia. Fuente de alimentaci\u00f3n integrada 220\/240V &#8211; 50\/60Hz.<\/p>\n","protected":false},"excerpt":{"rendered":"<p>Luminaria de pared con fuente lum\u00ednica LED para emisi\u00f3n directa&#8230;<\/p>\n","protected":false},"featured_media":12563,"template":"","meta":{"_acf_changed":false},"product_brand":[],"product_cat":[2980],"product_tag":[8632,8635,8639],"categoria-admin-prodotto":[],"class_list":{"0":"post-27164","1":"product","2":"type-product","3":"status-publish","4":"has-post-thumbnail","6":"product_cat-space-pared","7":"product_tag-36860-es","8":"product_tag-36861-es","9":"product_tag-36862-es","10":"pa_cct-2700k-es","11":"pa_cct-3000k-es","12":"pa_cct-4000k-es","13":"pa_certificazione-conformita-ce-es","14":"pa_classe-f-si-es-2","15":"pa_cri-85-es","16":"pa_cri-95-es","17":"pa_grado-ip-ip40-es","18":"pa_lifetime-l80b10-100-000-ore-es","19":"pa_temperatura-di-esercizio-10-30-es","21":"first","22":"instock","23":"purchasable","24":"product-type-composite"},"composite_virtual":false,"composite_layout":"single","composite_add_to_cart_form_location":"default","composite_editable_in_cart":false,"composite_sold_individually_context":"product","composite_shop_price_calc":"defaults","composite_components":[{"id":"1670416163","title":"Cuerpo de la luminaria","description":"","query_type":"product_ids","query_ids":[21643],"default_option_id":21643,"thumbnail_id":"","thumbnail_src":"","quantity_min":1,"quantity_max":1,"priced_individually":false,"shipped_individually":false,"optional":false,"discount":"","options_style":"radios","pagination_style":"classic","display_prices":"absolute","show_sorting_options":false,"show_filtering_options":false,"attribute_filter_ids":[],"product_title_visible":false,"product_descr_visible":false,"product_price_visible":false,"product_thumb_visible":false,"subtotal_visible_product":false,"subtotal_visible_cart":false,"subtotal_visible_orders":false},{"id":"1670416164","title":"Talla","description":"","query_type":"product_ids","query_ids":[22186,22193,22200],"default_option_id":"","thumbnail_id":"","thumbnail_src":"","quantity_min":1,"quantity_max":1,"priced_individually":false,"shipped_individually":false,"optional":true,"discount":"","options_style":"radios","pagination_style":"classic","display_prices":"absolute","show_sorting_options":false,"show_filtering_options":false,"attribute_filter_ids":[],"product_title_visible":false,"product_descr_visible":false,"product_price_visible":false,"product_thumb_visible":false,"subtotal_visible_product":false,"subtotal_visible_cart":false,"subtotal_visible_orders":false},{"id":"1670416165","title":"Controlar","description":"","query_type":"product_ids","query_ids":[21537,21541,21542,21543,21544,21546],"default_option_id":"","thumbnail_id":"","thumbnail_src":"","quantity_min":1,"quantity_max":1,"priced_individually":false,"shipped_individually":false,"optional":true,"discount":"","options_style":"radios","pagination_style":"classic","display_prices":"absolute","show_sorting_options":false,"show_filtering_options":false,"attribute_filter_ids":[],"product_title_visible":false,"product_descr_visible":false,"product_price_visible":false,"product_thumb_visible":false,"subtotal_visible_product":false,"subtotal_visible_cart":false,"subtotal_visible_orders":false},{"id":"1670416166","title":"Acabado","description":"","query_type":"product_ids","query_ids":[21836,21837,21817],"default_option_id":"","thumbnail_id":"","thumbnail_src":"","quantity_min":1,"quantity_max":1,"priced_individually":false,"shipped_individually":false,"optional":true,"discount":"","options_style":"radios","pagination_style":"classic","display_prices":"absolute","show_sorting_options":false,"show_filtering_options":false,"attribute_filter_ids":[],"product_title_visible":false,"product_descr_visible":false,"product_price_visible":false,"product_thumb_visible":false,"subtotal_visible_product":false,"subtotal_visible_cart":false,"subtotal_visible_orders":false},{"id":"1670416167","title":"CRI-CCT","description":"","query_type":"product_ids","query_ids":[21745,21739,21740,21741],"default_option_id":"","thumbnail_id":"","thumbnail_src":"","quantity_min":1,"quantity_max":1,"priced_individually":false,"shipped_individually":false,"optional":true,"discount":"","options_style":"radios","pagination_style":"classic","display_prices":"absolute","show_sorting_options":false,"show_filtering_options":false,"attribute_filter_ids":[],"product_title_visible":false,"product_descr_visible":false,"product_price_visible":false,"product_thumb_visible":false,"subtotal_visible_product":false,"subtotal_visible_cart":false,"subtotal_visible_orders":false},{"id":"1681395604","title":"Seleccione esta opci\u00f3n para activar el kit antirreflejos","description":"","query_type":"product_ids","query_ids":[7636],"default_option_id":"","thumbnail_id":"","thumbnail_src":"","quantity_min":1,"quantity_max":1,"priced_individually":false,"shipped_individually":false,"optional":true,"discount":"","options_style":"radios","pagination_style":"classic","display_prices":"absolute","show_sorting_options":false,"show_filtering_options":false,"attribute_filter_ids":[],"product_title_visible":false,"product_descr_visible":false,"product_price_visible":false,"product_thumb_visible":false,"subtotal_visible_product":false,"subtotal_visible_cart":false,"subtotal_visible_orders":false},{"id":"1675443790","title":"Accesorios","description":"","query_type":"product_ids","query_ids":[42195],"default_option_id":42195,"thumbnail_id":"","thumbnail_src":"","quantity_min":1,"quantity_max":1,"priced_individually":false,"shipped_individually":false,"optional":false,"discount":"","options_style":"radios","pagination_style":"classic","display_prices":"absolute","show_sorting_options":false,"show_filtering_options":false,"attribute_filter_ids":[],"product_title_visible":false,"product_descr_visible":true,"product_price_visible":false,"product_thumb_visible":true,"subtotal_visible_product":false,"subtotal_visible_cart":false,"subtotal_visible_orders":false},{"id":"1681395605","title":"Seleccione para activar el difusor","description":"","query_type":"product_ids","query_ids":[7636],"default_option_id":"","thumbnail_id":"","thumbnail_src":"","quantity_min":1,"quantity_max":1,"priced_individually":false,"shipped_individually":false,"optional":true,"discount":"","options_style":"radios","pagination_style":"classic","display_prices":"absolute","show_sorting_options":false,"show_filtering_options":false,"attribute_filter_ids":[],"product_title_visible":false,"product_descr_visible":false,"product_price_visible":false,"product_thumb_visible":false,"subtotal_visible_product":false,"subtotal_visible_cart":false,"subtotal_visible_orders":false},{"id":"1675443792","title":" ","description":"","query_type":"product_ids","query_ids":[41871],"default_option_id":41871,"thumbnail_id":"","thumbnail_src":"","quantity_min":1,"quantity_max":1,"priced_individually":false,"shipped_individually":false,"optional":false,"discount":"","options_style":"radios","pagination_style":"classic","display_prices":"absolute","show_sorting_options":false,"show_filtering_options":false,"attribute_filter_ids":[],"product_title_visible":false,"product_descr_visible":true,"product_price_visible":false,"product_thumb_visible":true,"subtotal_visible_product":false,"subtotal_visible_cart":false,"subtotal_visible_orders":false}],"composite_scenarios":[{"id":"1670856110","name":"310","description":"","configuration":[{"component_id":"1670416164","options_modifier":"in","component_options":[22186]}],"actions":[{"action_id":"compat_group","is_active":false},{"action_id":"conditional_components","is_active":false,"hidden_components":[]},{"action_id":"conditional_options","is_active":true,"hidden_options":[{"component_id":"1675443790","component_options":[-1,42196],"options_modifier":"not-in"},{"component_id":"1675443792","component_options":[-1,41872],"options_modifier":"not-in"}]}],"enabled":true},{"id":"1675443960","name":"610","description":"","configuration":[{"component_id":"1670416164","options_modifier":"in","component_options":[22193]}],"actions":[{"action_id":"compat_group","is_active":false},{"action_id":"conditional_components","is_active":false,"hidden_components":[]},{"action_id":"conditional_options","is_active":true,"hidden_options":[{"component_id":"1675443790","component_options":[-1,42197],"options_modifier":"not-in"},{"component_id":"1675443792","component_options":[-1,41873],"options_modifier":"not-in"}]}],"enabled":true},{"id":"1675443961","name":"910","description":"","configuration":[{"component_id":"1670416164","options_modifier":"in","component_options":[22200]}],"actions":[{"action_id":"compat_group","is_active":false},{"action_id":"conditional_components","is_active":false,"hidden_components":[]},{"action_id":"conditional_options","is_active":true,"hidden_options":[{"component_id":"1670416165","component_options":[21543],"options_modifier":"in"},{"component_id":"1675443790","component_options":[-1,42198],"options_modifier":"not-in"},{"component_id":"1675443792","component_options":[-1,41874],"options_modifier":"not-in"}]}],"enabled":true},{"id":"1675443962","name":"no acc.1","description":"","configuration":[{"component_id":"1681395604","options_modifier":"in","component_options":[-1]}],"actions":[{"action_id":"compat_group","is_active":false},{"action_id":"conditional_components","is_active":true,"hidden_components":["1675443790"]},{"action_id":"conditional_options","is_active":true,"hidden_options":[{"component_id":"1675443790","component_options":[-1],"options_modifier":"not-in"}]}],"enabled":true},{"id":"1675443963","name":"no acc.2","description":"","configuration":[{"component_id":"1681395605","options_modifier":"in","component_options":[-1]}],"actions":[{"action_id":"compat_group","is_active":false},{"action_id":"conditional_components","is_active":true,"hidden_components":["1675443792"]},{"action_id":"conditional_options","is_active":true,"hidden_options":[{"component_id":"1675443792","component_options":[-1],"options_modifier":"not-in"}]}],"enabled":true},{"id":"1699877442","name":"T.FASE 910","description":"","configuration":[{"component_id":"1670416165","options_modifier":"in","component_options":[21543]}],"actions":[{"action_id":"compat_group","is_active":false},{"action_id":"conditional_components","is_active":false,"hidden_components":[]},{"action_id":"conditional_options","is_active":true,"hidden_options":[{"component_id":"1670416164","component_options":[22200],"options_modifier":"in"}]}],"enabled":true}],"bundled_by":[],"bundle_stock_status":"instock","bundle_stock_quantity":null,"bundle_virtual":false,"bundle_layout":"","bundle_add_to_cart_form_location":"","bundle_editable_in_cart":false,"bundle_sold_individually_context":"","bundle_item_grouping":"","bundle_min_size":"","bundle_max_size":"","bundled_items":[],"bundle_sell_ids":[],"acf":[],"yoast_head":"<!-- This site is optimized with the Yoast SEO plugin v27.5 - https:\/\/yoast.com\/product\/yoast-seo-wordpress\/ -->\n<title>Space | Exenia<\/title>\n<meta name=\"robots\" content=\"noindex, follow, max-snippet:-1, max-image-preview:large, max-video-preview:-1\" \/>\n<meta property=\"og:locale\" content=\"es_ES\" \/>\n<meta property=\"og:type\" content=\"article\" \/>\n<meta property=\"og:title\" content=\"Space | Exenia\" \/>\n<meta property=\"og:description\" content=\"Luminaria de pared con fuente lum\u00ednica LED para emisi\u00f3n directa...\" \/>\n<meta property=\"og:url\" content=\"https:\/\/restyling.exenia.eu\/es\/producto\/space\/\" \/>\n<meta property=\"og:site_name\" content=\"Exenia\" \/>\n<meta property=\"article:publisher\" content=\"https:\/\/www.facebook.com\/exenialighting\" \/>\n<meta property=\"article:modified_time\" content=\"2023-11-21T09:04:32+00:00\" \/>\n<meta property=\"og:image\" content=\"https:\/\/restyling.exenia.eu\/wp-content\/uploads\/2023\/01\/Space-prodotto.jpg\" \/>\n\t<meta property=\"og:image:width\" content=\"2000\" \/>\n\t<meta property=\"og:image:height\" content=\"1919\" \/>\n\t<meta property=\"og:image:type\" content=\"image\/jpeg\" \/>\n<!-- \/ Yoast SEO plugin. -->","yoast_head_json":{"title":"Space | Exenia","robots":{"index":"noindex","follow":"follow","max-snippet":"max-snippet:-1","max-image-preview":"max-image-preview:large","max-video-preview":"max-video-preview:-1"},"og_locale":"es_ES","og_type":"article","og_title":"Space | Exenia","og_description":"Luminaria de pared con fuente lum\u00ednica LED para emisi\u00f3n directa...","og_url":"https:\/\/restyling.exenia.eu\/es\/producto\/space\/","og_site_name":"Exenia","article_publisher":"https:\/\/www.facebook.com\/exenialighting","article_modified_time":"2023-11-21T09:04:32+00:00","og_image":[{"width":2000,"height":1919,"url":"https:\/\/restyling.exenia.eu\/wp-content\/uploads\/2023\/01\/Space-prodotto.jpg","type":"image\/jpeg"}],"schema":{"@context":"https:\/\/schema.org","@graph":[{"@type":"WebPage","@id":"https:\/\/restyling.exenia.eu\/es\/producto\/space\/","url":"https:\/\/restyling.exenia.eu\/es\/producto\/space\/","name":"Space | Exenia","isPartOf":{"@id":"https:\/\/restyling.exenia.eu\/#website"},"primaryImageOfPage":{"@id":"https:\/\/restyling.exenia.eu\/es\/producto\/space\/#primaryimage"},"image":{"@id":"https:\/\/restyling.exenia.eu\/es\/producto\/space\/#primaryimage"},"thumbnailUrl":"https:\/\/restyling.exenia.eu\/wp-content\/uploads\/2023\/01\/Space-prodotto.jpg","datePublished":"2023-11-21T08:57:06+00:00","dateModified":"2023-11-21T09:04:32+00:00","breadcrumb":{"@id":"https:\/\/restyling.exenia.eu\/es\/producto\/space\/#breadcrumb"},"inLanguage":"es","potentialAction":[{"@type":"ReadAction","target":["https:\/\/restyling.exenia.eu\/es\/producto\/space\/"]}]},{"@type":"ImageObject","inLanguage":"es","@id":"https:\/\/restyling.exenia.eu\/es\/producto\/space\/#primaryimage","url":"https:\/\/restyling.exenia.eu\/wp-content\/uploads\/2023\/01\/Space-prodotto.jpg","contentUrl":"https:\/\/restyling.exenia.eu\/wp-content\/uploads\/2023\/01\/Space-prodotto.jpg","width":2000,"height":1919},{"@type":"BreadcrumbList","@id":"https:\/\/restyling.exenia.eu\/es\/producto\/space\/#breadcrumb","itemListElement":[{"@type":"ListItem","position":1,"name":"Home","item":"https:\/\/restyling.exenia.eu\/"},{"@type":"ListItem","position":2,"name":"Productos","item":"https:\/\/restyling.exenia.eu\/prodotti\/"},{"@type":"ListItem","position":3,"name":"Indoor","item":"https:\/\/restyling.exenia.eu\/es\/c\/indoor\/"},{"@type":"ListItem","position":4,"name":"Pared","item":"https:\/\/restyling.exenia.eu\/es\/c\/indoor\/pared\/"},{"@type":"ListItem","position":5,"name":"Space","item":"https:\/\/restyling.exenia.eu\/es\/c\/indoor\/pared\/space-pared\/"},{"@type":"ListItem","position":6,"name":"Space"}]},{"@type":"WebSite","@id":"https:\/\/restyling.exenia.eu\/#website","url":"https:\/\/restyling.exenia.eu\/","name":"Exenia","description":"","publisher":{"@id":"https:\/\/restyling.exenia.eu\/#organization"},"potentialAction":[{"@type":"SearchAction","target":{"@type":"EntryPoint","urlTemplate":"https:\/\/restyling.exenia.eu\/?s={search_term_string}"},"query-input":{"@type":"PropertyValueSpecification","valueRequired":true,"valueName":"search_term_string"}}],"inLanguage":"es"},{"@type":"Organization","@id":"https:\/\/restyling.exenia.eu\/#organization","name":"Exenia","url":"https:\/\/restyling.exenia.eu\/","logo":{"@type":"ImageObject","inLanguage":"es","@id":"https:\/\/restyling.exenia.eu\/#\/schema\/logo\/image\/","url":"https:\/\/restyling.exenia.eu\/wp-content\/uploads\/2022\/09\/logo_exenia-e1678467519405.png","contentUrl":"https:\/\/restyling.exenia.eu\/wp-content\/uploads\/2022\/09\/logo_exenia-e1678467519405.png","width":600,"height":194,"caption":"Exenia"},"image":{"@id":"https:\/\/restyling.exenia.eu\/#\/schema\/logo\/image\/"},"sameAs":["https:\/\/www.facebook.com\/exenialighting","https:\/\/x.com\/ExeniaLighting"]}]}},"_links":{"self":[{"href":"https:\/\/restyling.exenia.eu\/es\/wp-json\/wp\/v2\/product\/27164","targetHints":{"allow":["GET"]}}],"collection":[{"href":"https:\/\/restyling.exenia.eu\/es\/wp-json\/wp\/v2\/product"}],"about":[{"href":"https:\/\/restyling.exenia.eu\/es\/wp-json\/wp\/v2\/types\/product"}],"wp:featuredmedia":[{"embeddable":true,"href":"https:\/\/restyling.exenia.eu\/es\/wp-json\/wp\/v2\/media\/12563"}],"wp:attachment":[{"href":"https:\/\/restyling.exenia.eu\/es\/wp-json\/wp\/v2\/media?parent=27164"}],"wp:term":[{"taxonomy":"product_brand","embeddable":true,"href":"https:\/\/restyling.exenia.eu\/es\/wp-json\/wp\/v2\/product_brand?post=27164"},{"taxonomy":"product_cat","embeddable":true,"href":"https:\/\/restyling.exenia.eu\/es\/wp-json\/wp\/v2\/product_cat?post=27164"},{"taxonomy":"product_tag","embeddable":true,"href":"https:\/\/restyling.exenia.eu\/es\/wp-json\/wp\/v2\/product_tag?post=27164"},{"taxonomy":"categoria-admin-prodotto","embeddable":true,"href":"https:\/\/restyling.exenia.eu\/es\/wp-json\/wp\/v2\/categoria-admin-prodotto?post=27164"}],"curies":[{"name":"wp","href":"https:\/\/api.w.org\/{rel}","templated":true}]}}