{"id":27181,"date":"2023-11-21T09:56:53","date_gmt":"2023-11-21T08:56:53","guid":{"rendered":"https:\/\/www.exenia.eu\/prodotto\/spot-230-revo-medium-2\/"},"modified":"2024-07-26T11:27:25","modified_gmt":"2024-07-26T09:27:25","slug":"spot-230-revo-medium","status":"publish","type":"product","link":"https:\/\/restyling.exenia.eu\/es\/producto\/spot-230-revo-medium\/","title":{"rendered":"Spot 230 Revo Medium"},"content":{"rendered":"<p>Los focos Revo 230V est\u00e1n disponibles en cuatro tama\u00f1os, 8 variantes \u00f3pticas rotosim\u00e9tricas por modelo, 3 variantes asim\u00e9tricas adicionales para los modelos Medium, Compact, Max, adem\u00e1s de un moldeador en Medium.<br \/>\nDedicados al dise\u00f1o avanzado de la iluminaci\u00f3n, los nuevos sistemas \u00f3pticos Revo-Dark est\u00e1n especialmente indicados para entornos con un elevado confort visual. Equipadas con \u00f3pticas rotosim\u00e9tricas y asim\u00e9tricas de alta eficacia, son especialmente adecuadas para su uso en museos y proyectos con requisitos de iluminaci\u00f3n complejos.<br \/>\nLa serie Spot Revo presenta una marcada relaci\u00f3n rendimiento\/tama\u00f1o, una amplia gama de accesorios y una gran variedad de acabados, pero sobre todo destaca por su precisi\u00f3n, limpieza y uniformidad de proyecci\u00f3n.<\/p>\n<p>La versi\u00f3n Medium ofrece 6 aperturas sim\u00e9tricas de 8\u00b0 a 50\u00b0, tres ba\u00f1adores de pared asim\u00e9tricos: Grazing, Area, Deep, dos versiones el\u00edpticas y un moldeador.<br \/>\nLos numerosos accesorios est\u00e1n dise\u00f1ados con un sistema de fijaci\u00f3n superpuesto, que permite una configuraci\u00f3n \u00f3ptica diferenciada y espec\u00edfica. El alto rendimiento crom\u00e1tico, el UGR&lt;10 y el cumplimiento de los par\u00e1metros de iluminaci\u00f3n DARK se complementan con la calidad de los 2 SDCM de la fuente y la particular limpieza de la proyecci\u00f3n del haz.<br \/>\nLa total compatibilidad con los sistemas de control m\u00e1s comunes hace de Spot Revo Medium la herramienta perfecta en contextos en los que el valor de la fuente viene determinado por un rendimiento de muy alta calidad y una m\u00ednima intrusi\u00f3n f\u00edsica y visual.<\/p>\n","protected":false},"excerpt":{"rendered":"<p>Los focos Revo 230V est\u00e1n disponibles en cuatro tama\u00f1os, 8&#8230;<\/p>\n","protected":false},"featured_media":23789,"template":"","meta":{"_acf_changed":false},"product_brand":[],"product_cat":[3052],"product_tag":[7474],"categoria-admin-prodotto":[],"class_list":{"0":"post-27181","1":"product","2":"type-product","3":"status-publish","4":"has-post-thumbnail","6":"product_cat-spot-revo-luminarias-para-pistas","7":"product_tag-386e0-es","8":"pa_cct-2700k-es","9":"pa_cct-3000k-es","10":"pa_cct-3500k-es","11":"pa_cct-4000k-es","12":"pa_certificazione-conformita-ce-es","13":"pa_classe-f-si-es-2","14":"pa_cri-92-es","15":"pa_cri-98-es","16":"pa_grado-ip-ip40-es","17":"pa_temperatura-di-esercizio-10-35-es","19":"first","20":"instock","21":"purchasable","22":"product-type-composite"},"composite_virtual":false,"composite_layout":"single","composite_add_to_cart_form_location":"default","composite_editable_in_cart":false,"composite_sold_individually_context":"product","composite_shop_price_calc":"defaults","composite_components":[{"id":"1674739980","title":"Cuerpo de la luminaria","description":"","query_type":"product_ids","query_ids":[21664],"default_option_id":21664,"thumbnail_id":"","thumbnail_src":"","quantity_min":1,"quantity_max":1,"priced_individually":false,"shipped_individually":false,"optional":false,"discount":"","options_style":"radios","pagination_style":"classic","display_prices":"absolute","show_sorting_options":false,"show_filtering_options":false,"attribute_filter_ids":[],"product_title_visible":false,"product_descr_visible":false,"product_price_visible":false,"product_thumb_visible":false,"subtotal_visible_product":false,"subtotal_visible_cart":false,"subtotal_visible_orders":false},{"id":"1674739981","title":"Versi\u00f3n","description":"","query_type":"product_ids","query_ids":[22275],"default_option_id":22275,"thumbnail_id":"","thumbnail_src":"","quantity_min":1,"quantity_max":1,"priced_individually":false,"shipped_individually":false,"optional":false,"discount":"","options_style":"radios","pagination_style":"classic","display_prices":"absolute","show_sorting_options":false,"show_filtering_options":false,"attribute_filter_ids":[],"product_title_visible":false,"product_descr_visible":false,"product_price_visible":false,"product_thumb_visible":false,"subtotal_visible_product":false,"subtotal_visible_cart":false,"subtotal_visible_orders":false},{"id":"1674739982","title":"Controlar","description":"","query_type":"product_ids","query_ids":[21534,21563,21578,75393,21561],"default_option_id":"","thumbnail_id":"","thumbnail_src":"","quantity_min":1,"quantity_max":1,"priced_individually":false,"shipped_individually":false,"optional":true,"discount":"","options_style":"radios","pagination_style":"classic","display_prices":"absolute","show_sorting_options":false,"show_filtering_options":false,"attribute_filter_ids":[],"product_title_visible":false,"product_descr_visible":true,"product_price_visible":false,"product_thumb_visible":false,"subtotal_visible_product":false,"subtotal_visible_cart":false,"subtotal_visible_orders":false},{"id":"1674740360","title":"Acabado del cuerpo","description":"","query_type":"product_ids","query_ids":[21864,21839,21797,21843,21852,21849],"default_option_id":"","thumbnail_id":"","thumbnail_src":"","quantity_min":1,"quantity_max":1,"priced_individually":false,"shipped_individually":false,"optional":true,"discount":"","options_style":"radios","pagination_style":"classic","display_prices":"absolute","show_sorting_options":false,"show_filtering_options":false,"attribute_filter_ids":[],"product_title_visible":false,"product_descr_visible":false,"product_price_visible":false,"product_thumb_visible":false,"subtotal_visible_product":false,"subtotal_visible_cart":false,"subtotal_visible_orders":false},{"id":"1674740361","title":"Acabado del adaptador","description":"","query_type":"product_ids","query_ids":[21793,21794],"default_option_id":"","thumbnail_id":"","thumbnail_src":"","quantity_min":1,"quantity_max":1,"priced_individually":false,"shipped_individually":false,"optional":true,"discount":"","options_style":"radios","pagination_style":"classic","display_prices":"absolute","show_sorting_options":false,"show_filtering_options":false,"attribute_filter_ids":[],"product_title_visible":false,"product_descr_visible":false,"product_price_visible":false,"product_thumb_visible":false,"subtotal_visible_product":false,"subtotal_visible_cart":false,"subtotal_visible_orders":false},{"id":"1674740362","title":"CRI-CCT","description":"","query_type":"product_ids","query_ids":[21717,21718,21720,21719,21727,21728,21730,21729],"default_option_id":"","thumbnail_id":"","thumbnail_src":"","quantity_min":1,"quantity_max":1,"priced_individually":false,"shipped_individually":false,"optional":true,"discount":"","options_style":"radios","pagination_style":"classic","display_prices":"absolute","show_sorting_options":false,"show_filtering_options":false,"attribute_filter_ids":[],"product_title_visible":false,"product_descr_visible":false,"product_price_visible":false,"product_thumb_visible":false,"subtotal_visible_product":false,"subtotal_visible_cart":false,"subtotal_visible_orders":false},{"id":"1674740363","title":"\u00d3ptica","description":"","query_type":"product_ids","query_ids":[22016,21989,21881,22008,21978,21953,22024,21887,21959,21937,21942,22032],"default_option_id":"","thumbnail_id":"","thumbnail_src":"","quantity_min":1,"quantity_max":1,"priced_individually":false,"shipped_individually":false,"optional":true,"discount":"","options_style":"radios","pagination_style":"classic","display_prices":"absolute","show_sorting_options":false,"show_filtering_options":false,"attribute_filter_ids":[],"product_title_visible":false,"product_descr_visible":false,"product_price_visible":false,"product_thumb_visible":false,"subtotal_visible_product":false,"subtotal_visible_cart":false,"subtotal_visible_orders":false},{"id":"1674740364","title":"Accesorios","description":"","query_type":"product_ids","query_ids":[13474],"default_option_id":13474,"thumbnail_id":"","thumbnail_src":"","quantity_min":1,"quantity_max":1,"priced_individually":false,"shipped_individually":false,"optional":false,"discount":"","options_style":"radios","pagination_style":"classic","display_prices":"absolute","show_sorting_options":false,"show_filtering_options":false,"attribute_filter_ids":[],"product_title_visible":false,"product_descr_visible":true,"product_price_visible":false,"product_thumb_visible":true,"subtotal_visible_product":false,"subtotal_visible_cart":false,"subtotal_visible_orders":false},{"id":"1676653776","title":"Accesorios independientes","description":"","query_type":"product_ids","query_ids":[40659],"default_option_id":40659,"thumbnail_id":"","thumbnail_src":"","quantity_min":1,"quantity_max":1,"priced_individually":false,"shipped_individually":false,"optional":false,"discount":"","options_style":"radios","pagination_style":"classic","display_prices":"absolute","show_sorting_options":false,"show_filtering_options":false,"attribute_filter_ids":[],"product_title_visible":false,"product_descr_visible":true,"product_price_visible":false,"product_thumb_visible":false,"subtotal_visible_product":false,"subtotal_visible_cart":false,"subtotal_visible_orders":false},{"id":"1689330540","title":"Vida Util","description":"","query_type":"product_ids","query_ids":[50126,50131],"default_option_id":"","thumbnail_id":"","thumbnail_src":"","quantity_min":1,"quantity_max":1,"priced_individually":false,"shipped_individually":false,"optional":true,"discount":"","options_style":"radios","pagination_style":"classic","display_prices":"absolute","show_sorting_options":false,"show_filtering_options":false,"attribute_filter_ids":[],"product_title_visible":false,"product_descr_visible":false,"product_price_visible":false,"product_thumb_visible":false,"subtotal_visible_product":false,"subtotal_visible_cart":false,"subtotal_visible_orders":false}],"composite_scenarios":[{"id":"1674740822","name":"cri98","description":"","configuration":[{"component_id":"1674740362","options_modifier":"in","component_options":[21727,21728,21730,21729]}],"actions":[{"action_id":"compat_group","is_active":false},{"action_id":"conditional_components","is_active":false,"hidden_components":[]},{"action_id":"conditional_options","is_active":true,"hidden_options":[{"component_id":"1674740363","component_options":[22016],"options_modifier":"in"}]}],"enabled":true},{"id":"1674740823","name":"very narrow","description":"","configuration":[{"component_id":"1674740363","options_modifier":"in","component_options":[22016]}],"actions":[{"action_id":"compat_group","is_active":false},{"action_id":"conditional_components","is_active":false,"hidden_components":[]},{"action_id":"conditional_options","is_active":true,"hidden_options":[{"component_id":"1674740362","component_options":[21727,21728,21730,21729],"options_modifier":"in"}]}],"enabled":true},{"id":"1674740824","name":"narrow spot \/ wide flood","description":"","configuration":[{"component_id":"1674740363","options_modifier":"in","component_options":[21989,22024]}],"actions":[{"action_id":"compat_group","is_active":false},{"action_id":"conditional_components","is_active":false,"hidden_components":[]},{"action_id":"conditional_options","is_active":true,"hidden_options":[{"component_id":"1674740364","component_options":[13479,13484,13491,13492,13495,13496],"options_modifier":"in"}]}],"enabled":true},{"id":"1674740825","name":"ellittiche","description":"","configuration":[{"component_id":"1674740363","options_modifier":"in","component_options":[21881,21887]}],"actions":[{"action_id":"compat_group","is_active":false},{"action_id":"conditional_components","is_active":false,"hidden_components":[]},{"action_id":"conditional_options","is_active":true,"hidden_options":[{"component_id":"1674740364","component_options":[-1,13475],"options_modifier":"not-in"}]}],"enabled":true},{"id":"1674740826","name":"ww e sag.","description":"","configuration":[{"component_id":"1674740363","options_modifier":"in","component_options":[21959,21937,21942,22032]}],"actions":[{"action_id":"compat_group","is_active":false},{"action_id":"conditional_components","is_active":true,"hidden_components":["1676653776"]},{"action_id":"conditional_options","is_active":true,"hidden_options":[{"component_id":"1674740364","component_options":[-1,13475],"options_modifier":"not-in"}]}],"enabled":true},{"id":"1674740827","name":"honeycomb \/ diffondente \/ snoot","description":"","configuration":[{"component_id":"1674740364","options_modifier":"in","component_options":[13476,13478,13480,13482,13483,13484,13485,13486,13487,13489,13490,13491,13493,13494,13495,13496,13497,13498]}],"actions":[{"action_id":"compat_group","is_active":false},{"action_id":"conditional_components","is_active":false,"hidden_components":[]},{"action_id":"conditional_options","is_active":true,"hidden_options":[{"component_id":"1674740363","component_options":[21881,21887,21959,21937,21942,22032],"options_modifier":"in"}]}],"enabled":true},{"id":"1674740828","name":"vetro protezione \/ visor","description":"","configuration":[{"component_id":"1674740364","options_modifier":"in","component_options":[13477,13481,13482,13486,13487,13488,13490,13492,13494,13496,13497,13498]}],"actions":[{"action_id":"compat_group","is_active":false},{"action_id":"conditional_components","is_active":false,"hidden_components":[]},{"action_id":"conditional_options","is_active":true,"hidden_options":[{"component_id":"1674740363","component_options":[21959,21937,21942,22032],"options_modifier":"in"}]}],"enabled":true},{"id":"1674740829","name":"lente ellittica","description":"","configuration":[{"component_id":"1674740364","options_modifier":"in","component_options":[13479,13484,13491,13492,13495,13496]}],"actions":[{"action_id":"compat_group","is_active":false},{"action_id":"conditional_components","is_active":false,"hidden_components":[]},{"action_id":"conditional_options","is_active":true,"hidden_options":[{"component_id":"1674740363","component_options":[21989,21881,22024,21887,21959,21937,21942,22032],"options_modifier":"in"}]}],"enabled":true},{"id":"1689330590","name":"LT 80","description":"(N-2)","configuration":[{"component_id":"1674740363","options_modifier":"in","component_options":[21989,21881]}],"actions":[{"action_id":"compat_group","is_active":false},{"action_id":"conditional_components","is_active":false,"hidden_components":[]},{"action_id":"conditional_options","is_active":true,"hidden_options":[{"component_id":"1689330540","component_options":[50126],"options_modifier":"not-in"}]}],"enabled":true},{"id":"1697821055","name":"LT 100","description":"","configuration":[{"component_id":"1674740363","options_modifier":"in","component_options":[22016,22008,21978,21953,22024,21887,21959,21937,21942,22032]}],"actions":[{"action_id":"compat_group","is_active":false},{"action_id":"conditional_components","is_active":false,"hidden_components":[]},{"action_id":"conditional_options","is_active":true,"hidden_options":[{"component_id":"1689330540","component_options":[-1,50131],"options_modifier":"not-in"}]}],"enabled":true},{"id":"1699885861","name":"V-N-2-Z NO T.FASE","description":"","configuration":[{"component_id":"1674740363","options_modifier":"in","component_options":[22016,21989,21881,22032]}],"actions":[{"action_id":"compat_group","is_active":false},{"action_id":"conditional_components","is_active":false,"hidden_components":[]},{"action_id":"conditional_options","is_active":true,"hidden_options":[{"component_id":"1674739982","component_options":[21578],"options_modifier":"in"}]}],"enabled":true},{"id":"1699885862","name":"T.FASE NO V-N-2-Z","description":"","configuration":[{"component_id":"1674739982","options_modifier":"in","component_options":[21578]}],"actions":[{"action_id":"compat_group","is_active":false},{"action_id":"conditional_components","is_active":false,"hidden_components":[]},{"action_id":"conditional_options","is_active":true,"hidden_options":[{"component_id":"1674740363","component_options":[22016,21989,21881,22032],"options_modifier":"in"}]}],"enabled":true}],"bundled_by":[],"bundle_stock_status":"instock","bundle_stock_quantity":null,"bundle_virtual":false,"bundle_layout":"","bundle_add_to_cart_form_location":"","bundle_editable_in_cart":false,"bundle_sold_individually_context":"","bundle_item_grouping":"","bundle_min_size":"","bundle_max_size":"","bundled_items":[],"bundle_sell_ids":[],"acf":[],"yoast_head":"<!-- This site is optimized with the Yoast SEO plugin v27.5 - https:\/\/yoast.com\/product\/yoast-seo-wordpress\/ -->\n<title>Spot 230 Revo Medium | Exenia<\/title>\n<meta name=\"robots\" content=\"noindex, follow, max-snippet:-1, max-image-preview:large, max-video-preview:-1\" \/>\n<meta property=\"og:locale\" content=\"es_ES\" \/>\n<meta property=\"og:type\" content=\"article\" \/>\n<meta property=\"og:title\" content=\"Spot 230 Revo Medium | Exenia\" \/>\n<meta property=\"og:description\" content=\"Los focos Revo 230V est\u00e1n disponibles en cuatro tama\u00f1os, 8...\" \/>\n<meta property=\"og:url\" content=\"https:\/\/restyling.exenia.eu\/es\/producto\/spot-230-revo-medium\/\" \/>\n<meta property=\"og:site_name\" content=\"Exenia\" \/>\n<meta property=\"article:publisher\" content=\"https:\/\/www.facebook.com\/exenialighting\" \/>\n<meta property=\"article:modified_time\" content=\"2024-07-26T09:27:25+00:00\" \/>\n<meta property=\"og:image\" content=\"https:\/\/restyling.exenia.eu\/wp-content\/uploads\/2023\/01\/Spot-230-revo-medium-prodotto.jpg\" \/>\n\t<meta property=\"og:image:width\" content=\"2000\" \/>\n\t<meta property=\"og:image:height\" content=\"1919\" \/>\n\t<meta property=\"og:image:type\" content=\"image\/jpeg\" \/>\n<!-- \/ Yoast SEO plugin. -->","yoast_head_json":{"title":"Spot 230 Revo Medium | Exenia","robots":{"index":"noindex","follow":"follow","max-snippet":"max-snippet:-1","max-image-preview":"max-image-preview:large","max-video-preview":"max-video-preview:-1"},"og_locale":"es_ES","og_type":"article","og_title":"Spot 230 Revo Medium | Exenia","og_description":"Los focos Revo 230V est\u00e1n disponibles en cuatro tama\u00f1os, 8...","og_url":"https:\/\/restyling.exenia.eu\/es\/producto\/spot-230-revo-medium\/","og_site_name":"Exenia","article_publisher":"https:\/\/www.facebook.com\/exenialighting","article_modified_time":"2024-07-26T09:27:25+00:00","og_image":[{"width":2000,"height":1919,"url":"https:\/\/restyling.exenia.eu\/wp-content\/uploads\/2023\/01\/Spot-230-revo-medium-prodotto.jpg","type":"image\/jpeg"}],"schema":{"@context":"https:\/\/schema.org","@graph":[{"@type":"WebPage","@id":"https:\/\/restyling.exenia.eu\/es\/producto\/spot-230-revo-medium\/","url":"https:\/\/restyling.exenia.eu\/es\/producto\/spot-230-revo-medium\/","name":"Spot 230 Revo Medium | Exenia","isPartOf":{"@id":"https:\/\/restyling.exenia.eu\/#website"},"primaryImageOfPage":{"@id":"https:\/\/restyling.exenia.eu\/es\/producto\/spot-230-revo-medium\/#primaryimage"},"image":{"@id":"https:\/\/restyling.exenia.eu\/es\/producto\/spot-230-revo-medium\/#primaryimage"},"thumbnailUrl":"https:\/\/restyling.exenia.eu\/wp-content\/uploads\/2023\/01\/Spot-230-revo-medium-prodotto.jpg","datePublished":"2023-11-21T08:56:53+00:00","dateModified":"2024-07-26T09:27:25+00:00","breadcrumb":{"@id":"https:\/\/restyling.exenia.eu\/es\/producto\/spot-230-revo-medium\/#breadcrumb"},"inLanguage":"es","potentialAction":[{"@type":"ReadAction","target":["https:\/\/restyling.exenia.eu\/es\/producto\/spot-230-revo-medium\/"]}]},{"@type":"ImageObject","inLanguage":"es","@id":"https:\/\/restyling.exenia.eu\/es\/producto\/spot-230-revo-medium\/#primaryimage","url":"https:\/\/restyling.exenia.eu\/wp-content\/uploads\/2023\/01\/Spot-230-revo-medium-prodotto.jpg","contentUrl":"https:\/\/restyling.exenia.eu\/wp-content\/uploads\/2023\/01\/Spot-230-revo-medium-prodotto.jpg","width":2000,"height":1919},{"@type":"BreadcrumbList","@id":"https:\/\/restyling.exenia.eu\/es\/producto\/spot-230-revo-medium\/#breadcrumb","itemListElement":[{"@type":"ListItem","position":1,"name":"Home","item":"https:\/\/restyling.exenia.eu\/"},{"@type":"ListItem","position":2,"name":"Productos","item":"https:\/\/restyling.exenia.eu\/prodotti\/"},{"@type":"ListItem","position":3,"name":"Indoor","item":"https:\/\/restyling.exenia.eu\/es\/c\/indoor\/"},{"@type":"ListItem","position":4,"name":"Luminarias para Sistemas\/Carriles","item":"https:\/\/restyling.exenia.eu\/es\/c\/indoor\/luminarias-para-sistemas-carriles\/"},{"@type":"ListItem","position":5,"name":"230 V","item":"https:\/\/restyling.exenia.eu\/es\/c\/indoor\/luminarias-para-sistemas-carriles\/230-v-es\/"},{"@type":"ListItem","position":6,"name":"Spot Revo","item":"https:\/\/restyling.exenia.eu\/es\/c\/indoor\/luminarias-para-sistemas-carriles\/230-v-es\/spot-revo-luminarias-para-pistas\/"},{"@type":"ListItem","position":7,"name":"Spot 230 Revo Medium"}]},{"@type":"WebSite","@id":"https:\/\/restyling.exenia.eu\/#website","url":"https:\/\/restyling.exenia.eu\/","name":"Exenia","description":"","publisher":{"@id":"https:\/\/restyling.exenia.eu\/#organization"},"potentialAction":[{"@type":"SearchAction","target":{"@type":"EntryPoint","urlTemplate":"https:\/\/restyling.exenia.eu\/?s={search_term_string}"},"query-input":{"@type":"PropertyValueSpecification","valueRequired":true,"valueName":"search_term_string"}}],"inLanguage":"es"},{"@type":"Organization","@id":"https:\/\/restyling.exenia.eu\/#organization","name":"Exenia","url":"https:\/\/restyling.exenia.eu\/","logo":{"@type":"ImageObject","inLanguage":"es","@id":"https:\/\/restyling.exenia.eu\/#\/schema\/logo\/image\/","url":"https:\/\/restyling.exenia.eu\/wp-content\/uploads\/2022\/09\/logo_exenia-e1678467519405.png","contentUrl":"https:\/\/restyling.exenia.eu\/wp-content\/uploads\/2022\/09\/logo_exenia-e1678467519405.png","width":600,"height":194,"caption":"Exenia"},"image":{"@id":"https:\/\/restyling.exenia.eu\/#\/schema\/logo\/image\/"},"sameAs":["https:\/\/www.facebook.com\/exenialighting","https:\/\/x.com\/ExeniaLighting"]}]}},"_links":{"self":[{"href":"https:\/\/restyling.exenia.eu\/es\/wp-json\/wp\/v2\/product\/27181","targetHints":{"allow":["GET"]}}],"collection":[{"href":"https:\/\/restyling.exenia.eu\/es\/wp-json\/wp\/v2\/product"}],"about":[{"href":"https:\/\/restyling.exenia.eu\/es\/wp-json\/wp\/v2\/types\/product"}],"wp:featuredmedia":[{"embeddable":true,"href":"https:\/\/restyling.exenia.eu\/es\/wp-json\/wp\/v2\/media\/23789"}],"wp:attachment":[{"href":"https:\/\/restyling.exenia.eu\/es\/wp-json\/wp\/v2\/media?parent=27181"}],"wp:term":[{"taxonomy":"product_brand","embeddable":true,"href":"https:\/\/restyling.exenia.eu\/es\/wp-json\/wp\/v2\/product_brand?post=27181"},{"taxonomy":"product_cat","embeddable":true,"href":"https:\/\/restyling.exenia.eu\/es\/wp-json\/wp\/v2\/product_cat?post=27181"},{"taxonomy":"product_tag","embeddable":true,"href":"https:\/\/restyling.exenia.eu\/es\/wp-json\/wp\/v2\/product_tag?post=27181"},{"taxonomy":"categoria-admin-prodotto","embeddable":true,"href":"https:\/\/restyling.exenia.eu\/es\/wp-json\/wp\/v2\/categoria-admin-prodotto?post=27181"}],"curies":[{"name":"wp","href":"https:\/\/api.w.org\/{rel}","templated":true}]}}