{"id":27204,"date":"2022-11-24T09:51:15","date_gmt":"2022-11-24T08:51:15","guid":{"rendered":"https:\/\/www.exenia.eu\/prodotto\/spot-revo-compact-semi-incasso\/"},"modified":"2023-07-14T09:51:24","modified_gmt":"2023-07-14T07:51:24","slug":"spot-revo-compact-semi-empotrado","status":"publish","type":"product","link":"https:\/\/restyling.exenia.eu\/es\/producto\/spot-revo-compact-semi-empotrado\/","title":{"rendered":"Spot Revo Compact Semi-empotrado"},"content":{"rendered":"<p>La serie Spot Revo presenta una marcada relaci\u00f3n rendimiento-tama\u00f1o, una rica posibilidad de integraci\u00f3n de accesorios y una amplia gama de acabados, pero sobre todo destaca por su precisi\u00f3n, limpieza y uniformidad de proyecci\u00f3n.<br \/>\nLa estructura de aluminio con recubrimiento de polvo ofrece diferentes acabados y 5 tama\u00f1os diferentes. Construida y producida \u00edntegramente en Italia.<\/p>\n<p>La versi\u00f3n Compact ofrece 6 opciones de haz de luz de 6\u00b0 a 50\u00b0, tres ba\u00f1adores de pared asim\u00e9tricos: Grazing, Area, Deep, dos versiones el\u00edpticas .<br \/>\nLos numerosos accesorios de la gama est\u00e1n dise\u00f1ados con un sistema de fijaci\u00f3n con elementos superpuestos que permiten una configuraci\u00f3n \u00f3ptica diferenciada y espec\u00edfica. La alta reproducci\u00f3n crom\u00e1tica, el coeficiente UGR &lt;10 y el cumplimiento de los par\u00e1metros de iluminaci\u00f3n DARK, se completan con la calidad de los 2 SDCM de la fuente luminosa y con la particular limpieza de la proyecci\u00f3n del haz.<br \/>\nLa plena compatibilidad con los sistemas de control m\u00e1s comunes hacen de Spot Revo Compact la herramienta perfecta en contextos en los que el valor de la fuente est\u00e1 determinado por una calidad de rendimiento muy alta y por la m\u00ednima intrusi\u00f3n f\u00edsica y visual.<\/p>\n","protected":false},"excerpt":{"rendered":"<p>La serie Spot Revo presenta una marcada relaci\u00f3n rendimiento-tama\u00f1o, una&#8230;<\/p>\n","protected":false},"featured_media":23749,"template":"","meta":{"_acf_changed":false},"product_brand":[],"product_cat":[3036],"product_tag":[7456],"categoria-admin-prodotto":[],"class_list":{"0":"post-27204","1":"product","2":"type-product","3":"status-publish","4":"has-post-thumbnail","6":"product_cat-spot-revo-emportables","7":"product_tag-38780-es","8":"pa_cct-2700k-es","9":"pa_cct-3000k-es","10":"pa_cct-3500k-es","11":"pa_cct-4000k-es","12":"pa_certificazione-conformita-ce-es","13":"pa_classe-f-si-es-2","14":"pa_cri-92-es","15":"pa_cri-98-es","16":"pa_grado-ip-compartimento-interno-ip20","17":"pa_grado-ip-compartimento-optico-ip40","18":"pa_temperatura-di-esercizio-10-35-es","20":"first","21":"instock","22":"purchasable","23":"product-type-composite"},"composite_virtual":false,"composite_layout":"single","composite_add_to_cart_form_location":"default","composite_editable_in_cart":false,"composite_sold_individually_context":"product","composite_shop_price_calc":"defaults","composite_components":[{"id":"1674815920","title":"Cuerpo de la luminaria","description":"","query_type":"product_ids","query_ids":[21668],"default_option_id":21668,"thumbnail_id":"","thumbnail_src":"","quantity_min":1,"quantity_max":1,"priced_individually":false,"shipped_individually":false,"optional":false,"discount":"","options_style":"radios","pagination_style":"classic","display_prices":"absolute","show_sorting_options":false,"show_filtering_options":false,"attribute_filter_ids":[],"product_title_visible":false,"product_descr_visible":false,"product_price_visible":false,"product_thumb_visible":false,"subtotal_visible_product":false,"subtotal_visible_cart":false,"subtotal_visible_orders":false},{"id":"1674815921","title":"Versi\u00f3n","description":"","query_type":"product_ids","query_ids":[22225],"default_option_id":22225,"thumbnail_id":"","thumbnail_src":"","quantity_min":1,"quantity_max":1,"priced_individually":false,"shipped_individually":false,"optional":false,"discount":"","options_style":"radios","pagination_style":"classic","display_prices":"absolute","show_sorting_options":false,"show_filtering_options":false,"attribute_filter_ids":[],"product_title_visible":false,"product_descr_visible":false,"product_price_visible":false,"product_thumb_visible":false,"subtotal_visible_product":false,"subtotal_visible_cart":false,"subtotal_visible_orders":false},{"id":"1674815922","title":"Controlar","description":"","query_type":"product_ids","query_ids":[21583],"default_option_id":21583,"thumbnail_id":"","thumbnail_src":"","quantity_min":1,"quantity_max":1,"priced_individually":false,"shipped_individually":false,"optional":false,"discount":"","options_style":"radios","pagination_style":"classic","display_prices":"absolute","show_sorting_options":false,"show_filtering_options":false,"attribute_filter_ids":[],"product_title_visible":false,"product_descr_visible":false,"product_price_visible":false,"product_thumb_visible":false,"subtotal_visible_product":false,"subtotal_visible_cart":false,"subtotal_visible_orders":false},{"id":"1674815923","title":"Acabado","description":"","query_type":"product_ids","query_ids":[21864,21839,21797,21843,21852,21849],"default_option_id":"","thumbnail_id":"","thumbnail_src":"","quantity_min":1,"quantity_max":1,"priced_individually":false,"shipped_individually":false,"optional":true,"discount":"","options_style":"radios","pagination_style":"classic","display_prices":"absolute","show_sorting_options":false,"show_filtering_options":false,"attribute_filter_ids":[],"product_title_visible":false,"product_descr_visible":false,"product_price_visible":false,"product_thumb_visible":false,"subtotal_visible_product":false,"subtotal_visible_cart":false,"subtotal_visible_orders":false},{"id":"1674815924","title":"CRI-CCT","description":"","query_type":"product_ids","query_ids":[21717,21718,21720,21719,21727,21728,21730,21729],"default_option_id":"","thumbnail_id":"","thumbnail_src":"","quantity_min":1,"quantity_max":1,"priced_individually":false,"shipped_individually":false,"optional":true,"discount":"","options_style":"radios","pagination_style":"classic","display_prices":"absolute","show_sorting_options":false,"show_filtering_options":false,"attribute_filter_ids":[],"product_title_visible":false,"product_descr_visible":false,"product_price_visible":false,"product_thumb_visible":false,"subtotal_visible_product":false,"subtotal_visible_cart":false,"subtotal_visible_orders":false},{"id":"1674816185","title":"\u00d3ptica","description":"","query_type":"product_ids","query_ids":[22012,21991,21881,21999,21979,21948,22025,21888,21961,21939,21943],"default_option_id":"","thumbnail_id":"","thumbnail_src":"","quantity_min":1,"quantity_max":1,"priced_individually":false,"shipped_individually":false,"optional":true,"discount":"","options_style":"radios","pagination_style":"classic","display_prices":"absolute","show_sorting_options":false,"show_filtering_options":false,"attribute_filter_ids":[],"product_title_visible":false,"product_descr_visible":false,"product_price_visible":false,"product_thumb_visible":false,"subtotal_visible_product":false,"subtotal_visible_cart":false,"subtotal_visible_orders":false},{"id":"1674816186","title":"Accesorios instalados de f\u00e1brica","description":"","query_type":"product_ids","query_ids":[29246],"default_option_id":29246,"thumbnail_id":"","thumbnail_src":"","quantity_min":1,"quantity_max":1,"priced_individually":false,"shipped_individually":false,"optional":false,"discount":"","options_style":"radios","pagination_style":"classic","display_prices":"absolute","show_sorting_options":false,"show_filtering_options":false,"attribute_filter_ids":[],"product_title_visible":false,"product_descr_visible":true,"product_price_visible":false,"product_thumb_visible":true,"subtotal_visible_product":false,"subtotal_visible_cart":false,"subtotal_visible_orders":false},{"id":"1675950293","title":" ","description":"","query_type":"product_ids","query_ids":[7636],"default_option_id":7636,"thumbnail_id":"","thumbnail_src":"","quantity_min":1,"quantity_max":1,"priced_individually":false,"shipped_individually":false,"optional":false,"discount":"","options_style":"radios","pagination_style":"classic","display_prices":"absolute","show_sorting_options":false,"show_filtering_options":false,"attribute_filter_ids":[],"product_title_visible":false,"product_descr_visible":false,"product_price_visible":false,"product_thumb_visible":false,"subtotal_visible_product":false,"subtotal_visible_cart":false,"subtotal_visible_orders":false},{"id":"1675950294","title":"Fuente de alimentaci\u00f3n (Para la opci\u00f3n de emergencia, p\u00f3ngase en contacto con la empresa)","description":"","query_type":"product_ids","query_ids":[40447,40424,40414],"default_option_id":"","thumbnail_id":"","thumbnail_src":"","quantity_min":1,"quantity_max":1,"priced_individually":false,"shipped_individually":false,"optional":true,"discount":"","options_style":"radios","pagination_style":"classic","display_prices":"absolute","show_sorting_options":false,"show_filtering_options":false,"attribute_filter_ids":[],"product_title_visible":false,"product_descr_visible":false,"product_price_visible":false,"product_thumb_visible":true,"subtotal_visible_product":false,"subtotal_visible_cart":false,"subtotal_visible_orders":false},{"id":"1676654614","title":"Accesorios independientes","description":"","query_type":"product_ids","query_ids":[40654],"default_option_id":40654,"thumbnail_id":"","thumbnail_src":"","quantity_min":1,"quantity_max":1,"priced_individually":false,"shipped_individually":false,"optional":false,"discount":"","options_style":"radios","pagination_style":"classic","display_prices":"absolute","show_sorting_options":false,"show_filtering_options":false,"attribute_filter_ids":[],"product_title_visible":false,"product_descr_visible":true,"product_price_visible":false,"product_thumb_visible":false,"subtotal_visible_product":false,"subtotal_visible_cart":false,"subtotal_visible_orders":false},{"id":"1689328125","title":"Vida Util","description":"","query_type":"product_ids","query_ids":[50126,50131],"default_option_id":"","thumbnail_id":"","thumbnail_src":"","quantity_min":1,"quantity_max":1,"priced_individually":false,"shipped_individually":false,"optional":true,"discount":"","options_style":"radios","pagination_style":"classic","display_prices":"absolute","show_sorting_options":false,"show_filtering_options":false,"attribute_filter_ids":[],"product_title_visible":false,"product_descr_visible":false,"product_price_visible":false,"product_thumb_visible":false,"subtotal_visible_product":false,"subtotal_visible_cart":false,"subtotal_visible_orders":false}],"composite_scenarios":[{"id":"1674816567","name":"cri98","description":"","configuration":[{"component_id":"1674815924","options_modifier":"in","component_options":[21727,21728,21730,21729]}],"actions":[{"action_id":"compat_group","is_active":false},{"action_id":"conditional_components","is_active":false,"hidden_components":[]},{"action_id":"conditional_options","is_active":true,"hidden_options":[{"component_id":"1674816185","component_options":[22012],"options_modifier":"in"}]}],"enabled":true},{"id":"1674816568","name":"very narrow","description":"","configuration":[{"component_id":"1674816185","options_modifier":"in","component_options":[22012]}],"actions":[{"action_id":"compat_group","is_active":false},{"action_id":"conditional_components","is_active":false,"hidden_components":[]},{"action_id":"conditional_options","is_active":true,"hidden_options":[{"component_id":"1674815924","component_options":[21727,21728,21730,21729],"options_modifier":"in"}]}],"enabled":true},{"id":"1674816569","name":"narrow spot \/ wide flood","description":"","configuration":[{"component_id":"1674816185","options_modifier":"in","component_options":[21991,22025]}],"actions":[{"action_id":"compat_group","is_active":false},{"action_id":"conditional_components","is_active":false,"hidden_components":[]},{"action_id":"conditional_options","is_active":true,"hidden_options":[{"component_id":"1674816186","component_options":[29468,29473,29480,29481,29484,29485],"options_modifier":"in"}]}],"enabled":true},{"id":"1674816570","name":"ellittiche","description":"","configuration":[{"component_id":"1674816185","options_modifier":"in","component_options":[21881,21888]}],"actions":[{"action_id":"compat_group","is_active":false},{"action_id":"conditional_components","is_active":false,"hidden_components":[]},{"action_id":"conditional_options","is_active":true,"hidden_options":[{"component_id":"1674816186","component_options":[-1,29464],"options_modifier":"not-in"}]}],"enabled":true},{"id":"1674816571","name":"ww","description":"","configuration":[{"component_id":"1674816185","options_modifier":"in","component_options":[21961,21939,21943]}],"actions":[{"action_id":"compat_group","is_active":false},{"action_id":"conditional_components","is_active":true,"hidden_components":["1676654614"]},{"action_id":"conditional_options","is_active":true,"hidden_options":[{"component_id":"1674816186","component_options":[-1,29464],"options_modifier":"not-in"}]}],"enabled":true},{"id":"1674816572","name":"honeycomb\/diffondente\/snoot","description":"","configuration":[{"component_id":"1674816186","options_modifier":"in","component_options":[29465,29467,29469,29471,29472,29473,29474,29475,29476,29478,29479,29480,29482,29483,29484,29485,29486,29487]}],"actions":[{"action_id":"compat_group","is_active":false},{"action_id":"conditional_components","is_active":false,"hidden_components":[]},{"action_id":"conditional_options","is_active":true,"hidden_options":[{"component_id":"1674816185","component_options":[21881,21888,21961,21939,21943],"options_modifier":"in"}]}],"enabled":true},{"id":"1674816573","name":"protezione\/visor","description":"","configuration":[{"component_id":"1674816186","options_modifier":"in","component_options":[29466,29470,29471,29475,29476,29477,29479,29481,29483,29485,29486,29487]}],"actions":[{"action_id":"compat_group","is_active":false},{"action_id":"conditional_components","is_active":false,"hidden_components":[]},{"action_id":"conditional_options","is_active":true,"hidden_options":[{"component_id":"1674816185","component_options":[21961,21939,21943],"options_modifier":"in"}]}],"enabled":true},{"id":"1674816574","name":"lente ellittica","description":"","configuration":[{"component_id":"1674816186","options_modifier":"in","component_options":[29468,29473,29480,29481,29484,29485]}],"actions":[{"action_id":"compat_group","is_active":false},{"action_id":"conditional_components","is_active":false,"hidden_components":[]},{"action_id":"conditional_options","is_active":true,"hidden_options":[{"component_id":"1674816185","component_options":[21991,21881,22025,21888,21961,21939,21943],"options_modifier":"in"}]}],"enabled":true},{"id":"1675950479","name":"NO DRIVER NO SELECTION ","description":"","configuration":[{"component_id":"1674816185","options_modifier":"in","component_options":[-1]}],"actions":[{"action_id":"compat_group","is_active":false},{"action_id":"conditional_components","is_active":false,"hidden_components":[]},{"action_id":"conditional_options","is_active":true,"hidden_options":[{"component_id":"1675950294","component_options":[-1],"options_modifier":"not-in"}]}],"enabled":true},{"id":"1675950480","name":"V","description":"","configuration":[{"component_id":"1674816185","options_modifier":"in","component_options":[22012]}],"actions":[{"action_id":"compat_group","is_active":false},{"action_id":"conditional_components","is_active":false,"hidden_components":[]},{"action_id":"conditional_options","is_active":true,"hidden_options":[{"component_id":"1675950294","component_options":[-1,75346,75347,51326,40437,40444],"options_modifier":"not-in"}]}],"enabled":true},{"id":"1675950481","name":"N-2","description":"","configuration":[{"component_id":"1674816185","options_modifier":"in","component_options":[21991,21881]}],"actions":[{"action_id":"compat_group","is_active":false},{"action_id":"conditional_components","is_active":false,"hidden_components":[]},{"action_id":"conditional_options","is_active":true,"hidden_options":[{"component_id":"1675950294","component_options":[-1,75367,75360,51340,40418,40421],"options_modifier":"not-in"}]}],"enabled":true},{"id":"1675950482","name":"S-M-F-W-6","description":"","configuration":[{"component_id":"1674816185","options_modifier":"in","component_options":[21999,21979,21948,22025,21888]}],"actions":[{"action_id":"compat_group","is_active":false},{"action_id":"conditional_components","is_active":false,"hidden_components":[]},{"action_id":"conditional_options","is_active":true,"hidden_options":[{"component_id":"1675950294","component_options":[-1,75348,75349,51325,40432,40435],"options_modifier":"not-in"}]}],"enabled":true},{"id":"1675950483","name":"A-D-G","description":"","configuration":[{"component_id":"1674816185","options_modifier":"in","component_options":[21961,21939,21943]}],"actions":[{"action_id":"compat_group","is_active":false},{"action_id":"conditional_components","is_active":false,"hidden_components":[]},{"action_id":"conditional_options","is_active":true,"hidden_options":[{"component_id":"1675950294","component_options":[-1,75326,75327,51296,40453,40459],"options_modifier":"not-in"}]}],"enabled":true},{"id":"1689328200","name":"LT 80","description":"","configuration":[{"component_id":"1674816185","options_modifier":"in","component_options":[21991,21881]}],"actions":[{"action_id":"compat_group","is_active":false},{"action_id":"conditional_components","is_active":false,"hidden_components":[]},{"action_id":"conditional_options","is_active":true,"hidden_options":[{"component_id":"1689328125","component_options":[-1,50126],"options_modifier":"not-in"}]}],"enabled":true},{"id":"1689328201","name":"LT 100","description":"","configuration":[{"component_id":"1674816185","options_modifier":"in","component_options":[22012,21999,21979,21948,22025,21888,21961,21939,21943]}],"actions":[{"action_id":"compat_group","is_active":false},{"action_id":"conditional_components","is_active":false,"hidden_components":[]},{"action_id":"conditional_options","is_active":true,"hidden_options":[{"component_id":"1689328125","component_options":[-1,50131],"options_modifier":"not-in"}]}],"enabled":true}],"bundled_by":[],"bundle_stock_status":"instock","bundle_stock_quantity":null,"bundle_virtual":false,"bundle_layout":"","bundle_add_to_cart_form_location":"","bundle_editable_in_cart":false,"bundle_sold_individually_context":"","bundle_item_grouping":"","bundle_min_size":"","bundle_max_size":"","bundled_items":[],"bundle_sell_ids":[],"acf":[],"yoast_head":"<!-- This site is optimized with the Yoast SEO plugin v27.5 - https:\/\/yoast.com\/product\/yoast-seo-wordpress\/ -->\n<title>Spot Revo Compact Semi-empotrado | Exenia<\/title>\n<meta name=\"robots\" content=\"noindex, follow, max-snippet:-1, max-image-preview:large, max-video-preview:-1\" \/>\n<meta property=\"og:locale\" content=\"es_ES\" \/>\n<meta property=\"og:type\" content=\"article\" \/>\n<meta property=\"og:title\" content=\"Spot Revo Compact Semi-empotrado | Exenia\" \/>\n<meta property=\"og:description\" content=\"La serie Spot Revo presenta una marcada relaci\u00f3n rendimiento-tama\u00f1o, una...\" \/>\n<meta property=\"og:url\" content=\"https:\/\/restyling.exenia.eu\/prodotto\/spot-revo-compact-semi-incasso\/\" \/>\n<meta property=\"og:site_name\" content=\"Exenia\" \/>\n<meta property=\"article:publisher\" content=\"https:\/\/www.facebook.com\/exenialighting\" \/>\n<meta property=\"article:modified_time\" content=\"2023-07-14T07:51:24+00:00\" \/>\n<meta property=\"og:image\" content=\"https:\/\/restyling.exenia.eu\/wp-content\/uploads\/2023\/01\/Spot-revo-semi-compact-prodotto.jpg\" \/>\n\t<meta property=\"og:image:width\" content=\"2000\" \/>\n\t<meta property=\"og:image:height\" content=\"1919\" \/>\n\t<meta property=\"og:image:type\" content=\"image\/jpeg\" \/>\n<!-- \/ Yoast SEO plugin. -->","yoast_head_json":{"title":"Spot Revo Compact Semi-empotrado | Exenia","robots":{"index":"noindex","follow":"follow","max-snippet":"max-snippet:-1","max-image-preview":"max-image-preview:large","max-video-preview":"max-video-preview:-1"},"og_locale":"es_ES","og_type":"article","og_title":"Spot Revo Compact Semi-empotrado | Exenia","og_description":"La serie Spot Revo presenta una marcada relaci\u00f3n rendimiento-tama\u00f1o, una...","og_url":"https:\/\/restyling.exenia.eu\/prodotto\/spot-revo-compact-semi-incasso\/","og_site_name":"Exenia","article_publisher":"https:\/\/www.facebook.com\/exenialighting","article_modified_time":"2023-07-14T07:51:24+00:00","og_image":[{"width":2000,"height":1919,"url":"https:\/\/restyling.exenia.eu\/wp-content\/uploads\/2023\/01\/Spot-revo-semi-compact-prodotto.jpg","type":"image\/jpeg"}],"schema":{"@context":"https:\/\/schema.org","@graph":[{"@type":"WebPage","@id":"https:\/\/restyling.exenia.eu\/prodotto\/spot-revo-compact-semi-incasso\/","url":"https:\/\/restyling.exenia.eu\/prodotto\/spot-revo-compact-semi-incasso\/","name":"Spot Revo Compact Semi-empotrado | Exenia","isPartOf":{"@id":"https:\/\/restyling.exenia.eu\/#website"},"primaryImageOfPage":{"@id":"https:\/\/restyling.exenia.eu\/prodotto\/spot-revo-compact-semi-incasso\/#primaryimage"},"image":{"@id":"https:\/\/restyling.exenia.eu\/prodotto\/spot-revo-compact-semi-incasso\/#primaryimage"},"thumbnailUrl":"https:\/\/restyling.exenia.eu\/wp-content\/uploads\/2023\/01\/Spot-revo-semi-compact-prodotto.jpg","datePublished":"2022-11-24T08:51:15+00:00","dateModified":"2023-07-14T07:51:24+00:00","breadcrumb":{"@id":"https:\/\/restyling.exenia.eu\/prodotto\/spot-revo-compact-semi-incasso\/#breadcrumb"},"inLanguage":"es","potentialAction":[{"@type":"ReadAction","target":["https:\/\/restyling.exenia.eu\/prodotto\/spot-revo-compact-semi-incasso\/"]}]},{"@type":"ImageObject","inLanguage":"es","@id":"https:\/\/restyling.exenia.eu\/prodotto\/spot-revo-compact-semi-incasso\/#primaryimage","url":"https:\/\/restyling.exenia.eu\/wp-content\/uploads\/2023\/01\/Spot-revo-semi-compact-prodotto.jpg","contentUrl":"https:\/\/restyling.exenia.eu\/wp-content\/uploads\/2023\/01\/Spot-revo-semi-compact-prodotto.jpg","width":2000,"height":1919},{"@type":"BreadcrumbList","@id":"https:\/\/restyling.exenia.eu\/prodotto\/spot-revo-compact-semi-incasso\/#breadcrumb","itemListElement":[{"@type":"ListItem","position":1,"name":"Home","item":"https:\/\/restyling.exenia.eu\/"},{"@type":"ListItem","position":2,"name":"Productos","item":"https:\/\/restyling.exenia.eu\/prodotti\/"},{"@type":"ListItem","position":3,"name":"Indoor","item":"https:\/\/restyling.exenia.eu\/c\/indoor\/"},{"@type":"ListItem","position":4,"name":"Apparecchi ad incasso","item":"https:\/\/restyling.exenia.eu\/c\/indoor\/apparecchi-ad-incasso\/"},{"@type":"ListItem","position":5,"name":"Spot Revo","item":"https:\/\/restyling.exenia.eu\/c\/indoor\/apparecchi-ad-incasso\/spot-revo\/"},{"@type":"ListItem","position":6,"name":"Spot Revo Compact Semi-empotrado"}]},{"@type":"WebSite","@id":"https:\/\/restyling.exenia.eu\/#website","url":"https:\/\/restyling.exenia.eu\/","name":"Exenia","description":"","publisher":{"@id":"https:\/\/restyling.exenia.eu\/#organization"},"potentialAction":[{"@type":"SearchAction","target":{"@type":"EntryPoint","urlTemplate":"https:\/\/restyling.exenia.eu\/?s={search_term_string}"},"query-input":{"@type":"PropertyValueSpecification","valueRequired":true,"valueName":"search_term_string"}}],"inLanguage":"es"},{"@type":"Organization","@id":"https:\/\/restyling.exenia.eu\/#organization","name":"Exenia","url":"https:\/\/restyling.exenia.eu\/","logo":{"@type":"ImageObject","inLanguage":"es","@id":"https:\/\/restyling.exenia.eu\/#\/schema\/logo\/image\/","url":"https:\/\/restyling.exenia.eu\/wp-content\/uploads\/2022\/09\/logo_exenia-e1678467519405.png","contentUrl":"https:\/\/restyling.exenia.eu\/wp-content\/uploads\/2022\/09\/logo_exenia-e1678467519405.png","width":600,"height":194,"caption":"Exenia"},"image":{"@id":"https:\/\/restyling.exenia.eu\/#\/schema\/logo\/image\/"},"sameAs":["https:\/\/www.facebook.com\/exenialighting","https:\/\/x.com\/ExeniaLighting"]}]}},"_links":{"self":[{"href":"https:\/\/restyling.exenia.eu\/es\/wp-json\/wp\/v2\/product\/27204","targetHints":{"allow":["GET"]}}],"collection":[{"href":"https:\/\/restyling.exenia.eu\/es\/wp-json\/wp\/v2\/product"}],"about":[{"href":"https:\/\/restyling.exenia.eu\/es\/wp-json\/wp\/v2\/types\/product"}],"wp:featuredmedia":[{"embeddable":true,"href":"https:\/\/restyling.exenia.eu\/es\/wp-json\/wp\/v2\/media\/23749"}],"wp:attachment":[{"href":"https:\/\/restyling.exenia.eu\/es\/wp-json\/wp\/v2\/media?parent=27204"}],"wp:term":[{"taxonomy":"product_brand","embeddable":true,"href":"https:\/\/restyling.exenia.eu\/es\/wp-json\/wp\/v2\/product_brand?post=27204"},{"taxonomy":"product_cat","embeddable":true,"href":"https:\/\/restyling.exenia.eu\/es\/wp-json\/wp\/v2\/product_cat?post=27204"},{"taxonomy":"product_tag","embeddable":true,"href":"https:\/\/restyling.exenia.eu\/es\/wp-json\/wp\/v2\/product_tag?post=27204"},{"taxonomy":"categoria-admin-prodotto","embeddable":true,"href":"https:\/\/restyling.exenia.eu\/es\/wp-json\/wp\/v2\/categoria-admin-prodotto?post=27204"}],"curies":[{"name":"wp","href":"https:\/\/api.w.org\/{rel}","templated":true}]}}