{"id":27207,"date":"2022-11-24T09:51:15","date_gmt":"2022-11-24T08:51:15","guid":{"rendered":"https:\/\/www.exenia.eu\/prodotto\/spot-revo-medium-semi-incasso\/"},"modified":"2023-07-14T09:46:22","modified_gmt":"2023-07-14T07:46:22","slug":"spot-revo-medium-semi-empotrado","status":"publish","type":"product","link":"https:\/\/restyling.exenia.eu\/es\/producto\/spot-revo-medium-semi-empotrado\/","title":{"rendered":"Spot Revo Medium Semi-empotrado"},"content":{"rendered":"<p>La serie Spot Revo presenta una marcada relaci\u00f3n rendimiento-tama\u00f1o, una rica posibilidad de integraci\u00f3n de accesorios y una amplia gama de acabados, pero sobre todo destaca por su precisi\u00f3n, limpieza y uniformidad de proyecci\u00f3n.<br \/>\nLa estructura de aluminio con recubrimiento de polvo ofrece diferentes acabados y 5 tama\u00f1os diferentes. Construida y producida \u00edntegramente en Italia.<\/p>\n<p>La versi\u00f3n Medium ofrece 6 opciones de haz sim\u00e9trico de 8\u00b0 a 50\u00b0, tres ba\u00f1adores de pared asim\u00e9tricos: Grazing, Area, Deep, dos versiones el\u00edpticas y una formadora.<br \/>\nLos numerosos accesorios de la gama est\u00e1n dise\u00f1ados con un sistema de fijaci\u00f3n con elementos superpuestos que permiten una configuraci\u00f3n \u00f3ptica diferenciada y espec\u00edfica. La alta reproducci\u00f3n crom\u00e1tica, el coeficiente UGR &lt;10 y el cumplimiento de los par\u00e1metros de iluminaci\u00f3n DARK, se completan con la calidad de los 2 SDCM de la fuente luminosa y con la particular limpieza de la proyecci\u00f3n del haz.<br \/>\nLa plena compatibilidad con los sistemas de control m\u00e1s comunes hacen de Spot Revo Medium la herramienta perfecta en contextos en los que el valor de la fuente est\u00e1 determinado por una calidad de rendimiento muy alta y por la m\u00ednima intrusi\u00f3n f\u00edsica y visual.<\/p>\n","protected":false},"excerpt":{"rendered":"<p>La serie Spot Revo presenta una marcada relaci\u00f3n rendimiento-tama\u00f1o, una&#8230;<\/p>\n","protected":false},"featured_media":23819,"template":"","meta":{"_acf_changed":false},"product_brand":[],"product_cat":[3036],"product_tag":[7453],"categoria-admin-prodotto":[],"class_list":{"0":"post-27207","1":"product","2":"type-product","3":"status-publish","4":"has-post-thumbnail","6":"product_cat-spot-revo-emportables","7":"product_tag-38680-es","8":"pa_cct-2700k-es","9":"pa_cct-3000k-es","10":"pa_cct-3500k-es","11":"pa_cct-4000k-es","12":"pa_certificazione-conformita-ce-es","13":"pa_classe-f-si-es-2","14":"pa_cri-92-es","15":"pa_cri-98-es","16":"pa_grado-ip-compartimento-interno-ip20","17":"pa_grado-ip-compartimento-optico-ip40","18":"pa_temperatura-di-esercizio-10-35-es","20":"first","21":"instock","22":"purchasable","23":"product-type-composite"},"composite_virtual":false,"composite_layout":"single","composite_add_to_cart_form_location":"default","composite_editable_in_cart":false,"composite_sold_individually_context":"product","composite_shop_price_calc":"defaults","composite_components":[{"id":"1674815187","title":"Cuerpo de la luminaria","description":"","query_type":"product_ids","query_ids":[21665],"default_option_id":21665,"thumbnail_id":"","thumbnail_src":"","quantity_min":1,"quantity_max":1,"priced_individually":false,"shipped_individually":false,"optional":false,"discount":"","options_style":"radios","pagination_style":"classic","display_prices":"absolute","show_sorting_options":false,"show_filtering_options":false,"attribute_filter_ids":[],"product_title_visible":false,"product_descr_visible":false,"product_price_visible":false,"product_thumb_visible":false,"subtotal_visible_product":false,"subtotal_visible_cart":false,"subtotal_visible_orders":false},{"id":"1674815188","title":"Versi\u00f3n","description":"","query_type":"product_ids","query_ids":[22225],"default_option_id":22225,"thumbnail_id":"","thumbnail_src":"","quantity_min":1,"quantity_max":1,"priced_individually":false,"shipped_individually":false,"optional":false,"discount":"","options_style":"radios","pagination_style":"classic","display_prices":"absolute","show_sorting_options":false,"show_filtering_options":false,"attribute_filter_ids":[],"product_title_visible":false,"product_descr_visible":false,"product_price_visible":false,"product_thumb_visible":false,"subtotal_visible_product":false,"subtotal_visible_cart":false,"subtotal_visible_orders":false},{"id":"1674815189","title":"Controlar","description":"","query_type":"product_ids","query_ids":[21583],"default_option_id":21583,"thumbnail_id":"","thumbnail_src":"","quantity_min":1,"quantity_max":1,"priced_individually":false,"shipped_individually":false,"optional":false,"discount":"","options_style":"radios","pagination_style":"classic","display_prices":"absolute","show_sorting_options":false,"show_filtering_options":false,"attribute_filter_ids":[],"product_title_visible":false,"product_descr_visible":false,"product_price_visible":false,"product_thumb_visible":false,"subtotal_visible_product":false,"subtotal_visible_cart":false,"subtotal_visible_orders":false},{"id":"1674815190","title":"Acabado","description":"","query_type":"product_ids","query_ids":[21864,21839,21797,21843,21852,21849],"default_option_id":"","thumbnail_id":"","thumbnail_src":"","quantity_min":1,"quantity_max":1,"priced_individually":false,"shipped_individually":false,"optional":true,"discount":"","options_style":"radios","pagination_style":"classic","display_prices":"absolute","show_sorting_options":false,"show_filtering_options":false,"attribute_filter_ids":[],"product_title_visible":false,"product_descr_visible":false,"product_price_visible":false,"product_thumb_visible":false,"subtotal_visible_product":false,"subtotal_visible_cart":false,"subtotal_visible_orders":false},{"id":"1674815191","title":"CRI-CCT","description":"","query_type":"product_ids","query_ids":[21717,21718,21720,21719,21727,21728,21730,21729],"default_option_id":"","thumbnail_id":"","thumbnail_src":"","quantity_min":1,"quantity_max":1,"priced_individually":false,"shipped_individually":false,"optional":true,"discount":"","options_style":"radios","pagination_style":"classic","display_prices":"absolute","show_sorting_options":false,"show_filtering_options":false,"attribute_filter_ids":[],"product_title_visible":false,"product_descr_visible":false,"product_price_visible":false,"product_thumb_visible":false,"subtotal_visible_product":false,"subtotal_visible_cart":false,"subtotal_visible_orders":false},{"id":"1674815192","title":"\u00d3ptica","description":"","query_type":"product_ids","query_ids":[22016,21989,21881,22005,21978,21953,22024,21887,21959,21937,21942,22032],"default_option_id":"","thumbnail_id":"","thumbnail_src":"","quantity_min":1,"quantity_max":1,"priced_individually":false,"shipped_individually":false,"optional":true,"discount":"","options_style":"radios","pagination_style":"classic","display_prices":"absolute","show_sorting_options":false,"show_filtering_options":false,"attribute_filter_ids":[],"product_title_visible":false,"product_descr_visible":false,"product_price_visible":false,"product_thumb_visible":false,"subtotal_visible_product":false,"subtotal_visible_cart":false,"subtotal_visible_orders":false},{"id":"1674815193","title":"Accesorios instalados de f\u00e1brica","description":"","query_type":"product_ids","query_ids":[13474],"default_option_id":13474,"thumbnail_id":"","thumbnail_src":"","quantity_min":1,"quantity_max":1,"priced_individually":false,"shipped_individually":false,"optional":false,"discount":"","options_style":"radios","pagination_style":"classic","display_prices":"absolute","show_sorting_options":false,"show_filtering_options":false,"attribute_filter_ids":[],"product_title_visible":false,"product_descr_visible":false,"product_price_visible":false,"product_thumb_visible":true,"subtotal_visible_product":false,"subtotal_visible_cart":false,"subtotal_visible_orders":false},{"id":"1675945591","title":" ","description":"","query_type":"product_ids","query_ids":[7636],"default_option_id":7636,"thumbnail_id":"","thumbnail_src":"","quantity_min":1,"quantity_max":1,"priced_individually":false,"shipped_individually":false,"optional":false,"discount":"","options_style":"radios","pagination_style":"classic","display_prices":"absolute","show_sorting_options":false,"show_filtering_options":false,"attribute_filter_ids":[],"product_title_visible":false,"product_descr_visible":false,"product_price_visible":false,"product_thumb_visible":false,"subtotal_visible_product":false,"subtotal_visible_cart":false,"subtotal_visible_orders":false},{"id":"1675945592","title":"Fuente de alimentaci\u00f3n (Para la opci\u00f3n de emergencia, p\u00f3ngase en contacto con la empresa)","description":"","query_type":"product_ids","query_ids":[40471,40447,40424,40414,40402],"default_option_id":"","thumbnail_id":"","thumbnail_src":"","quantity_min":1,"quantity_max":1,"priced_individually":false,"shipped_individually":false,"optional":true,"discount":"","options_style":"radios","pagination_style":"classic","display_prices":"absolute","show_sorting_options":false,"show_filtering_options":false,"attribute_filter_ids":[],"product_title_visible":false,"product_descr_visible":false,"product_price_visible":false,"product_thumb_visible":true,"subtotal_visible_product":false,"subtotal_visible_cart":false,"subtotal_visible_orders":false},{"id":"1676653624","title":"Accesorios independientes","description":"","query_type":"product_ids","query_ids":[40659],"default_option_id":40659,"thumbnail_id":"","thumbnail_src":"","quantity_min":1,"quantity_max":1,"priced_individually":false,"shipped_individually":false,"optional":false,"discount":"","options_style":"radios","pagination_style":"classic","display_prices":"absolute","show_sorting_options":false,"show_filtering_options":false,"attribute_filter_ids":[],"product_title_visible":false,"product_descr_visible":true,"product_price_visible":false,"product_thumb_visible":false,"subtotal_visible_product":false,"subtotal_visible_cart":false,"subtotal_visible_orders":false},{"id":"1689327809","title":"Vida Util","description":"","query_type":"product_ids","query_ids":[50126,50131],"default_option_id":"","thumbnail_id":"","thumbnail_src":"","quantity_min":1,"quantity_max":1,"priced_individually":false,"shipped_individually":false,"optional":true,"discount":"","options_style":"radios","pagination_style":"classic","display_prices":"absolute","show_sorting_options":false,"show_filtering_options":false,"attribute_filter_ids":[],"product_title_visible":false,"product_descr_visible":false,"product_price_visible":false,"product_thumb_visible":false,"subtotal_visible_product":false,"subtotal_visible_cart":false,"subtotal_visible_orders":false}],"composite_scenarios":[{"id":"1674815574","name":"cri98","description":"","configuration":[{"component_id":"1674815191","options_modifier":"in","component_options":[21727,21728,21730,21729]}],"actions":[{"action_id":"compat_group","is_active":false},{"action_id":"conditional_components","is_active":false,"hidden_components":[]},{"action_id":"conditional_options","is_active":true,"hidden_options":[{"component_id":"1674815192","component_options":[22016],"options_modifier":"in"}]}],"enabled":true},{"id":"1674815575","name":"very narrow","description":"","configuration":[{"component_id":"1674815192","options_modifier":"in","component_options":[22016]}],"actions":[{"action_id":"compat_group","is_active":false},{"action_id":"conditional_components","is_active":false,"hidden_components":[]},{"action_id":"conditional_options","is_active":true,"hidden_options":[{"component_id":"1674815191","component_options":[21727,21728,21730,21729],"options_modifier":"in"}]}],"enabled":true},{"id":"1674815576","name":"narrow spot \/ wide flood","description":"","configuration":[{"component_id":"1674815192","options_modifier":"in","component_options":[21989,22024]}],"actions":[{"action_id":"compat_group","is_active":false},{"action_id":"conditional_components","is_active":false,"hidden_components":[]},{"action_id":"conditional_options","is_active":true,"hidden_options":[{"component_id":"1674815193","component_options":[13479,13484,13491,13492,13495,13496],"options_modifier":"in"}]}],"enabled":true},{"id":"1674815577","name":"ellittiche","description":"","configuration":[{"component_id":"1674815192","options_modifier":"in","component_options":[21881,21887]}],"actions":[{"action_id":"compat_group","is_active":false},{"action_id":"conditional_components","is_active":false,"hidden_components":[]},{"action_id":"conditional_options","is_active":true,"hidden_options":[{"component_id":"1674815193","component_options":[-1,13475],"options_modifier":"not-in"}]}],"enabled":true},{"id":"1674815578","name":"ww + sag","description":"","configuration":[{"component_id":"1674815192","options_modifier":"in","component_options":[21959,21937,21942,22032]}],"actions":[{"action_id":"compat_group","is_active":false},{"action_id":"conditional_components","is_active":true,"hidden_components":["1676653624"]},{"action_id":"conditional_options","is_active":true,"hidden_options":[{"component_id":"1674815193","component_options":[-1,13475],"options_modifier":"not-in"}]}],"enabled":true},{"id":"1674815579","name":"honeycomb\/diffondente\/snoot","description":"","configuration":[{"component_id":"1674815193","options_modifier":"in","component_options":[13476,13478,13480,13482,13483,13484,13485,13486,13487,13489,13490,13491,13493,13494,13495,13496,13497,13498]}],"actions":[{"action_id":"compat_group","is_active":false},{"action_id":"conditional_components","is_active":false,"hidden_components":[]},{"action_id":"conditional_options","is_active":true,"hidden_options":[{"component_id":"1674815192","component_options":[21881,21887,21959,21937,21942,22032],"options_modifier":"in"}]}],"enabled":true},{"id":"1674815580","name":"protezione\/visor","description":"","configuration":[{"component_id":"1674815193","options_modifier":"in","component_options":[13477,13481,13482,13486,13487,13488,13490,13492,13494,13496,13497,13498]}],"actions":[{"action_id":"compat_group","is_active":false},{"action_id":"conditional_components","is_active":false,"hidden_components":[]},{"action_id":"conditional_options","is_active":true,"hidden_options":[{"component_id":"1674815192","component_options":[21959,21937,21942,22032],"options_modifier":"in"}]}],"enabled":true},{"id":"1674815581","name":"lente ellittica","description":"","configuration":[{"component_id":"1674815193","options_modifier":"in","component_options":[13479,13484,13491,13492,13495,13496]}],"actions":[{"action_id":"compat_group","is_active":false},{"action_id":"conditional_components","is_active":false,"hidden_components":[]},{"action_id":"conditional_options","is_active":true,"hidden_options":[{"component_id":"1674815192","component_options":[21989,21881,22024,21887,21959,21937,21942,22032],"options_modifier":"in"}]}],"enabled":true},{"id":"1675946306","name":"NO DRIVER NO SELECTION ","description":"","configuration":[{"component_id":"1674815192","options_modifier":"in","component_options":[-1]}],"actions":[{"action_id":"compat_group","is_active":false},{"action_id":"conditional_components","is_active":false,"hidden_components":[]},{"action_id":"conditional_options","is_active":true,"hidden_options":[{"component_id":"1675945592","component_options":[-1],"options_modifier":"not-in"}]}],"enabled":true},{"id":"1675946307","name":"V","description":"","configuration":[{"component_id":"1674815192","options_modifier":"in","component_options":[22016]}],"actions":[{"action_id":"compat_group","is_active":false},{"action_id":"conditional_components","is_active":false,"hidden_components":[]},{"action_id":"conditional_options","is_active":true,"hidden_options":[{"component_id":"1675945592","component_options":[-1,40444,40441,40439,40437,51326],"options_modifier":"not-in"}]}],"enabled":true},{"id":"1675946308","name":"N-2","description":"","configuration":[{"component_id":"1674815192","options_modifier":"in","component_options":[21989,21881]}],"actions":[{"action_id":"compat_group","is_active":false},{"action_id":"conditional_components","is_active":false,"hidden_components":[]},{"action_id":"conditional_options","is_active":true,"hidden_options":[{"component_id":"1675945592","component_options":[-1,75360,75367,40421,40418,51340],"options_modifier":"not-in"}]}],"enabled":true},{"id":"1675946309","name":"S-M-F-W-6","description":"","configuration":[{"component_id":"1674815192","options_modifier":"in","component_options":[22005,21978,21953,22024,21887]}],"actions":[{"action_id":"compat_group","is_active":false},{"action_id":"conditional_components","is_active":false,"hidden_components":[]},{"action_id":"conditional_options","is_active":true,"hidden_options":[{"component_id":"1675945592","component_options":[-1,40453,75326,75327,40459,51296],"options_modifier":"not-in"}]}],"enabled":true},{"id":"1675946310","name":"A-D-G","description":"","configuration":[{"component_id":"1674815192","options_modifier":"in","component_options":[21959,21937,21942]}],"actions":[{"action_id":"compat_group","is_active":false},{"action_id":"conditional_components","is_active":false,"hidden_components":[]},{"action_id":"conditional_options","is_active":true,"hidden_options":[{"component_id":"1675945592","component_options":[-1,40477,75310,75311,40480,51276],"options_modifier":"not-in"}]}],"enabled":true},{"id":"1675946311","name":"Z","description":"","configuration":[{"component_id":"1674815192","options_modifier":"in","component_options":[22032]}],"actions":[{"action_id":"compat_group","is_active":false},{"action_id":"conditional_components","is_active":false,"hidden_components":[]},{"action_id":"conditional_options","is_active":true,"hidden_options":[{"component_id":"1675945592","component_options":[-1,40404,40405,40406,51352,51353],"options_modifier":"not-in"}]}],"enabled":true},{"id":"1689327895","name":"LT 80","description":"","configuration":[{"component_id":"1674815192","options_modifier":"in","component_options":[21989,21881]}],"actions":[{"action_id":"compat_group","is_active":false},{"action_id":"conditional_components","is_active":false,"hidden_components":[]},{"action_id":"conditional_options","is_active":true,"hidden_options":[{"component_id":"1689327809","component_options":[-1,50126],"options_modifier":"not-in"}]}],"enabled":true},{"id":"1689327896","name":"LT 100","description":"","configuration":[{"component_id":"1674815192","options_modifier":"in","component_options":[22016,22005,21978,21953,22024,21887,21959,21937,21942,22032]}],"actions":[{"action_id":"compat_group","is_active":false},{"action_id":"conditional_components","is_active":false,"hidden_components":[]},{"action_id":"conditional_options","is_active":true,"hidden_options":[{"component_id":"1689327809","component_options":[-1,50131],"options_modifier":"not-in"}]}],"enabled":true}],"bundled_by":[],"bundle_stock_status":"instock","bundle_stock_quantity":null,"bundle_virtual":false,"bundle_layout":"","bundle_add_to_cart_form_location":"","bundle_editable_in_cart":false,"bundle_sold_individually_context":"","bundle_item_grouping":"","bundle_min_size":"","bundle_max_size":"","bundled_items":[],"bundle_sell_ids":[],"acf":[],"yoast_head":"<!-- This site is optimized with the Yoast SEO plugin v27.4 - https:\/\/yoast.com\/product\/yoast-seo-wordpress\/ -->\n<title>Spot Revo Medium Semi-empotrado | Exenia<\/title>\n<meta name=\"robots\" content=\"noindex, follow, max-snippet:-1, max-image-preview:large, max-video-preview:-1\" \/>\n<meta property=\"og:locale\" content=\"es_ES\" \/>\n<meta property=\"og:type\" content=\"article\" \/>\n<meta property=\"og:title\" content=\"Spot Revo Medium Semi-empotrado | Exenia\" \/>\n<meta property=\"og:description\" content=\"La serie Spot Revo presenta una marcada relaci\u00f3n rendimiento-tama\u00f1o, una...\" \/>\n<meta property=\"og:url\" content=\"https:\/\/restyling.exenia.eu\/es\/producto\/spot-revo-medium-semi-empotrado\/\" \/>\n<meta property=\"og:site_name\" content=\"Exenia\" \/>\n<meta property=\"article:publisher\" content=\"https:\/\/www.facebook.com\/exenialighting\" \/>\n<meta property=\"article:modified_time\" content=\"2023-07-14T07:46:22+00:00\" \/>\n<meta property=\"og:image\" content=\"https:\/\/restyling.exenia.eu\/wp-content\/uploads\/2023\/01\/Spot-revo-semi-medium-prodotto.jpg\" \/>\n\t<meta property=\"og:image:width\" content=\"2000\" \/>\n\t<meta property=\"og:image:height\" content=\"1919\" \/>\n\t<meta property=\"og:image:type\" content=\"image\/jpeg\" \/>\n<!-- \/ Yoast SEO plugin. -->","yoast_head_json":{"title":"Spot Revo Medium Semi-empotrado | Exenia","robots":{"index":"noindex","follow":"follow","max-snippet":"max-snippet:-1","max-image-preview":"max-image-preview:large","max-video-preview":"max-video-preview:-1"},"og_locale":"es_ES","og_type":"article","og_title":"Spot Revo Medium Semi-empotrado | Exenia","og_description":"La serie Spot Revo presenta una marcada relaci\u00f3n rendimiento-tama\u00f1o, una...","og_url":"https:\/\/restyling.exenia.eu\/es\/producto\/spot-revo-medium-semi-empotrado\/","og_site_name":"Exenia","article_publisher":"https:\/\/www.facebook.com\/exenialighting","article_modified_time":"2023-07-14T07:46:22+00:00","og_image":[{"width":2000,"height":1919,"url":"https:\/\/restyling.exenia.eu\/wp-content\/uploads\/2023\/01\/Spot-revo-semi-medium-prodotto.jpg","type":"image\/jpeg"}],"schema":{"@context":"https:\/\/schema.org","@graph":[{"@type":"WebPage","@id":"https:\/\/restyling.exenia.eu\/es\/producto\/spot-revo-medium-semi-empotrado\/","url":"https:\/\/restyling.exenia.eu\/es\/producto\/spot-revo-medium-semi-empotrado\/","name":"Spot Revo Medium Semi-empotrado | Exenia","isPartOf":{"@id":"https:\/\/restyling.exenia.eu\/#website"},"primaryImageOfPage":{"@id":"https:\/\/restyling.exenia.eu\/es\/producto\/spot-revo-medium-semi-empotrado\/#primaryimage"},"image":{"@id":"https:\/\/restyling.exenia.eu\/es\/producto\/spot-revo-medium-semi-empotrado\/#primaryimage"},"thumbnailUrl":"https:\/\/restyling.exenia.eu\/wp-content\/uploads\/2023\/01\/Spot-revo-semi-medium-prodotto.jpg","datePublished":"2022-11-24T08:51:15+00:00","dateModified":"2023-07-14T07:46:22+00:00","breadcrumb":{"@id":"https:\/\/restyling.exenia.eu\/es\/producto\/spot-revo-medium-semi-empotrado\/#breadcrumb"},"inLanguage":"es","potentialAction":[{"@type":"ReadAction","target":["https:\/\/restyling.exenia.eu\/es\/producto\/spot-revo-medium-semi-empotrado\/"]}]},{"@type":"ImageObject","inLanguage":"es","@id":"https:\/\/restyling.exenia.eu\/es\/producto\/spot-revo-medium-semi-empotrado\/#primaryimage","url":"https:\/\/restyling.exenia.eu\/wp-content\/uploads\/2023\/01\/Spot-revo-semi-medium-prodotto.jpg","contentUrl":"https:\/\/restyling.exenia.eu\/wp-content\/uploads\/2023\/01\/Spot-revo-semi-medium-prodotto.jpg","width":2000,"height":1919},{"@type":"BreadcrumbList","@id":"https:\/\/restyling.exenia.eu\/es\/producto\/spot-revo-medium-semi-empotrado\/#breadcrumb","itemListElement":[{"@type":"ListItem","position":1,"name":"Home","item":"https:\/\/restyling.exenia.eu\/"},{"@type":"ListItem","position":2,"name":"Productos","item":"https:\/\/restyling.exenia.eu\/prodotti\/"},{"@type":"ListItem","position":3,"name":"Indoor","item":"https:\/\/restyling.exenia.eu\/es\/c\/indoor\/"},{"@type":"ListItem","position":4,"name":"Empotrables","item":"https:\/\/restyling.exenia.eu\/es\/c\/indoor\/empotrables\/"},{"@type":"ListItem","position":5,"name":"Spot Revo","item":"https:\/\/restyling.exenia.eu\/es\/c\/indoor\/empotrables\/spot-revo-emportables\/"},{"@type":"ListItem","position":6,"name":"Spot Revo Medium Semi-empotrado"}]},{"@type":"WebSite","@id":"https:\/\/restyling.exenia.eu\/#website","url":"https:\/\/restyling.exenia.eu\/","name":"Exenia","description":"","publisher":{"@id":"https:\/\/restyling.exenia.eu\/#organization"},"potentialAction":[{"@type":"SearchAction","target":{"@type":"EntryPoint","urlTemplate":"https:\/\/restyling.exenia.eu\/?s={search_term_string}"},"query-input":{"@type":"PropertyValueSpecification","valueRequired":true,"valueName":"search_term_string"}}],"inLanguage":"es"},{"@type":"Organization","@id":"https:\/\/restyling.exenia.eu\/#organization","name":"Exenia","url":"https:\/\/restyling.exenia.eu\/","logo":{"@type":"ImageObject","inLanguage":"es","@id":"https:\/\/restyling.exenia.eu\/#\/schema\/logo\/image\/","url":"https:\/\/restyling.exenia.eu\/wp-content\/uploads\/2022\/09\/logo_exenia-e1678467519405.png","contentUrl":"https:\/\/restyling.exenia.eu\/wp-content\/uploads\/2022\/09\/logo_exenia-e1678467519405.png","width":600,"height":194,"caption":"Exenia"},"image":{"@id":"https:\/\/restyling.exenia.eu\/#\/schema\/logo\/image\/"},"sameAs":["https:\/\/www.facebook.com\/exenialighting","https:\/\/x.com\/ExeniaLighting"]}]}},"_links":{"self":[{"href":"https:\/\/restyling.exenia.eu\/es\/wp-json\/wp\/v2\/product\/27207","targetHints":{"allow":["GET"]}}],"collection":[{"href":"https:\/\/restyling.exenia.eu\/es\/wp-json\/wp\/v2\/product"}],"about":[{"href":"https:\/\/restyling.exenia.eu\/es\/wp-json\/wp\/v2\/types\/product"}],"wp:featuredmedia":[{"embeddable":true,"href":"https:\/\/restyling.exenia.eu\/es\/wp-json\/wp\/v2\/media\/23819"}],"wp:attachment":[{"href":"https:\/\/restyling.exenia.eu\/es\/wp-json\/wp\/v2\/media?parent=27207"}],"wp:term":[{"taxonomy":"product_brand","embeddable":true,"href":"https:\/\/restyling.exenia.eu\/es\/wp-json\/wp\/v2\/product_brand?post=27207"},{"taxonomy":"product_cat","embeddable":true,"href":"https:\/\/restyling.exenia.eu\/es\/wp-json\/wp\/v2\/product_cat?post=27207"},{"taxonomy":"product_tag","embeddable":true,"href":"https:\/\/restyling.exenia.eu\/es\/wp-json\/wp\/v2\/product_tag?post=27207"},{"taxonomy":"categoria-admin-prodotto","embeddable":true,"href":"https:\/\/restyling.exenia.eu\/es\/wp-json\/wp\/v2\/categoria-admin-prodotto?post=27207"}],"curies":[{"name":"wp","href":"https:\/\/api.w.org\/{rel}","templated":true}]}}