{"id":27228,"date":"2022-11-24T09:50:58","date_gmt":"2022-11-24T08:50:58","guid":{"rendered":"https:\/\/www.exenia.eu\/prodotto\/pin-revo-mini-2\/"},"modified":"2023-10-24T12:30:19","modified_gmt":"2023-10-24T10:30:19","slug":"pin-revo-mini","status":"publish","type":"product","link":"https:\/\/restyling.exenia.eu\/es\/producto\/pin-revo-mini\/","title":{"rendered":"Pin Revo Mini"},"content":{"rendered":"<p style=\"font-weight: 400\">Los PIN REVO con cuerpo \u00f3ptico con grado de protecci\u00f3n IP54 est\u00e1n dise\u00f1ados para obtener el m\u00e1ximo rendimiento en el tama\u00f1o m\u00e1s peque\u00f1o, disponibles en versiones fijas, simples y m\u00faltiples cuadradas y redondas.<br \/>\nDedicados al dise\u00f1o de iluminaci\u00f3n avanzado, los nuevos sistemas \u00f3pticos Revo son particularmente adecuados para ambientes con un confort visual muy alto.<br \/>\nDisponible en tres dimensiones \u00f3pticas, 4 variantes rotosim\u00e9tricas por modelo, todos respondiendo a los factores UGR &lt; 13.<br \/>\nEl pin revo en todas sus versiones adquiere una &#8216;alta comodidad de alta comodidad adicional&#8217; adicional &#8216;Significado si se configura con conos \u00f3pticos negros equipado con \u00f3ptica rotosim\u00e9trica cruzada&#8217;, son particularmente adecuadas para su uso en proyectos donde las bajas luminancias y las capacidades fotom\u00e9tricas se vuelven cruciales.<\/p>\n<p>El pin revo <strong> mini <\/strong> versi\u00f3n con un di\u00e1metro de 50 mm est\u00e1 disponible en vigas de 18 \u00b0, 25 \u00b0, 34 \u00b0 con UGR &lt; 13 coeficientes, en renderizado de alto color, calidad de fuente LED dentro de 2 SDCM .<br \/>\nLa limpieza de la proyecci\u00f3n y la connotaci\u00f3n fotom\u00e9trica refinada hacen de esta familia la combinaci\u00f3n ideal de actuaciones profesionales contenidas en la forma m\u00e1s esencial de minimalismo gr\u00e1fico.<br \/>\nCompatibilidad completa con los sistemas de control m\u00e1s populares hace herramienta en contextos donde la gesti\u00f3n de la iluminaci\u00f3n y la escena son cruciales para la especificaci\u00f3n del proyecto.<br \/>\nTodas las versiones cuadradas se configuran con un marco externo en blanco o negro.<br \/>\nLas versiones configuradas con conos negros se definen como &#8216;alta comodidad&#8217; como ellos Respeta completamente los par\u00e1metros de iluminaci\u00f3n oscura y los valores de UGR &lt; 10.<br \/>\nLas versiones multi-\u00f3pticas le permiten usar haces diferenciados en la misma luminaria.<\/p>\n","protected":false},"excerpt":{"rendered":"<p>Los PIN REVO con cuerpo \u00f3ptico con grado de protecci\u00f3n&#8230;<\/p>\n","protected":false},"featured_media":23564,"template":"","meta":{"_acf_changed":false},"product_brand":[],"product_cat":[3034],"product_tag":[7351,7354,7359,7362,7367,7380,7387,7412,7419,7422,7427],"categoria-admin-prodotto":[],"class_list":{"0":"post-27228","1":"product","2":"type-product","3":"status-publish","4":"has-post-thumbnail","6":"product_cat-pin-revo-emportables","7":"product_tag-1228b-es","8":"product_tag-1228d-es","9":"product_tag-1228f-es","10":"product_tag-1228g-es","11":"product_tag-1228l-es-2","12":"product_tag-12280-es","13":"product_tag-12281-es","14":"product_tag-12283-es","15":"product_tag-12285-es","16":"product_tag-12286-es","17":"product_tag-12288-es","18":"pa_cct-2700k-es","19":"pa_cct-3000k-es","20":"pa_cct-3500k-es","21":"pa_cct-4000k-es","22":"pa_certificazione-conformita-ce-es","23":"pa_classe-f-si-es-2","24":"pa_cri-92-es","25":"pa_cri-98-es","26":"pa_grado-ip-compartimento-interno-ip20","27":"pa_grado-ip-compartimento-optico-ip54","28":"pa_lifetime-l80b10-100-000-ore-es","29":"pa_temperatura-di-esercizio-10-35-es","31":"first","32":"instock","33":"purchasable","34":"product-type-composite"},"composite_virtual":false,"composite_layout":"single","composite_add_to_cart_form_location":"default","composite_editable_in_cart":false,"composite_sold_individually_context":"product","composite_shop_price_calc":"defaults","composite_components":[{"id":"1674759378","title":"Cuerpo de la luminaria","description":"","query_type":"product_ids","query_ids":[21591],"default_option_id":21591,"thumbnail_id":"","thumbnail_src":"","quantity_min":1,"quantity_max":1,"priced_individually":false,"shipped_individually":false,"optional":false,"discount":"","options_style":"radios","pagination_style":"classic","display_prices":"absolute","show_sorting_options":false,"show_filtering_options":false,"attribute_filter_ids":[],"product_title_visible":false,"product_descr_visible":false,"product_price_visible":false,"product_thumb_visible":false,"subtotal_visible_product":false,"subtotal_visible_cart":false,"subtotal_visible_orders":false},{"id":"1674759379","title":"Versi\u00f3n","description":"","query_type":"product_ids","query_ids":[22226,22253,22269,22238,22264,22255,22271,22250,22267,22258,22274],"default_option_id":"","thumbnail_id":"","thumbnail_src":"","quantity_min":1,"quantity_max":1,"priced_individually":false,"shipped_individually":false,"optional":true,"discount":"","options_style":"radios","pagination_style":"classic","display_prices":"absolute","show_sorting_options":false,"show_filtering_options":false,"attribute_filter_ids":[],"product_title_visible":false,"product_descr_visible":false,"product_price_visible":false,"product_thumb_visible":false,"subtotal_visible_product":false,"subtotal_visible_cart":false,"subtotal_visible_orders":false},{"id":"1674759380","title":"Controlar","description":"","query_type":"product_ids","query_ids":[21583],"default_option_id":21583,"thumbnail_id":"","thumbnail_src":"","quantity_min":1,"quantity_max":1,"priced_individually":false,"shipped_individually":false,"optional":false,"discount":"","options_style":"radios","pagination_style":"classic","display_prices":"absolute","show_sorting_options":false,"show_filtering_options":false,"attribute_filter_ids":[],"product_title_visible":false,"product_descr_visible":false,"product_price_visible":false,"product_thumb_visible":false,"subtotal_visible_product":false,"subtotal_visible_cart":false,"subtotal_visible_orders":false},{"id":"1674759381","title":"Acabado","description":"","query_type":"product_ids","query_ids":[21793,74822,21797,21843,21849],"default_option_id":"","thumbnail_id":"","thumbnail_src":"","quantity_min":1,"quantity_max":1,"priced_individually":false,"shipped_individually":false,"optional":true,"discount":"","options_style":"radios","pagination_style":"classic","display_prices":"absolute","show_sorting_options":false,"show_filtering_options":false,"attribute_filter_ids":[],"product_title_visible":false,"product_descr_visible":false,"product_price_visible":false,"product_thumb_visible":false,"subtotal_visible_product":false,"subtotal_visible_cart":false,"subtotal_visible_orders":false},{"id":"1674759382","title":"CRI-CCT","description":"","query_type":"product_ids","query_ids":[21717,21718,21720,21719,21727,21728,21730,21729],"default_option_id":"","thumbnail_id":"","thumbnail_src":"","quantity_min":1,"quantity_max":1,"priced_individually":false,"shipped_individually":false,"optional":true,"discount":"","options_style":"radios","pagination_style":"classic","display_prices":"absolute","show_sorting_options":false,"show_filtering_options":false,"attribute_filter_ids":[],"product_title_visible":false,"product_descr_visible":false,"product_price_visible":false,"product_thumb_visible":false,"subtotal_visible_product":false,"subtotal_visible_cart":false,"subtotal_visible_orders":false},{"id":"1674759383","title":"\u00d3ptica","description":"","query_type":"product_ids","query_ids":[22006,21981,21950,22022],"default_option_id":"","thumbnail_id":"","thumbnail_src":"","quantity_min":1,"quantity_max":1,"priced_individually":false,"shipped_individually":false,"optional":true,"discount":"","options_style":"radios","pagination_style":"classic","display_prices":"absolute","show_sorting_options":false,"show_filtering_options":false,"attribute_filter_ids":[],"product_title_visible":false,"product_descr_visible":false,"product_price_visible":false,"product_thumb_visible":false,"subtotal_visible_product":false,"subtotal_visible_cart":false,"subtotal_visible_orders":false},{"id":"1675942491","title":" ","description":"","query_type":"product_ids","query_ids":[7636],"default_option_id":7636,"thumbnail_id":"","thumbnail_src":"","quantity_min":1,"quantity_max":1,"priced_individually":false,"shipped_individually":false,"optional":false,"discount":"","options_style":"radios","pagination_style":"classic","display_prices":"absolute","show_sorting_options":false,"show_filtering_options":false,"attribute_filter_ids":[],"product_title_visible":false,"product_descr_visible":false,"product_price_visible":false,"product_thumb_visible":false,"subtotal_visible_product":false,"subtotal_visible_cart":false,"subtotal_visible_orders":false},{"id":"1675942492","title":"Fuente de alimentaci\u00f3n (Para la opci\u00f3n de emergencia, p\u00f3ngase en contacto con la empresa)","description":"","query_type":"product_ids","query_ids":[40447],"default_option_id":40447,"thumbnail_id":"","thumbnail_src":"","quantity_min":1,"quantity_max":1,"priced_individually":false,"shipped_individually":false,"optional":false,"discount":"","options_style":"radios","pagination_style":"classic","display_prices":"absolute","show_sorting_options":false,"show_filtering_options":false,"attribute_filter_ids":[],"product_title_visible":false,"product_descr_visible":false,"product_price_visible":false,"product_thumb_visible":true,"subtotal_visible_product":false,"subtotal_visible_cart":false,"subtotal_visible_orders":false}],"composite_scenarios":[{"id":"1675943505","name":"NO DRIVER NO SELECTION ","description":"","configuration":[{"component_id":"1674759379","options_modifier":"in","component_options":[-1]}],"actions":[{"action_id":"compat_group","is_active":false},{"action_id":"conditional_components","is_active":false,"hidden_components":[]},{"action_id":"conditional_options","is_active":true,"hidden_options":[{"component_id":"1675942492","component_options":[-1],"options_modifier":"not-in"}]}],"enabled":true},{"id":"1675943506","name":"1x","description":"","configuration":[{"component_id":"1674759379","options_modifier":"in","component_options":[22226,22253,22269]}],"actions":[{"action_id":"compat_group","is_active":false},{"action_id":"conditional_components","is_active":false,"hidden_components":[]},{"action_id":"conditional_options","is_active":true,"hidden_options":[{"component_id":"1675942492","component_options":[-1,51293,51294,40449,40450,40452],"options_modifier":"not-in"}]}],"enabled":true},{"id":"1675943507","name":"2X","description":"","configuration":[{"component_id":"1674759379","options_modifier":"in","component_options":[22238,22264,22255,22271]}],"actions":[{"action_id":"compat_group","is_active":false},{"action_id":"conditional_components","is_active":false,"hidden_components":[]},{"action_id":"conditional_options","is_active":true,"hidden_options":[{"component_id":"1675942492","component_options":[-1,75326,75327,40450,40459,40463],"options_modifier":"not-in"}]}],"enabled":true},{"id":"1675943508","name":"4X","description":"","configuration":[{"component_id":"1674759379","options_modifier":"in","component_options":[22250,22267,22258,22274]}],"actions":[{"action_id":"compat_group","is_active":false},{"action_id":"conditional_components","is_active":false,"hidden_components":[]},{"action_id":"conditional_options","is_active":true,"hidden_options":[{"component_id":"1675942492","component_options":[-1,40453,40456,40458,40459,40463],"options_modifier":"not-in"}]}],"enabled":true}],"bundled_by":[],"bundle_stock_status":"instock","bundle_stock_quantity":null,"bundle_virtual":false,"bundle_layout":"","bundle_add_to_cart_form_location":"","bundle_editable_in_cart":false,"bundle_sold_individually_context":"","bundle_item_grouping":"","bundle_min_size":"","bundle_max_size":"","bundled_items":[],"bundle_sell_ids":[],"acf":[],"yoast_head":"<!-- This site is optimized with the Yoast SEO plugin v27.4 - https:\/\/yoast.com\/product\/yoast-seo-wordpress\/ -->\n<title>Pin Revo Mini | Exenia<\/title>\n<meta name=\"robots\" content=\"noindex, follow, max-snippet:-1, max-image-preview:large, max-video-preview:-1\" \/>\n<meta property=\"og:locale\" content=\"es_ES\" \/>\n<meta property=\"og:type\" content=\"article\" \/>\n<meta property=\"og:title\" content=\"Pin Revo Mini | Exenia\" \/>\n<meta property=\"og:description\" content=\"Los PIN REVO con cuerpo \u00f3ptico con grado de protecci\u00f3n...\" \/>\n<meta property=\"og:url\" content=\"https:\/\/restyling.exenia.eu\/es\/producto\/pin-revo-mini\/\" \/>\n<meta property=\"og:site_name\" content=\"Exenia\" \/>\n<meta property=\"article:publisher\" content=\"https:\/\/www.facebook.com\/exenialighting\" \/>\n<meta property=\"article:modified_time\" content=\"2023-10-24T10:30:19+00:00\" \/>\n<meta property=\"og:image\" content=\"https:\/\/restyling.exenia.eu\/wp-content\/uploads\/2023\/01\/Pin-revo-mini-prodotto.jpg\" \/>\n\t<meta property=\"og:image:width\" content=\"2000\" \/>\n\t<meta property=\"og:image:height\" content=\"1919\" \/>\n\t<meta property=\"og:image:type\" content=\"image\/jpeg\" \/>\n<!-- \/ Yoast SEO plugin. -->","yoast_head_json":{"title":"Pin Revo Mini | Exenia","robots":{"index":"noindex","follow":"follow","max-snippet":"max-snippet:-1","max-image-preview":"max-image-preview:large","max-video-preview":"max-video-preview:-1"},"og_locale":"es_ES","og_type":"article","og_title":"Pin Revo Mini | Exenia","og_description":"Los PIN REVO con cuerpo \u00f3ptico con grado de protecci\u00f3n...","og_url":"https:\/\/restyling.exenia.eu\/es\/producto\/pin-revo-mini\/","og_site_name":"Exenia","article_publisher":"https:\/\/www.facebook.com\/exenialighting","article_modified_time":"2023-10-24T10:30:19+00:00","og_image":[{"width":2000,"height":1919,"url":"https:\/\/restyling.exenia.eu\/wp-content\/uploads\/2023\/01\/Pin-revo-mini-prodotto.jpg","type":"image\/jpeg"}],"schema":{"@context":"https:\/\/schema.org","@graph":[{"@type":"WebPage","@id":"https:\/\/restyling.exenia.eu\/es\/producto\/pin-revo-mini\/","url":"https:\/\/restyling.exenia.eu\/es\/producto\/pin-revo-mini\/","name":"Pin Revo Mini | Exenia","isPartOf":{"@id":"https:\/\/restyling.exenia.eu\/#website"},"primaryImageOfPage":{"@id":"https:\/\/restyling.exenia.eu\/es\/producto\/pin-revo-mini\/#primaryimage"},"image":{"@id":"https:\/\/restyling.exenia.eu\/es\/producto\/pin-revo-mini\/#primaryimage"},"thumbnailUrl":"https:\/\/restyling.exenia.eu\/wp-content\/uploads\/2023\/01\/Pin-revo-mini-prodotto.jpg","datePublished":"2022-11-24T08:50:58+00:00","dateModified":"2023-10-24T10:30:19+00:00","breadcrumb":{"@id":"https:\/\/restyling.exenia.eu\/es\/producto\/pin-revo-mini\/#breadcrumb"},"inLanguage":"es","potentialAction":[{"@type":"ReadAction","target":["https:\/\/restyling.exenia.eu\/es\/producto\/pin-revo-mini\/"]}]},{"@type":"ImageObject","inLanguage":"es","@id":"https:\/\/restyling.exenia.eu\/es\/producto\/pin-revo-mini\/#primaryimage","url":"https:\/\/restyling.exenia.eu\/wp-content\/uploads\/2023\/01\/Pin-revo-mini-prodotto.jpg","contentUrl":"https:\/\/restyling.exenia.eu\/wp-content\/uploads\/2023\/01\/Pin-revo-mini-prodotto.jpg","width":2000,"height":1919},{"@type":"BreadcrumbList","@id":"https:\/\/restyling.exenia.eu\/es\/producto\/pin-revo-mini\/#breadcrumb","itemListElement":[{"@type":"ListItem","position":1,"name":"Home","item":"https:\/\/restyling.exenia.eu\/"},{"@type":"ListItem","position":2,"name":"Productos","item":"https:\/\/restyling.exenia.eu\/prodotti\/"},{"@type":"ListItem","position":3,"name":"Indoor","item":"https:\/\/restyling.exenia.eu\/es\/c\/indoor\/"},{"@type":"ListItem","position":4,"name":"Empotrables","item":"https:\/\/restyling.exenia.eu\/es\/c\/indoor\/empotrables\/"},{"@type":"ListItem","position":5,"name":"Pin Revo","item":"https:\/\/restyling.exenia.eu\/es\/c\/indoor\/empotrables\/pin-revo-emportables\/"},{"@type":"ListItem","position":6,"name":"Pin Revo Mini"}]},{"@type":"WebSite","@id":"https:\/\/restyling.exenia.eu\/#website","url":"https:\/\/restyling.exenia.eu\/","name":"Exenia","description":"","publisher":{"@id":"https:\/\/restyling.exenia.eu\/#organization"},"potentialAction":[{"@type":"SearchAction","target":{"@type":"EntryPoint","urlTemplate":"https:\/\/restyling.exenia.eu\/?s={search_term_string}"},"query-input":{"@type":"PropertyValueSpecification","valueRequired":true,"valueName":"search_term_string"}}],"inLanguage":"es"},{"@type":"Organization","@id":"https:\/\/restyling.exenia.eu\/#organization","name":"Exenia","url":"https:\/\/restyling.exenia.eu\/","logo":{"@type":"ImageObject","inLanguage":"es","@id":"https:\/\/restyling.exenia.eu\/#\/schema\/logo\/image\/","url":"https:\/\/restyling.exenia.eu\/wp-content\/uploads\/2022\/09\/logo_exenia-e1678467519405.png","contentUrl":"https:\/\/restyling.exenia.eu\/wp-content\/uploads\/2022\/09\/logo_exenia-e1678467519405.png","width":600,"height":194,"caption":"Exenia"},"image":{"@id":"https:\/\/restyling.exenia.eu\/#\/schema\/logo\/image\/"},"sameAs":["https:\/\/www.facebook.com\/exenialighting","https:\/\/x.com\/ExeniaLighting"]}]}},"_links":{"self":[{"href":"https:\/\/restyling.exenia.eu\/es\/wp-json\/wp\/v2\/product\/27228","targetHints":{"allow":["GET"]}}],"collection":[{"href":"https:\/\/restyling.exenia.eu\/es\/wp-json\/wp\/v2\/product"}],"about":[{"href":"https:\/\/restyling.exenia.eu\/es\/wp-json\/wp\/v2\/types\/product"}],"wp:featuredmedia":[{"embeddable":true,"href":"https:\/\/restyling.exenia.eu\/es\/wp-json\/wp\/v2\/media\/23564"}],"wp:attachment":[{"href":"https:\/\/restyling.exenia.eu\/es\/wp-json\/wp\/v2\/media?parent=27228"}],"wp:term":[{"taxonomy":"product_brand","embeddable":true,"href":"https:\/\/restyling.exenia.eu\/es\/wp-json\/wp\/v2\/product_brand?post=27228"},{"taxonomy":"product_cat","embeddable":true,"href":"https:\/\/restyling.exenia.eu\/es\/wp-json\/wp\/v2\/product_cat?post=27228"},{"taxonomy":"product_tag","embeddable":true,"href":"https:\/\/restyling.exenia.eu\/es\/wp-json\/wp\/v2\/product_tag?post=27228"},{"taxonomy":"categoria-admin-prodotto","embeddable":true,"href":"https:\/\/restyling.exenia.eu\/es\/wp-json\/wp\/v2\/categoria-admin-prodotto?post=27228"}],"curies":[{"name":"wp","href":"https:\/\/api.w.org\/{rel}","templated":true}]}}