{"id":27241,"date":"2022-11-24T09:50:58","date_gmt":"2022-11-24T08:50:58","guid":{"rendered":"https:\/\/www.exenia.eu\/prodotto\/pluriel-48-48-rt\/"},"modified":"2024-09-09T14:01:57","modified_gmt":"2024-09-09T12:01:57","slug":"pluriel-48-48-rt","status":"publish","type":"product","link":"https:\/\/restyling.exenia.eu\/es\/producto\/pluriel-48-48-rt\/","title":{"rendered":"Pluriel 48\/48-Rt"},"content":{"rendered":"<p>Suspensi\u00f3n con fuente lum\u00ednica LED para Track 48\/48-RT versi\u00f3n suspensi\u00f3n-plaf\u00f3n, trimless y empotrado trasero. Cuerpo de aluminio estirado esmaltado en rojo ladrillo, blanco opaco, negro opaco, \u00abcarta da zucchero\u00bb (azul pastel) o gris cemento. Disponible con difusor de metacrilato arenado (PMMA) parcialmente fresado para obtener una perfecta difusi\u00f3n de la luz, o totalmente en aluminio, a completar con anillo de color con \u00f3ptica incluida. Todas las luminarias deber\u00e1n completarse con adaptador ON-OFF o DALI\/PUSH.<\/p>\n","protected":false},"excerpt":{"rendered":"<p>Suspensi\u00f3n con fuente lum\u00ednica LED para Track 48\/48-RT versi\u00f3n suspensi\u00f3n-plaf\u00f3n,&#8230;<\/p>\n","protected":false},"featured_media":12083,"template":"","meta":{"_acf_changed":false},"product_brand":[],"product_cat":[6616,6621,6626,6631,3047,6636,6652,6646],"product_tag":[8513],"categoria-admin-prodotto":[],"class_list":{"0":"post-27241","1":"product","2":"type-product","3":"status-publish","4":"has-post-thumbnail","6":"product_cat-luminarias-track-48","7":"product_cat-luminarias-track-48-evo","8":"product_cat-luminarias-track-48-trimless","9":"product_cat-luminarias-track-48-tube","10":"product_cat-pluriel-luminarias-para-pistas","11":"product_cat-luminarias-track-48-twin","12":"product_cat-luminarias-track-48-rt","13":"product_cat-todas-las-luminarias-para-48","14":"product_tag-3535050-es","15":"pa_cct-2700k-es","16":"pa_cct-3000k-es","17":"pa_cct-4000k-es","18":"pa_certificazione-conformita-ce-es","19":"pa_classe-f-si-es-2","20":"pa_cri-85-es","21":"pa_grado-ip-ip20-es","22":"pa_lifetime-l80b10-100-000-ore-es","23":"pa_temperatura-di-esercizio-10-30-es","25":"first","26":"instock","27":"purchasable","28":"product-type-composite"},"composite_virtual":false,"composite_layout":"single","composite_add_to_cart_form_location":"default","composite_editable_in_cart":false,"composite_sold_individually_context":"product","composite_shop_price_calc":"defaults","composite_components":[{"id":"1675260924","title":"Cuerpo de la luminaria","description":"","query_type":"product_ids","query_ids":[21625],"default_option_id":21625,"thumbnail_id":"","thumbnail_src":"","quantity_min":1,"quantity_max":1,"priced_individually":false,"shipped_individually":false,"optional":false,"discount":"","options_style":"radios","pagination_style":"classic","display_prices":"absolute","show_sorting_options":false,"show_filtering_options":false,"attribute_filter_ids":[],"product_title_visible":false,"product_descr_visible":false,"product_price_visible":false,"product_thumb_visible":false,"subtotal_visible_product":false,"subtotal_visible_cart":false,"subtotal_visible_orders":false},{"id":"1675260925","title":"Versi\u00f3n","description":"","query_type":"product_ids","query_ids":[21514],"default_option_id":21514,"thumbnail_id":"","thumbnail_src":"","quantity_min":1,"quantity_max":1,"priced_individually":false,"shipped_individually":false,"optional":false,"discount":"","options_style":"radios","pagination_style":"classic","display_prices":"absolute","show_sorting_options":false,"show_filtering_options":false,"attribute_filter_ids":[],"product_title_visible":false,"product_descr_visible":false,"product_price_visible":false,"product_thumb_visible":false,"subtotal_visible_product":false,"subtotal_visible_cart":false,"subtotal_visible_orders":false},{"id":"1675260926","title":"Potencia","description":"","query_type":"product_ids","query_ids":[22064],"default_option_id":22064,"thumbnail_id":"","thumbnail_src":"","quantity_min":1,"quantity_max":1,"priced_individually":false,"shipped_individually":false,"optional":false,"discount":"","options_style":"radios","pagination_style":"classic","display_prices":"absolute","show_sorting_options":false,"show_filtering_options":false,"attribute_filter_ids":[],"product_title_visible":false,"product_descr_visible":false,"product_price_visible":false,"product_thumb_visible":false,"subtotal_visible_product":false,"subtotal_visible_cart":false,"subtotal_visible_orders":false},{"id":"1675260927","title":"Acabado","description":"","query_type":"product_ids","query_ids":[21832,21805,21808,21809,21817],"default_option_id":"","thumbnail_id":"","thumbnail_src":"","quantity_min":1,"quantity_max":1,"priced_individually":false,"shipped_individually":false,"optional":true,"discount":"","options_style":"radios","pagination_style":"classic","display_prices":"absolute","show_sorting_options":false,"show_filtering_options":false,"attribute_filter_ids":[],"product_title_visible":false,"product_descr_visible":false,"product_price_visible":false,"product_thumb_visible":false,"subtotal_visible_product":false,"subtotal_visible_cart":false,"subtotal_visible_orders":false},{"id":"1675260928","title":"CRI-CCT","description":"","query_type":"product_ids","query_ids":[21737,21745,21738],"default_option_id":"","thumbnail_id":"","thumbnail_src":"","quantity_min":1,"quantity_max":1,"priced_individually":false,"shipped_individually":false,"optional":true,"discount":"","options_style":"radios","pagination_style":"classic","display_prices":"absolute","show_sorting_options":false,"show_filtering_options":false,"attribute_filter_ids":[],"product_title_visible":false,"product_descr_visible":false,"product_price_visible":false,"product_thumb_visible":false,"subtotal_visible_product":false,"subtotal_visible_cart":false,"subtotal_visible_orders":false},{"id":"1675262916","title":"Pedir por separado","description":"","query_type":"product_ids","query_ids":[7636],"default_option_id":7636,"thumbnail_id":"","thumbnail_src":"","quantity_min":1,"quantity_max":1,"priced_individually":false,"shipped_individually":false,"optional":false,"discount":"","options_style":"radios","pagination_style":"classic","display_prices":"absolute","show_sorting_options":false,"show_filtering_options":false,"attribute_filter_ids":[],"product_title_visible":false,"product_descr_visible":false,"product_price_visible":false,"product_thumb_visible":false,"subtotal_visible_product":false,"subtotal_visible_cart":false,"subtotal_visible_orders":false},{"id":"1675262917","title":"Accesorios \u00f3pticos primarios","description":"","query_type":"product_ids","query_ids":[21286],"default_option_id":21286,"thumbnail_id":"","thumbnail_src":"","quantity_min":1,"quantity_max":1,"priced_individually":false,"shipped_individually":false,"optional":false,"discount":"","options_style":"radios","pagination_style":"classic","display_prices":"absolute","show_sorting_options":false,"show_filtering_options":false,"attribute_filter_ids":[],"product_title_visible":false,"product_descr_visible":false,"product_price_visible":false,"product_thumb_visible":false,"subtotal_visible_product":false,"subtotal_visible_cart":false,"subtotal_visible_orders":false},{"id":"1675262918","title":"Acabado del anillo","description":"","query_type":"product_ids","query_ids":[21832,21798,21799,21800,21802,21805,21808,21809,21817],"default_option_id":"","thumbnail_id":"","thumbnail_src":"","quantity_min":1,"quantity_max":1,"priced_individually":false,"shipped_individually":false,"optional":true,"discount":"","options_style":"radios","pagination_style":"classic","display_prices":"absolute","show_sorting_options":false,"show_filtering_options":false,"attribute_filter_ids":[],"product_title_visible":false,"product_descr_visible":false,"product_price_visible":false,"product_thumb_visible":false,"subtotal_visible_product":false,"subtotal_visible_cart":false,"subtotal_visible_orders":false},{"id":"1675262919","title":"\u00d3ptica","description":"","query_type":"product_ids","query_ids":[21903,21892,21928],"default_option_id":"","thumbnail_id":"","thumbnail_src":"","quantity_min":1,"quantity_max":1,"priced_individually":false,"shipped_individually":false,"optional":true,"discount":"","options_style":"radios","pagination_style":"classic","display_prices":"absolute","show_sorting_options":false,"show_filtering_options":false,"attribute_filter_ids":[],"product_title_visible":false,"product_descr_visible":false,"product_price_visible":false,"product_thumb_visible":false,"subtotal_visible_product":false,"subtotal_visible_cart":false,"subtotal_visible_orders":false},{"id":"1675262920","title":" ","description":"","query_type":"product_ids","query_ids":[7636],"default_option_id":7636,"thumbnail_id":"","thumbnail_src":"","quantity_min":1,"quantity_max":1,"priced_individually":false,"shipped_individually":false,"optional":false,"discount":"","options_style":"radios","pagination_style":"classic","display_prices":"absolute","show_sorting_options":false,"show_filtering_options":false,"attribute_filter_ids":[],"product_title_visible":false,"product_descr_visible":false,"product_price_visible":false,"product_thumb_visible":false,"subtotal_visible_product":false,"subtotal_visible_cart":false,"subtotal_visible_orders":false},{"id":"1675262921","title":"Adaptador","description":"","query_type":"product_ids","query_ids":[13514],"default_option_id":13514,"thumbnail_id":"","thumbnail_src":"","quantity_min":1,"quantity_max":1,"priced_individually":false,"shipped_individually":false,"optional":false,"discount":"","options_style":"radios","pagination_style":"classic","display_prices":"absolute","show_sorting_options":false,"show_filtering_options":false,"attribute_filter_ids":[],"product_title_visible":false,"product_descr_visible":false,"product_price_visible":false,"product_thumb_visible":true,"subtotal_visible_product":false,"subtotal_visible_cart":false,"subtotal_visible_orders":false}],"composite_scenarios":[],"bundled_by":[],"bundle_stock_status":"instock","bundle_stock_quantity":null,"bundle_virtual":false,"bundle_layout":"","bundle_add_to_cart_form_location":"","bundle_editable_in_cart":false,"bundle_sold_individually_context":"","bundle_item_grouping":"","bundle_min_size":"","bundle_max_size":"","bundled_items":[],"bundle_sell_ids":[],"acf":[],"yoast_head":"<!-- This site is optimized with the Yoast SEO plugin v27.4 - https:\/\/yoast.com\/product\/yoast-seo-wordpress\/ -->\n<title>Pluriel 48\/48-Rt | Exenia<\/title>\n<meta name=\"robots\" content=\"noindex, follow, max-snippet:-1, max-image-preview:large, max-video-preview:-1\" \/>\n<meta property=\"og:locale\" content=\"es_ES\" \/>\n<meta property=\"og:type\" content=\"article\" \/>\n<meta property=\"og:title\" content=\"Pluriel 48\/48-Rt | Exenia\" \/>\n<meta property=\"og:description\" content=\"Suspensi\u00f3n con fuente lum\u00ednica LED para Track 48\/48-RT versi\u00f3n suspensi\u00f3n-plaf\u00f3n,...\" \/>\n<meta property=\"og:url\" content=\"https:\/\/restyling.exenia.eu\/es\/producto\/pluriel-48-48-rt\/\" \/>\n<meta property=\"og:site_name\" content=\"Exenia\" \/>\n<meta property=\"article:publisher\" content=\"https:\/\/www.facebook.com\/exenialighting\" \/>\n<meta property=\"article:modified_time\" content=\"2024-09-09T12:01:57+00:00\" \/>\n<meta property=\"og:image\" content=\"https:\/\/restyling.exenia.eu\/wp-content\/uploads\/2023\/01\/Pluriel-48-prodotto.jpg\" \/>\n\t<meta property=\"og:image:width\" content=\"2000\" \/>\n\t<meta property=\"og:image:height\" content=\"1919\" \/>\n\t<meta property=\"og:image:type\" content=\"image\/jpeg\" \/>\n<!-- \/ Yoast SEO plugin. -->","yoast_head_json":{"title":"Pluriel 48\/48-Rt | Exenia","robots":{"index":"noindex","follow":"follow","max-snippet":"max-snippet:-1","max-image-preview":"max-image-preview:large","max-video-preview":"max-video-preview:-1"},"og_locale":"es_ES","og_type":"article","og_title":"Pluriel 48\/48-Rt | Exenia","og_description":"Suspensi\u00f3n con fuente lum\u00ednica LED para Track 48\/48-RT versi\u00f3n suspensi\u00f3n-plaf\u00f3n,...","og_url":"https:\/\/restyling.exenia.eu\/es\/producto\/pluriel-48-48-rt\/","og_site_name":"Exenia","article_publisher":"https:\/\/www.facebook.com\/exenialighting","article_modified_time":"2024-09-09T12:01:57+00:00","og_image":[{"width":2000,"height":1919,"url":"https:\/\/restyling.exenia.eu\/wp-content\/uploads\/2023\/01\/Pluriel-48-prodotto.jpg","type":"image\/jpeg"}],"schema":{"@context":"https:\/\/schema.org","@graph":[{"@type":"WebPage","@id":"https:\/\/restyling.exenia.eu\/es\/producto\/pluriel-48-48-rt\/","url":"https:\/\/restyling.exenia.eu\/es\/producto\/pluriel-48-48-rt\/","name":"Pluriel 48\/48-Rt | Exenia","isPartOf":{"@id":"https:\/\/restyling.exenia.eu\/#website"},"primaryImageOfPage":{"@id":"https:\/\/restyling.exenia.eu\/es\/producto\/pluriel-48-48-rt\/#primaryimage"},"image":{"@id":"https:\/\/restyling.exenia.eu\/es\/producto\/pluriel-48-48-rt\/#primaryimage"},"thumbnailUrl":"https:\/\/restyling.exenia.eu\/wp-content\/uploads\/2023\/01\/Pluriel-48-prodotto.jpg","datePublished":"2022-11-24T08:50:58+00:00","dateModified":"2024-09-09T12:01:57+00:00","breadcrumb":{"@id":"https:\/\/restyling.exenia.eu\/es\/producto\/pluriel-48-48-rt\/#breadcrumb"},"inLanguage":"es","potentialAction":[{"@type":"ReadAction","target":["https:\/\/restyling.exenia.eu\/es\/producto\/pluriel-48-48-rt\/"]}]},{"@type":"ImageObject","inLanguage":"es","@id":"https:\/\/restyling.exenia.eu\/es\/producto\/pluriel-48-48-rt\/#primaryimage","url":"https:\/\/restyling.exenia.eu\/wp-content\/uploads\/2023\/01\/Pluriel-48-prodotto.jpg","contentUrl":"https:\/\/restyling.exenia.eu\/wp-content\/uploads\/2023\/01\/Pluriel-48-prodotto.jpg","width":2000,"height":1919},{"@type":"BreadcrumbList","@id":"https:\/\/restyling.exenia.eu\/es\/producto\/pluriel-48-48-rt\/#breadcrumb","itemListElement":[{"@type":"ListItem","position":1,"name":"Home","item":"https:\/\/restyling.exenia.eu\/"},{"@type":"ListItem","position":2,"name":"Productos","item":"https:\/\/restyling.exenia.eu\/prodotti\/"},{"@type":"ListItem","position":3,"name":"Indoor","item":"https:\/\/restyling.exenia.eu\/es\/c\/indoor\/"},{"@type":"ListItem","position":4,"name":"Luminarias para Sistemas\/Carriles","item":"https:\/\/restyling.exenia.eu\/es\/c\/indoor\/luminarias-para-sistemas-carriles\/"},{"@type":"ListItem","position":5,"name":"48 V","item":"https:\/\/restyling.exenia.eu\/es\/c\/indoor\/luminarias-para-sistemas-carriles\/48-v-es\/"},{"@type":"ListItem","position":6,"name":"Todas las luminarias para 48","item":"https:\/\/restyling.exenia.eu\/es\/c\/indoor\/luminarias-para-sistemas-carriles\/48-v-es\/todas-las-luminarias-para-48\/"},{"@type":"ListItem","position":7,"name":"Pluriel","item":"https:\/\/restyling.exenia.eu\/c\/indoor\/apparecchi-per-sistemi-binari-elettrificati\/48-v\/tutti-gli-apparecchi-48\/pluriel-48v\/"},{"@type":"ListItem","position":8,"name":"Pluriel 48\/48-Rt"}]},{"@type":"WebSite","@id":"https:\/\/restyling.exenia.eu\/#website","url":"https:\/\/restyling.exenia.eu\/","name":"Exenia","description":"","publisher":{"@id":"https:\/\/restyling.exenia.eu\/#organization"},"potentialAction":[{"@type":"SearchAction","target":{"@type":"EntryPoint","urlTemplate":"https:\/\/restyling.exenia.eu\/?s={search_term_string}"},"query-input":{"@type":"PropertyValueSpecification","valueRequired":true,"valueName":"search_term_string"}}],"inLanguage":"es"},{"@type":"Organization","@id":"https:\/\/restyling.exenia.eu\/#organization","name":"Exenia","url":"https:\/\/restyling.exenia.eu\/","logo":{"@type":"ImageObject","inLanguage":"es","@id":"https:\/\/restyling.exenia.eu\/#\/schema\/logo\/image\/","url":"https:\/\/restyling.exenia.eu\/wp-content\/uploads\/2022\/09\/logo_exenia-e1678467519405.png","contentUrl":"https:\/\/restyling.exenia.eu\/wp-content\/uploads\/2022\/09\/logo_exenia-e1678467519405.png","width":600,"height":194,"caption":"Exenia"},"image":{"@id":"https:\/\/restyling.exenia.eu\/#\/schema\/logo\/image\/"},"sameAs":["https:\/\/www.facebook.com\/exenialighting","https:\/\/x.com\/ExeniaLighting"]}]}},"_links":{"self":[{"href":"https:\/\/restyling.exenia.eu\/es\/wp-json\/wp\/v2\/product\/27241","targetHints":{"allow":["GET"]}}],"collection":[{"href":"https:\/\/restyling.exenia.eu\/es\/wp-json\/wp\/v2\/product"}],"about":[{"href":"https:\/\/restyling.exenia.eu\/es\/wp-json\/wp\/v2\/types\/product"}],"wp:featuredmedia":[{"embeddable":true,"href":"https:\/\/restyling.exenia.eu\/es\/wp-json\/wp\/v2\/media\/12083"}],"wp:attachment":[{"href":"https:\/\/restyling.exenia.eu\/es\/wp-json\/wp\/v2\/media?parent=27241"}],"wp:term":[{"taxonomy":"product_brand","embeddable":true,"href":"https:\/\/restyling.exenia.eu\/es\/wp-json\/wp\/v2\/product_brand?post=27241"},{"taxonomy":"product_cat","embeddable":true,"href":"https:\/\/restyling.exenia.eu\/es\/wp-json\/wp\/v2\/product_cat?post=27241"},{"taxonomy":"product_tag","embeddable":true,"href":"https:\/\/restyling.exenia.eu\/es\/wp-json\/wp\/v2\/product_tag?post=27241"},{"taxonomy":"categoria-admin-prodotto","embeddable":true,"href":"https:\/\/restyling.exenia.eu\/es\/wp-json\/wp\/v2\/categoria-admin-prodotto?post=27241"}],"curies":[{"name":"wp","href":"https:\/\/api.w.org\/{rel}","templated":true}]}}