{"id":27298,"date":"2022-11-24T09:50:41","date_gmt":"2022-11-24T08:50:41","guid":{"rendered":"https:\/\/www.exenia.eu\/prodotto\/museo-revo-small-2\/"},"modified":"2023-07-14T13:45:05","modified_gmt":"2023-07-14T11:45:05","slug":"museo-revo-small","status":"publish","type":"product","link":"https:\/\/restyling.exenia.eu\/es\/producto\/museo-revo-small\/","title":{"rendered":"Museo Revo Small"},"content":{"rendered":"<p>caracterizado por una articulaci\u00f3n doble y seis grados de libertad, permiten una posici\u00f3n precisa y puntual en todas las direcciones.<br \/>\nLas dimensiones reducidas al m\u00ednimo, los acabados dedicados al m\u00e1ximo camuflaje en el contexto, se combinan con el nuevo rendimiento de Revo Par\u00e1metros, alcanzando una relaci\u00f3n de tama\u00f1o-rendimiento comparable.<\/p>\n<p>La versi\u00f3n <strong> peque\u00f1a <\/strong> ofrece vigas de 6 \u00b0 a 50 \u00b0, dos vigas el\u00edpticas estrechas el\u00edpticas estrechas y el\u00edpticas, y un accesorio de shaper m\u00e1s numerosos accesorios de compendio. Representaci\u00f3n de alto color, UGR Coeficiente &lt; 10 y el cumplimiento de los par\u00e1metros de iluminaci\u00f3n oscura, se completan por la calidad de los 2 SDCM de la fuente de luz y por la limpieza particular de la proyecci\u00f3n del haz.<br \/>\nCompatibilidad completa con el control m\u00e1s com\u00fan Los sistemas hacen que Museo Revo sea peque\u00f1o la herramienta perfecta en contextos donde el valor de la fuente est\u00e1 determinado por una calidad de gran rendimiento e intrusividad f\u00edsica y visual m\u00ednima.<\/p>\n","protected":false},"excerpt":{"rendered":"<p>caracterizado por una articulaci\u00f3n doble y seis grados de libertad,&#8230;<\/p>\n","protected":false},"featured_media":23514,"template":"","meta":{"_acf_changed":false},"product_brand":[],"product_cat":[3060],"product_tag":[7501,7508],"categoria-admin-prodotto":[],"class_list":{"0":"post-27298","1":"product","2":"type-product","3":"status-publish","4":"has-post-thumbnail","6":"product_cat-museo-revo-proyectores-base","7":"product_tag-38540-es","8":"product_tag-38541-es-2","9":"pa_cct-2700k-es","10":"pa_cct-3000k-es","11":"pa_cct-3500k-es","12":"pa_cct-4000k-es","13":"pa_certificazione-conformita-ce-es","14":"pa_classe-f-si-es-2","15":"pa_cri-92-es","16":"pa_cri-98-es","17":"pa_grado-ip-ip20-es","18":"pa_temperatura-di-esercizio-10-35-es","20":"first","21":"instock","22":"purchasable","23":"product-type-composite"},"composite_virtual":false,"composite_layout":"single","composite_add_to_cart_form_location":"default","composite_editable_in_cart":false,"composite_sold_individually_context":"product","composite_shop_price_calc":"defaults","composite_components":[{"id":"1674663088","title":"Cuerpo de la luminaria","description":"","query_type":"product_ids","query_ids":[21660],"default_option_id":21660,"thumbnail_id":"","thumbnail_src":"","quantity_min":1,"quantity_max":1,"priced_individually":false,"shipped_individually":false,"optional":false,"discount":"","options_style":"radios","pagination_style":"classic","display_prices":"absolute","show_sorting_options":false,"show_filtering_options":false,"attribute_filter_ids":[],"product_title_visible":false,"product_descr_visible":false,"product_price_visible":false,"product_thumb_visible":false,"subtotal_visible_product":false,"subtotal_visible_cart":false,"subtotal_visible_orders":false},{"id":"1674663089","title":"Versi\u00f3n","description":"","query_type":"product_ids","query_ids":[22130,22139],"default_option_id":"","thumbnail_id":"","thumbnail_src":"","quantity_min":1,"quantity_max":1,"priced_individually":false,"shipped_individually":false,"optional":true,"discount":"","options_style":"radios","pagination_style":"classic","display_prices":"absolute","show_sorting_options":false,"show_filtering_options":false,"attribute_filter_ids":[],"product_title_visible":false,"product_descr_visible":false,"product_price_visible":false,"product_thumb_visible":false,"subtotal_visible_product":false,"subtotal_visible_cart":false,"subtotal_visible_orders":false},{"id":"1674663090","title":"Controlar","description":"","query_type":"product_ids","query_ids":[21534,21535,21563,21561,21579],"default_option_id":"","thumbnail_id":"","thumbnail_src":"","quantity_min":1,"quantity_max":1,"priced_individually":false,"shipped_individually":false,"optional":true,"discount":"","options_style":"radios","pagination_style":"classic","display_prices":"absolute","show_sorting_options":false,"show_filtering_options":false,"attribute_filter_ids":[],"product_title_visible":false,"product_descr_visible":false,"product_price_visible":false,"product_thumb_visible":false,"subtotal_visible_product":false,"subtotal_visible_cart":false,"subtotal_visible_orders":false},{"id":"1674663091","title":"Acabado","description":"","query_type":"product_ids","query_ids":[21864,21839,21797,21857,21855,21852,21843],"default_option_id":"","thumbnail_id":"","thumbnail_src":"","quantity_min":1,"quantity_max":1,"priced_individually":false,"shipped_individually":false,"optional":true,"discount":"","options_style":"radios","pagination_style":"classic","display_prices":"absolute","show_sorting_options":false,"show_filtering_options":false,"attribute_filter_ids":[],"product_title_visible":false,"product_descr_visible":false,"product_price_visible":false,"product_thumb_visible":false,"subtotal_visible_product":false,"subtotal_visible_cart":false,"subtotal_visible_orders":false},{"id":"1674663092","title":"CRI-CCT","description":"","query_type":"product_ids","query_ids":[21717,21718,21720,21719,21727,21729,21728,21730],"default_option_id":"","thumbnail_id":"","thumbnail_src":"","quantity_min":1,"quantity_max":1,"priced_individually":false,"shipped_individually":false,"optional":true,"discount":"","options_style":"radios","pagination_style":"classic","display_prices":"absolute","show_sorting_options":false,"show_filtering_options":false,"attribute_filter_ids":[],"product_title_visible":false,"product_descr_visible":false,"product_price_visible":false,"product_thumb_visible":false,"subtotal_visible_product":false,"subtotal_visible_cart":false,"subtotal_visible_orders":false},{"id":"1674663093","title":"\u00d3ptica","description":"","query_type":"product_ids","query_ids":[22014,21988,21884,22004,21982,21952,22021,21891],"default_option_id":"","thumbnail_id":"","thumbnail_src":"","quantity_min":1,"quantity_max":1,"priced_individually":false,"shipped_individually":false,"optional":true,"discount":"","options_style":"radios","pagination_style":"classic","display_prices":"absolute","show_sorting_options":false,"show_filtering_options":false,"attribute_filter_ids":[],"product_title_visible":false,"product_descr_visible":false,"product_price_visible":false,"product_thumb_visible":false,"subtotal_visible_product":false,"subtotal_visible_cart":false,"subtotal_visible_orders":false},{"id":"1674663094","title":"Accesorios","description":"","query_type":"product_ids","query_ids":[21503,21482,21507,21509,21478],"default_option_id":"","thumbnail_id":"","thumbnail_src":"","quantity_min":1,"quantity_max":1,"priced_individually":false,"shipped_individually":false,"optional":true,"discount":"","options_style":"radios","pagination_style":"classic","display_prices":"absolute","show_sorting_options":false,"show_filtering_options":false,"attribute_filter_ids":[],"product_title_visible":false,"product_descr_visible":false,"product_price_visible":false,"product_thumb_visible":false,"subtotal_visible_product":false,"subtotal_visible_cart":false,"subtotal_visible_orders":false},{"id":"1676887044","title":"Accesorios independientes","description":"","query_type":"product_ids","query_ids":[40642],"default_option_id":40642,"thumbnail_id":"","thumbnail_src":"","quantity_min":1,"quantity_max":1,"priced_individually":false,"shipped_individually":false,"optional":false,"discount":"","options_style":"radios","pagination_style":"classic","display_prices":"absolute","show_sorting_options":false,"show_filtering_options":false,"attribute_filter_ids":[],"product_title_visible":false,"product_descr_visible":true,"product_price_visible":false,"product_thumb_visible":false,"subtotal_visible_product":false,"subtotal_visible_cart":false,"subtotal_visible_orders":false},{"id":"1689331882","title":"Vida Util","description":"","query_type":"product_ids","query_ids":[50126,50131],"default_option_id":"","thumbnail_id":"","thumbnail_src":"","quantity_min":1,"quantity_max":1,"priced_individually":false,"shipped_individually":false,"optional":true,"discount":"","options_style":"radios","pagination_style":"classic","display_prices":"absolute","show_sorting_options":false,"show_filtering_options":false,"attribute_filter_ids":[],"product_title_visible":false,"product_descr_visible":false,"product_price_visible":false,"product_thumb_visible":false,"subtotal_visible_product":false,"subtotal_visible_cart":false,"subtotal_visible_orders":false}],"composite_scenarios":[{"id":"1674663661","name":"1x + LT","description":"","configuration":[{"component_id":"1674663089","options_modifier":"in","component_options":[22130]},{"component_id":"1674663090","options_modifier":"in","component_options":[21579]}],"actions":[{"action_id":"compat_group","is_active":false},{"action_id":"conditional_components","is_active":false,"hidden_components":[]},{"action_id":"conditional_options","is_active":true,"hidden_options":[{"component_id":"1674663093","component_options":[22014,21988,21884],"options_modifier":"in"}]}],"enabled":true},{"id":"1674663662","name":"2x + LT","description":"","configuration":[{"component_id":"1674663089","options_modifier":"in","component_options":[22139]},{"component_id":"1674663090","options_modifier":"in","component_options":[21579]}],"actions":[{"action_id":"compat_group","is_active":false},{"action_id":"conditional_components","is_active":false,"hidden_components":[]},{"action_id":"conditional_options","is_active":true,"hidden_options":[{"component_id":"1674663093","component_options":[22014],"options_modifier":"in"}]}],"enabled":true},{"id":"1674663663","name":"cri98","description":"","configuration":[{"component_id":"1674663092","options_modifier":"in","component_options":[21727,21729,21728,21730]}],"actions":[{"action_id":"compat_group","is_active":false},{"action_id":"conditional_components","is_active":false,"hidden_components":[]},{"action_id":"conditional_options","is_active":true,"hidden_options":[{"component_id":"1674663093","component_options":[22014,21988,21884],"options_modifier":"in"}]}],"enabled":true},{"id":"1674663664","name":"very narrow spot","description":"","configuration":[{"component_id":"1674663093","options_modifier":"in","component_options":[22014]}],"actions":[{"action_id":"compat_group","is_active":false},{"action_id":"conditional_components","is_active":false,"hidden_components":[]},{"action_id":"conditional_options","is_active":true,"hidden_options":[{"component_id":"1674663090","component_options":[21579],"options_modifier":"in"},{"component_id":"1674663092","component_options":[21727,21729,21728,21730],"options_modifier":"in"}]}],"enabled":true},{"id":"1674663665","name":"narrow spot","description":"","configuration":[{"component_id":"1674663093","options_modifier":"in","component_options":[21988]}],"actions":[{"action_id":"compat_group","is_active":false},{"action_id":"conditional_components","is_active":false,"hidden_components":[]},{"action_id":"conditional_options","is_active":true,"hidden_options":[{"component_id":"1674663092","component_options":[21727,21729,21728,21730],"options_modifier":"in"},{"component_id":"1674663094","component_options":[21478],"options_modifier":"in"}]}],"enabled":true},{"id":"1674663666","name":"narrow spot \/ ell.narrow spot + 1x","description":"","configuration":[{"component_id":"1674663089","options_modifier":"in","component_options":[22130]},{"component_id":"1674663093","options_modifier":"in","component_options":[21988,21884]}],"actions":[{"action_id":"compat_group","is_active":false},{"action_id":"conditional_components","is_active":false,"hidden_components":[]},{"action_id":"conditional_options","is_active":true,"hidden_options":[{"component_id":"1674663090","component_options":[21579],"options_modifier":"in"}]}],"enabled":true},{"id":"1674663667","name":"ell. narrow spot","description":"","configuration":[{"component_id":"1674663093","options_modifier":"in","component_options":[21884]}],"actions":[{"action_id":"compat_group","is_active":false},{"action_id":"conditional_components","is_active":false,"hidden_components":[]},{"action_id":"conditional_options","is_active":true,"hidden_options":[{"component_id":"1674663092","component_options":[21727,21729,21728,21730],"options_modifier":"in"},{"component_id":"1674663094","component_options":[-1,21503],"options_modifier":"not-in"}]}],"enabled":true},{"id":"1674663668","name":"wide flood","description":"","configuration":[{"component_id":"1674663093","options_modifier":"in","component_options":[22021]}],"actions":[{"action_id":"compat_group","is_active":false},{"action_id":"conditional_components","is_active":false,"hidden_components":[]},{"action_id":"conditional_options","is_active":true,"hidden_options":[{"component_id":"1674663094","component_options":[21478],"options_modifier":"in"}]}],"enabled":true},{"id":"1674663669","name":"ell. wide flood","description":"","configuration":[{"component_id":"1674663093","options_modifier":"in","component_options":[21891]}],"actions":[{"action_id":"compat_group","is_active":false},{"action_id":"conditional_components","is_active":false,"hidden_components":[]},{"action_id":"conditional_options","is_active":true,"hidden_options":[{"component_id":"1674663094","component_options":[-1,21503],"options_modifier":"not-in"}]}],"enabled":true},{"id":"1674663853","name":"acc. honeycomb \/ snoot \/ visor","description":"","configuration":[{"component_id":"1674663094","options_modifier":"in","component_options":[21482,21507,21509]}],"actions":[{"action_id":"compat_group","is_active":false},{"action_id":"conditional_components","is_active":false,"hidden_components":[]},{"action_id":"conditional_options","is_active":true,"hidden_options":[{"component_id":"1674663093","component_options":[21884,21891],"options_modifier":"in"}]}],"enabled":true},{"id":"1674663854","name":"acc. lente ell.","description":"","configuration":[{"component_id":"1674663094","options_modifier":"in","component_options":[21478]}],"actions":[{"action_id":"compat_group","is_active":false},{"action_id":"conditional_components","is_active":false,"hidden_components":[]},{"action_id":"conditional_options","is_active":true,"hidden_options":[{"component_id":"1674663093","component_options":[21988,21884,22021,21891],"options_modifier":"in"}]}],"enabled":true},{"id":"1689331958","name":"LT 80","description":"","configuration":[{"component_id":"1674663093","options_modifier":"in","component_options":[22004,21982,21952,22021,21891]}],"actions":[{"action_id":"compat_group","is_active":false},{"action_id":"conditional_components","is_active":false,"hidden_components":[]},{"action_id":"conditional_options","is_active":true,"hidden_options":[{"component_id":"1689331882","component_options":[-1,50126],"options_modifier":"not-in"}]}],"enabled":true},{"id":"1689331959","name":"LT 100","description":"","configuration":[{"component_id":"1674663093","options_modifier":"in","component_options":[22014,21988,21884]}],"actions":[{"action_id":"compat_group","is_active":false},{"action_id":"conditional_components","is_active":false,"hidden_components":[]},{"action_id":"conditional_options","is_active":true,"hidden_options":[{"component_id":"1689331882","component_options":[-1,50131],"options_modifier":"not-in"}]}],"enabled":true}],"bundled_by":[],"bundle_stock_status":"instock","bundle_stock_quantity":null,"bundle_virtual":false,"bundle_layout":"","bundle_add_to_cart_form_location":"","bundle_editable_in_cart":false,"bundle_sold_individually_context":"","bundle_item_grouping":"","bundle_min_size":"","bundle_max_size":"","bundled_items":[],"bundle_sell_ids":[],"acf":[],"yoast_head":"<!-- This site is optimized with the Yoast SEO plugin v27.4 - https:\/\/yoast.com\/product\/yoast-seo-wordpress\/ -->\n<title>Museo Revo Small | Exenia<\/title>\n<meta name=\"robots\" content=\"noindex, follow, max-snippet:-1, max-image-preview:large, max-video-preview:-1\" \/>\n<meta property=\"og:locale\" content=\"es_ES\" \/>\n<meta property=\"og:type\" content=\"article\" \/>\n<meta property=\"og:title\" content=\"Museo Revo Small | Exenia\" \/>\n<meta property=\"og:description\" content=\"caracterizado por una articulaci\u00f3n doble y seis grados de libertad,...\" \/>\n<meta property=\"og:url\" content=\"https:\/\/restyling.exenia.eu\/es\/producto\/museo-revo-small\/\" \/>\n<meta property=\"og:site_name\" content=\"Exenia\" \/>\n<meta property=\"article:publisher\" content=\"https:\/\/www.facebook.com\/exenialighting\" \/>\n<meta property=\"article:modified_time\" content=\"2023-07-14T11:45:05+00:00\" \/>\n<meta property=\"og:image\" content=\"https:\/\/restyling.exenia.eu\/wp-content\/uploads\/2023\/01\/Museo-revo-small-prodotto.jpg\" \/>\n\t<meta property=\"og:image:width\" content=\"2000\" \/>\n\t<meta property=\"og:image:height\" content=\"1919\" \/>\n\t<meta property=\"og:image:type\" content=\"image\/jpeg\" \/>\n<!-- \/ Yoast SEO plugin. -->","yoast_head_json":{"title":"Museo Revo Small | Exenia","robots":{"index":"noindex","follow":"follow","max-snippet":"max-snippet:-1","max-image-preview":"max-image-preview:large","max-video-preview":"max-video-preview:-1"},"og_locale":"es_ES","og_type":"article","og_title":"Museo Revo Small | Exenia","og_description":"caracterizado por una articulaci\u00f3n doble y seis grados de libertad,...","og_url":"https:\/\/restyling.exenia.eu\/es\/producto\/museo-revo-small\/","og_site_name":"Exenia","article_publisher":"https:\/\/www.facebook.com\/exenialighting","article_modified_time":"2023-07-14T11:45:05+00:00","og_image":[{"width":2000,"height":1919,"url":"https:\/\/restyling.exenia.eu\/wp-content\/uploads\/2023\/01\/Museo-revo-small-prodotto.jpg","type":"image\/jpeg"}],"schema":{"@context":"https:\/\/schema.org","@graph":[{"@type":"WebPage","@id":"https:\/\/restyling.exenia.eu\/es\/producto\/museo-revo-small\/","url":"https:\/\/restyling.exenia.eu\/es\/producto\/museo-revo-small\/","name":"Museo Revo Small | Exenia","isPartOf":{"@id":"https:\/\/restyling.exenia.eu\/#website"},"primaryImageOfPage":{"@id":"https:\/\/restyling.exenia.eu\/es\/producto\/museo-revo-small\/#primaryimage"},"image":{"@id":"https:\/\/restyling.exenia.eu\/es\/producto\/museo-revo-small\/#primaryimage"},"thumbnailUrl":"https:\/\/restyling.exenia.eu\/wp-content\/uploads\/2023\/01\/Museo-revo-small-prodotto.jpg","datePublished":"2022-11-24T08:50:41+00:00","dateModified":"2023-07-14T11:45:05+00:00","breadcrumb":{"@id":"https:\/\/restyling.exenia.eu\/es\/producto\/museo-revo-small\/#breadcrumb"},"inLanguage":"es","potentialAction":[{"@type":"ReadAction","target":["https:\/\/restyling.exenia.eu\/es\/producto\/museo-revo-small\/"]}]},{"@type":"ImageObject","inLanguage":"es","@id":"https:\/\/restyling.exenia.eu\/es\/producto\/museo-revo-small\/#primaryimage","url":"https:\/\/restyling.exenia.eu\/wp-content\/uploads\/2023\/01\/Museo-revo-small-prodotto.jpg","contentUrl":"https:\/\/restyling.exenia.eu\/wp-content\/uploads\/2023\/01\/Museo-revo-small-prodotto.jpg","width":2000,"height":1919},{"@type":"BreadcrumbList","@id":"https:\/\/restyling.exenia.eu\/es\/producto\/museo-revo-small\/#breadcrumb","itemListElement":[{"@type":"ListItem","position":1,"name":"Home","item":"https:\/\/restyling.exenia.eu\/"},{"@type":"ListItem","position":2,"name":"Productos","item":"https:\/\/restyling.exenia.eu\/prodotti\/"},{"@type":"ListItem","position":3,"name":"Indoor","item":"https:\/\/restyling.exenia.eu\/es\/c\/indoor\/"},{"@type":"ListItem","position":4,"name":"Proyectores base","item":"https:\/\/restyling.exenia.eu\/es\/c\/indoor\/proyectores-base\/"},{"@type":"ListItem","position":5,"name":"Museo Revo","item":"https:\/\/restyling.exenia.eu\/es\/c\/indoor\/proyectores-base\/museo-revo-proyectores-base\/"},{"@type":"ListItem","position":6,"name":"Museo Revo Small"}]},{"@type":"WebSite","@id":"https:\/\/restyling.exenia.eu\/#website","url":"https:\/\/restyling.exenia.eu\/","name":"Exenia","description":"","publisher":{"@id":"https:\/\/restyling.exenia.eu\/#organization"},"potentialAction":[{"@type":"SearchAction","target":{"@type":"EntryPoint","urlTemplate":"https:\/\/restyling.exenia.eu\/?s={search_term_string}"},"query-input":{"@type":"PropertyValueSpecification","valueRequired":true,"valueName":"search_term_string"}}],"inLanguage":"es"},{"@type":"Organization","@id":"https:\/\/restyling.exenia.eu\/#organization","name":"Exenia","url":"https:\/\/restyling.exenia.eu\/","logo":{"@type":"ImageObject","inLanguage":"es","@id":"https:\/\/restyling.exenia.eu\/#\/schema\/logo\/image\/","url":"https:\/\/restyling.exenia.eu\/wp-content\/uploads\/2022\/09\/logo_exenia-e1678467519405.png","contentUrl":"https:\/\/restyling.exenia.eu\/wp-content\/uploads\/2022\/09\/logo_exenia-e1678467519405.png","width":600,"height":194,"caption":"Exenia"},"image":{"@id":"https:\/\/restyling.exenia.eu\/#\/schema\/logo\/image\/"},"sameAs":["https:\/\/www.facebook.com\/exenialighting","https:\/\/x.com\/ExeniaLighting"]}]}},"_links":{"self":[{"href":"https:\/\/restyling.exenia.eu\/es\/wp-json\/wp\/v2\/product\/27298","targetHints":{"allow":["GET"]}}],"collection":[{"href":"https:\/\/restyling.exenia.eu\/es\/wp-json\/wp\/v2\/product"}],"about":[{"href":"https:\/\/restyling.exenia.eu\/es\/wp-json\/wp\/v2\/types\/product"}],"wp:featuredmedia":[{"embeddable":true,"href":"https:\/\/restyling.exenia.eu\/es\/wp-json\/wp\/v2\/media\/23514"}],"wp:attachment":[{"href":"https:\/\/restyling.exenia.eu\/es\/wp-json\/wp\/v2\/media?parent=27298"}],"wp:term":[{"taxonomy":"product_brand","embeddable":true,"href":"https:\/\/restyling.exenia.eu\/es\/wp-json\/wp\/v2\/product_brand?post=27298"},{"taxonomy":"product_cat","embeddable":true,"href":"https:\/\/restyling.exenia.eu\/es\/wp-json\/wp\/v2\/product_cat?post=27298"},{"taxonomy":"product_tag","embeddable":true,"href":"https:\/\/restyling.exenia.eu\/es\/wp-json\/wp\/v2\/product_tag?post=27298"},{"taxonomy":"categoria-admin-prodotto","embeddable":true,"href":"https:\/\/restyling.exenia.eu\/es\/wp-json\/wp\/v2\/categoria-admin-prodotto?post=27298"}],"curies":[{"name":"wp","href":"https:\/\/api.w.org\/{rel}","templated":true}]}}