{"id":27308,"date":"2022-11-24T09:50:41","date_gmt":"2022-11-24T08:50:41","guid":{"rendered":"https:\/\/www.exenia.eu\/prodotto\/naboo-meeting-2\/"},"modified":"2023-06-13T14:43:36","modified_gmt":"2023-06-13T12:43:36","slug":"naboo-meeting","status":"publish","type":"product","link":"https:\/\/restyling.exenia.eu\/es\/producto\/naboo-meeting\/","title":{"rendered":"Naboo Meeting"},"content":{"rendered":"<p>luminaria LED suspendida de forma cuadrangular org\u00e1nica con una longitud de 2570 mm y un ancho de 1710 mm. Equipado con una fuente de luz lineal SMD y difusor de policarbonato Opal para la distribuci\u00f3n de luz omni-direccional. Disponible en 2700K, 3000K y 4000K en CRI95 y 3000K en CRI85. Potencia nominal Con-Suunt of 145W. Mantenimiento de la luz de 50,000<br \/>\nHRS en L80 B10. La luminaria se fabrica a partir del perfil de aleaci\u00f3n de aluminio extruido 6060 y se compone de cuatro secciones, que se pueden unir con piezas de uni\u00f3n de aluminio a presi\u00f3n. Se instalan cuatro cables de suspensi\u00f3n de acero a las piezas de uni\u00f3n y permiten el ajuste de altura de la luminaria. La luminaria de clase III con fuente de alimentaci\u00f3n incluida en el dosel, disponible para In-Off, 1-10V, Dali y Push Dimming. Una opci\u00f3n de fuente de alimentaci\u00f3n remota est\u00e1 disponible para instalaciones sin un dosel. Protecci\u00f3n de ingreso de IP40. Los acabados corporales incluyen ladrillo rojo, textura de color blanco mate, color tex negro mate, efecto de \u00f3xido y gris de concreto.<\/p>\n","protected":false},"excerpt":{"rendered":"<p>luminaria LED suspendida de forma cuadrangular org\u00e1nica con una longitud&#8230;<\/p>\n","protected":false},"featured_media":11618,"template":"","meta":{"_acf_changed":false},"product_brand":[],"product_cat":[3009],"product_tag":[8398],"categoria-admin-prodotto":[],"class_list":{"0":"post-27308","1":"product","2":"type-product","3":"status-publish","4":"has-post-thumbnail","6":"product_cat-naboo-suspensiones-y-techo","7":"product_tag-3785050-es","8":"pa_cct-2700k-es","9":"pa_cct-3000k-es","10":"pa_cct-4000k-es","11":"pa_certificazione-conformita-ce-es","12":"pa_classe-f-si-es-2","13":"pa_cri-85-es","14":"pa_cri-95-es","15":"pa_grado-ip-ip40-es","16":"pa_lifetime-l80b10-50-000-h-es","17":"pa_temperatura-di-esercizio-10-30-es","19":"first","20":"instock","21":"purchasable","22":"product-type-composite"},"composite_virtual":false,"composite_layout":"single","composite_add_to_cart_form_location":"default","composite_editable_in_cart":false,"composite_sold_individually_context":"product","composite_shop_price_calc":"defaults","composite_components":[{"id":"1669645730","title":"Cuerpo de la luminaria","description":"","query_type":"product_ids","query_ids":[21654],"default_option_id":21654,"thumbnail_id":"","thumbnail_src":"","quantity_min":1,"quantity_max":1,"priced_individually":false,"shipped_individually":false,"optional":false,"discount":"","options_style":"radios","pagination_style":"classic","display_prices":"absolute","show_sorting_options":false,"show_filtering_options":false,"attribute_filter_ids":[],"product_title_visible":false,"product_descr_visible":false,"product_price_visible":false,"product_thumb_visible":false,"subtotal_visible_product":false,"subtotal_visible_cart":false,"subtotal_visible_orders":false},{"id":"1669645232","title":"Versi\u00f3n","description":"","query_type":"product_ids","query_ids":[22056],"default_option_id":22056,"thumbnail_id":"","thumbnail_src":"","quantity_min":1,"quantity_max":1,"priced_individually":false,"shipped_individually":false,"optional":false,"discount":"","options_style":"radios","pagination_style":"classic","display_prices":"absolute","show_sorting_options":false,"show_filtering_options":false,"attribute_filter_ids":[],"product_title_visible":false,"product_descr_visible":false,"product_price_visible":false,"product_thumb_visible":false,"subtotal_visible_product":false,"subtotal_visible_cart":false,"subtotal_visible_orders":false},{"id":"1669645233","title":"Fuente","description":"","query_type":"product_ids","query_ids":[22122],"default_option_id":22122,"thumbnail_id":"","thumbnail_src":"","quantity_min":1,"quantity_max":1,"priced_individually":false,"shipped_individually":false,"optional":false,"discount":"","options_style":"radios","pagination_style":"classic","display_prices":"absolute","show_sorting_options":false,"show_filtering_options":false,"attribute_filter_ids":[],"product_title_visible":false,"product_descr_visible":false,"product_price_visible":false,"product_thumb_visible":false,"subtotal_visible_product":false,"subtotal_visible_cart":false,"subtotal_visible_orders":false},{"id":"1669645234","title":"Acabado","description":"","query_type":"product_ids","query_ids":[21832,21836,21837,21814,21817],"default_option_id":"","thumbnail_id":"","thumbnail_src":"","quantity_min":1,"quantity_max":1,"priced_individually":false,"shipped_individually":false,"optional":true,"discount":"","options_style":"radios","pagination_style":"classic","display_prices":"absolute","show_sorting_options":false,"show_filtering_options":false,"attribute_filter_ids":[],"product_title_visible":false,"product_descr_visible":false,"product_price_visible":false,"product_thumb_visible":false,"subtotal_visible_product":false,"subtotal_visible_cart":false,"subtotal_visible_orders":false},{"id":"1669645235","title":"CRI-CCT","description":"","query_type":"product_ids","query_ids":[21745,21739,21740,21741],"default_option_id":"","thumbnail_id":"","thumbnail_src":"","quantity_min":1,"quantity_max":1,"priced_individually":false,"shipped_individually":false,"optional":true,"discount":"","options_style":"radios","pagination_style":"classic","display_prices":"absolute","show_sorting_options":false,"show_filtering_options":false,"attribute_filter_ids":[],"product_title_visible":false,"product_descr_visible":false,"product_price_visible":false,"product_thumb_visible":false,"subtotal_visible_product":false,"subtotal_visible_cart":false,"subtotal_visible_orders":false},{"id":"1675422662","title":"Pedir por separado","description":"","query_type":"product_ids","query_ids":[7636],"default_option_id":7636,"thumbnail_id":"","thumbnail_src":"","quantity_min":1,"quantity_max":1,"priced_individually":false,"shipped_individually":false,"optional":false,"discount":"","options_style":"radios","pagination_style":"classic","display_prices":"absolute","show_sorting_options":false,"show_filtering_options":false,"attribute_filter_ids":[],"product_title_visible":false,"product_descr_visible":false,"product_price_visible":false,"product_thumb_visible":false,"subtotal_visible_product":false,"subtotal_visible_cart":false,"subtotal_visible_orders":false},{"id":"1675422663","title":"Alimentaci\u00f3n","description":"","query_type":"product_ids","query_ids":[41949,40521],"default_option_id":"","thumbnail_id":"","thumbnail_src":"","quantity_min":1,"quantity_max":1,"priced_individually":false,"shipped_individually":false,"optional":true,"discount":"","options_style":"radios","pagination_style":"classic","display_prices":"absolute","show_sorting_options":false,"show_filtering_options":false,"attribute_filter_ids":[],"product_title_visible":false,"product_descr_visible":true,"product_price_visible":false,"product_thumb_visible":true,"subtotal_visible_product":false,"subtotal_visible_cart":false,"subtotal_visible_orders":false}],"composite_scenarios":[],"bundled_by":[],"bundle_stock_status":"instock","bundle_stock_quantity":null,"bundle_virtual":false,"bundle_layout":"","bundle_add_to_cart_form_location":"","bundle_editable_in_cart":false,"bundle_sold_individually_context":"","bundle_item_grouping":"","bundle_min_size":"","bundle_max_size":"","bundled_items":[],"bundle_sell_ids":[],"acf":[],"yoast_head":"<!-- This site is optimized with the Yoast SEO plugin v27.5 - https:\/\/yoast.com\/product\/yoast-seo-wordpress\/ -->\n<title>Naboo Meeting | Exenia<\/title>\n<meta name=\"robots\" content=\"noindex, follow, max-snippet:-1, max-image-preview:large, max-video-preview:-1\" \/>\n<meta property=\"og:locale\" content=\"es_ES\" \/>\n<meta property=\"og:type\" content=\"article\" \/>\n<meta property=\"og:title\" content=\"Naboo Meeting | Exenia\" \/>\n<meta property=\"og:description\" content=\"luminaria LED suspendida de forma cuadrangular org\u00e1nica con una longitud...\" \/>\n<meta property=\"og:url\" content=\"https:\/\/restyling.exenia.eu\/es\/producto\/naboo-meeting\/\" \/>\n<meta property=\"og:site_name\" content=\"Exenia\" \/>\n<meta property=\"article:publisher\" content=\"https:\/\/www.facebook.com\/exenialighting\" \/>\n<meta property=\"article:modified_time\" content=\"2023-06-13T12:43:36+00:00\" \/>\n<meta property=\"og:image\" content=\"https:\/\/restyling.exenia.eu\/wp-content\/uploads\/2023\/01\/Naboo-meeting-prodotto.jpg\" \/>\n\t<meta property=\"og:image:width\" content=\"2000\" \/>\n\t<meta property=\"og:image:height\" content=\"1919\" \/>\n\t<meta property=\"og:image:type\" content=\"image\/jpeg\" \/>\n<!-- \/ Yoast SEO plugin. -->","yoast_head_json":{"title":"Naboo Meeting | Exenia","robots":{"index":"noindex","follow":"follow","max-snippet":"max-snippet:-1","max-image-preview":"max-image-preview:large","max-video-preview":"max-video-preview:-1"},"og_locale":"es_ES","og_type":"article","og_title":"Naboo Meeting | Exenia","og_description":"luminaria LED suspendida de forma cuadrangular org\u00e1nica con una longitud...","og_url":"https:\/\/restyling.exenia.eu\/es\/producto\/naboo-meeting\/","og_site_name":"Exenia","article_publisher":"https:\/\/www.facebook.com\/exenialighting","article_modified_time":"2023-06-13T12:43:36+00:00","og_image":[{"width":2000,"height":1919,"url":"https:\/\/restyling.exenia.eu\/wp-content\/uploads\/2023\/01\/Naboo-meeting-prodotto.jpg","type":"image\/jpeg"}],"schema":{"@context":"https:\/\/schema.org","@graph":[{"@type":"WebPage","@id":"https:\/\/restyling.exenia.eu\/es\/producto\/naboo-meeting\/","url":"https:\/\/restyling.exenia.eu\/es\/producto\/naboo-meeting\/","name":"Naboo Meeting | Exenia","isPartOf":{"@id":"https:\/\/restyling.exenia.eu\/#website"},"primaryImageOfPage":{"@id":"https:\/\/restyling.exenia.eu\/es\/producto\/naboo-meeting\/#primaryimage"},"image":{"@id":"https:\/\/restyling.exenia.eu\/es\/producto\/naboo-meeting\/#primaryimage"},"thumbnailUrl":"https:\/\/restyling.exenia.eu\/wp-content\/uploads\/2023\/01\/Naboo-meeting-prodotto.jpg","datePublished":"2022-11-24T08:50:41+00:00","dateModified":"2023-06-13T12:43:36+00:00","breadcrumb":{"@id":"https:\/\/restyling.exenia.eu\/es\/producto\/naboo-meeting\/#breadcrumb"},"inLanguage":"es","potentialAction":[{"@type":"ReadAction","target":["https:\/\/restyling.exenia.eu\/es\/producto\/naboo-meeting\/"]}]},{"@type":"ImageObject","inLanguage":"es","@id":"https:\/\/restyling.exenia.eu\/es\/producto\/naboo-meeting\/#primaryimage","url":"https:\/\/restyling.exenia.eu\/wp-content\/uploads\/2023\/01\/Naboo-meeting-prodotto.jpg","contentUrl":"https:\/\/restyling.exenia.eu\/wp-content\/uploads\/2023\/01\/Naboo-meeting-prodotto.jpg","width":2000,"height":1919},{"@type":"BreadcrumbList","@id":"https:\/\/restyling.exenia.eu\/es\/producto\/naboo-meeting\/#breadcrumb","itemListElement":[{"@type":"ListItem","position":1,"name":"Home","item":"https:\/\/restyling.exenia.eu\/"},{"@type":"ListItem","position":2,"name":"Productos","item":"https:\/\/restyling.exenia.eu\/prodotti\/"},{"@type":"ListItem","position":3,"name":"Indoor","item":"https:\/\/restyling.exenia.eu\/es\/c\/indoor\/"},{"@type":"ListItem","position":4,"name":"Suspensiones y Techo","item":"https:\/\/restyling.exenia.eu\/es\/c\/indoor\/suspensiones-y-techo\/"},{"@type":"ListItem","position":5,"name":"Naboo","item":"https:\/\/restyling.exenia.eu\/es\/c\/indoor\/suspensiones-y-techo\/naboo-suspensiones-y-techo\/"},{"@type":"ListItem","position":6,"name":"Naboo Meeting"}]},{"@type":"WebSite","@id":"https:\/\/restyling.exenia.eu\/#website","url":"https:\/\/restyling.exenia.eu\/","name":"Exenia","description":"","publisher":{"@id":"https:\/\/restyling.exenia.eu\/#organization"},"potentialAction":[{"@type":"SearchAction","target":{"@type":"EntryPoint","urlTemplate":"https:\/\/restyling.exenia.eu\/?s={search_term_string}"},"query-input":{"@type":"PropertyValueSpecification","valueRequired":true,"valueName":"search_term_string"}}],"inLanguage":"es"},{"@type":"Organization","@id":"https:\/\/restyling.exenia.eu\/#organization","name":"Exenia","url":"https:\/\/restyling.exenia.eu\/","logo":{"@type":"ImageObject","inLanguage":"es","@id":"https:\/\/restyling.exenia.eu\/#\/schema\/logo\/image\/","url":"https:\/\/restyling.exenia.eu\/wp-content\/uploads\/2022\/09\/logo_exenia-e1678467519405.png","contentUrl":"https:\/\/restyling.exenia.eu\/wp-content\/uploads\/2022\/09\/logo_exenia-e1678467519405.png","width":600,"height":194,"caption":"Exenia"},"image":{"@id":"https:\/\/restyling.exenia.eu\/#\/schema\/logo\/image\/"},"sameAs":["https:\/\/www.facebook.com\/exenialighting","https:\/\/x.com\/ExeniaLighting"]}]}},"_links":{"self":[{"href":"https:\/\/restyling.exenia.eu\/es\/wp-json\/wp\/v2\/product\/27308","targetHints":{"allow":["GET"]}}],"collection":[{"href":"https:\/\/restyling.exenia.eu\/es\/wp-json\/wp\/v2\/product"}],"about":[{"href":"https:\/\/restyling.exenia.eu\/es\/wp-json\/wp\/v2\/types\/product"}],"wp:featuredmedia":[{"embeddable":true,"href":"https:\/\/restyling.exenia.eu\/es\/wp-json\/wp\/v2\/media\/11618"}],"wp:attachment":[{"href":"https:\/\/restyling.exenia.eu\/es\/wp-json\/wp\/v2\/media?parent=27308"}],"wp:term":[{"taxonomy":"product_brand","embeddable":true,"href":"https:\/\/restyling.exenia.eu\/es\/wp-json\/wp\/v2\/product_brand?post=27308"},{"taxonomy":"product_cat","embeddable":true,"href":"https:\/\/restyling.exenia.eu\/es\/wp-json\/wp\/v2\/product_cat?post=27308"},{"taxonomy":"product_tag","embeddable":true,"href":"https:\/\/restyling.exenia.eu\/es\/wp-json\/wp\/v2\/product_tag?post=27308"},{"taxonomy":"categoria-admin-prodotto","embeddable":true,"href":"https:\/\/restyling.exenia.eu\/es\/wp-json\/wp\/v2\/categoria-admin-prodotto?post=27308"}],"curies":[{"name":"wp","href":"https:\/\/api.w.org\/{rel}","templated":true}]}}