{"id":27311,"date":"2022-11-24T09:50:41","date_gmt":"2022-11-24T08:50:41","guid":{"rendered":"https:\/\/www.exenia.eu\/prodotto\/naboo-meeting-spot-2\/"},"modified":"2023-06-13T14:43:36","modified_gmt":"2023-06-13T12:43:36","slug":"naboo-meeting-spot","status":"publish","type":"product","link":"https:\/\/restyling.exenia.eu\/es\/producto\/naboo-meeting-spot\/","title":{"rendered":"Naboo Meeting Spot"},"content":{"rendered":"<p>Luminaria de suspensi\u00f3n LED de forma cuadrangular org\u00e1nica equipada con cuatro puntos LED de dos en dos, situados uno frente al otro en los lados largos de la luminaria. Longitud de 2570mm y anchura de 1710mm. Disponible en 2700K, 3000K y 4000K en CRI95 y 3000K en CRI85. Mantenimiento del flujo luminoso de 50.000 horas en L80 B10. La luminaria est\u00e1 fabricada con perfil de aleaci\u00f3n de aluminio extruido 6060 y se compone de secciones, que pueden unirse entre s\u00ed con piezas de uni\u00f3n de aluminio fundido a presi\u00f3n. Est\u00e1 equipada con una fuente de luz lineal SMD y un difusor de policarbonato opalino para una distribuci\u00f3n omnidireccional de la luz. Cuatro cables de suspensi\u00f3n de acero est\u00e1n fijados a las piezas de uni\u00f3n y permiten ajustar la altura de la luminaria. Conjunto \u00f3ptico para los proyectores LED que incluye una \u00f3ptica reflectante de policarbonato pintado en espejo con un anillo decorativo, disponible en nueve opciones de revestimiento l\u00edquido. El conjunto \u00f3ptico debe pedirse por separado. Los \u00e1ngulos del haz de luz son: medio, de 21 grados; grande, de 30 grados; y ancho, de 59 grados. Los accesorios \u00f3pticos incluyen un accesorio \u00f3ptico estrecho de 10 grados, rejilla alveolar y difusor satinado. Luminaria de clase III con fuente de alimentaci\u00f3n incluida en el cano-py, disponible para regulaci\u00f3n ON-OFF, DALI y PUSH. Existe una opci\u00f3n de fuente de alimentaci\u00f3n remota para instalaciones sin tejadillo. Grado de protecci\u00f3n IP20. Los acabados del cuerpo incluyen rojo ladrillo, blanco mate texturizado, negro mate texturizado, efecto \u00f3xido y gris hormig\u00f3n.<\/p>\n","protected":false},"excerpt":{"rendered":"<p>Luminaria de suspensi\u00f3n LED de forma cuadrangular org\u00e1nica equipada con&#8230;<\/p>\n","protected":false},"featured_media":11643,"template":"","meta":{"_acf_changed":false},"product_brand":[],"product_cat":[3009],"product_tag":[8446],"categoria-admin-prodotto":[],"class_list":{"0":"post-27311","1":"product","2":"type-product","3":"status-publish","4":"has-post-thumbnail","6":"product_cat-naboo-suspensiones-y-techo","7":"product_tag-3795050-es","8":"pa_cct-2700k-es","9":"pa_cct-3000k-es","10":"pa_cct-4000k-es","11":"pa_certificazione-conformita-ce-es","12":"pa_classe-f-si-es-2","13":"pa_cri-85-es","14":"pa_cri-95-es","15":"pa_grado-ip-ip20-es","16":"pa_lifetime-l80b10-50-000-h-es","17":"pa_temperatura-di-esercizio-10-30-es","19":"first","20":"instock","21":"purchasable","22":"product-type-composite"},"composite_virtual":false,"composite_layout":"single","composite_add_to_cart_form_location":"default","composite_editable_in_cart":false,"composite_sold_individually_context":"product","composite_shop_price_calc":"defaults","composite_components":[{"id":"1669718570","title":"Cuerpo de la luminaria","description":"","query_type":"product_ids","query_ids":[21655],"default_option_id":21655,"thumbnail_id":"","thumbnail_src":"","quantity_min":1,"quantity_max":1,"priced_individually":false,"shipped_individually":false,"optional":false,"discount":"","options_style":"radios","pagination_style":"classic","display_prices":"absolute","show_sorting_options":false,"show_filtering_options":false,"attribute_filter_ids":[],"product_title_visible":false,"product_descr_visible":false,"product_price_visible":false,"product_thumb_visible":false,"subtotal_visible_product":false,"subtotal_visible_cart":false,"subtotal_visible_orders":false},{"id":"1669718571","title":"Potencia","description":"","query_type":"product_ids","query_ids":[22054],"default_option_id":22054,"thumbnail_id":"","thumbnail_src":"","quantity_min":1,"quantity_max":1,"priced_individually":false,"shipped_individually":false,"optional":false,"discount":"","options_style":"radios","pagination_style":"classic","display_prices":"absolute","show_sorting_options":false,"show_filtering_options":false,"attribute_filter_ids":[],"product_title_visible":false,"product_descr_visible":false,"product_price_visible":false,"product_thumb_visible":false,"subtotal_visible_product":false,"subtotal_visible_cart":false,"subtotal_visible_orders":false},{"id":"1669718572","title":"Fuente","description":"","query_type":"product_ids","query_ids":[22122],"default_option_id":22122,"thumbnail_id":"","thumbnail_src":"","quantity_min":1,"quantity_max":1,"priced_individually":false,"shipped_individually":false,"optional":false,"discount":"","options_style":"radios","pagination_style":"classic","display_prices":"absolute","show_sorting_options":false,"show_filtering_options":false,"attribute_filter_ids":[],"product_title_visible":false,"product_descr_visible":false,"product_price_visible":false,"product_thumb_visible":false,"subtotal_visible_product":false,"subtotal_visible_cart":false,"subtotal_visible_orders":false},{"id":"1669718573","title":"Acabado","description":"","query_type":"product_ids","query_ids":[21832,21836,21837,21814,21817],"default_option_id":"","thumbnail_id":"","thumbnail_src":"","quantity_min":1,"quantity_max":1,"priced_individually":false,"shipped_individually":false,"optional":true,"discount":"","options_style":"radios","pagination_style":"classic","display_prices":"absolute","show_sorting_options":false,"show_filtering_options":false,"attribute_filter_ids":[],"product_title_visible":false,"product_descr_visible":false,"product_price_visible":false,"product_thumb_visible":false,"subtotal_visible_product":false,"subtotal_visible_cart":false,"subtotal_visible_orders":false},{"id":"1669718574","title":"CRI-CCT","description":"","query_type":"product_ids","query_ids":[21745,21739,21740,21741],"default_option_id":"","thumbnail_id":"","thumbnail_src":"","quantity_min":1,"quantity_max":1,"priced_individually":false,"shipped_individually":false,"optional":true,"discount":"","options_style":"radios","pagination_style":"classic","display_prices":"absolute","show_sorting_options":false,"show_filtering_options":false,"attribute_filter_ids":[],"product_title_visible":false,"product_descr_visible":false,"product_price_visible":false,"product_thumb_visible":false,"subtotal_visible_product":false,"subtotal_visible_cart":false,"subtotal_visible_orders":false},{"id":"1669718732","title":"Pedir por separado","description":"","query_type":"product_ids","query_ids":[7636],"default_option_id":7636,"thumbnail_id":"","thumbnail_src":"","quantity_min":1,"quantity_max":1,"priced_individually":false,"shipped_individually":false,"optional":false,"discount":"","options_style":"radios","pagination_style":"classic","display_prices":"absolute","show_sorting_options":false,"show_filtering_options":false,"attribute_filter_ids":[],"product_title_visible":false,"product_descr_visible":false,"product_price_visible":false,"product_thumb_visible":false,"subtotal_visible_product":false,"subtotal_visible_cart":false,"subtotal_visible_orders":false},{"id":"1669718733","title":"Accesorios \u00f3pticos primarios","description":"","query_type":"product_ids","query_ids":[21286,24984],"default_option_id":"","thumbnail_id":"","thumbnail_src":"","quantity_min":1,"quantity_max":1,"priced_individually":false,"shipped_individually":false,"optional":true,"discount":"","options_style":"radios","pagination_style":"classic","display_prices":"absolute","show_sorting_options":false,"show_filtering_options":false,"attribute_filter_ids":[],"product_title_visible":false,"product_descr_visible":false,"product_price_visible":false,"product_thumb_visible":true,"subtotal_visible_product":false,"subtotal_visible_cart":false,"subtotal_visible_orders":false},{"id":"1669718734","title":"Acabado del anillo","description":"","query_type":"product_ids","query_ids":[21832,21798,21799,21800,21802,21805,21808,21809,21817],"default_option_id":"","thumbnail_id":"","thumbnail_src":"","quantity_min":1,"quantity_max":1,"priced_individually":false,"shipped_individually":false,"optional":true,"discount":"","options_style":"radios","pagination_style":"classic","display_prices":"absolute","show_sorting_options":false,"show_filtering_options":false,"attribute_filter_ids":[],"product_title_visible":false,"product_descr_visible":false,"product_price_visible":false,"product_thumb_visible":false,"subtotal_visible_product":false,"subtotal_visible_cart":false,"subtotal_visible_orders":false},{"id":"1669718735","title":"\u00d3ptica","description":"","query_type":"product_ids","query_ids":[21462,21903,21892,21928],"default_option_id":"","thumbnail_id":"","thumbnail_src":"","quantity_min":1,"quantity_max":1,"priced_individually":false,"shipped_individually":false,"optional":true,"discount":"","options_style":"radios","pagination_style":"classic","display_prices":"absolute","show_sorting_options":false,"show_filtering_options":false,"attribute_filter_ids":[],"product_title_visible":false,"product_descr_visible":false,"product_price_visible":false,"product_thumb_visible":false,"subtotal_visible_product":false,"subtotal_visible_cart":false,"subtotal_visible_orders":false},{"id":"1675423405","title":"Accesorios \u00f3pticos secundarios","description":"","query_type":"product_ids","query_ids":[17884],"default_option_id":17884,"thumbnail_id":"","thumbnail_src":"","quantity_min":1,"quantity_max":1,"priced_individually":false,"shipped_individually":false,"optional":false,"discount":"","options_style":"radios","pagination_style":"classic","display_prices":"absolute","show_sorting_options":false,"show_filtering_options":false,"attribute_filter_ids":[],"product_title_visible":false,"product_descr_visible":true,"product_price_visible":false,"product_thumb_visible":false,"subtotal_visible_product":false,"subtotal_visible_cart":false,"subtotal_visible_orders":false},{"id":"1675423406","title":" ","description":"","query_type":"product_ids","query_ids":[7636],"default_option_id":7636,"thumbnail_id":"","thumbnail_src":"","quantity_min":1,"quantity_max":1,"priced_individually":false,"shipped_individually":false,"optional":false,"discount":"","options_style":"radios","pagination_style":"classic","display_prices":"absolute","show_sorting_options":false,"show_filtering_options":false,"attribute_filter_ids":[],"product_title_visible":false,"product_descr_visible":false,"product_price_visible":false,"product_thumb_visible":false,"subtotal_visible_product":false,"subtotal_visible_cart":false,"subtotal_visible_orders":false},{"id":"1675423407","title":"Fuente de alimentaci\u00f3n para tira de LED","description":"","query_type":"product_ids","query_ids":[41970,40521],"default_option_id":"","thumbnail_id":"","thumbnail_src":"","quantity_min":1,"quantity_max":1,"priced_individually":false,"shipped_individually":false,"optional":true,"discount":"","options_style":"radios","pagination_style":"classic","display_prices":"absolute","show_sorting_options":false,"show_filtering_options":false,"attribute_filter_ids":[],"product_title_visible":false,"product_descr_visible":true,"product_price_visible":false,"product_thumb_visible":true,"subtotal_visible_product":false,"subtotal_visible_cart":false,"subtotal_visible_orders":false},{"id":"1675423408","title":" ","description":"","query_type":"product_ids","query_ids":[7636],"default_option_id":"","thumbnail_id":"","thumbnail_src":"","quantity_min":1,"quantity_max":1,"priced_individually":false,"shipped_individually":false,"optional":true,"discount":"","options_style":"radios","pagination_style":"classic","display_prices":"absolute","show_sorting_options":false,"show_filtering_options":false,"attribute_filter_ids":[],"product_title_visible":false,"product_descr_visible":false,"product_price_visible":false,"product_thumb_visible":false,"subtotal_visible_product":false,"subtotal_visible_cart":false,"subtotal_visible_orders":false},{"id":"1675423409","title":"Fuente de alimentaci\u00f3n Spot","description":"","query_type":"product_ids","query_ids":[40518],"default_option_id":"","thumbnail_id":"","thumbnail_src":"","quantity_min":1,"quantity_max":1,"priced_individually":false,"shipped_individually":false,"optional":true,"discount":"","options_style":"radios","pagination_style":"classic","display_prices":"absolute","show_sorting_options":false,"show_filtering_options":false,"attribute_filter_ids":[],"product_title_visible":false,"product_descr_visible":true,"product_price_visible":false,"product_thumb_visible":true,"subtotal_visible_product":false,"subtotal_visible_cart":false,"subtotal_visible_orders":false}],"composite_scenarios":[{"id":"1675423549","name":"acc narrow","description":"","configuration":[{"component_id":"1669718733","options_modifier":"in","component_options":[24984]}],"actions":[{"action_id":"compat_group","is_active":false},{"action_id":"conditional_components","is_active":true,"hidden_components":["1669718734"]},{"action_id":"conditional_options","is_active":true,"hidden_options":[{"component_id":"1669718735","component_options":[-1,21462],"options_modifier":"not-in"}]}],"enabled":true},{"id":"1675423550","name":"anello dec.","description":"","configuration":[{"component_id":"1669718733","options_modifier":"in","component_options":[21286]}],"actions":[{"action_id":"compat_group","is_active":false},{"action_id":"conditional_components","is_active":false,"hidden_components":[]},{"action_id":"conditional_options","is_active":true,"hidden_options":[{"component_id":"1669718735","component_options":[21462],"options_modifier":"in"}]}],"enabled":true},{"id":"1675423551","name":"finitura","description":"","configuration":[{"component_id":"1669718734","options_modifier":"not-in","component_options":[-1]}],"actions":[{"action_id":"compat_group","is_active":false},{"action_id":"conditional_components","is_active":false,"hidden_components":[]},{"action_id":"conditional_options","is_active":true,"hidden_options":[{"component_id":"1669718733","component_options":[24984],"options_modifier":"in"},{"component_id":"1669718735","component_options":[21462],"options_modifier":"in"}]}],"enabled":true},{"id":"1675423552","name":"narrow","description":"","configuration":[{"component_id":"1669718735","options_modifier":"in","component_options":[21462]}],"actions":[{"action_id":"compat_group","is_active":false},{"action_id":"conditional_components","is_active":true,"hidden_components":["1669718734"]},{"action_id":"conditional_options","is_active":true,"hidden_options":[{"component_id":"1669718733","component_options":[21286],"options_modifier":"in"}]}],"enabled":true}],"bundled_by":[],"bundle_stock_status":"instock","bundle_stock_quantity":null,"bundle_virtual":false,"bundle_layout":"","bundle_add_to_cart_form_location":"","bundle_editable_in_cart":false,"bundle_sold_individually_context":"","bundle_item_grouping":"","bundle_min_size":"","bundle_max_size":"","bundled_items":[],"bundle_sell_ids":[],"acf":[],"yoast_head":"<!-- This site is optimized with the Yoast SEO plugin v27.5 - https:\/\/yoast.com\/product\/yoast-seo-wordpress\/ -->\n<title>Naboo Meeting Spot | Exenia<\/title>\n<meta name=\"robots\" content=\"noindex, follow, max-snippet:-1, max-image-preview:large, max-video-preview:-1\" \/>\n<meta property=\"og:locale\" content=\"es_ES\" \/>\n<meta property=\"og:type\" content=\"article\" \/>\n<meta property=\"og:title\" content=\"Naboo Meeting Spot | Exenia\" \/>\n<meta property=\"og:description\" content=\"Luminaria de suspensi\u00f3n LED de forma cuadrangular org\u00e1nica equipada con...\" \/>\n<meta property=\"og:url\" content=\"https:\/\/restyling.exenia.eu\/prodotto\/naboo-meeting-spot\/\" \/>\n<meta property=\"og:site_name\" content=\"Exenia\" \/>\n<meta property=\"article:publisher\" content=\"https:\/\/www.facebook.com\/exenialighting\" \/>\n<meta property=\"article:modified_time\" content=\"2023-06-13T12:43:36+00:00\" \/>\n<meta property=\"og:image\" content=\"https:\/\/restyling.exenia.eu\/wp-content\/uploads\/2023\/01\/Naboo-meeting-spot-prodotto.jpg\" \/>\n\t<meta property=\"og:image:width\" content=\"2000\" \/>\n\t<meta property=\"og:image:height\" content=\"1919\" \/>\n\t<meta property=\"og:image:type\" content=\"image\/jpeg\" \/>\n<!-- \/ Yoast SEO plugin. -->","yoast_head_json":{"title":"Naboo Meeting Spot | Exenia","robots":{"index":"noindex","follow":"follow","max-snippet":"max-snippet:-1","max-image-preview":"max-image-preview:large","max-video-preview":"max-video-preview:-1"},"og_locale":"es_ES","og_type":"article","og_title":"Naboo Meeting Spot | Exenia","og_description":"Luminaria de suspensi\u00f3n LED de forma cuadrangular org\u00e1nica equipada con...","og_url":"https:\/\/restyling.exenia.eu\/prodotto\/naboo-meeting-spot\/","og_site_name":"Exenia","article_publisher":"https:\/\/www.facebook.com\/exenialighting","article_modified_time":"2023-06-13T12:43:36+00:00","og_image":[{"width":2000,"height":1919,"url":"https:\/\/restyling.exenia.eu\/wp-content\/uploads\/2023\/01\/Naboo-meeting-spot-prodotto.jpg","type":"image\/jpeg"}],"schema":{"@context":"https:\/\/schema.org","@graph":[{"@type":"WebPage","@id":"https:\/\/restyling.exenia.eu\/prodotto\/naboo-meeting-spot\/","url":"https:\/\/restyling.exenia.eu\/prodotto\/naboo-meeting-spot\/","name":"Naboo Meeting Spot | Exenia","isPartOf":{"@id":"https:\/\/restyling.exenia.eu\/#website"},"primaryImageOfPage":{"@id":"https:\/\/restyling.exenia.eu\/prodotto\/naboo-meeting-spot\/#primaryimage"},"image":{"@id":"https:\/\/restyling.exenia.eu\/prodotto\/naboo-meeting-spot\/#primaryimage"},"thumbnailUrl":"https:\/\/restyling.exenia.eu\/wp-content\/uploads\/2023\/01\/Naboo-meeting-spot-prodotto.jpg","datePublished":"2022-11-24T08:50:41+00:00","dateModified":"2023-06-13T12:43:36+00:00","breadcrumb":{"@id":"https:\/\/restyling.exenia.eu\/prodotto\/naboo-meeting-spot\/#breadcrumb"},"inLanguage":"es","potentialAction":[{"@type":"ReadAction","target":["https:\/\/restyling.exenia.eu\/prodotto\/naboo-meeting-spot\/"]}]},{"@type":"ImageObject","inLanguage":"es","@id":"https:\/\/restyling.exenia.eu\/prodotto\/naboo-meeting-spot\/#primaryimage","url":"https:\/\/restyling.exenia.eu\/wp-content\/uploads\/2023\/01\/Naboo-meeting-spot-prodotto.jpg","contentUrl":"https:\/\/restyling.exenia.eu\/wp-content\/uploads\/2023\/01\/Naboo-meeting-spot-prodotto.jpg","width":2000,"height":1919},{"@type":"BreadcrumbList","@id":"https:\/\/restyling.exenia.eu\/prodotto\/naboo-meeting-spot\/#breadcrumb","itemListElement":[{"@type":"ListItem","position":1,"name":"Home","item":"https:\/\/restyling.exenia.eu\/"},{"@type":"ListItem","position":2,"name":"Productos","item":"https:\/\/restyling.exenia.eu\/prodotti\/"},{"@type":"ListItem","position":3,"name":"Indoor","item":"https:\/\/restyling.exenia.eu\/c\/indoor\/"},{"@type":"ListItem","position":4,"name":"Apparecchi a sospensione - Plafoniere","item":"https:\/\/restyling.exenia.eu\/c\/indoor\/apparecchi-a-sospensione-plafoniere\/"},{"@type":"ListItem","position":5,"name":"Naboo","item":"https:\/\/restyling.exenia.eu\/c\/indoor\/apparecchi-a-sospensione-plafoniere\/naboo\/"},{"@type":"ListItem","position":6,"name":"Naboo Meeting Spot"}]},{"@type":"WebSite","@id":"https:\/\/restyling.exenia.eu\/#website","url":"https:\/\/restyling.exenia.eu\/","name":"Exenia","description":"","publisher":{"@id":"https:\/\/restyling.exenia.eu\/#organization"},"potentialAction":[{"@type":"SearchAction","target":{"@type":"EntryPoint","urlTemplate":"https:\/\/restyling.exenia.eu\/?s={search_term_string}"},"query-input":{"@type":"PropertyValueSpecification","valueRequired":true,"valueName":"search_term_string"}}],"inLanguage":"es"},{"@type":"Organization","@id":"https:\/\/restyling.exenia.eu\/#organization","name":"Exenia","url":"https:\/\/restyling.exenia.eu\/","logo":{"@type":"ImageObject","inLanguage":"es","@id":"https:\/\/restyling.exenia.eu\/#\/schema\/logo\/image\/","url":"https:\/\/restyling.exenia.eu\/wp-content\/uploads\/2022\/09\/logo_exenia-e1678467519405.png","contentUrl":"https:\/\/restyling.exenia.eu\/wp-content\/uploads\/2022\/09\/logo_exenia-e1678467519405.png","width":600,"height":194,"caption":"Exenia"},"image":{"@id":"https:\/\/restyling.exenia.eu\/#\/schema\/logo\/image\/"},"sameAs":["https:\/\/www.facebook.com\/exenialighting","https:\/\/x.com\/ExeniaLighting"]}]}},"_links":{"self":[{"href":"https:\/\/restyling.exenia.eu\/es\/wp-json\/wp\/v2\/product\/27311","targetHints":{"allow":["GET"]}}],"collection":[{"href":"https:\/\/restyling.exenia.eu\/es\/wp-json\/wp\/v2\/product"}],"about":[{"href":"https:\/\/restyling.exenia.eu\/es\/wp-json\/wp\/v2\/types\/product"}],"wp:featuredmedia":[{"embeddable":true,"href":"https:\/\/restyling.exenia.eu\/es\/wp-json\/wp\/v2\/media\/11643"}],"wp:attachment":[{"href":"https:\/\/restyling.exenia.eu\/es\/wp-json\/wp\/v2\/media?parent=27311"}],"wp:term":[{"taxonomy":"product_brand","embeddable":true,"href":"https:\/\/restyling.exenia.eu\/es\/wp-json\/wp\/v2\/product_brand?post=27311"},{"taxonomy":"product_cat","embeddable":true,"href":"https:\/\/restyling.exenia.eu\/es\/wp-json\/wp\/v2\/product_cat?post=27311"},{"taxonomy":"product_tag","embeddable":true,"href":"https:\/\/restyling.exenia.eu\/es\/wp-json\/wp\/v2\/product_tag?post=27311"},{"taxonomy":"categoria-admin-prodotto","embeddable":true,"href":"https:\/\/restyling.exenia.eu\/es\/wp-json\/wp\/v2\/categoria-admin-prodotto?post=27311"}],"curies":[{"name":"wp","href":"https:\/\/api.w.org\/{rel}","templated":true}]}}