{"id":27508,"date":"2022-11-24T09:49:47","date_gmt":"2022-11-24T08:49:47","guid":{"rendered":"https:\/\/www.exenia.eu\/prodotto\/dark-tilt-medium-2-2\/"},"modified":"2025-03-26T11:45:14","modified_gmt":"2025-03-26T10:45:14","slug":"dark-orientable-medium","status":"publish","type":"product","link":"https:\/\/restyling.exenia.eu\/es\/producto\/dark-orientable-medium\/","title":{"rendered":"Dark Tilt Medium"},"content":{"rendered":"<p class=\"p1\">Foco empotrable orientable, extremadamente compacto para iluminaci\u00f3n profesional, dise\u00f1ado para conseguir el m\u00e1ximo rendimiento en el menor tama\u00f1o, equipado con el nuevo sistema \u00f3ptico Revo con tecnolog\u00eda &#8216;Cross&#8217;, permite extraordinarios rendimientos y limpieza de proyecci\u00f3n.<br \/>\nLas versiones orientables garantizan inclinaciones de hasta 40\u00b0 sin que se produzcan deformaciones en el haz de luz ni mermas en su rendimiento. Equipado con un exclusivo sistema &#8216;anti-slot&#8217; dise\u00f1ado para evitar la visibilidad del forjado desde abajo, consigue una gran limpieza est\u00e9tica y un dise\u00f1o riguroso en todas las condiciones de orientaci\u00f3n.<br \/>\nLa familia Dark en todas sus versiones destaca por su alt\u00edsimo confort visual y por la relaci\u00f3n Lux\/Watio que consigue entregar manteniendo relaciones comparativamente contrastadas entre potencias y dimensiones.<br \/>\nDisponible en versiones simple y doble con marcos redondos y cuadrados, ofrece una gama muy amplia de opciones \u00f3pticas, accesorios y configuraciones.<\/p>\n<p><a href=\"https:\/\/restyling.exenia.eu\/wp-content\/uploads\/2023\/02\/brochure-dark-es.pdf\"><img fetchpriority=\"high\" decoding=\"async\" class=\"alignnone size-medium wp-image-26243\" src=\"https:\/\/restyling.exenia.eu\/wp-content\/uploads\/2023\/02\/indoor-4-212x300.jpeg\" alt=\"\" width=\"212\" height=\"300\" srcset=\"https:\/\/restyling.exenia.eu\/wp-content\/uploads\/2023\/02\/indoor-4-212x300.jpeg 212w, https:\/\/restyling.exenia.eu\/wp-content\/uploads\/2023\/02\/indoor-4-725x1024.jpeg 725w, https:\/\/restyling.exenia.eu\/wp-content\/uploads\/2023\/02\/indoor-4-768x1085.jpeg 768w, https:\/\/restyling.exenia.eu\/wp-content\/uploads\/2023\/02\/indoor-4-1087x1536.jpeg 1087w, https:\/\/restyling.exenia.eu\/wp-content\/uploads\/2023\/02\/indoor-4.jpeg 1360w\" sizes=\"(max-width: 212px) 100vw, 212px\" \/> <img decoding=\"async\" class=\"alignnone size-medium wp-image-72651\" src=\"https:\/\/restyling.exenia.eu\/wp-content\/uploads\/2022\/11\/Media-Kit-212x300.jpg\" alt=\"\" width=\"212\" height=\"300\" srcset=\"https:\/\/restyling.exenia.eu\/wp-content\/uploads\/2022\/11\/Media-Kit-212x300.jpg 212w, https:\/\/restyling.exenia.eu\/wp-content\/uploads\/2022\/11\/Media-Kit-725x1024.jpg 725w, https:\/\/restyling.exenia.eu\/wp-content\/uploads\/2022\/11\/Media-Kit-768x1085.jpg 768w, https:\/\/restyling.exenia.eu\/wp-content\/uploads\/2022\/11\/Media-Kit-1087x1536.jpg 1087w, https:\/\/restyling.exenia.eu\/wp-content\/uploads\/2022\/11\/Media-Kit.jpg 1360w\" sizes=\"(max-width: 212px) 100vw, 212px\" \/><\/a><\/p>\n<p><iframe title=\"Exenia DARK\" width=\"800\" height=\"450\" src=\"https:\/\/www.youtube.com\/embed\/lHLJsd7GOcA?start=7&#038;feature=oembed\" frameborder=\"0\" allow=\"accelerometer; autoplay; clipboard-write; encrypted-media; gyroscope; picture-in-picture; web-share\" referrerpolicy=\"strict-origin-when-cross-origin\" allowfullscreen><\/iframe><\/p>\n","protected":false},"excerpt":{"rendered":"<p>Foco empotrable orientable, extremadamente compacto para iluminaci\u00f3n profesional, dise\u00f1ado para&#8230;<\/p>\n","protected":false},"featured_media":22659,"template":"","meta":{"_acf_changed":false},"product_brand":[],"product_cat":[8974,3025],"product_tag":[7159,7243,7279,7281],"categoria-admin-prodotto":[],"class_list":{"0":"post-27508","1":"product","2":"type-product","3":"status-publish","4":"has-post-thumbnail","6":"product_cat-dark-tilt-es","7":"product_cat-dark-emportables","8":"product_tag-1338b-es","9":"product_tag-1338a-es","10":"product_tag-13380-es","11":"product_tag-13381-es","12":"pa_cct-2700k-es","13":"pa_cct-3000k-es","14":"pa_cct-3500k-es","15":"pa_cct-4000k-es","16":"pa_certificazione-conformita-ce-es","17":"pa_classe-f-si-es-2","18":"pa_cri-92-es","19":"pa_cri-98-es","20":"pa_grado-ip-compartimento-interno-ip20","21":"pa_grado-ip-compartimento-optico-ip54","22":"pa_temperatura-di-esercizio-10-35-es","24":"first","25":"instock","26":"purchasable","27":"product-type-composite"},"composite_virtual":false,"composite_layout":"single","composite_add_to_cart_form_location":"default","composite_editable_in_cart":false,"composite_sold_individually_context":"product","composite_shop_price_calc":"defaults","composite_components":[{"id":"1674729650","title":"Cuerpo de la luminaria","description":"","query_type":"product_ids","query_ids":[21602],"default_option_id":21602,"thumbnail_id":"","thumbnail_src":"","quantity_min":1,"quantity_max":1,"priced_individually":false,"shipped_individually":false,"optional":false,"discount":"","options_style":"radios","pagination_style":"classic","display_prices":"absolute","show_sorting_options":false,"show_filtering_options":false,"attribute_filter_ids":[],"product_title_visible":false,"product_descr_visible":false,"product_price_visible":false,"product_thumb_visible":false,"subtotal_visible_product":false,"subtotal_visible_cart":false,"subtotal_visible_orders":false},{"id":"1674729651","title":"Versi\u00f3n","description":"","query_type":"product_ids","query_ids":[22227,22262,22236,22263],"default_option_id":"","thumbnail_id":"","thumbnail_src":"","quantity_min":1,"quantity_max":1,"priced_individually":false,"shipped_individually":false,"optional":true,"discount":"","options_style":"radios","pagination_style":"classic","display_prices":"absolute","show_sorting_options":false,"show_filtering_options":false,"attribute_filter_ids":[],"product_title_visible":false,"product_descr_visible":false,"product_price_visible":false,"product_thumb_visible":false,"subtotal_visible_product":false,"subtotal_visible_cart":false,"subtotal_visible_orders":false},{"id":"1674729652","title":"Controlar","description":"","query_type":"product_ids","query_ids":[21583],"default_option_id":21583,"thumbnail_id":"","thumbnail_src":"","quantity_min":1,"quantity_max":1,"priced_individually":false,"shipped_individually":false,"optional":false,"discount":"","options_style":"radios","pagination_style":"classic","display_prices":"absolute","show_sorting_options":false,"show_filtering_options":false,"attribute_filter_ids":[],"product_title_visible":false,"product_descr_visible":false,"product_price_visible":false,"product_thumb_visible":false,"subtotal_visible_product":false,"subtotal_visible_cart":false,"subtotal_visible_orders":false},{"id":"1674729653","title":"Acabado","description":"","query_type":"product_ids","query_ids":[21864,21839,21797,21851,21843],"default_option_id":"","thumbnail_id":"","thumbnail_src":"","quantity_min":1,"quantity_max":1,"priced_individually":false,"shipped_individually":false,"optional":true,"discount":"","options_style":"radios","pagination_style":"classic","display_prices":"absolute","show_sorting_options":false,"show_filtering_options":false,"attribute_filter_ids":[],"product_title_visible":false,"product_descr_visible":false,"product_price_visible":false,"product_thumb_visible":false,"subtotal_visible_product":false,"subtotal_visible_cart":false,"subtotal_visible_orders":false},{"id":"1674729654","title":"CRI-CCT","description":"","query_type":"product_ids","query_ids":[21717,21718,21720,21719,21727,21728,21730,21729],"default_option_id":"","thumbnail_id":"","thumbnail_src":"","quantity_min":1,"quantity_max":1,"priced_individually":false,"shipped_individually":false,"optional":true,"discount":"","options_style":"radios","pagination_style":"classic","display_prices":"absolute","show_sorting_options":false,"show_filtering_options":false,"attribute_filter_ids":[],"product_title_visible":false,"product_descr_visible":false,"product_price_visible":false,"product_thumb_visible":false,"subtotal_visible_product":false,"subtotal_visible_cart":false,"subtotal_visible_orders":false},{"id":"1674729655","title":"\u00d3ptica","description":"","query_type":"product_ids","query_ids":[22016,21989,21881,22005,21978,21953,22023,21886,21959,21937],"default_option_id":"","thumbnail_id":"","thumbnail_src":"","quantity_min":1,"quantity_max":1,"priced_individually":false,"shipped_individually":false,"optional":true,"discount":"","options_style":"radios","pagination_style":"classic","display_prices":"absolute","show_sorting_options":false,"show_filtering_options":false,"attribute_filter_ids":[],"product_title_visible":false,"product_descr_visible":false,"product_price_visible":false,"product_thumb_visible":false,"subtotal_visible_product":false,"subtotal_visible_cart":false,"subtotal_visible_orders":false},{"id":"1674729656","title":"Accesorios instalados de f\u00e1brica","description":"","query_type":"product_ids","query_ids":[18004],"default_option_id":18004,"thumbnail_id":"","thumbnail_src":"","quantity_min":1,"quantity_max":1,"priced_individually":false,"shipped_individually":false,"optional":false,"discount":"","options_style":"radios","pagination_style":"classic","display_prices":"absolute","show_sorting_options":false,"show_filtering_options":false,"attribute_filter_ids":[],"product_title_visible":false,"product_descr_visible":true,"product_price_visible":false,"product_thumb_visible":true,"subtotal_visible_product":false,"subtotal_visible_cart":false,"subtotal_visible_orders":false},{"id":"1675941375","title":" ","description":"","query_type":"product_ids","query_ids":[7636],"default_option_id":7636,"thumbnail_id":"","thumbnail_src":"","quantity_min":1,"quantity_max":1,"priced_individually":false,"shipped_individually":false,"optional":false,"discount":"","options_style":"radios","pagination_style":"classic","display_prices":"absolute","show_sorting_options":false,"show_filtering_options":false,"attribute_filter_ids":[],"product_title_visible":false,"product_descr_visible":false,"product_price_visible":false,"product_thumb_visible":false,"subtotal_visible_product":false,"subtotal_visible_cart":false,"subtotal_visible_orders":false},{"id":"1675941376","title":"Fuente de alimentaci\u00f3n (Para la opci\u00f3n de emergencia, p\u00f3ngase en contacto con la empresa)","description":"","query_type":"product_ids","query_ids":[40471,40447,40424,40414],"default_option_id":"","thumbnail_id":"","thumbnail_src":"","quantity_min":1,"quantity_max":1,"priced_individually":false,"shipped_individually":false,"optional":true,"discount":"","options_style":"radios","pagination_style":"classic","display_prices":"absolute","show_sorting_options":false,"show_filtering_options":false,"attribute_filter_ids":[],"product_title_visible":false,"product_descr_visible":false,"product_price_visible":false,"product_thumb_visible":true,"subtotal_visible_product":false,"subtotal_visible_cart":false,"subtotal_visible_orders":false},{"id":"1676892838","title":"Accesorios independientes","description":"","query_type":"product_ids","query_ids":[40613],"default_option_id":40613,"thumbnail_id":"","thumbnail_src":"","quantity_min":1,"quantity_max":1,"priced_individually":false,"shipped_individually":false,"optional":false,"discount":"","options_style":"radios","pagination_style":"classic","display_prices":"absolute","show_sorting_options":false,"show_filtering_options":false,"attribute_filter_ids":[],"product_title_visible":false,"product_descr_visible":true,"product_price_visible":false,"product_thumb_visible":false,"subtotal_visible_product":false,"subtotal_visible_cart":false,"subtotal_visible_orders":false},{"id":"1689346311","title":"Vida Util","description":"","query_type":"product_ids","query_ids":[50126,50131],"default_option_id":"","thumbnail_id":"","thumbnail_src":"","quantity_min":1,"quantity_max":1,"priced_individually":false,"shipped_individually":false,"optional":true,"discount":"","options_style":"radios","pagination_style":"classic","display_prices":"absolute","show_sorting_options":false,"show_filtering_options":false,"attribute_filter_ids":[],"product_title_visible":false,"product_descr_visible":false,"product_price_visible":false,"product_thumb_visible":false,"subtotal_visible_product":false,"subtotal_visible_cart":false,"subtotal_visible_orders":false}],"composite_scenarios":[{"id":"1674730629","name":"cri98","description":"","configuration":[{"component_id":"1674729654","options_modifier":"in","component_options":[21727,21728,21730,21729]}],"actions":[{"action_id":"compat_group","is_active":false},{"action_id":"conditional_components","is_active":false,"hidden_components":[]},{"action_id":"conditional_options","is_active":true,"hidden_options":[{"component_id":"1674729655","component_options":[22016],"options_modifier":"in"}]}],"enabled":true},{"id":"1674730630","name":"very narrow","description":"","configuration":[{"component_id":"1674729655","options_modifier":"in","component_options":[22016]}],"actions":[{"action_id":"compat_group","is_active":false},{"action_id":"conditional_components","is_active":false,"hidden_components":[]},{"action_id":"conditional_options","is_active":true,"hidden_options":[{"component_id":"1674729654","component_options":[21727,21728,21730,21729],"options_modifier":"in"}]}],"enabled":true},{"id":"1674730631","name":"narrow spot \/ wide flood","description":"","configuration":[{"component_id":"1674729655","options_modifier":"in","component_options":[21989,22023]}],"actions":[{"action_id":"compat_group","is_active":false},{"action_id":"conditional_components","is_active":false,"hidden_components":[]},{"action_id":"conditional_options","is_active":true,"hidden_options":[{"component_id":"1674729656","component_options":[30372,28712,18164,18163,18160,18142],"options_modifier":"in"}]}],"enabled":true},{"id":"1674730632","name":"ellittiche","description":"","configuration":[{"component_id":"1674729655","options_modifier":"in","component_options":[21881,21886]}],"actions":[{"action_id":"compat_group","is_active":false},{"action_id":"conditional_components","is_active":false,"hidden_components":[]},{"action_id":"conditional_options","is_active":true,"hidden_options":[{"component_id":"1674729656","component_options":[-1,18098],"options_modifier":"not-in"}]}],"enabled":true},{"id":"1674730633","name":"wall washer","description":"","configuration":[{"component_id":"1674729655","options_modifier":"in","component_options":[21959,21937]}],"actions":[{"action_id":"compat_group","is_active":false},{"action_id":"conditional_components","is_active":true,"hidden_components":["1676892838"]},{"action_id":"conditional_options","is_active":true,"hidden_options":[{"component_id":"1674729656","component_options":[-1,18098],"options_modifier":"not-in"}]}],"enabled":true},{"id":"1674730634","name":"honeycomb + diffondente + snoot","description":"","configuration":[{"component_id":"1674729656","options_modifier":"in","component_options":[18099,30380,30364,28713,28712,28711,28710,28709,28708,18164,18162,18161,18160,18142]}],"actions":[{"action_id":"compat_group","is_active":false},{"action_id":"conditional_components","is_active":false,"hidden_components":[]},{"action_id":"conditional_options","is_active":true,"hidden_options":[{"component_id":"1674729655","component_options":[21881,21886,21959,21937],"options_modifier":"in"}]}],"enabled":true},{"id":"1674730635","name":"lente ellittica","description":"","configuration":[{"component_id":"1674729656","options_modifier":"in","component_options":[30372,28712,18164,18163,18160,18142]}],"actions":[{"action_id":"compat_group","is_active":false},{"action_id":"conditional_components","is_active":false,"hidden_components":[]},{"action_id":"conditional_options","is_active":true,"hidden_options":[{"component_id":"1674729655","component_options":[21989,21881,22023,21886,21959,21937],"options_modifier":"in"}]}],"enabled":true},{"id":"1674730636","name":"visor","description":"","configuration":[{"component_id":"1674729656","options_modifier":"in","component_options":[30351,28710,28708,18163,18161,18142]}],"actions":[{"action_id":"compat_group","is_active":false},{"action_id":"conditional_components","is_active":false,"hidden_components":[]},{"action_id":"conditional_options","is_active":true,"hidden_options":[{"component_id":"1674729655","component_options":[21959,21937],"options_modifier":"in"}]}],"enabled":true},{"id":"1675941585","name":"NO DRIVER NO SELECTION ","description":"","configuration":[{"component_id":"1674729655","options_modifier":"in","component_options":[-1]}],"actions":[{"action_id":"compat_group","is_active":false},{"action_id":"conditional_components","is_active":false,"hidden_components":[]},{"action_id":"conditional_options","is_active":true,"hidden_options":[{"component_id":"1675941376","component_options":[-1],"options_modifier":"not-in"}]}],"enabled":true},{"id":"1675941586","name":"V","description":"","configuration":[{"component_id":"1674729655","options_modifier":"in","component_options":[22016]}],"actions":[{"action_id":"compat_group","is_active":false},{"action_id":"conditional_components","is_active":false,"hidden_components":[]},{"action_id":"conditional_options","is_active":true,"hidden_options":[{"component_id":"1675941376","component_options":[-1,40444,40441,40439,40437,40431],"options_modifier":"not-in"}]}],"enabled":true},{"id":"1675941587","name":"N-2","description":"","configuration":[{"component_id":"1674729655","options_modifier":"in","component_options":[21989,21881]}],"actions":[{"action_id":"compat_group","is_active":false},{"action_id":"conditional_components","is_active":false,"hidden_components":[]},{"action_id":"conditional_options","is_active":true,"hidden_options":[{"component_id":"1675941376","component_options":[-1,75360,75367,40421,40420,40418],"options_modifier":"not-in"}]}],"enabled":true},{"id":"1675941588","name":"S-M-F-W-6","description":"","configuration":[{"component_id":"1674729655","options_modifier":"in","component_options":[22005,21978,21953,22023,21886]}],"actions":[{"action_id":"compat_group","is_active":false},{"action_id":"conditional_components","is_active":false,"hidden_components":[]},{"action_id":"conditional_options","is_active":true,"hidden_options":[{"component_id":"1675941376","component_options":[-1,40453,40455,40457,40459,40464],"options_modifier":"not-in"}]}],"enabled":true},{"id":"1675941589","name":"A-G","description":"","configuration":[{"component_id":"1674729655","options_modifier":"in","component_options":[21959,21937]}],"actions":[{"action_id":"compat_group","is_active":false},{"action_id":"conditional_components","is_active":false,"hidden_components":[]},{"action_id":"conditional_options","is_active":true,"hidden_options":[{"component_id":"1675941376","component_options":[-1,40477,75310,75311,40480,40481],"options_modifier":"not-in"}]}],"enabled":true},{"id":"1689346367","name":"LT 80 N-2","description":"","configuration":[{"component_id":"1674729655","options_modifier":"in","component_options":[21989,21881]}],"actions":[{"action_id":"compat_group","is_active":false},{"action_id":"conditional_components","is_active":false,"hidden_components":[]},{"action_id":"conditional_options","is_active":true,"hidden_options":[{"component_id":"1689346311","component_options":[-1,50126],"options_modifier":"not-in"}]}],"enabled":true},{"id":"1689346368","name":"LT 100 V-S-M-F-W-6-A-G","description":"","configuration":[{"component_id":"1674729655","options_modifier":"in","component_options":[22016,22005,21978,21953,22023,21886,21959,21937]}],"actions":[{"action_id":"compat_group","is_active":false},{"action_id":"conditional_components","is_active":false,"hidden_components":[]},{"action_id":"conditional_options","is_active":true,"hidden_options":[{"component_id":"1689346311","component_options":[-1,50131],"options_modifier":"not-in"}]}],"enabled":true}],"bundled_by":[],"bundle_stock_status":"instock","bundle_stock_quantity":null,"bundle_virtual":false,"bundle_layout":"","bundle_add_to_cart_form_location":"","bundle_editable_in_cart":false,"bundle_sold_individually_context":"","bundle_item_grouping":"","bundle_min_size":"","bundle_max_size":"","bundled_items":[],"bundle_sell_ids":[],"acf":[],"yoast_head":"<!-- This site is optimized with the Yoast SEO plugin v27.5 - https:\/\/yoast.com\/product\/yoast-seo-wordpress\/ -->\n<title>Dark Tilt Medium | Exenia<\/title>\n<meta name=\"robots\" content=\"noindex, follow, max-snippet:-1, max-image-preview:large, max-video-preview:-1\" \/>\n<meta property=\"og:locale\" content=\"es_ES\" \/>\n<meta property=\"og:type\" content=\"article\" \/>\n<meta property=\"og:title\" content=\"Dark Tilt Medium | Exenia\" \/>\n<meta property=\"og:description\" content=\"Foco empotrable orientable, extremadamente compacto para iluminaci\u00f3n profesional, dise\u00f1ado para...\" \/>\n<meta property=\"og:url\" content=\"https:\/\/restyling.exenia.eu\/prodotto\/dark-tilt-medium\/\" \/>\n<meta property=\"og:site_name\" content=\"Exenia\" \/>\n<meta property=\"article:publisher\" content=\"https:\/\/www.facebook.com\/exenialighting\" \/>\n<meta property=\"article:modified_time\" content=\"2025-03-26T10:45:14+00:00\" \/>\n<meta property=\"og:image\" content=\"https:\/\/restyling.exenia.eu\/wp-content\/uploads\/2023\/01\/Dark-tilt-medium-prodotto.jpg\" \/>\n\t<meta property=\"og:image:width\" content=\"2000\" \/>\n\t<meta property=\"og:image:height\" content=\"1919\" \/>\n\t<meta property=\"og:image:type\" content=\"image\/jpeg\" \/>\n<!-- \/ Yoast SEO plugin. -->","yoast_head_json":{"title":"Dark Tilt Medium | Exenia","robots":{"index":"noindex","follow":"follow","max-snippet":"max-snippet:-1","max-image-preview":"max-image-preview:large","max-video-preview":"max-video-preview:-1"},"og_locale":"es_ES","og_type":"article","og_title":"Dark Tilt Medium | Exenia","og_description":"Foco empotrable orientable, extremadamente compacto para iluminaci\u00f3n profesional, dise\u00f1ado para...","og_url":"https:\/\/restyling.exenia.eu\/prodotto\/dark-tilt-medium\/","og_site_name":"Exenia","article_publisher":"https:\/\/www.facebook.com\/exenialighting","article_modified_time":"2025-03-26T10:45:14+00:00","og_image":[{"width":2000,"height":1919,"url":"https:\/\/restyling.exenia.eu\/wp-content\/uploads\/2023\/01\/Dark-tilt-medium-prodotto.jpg","type":"image\/jpeg"}],"schema":{"@context":"https:\/\/schema.org","@graph":[{"@type":"WebPage","@id":"https:\/\/restyling.exenia.eu\/prodotto\/dark-tilt-medium\/","url":"https:\/\/restyling.exenia.eu\/prodotto\/dark-tilt-medium\/","name":"Dark Tilt Medium | Exenia","isPartOf":{"@id":"https:\/\/restyling.exenia.eu\/#website"},"primaryImageOfPage":{"@id":"https:\/\/restyling.exenia.eu\/prodotto\/dark-tilt-medium\/#primaryimage"},"image":{"@id":"https:\/\/restyling.exenia.eu\/prodotto\/dark-tilt-medium\/#primaryimage"},"thumbnailUrl":"https:\/\/restyling.exenia.eu\/wp-content\/uploads\/2023\/01\/Dark-tilt-medium-prodotto.jpg","datePublished":"2022-11-24T08:49:47+00:00","dateModified":"2025-03-26T10:45:14+00:00","breadcrumb":{"@id":"https:\/\/restyling.exenia.eu\/prodotto\/dark-tilt-medium\/#breadcrumb"},"inLanguage":"es","potentialAction":[{"@type":"ReadAction","target":["https:\/\/restyling.exenia.eu\/prodotto\/dark-tilt-medium\/"]}]},{"@type":"ImageObject","inLanguage":"es","@id":"https:\/\/restyling.exenia.eu\/prodotto\/dark-tilt-medium\/#primaryimage","url":"https:\/\/restyling.exenia.eu\/wp-content\/uploads\/2023\/01\/Dark-tilt-medium-prodotto.jpg","contentUrl":"https:\/\/restyling.exenia.eu\/wp-content\/uploads\/2023\/01\/Dark-tilt-medium-prodotto.jpg","width":2000,"height":1919},{"@type":"BreadcrumbList","@id":"https:\/\/restyling.exenia.eu\/prodotto\/dark-tilt-medium\/#breadcrumb","itemListElement":[{"@type":"ListItem","position":1,"name":"Home","item":"https:\/\/restyling.exenia.eu\/"},{"@type":"ListItem","position":2,"name":"Productos","item":"https:\/\/restyling.exenia.eu\/prodotti\/"},{"@type":"ListItem","position":3,"name":"Indoor","item":"https:\/\/restyling.exenia.eu\/c\/indoor\/"},{"@type":"ListItem","position":4,"name":"Apparecchi ad incasso","item":"https:\/\/restyling.exenia.eu\/c\/indoor\/apparecchi-ad-incasso\/"},{"@type":"ListItem","position":5,"name":"Dark","item":"https:\/\/restyling.exenia.eu\/c\/indoor\/apparecchi-ad-incasso\/dark\/"},{"@type":"ListItem","position":6,"name":"Dark Tilt Medium"}]},{"@type":"WebSite","@id":"https:\/\/restyling.exenia.eu\/#website","url":"https:\/\/restyling.exenia.eu\/","name":"Exenia","description":"","publisher":{"@id":"https:\/\/restyling.exenia.eu\/#organization"},"potentialAction":[{"@type":"SearchAction","target":{"@type":"EntryPoint","urlTemplate":"https:\/\/restyling.exenia.eu\/?s={search_term_string}"},"query-input":{"@type":"PropertyValueSpecification","valueRequired":true,"valueName":"search_term_string"}}],"inLanguage":"es"},{"@type":"Organization","@id":"https:\/\/restyling.exenia.eu\/#organization","name":"Exenia","url":"https:\/\/restyling.exenia.eu\/","logo":{"@type":"ImageObject","inLanguage":"es","@id":"https:\/\/restyling.exenia.eu\/#\/schema\/logo\/image\/","url":"https:\/\/restyling.exenia.eu\/wp-content\/uploads\/2022\/09\/logo_exenia-e1678467519405.png","contentUrl":"https:\/\/restyling.exenia.eu\/wp-content\/uploads\/2022\/09\/logo_exenia-e1678467519405.png","width":600,"height":194,"caption":"Exenia"},"image":{"@id":"https:\/\/restyling.exenia.eu\/#\/schema\/logo\/image\/"},"sameAs":["https:\/\/www.facebook.com\/exenialighting","https:\/\/x.com\/ExeniaLighting"]}]}},"_links":{"self":[{"href":"https:\/\/restyling.exenia.eu\/es\/wp-json\/wp\/v2\/product\/27508","targetHints":{"allow":["GET"]}}],"collection":[{"href":"https:\/\/restyling.exenia.eu\/es\/wp-json\/wp\/v2\/product"}],"about":[{"href":"https:\/\/restyling.exenia.eu\/es\/wp-json\/wp\/v2\/types\/product"}],"wp:featuredmedia":[{"embeddable":true,"href":"https:\/\/restyling.exenia.eu\/es\/wp-json\/wp\/v2\/media\/22659"}],"wp:attachment":[{"href":"https:\/\/restyling.exenia.eu\/es\/wp-json\/wp\/v2\/media?parent=27508"}],"wp:term":[{"taxonomy":"product_brand","embeddable":true,"href":"https:\/\/restyling.exenia.eu\/es\/wp-json\/wp\/v2\/product_brand?post=27508"},{"taxonomy":"product_cat","embeddable":true,"href":"https:\/\/restyling.exenia.eu\/es\/wp-json\/wp\/v2\/product_cat?post=27508"},{"taxonomy":"product_tag","embeddable":true,"href":"https:\/\/restyling.exenia.eu\/es\/wp-json\/wp\/v2\/product_tag?post=27508"},{"taxonomy":"categoria-admin-prodotto","embeddable":true,"href":"https:\/\/restyling.exenia.eu\/es\/wp-json\/wp\/v2\/categoria-admin-prodotto?post=27508"}],"curies":[{"name":"wp","href":"https:\/\/api.w.org\/{rel}","templated":true}]}}