{"id":28054,"date":"2023-01-25T15:11:46","date_gmt":"2023-01-25T14:11:46","guid":{"rendered":"https:\/\/www.exenia.eu\/prodotto\/museo-revo-max-copia\/"},"modified":"2023-07-14T13:57:39","modified_gmt":"2023-07-14T11:57:39","slug":"museo-revo-compact","status":"publish","type":"product","link":"https:\/\/restyling.exenia.eu\/es\/producto\/museo-revo-compact\/","title":{"rendered":"Museo Revo Compact"},"content":{"rendered":"<p>Proyectores para montaje en superficie con controladores integrados en la base.<br \/>\nAdecuado para la iluminaci\u00f3n de alto confort visual, directa e indirecta. Dedicados al dise\u00f1o avanzado de la iluminaci\u00f3n, los nuevos sistemas \u00f3pticos Revo-Dark est\u00e1n especialmente indicados para entornos con un elevado confort visual. Caracterizados por una doble articulaci\u00f3n y seis grados de libertad, permiten un posicionamiento preciso en todas las direcciones. Las dimensiones minimizadas y los acabados espec\u00edficos para un camuflaje m\u00e1ximo en el contexto se combinan con los nuevos par\u00e1metros de rendimiento de REVO para lograr una relaci\u00f3n tama\u00f1o-rendimiento que no tiene comparaci\u00f3n.<\/p>\n<p>La versi\u00f3n Compact ofrece aperturas de 6\u00b0 a 50\u00b0 dos haces el\u00edpticos , el buscado ba\u00f1ador de pared asim\u00e9trico profundo de gran homogeneidad.<br \/>\nLos numerosos accesorios est\u00e1n dise\u00f1ados con un sistema de montaje superpuesto, lo que permite una configuraci\u00f3n \u00f3ptica diferenciada y espec\u00edfica.<br \/>\nLa alta reproducci\u00f3n crom\u00e1tica, el UG&lt;10 y el cumplimiento de los par\u00e1metros de iluminaci\u00f3n DARK se complementan con la calidad de los 2 SDCM de la fuente y la proyecci\u00f3n del haz especialmente limpia.<br \/>\nEl cuerpo general de aluminio cuenta con nuevos brazos de lat\u00f3n sin fricci\u00f3n con bloqueo microm\u00e9trico para una punter\u00eda f\u00e1cil y definitiva.<br \/>\nLa total compatibilidad con los sistemas de control m\u00e1s comunes hace de Museo Revo Compact el instrumento perfecto en contextos en los que el valor de la fuente viene determinado por un rendimiento de muy alta calidad y una m\u00ednima intrusi\u00f3n f\u00edsica y visual.<\/p>\n","protected":false},"excerpt":{"rendered":"<p>Proyectores para montaje en superficie con controladores integrados en la&#8230;<\/p>\n","protected":false},"featured_media":29945,"template":"","meta":{"_acf_changed":false},"product_brand":[],"product_cat":[3060],"product_tag":[7513],"categoria-admin-prodotto":[],"class_list":{"0":"post-28054","1":"product","2":"type-product","3":"status-publish","4":"has-post-thumbnail","6":"product_cat-museo-revo-proyectores-base","7":"product_tag-38740-es","8":"pa_cct-2700k-es","9":"pa_cct-3000k-es","10":"pa_cct-3500k-es","11":"pa_cct-4000k-es","12":"pa_certificazione-conformita-ce-es","13":"pa_classe-f-si-es-2","14":"pa_cri-92-es","15":"pa_cri-98-es","16":"pa_grado-ip-ip40-es","17":"pa_temperatura-di-esercizio-10-35-es","19":"first","20":"instock","21":"purchasable","22":"product-type-composite"},"composite_virtual":false,"composite_layout":"single","composite_add_to_cart_form_location":"default","composite_editable_in_cart":false,"composite_sold_individually_context":"product","composite_shop_price_calc":"defaults","composite_components":[{"id":"1674658710","title":"Cuerpo de la luminaria","description":"","query_type":"product_ids","query_ids":[21666],"default_option_id":21666,"thumbnail_id":"","thumbnail_src":"","quantity_min":1,"quantity_max":1,"priced_individually":false,"shipped_individually":false,"optional":false,"discount":"","options_style":"radios","pagination_style":"classic","display_prices":"absolute","show_sorting_options":false,"show_filtering_options":false,"attribute_filter_ids":[],"product_title_visible":false,"product_descr_visible":false,"product_price_visible":false,"product_thumb_visible":false,"subtotal_visible_product":false,"subtotal_visible_cart":false,"subtotal_visible_orders":false},{"id":"1674658711","title":"Versi\u00f3n","description":"","query_type":"product_ids","query_ids":[22130],"default_option_id":22130,"thumbnail_id":"","thumbnail_src":"","quantity_min":1,"quantity_max":1,"priced_individually":false,"shipped_individually":false,"optional":false,"discount":"","options_style":"radios","pagination_style":"classic","display_prices":"absolute","show_sorting_options":false,"show_filtering_options":false,"attribute_filter_ids":[],"product_title_visible":false,"product_descr_visible":false,"product_price_visible":false,"product_thumb_visible":false,"subtotal_visible_product":false,"subtotal_visible_cart":false,"subtotal_visible_orders":false},{"id":"1674658712","title":"Controlar","description":"","query_type":"product_ids","query_ids":[21534,21535,21563,21561,21579],"default_option_id":"","thumbnail_id":"","thumbnail_src":"","quantity_min":1,"quantity_max":1,"priced_individually":false,"shipped_individually":false,"optional":true,"discount":"","options_style":"radios","pagination_style":"classic","display_prices":"absolute","show_sorting_options":false,"show_filtering_options":false,"attribute_filter_ids":[],"product_title_visible":false,"product_descr_visible":false,"product_price_visible":false,"product_thumb_visible":false,"subtotal_visible_product":false,"subtotal_visible_cart":false,"subtotal_visible_orders":false},{"id":"1674658713","title":"Acabado","description":"","query_type":"product_ids","query_ids":[21864,21839,21797,21857,21855,21852,21843],"default_option_id":"","thumbnail_id":"","thumbnail_src":"","quantity_min":1,"quantity_max":1,"priced_individually":false,"shipped_individually":false,"optional":true,"discount":"","options_style":"radios","pagination_style":"classic","display_prices":"absolute","show_sorting_options":false,"show_filtering_options":false,"attribute_filter_ids":[],"product_title_visible":false,"product_descr_visible":false,"product_price_visible":false,"product_thumb_visible":false,"subtotal_visible_product":false,"subtotal_visible_cart":false,"subtotal_visible_orders":false},{"id":"1674658714","title":"CRI-CCT","description":"","query_type":"product_ids","query_ids":[21717,21718,21720,21719,21727,21728,21730,21729],"default_option_id":"","thumbnail_id":"","thumbnail_src":"","quantity_min":1,"quantity_max":1,"priced_individually":false,"shipped_individually":false,"optional":true,"discount":"","options_style":"radios","pagination_style":"classic","display_prices":"absolute","show_sorting_options":false,"show_filtering_options":false,"attribute_filter_ids":[],"product_title_visible":false,"product_descr_visible":false,"product_price_visible":false,"product_thumb_visible":false,"subtotal_visible_product":false,"subtotal_visible_cart":false,"subtotal_visible_orders":false},{"id":"1674658715","title":"\u00d3ptica","description":"","query_type":"product_ids","query_ids":[22012,21991,21881,21999,21979,21948,22025,21888,21943,21961],"default_option_id":"","thumbnail_id":"","thumbnail_src":"","quantity_min":1,"quantity_max":1,"priced_individually":false,"shipped_individually":false,"optional":true,"discount":"","options_style":"radios","pagination_style":"classic","display_prices":"absolute","show_sorting_options":false,"show_filtering_options":false,"attribute_filter_ids":[],"product_title_visible":false,"product_descr_visible":false,"product_price_visible":false,"product_thumb_visible":false,"subtotal_visible_product":false,"subtotal_visible_cart":false,"subtotal_visible_orders":false},{"id":"1674658716","title":"Accesorios","description":"","query_type":"product_ids","query_ids":[29246],"default_option_id":29246,"thumbnail_id":"","thumbnail_src":"","quantity_min":1,"quantity_max":1,"priced_individually":false,"shipped_individually":false,"optional":false,"discount":"","options_style":"radios","pagination_style":"classic","display_prices":"absolute","show_sorting_options":false,"show_filtering_options":false,"attribute_filter_ids":[],"product_title_visible":false,"product_descr_visible":true,"product_price_visible":false,"product_thumb_visible":true,"subtotal_visible_product":false,"subtotal_visible_cart":false,"subtotal_visible_orders":false},{"id":"1676654075","title":"Accesorios independientes","description":"","query_type":"product_ids","query_ids":[40654],"default_option_id":40654,"thumbnail_id":"","thumbnail_src":"","quantity_min":1,"quantity_max":1,"priced_individually":false,"shipped_individually":false,"optional":false,"discount":"","options_style":"radios","pagination_style":"classic","display_prices":"absolute","show_sorting_options":false,"show_filtering_options":false,"attribute_filter_ids":[],"product_title_visible":false,"product_descr_visible":true,"product_price_visible":false,"product_thumb_visible":false,"subtotal_visible_product":false,"subtotal_visible_cart":false,"subtotal_visible_orders":false},{"id":"1689342851","title":"Vida Util","description":"","query_type":"product_ids","query_ids":[50126,50131],"default_option_id":"","thumbnail_id":"","thumbnail_src":"","quantity_min":1,"quantity_max":1,"priced_individually":false,"shipped_individually":false,"optional":true,"discount":"","options_style":"radios","pagination_style":"classic","display_prices":"absolute","show_sorting_options":false,"show_filtering_options":false,"attribute_filter_ids":[],"product_title_visible":false,"product_descr_visible":false,"product_price_visible":false,"product_thumb_visible":false,"subtotal_visible_product":false,"subtotal_visible_cart":false,"subtotal_visible_orders":false}],"composite_scenarios":[{"id":"1674659032","name":"narrow spot \/ wide flood","description":"","configuration":[{"component_id":"1674658715","options_modifier":"in","component_options":[21991,22025]}],"actions":[{"action_id":"compat_group","is_active":false},{"action_id":"conditional_components","is_active":false,"hidden_components":[]},{"action_id":"conditional_options","is_active":true,"hidden_options":[{"component_id":"1674658716","component_options":[29468,29473,29480,29481,29484,29485],"options_modifier":"in"}]}],"enabled":true},{"id":"1674659033","name":"ell. narrow spot \/ ell. wide flood","description":"","configuration":[{"component_id":"1674658715","options_modifier":"in","component_options":[21881,21888]}],"actions":[{"action_id":"compat_group","is_active":false},{"action_id":"conditional_components","is_active":false,"hidden_components":[]},{"action_id":"conditional_options","is_active":true,"hidden_options":[{"component_id":"1674658716","component_options":[-1,29464],"options_modifier":"not-in"}]}],"enabled":true},{"id":"1674659034","name":"deep\/graz washer","description":"","configuration":[{"component_id":"1674658715","options_modifier":"in","component_options":[21943,21961]}],"actions":[{"action_id":"compat_group","is_active":false},{"action_id":"conditional_components","is_active":true,"hidden_components":["1676654075"]},{"action_id":"conditional_options","is_active":true,"hidden_options":[{"component_id":"1674658716","component_options":[-1,29464],"options_modifier":"not-in"}]}],"enabled":true},{"id":"1674659654","name":"cri98 toglie very narrow","description":"","configuration":[{"component_id":"1674658714","options_modifier":"in","component_options":[21727,21728,21730,21729]}],"actions":[{"action_id":"compat_group","is_active":false},{"action_id":"conditional_components","is_active":false,"hidden_components":[]},{"action_id":"conditional_options","is_active":true,"hidden_options":[{"component_id":"1674658715","component_options":[22012],"options_modifier":"in"}]}],"enabled":true},{"id":"1674659655","name":"very narrow toglie cri98","description":"","configuration":[{"component_id":"1674658715","options_modifier":"in","component_options":[22012]}],"actions":[{"action_id":"compat_group","is_active":false},{"action_id":"conditional_components","is_active":false,"hidden_components":[]},{"action_id":"conditional_options","is_active":true,"hidden_options":[{"component_id":"1674658714","component_options":[21727,21728,21730,21729],"options_modifier":"in"}]}],"enabled":true},{"id":"1689342965","name":"LT 80","description":"","configuration":[{"component_id":"1674658715","options_modifier":"in","component_options":[21991,21881]}],"actions":[{"action_id":"compat_group","is_active":false},{"action_id":"conditional_components","is_active":false,"hidden_components":[]},{"action_id":"conditional_options","is_active":true,"hidden_options":[{"component_id":"1689342851","component_options":[-1,50126],"options_modifier":"not-in"}]}],"enabled":true},{"id":"1689342966","name":"LT 100","description":"","configuration":[{"component_id":"1674658715","options_modifier":"in","component_options":[22012,21999,21979,21948,22025,21888,21943,21961]}],"actions":[{"action_id":"compat_group","is_active":false},{"action_id":"conditional_components","is_active":false,"hidden_components":[]},{"action_id":"conditional_options","is_active":true,"hidden_options":[{"component_id":"1689342851","component_options":[-1,50131],"options_modifier":"not-in"}]}],"enabled":true}],"bundled_by":[],"bundle_stock_status":"instock","bundle_stock_quantity":null,"bundle_virtual":false,"bundle_layout":"","bundle_add_to_cart_form_location":"","bundle_editable_in_cart":false,"bundle_sold_individually_context":"","bundle_item_grouping":"","bundle_min_size":"","bundle_max_size":"","bundled_items":[],"bundle_sell_ids":[],"acf":[],"yoast_head":"<!-- This site is optimized with the Yoast SEO plugin v27.5 - https:\/\/yoast.com\/product\/yoast-seo-wordpress\/ -->\n<title>Museo Revo Compact | Exenia<\/title>\n<meta name=\"robots\" content=\"noindex, follow, max-snippet:-1, max-image-preview:large, max-video-preview:-1\" \/>\n<meta property=\"og:locale\" content=\"es_ES\" \/>\n<meta property=\"og:type\" content=\"article\" \/>\n<meta property=\"og:title\" content=\"Museo Revo Compact | Exenia\" \/>\n<meta property=\"og:description\" content=\"Proyectores para montaje en superficie con controladores integrados en la...\" \/>\n<meta property=\"og:url\" content=\"https:\/\/restyling.exenia.eu\/prodotto\/museo-revo-compact\/\" \/>\n<meta property=\"og:site_name\" content=\"Exenia\" \/>\n<meta property=\"article:publisher\" content=\"https:\/\/www.facebook.com\/exenialighting\" \/>\n<meta property=\"article:modified_time\" content=\"2023-07-14T11:57:39+00:00\" \/>\n<meta property=\"og:image\" content=\"https:\/\/restyling.exenia.eu\/wp-content\/uploads\/2023\/01\/Museo-revo-compact-prodotto.jpg\" \/>\n\t<meta property=\"og:image:width\" content=\"2000\" \/>\n\t<meta property=\"og:image:height\" content=\"1919\" \/>\n\t<meta property=\"og:image:type\" content=\"image\/jpeg\" \/>\n<!-- \/ Yoast SEO plugin. -->","yoast_head_json":{"title":"Museo Revo Compact | Exenia","robots":{"index":"noindex","follow":"follow","max-snippet":"max-snippet:-1","max-image-preview":"max-image-preview:large","max-video-preview":"max-video-preview:-1"},"og_locale":"es_ES","og_type":"article","og_title":"Museo Revo Compact | Exenia","og_description":"Proyectores para montaje en superficie con controladores integrados en la...","og_url":"https:\/\/restyling.exenia.eu\/prodotto\/museo-revo-compact\/","og_site_name":"Exenia","article_publisher":"https:\/\/www.facebook.com\/exenialighting","article_modified_time":"2023-07-14T11:57:39+00:00","og_image":[{"width":2000,"height":1919,"url":"https:\/\/restyling.exenia.eu\/wp-content\/uploads\/2023\/01\/Museo-revo-compact-prodotto.jpg","type":"image\/jpeg"}],"schema":{"@context":"https:\/\/schema.org","@graph":[{"@type":"WebPage","@id":"https:\/\/restyling.exenia.eu\/prodotto\/museo-revo-compact\/","url":"https:\/\/restyling.exenia.eu\/prodotto\/museo-revo-compact\/","name":"Museo Revo Compact | Exenia","isPartOf":{"@id":"https:\/\/restyling.exenia.eu\/#website"},"primaryImageOfPage":{"@id":"https:\/\/restyling.exenia.eu\/prodotto\/museo-revo-compact\/#primaryimage"},"image":{"@id":"https:\/\/restyling.exenia.eu\/prodotto\/museo-revo-compact\/#primaryimage"},"thumbnailUrl":"https:\/\/restyling.exenia.eu\/wp-content\/uploads\/2023\/01\/Museo-revo-compact-prodotto.jpg","datePublished":"2023-01-25T14:11:46+00:00","dateModified":"2023-07-14T11:57:39+00:00","breadcrumb":{"@id":"https:\/\/restyling.exenia.eu\/prodotto\/museo-revo-compact\/#breadcrumb"},"inLanguage":"es","potentialAction":[{"@type":"ReadAction","target":["https:\/\/restyling.exenia.eu\/prodotto\/museo-revo-compact\/"]}]},{"@type":"ImageObject","inLanguage":"es","@id":"https:\/\/restyling.exenia.eu\/prodotto\/museo-revo-compact\/#primaryimage","url":"https:\/\/restyling.exenia.eu\/wp-content\/uploads\/2023\/01\/Museo-revo-compact-prodotto.jpg","contentUrl":"https:\/\/restyling.exenia.eu\/wp-content\/uploads\/2023\/01\/Museo-revo-compact-prodotto.jpg","width":2000,"height":1919},{"@type":"BreadcrumbList","@id":"https:\/\/restyling.exenia.eu\/prodotto\/museo-revo-compact\/#breadcrumb","itemListElement":[{"@type":"ListItem","position":1,"name":"Home","item":"https:\/\/restyling.exenia.eu\/"},{"@type":"ListItem","position":2,"name":"Productos","item":"https:\/\/restyling.exenia.eu\/prodotti\/"},{"@type":"ListItem","position":3,"name":"Indoor","item":"https:\/\/restyling.exenia.eu\/c\/indoor\/"},{"@type":"ListItem","position":4,"name":"Proiettori a base","item":"https:\/\/restyling.exenia.eu\/c\/indoor\/proiettori-a-base\/"},{"@type":"ListItem","position":5,"name":"Museo Revo","item":"https:\/\/restyling.exenia.eu\/c\/indoor\/proiettori-a-base\/museo-revo\/"},{"@type":"ListItem","position":6,"name":"Museo Revo Compact"}]},{"@type":"WebSite","@id":"https:\/\/restyling.exenia.eu\/#website","url":"https:\/\/restyling.exenia.eu\/","name":"Exenia","description":"","publisher":{"@id":"https:\/\/restyling.exenia.eu\/#organization"},"potentialAction":[{"@type":"SearchAction","target":{"@type":"EntryPoint","urlTemplate":"https:\/\/restyling.exenia.eu\/?s={search_term_string}"},"query-input":{"@type":"PropertyValueSpecification","valueRequired":true,"valueName":"search_term_string"}}],"inLanguage":"es"},{"@type":"Organization","@id":"https:\/\/restyling.exenia.eu\/#organization","name":"Exenia","url":"https:\/\/restyling.exenia.eu\/","logo":{"@type":"ImageObject","inLanguage":"es","@id":"https:\/\/restyling.exenia.eu\/#\/schema\/logo\/image\/","url":"https:\/\/restyling.exenia.eu\/wp-content\/uploads\/2022\/09\/logo_exenia-e1678467519405.png","contentUrl":"https:\/\/restyling.exenia.eu\/wp-content\/uploads\/2022\/09\/logo_exenia-e1678467519405.png","width":600,"height":194,"caption":"Exenia"},"image":{"@id":"https:\/\/restyling.exenia.eu\/#\/schema\/logo\/image\/"},"sameAs":["https:\/\/www.facebook.com\/exenialighting","https:\/\/x.com\/ExeniaLighting"]}]}},"_links":{"self":[{"href":"https:\/\/restyling.exenia.eu\/es\/wp-json\/wp\/v2\/product\/28054","targetHints":{"allow":["GET"]}}],"collection":[{"href":"https:\/\/restyling.exenia.eu\/es\/wp-json\/wp\/v2\/product"}],"about":[{"href":"https:\/\/restyling.exenia.eu\/es\/wp-json\/wp\/v2\/types\/product"}],"wp:featuredmedia":[{"embeddable":true,"href":"https:\/\/restyling.exenia.eu\/es\/wp-json\/wp\/v2\/media\/29945"}],"wp:attachment":[{"href":"https:\/\/restyling.exenia.eu\/es\/wp-json\/wp\/v2\/media?parent=28054"}],"wp:term":[{"taxonomy":"product_brand","embeddable":true,"href":"https:\/\/restyling.exenia.eu\/es\/wp-json\/wp\/v2\/product_brand?post=28054"},{"taxonomy":"product_cat","embeddable":true,"href":"https:\/\/restyling.exenia.eu\/es\/wp-json\/wp\/v2\/product_cat?post=28054"},{"taxonomy":"product_tag","embeddable":true,"href":"https:\/\/restyling.exenia.eu\/es\/wp-json\/wp\/v2\/product_tag?post=28054"},{"taxonomy":"categoria-admin-prodotto","embeddable":true,"href":"https:\/\/restyling.exenia.eu\/es\/wp-json\/wp\/v2\/categoria-admin-prodotto?post=28054"}],"curies":[{"name":"wp","href":"https:\/\/api.w.org\/{rel}","templated":true}]}}