{"id":52666,"date":"2024-06-25T09:48:17","date_gmt":"2024-06-25T07:48:17","guid":{"rendered":"https:\/\/www.exenia.eu\/?post_type=product&#038;p=52666"},"modified":"2024-07-31T15:32:05","modified_gmt":"2024-07-31T13:32:05","slug":"metrix","status":"publish","type":"product","link":"https:\/\/restyling.exenia.eu\/es\/producto\/metrix\/","title":{"rendered":"Metrix"},"content":{"rendered":"<p>Proyectores lineales alimentados por corriente fabricados en extrusi\u00f3n de aluminio con controlador remoto, disponibles en cuatro longitudes y tres potencias.<\/p>\n<p>Los nuevos sistemas \u00f3pticos Microflat garantizan un alto rendimiento, una precisi\u00f3n muy elevada del haz en formas contenidas y factores de deslumbramiento muy bajos.<\/p>\n<p>Dedicados al dise\u00f1o profesional, est\u00e1n disponibles en dos \u00e1ngulos de haz sim\u00e9tricos, una arandela rasante asim\u00e9trica y un haz ancho transversal espec\u00edfico en tres gamas de potencia con rendimientos de 1300Lm\/m, 2600Lm\/m y 3800Lm\/m.<\/p>\n<p>La completa gama de accesorios permite instalaciones en techo, cornisas, estantes y orientables.<\/p>\n<p><a href=\"https:\/\/restyling.exenia.eu\/wp-content\/uploads\/2024\/07\/BROCHURE-METRIX-SP.pdf\"><img fetchpriority=\"high\" decoding=\"async\" class=\"alignnone size-medium wp-image-57352\" src=\"https:\/\/restyling.exenia.eu\/wp-content\/uploads\/2024\/07\/METRIX-COVER-4-212x300.jpg\" alt=\"\" width=\"212\" height=\"300\" srcset=\"https:\/\/restyling.exenia.eu\/wp-content\/uploads\/2024\/07\/METRIX-COVER-4-212x300.jpg 212w, https:\/\/restyling.exenia.eu\/wp-content\/uploads\/2024\/07\/METRIX-COVER-4-725x1024.jpg 725w, https:\/\/restyling.exenia.eu\/wp-content\/uploads\/2024\/07\/METRIX-COVER-4-768x1085.jpg 768w, https:\/\/restyling.exenia.eu\/wp-content\/uploads\/2024\/07\/METRIX-COVER-4.jpg 903w\" sizes=\"(max-width: 212px) 100vw, 212px\" \/><\/a><\/p>\n","protected":false},"excerpt":{"rendered":"<p>Proyectores lineales alimentados por corriente fabricados en extrusi\u00f3n de aluminio&#8230;<\/p>\n","protected":false},"featured_media":56005,"template":"","meta":{"_acf_changed":false},"product_brand":[],"product_cat":[6498],"product_tag":[6663,6667,6670,6676],"categoria-admin-prodotto":[],"class_list":{"0":"post-52666","1":"product","2":"type-product","3":"status-publish","4":"has-post-thumbnail","6":"product_cat-metrix-es","7":"product_tag-72440-es","8":"product_tag-72441-es","9":"product_tag-72442-es","10":"product_tag-72443-es","11":"pa_alimentazione-cc-es","12":"pa_cct-2700k-es","13":"pa_cct-3000k-es","14":"pa_cct-3500k-es","15":"pa_cct-4000k-es","16":"pa_certificazione-conformita-ce-es","17":"pa_classe-f-si-es-2","18":"pa_cri-92-es","19":"pa_cri-98-es","20":"pa_grado-ip-ip40-es","21":"pa_lifetime-l80b10-150-000-h-es","22":"pa_temperatura-di-esercizio-10-35-es","24":"first","25":"instock","26":"virtual","27":"purchasable","28":"product-type-composite"},"composite_virtual":false,"composite_layout":"single","composite_add_to_cart_form_location":"default","composite_editable_in_cart":false,"composite_sold_individually_context":"product","composite_shop_price_calc":"defaults","composite_components":[{"id":"1717691996","title":"Housing body","description":"","query_type":"product_ids","query_ids":[52649],"default_option_id":52649,"thumbnail_id":"","thumbnail_src":"","quantity_min":1,"quantity_max":1,"priced_individually":false,"shipped_individually":true,"optional":false,"discount":"","options_style":"radios","pagination_style":"classic","display_prices":"absolute","show_sorting_options":false,"show_filtering_options":false,"attribute_filter_ids":[],"product_title_visible":false,"product_descr_visible":false,"product_price_visible":false,"product_thumb_visible":false,"subtotal_visible_product":false,"subtotal_visible_cart":false,"subtotal_visible_orders":false},{"id":"1717691997","title":"Dimension","description":"","query_type":"product_ids","query_ids":[52656,52661,53272,53276],"default_option_id":"","thumbnail_id":"","thumbnail_src":"","quantity_min":1,"quantity_max":1,"priced_individually":false,"shipped_individually":true,"optional":true,"discount":"","options_style":"radios","pagination_style":"classic","display_prices":"absolute","show_sorting_options":false,"show_filtering_options":false,"attribute_filter_ids":[],"product_title_visible":false,"product_descr_visible":false,"product_price_visible":false,"product_thumb_visible":false,"subtotal_visible_product":false,"subtotal_visible_cart":false,"subtotal_visible_orders":false},{"id":"1719850285","title":"Output","description":"","query_type":"product_ids","query_ids":[54009,54013,54017],"default_option_id":"","thumbnail_id":"","thumbnail_src":"","quantity_min":1,"quantity_max":1,"priced_individually":false,"shipped_individually":true,"optional":true,"discount":"","options_style":"radios","pagination_style":"classic","display_prices":"absolute","show_sorting_options":false,"show_filtering_options":false,"attribute_filter_ids":[],"product_title_visible":false,"product_descr_visible":false,"product_price_visible":false,"product_thumb_visible":false,"subtotal_visible_product":false,"subtotal_visible_cart":false,"subtotal_visible_orders":false},{"id":"1717691998","title":"Control","description":"","query_type":"product_ids","query_ids":[21583],"default_option_id":21583,"thumbnail_id":"","thumbnail_src":"","quantity_min":1,"quantity_max":1,"priced_individually":false,"shipped_individually":true,"optional":false,"discount":"","options_style":"radios","pagination_style":"classic","display_prices":"absolute","show_sorting_options":false,"show_filtering_options":false,"attribute_filter_ids":[],"product_title_visible":false,"product_descr_visible":false,"product_price_visible":false,"product_thumb_visible":false,"subtotal_visible_product":false,"subtotal_visible_cart":false,"subtotal_visible_orders":false},{"id":"1717691999","title":"Finish","description":"","query_type":"product_ids","query_ids":[21864,53401,21839],"default_option_id":"","thumbnail_id":"","thumbnail_src":"","quantity_min":1,"quantity_max":1,"priced_individually":false,"shipped_individually":true,"optional":true,"discount":"","options_style":"radios","pagination_style":"classic","display_prices":"absolute","show_sorting_options":false,"show_filtering_options":false,"attribute_filter_ids":[],"product_title_visible":false,"product_descr_visible":false,"product_price_visible":false,"product_thumb_visible":false,"subtotal_visible_product":false,"subtotal_visible_cart":false,"subtotal_visible_orders":false},{"id":"1717692000","title":"CRI-CCT","description":"","query_type":"product_ids","query_ids":[21717,21718,21720,21719,21727,21728,21730,21729],"default_option_id":"","thumbnail_id":"","thumbnail_src":"","quantity_min":1,"quantity_max":1,"priced_individually":false,"shipped_individually":true,"optional":true,"discount":"","options_style":"radios","pagination_style":"classic","display_prices":"absolute","show_sorting_options":false,"show_filtering_options":false,"attribute_filter_ids":[],"product_title_visible":false,"product_descr_visible":false,"product_price_visible":false,"product_thumb_visible":false,"subtotal_visible_product":false,"subtotal_visible_cart":false,"subtotal_visible_orders":false},{"id":"1717692001","title":"Optic","description":"","query_type":"product_ids","query_ids":[54067,54071,55455,53298],"default_option_id":"","thumbnail_id":"","thumbnail_src":"","quantity_min":1,"quantity_max":1,"priced_individually":false,"shipped_individually":true,"optional":true,"discount":"","options_style":"radios","pagination_style":"classic","display_prices":"absolute","show_sorting_options":false,"show_filtering_options":false,"attribute_filter_ids":[],"product_title_visible":false,"product_descr_visible":false,"product_price_visible":false,"product_thumb_visible":false,"subtotal_visible_product":false,"subtotal_visible_cart":false,"subtotal_visible_orders":false},{"id":"1720100744","title":" ","description":"","query_type":"product_ids","query_ids":[7636],"default_option_id":7636,"thumbnail_id":"","thumbnail_src":"","quantity_min":1,"quantity_max":1,"priced_individually":false,"shipped_individually":true,"optional":false,"discount":"","options_style":"radios","pagination_style":"classic","display_prices":"absolute","show_sorting_options":false,"show_filtering_options":false,"attribute_filter_ids":[],"product_title_visible":false,"product_descr_visible":false,"product_price_visible":false,"product_thumb_visible":false,"subtotal_visible_product":false,"subtotal_visible_cart":false,"subtotal_visible_orders":false},{"id":"1720100745","title":"Kit de aplicaci\u00f3n","description":"","query_type":"product_ids","query_ids":[54401,54402,54403],"default_option_id":"","thumbnail_id":"","thumbnail_src":"","quantity_min":1,"quantity_max":1,"priced_individually":false,"shipped_individually":true,"optional":true,"discount":"","options_style":"radios","pagination_style":"classic","display_prices":"absolute","show_sorting_options":false,"show_filtering_options":false,"attribute_filter_ids":[],"product_title_visible":false,"product_descr_visible":true,"product_price_visible":false,"product_thumb_visible":true,"subtotal_visible_product":false,"subtotal_visible_cart":false,"subtotal_visible_orders":false},{"id":"1720110432","title":" ","description":"","query_type":"product_ids","query_ids":[7636],"default_option_id":7636,"thumbnail_id":"","thumbnail_src":"","quantity_min":1,"quantity_max":1,"priced_individually":false,"shipped_individually":true,"optional":false,"discount":"","options_style":"radios","pagination_style":"classic","display_prices":"absolute","show_sorting_options":false,"show_filtering_options":false,"attribute_filter_ids":[],"product_title_visible":false,"product_descr_visible":false,"product_price_visible":false,"product_thumb_visible":false,"subtotal_visible_product":false,"subtotal_visible_cart":false,"subtotal_visible_orders":false},{"id":"1720108503","title":"Driver remoto","description":"","query_type":"product_ids","query_ids":[54629],"default_option_id":54629,"thumbnail_id":"","thumbnail_src":"","quantity_min":1,"quantity_max":1,"priced_individually":false,"shipped_individually":true,"optional":false,"discount":"","options_style":"radios","pagination_style":"classic","display_prices":"absolute","show_sorting_options":false,"show_filtering_options":false,"attribute_filter_ids":[],"product_title_visible":false,"product_descr_visible":false,"product_price_visible":false,"product_thumb_visible":true,"subtotal_visible_product":false,"subtotal_visible_cart":false,"subtotal_visible_orders":false},{"id":"1721310327","title":"Potencia","description":"","query_type":"product_ids","query_ids":[56804,56796,56800,56808,13702,56812,56816,56820,55394,56824,56828,56832],"default_option_id":"","thumbnail_id":"","thumbnail_src":"","quantity_min":1,"quantity_max":1,"priced_individually":false,"shipped_individually":true,"optional":true,"discount":"","options_style":"radios","pagination_style":"classic","display_prices":"absolute","show_sorting_options":false,"show_filtering_options":false,"attribute_filter_ids":[],"product_title_visible":false,"product_descr_visible":false,"product_price_visible":false,"product_thumb_visible":false,"subtotal_visible_product":false,"subtotal_visible_cart":false,"subtotal_visible_orders":false}],"composite_scenarios":[{"id":"1721062456","name":"360 - 1300lm\/mt","description":"","configuration":[{"component_id":"1717691997","options_modifier":"in","component_options":[52656]},{"component_id":"1719850285","options_modifier":"in","component_options":[54009]}],"actions":[{"action_id":"compat_group","is_active":false},{"action_id":"conditional_components","is_active":false,"hidden_components":[]},{"action_id":"conditional_options","is_active":true,"hidden_options":[{"component_id":"1720108503","component_options":[-1,54710,54702,54674,54643],"options_modifier":"not-in"},{"component_id":"1721310327","component_options":[-1,56804],"options_modifier":"not-in"}]}],"enabled":true},{"id":"1721062553","name":"360 - 2600lm\/mt","description":"","configuration":[{"component_id":"1717691997","options_modifier":"in","component_options":[52656]},{"component_id":"1719850285","options_modifier":"in","component_options":[54013]}],"actions":[{"action_id":"compat_group","is_active":false},{"action_id":"conditional_components","is_active":false,"hidden_components":[]},{"action_id":"conditional_options","is_active":true,"hidden_options":[{"component_id":"1720108503","component_options":[-1,54711,54703,54691,54677,54659,54645],"options_modifier":"not-in"},{"component_id":"1721310327","component_options":[-1,56796],"options_modifier":"not-in"}]}],"enabled":true},{"id":"1721062802","name":"360 - 3800lm\/mt","description":"","configuration":[{"component_id":"1717691997","options_modifier":"in","component_options":[52656]},{"component_id":"1719850285","options_modifier":"in","component_options":[54017]}],"actions":[{"action_id":"compat_group","is_active":false},{"action_id":"conditional_components","is_active":false,"hidden_components":[]},{"action_id":"conditional_options","is_active":true,"hidden_options":[{"component_id":"1720108503","component_options":[-1,54712,54704,54693,54679,54662,54648],"options_modifier":"not-in"},{"component_id":"1721310327","component_options":[-1,56800],"options_modifier":"not-in"}]}],"enabled":true},{"id":"1721062803","name":"720 - 1300lm\/mt","description":"","configuration":[{"component_id":"1717691997","options_modifier":"in","component_options":[52661]},{"component_id":"1719850285","options_modifier":"in","component_options":[54009]}],"actions":[{"action_id":"compat_group","is_active":false},{"action_id":"conditional_components","is_active":false,"hidden_components":[]},{"action_id":"conditional_options","is_active":true,"hidden_options":[{"component_id":"1720108503","component_options":[-1,54711,54703,54691,54677,54659,54645],"options_modifier":"not-in"},{"component_id":"1721310327","component_options":[-1,56808],"options_modifier":"not-in"}]}],"enabled":true},{"id":"1721063750","name":"720 - 2600lm\/mt","description":"","configuration":[{"component_id":"1717691997","options_modifier":"in","component_options":[52661]},{"component_id":"1719850285","options_modifier":"in","component_options":[54013]}],"actions":[{"action_id":"compat_group","is_active":false},{"action_id":"conditional_components","is_active":false,"hidden_components":[]},{"action_id":"conditional_options","is_active":true,"hidden_options":[{"component_id":"1720108503","component_options":[-1,54713,54705,54695,54680,54664,54650],"options_modifier":"not-in"},{"component_id":"1721310327","component_options":[-1,13702],"options_modifier":"not-in"}]}],"enabled":true},{"id":"1721063751","name":"720 - 3800lm\/mt","description":"","configuration":[{"component_id":"1717691997","options_modifier":"in","component_options":[52661]},{"component_id":"1719850285","options_modifier":"in","component_options":[54017]}],"actions":[{"action_id":"compat_group","is_active":false},{"action_id":"conditional_components","is_active":false,"hidden_components":[]},{"action_id":"conditional_options","is_active":true,"hidden_options":[{"component_id":"1720108503","component_options":[-1,54714,54706,54697,54682,54666,54652],"options_modifier":"not-in"},{"component_id":"1721310327","component_options":[-1,56812],"options_modifier":"not-in"}]}],"enabled":true},{"id":"1721063752","name":"1080 - 1300lm\/mt","description":"","configuration":[{"component_id":"1717691997","options_modifier":"in","component_options":[53272]},{"component_id":"1719850285","options_modifier":"in","component_options":[54009]}],"actions":[{"action_id":"compat_group","is_active":false},{"action_id":"conditional_components","is_active":false,"hidden_components":[]},{"action_id":"conditional_options","is_active":true,"hidden_options":[{"component_id":"1720108503","component_options":[-1,54712,54704,54693,54679,54662,54648],"options_modifier":"not-in"},{"component_id":"1721310327","component_options":[-1,56816],"options_modifier":"not-in"}]}],"enabled":true},{"id":"1721063753","name":"1080 - 2600lm\/mt","description":"","configuration":[{"component_id":"1717691997","options_modifier":"in","component_options":[53272]},{"component_id":"1719850285","options_modifier":"in","component_options":[54013]}],"actions":[{"action_id":"compat_group","is_active":false},{"action_id":"conditional_components","is_active":false,"hidden_components":[]},{"action_id":"conditional_options","is_active":true,"hidden_options":[{"component_id":"1720108503","component_options":[-1,54714,54706,54697,54682,54666,54652],"options_modifier":"not-in"},{"component_id":"1721310327","component_options":[-1,56820],"options_modifier":"not-in"}]}],"enabled":true},{"id":"1721063754","name":"1080 - 3800lm\/mt","description":"","configuration":[{"component_id":"1717691997","options_modifier":"in","component_options":[53272]},{"component_id":"1719850285","options_modifier":"in","component_options":[54017]}],"actions":[{"action_id":"compat_group","is_active":false},{"action_id":"conditional_components","is_active":false,"hidden_components":[]},{"action_id":"conditional_options","is_active":true,"hidden_options":[{"component_id":"1720108503","component_options":[-1,54715,54707,54699,54684,54668,54654],"options_modifier":"not-in"},{"component_id":"1721310327","component_options":[-1,55394],"options_modifier":"not-in"}]}],"enabled":true},{"id":"1721063755","name":"1440 - 1300lm\/mt","description":"","configuration":[{"component_id":"1717691997","options_modifier":"in","component_options":[53276]},{"component_id":"1719850285","options_modifier":"in","component_options":[54009]}],"actions":[{"action_id":"compat_group","is_active":false},{"action_id":"conditional_components","is_active":false,"hidden_components":[]},{"action_id":"conditional_options","is_active":true,"hidden_options":[{"component_id":"1720108503","component_options":[-1,54713,54705,54695,54680,54664,54650],"options_modifier":"not-in"},{"component_id":"1721310327","component_options":[-1,56824],"options_modifier":"not-in"}]}],"enabled":true},{"id":"1721063756","name":"1440 - 2600lm\/mt","description":"","configuration":[{"component_id":"1717691997","options_modifier":"in","component_options":[53276]},{"component_id":"1719850285","options_modifier":"in","component_options":[54013]}],"actions":[{"action_id":"compat_group","is_active":false},{"action_id":"conditional_components","is_active":false,"hidden_components":[]},{"action_id":"conditional_options","is_active":true,"hidden_options":[{"component_id":"1720108503","component_options":[-1,54716,54708,54700,54686,54672,54655],"options_modifier":"not-in"},{"component_id":"1721310327","component_options":[-1,56828],"options_modifier":"not-in"}]}],"enabled":true},{"id":"1721063757","name":"1440 - 3800lm\/mt","description":"","configuration":[{"component_id":"1717691997","options_modifier":"in","component_options":[53276]},{"component_id":"1719850285","options_modifier":"in","component_options":[54017]}],"actions":[{"action_id":"compat_group","is_active":false},{"action_id":"conditional_components","is_active":false,"hidden_components":[]},{"action_id":"conditional_options","is_active":true,"hidden_options":[{"component_id":"1720108503","component_options":[-1,54717,54709,54701,54688,54657],"options_modifier":"not-in"},{"component_id":"1721310327","component_options":[-1,56832],"options_modifier":"not-in"}]}],"enabled":true},{"id":"1721295377","name":"no output ","description":"","configuration":[{"component_id":"1719850285","options_modifier":"in","component_options":[-1]}],"actions":[{"action_id":"compat_group","is_active":false},{"action_id":"conditional_components","is_active":false,"hidden_components":[]},{"action_id":"conditional_options","is_active":true,"hidden_options":[{"component_id":"1720108503","component_options":[-1],"options_modifier":"not-in"},{"component_id":"1721310327","component_options":[-1],"options_modifier":"not-in"}]}],"enabled":true},{"id":"1721309600","name":"no lungh.","description":"","configuration":[{"component_id":"1717691997","options_modifier":"in","component_options":[-1]}],"actions":[{"action_id":"compat_group","is_active":false},{"action_id":"conditional_components","is_active":false,"hidden_components":[]},{"action_id":"conditional_options","is_active":true,"hidden_options":[{"component_id":"1720108503","component_options":[-1],"options_modifier":"not-in"},{"component_id":"1721310327","component_options":[-1],"options_modifier":"not-in"}]}],"enabled":true}],"bundled_by":[],"bundle_stock_status":"instock","bundle_stock_quantity":null,"bundle_virtual":false,"bundle_layout":"","bundle_add_to_cart_form_location":"","bundle_editable_in_cart":false,"bundle_sold_individually_context":"","bundle_item_grouping":"","bundle_min_size":"","bundle_max_size":"","bundled_items":[],"bundle_sell_ids":[],"acf":[],"yoast_head":"<!-- This site is optimized with the Yoast SEO plugin v27.5 - https:\/\/yoast.com\/product\/yoast-seo-wordpress\/ -->\n<title>Metrix | Exenia<\/title>\n<meta name=\"robots\" content=\"noindex, follow, max-snippet:-1, max-image-preview:large, max-video-preview:-1\" \/>\n<meta property=\"og:locale\" content=\"es_ES\" \/>\n<meta property=\"og:type\" content=\"article\" \/>\n<meta property=\"og:title\" content=\"Metrix | Exenia\" \/>\n<meta property=\"og:description\" content=\"Proyectores lineales alimentados por corriente fabricados en extrusi\u00f3n de aluminio...\" \/>\n<meta property=\"og:url\" content=\"https:\/\/restyling.exenia.eu\/es\/producto\/metrix\/\" \/>\n<meta property=\"og:site_name\" content=\"Exenia\" \/>\n<meta property=\"article:publisher\" content=\"https:\/\/www.facebook.com\/exenialighting\" \/>\n<meta property=\"article:modified_time\" content=\"2024-07-31T13:32:05+00:00\" \/>\n<meta property=\"og:image\" content=\"https:\/\/restyling.exenia.eu\/wp-content\/uploads\/2024\/07\/Metrix-prodotto.jpg\" \/>\n\t<meta property=\"og:image:width\" content=\"2000\" \/>\n\t<meta property=\"og:image:height\" content=\"1919\" \/>\n\t<meta property=\"og:image:type\" content=\"image\/jpeg\" \/>\n<!-- \/ Yoast SEO plugin. -->","yoast_head_json":{"title":"Metrix | Exenia","robots":{"index":"noindex","follow":"follow","max-snippet":"max-snippet:-1","max-image-preview":"max-image-preview:large","max-video-preview":"max-video-preview:-1"},"og_locale":"es_ES","og_type":"article","og_title":"Metrix | Exenia","og_description":"Proyectores lineales alimentados por corriente fabricados en extrusi\u00f3n de aluminio...","og_url":"https:\/\/restyling.exenia.eu\/es\/producto\/metrix\/","og_site_name":"Exenia","article_publisher":"https:\/\/www.facebook.com\/exenialighting","article_modified_time":"2024-07-31T13:32:05+00:00","og_image":[{"width":2000,"height":1919,"url":"https:\/\/restyling.exenia.eu\/wp-content\/uploads\/2024\/07\/Metrix-prodotto.jpg","type":"image\/jpeg"}],"schema":{"@context":"https:\/\/schema.org","@graph":[{"@type":"WebPage","@id":"https:\/\/restyling.exenia.eu\/es\/producto\/metrix\/","url":"https:\/\/restyling.exenia.eu\/es\/producto\/metrix\/","name":"Metrix | Exenia","isPartOf":{"@id":"https:\/\/restyling.exenia.eu\/#website"},"primaryImageOfPage":{"@id":"https:\/\/restyling.exenia.eu\/es\/producto\/metrix\/#primaryimage"},"image":{"@id":"https:\/\/restyling.exenia.eu\/es\/producto\/metrix\/#primaryimage"},"thumbnailUrl":"https:\/\/restyling.exenia.eu\/wp-content\/uploads\/2024\/07\/Metrix-prodotto.jpg","datePublished":"2024-06-25T07:48:17+00:00","dateModified":"2024-07-31T13:32:05+00:00","breadcrumb":{"@id":"https:\/\/restyling.exenia.eu\/es\/producto\/metrix\/#breadcrumb"},"inLanguage":"es","potentialAction":[{"@type":"ReadAction","target":["https:\/\/restyling.exenia.eu\/es\/producto\/metrix\/"]}]},{"@type":"ImageObject","inLanguage":"es","@id":"https:\/\/restyling.exenia.eu\/es\/producto\/metrix\/#primaryimage","url":"https:\/\/restyling.exenia.eu\/wp-content\/uploads\/2024\/07\/Metrix-prodotto.jpg","contentUrl":"https:\/\/restyling.exenia.eu\/wp-content\/uploads\/2024\/07\/Metrix-prodotto.jpg","width":2000,"height":1919},{"@type":"BreadcrumbList","@id":"https:\/\/restyling.exenia.eu\/es\/producto\/metrix\/#breadcrumb","itemListElement":[{"@type":"ListItem","position":1,"name":"Home","item":"https:\/\/restyling.exenia.eu\/"},{"@type":"ListItem","position":2,"name":"Productos","item":"https:\/\/restyling.exenia.eu\/prodotti\/"},{"@type":"ListItem","position":3,"name":"Indoor","item":"https:\/\/restyling.exenia.eu\/es\/c\/indoor\/"},{"@type":"ListItem","position":4,"name":"Suspensiones y Techo","item":"https:\/\/restyling.exenia.eu\/es\/c\/indoor\/suspensiones-y-techo\/"},{"@type":"ListItem","position":5,"name":"Metrix","item":"https:\/\/restyling.exenia.eu\/c\/indoor\/apparecchi-a-sospensione-plafoniere\/metrix\/"},{"@type":"ListItem","position":6,"name":"Metrix"}]},{"@type":"WebSite","@id":"https:\/\/restyling.exenia.eu\/#website","url":"https:\/\/restyling.exenia.eu\/","name":"Exenia","description":"","publisher":{"@id":"https:\/\/restyling.exenia.eu\/#organization"},"potentialAction":[{"@type":"SearchAction","target":{"@type":"EntryPoint","urlTemplate":"https:\/\/restyling.exenia.eu\/?s={search_term_string}"},"query-input":{"@type":"PropertyValueSpecification","valueRequired":true,"valueName":"search_term_string"}}],"inLanguage":"es"},{"@type":"Organization","@id":"https:\/\/restyling.exenia.eu\/#organization","name":"Exenia","url":"https:\/\/restyling.exenia.eu\/","logo":{"@type":"ImageObject","inLanguage":"es","@id":"https:\/\/restyling.exenia.eu\/#\/schema\/logo\/image\/","url":"https:\/\/restyling.exenia.eu\/wp-content\/uploads\/2022\/09\/logo_exenia-e1678467519405.png","contentUrl":"https:\/\/restyling.exenia.eu\/wp-content\/uploads\/2022\/09\/logo_exenia-e1678467519405.png","width":600,"height":194,"caption":"Exenia"},"image":{"@id":"https:\/\/restyling.exenia.eu\/#\/schema\/logo\/image\/"},"sameAs":["https:\/\/www.facebook.com\/exenialighting","https:\/\/x.com\/ExeniaLighting"]}]}},"_links":{"self":[{"href":"https:\/\/restyling.exenia.eu\/es\/wp-json\/wp\/v2\/product\/52666","targetHints":{"allow":["GET"]}}],"collection":[{"href":"https:\/\/restyling.exenia.eu\/es\/wp-json\/wp\/v2\/product"}],"about":[{"href":"https:\/\/restyling.exenia.eu\/es\/wp-json\/wp\/v2\/types\/product"}],"wp:featuredmedia":[{"embeddable":true,"href":"https:\/\/restyling.exenia.eu\/es\/wp-json\/wp\/v2\/media\/56005"}],"wp:attachment":[{"href":"https:\/\/restyling.exenia.eu\/es\/wp-json\/wp\/v2\/media?parent=52666"}],"wp:term":[{"taxonomy":"product_brand","embeddable":true,"href":"https:\/\/restyling.exenia.eu\/es\/wp-json\/wp\/v2\/product_brand?post=52666"},{"taxonomy":"product_cat","embeddable":true,"href":"https:\/\/restyling.exenia.eu\/es\/wp-json\/wp\/v2\/product_cat?post=52666"},{"taxonomy":"product_tag","embeddable":true,"href":"https:\/\/restyling.exenia.eu\/es\/wp-json\/wp\/v2\/product_tag?post=52666"},{"taxonomy":"categoria-admin-prodotto","embeddable":true,"href":"https:\/\/restyling.exenia.eu\/es\/wp-json\/wp\/v2\/categoria-admin-prodotto?post=52666"}],"curies":[{"name":"wp","href":"https:\/\/api.w.org\/{rel}","templated":true}]}}