{"id":52799,"date":"2024-06-12T12:01:34","date_gmt":"2024-06-12T10:01:34","guid":{"rendered":"https:\/\/www.exenia.eu\/?post_type=product&#038;p=52799"},"modified":"2024-07-31T15:46:02","modified_gmt":"2024-07-31T13:46:02","slug":"museo-revo-compact-ip67-base","status":"publish","type":"product","link":"https:\/\/restyling.exenia.eu\/es\/producto\/museo-revo-compact-ip67-base\/","title":{"rendered":"Museo Revo Compact IP67 Base"},"content":{"rendered":"<p>La versi\u00f3n Compact ofrece aperturas de 6\u00b0 a 50\u00b0, dos haces el\u00edpticos y la arandela profunda asim\u00e9trica de gran homogeneidad.<\/p>\n<p>Numerosos accesorios completan la flexibilidad de la gama Compact. La alta reproducci\u00f3n crom\u00e1tica, el coeficiente UGR&lt;10 y el cumplimiento de los par\u00e1metros de iluminaci\u00f3n DARK se complementan con la calidad de los 2 SDCM de la fuente y la especial limpieza de la proyecci\u00f3n del haz. Entre los accesorios se incluye la cubierta de suelo de alta protecci\u00f3n para zonas expuestas a impactos y espacios p\u00fablicos.<\/p>\n<p>El cuerpo general de aluminio cuenta con brazos de lat\u00f3n duraderos y bloqueados por fricci\u00f3n con bloqueo microm\u00e9trico para un apuntamiento f\u00e1cil y definitivo.<\/p>\n<p>La total compatibilidad con los sistemas de control m\u00e1s comunes convierte a Museo Revo Compact en la herramienta perfecta en contextos en los que el valor de la fuente viene determinado por una alt\u00edsima calidad de funcionamiento y una m\u00ednima intrusi\u00f3n f\u00edsica y visual.<\/p>\n<p>Disponible en versiones con driver de tensi\u00f3n de red a bordo, con base redonda peque\u00f1a para alimentaci\u00f3n de baja tensi\u00f3n o corriente, con pincho y en versi\u00f3n de pilona combinada con el sistema Cactus. Entre los accesorios se incluye la cubierta de suelo de alta protecci\u00f3n para zonas expuestas a golpes y espacios p\u00fablicos.<\/p>\n<p><a href=\"https:\/\/restyling.exenia.eu\/wp-content\/uploads\/2024\/07\/BROCHURE-MUSEO-SP.pdf\"><img fetchpriority=\"high\" decoding=\"async\" class=\"alignnone size-medium wp-image-57353\" src=\"https:\/\/restyling.exenia.eu\/wp-content\/uploads\/2024\/07\/MUSEO-COVER-4-212x300.jpg\" alt=\"\" width=\"212\" height=\"300\" srcset=\"https:\/\/restyling.exenia.eu\/wp-content\/uploads\/2024\/07\/MUSEO-COVER-4-212x300.jpg 212w, https:\/\/restyling.exenia.eu\/wp-content\/uploads\/2024\/07\/MUSEO-COVER-4-725x1024.jpg 725w, https:\/\/restyling.exenia.eu\/wp-content\/uploads\/2024\/07\/MUSEO-COVER-4-768x1085.jpg 768w, https:\/\/restyling.exenia.eu\/wp-content\/uploads\/2024\/07\/MUSEO-COVER-4.jpg 903w\" sizes=\"(max-width: 212px) 100vw, 212px\" \/><\/a><\/p>\n","protected":false},"excerpt":{"rendered":"<p>La versi\u00f3n Compact ofrece aperturas de 6\u00b0 a 50\u00b0, dos&#8230;<\/p>\n","protected":false},"featured_media":57298,"template":"","meta":{"_acf_changed":false},"product_brand":[],"product_cat":[6514],"product_tag":[6903],"categoria-admin-prodotto":[],"class_list":{"0":"post-52799","1":"product","2":"type-product","3":"status-publish","4":"has-post-thumbnail","6":"product_cat-museo-revo-ip67-es","7":"product_tag-841340-es","8":"pa_alimentazione-ac-es","9":"pa_cct-2700k-es","10":"pa_cct-3000k-es","11":"pa_cct-3500k-es","12":"pa_cct-4000k-es","13":"pa_certificazione-conformita-ce-es","14":"pa_classe-f-si-es-2","15":"pa_cri-92-es","16":"pa_cri-98-es","17":"pa_grado-ip-ip67-es","18":"pa_grado-ip-ik08-es","19":"pa_temperatura-di-esercizio-20-50-es","21":"first","22":"instock","23":"purchasable","24":"product-type-composite"},"composite_virtual":false,"composite_layout":"single","composite_add_to_cart_form_location":"default","composite_editable_in_cart":false,"composite_sold_individually_context":"product","composite_shop_price_calc":"defaults","composite_components":[{"id":"1674658710","title":"Cuerpo de la luminaria","description":"","query_type":"product_ids","query_ids":[53210],"default_option_id":53210,"thumbnail_id":"","thumbnail_src":"","quantity_min":1,"quantity_max":1,"priced_individually":false,"shipped_individually":false,"optional":false,"discount":"","options_style":"radios","pagination_style":"classic","display_prices":"absolute","show_sorting_options":false,"show_filtering_options":false,"attribute_filter_ids":[],"product_title_visible":false,"product_descr_visible":false,"product_price_visible":false,"product_thumb_visible":false,"subtotal_visible_product":false,"subtotal_visible_cart":false,"subtotal_visible_orders":false},{"id":"1674658711","title":"Versi\u00f3n","description":"","query_type":"product_ids","query_ids":[22130],"default_option_id":22130,"thumbnail_id":"","thumbnail_src":"","quantity_min":1,"quantity_max":1,"priced_individually":false,"shipped_individually":false,"optional":false,"discount":"","options_style":"radios","pagination_style":"classic","display_prices":"absolute","show_sorting_options":false,"show_filtering_options":false,"attribute_filter_ids":[],"product_title_visible":false,"product_descr_visible":false,"product_price_visible":false,"product_thumb_visible":false,"subtotal_visible_product":false,"subtotal_visible_cart":false,"subtotal_visible_orders":false},{"id":"1674658712","title":"Controlar","description":"","query_type":"product_ids","query_ids":[21534,21563],"default_option_id":"","thumbnail_id":"","thumbnail_src":"","quantity_min":1,"quantity_max":1,"priced_individually":false,"shipped_individually":false,"optional":true,"discount":"","options_style":"radios","pagination_style":"classic","display_prices":"absolute","show_sorting_options":false,"show_filtering_options":false,"attribute_filter_ids":[],"product_title_visible":false,"product_descr_visible":false,"product_price_visible":false,"product_thumb_visible":false,"subtotal_visible_product":false,"subtotal_visible_cart":false,"subtotal_visible_orders":false},{"id":"1674658713","title":"Acabado","description":"","query_type":"product_ids","query_ids":[21864,21857,21855,21852,21848,53260],"default_option_id":"","thumbnail_id":"","thumbnail_src":"","quantity_min":1,"quantity_max":1,"priced_individually":false,"shipped_individually":false,"optional":true,"discount":"","options_style":"radios","pagination_style":"classic","display_prices":"absolute","show_sorting_options":false,"show_filtering_options":false,"attribute_filter_ids":[],"product_title_visible":false,"product_descr_visible":false,"product_price_visible":false,"product_thumb_visible":false,"subtotal_visible_product":false,"subtotal_visible_cart":false,"subtotal_visible_orders":false},{"id":"1674658714","title":"CRI-CCT","description":"","query_type":"product_ids","query_ids":[21717,21718,21720,21719,21727,21728,21730,21729],"default_option_id":"","thumbnail_id":"","thumbnail_src":"","quantity_min":1,"quantity_max":1,"priced_individually":false,"shipped_individually":false,"optional":true,"discount":"","options_style":"radios","pagination_style":"classic","display_prices":"absolute","show_sorting_options":false,"show_filtering_options":false,"attribute_filter_ids":[],"product_title_visible":false,"product_descr_visible":false,"product_price_visible":false,"product_thumb_visible":false,"subtotal_visible_product":false,"subtotal_visible_cart":false,"subtotal_visible_orders":false},{"id":"1674658715","title":"\u00d3ptica","description":"","query_type":"product_ids","query_ids":[58555,58560,58564,58571,58575,58579,58586,58590,58594],"default_option_id":"","thumbnail_id":"","thumbnail_src":"","quantity_min":1,"quantity_max":1,"priced_individually":false,"shipped_individually":false,"optional":true,"discount":"","options_style":"radios","pagination_style":"classic","display_prices":"absolute","show_sorting_options":false,"show_filtering_options":false,"attribute_filter_ids":[],"product_title_visible":false,"product_descr_visible":false,"product_price_visible":false,"product_thumb_visible":false,"subtotal_visible_product":false,"subtotal_visible_cart":false,"subtotal_visible_orders":false},{"id":"1674658716","title":"Accesorios","description":"","query_type":"product_ids","query_ids":[21503,21483,21470,21478],"default_option_id":"","thumbnail_id":"","thumbnail_src":"","quantity_min":1,"quantity_max":1,"priced_individually":false,"shipped_individually":false,"optional":true,"discount":"","options_style":"radios","pagination_style":"classic","display_prices":"absolute","show_sorting_options":false,"show_filtering_options":false,"attribute_filter_ids":[],"product_title_visible":false,"product_descr_visible":false,"product_price_visible":false,"product_thumb_visible":false,"subtotal_visible_product":false,"subtotal_visible_cart":false,"subtotal_visible_orders":false},{"id":"1676654075","title":"Accesorios independientes","description":"","query_type":"product_ids","query_ids":[53517],"default_option_id":53517,"thumbnail_id":"","thumbnail_src":"","quantity_min":1,"quantity_max":1,"priced_individually":false,"shipped_individually":false,"optional":false,"discount":"","options_style":"radios","pagination_style":"classic","display_prices":"absolute","show_sorting_options":false,"show_filtering_options":false,"attribute_filter_ids":[],"product_title_visible":false,"product_descr_visible":true,"product_price_visible":false,"product_thumb_visible":false,"subtotal_visible_product":false,"subtotal_visible_cart":false,"subtotal_visible_orders":false},{"id":"1721379037","title":"C\u00e1rter de protecci\u00f3n","description":"","query_type":"product_ids","query_ids":[57059],"default_option_id":57059,"thumbnail_id":"","thumbnail_src":"","quantity_min":1,"quantity_max":1,"priced_individually":false,"shipped_individually":false,"optional":false,"discount":"","options_style":"radios","pagination_style":"classic","display_prices":"absolute","show_sorting_options":false,"show_filtering_options":false,"attribute_filter_ids":[],"product_title_visible":false,"product_descr_visible":false,"product_price_visible":false,"product_thumb_visible":false,"subtotal_visible_product":false,"subtotal_visible_cart":false,"subtotal_visible_orders":false},{"id":"1721379038","title":"Conectores","description":"","query_type":"product_ids","query_ids":[33023],"default_option_id":33023,"thumbnail_id":"","thumbnail_src":"","quantity_min":1,"quantity_max":1,"priced_individually":false,"shipped_individually":false,"optional":false,"discount":"","options_style":"radios","pagination_style":"classic","display_prices":"absolute","show_sorting_options":false,"show_filtering_options":false,"attribute_filter_ids":[],"product_title_visible":false,"product_descr_visible":false,"product_price_visible":false,"product_thumb_visible":false,"subtotal_visible_product":false,"subtotal_visible_cart":false,"subtotal_visible_orders":false},{"id":"1689342851","title":"Vida Util","description":"","query_type":"product_ids","query_ids":[50126,50131],"default_option_id":"","thumbnail_id":"","thumbnail_src":"","quantity_min":1,"quantity_max":1,"priced_individually":false,"shipped_individually":false,"optional":true,"discount":"","options_style":"radios","pagination_style":"classic","display_prices":"absolute","show_sorting_options":false,"show_filtering_options":false,"attribute_filter_ids":[],"product_title_visible":false,"product_descr_visible":false,"product_price_visible":false,"product_thumb_visible":false,"subtotal_visible_product":false,"subtotal_visible_cart":false,"subtotal_visible_orders":false}],"composite_scenarios":[{"id":"1674659032","name":"narrow spot \/ wide flood","description":"","configuration":[{"component_id":"1674658715","options_modifier":"in","component_options":[58560,58586]}],"actions":[{"action_id":"compat_group","is_active":false},{"action_id":"conditional_components","is_active":false,"hidden_components":[]},{"action_id":"conditional_options","is_active":true,"hidden_options":[{"component_id":"1674658716","component_options":[21478],"options_modifier":"in"}]}],"enabled":true},{"id":"1674659033","name":"ell. narrow spot \/ ell. wide flood","description":"","configuration":[{"component_id":"1674658715","options_modifier":"in","component_options":[58564,58590]}],"actions":[{"action_id":"compat_group","is_active":false},{"action_id":"conditional_components","is_active":false,"hidden_components":[]},{"action_id":"conditional_options","is_active":true,"hidden_options":[{"component_id":"1674658716","component_options":[-1,21503],"options_modifier":"not-in"}]}],"enabled":true},{"id":"1674659034","name":"deep washer","description":"","configuration":[{"component_id":"1674658715","options_modifier":"in","component_options":[58594]}],"actions":[{"action_id":"compat_group","is_active":false},{"action_id":"conditional_components","is_active":true,"hidden_components":["1676654075"]},{"action_id":"conditional_options","is_active":true,"hidden_options":[{"component_id":"1674658716","component_options":[-1,21503],"options_modifier":"not-in"}]}],"enabled":true},{"id":"1674659654","name":"cri98 toglie very narrow","description":"","configuration":[{"component_id":"1674658714","options_modifier":"in","component_options":[21727,21728,21730,21729]}],"actions":[{"action_id":"compat_group","is_active":false},{"action_id":"conditional_components","is_active":false,"hidden_components":[]},{"action_id":"conditional_options","is_active":true,"hidden_options":[{"component_id":"1674658715","component_options":[58555],"options_modifier":"in"}]}],"enabled":true},{"id":"1674659655","name":"very narrow toglie cri98","description":"","configuration":[{"component_id":"1674658715","options_modifier":"in","component_options":[58555]}],"actions":[{"action_id":"compat_group","is_active":false},{"action_id":"conditional_components","is_active":false,"hidden_components":[]},{"action_id":"conditional_options","is_active":true,"hidden_options":[{"component_id":"1674658714","component_options":[21727,21728,21730,21729],"options_modifier":"in"}]}],"enabled":true},{"id":"1689342965","name":"LT 80","description":"","configuration":[{"component_id":"1674658715","options_modifier":"in","component_options":[58560,58564]}],"actions":[{"action_id":"compat_group","is_active":false},{"action_id":"conditional_components","is_active":false,"hidden_components":[]},{"action_id":"conditional_options","is_active":true,"hidden_options":[{"component_id":"1689342851","component_options":[-1,50126],"options_modifier":"not-in"}]}],"enabled":true},{"id":"1689342966","name":"LT 100","description":"","configuration":[{"component_id":"1674658715","options_modifier":"in","component_options":[58555,58571,58575,58579,58586,58590,58594]}],"actions":[{"action_id":"compat_group","is_active":false},{"action_id":"conditional_components","is_active":false,"hidden_components":[]},{"action_id":"conditional_options","is_active":true,"hidden_options":[{"component_id":"1689342851","component_options":[-1,50131],"options_modifier":"not-in"}]}],"enabled":true}],"bundled_by":[],"bundle_stock_status":"instock","bundle_stock_quantity":null,"bundle_virtual":false,"bundle_layout":"","bundle_add_to_cart_form_location":"","bundle_editable_in_cart":false,"bundle_sold_individually_context":"","bundle_item_grouping":"","bundle_min_size":"","bundle_max_size":"","bundled_items":[],"bundle_sell_ids":[],"acf":[],"yoast_head":"<!-- This site is optimized with the Yoast SEO plugin v27.4 - https:\/\/yoast.com\/product\/yoast-seo-wordpress\/ -->\n<title>Museo Revo Compact IP67 Base | Exenia<\/title>\n<meta name=\"robots\" content=\"noindex, follow, max-snippet:-1, max-image-preview:large, max-video-preview:-1\" \/>\n<meta property=\"og:locale\" content=\"es_ES\" \/>\n<meta property=\"og:type\" content=\"article\" \/>\n<meta property=\"og:title\" content=\"Museo Revo Compact IP67 Base | Exenia\" \/>\n<meta property=\"og:description\" content=\"La versi\u00f3n Compact ofrece aperturas de 6\u00b0 a 50\u00b0, dos...\" \/>\n<meta property=\"og:url\" content=\"https:\/\/restyling.exenia.eu\/es\/producto\/museo-revo-compact-ip67-base\/\" \/>\n<meta property=\"og:site_name\" content=\"Exenia\" \/>\n<meta property=\"article:publisher\" content=\"https:\/\/www.facebook.com\/exenialighting\" \/>\n<meta property=\"article:modified_time\" content=\"2024-07-31T13:46:02+00:00\" \/>\n<meta property=\"og:image\" content=\"https:\/\/restyling.exenia.eu\/wp-content\/uploads\/2024\/07\/Museo-Compact-IP67-prodotto-new.jpg\" \/>\n\t<meta property=\"og:image:width\" content=\"2000\" \/>\n\t<meta property=\"og:image:height\" content=\"1919\" \/>\n\t<meta property=\"og:image:type\" content=\"image\/jpeg\" \/>\n<!-- \/ Yoast SEO plugin. -->","yoast_head_json":{"title":"Museo Revo Compact IP67 Base | Exenia","robots":{"index":"noindex","follow":"follow","max-snippet":"max-snippet:-1","max-image-preview":"max-image-preview:large","max-video-preview":"max-video-preview:-1"},"og_locale":"es_ES","og_type":"article","og_title":"Museo Revo Compact IP67 Base | Exenia","og_description":"La versi\u00f3n Compact ofrece aperturas de 6\u00b0 a 50\u00b0, dos...","og_url":"https:\/\/restyling.exenia.eu\/es\/producto\/museo-revo-compact-ip67-base\/","og_site_name":"Exenia","article_publisher":"https:\/\/www.facebook.com\/exenialighting","article_modified_time":"2024-07-31T13:46:02+00:00","og_image":[{"width":2000,"height":1919,"url":"https:\/\/restyling.exenia.eu\/wp-content\/uploads\/2024\/07\/Museo-Compact-IP67-prodotto-new.jpg","type":"image\/jpeg"}],"schema":{"@context":"https:\/\/schema.org","@graph":[{"@type":"WebPage","@id":"https:\/\/restyling.exenia.eu\/es\/producto\/museo-revo-compact-ip67-base\/","url":"https:\/\/restyling.exenia.eu\/es\/producto\/museo-revo-compact-ip67-base\/","name":"Museo Revo Compact IP67 Base | Exenia","isPartOf":{"@id":"https:\/\/restyling.exenia.eu\/#website"},"primaryImageOfPage":{"@id":"https:\/\/restyling.exenia.eu\/es\/producto\/museo-revo-compact-ip67-base\/#primaryimage"},"image":{"@id":"https:\/\/restyling.exenia.eu\/es\/producto\/museo-revo-compact-ip67-base\/#primaryimage"},"thumbnailUrl":"https:\/\/restyling.exenia.eu\/wp-content\/uploads\/2024\/07\/Museo-Compact-IP67-prodotto-new.jpg","datePublished":"2024-06-12T10:01:34+00:00","dateModified":"2024-07-31T13:46:02+00:00","breadcrumb":{"@id":"https:\/\/restyling.exenia.eu\/es\/producto\/museo-revo-compact-ip67-base\/#breadcrumb"},"inLanguage":"es","potentialAction":[{"@type":"ReadAction","target":["https:\/\/restyling.exenia.eu\/es\/producto\/museo-revo-compact-ip67-base\/"]}]},{"@type":"ImageObject","inLanguage":"es","@id":"https:\/\/restyling.exenia.eu\/es\/producto\/museo-revo-compact-ip67-base\/#primaryimage","url":"https:\/\/restyling.exenia.eu\/wp-content\/uploads\/2024\/07\/Museo-Compact-IP67-prodotto-new.jpg","contentUrl":"https:\/\/restyling.exenia.eu\/wp-content\/uploads\/2024\/07\/Museo-Compact-IP67-prodotto-new.jpg","width":2000,"height":1919},{"@type":"BreadcrumbList","@id":"https:\/\/restyling.exenia.eu\/es\/producto\/museo-revo-compact-ip67-base\/#breadcrumb","itemListElement":[{"@type":"ListItem","position":1,"name":"Home","item":"https:\/\/restyling.exenia.eu\/"},{"@type":"ListItem","position":2,"name":"Productos","item":"https:\/\/restyling.exenia.eu\/prodotti\/"},{"@type":"ListItem","position":3,"name":"Outdoor","item":"https:\/\/restyling.exenia.eu\/es\/c\/outdoor\/"},{"@type":"ListItem","position":4,"name":"Proyectores","item":"https:\/\/restyling.exenia.eu\/es\/c\/outdoor\/proyectores\/"},{"@type":"ListItem","position":5,"name":"Museo Revo IP67","item":"https:\/\/restyling.exenia.eu\/c\/outdoor\/proiettori-a-base-outdoor\/museo-revo-ip67\/"},{"@type":"ListItem","position":6,"name":"Museo Revo Compact IP67 Base"}]},{"@type":"WebSite","@id":"https:\/\/restyling.exenia.eu\/#website","url":"https:\/\/restyling.exenia.eu\/","name":"Exenia","description":"","publisher":{"@id":"https:\/\/restyling.exenia.eu\/#organization"},"potentialAction":[{"@type":"SearchAction","target":{"@type":"EntryPoint","urlTemplate":"https:\/\/restyling.exenia.eu\/?s={search_term_string}"},"query-input":{"@type":"PropertyValueSpecification","valueRequired":true,"valueName":"search_term_string"}}],"inLanguage":"es"},{"@type":"Organization","@id":"https:\/\/restyling.exenia.eu\/#organization","name":"Exenia","url":"https:\/\/restyling.exenia.eu\/","logo":{"@type":"ImageObject","inLanguage":"es","@id":"https:\/\/restyling.exenia.eu\/#\/schema\/logo\/image\/","url":"https:\/\/restyling.exenia.eu\/wp-content\/uploads\/2022\/09\/logo_exenia-e1678467519405.png","contentUrl":"https:\/\/restyling.exenia.eu\/wp-content\/uploads\/2022\/09\/logo_exenia-e1678467519405.png","width":600,"height":194,"caption":"Exenia"},"image":{"@id":"https:\/\/restyling.exenia.eu\/#\/schema\/logo\/image\/"},"sameAs":["https:\/\/www.facebook.com\/exenialighting","https:\/\/x.com\/ExeniaLighting"]}]}},"_links":{"self":[{"href":"https:\/\/restyling.exenia.eu\/es\/wp-json\/wp\/v2\/product\/52799","targetHints":{"allow":["GET"]}}],"collection":[{"href":"https:\/\/restyling.exenia.eu\/es\/wp-json\/wp\/v2\/product"}],"about":[{"href":"https:\/\/restyling.exenia.eu\/es\/wp-json\/wp\/v2\/types\/product"}],"wp:featuredmedia":[{"embeddable":true,"href":"https:\/\/restyling.exenia.eu\/es\/wp-json\/wp\/v2\/media\/57298"}],"wp:attachment":[{"href":"https:\/\/restyling.exenia.eu\/es\/wp-json\/wp\/v2\/media?parent=52799"}],"wp:term":[{"taxonomy":"product_brand","embeddable":true,"href":"https:\/\/restyling.exenia.eu\/es\/wp-json\/wp\/v2\/product_brand?post=52799"},{"taxonomy":"product_cat","embeddable":true,"href":"https:\/\/restyling.exenia.eu\/es\/wp-json\/wp\/v2\/product_cat?post=52799"},{"taxonomy":"product_tag","embeddable":true,"href":"https:\/\/restyling.exenia.eu\/es\/wp-json\/wp\/v2\/product_tag?post=52799"},{"taxonomy":"categoria-admin-prodotto","embeddable":true,"href":"https:\/\/restyling.exenia.eu\/es\/wp-json\/wp\/v2\/categoria-admin-prodotto?post=52799"}],"curies":[{"name":"wp","href":"https:\/\/api.w.org\/{rel}","templated":true}]}}