{"id":52926,"date":"2024-06-13T10:18:30","date_gmt":"2024-06-13T08:18:30","guid":{"rendered":"https:\/\/www.exenia.eu\/?post_type=product&#038;p=52926"},"modified":"2026-01-21T11:40:04","modified_gmt":"2026-01-21T10:40:04","slug":"slalom-down-up-2","status":"publish","type":"product","link":"https:\/\/restyling.exenia.eu\/es\/producto\/slalom-down-up-2\/","title":{"rendered":"Slalom Down-Up"},"content":{"rendered":"<p>Para realizar todo tipo de dise\u00f1os en el plano vertical,<\/p>\n<p>Esta versi\u00f3n Slalom de 500lm\/m se flexiona sobre el componente vertical y est\u00e1 disponible en versiones est\u00e1tica y din\u00e1mica de blanco uniforme y RGBW.<\/p>\n<p><a href=\"https:\/\/restyling.exenia.eu\/wp-content\/uploads\/2024\/07\/BROCHURE-STRIP-SP.pdf\"><img fetchpriority=\"high\" decoding=\"async\" class=\"alignnone size-medium wp-image-57355\" src=\"https:\/\/restyling.exenia.eu\/wp-content\/uploads\/2024\/07\/STRIP-COVER-4-212x300.jpg\" alt=\"\" width=\"212\" height=\"300\" srcset=\"https:\/\/restyling.exenia.eu\/wp-content\/uploads\/2024\/07\/STRIP-COVER-4-212x300.jpg 212w, https:\/\/restyling.exenia.eu\/wp-content\/uploads\/2024\/07\/STRIP-COVER-4-725x1024.jpg 725w, https:\/\/restyling.exenia.eu\/wp-content\/uploads\/2024\/07\/STRIP-COVER-4-768x1085.jpg 768w, https:\/\/restyling.exenia.eu\/wp-content\/uploads\/2024\/07\/STRIP-COVER-4.jpg 903w\" sizes=\"(max-width: 212px) 100vw, 212px\" \/><\/a><\/p>\n","protected":false},"excerpt":{"rendered":"<p>Para realizar todo tipo de dise\u00f1os en el plano vertical,&#8230;<\/p>\n","protected":false},"featured_media":56280,"template":"","meta":{"_acf_changed":false},"product_brand":[],"product_cat":[6518,6523],"product_tag":[6579,6695,6699],"categoria-admin-prodotto":[],"class_list":{"0":"post-52926","1":"product","2":"type-product","3":"status-publish","4":"has-post-thumbnail","6":"product_cat-softlines-out-es","7":"product_cat-softlines-in-es","8":"product_tag-strip-es","9":"product_tag-71970-es","10":"product_tag-71971-es","11":"pa_alimentazione-24v","12":"pa_cct-2700k-es","13":"pa_cct-3000k-es","14":"pa_cct-4000k-es","15":"pa_cct-rgbw-es","16":"pa_cct-dw-2700k-5000k-es","17":"pa_certificazione-conformita-ce-es","18":"pa_grado-ip-ip67-es","19":"pa_grado-ip-ik08-es","20":"pa_lifetime-36-000h-es","21":"pa_temperatura-di-esercizio-25-55-es","23":"first","24":"instock","25":"shipping-taxable","26":"purchasable","27":"product-type-composite"},"composite_virtual":false,"composite_layout":"single","composite_add_to_cart_form_location":"default","composite_editable_in_cart":false,"composite_sold_individually_context":"product","composite_shop_price_calc":"defaults","composite_components":[{"id":"1718040396","title":"Cuerpo de la luminaria","description":"","query_type":"product_ids","query_ids":[52717],"default_option_id":52717,"thumbnail_id":"","thumbnail_src":"","quantity_min":1,"quantity_max":1,"priced_individually":false,"shipped_individually":false,"optional":false,"discount":"","options_style":"radios","pagination_style":"classic","display_prices":"absolute","show_sorting_options":false,"show_filtering_options":false,"attribute_filter_ids":[],"product_title_visible":false,"product_descr_visible":false,"product_price_visible":false,"product_thumb_visible":false,"subtotal_visible_product":false,"subtotal_visible_cart":false,"subtotal_visible_orders":false},{"id":"1718040397","title":"Talla","description":"","query_type":"product_ids","query_ids":[52727,52722],"default_option_id":"","thumbnail_id":"","thumbnail_src":"","quantity_min":1,"quantity_max":1,"priced_individually":false,"shipped_individually":false,"optional":true,"discount":"","options_style":"radios","pagination_style":"classic","display_prices":"absolute","show_sorting_options":false,"show_filtering_options":false,"attribute_filter_ids":[],"product_title_visible":false,"product_descr_visible":false,"product_price_visible":false,"product_thumb_visible":false,"subtotal_visible_product":false,"subtotal_visible_cart":false,"subtotal_visible_orders":false},{"id":"1718040398","title":"Controlar","description":"","query_type":"product_ids","query_ids":[21583],"default_option_id":21583,"thumbnail_id":"","thumbnail_src":"","quantity_min":1,"quantity_max":1,"priced_individually":false,"shipped_individually":false,"optional":false,"discount":"","options_style":"radios","pagination_style":"classic","display_prices":"absolute","show_sorting_options":false,"show_filtering_options":false,"attribute_filter_ids":[],"product_title_visible":false,"product_descr_visible":false,"product_price_visible":false,"product_thumb_visible":false,"subtotal_visible_product":false,"subtotal_visible_cart":false,"subtotal_visible_orders":false},{"id":"1718040399","title":"CRI-CCT","description":"","query_type":"product_ids","query_ids":[21721,21722,21723,52732,52736],"default_option_id":"","thumbnail_id":"","thumbnail_src":"","quantity_min":1,"quantity_max":1,"priced_individually":false,"shipped_individually":false,"optional":true,"discount":"","options_style":"radios","pagination_style":"classic","display_prices":"absolute","show_sorting_options":false,"show_filtering_options":false,"attribute_filter_ids":[],"product_title_visible":false,"product_descr_visible":false,"product_price_visible":false,"product_thumb_visible":false,"subtotal_visible_product":false,"subtotal_visible_cart":false,"subtotal_visible_orders":false},{"id":"1718100041","title":"\u00d3ptica","description":"","query_type":"product_ids","query_ids":[52759],"default_option_id":52759,"thumbnail_id":"","thumbnail_src":"","quantity_min":1,"quantity_max":1,"priced_individually":false,"shipped_individually":false,"optional":false,"discount":"","options_style":"radios","pagination_style":"classic","display_prices":"absolute","show_sorting_options":false,"show_filtering_options":false,"attribute_filter_ids":[],"product_title_visible":false,"product_descr_visible":false,"product_price_visible":false,"product_thumb_visible":false,"subtotal_visible_product":false,"subtotal_visible_cart":false,"subtotal_visible_orders":false},{"id":"1718040997","title":"Acabado","description":"","query_type":"product_ids","query_ids":[52753],"default_option_id":52753,"thumbnail_id":"","thumbnail_src":"","quantity_min":1,"quantity_max":1,"priced_individually":false,"shipped_individually":false,"optional":false,"discount":"","options_style":"radios","pagination_style":"classic","display_prices":"absolute","show_sorting_options":false,"show_filtering_options":false,"attribute_filter_ids":[],"product_title_visible":false,"product_descr_visible":false,"product_price_visible":false,"product_thumb_visible":false,"subtotal_visible_product":false,"subtotal_visible_cart":false,"subtotal_visible_orders":false},{"id":"1718201142","title":"Perfiles","description":"","query_type":"product_ids","query_ids":[75399],"default_option_id":75399,"thumbnail_id":"","thumbnail_src":"","quantity_min":1,"quantity_max":1,"priced_individually":false,"shipped_individually":false,"optional":false,"discount":"","options_style":"radios","pagination_style":"classic","display_prices":"absolute","show_sorting_options":false,"show_filtering_options":false,"attribute_filter_ids":[],"product_title_visible":false,"product_descr_visible":true,"product_price_visible":false,"product_thumb_visible":false,"subtotal_visible_product":false,"subtotal_visible_cart":false,"subtotal_visible_orders":false},{"id":"1718204324","title":"Conector","description":"","query_type":"product_ids","query_ids":[52909],"default_option_id":52909,"thumbnail_id":"","thumbnail_src":"","quantity_min":1,"quantity_max":1,"priced_individually":false,"shipped_individually":false,"optional":false,"discount":"","options_style":"radios","pagination_style":"classic","display_prices":"absolute","show_sorting_options":false,"show_filtering_options":false,"attribute_filter_ids":[],"product_title_visible":false,"product_descr_visible":true,"product_price_visible":false,"product_thumb_visible":false,"subtotal_visible_product":false,"subtotal_visible_cart":false,"subtotal_visible_orders":false},{"id":"1718206311","title":"Tapa","description":"","query_type":"product_ids","query_ids":[52840],"default_option_id":52840,"thumbnail_id":"","thumbnail_src":"","quantity_min":1,"quantity_max":1,"priced_individually":false,"shipped_individually":false,"optional":false,"discount":"","options_style":"radios","pagination_style":"classic","display_prices":"absolute","show_sorting_options":false,"show_filtering_options":false,"attribute_filter_ids":[],"product_title_visible":false,"product_descr_visible":true,"product_price_visible":false,"product_thumb_visible":false,"subtotal_visible_product":false,"subtotal_visible_cart":false,"subtotal_visible_orders":false},{"id":"1718627580","title":"Alimentaci\u00f3n","description":"","query_type":"product_ids","query_ids":[53110],"default_option_id":53110,"thumbnail_id":"","thumbnail_src":"","quantity_min":1,"quantity_max":1,"priced_individually":false,"shipped_individually":false,"optional":false,"discount":"","options_style":"radios","pagination_style":"classic","display_prices":"absolute","show_sorting_options":false,"show_filtering_options":false,"attribute_filter_ids":[],"product_title_visible":false,"product_descr_visible":true,"product_price_visible":false,"product_thumb_visible":false,"subtotal_visible_product":false,"subtotal_visible_cart":false,"subtotal_visible_orders":false},{"id":"1718701026","title":"M\u00f3dulos de gesti\u00f3n de productos Blanco est\u00e1tico","description":"","query_type":"product_ids","query_ids":[53170],"default_option_id":53170,"thumbnail_id":"","thumbnail_src":"","quantity_min":1,"quantity_max":1,"priced_individually":false,"shipped_individually":false,"optional":false,"discount":"","options_style":"radios","pagination_style":"classic","display_prices":"absolute","show_sorting_options":false,"show_filtering_options":false,"attribute_filter_ids":[],"product_title_visible":false,"product_descr_visible":true,"product_price_visible":false,"product_thumb_visible":false,"subtotal_visible_product":false,"subtotal_visible_cart":false,"subtotal_visible_orders":false},{"id":"1718701027","title":"M\u00f3dulos de gesti\u00f3n de productos TW","description":"","query_type":"product_ids","query_ids":[53166],"default_option_id":53166,"thumbnail_id":"","thumbnail_src":"","quantity_min":1,"quantity_max":1,"priced_individually":false,"shipped_individually":false,"optional":false,"discount":"","options_style":"radios","pagination_style":"classic","display_prices":"absolute","show_sorting_options":false,"show_filtering_options":false,"attribute_filter_ids":[],"product_title_visible":false,"product_descr_visible":true,"product_price_visible":false,"product_thumb_visible":false,"subtotal_visible_product":false,"subtotal_visible_cart":false,"subtotal_visible_orders":false},{"id":"1718701028","title":"M\u00f3dulos de gesti\u00f3n de productos RGBW","description":"","query_type":"product_ids","query_ids":[53162],"default_option_id":53162,"thumbnail_id":"","thumbnail_src":"","quantity_min":1,"quantity_max":1,"priced_individually":false,"shipped_individually":false,"optional":false,"discount":"","options_style":"radios","pagination_style":"classic","display_prices":"absolute","show_sorting_options":false,"show_filtering_options":false,"attribute_filter_ids":[],"product_title_visible":false,"product_descr_visible":true,"product_price_visible":false,"product_thumb_visible":false,"subtotal_visible_product":false,"subtotal_visible_cart":false,"subtotal_visible_orders":false},{"id":"1718701406","title":"M\u00f3dulo de gesti\u00f3n de emisiones Casambi para productos DMX","description":"","query_type":"product_ids","query_ids":[53178],"default_option_id":53178,"thumbnail_id":"","thumbnail_src":"","quantity_min":1,"quantity_max":1,"priced_individually":false,"shipped_individually":false,"optional":false,"discount":"","options_style":"radios","pagination_style":"classic","display_prices":"absolute","show_sorting_options":false,"show_filtering_options":false,"attribute_filter_ids":[],"product_title_visible":false,"product_descr_visible":false,"product_price_visible":false,"product_thumb_visible":false,"subtotal_visible_product":false,"subtotal_visible_cart":false,"subtotal_visible_orders":false},{"id":"1721054098","title":"Potencia","description":"","query_type":"product_ids","query_ids":[55390,55394,55406,55410,55398,55402],"default_option_id":"","thumbnail_id":"","thumbnail_src":"","quantity_min":1,"quantity_max":1,"priced_individually":false,"shipped_individually":false,"optional":true,"discount":"","options_style":"radios","pagination_style":"classic","display_prices":"absolute","show_sorting_options":false,"show_filtering_options":false,"attribute_filter_ids":[],"product_title_visible":false,"product_descr_visible":false,"product_price_visible":false,"product_thumb_visible":false,"subtotal_visible_product":false,"subtotal_visible_cart":false,"subtotal_visible_orders":false},{"id":"1721054099","title":"Garant\u00eda","description":"","query_type":"product_ids","query_ids":[55426,55430],"default_option_id":"","thumbnail_id":"","thumbnail_src":"","quantity_min":1,"quantity_max":1,"priced_individually":false,"shipped_individually":false,"optional":true,"discount":"","options_style":"radios","pagination_style":"classic","display_prices":"absolute","show_sorting_options":false,"show_filtering_options":false,"attribute_filter_ids":[],"product_title_visible":false,"product_descr_visible":false,"product_price_visible":false,"product_thumb_visible":false,"subtotal_visible_product":false,"subtotal_visible_cart":false,"subtotal_visible_orders":false}],"composite_scenarios":[{"id":"1720090426","name":"bianco statico","description":"","configuration":[{"component_id":"1718040399","options_modifier":"in","component_options":[21721,21722,21723]}],"actions":[{"action_id":"compat_group","is_active":false},{"action_id":"conditional_components","is_active":true,"hidden_components":["1718701027","1718701028"]},{"action_id":"conditional_options","is_active":true,"hidden_options":[{"component_id":"1721054099","component_options":[-1,55430],"options_modifier":"not-in"}]}],"enabled":true},{"id":"1720092060","name":"TW","description":"","configuration":[{"component_id":"1718040399","options_modifier":"in","component_options":[52736]}],"actions":[{"action_id":"compat_group","is_active":false},{"action_id":"conditional_components","is_active":true,"hidden_components":["1718701026","1718701028"]},{"action_id":"conditional_options","is_active":true,"hidden_options":[{"component_id":"1721054099","component_options":[-1,55426],"options_modifier":"not-in"}]}],"enabled":true},{"id":"1720092061","name":"RGBW","description":"","configuration":[{"component_id":"1718040399","options_modifier":"in","component_options":[52732]}],"actions":[{"action_id":"compat_group","is_active":false},{"action_id":"conditional_components","is_active":true,"hidden_components":["1718701026","1718701027"]},{"action_id":"conditional_options","is_active":true,"hidden_options":[{"component_id":"1721054099","component_options":[-1,55426],"options_modifier":"not-in"}]}],"enabled":true},{"id":"1721054561","name":"tw 2.5 pot ","description":"","configuration":[{"component_id":"1718040397","options_modifier":"in","component_options":[52727]},{"component_id":"1718040399","options_modifier":"in","component_options":[52736]}],"actions":[{"action_id":"compat_group","is_active":false},{"action_id":"conditional_components","is_active":false,"hidden_components":[]},{"action_id":"conditional_options","is_active":true,"hidden_options":[{"component_id":"1721054098","component_options":[-1,55394],"options_modifier":"not-in"}]}],"enabled":true},{"id":"1721054562","name":"tw 5 pot","description":"","configuration":[{"component_id":"1718040397","options_modifier":"in","component_options":[52722]},{"component_id":"1718040399","options_modifier":"in","component_options":[52736]}],"actions":[{"action_id":"compat_group","is_active":false},{"action_id":"conditional_components","is_active":false,"hidden_components":[]},{"action_id":"conditional_options","is_active":true,"hidden_options":[{"component_id":"1721054098","component_options":[-1,55398],"options_modifier":"not-in"}]}],"enabled":true},{"id":"1721054563","name":"bianco stat 2.5 pot","description":"","configuration":[{"component_id":"1718040397","options_modifier":"in","component_options":[52727]},{"component_id":"1718040399","options_modifier":"in","component_options":[21721,21722,21723]}],"actions":[{"action_id":"compat_group","is_active":false},{"action_id":"conditional_components","is_active":false,"hidden_components":[]},{"action_id":"conditional_options","is_active":true,"hidden_options":[{"component_id":"1721054098","component_options":[-1,55390],"options_modifier":"not-in"}]}],"enabled":true},{"id":"1721054564","name":"bianco stat 5 pot","description":"","configuration":[{"component_id":"1718040397","options_modifier":"in","component_options":[52722]},{"component_id":"1718040399","options_modifier":"in","component_options":[21721,21722,21723]}],"actions":[{"action_id":"compat_group","is_active":false},{"action_id":"conditional_components","is_active":false,"hidden_components":[]},{"action_id":"conditional_options","is_active":true,"hidden_options":[{"component_id":"1721054098","component_options":[-1,55410],"options_modifier":"not-in"}]}],"enabled":true},{"id":"1721054565","name":"rgbw 2.5 pot","description":"","configuration":[{"component_id":"1718040397","options_modifier":"in","component_options":[52727]},{"component_id":"1718040399","options_modifier":"in","component_options":[52732]}],"actions":[{"action_id":"compat_group","is_active":false},{"action_id":"conditional_components","is_active":false,"hidden_components":[]},{"action_id":"conditional_options","is_active":true,"hidden_options":[{"component_id":"1721054098","component_options":[-1,55406],"options_modifier":"not-in"}]}],"enabled":true},{"id":"1721054566","name":"rgbw 5 pot","description":"","configuration":[{"component_id":"1718040397","options_modifier":"in","component_options":[52722]},{"component_id":"1718040399","options_modifier":"in","component_options":[52732]}],"actions":[{"action_id":"compat_group","is_active":false},{"action_id":"conditional_components","is_active":false,"hidden_components":[]},{"action_id":"conditional_options","is_active":true,"hidden_options":[{"component_id":"1721054098","component_options":[-1,55402],"options_modifier":"not-in"}]}],"enabled":true}],"bundled_by":[],"bundle_stock_status":"instock","bundle_stock_quantity":null,"bundle_virtual":false,"bundle_layout":"","bundle_add_to_cart_form_location":"","bundle_editable_in_cart":false,"bundle_sold_individually_context":"","bundle_item_grouping":"","bundle_min_size":"","bundle_max_size":"","bundled_items":[],"bundle_sell_ids":[],"acf":[],"yoast_head":"<!-- This site is optimized with the Yoast SEO plugin v27.4 - https:\/\/yoast.com\/product\/yoast-seo-wordpress\/ -->\n<title>Slalom Down-Up | Exenia<\/title>\n<meta name=\"robots\" content=\"noindex, follow, max-snippet:-1, max-image-preview:large, max-video-preview:-1\" \/>\n<meta property=\"og:locale\" content=\"es_ES\" \/>\n<meta property=\"og:type\" content=\"article\" \/>\n<meta property=\"og:title\" content=\"Slalom Down-Up | Exenia\" \/>\n<meta property=\"og:description\" content=\"Para realizar todo tipo de dise\u00f1os en el plano vertical,...\" \/>\n<meta property=\"og:url\" content=\"https:\/\/restyling.exenia.eu\/es\/producto\/slalom-down-up-2\/\" \/>\n<meta property=\"og:site_name\" content=\"Exenia\" \/>\n<meta property=\"article:publisher\" content=\"https:\/\/www.facebook.com\/exenialighting\" \/>\n<meta property=\"article:modified_time\" content=\"2026-01-21T10:40:04+00:00\" \/>\n<meta property=\"og:image\" content=\"https:\/\/restyling.exenia.eu\/wp-content\/uploads\/2024\/06\/Slalom-Down-Up-prodotto.jpg\" \/>\n\t<meta property=\"og:image:width\" content=\"2000\" \/>\n\t<meta property=\"og:image:height\" content=\"1919\" \/>\n\t<meta property=\"og:image:type\" content=\"image\/jpeg\" \/>\n<!-- \/ Yoast SEO plugin. -->","yoast_head_json":{"title":"Slalom Down-Up | Exenia","robots":{"index":"noindex","follow":"follow","max-snippet":"max-snippet:-1","max-image-preview":"max-image-preview:large","max-video-preview":"max-video-preview:-1"},"og_locale":"es_ES","og_type":"article","og_title":"Slalom Down-Up | Exenia","og_description":"Para realizar todo tipo de dise\u00f1os en el plano vertical,...","og_url":"https:\/\/restyling.exenia.eu\/es\/producto\/slalom-down-up-2\/","og_site_name":"Exenia","article_publisher":"https:\/\/www.facebook.com\/exenialighting","article_modified_time":"2026-01-21T10:40:04+00:00","og_image":[{"width":2000,"height":1919,"url":"https:\/\/restyling.exenia.eu\/wp-content\/uploads\/2024\/06\/Slalom-Down-Up-prodotto.jpg","type":"image\/jpeg"}],"schema":{"@context":"https:\/\/schema.org","@graph":[{"@type":"WebPage","@id":"https:\/\/restyling.exenia.eu\/es\/producto\/slalom-down-up-2\/","url":"https:\/\/restyling.exenia.eu\/es\/producto\/slalom-down-up-2\/","name":"Slalom Down-Up | Exenia","isPartOf":{"@id":"https:\/\/restyling.exenia.eu\/#website"},"primaryImageOfPage":{"@id":"https:\/\/restyling.exenia.eu\/es\/producto\/slalom-down-up-2\/#primaryimage"},"image":{"@id":"https:\/\/restyling.exenia.eu\/es\/producto\/slalom-down-up-2\/#primaryimage"},"thumbnailUrl":"https:\/\/restyling.exenia.eu\/wp-content\/uploads\/2024\/06\/Slalom-Down-Up-prodotto.jpg","datePublished":"2024-06-13T08:18:30+00:00","dateModified":"2026-01-21T10:40:04+00:00","breadcrumb":{"@id":"https:\/\/restyling.exenia.eu\/es\/producto\/slalom-down-up-2\/#breadcrumb"},"inLanguage":"es","potentialAction":[{"@type":"ReadAction","target":["https:\/\/restyling.exenia.eu\/es\/producto\/slalom-down-up-2\/"]}]},{"@type":"ImageObject","inLanguage":"es","@id":"https:\/\/restyling.exenia.eu\/es\/producto\/slalom-down-up-2\/#primaryimage","url":"https:\/\/restyling.exenia.eu\/wp-content\/uploads\/2024\/06\/Slalom-Down-Up-prodotto.jpg","contentUrl":"https:\/\/restyling.exenia.eu\/wp-content\/uploads\/2024\/06\/Slalom-Down-Up-prodotto.jpg","width":2000,"height":1919},{"@type":"BreadcrumbList","@id":"https:\/\/restyling.exenia.eu\/es\/producto\/slalom-down-up-2\/#breadcrumb","itemListElement":[{"@type":"ListItem","position":1,"name":"Home","item":"https:\/\/restyling.exenia.eu\/"},{"@type":"ListItem","position":2,"name":"Productos","item":"https:\/\/restyling.exenia.eu\/prodotti\/"},{"@type":"ListItem","position":3,"name":"Outdoor","item":"https:\/\/restyling.exenia.eu\/es\/c\/outdoor\/"},{"@type":"ListItem","position":4,"name":"Softlines","item":"https:\/\/restyling.exenia.eu\/c\/outdoor\/softlines-out\/"},{"@type":"ListItem","position":5,"name":"Slalom Down-Up"}]},{"@type":"WebSite","@id":"https:\/\/restyling.exenia.eu\/#website","url":"https:\/\/restyling.exenia.eu\/","name":"Exenia","description":"","publisher":{"@id":"https:\/\/restyling.exenia.eu\/#organization"},"potentialAction":[{"@type":"SearchAction","target":{"@type":"EntryPoint","urlTemplate":"https:\/\/restyling.exenia.eu\/?s={search_term_string}"},"query-input":{"@type":"PropertyValueSpecification","valueRequired":true,"valueName":"search_term_string"}}],"inLanguage":"es"},{"@type":"Organization","@id":"https:\/\/restyling.exenia.eu\/#organization","name":"Exenia","url":"https:\/\/restyling.exenia.eu\/","logo":{"@type":"ImageObject","inLanguage":"es","@id":"https:\/\/restyling.exenia.eu\/#\/schema\/logo\/image\/","url":"https:\/\/restyling.exenia.eu\/wp-content\/uploads\/2022\/09\/logo_exenia-e1678467519405.png","contentUrl":"https:\/\/restyling.exenia.eu\/wp-content\/uploads\/2022\/09\/logo_exenia-e1678467519405.png","width":600,"height":194,"caption":"Exenia"},"image":{"@id":"https:\/\/restyling.exenia.eu\/#\/schema\/logo\/image\/"},"sameAs":["https:\/\/www.facebook.com\/exenialighting","https:\/\/x.com\/ExeniaLighting"]}]}},"_links":{"self":[{"href":"https:\/\/restyling.exenia.eu\/es\/wp-json\/wp\/v2\/product\/52926","targetHints":{"allow":["GET"]}}],"collection":[{"href":"https:\/\/restyling.exenia.eu\/es\/wp-json\/wp\/v2\/product"}],"about":[{"href":"https:\/\/restyling.exenia.eu\/es\/wp-json\/wp\/v2\/types\/product"}],"wp:featuredmedia":[{"embeddable":true,"href":"https:\/\/restyling.exenia.eu\/es\/wp-json\/wp\/v2\/media\/56280"}],"wp:attachment":[{"href":"https:\/\/restyling.exenia.eu\/es\/wp-json\/wp\/v2\/media?parent=52926"}],"wp:term":[{"taxonomy":"product_brand","embeddable":true,"href":"https:\/\/restyling.exenia.eu\/es\/wp-json\/wp\/v2\/product_brand?post=52926"},{"taxonomy":"product_cat","embeddable":true,"href":"https:\/\/restyling.exenia.eu\/es\/wp-json\/wp\/v2\/product_cat?post=52926"},{"taxonomy":"product_tag","embeddable":true,"href":"https:\/\/restyling.exenia.eu\/es\/wp-json\/wp\/v2\/product_tag?post=52926"},{"taxonomy":"categoria-admin-prodotto","embeddable":true,"href":"https:\/\/restyling.exenia.eu\/es\/wp-json\/wp\/v2\/categoria-admin-prodotto?post=52926"}],"curies":[{"name":"wp","href":"https:\/\/api.w.org\/{rel}","templated":true}]}}