{"id":52994,"date":"2024-06-13T11:56:28","date_gmt":"2024-06-13T09:56:28","guid":{"rendered":"https:\/\/www.exenia.eu\/?post_type=product&#038;p=52994"},"modified":"2024-08-30T14:14:51","modified_gmt":"2024-08-30T12:14:51","slug":"spot-m48-revo-small","status":"publish","type":"product","link":"https:\/\/restyling.exenia.eu\/es\/producto\/spot-m48-revo-small\/","title":{"rendered":"Spot Micro48 Revo Small"},"content":{"rendered":"<p>Los focos Revo 48V para carril Micro48 est\u00e1n disponibles en dos tama\u00f1os y numerosas variantes \u00f3pticas rotosim\u00e9tricas.<br \/>\nDedicados al dise\u00f1o avanzado de la iluminaci\u00f3n, los nuevos sistemas \u00f3pticos Revo-Dark est\u00e1n especialmente indicados para entornos con alto confort visual. Equipadas con \u00f3pticas rotosim\u00e9tricas y asim\u00e9tricas de alta eficacia, son especialmente adecuadas para su uso en museos y proyectos con requisitos de iluminaci\u00f3n complejos.<br \/>\nLa serie Spot Revo presenta una marcada relaci\u00f3n rendimiento\/tama\u00f1o, una amplia gama de accesorios y una gran variedad de acabados, pero sobre todo destaca por su precisi\u00f3n, limpieza y uniformidad de proyecci\u00f3n.<\/p>\n<p>La versi\u00f3n <strong>Small<\/strong> ofrece 6 aperturas sim\u00e9tricas de 7\u00b0 a 50\u00b0, 2 versiones el\u00edpticas y numerosos accesorios.<br \/>\nEl alto rendimiento crom\u00e1tico, el UGR&lt;10 y el cumplimiento de los par\u00e1metros de iluminaci\u00f3n DARK se complementan con la calidad de los 2 SDCM de la fuente y la particular limpieza de la proyecci\u00f3n del haz.<br \/>\nLa total compatibilidad con los sistemas de control m\u00e1s comunes hace que Spot Revo Small sea la herramienta perfecta en contextos en los que el valor de la fuente viene determinado por una calidad de rendimiento muy alta y una intrusi\u00f3n f\u00edsica y visual m\u00ednima.<\/p>\n","protected":false},"excerpt":{"rendered":"<p>Los focos Revo 48V para carril Micro48 est\u00e1n disponibles en&#8230;<\/p>\n","protected":false},"featured_media":57143,"template":"","meta":{"_acf_changed":false},"product_brand":[],"product_cat":[6611,5374],"product_tag":[6790],"categoria-admin-prodotto":[],"class_list":{"0":"post-52994","1":"product","2":"type-product","3":"status-publish","4":"has-post-thumbnail","6":"product_cat-luminarias-track-micro-48","7":"product_cat-spot-revo-48-v-es","8":"product_tag-385m1-es","9":"pa_alimentazione-48v","10":"pa_cct-2700k-es","11":"pa_cct-3000k-es","12":"pa_cct-3500k-es","13":"pa_cct-4000k-es","14":"pa_certificazione-conformita-ce-es","15":"pa_classe-f-si-es-2","16":"pa_cri-92-es","17":"pa_cri-98-es","18":"pa_grado-ip-compartimento-interno-ip20","19":"pa_grado-ip-compartimento-optico-ip40","20":"pa_temperatura-di-esercizio-10-35-es","22":"first","23":"instock","24":"purchasable","25":"product-type-composite"},"composite_virtual":false,"composite_layout":"single","composite_add_to_cart_form_location":"default","composite_editable_in_cart":false,"composite_sold_individually_context":"product","composite_shop_price_calc":"defaults","composite_components":[{"id":"1674732720","title":"Cuerpo de la luminaria","description":"","query_type":"product_ids","query_ids":[53351],"default_option_id":53351,"thumbnail_id":"","thumbnail_src":"","quantity_min":1,"quantity_max":1,"priced_individually":false,"shipped_individually":false,"optional":false,"discount":"","options_style":"radios","pagination_style":"classic","display_prices":"absolute","show_sorting_options":false,"show_filtering_options":false,"attribute_filter_ids":[],"product_title_visible":false,"product_descr_visible":false,"product_price_visible":false,"product_thumb_visible":false,"subtotal_visible_product":false,"subtotal_visible_cart":false,"subtotal_visible_orders":false},{"id":"1674732721","title":"Versi\u00f3n","description":"","query_type":"product_ids","query_ids":[53361],"default_option_id":53361,"thumbnail_id":"","thumbnail_src":"","quantity_min":1,"quantity_max":1,"priced_individually":false,"shipped_individually":false,"optional":false,"discount":"","options_style":"radios","pagination_style":"classic","display_prices":"absolute","show_sorting_options":false,"show_filtering_options":false,"attribute_filter_ids":[],"product_title_visible":false,"product_descr_visible":false,"product_price_visible":false,"product_thumb_visible":false,"subtotal_visible_product":false,"subtotal_visible_cart":false,"subtotal_visible_orders":false},{"id":"1674732722","title":"Controlar","description":"","query_type":"product_ids","query_ids":[53444,21561],"default_option_id":"","thumbnail_id":"","thumbnail_src":"","quantity_min":1,"quantity_max":1,"priced_individually":false,"shipped_individually":false,"optional":true,"discount":"","options_style":"radios","pagination_style":"classic","display_prices":"absolute","show_sorting_options":false,"show_filtering_options":false,"attribute_filter_ids":[],"product_title_visible":false,"product_descr_visible":false,"product_price_visible":false,"product_thumb_visible":false,"subtotal_visible_product":false,"subtotal_visible_cart":false,"subtotal_visible_orders":false},{"id":"1674732723","title":"Acabado del cuerpo","description":"","query_type":"product_ids","query_ids":[21864,21839,21797,21843,21852,21851],"default_option_id":"","thumbnail_id":"","thumbnail_src":"","quantity_min":1,"quantity_max":1,"priced_individually":false,"shipped_individually":false,"optional":true,"discount":"","options_style":"radios","pagination_style":"classic","display_prices":"absolute","show_sorting_options":false,"show_filtering_options":false,"attribute_filter_ids":[],"product_title_visible":false,"product_descr_visible":false,"product_price_visible":false,"product_thumb_visible":false,"subtotal_visible_product":false,"subtotal_visible_cart":false,"subtotal_visible_orders":false},{"id":"1674732724","title":"Acabado del adaptador","description":"","query_type":"product_ids","query_ids":[21793,21794],"default_option_id":"","thumbnail_id":"","thumbnail_src":"","quantity_min":1,"quantity_max":1,"priced_individually":false,"shipped_individually":false,"optional":true,"discount":"","options_style":"radios","pagination_style":"classic","display_prices":"absolute","show_sorting_options":false,"show_filtering_options":false,"attribute_filter_ids":[],"product_title_visible":false,"product_descr_visible":false,"product_price_visible":false,"product_thumb_visible":false,"subtotal_visible_product":false,"subtotal_visible_cart":false,"subtotal_visible_orders":false},{"id":"1674732725","title":"CRI-CCT","description":"","query_type":"product_ids","query_ids":[21717,21718,21720,21719,21727,21728,21730,21729],"default_option_id":"","thumbnail_id":"","thumbnail_src":"","quantity_min":1,"quantity_max":1,"priced_individually":false,"shipped_individually":false,"optional":true,"discount":"","options_style":"radios","pagination_style":"classic","display_prices":"absolute","show_sorting_options":false,"show_filtering_options":false,"attribute_filter_ids":[],"product_title_visible":false,"product_descr_visible":false,"product_price_visible":false,"product_thumb_visible":false,"subtotal_visible_product":false,"subtotal_visible_cart":false,"subtotal_visible_orders":false},{"id":"1674732726","title":"\u00d3ptica","description":"","query_type":"product_ids","query_ids":[58751,21988,21884,22004,21982,21952,22021,21891],"default_option_id":"","thumbnail_id":"","thumbnail_src":"","quantity_min":1,"quantity_max":1,"priced_individually":false,"shipped_individually":false,"optional":true,"discount":"","options_style":"radios","pagination_style":"classic","display_prices":"absolute","show_sorting_options":false,"show_filtering_options":false,"attribute_filter_ids":[],"product_title_visible":false,"product_descr_visible":false,"product_price_visible":false,"product_thumb_visible":false,"subtotal_visible_product":false,"subtotal_visible_cart":false,"subtotal_visible_orders":false},{"id":"1674732727","title":"Accesorios","description":"","query_type":"product_ids","query_ids":[21503,21483,21507,21509,21478],"default_option_id":"","thumbnail_id":"","thumbnail_src":"","quantity_min":1,"quantity_max":1,"priced_individually":false,"shipped_individually":false,"optional":true,"discount":"","options_style":"radios","pagination_style":"classic","display_prices":"absolute","show_sorting_options":false,"show_filtering_options":false,"attribute_filter_ids":[],"product_title_visible":false,"product_descr_visible":false,"product_price_visible":false,"product_thumb_visible":false,"subtotal_visible_product":false,"subtotal_visible_cart":false,"subtotal_visible_orders":false},{"id":"1676887108","title":"Accesorios independientes","description":"","query_type":"product_ids","query_ids":[40642],"default_option_id":40642,"thumbnail_id":"","thumbnail_src":"","quantity_min":1,"quantity_max":1,"priced_individually":false,"shipped_individually":false,"optional":false,"discount":"","options_style":"radios","pagination_style":"classic","display_prices":"absolute","show_sorting_options":false,"show_filtering_options":false,"attribute_filter_ids":[],"product_title_visible":false,"product_descr_visible":true,"product_price_visible":false,"product_thumb_visible":false,"subtotal_visible_product":false,"subtotal_visible_cart":false,"subtotal_visible_orders":false},{"id":"1689328472","title":"Vida Util","description":"","query_type":"product_ids","query_ids":[50126,50131],"default_option_id":"","thumbnail_id":"","thumbnail_src":"","quantity_min":1,"quantity_max":1,"priced_individually":false,"shipped_individually":false,"optional":true,"discount":"","options_style":"radios","pagination_style":"classic","display_prices":"absolute","show_sorting_options":false,"show_filtering_options":false,"attribute_filter_ids":[],"product_title_visible":false,"product_descr_visible":false,"product_price_visible":false,"product_thumb_visible":false,"subtotal_visible_product":false,"subtotal_visible_cart":false,"subtotal_visible_orders":false}],"composite_scenarios":[{"id":"1674732957","name":"cri98","description":"","configuration":[{"component_id":"1674732725","options_modifier":"in","component_options":[21727,21728,21730,21729]}],"actions":[{"action_id":"compat_group","is_active":false},{"action_id":"conditional_components","is_active":false,"hidden_components":[]},{"action_id":"conditional_options","is_active":true,"hidden_options":[{"component_id":"1674732726","component_options":[58751,21988,21884],"options_modifier":"in"}]}],"enabled":true},{"id":"1674732958","name":"narrow spot \/ wide flood","description":"","configuration":[{"component_id":"1674732726","options_modifier":"in","component_options":[21988,22021]}],"actions":[{"action_id":"compat_group","is_active":false},{"action_id":"conditional_components","is_active":false,"hidden_components":[]},{"action_id":"conditional_options","is_active":true,"hidden_options":[{"component_id":"1674732727","component_options":[21478],"options_modifier":"in"}]}],"enabled":true},{"id":"1674732959","name":"ellittiche","description":"","configuration":[{"component_id":"1674732726","options_modifier":"in","component_options":[21884,21891]}],"actions":[{"action_id":"compat_group","is_active":false},{"action_id":"conditional_components","is_active":false,"hidden_components":[]},{"action_id":"conditional_options","is_active":true,"hidden_options":[{"component_id":"1674732727","component_options":[-1,21503],"options_modifier":"not-in"}]}],"enabled":true},{"id":"1674732960","name":"very narrow\/narrow spot \/ell.nar spot cri98","description":"","configuration":[{"component_id":"1674732726","options_modifier":"in","component_options":[58751,21988,21884]}],"actions":[{"action_id":"compat_group","is_active":false},{"action_id":"conditional_components","is_active":false,"hidden_components":[]},{"action_id":"conditional_options","is_active":true,"hidden_options":[{"component_id":"1674732725","component_options":[21727,21728,21730,21729],"options_modifier":"in"}]}],"enabled":true},{"id":"1674732961","name":"honeycomb \/ snoot \/ visor","description":"","configuration":[{"component_id":"1674732727","options_modifier":"in","component_options":[21483,21507,21509]}],"actions":[{"action_id":"compat_group","is_active":false},{"action_id":"conditional_components","is_active":false,"hidden_components":[]},{"action_id":"conditional_options","is_active":true,"hidden_options":[{"component_id":"1674732726","component_options":[21884,21891],"options_modifier":"in"}]}],"enabled":true},{"id":"1674732962","name":"lente ellittica","description":"","configuration":[{"component_id":"1674732727","options_modifier":"in","component_options":[21478]}],"actions":[{"action_id":"compat_group","is_active":false},{"action_id":"conditional_components","is_active":false,"hidden_components":[]},{"action_id":"conditional_options","is_active":true,"hidden_options":[{"component_id":"1674732726","component_options":[21988,21884,22021,21891],"options_modifier":"in"}]}],"enabled":true},{"id":"1689328749","name":"LT 80","description":"","configuration":[{"component_id":"1674732726","options_modifier":"in","component_options":[22004,21982,21952,22021,21891]}],"actions":[{"action_id":"compat_group","is_active":false},{"action_id":"conditional_components","is_active":false,"hidden_components":[]},{"action_id":"conditional_options","is_active":true,"hidden_options":[{"component_id":"1689328472","component_options":[-1,50126],"options_modifier":"not-in"}]}],"enabled":true},{"id":"1689328750","name":"LT 100","description":"","configuration":[{"component_id":"1674732726","options_modifier":"in","component_options":[58751,21988,21884]}],"actions":[{"action_id":"compat_group","is_active":false},{"action_id":"conditional_components","is_active":false,"hidden_components":[]},{"action_id":"conditional_options","is_active":true,"hidden_options":[{"component_id":"1689328472","component_options":[-1,50131],"options_modifier":"not-in"}]}],"enabled":true}],"bundled_by":[],"bundle_stock_status":"instock","bundle_stock_quantity":null,"bundle_virtual":false,"bundle_layout":"","bundle_add_to_cart_form_location":"","bundle_editable_in_cart":false,"bundle_sold_individually_context":"","bundle_item_grouping":"","bundle_min_size":"","bundle_max_size":"","bundled_items":[],"bundle_sell_ids":[],"acf":[],"yoast_head":"<!-- This site is optimized with the Yoast SEO plugin v27.4 - https:\/\/yoast.com\/product\/yoast-seo-wordpress\/ -->\n<title>Spot Micro48 Revo Small | Exenia<\/title>\n<meta name=\"robots\" content=\"noindex, follow, max-snippet:-1, max-image-preview:large, max-video-preview:-1\" \/>\n<meta property=\"og:locale\" content=\"es_ES\" \/>\n<meta property=\"og:type\" content=\"article\" \/>\n<meta property=\"og:title\" content=\"Spot Micro48 Revo Small | Exenia\" \/>\n<meta property=\"og:description\" content=\"Los focos Revo 48V para carril Micro48 est\u00e1n disponibles en...\" \/>\n<meta property=\"og:url\" content=\"https:\/\/restyling.exenia.eu\/es\/producto\/spot-m48-revo-small\/\" \/>\n<meta property=\"og:site_name\" content=\"Exenia\" \/>\n<meta property=\"article:publisher\" content=\"https:\/\/www.facebook.com\/exenialighting\" \/>\n<meta property=\"article:modified_time\" content=\"2024-08-30T12:14:51+00:00\" \/>\n<meta property=\"og:image\" content=\"https:\/\/restyling.exenia.eu\/wp-content\/uploads\/2024\/07\/Spot-M48-revo-small-prodotto.jpg\" \/>\n\t<meta property=\"og:image:width\" content=\"2000\" \/>\n\t<meta property=\"og:image:height\" content=\"1919\" \/>\n\t<meta property=\"og:image:type\" content=\"image\/jpeg\" \/>\n<!-- \/ Yoast SEO plugin. -->","yoast_head_json":{"title":"Spot Micro48 Revo Small | Exenia","robots":{"index":"noindex","follow":"follow","max-snippet":"max-snippet:-1","max-image-preview":"max-image-preview:large","max-video-preview":"max-video-preview:-1"},"og_locale":"es_ES","og_type":"article","og_title":"Spot Micro48 Revo Small | Exenia","og_description":"Los focos Revo 48V para carril Micro48 est\u00e1n disponibles en...","og_url":"https:\/\/restyling.exenia.eu\/es\/producto\/spot-m48-revo-small\/","og_site_name":"Exenia","article_publisher":"https:\/\/www.facebook.com\/exenialighting","article_modified_time":"2024-08-30T12:14:51+00:00","og_image":[{"width":2000,"height":1919,"url":"https:\/\/restyling.exenia.eu\/wp-content\/uploads\/2024\/07\/Spot-M48-revo-small-prodotto.jpg","type":"image\/jpeg"}],"schema":{"@context":"https:\/\/schema.org","@graph":[{"@type":"WebPage","@id":"https:\/\/restyling.exenia.eu\/es\/producto\/spot-m48-revo-small\/","url":"https:\/\/restyling.exenia.eu\/es\/producto\/spot-m48-revo-small\/","name":"Spot Micro48 Revo Small | Exenia","isPartOf":{"@id":"https:\/\/restyling.exenia.eu\/#website"},"primaryImageOfPage":{"@id":"https:\/\/restyling.exenia.eu\/es\/producto\/spot-m48-revo-small\/#primaryimage"},"image":{"@id":"https:\/\/restyling.exenia.eu\/es\/producto\/spot-m48-revo-small\/#primaryimage"},"thumbnailUrl":"https:\/\/restyling.exenia.eu\/wp-content\/uploads\/2024\/07\/Spot-M48-revo-small-prodotto.jpg","datePublished":"2024-06-13T09:56:28+00:00","dateModified":"2024-08-30T12:14:51+00:00","breadcrumb":{"@id":"https:\/\/restyling.exenia.eu\/es\/producto\/spot-m48-revo-small\/#breadcrumb"},"inLanguage":"es","potentialAction":[{"@type":"ReadAction","target":["https:\/\/restyling.exenia.eu\/es\/producto\/spot-m48-revo-small\/"]}]},{"@type":"ImageObject","inLanguage":"es","@id":"https:\/\/restyling.exenia.eu\/es\/producto\/spot-m48-revo-small\/#primaryimage","url":"https:\/\/restyling.exenia.eu\/wp-content\/uploads\/2024\/07\/Spot-M48-revo-small-prodotto.jpg","contentUrl":"https:\/\/restyling.exenia.eu\/wp-content\/uploads\/2024\/07\/Spot-M48-revo-small-prodotto.jpg","width":2000,"height":1919,"caption":"Spot M48 Revo Small"},{"@type":"BreadcrumbList","@id":"https:\/\/restyling.exenia.eu\/es\/producto\/spot-m48-revo-small\/#breadcrumb","itemListElement":[{"@type":"ListItem","position":1,"name":"Home","item":"https:\/\/restyling.exenia.eu\/"},{"@type":"ListItem","position":2,"name":"Productos","item":"https:\/\/restyling.exenia.eu\/prodotti\/"},{"@type":"ListItem","position":3,"name":"Indoor","item":"https:\/\/restyling.exenia.eu\/es\/c\/indoor\/"},{"@type":"ListItem","position":4,"name":"Luminarias para Sistemas\/Carriles","item":"https:\/\/restyling.exenia.eu\/es\/c\/indoor\/luminarias-para-sistemas-carriles\/"},{"@type":"ListItem","position":5,"name":"48 V","item":"https:\/\/restyling.exenia.eu\/es\/c\/indoor\/luminarias-para-sistemas-carriles\/48-v-es\/"},{"@type":"ListItem","position":6,"name":"Todas las luminarias para 48","item":"https:\/\/restyling.exenia.eu\/es\/c\/indoor\/luminarias-para-sistemas-carriles\/48-v-es\/todas-las-luminarias-para-48\/"},{"@type":"ListItem","position":7,"name":"Spot Revo","item":"https:\/\/restyling.exenia.eu\/c\/indoor\/apparecchi-per-sistemi-binari-elettrificati\/48-v\/tutti-gli-apparecchi-48\/spot-revo-48v\/"},{"@type":"ListItem","position":8,"name":"Spot Micro48 Revo Small"}]},{"@type":"WebSite","@id":"https:\/\/restyling.exenia.eu\/#website","url":"https:\/\/restyling.exenia.eu\/","name":"Exenia","description":"","publisher":{"@id":"https:\/\/restyling.exenia.eu\/#organization"},"potentialAction":[{"@type":"SearchAction","target":{"@type":"EntryPoint","urlTemplate":"https:\/\/restyling.exenia.eu\/?s={search_term_string}"},"query-input":{"@type":"PropertyValueSpecification","valueRequired":true,"valueName":"search_term_string"}}],"inLanguage":"es"},{"@type":"Organization","@id":"https:\/\/restyling.exenia.eu\/#organization","name":"Exenia","url":"https:\/\/restyling.exenia.eu\/","logo":{"@type":"ImageObject","inLanguage":"es","@id":"https:\/\/restyling.exenia.eu\/#\/schema\/logo\/image\/","url":"https:\/\/restyling.exenia.eu\/wp-content\/uploads\/2022\/09\/logo_exenia-e1678467519405.png","contentUrl":"https:\/\/restyling.exenia.eu\/wp-content\/uploads\/2022\/09\/logo_exenia-e1678467519405.png","width":600,"height":194,"caption":"Exenia"},"image":{"@id":"https:\/\/restyling.exenia.eu\/#\/schema\/logo\/image\/"},"sameAs":["https:\/\/www.facebook.com\/exenialighting","https:\/\/x.com\/ExeniaLighting"]}]}},"_links":{"self":[{"href":"https:\/\/restyling.exenia.eu\/es\/wp-json\/wp\/v2\/product\/52994","targetHints":{"allow":["GET"]}}],"collection":[{"href":"https:\/\/restyling.exenia.eu\/es\/wp-json\/wp\/v2\/product"}],"about":[{"href":"https:\/\/restyling.exenia.eu\/es\/wp-json\/wp\/v2\/types\/product"}],"wp:featuredmedia":[{"embeddable":true,"href":"https:\/\/restyling.exenia.eu\/es\/wp-json\/wp\/v2\/media\/57143"}],"wp:attachment":[{"href":"https:\/\/restyling.exenia.eu\/es\/wp-json\/wp\/v2\/media?parent=52994"}],"wp:term":[{"taxonomy":"product_brand","embeddable":true,"href":"https:\/\/restyling.exenia.eu\/es\/wp-json\/wp\/v2\/product_brand?post=52994"},{"taxonomy":"product_cat","embeddable":true,"href":"https:\/\/restyling.exenia.eu\/es\/wp-json\/wp\/v2\/product_cat?post=52994"},{"taxonomy":"product_tag","embeddable":true,"href":"https:\/\/restyling.exenia.eu\/es\/wp-json\/wp\/v2\/product_tag?post=52994"},{"taxonomy":"categoria-admin-prodotto","embeddable":true,"href":"https:\/\/restyling.exenia.eu\/es\/wp-json\/wp\/v2\/categoria-admin-prodotto?post=52994"}],"curies":[{"name":"wp","href":"https:\/\/api.w.org\/{rel}","templated":true}]}}