{"id":53311,"date":"2024-06-19T15:07:42","date_gmt":"2024-06-19T13:07:42","guid":{"rendered":"https:\/\/www.exenia.eu\/?post_type=product&#038;p=53311"},"modified":"2025-07-04T12:40:40","modified_gmt":"2025-07-04T10:40:40","slug":"superlinea-suspension-2","status":"publish","type":"product","link":"https:\/\/restyling.exenia.eu\/es\/producto\/superlinea-suspension-2\/","title":{"rendered":"Superlinea St.Alone Suspensi\u00f3n"},"content":{"rendered":"<p>Superlinea Suspensensi\u00f3n, una nueva incorporaci\u00f3n a la colecci\u00f3n Exenia, redefine los est\u00e1ndares de iluminaci\u00f3n de oficinas con un dise\u00f1o refinado y un rendimiento excepcional. Las nuevas micro\u00f3pticas poliesf\u00e9ricas y de ojo de mosca crean soluciones de iluminaci\u00f3n sutiles, elegantes y \u00fanicas.<\/p>\n<p>El m\u00e1ximo confort visual, tanto longitudinal como transversal, est\u00e1 garantizado por un UGR inferior a 19 en todo momento, sin comprometer el alto rendimiento de hasta 140 l\u00famenes\/W. Con opciones de distribuci\u00f3n de luz directa e indirecta, Superlinea ofrece una versatilidad sin igual.<\/p>\n<p>Ideal para quienes buscan una iluminaci\u00f3n de oficina de alta eficiencia energ\u00e9tica, Superlinea combina compacidad y potencia, llevando la est\u00e9tica minimalista a nuevos niveles.<\/p>\n<p>Superlinea es la elecci\u00f3n perfecta para la iluminaci\u00f3n de oficinas de vanguardia que combina est\u00e9tica y sostenibilidad.<\/p>\n<p><img fetchpriority=\"high\" decoding=\"async\" class=\"alignnone size-medium wp-image-58071\" src=\"https:\/\/restyling.exenia.eu\/wp-content\/uploads\/2024\/07\/SUPERLINEA-COVER-4-212x300.jpg\" alt=\"\" width=\"212\" height=\"300\" srcset=\"https:\/\/restyling.exenia.eu\/wp-content\/uploads\/2024\/07\/SUPERLINEA-COVER-4-212x300.jpg 212w, https:\/\/restyling.exenia.eu\/wp-content\/uploads\/2024\/07\/SUPERLINEA-COVER-4-725x1024.jpg 725w, https:\/\/restyling.exenia.eu\/wp-content\/uploads\/2024\/07\/SUPERLINEA-COVER-4-768x1085.jpg 768w, https:\/\/restyling.exenia.eu\/wp-content\/uploads\/2024\/07\/SUPERLINEA-COVER-4.jpg 903w\" sizes=\"(max-width: 212px) 100vw, 212px\" \/><\/p>\n","protected":false},"excerpt":{"rendered":"<p>Superlinea Suspensensi\u00f3n, una nueva incorporaci\u00f3n a la colecci\u00f3n Exenia, redefine&#8230;<\/p>\n","protected":false},"featured_media":56332,"template":"","meta":{"_acf_changed":false},"product_brand":[],"product_cat":[6503],"product_tag":[6745,6747,6750],"categoria-admin-prodotto":[],"class_list":{"0":"post-53311","1":"product","2":"type-product","3":"status-publish","4":"has-post-thumbnail","6":"product_cat-superlinea-es","7":"product_tag-72351-es-2","8":"product_tag-72350-es-2","9":"product_tag-72352-es-2","10":"pa_alimentazione-ac-es","11":"pa_cct-2700k-es","12":"pa_cct-3000k-es","13":"pa_cct-3500k-es","14":"pa_cct-4000k-es","15":"pa_certificazione-conformita-ce-es","16":"pa_classe-f-si-es-2","17":"pa_cri-92-es","18":"pa_cri-98-es","19":"pa_grado-ip-ip40-es","20":"pa_lifetime-l90b10-100-000-h-es","21":"pa_temperatura-di-esercizio-10-35-es","23":"first","24":"instock","25":"virtual","26":"purchasable","27":"product-type-composite"},"composite_virtual":false,"composite_layout":"single","composite_add_to_cart_form_location":"default","composite_editable_in_cart":false,"composite_sold_individually_context":"product","composite_shop_price_calc":"defaults","composite_components":[{"id":"1717691996","title":"Housing body","description":"","query_type":"product_ids","query_ids":[53396],"default_option_id":53396,"thumbnail_id":"","thumbnail_src":"","quantity_min":1,"quantity_max":1,"priced_individually":false,"shipped_individually":true,"optional":false,"discount":"","options_style":"radios","pagination_style":"classic","display_prices":"absolute","show_sorting_options":false,"show_filtering_options":false,"attribute_filter_ids":[],"product_title_visible":false,"product_descr_visible":false,"product_price_visible":false,"product_thumb_visible":false,"subtotal_visible_product":false,"subtotal_visible_cart":false,"subtotal_visible_orders":false},{"id":"1717691997","title":"Dimension","description":"","query_type":"product_ids","query_ids":[54137,54141,54145],"default_option_id":"","thumbnail_id":"","thumbnail_src":"","quantity_min":1,"quantity_max":1,"priced_individually":false,"shipped_individually":true,"optional":true,"discount":"","options_style":"radios","pagination_style":"classic","display_prices":"absolute","show_sorting_options":false,"show_filtering_options":false,"attribute_filter_ids":[],"product_title_visible":false,"product_descr_visible":false,"product_price_visible":false,"product_thumb_visible":false,"subtotal_visible_product":false,"subtotal_visible_cart":false,"subtotal_visible_orders":false},{"id":"1719912624","title":"Emisi\u00f3n","description":"","query_type":"product_ids","query_ids":[54996,72343,72347],"default_option_id":"","thumbnail_id":"","thumbnail_src":"","quantity_min":1,"quantity_max":1,"priced_individually":false,"shipped_individually":true,"optional":true,"discount":"","options_style":"radios","pagination_style":"classic","display_prices":"absolute","show_sorting_options":false,"show_filtering_options":false,"attribute_filter_ids":[],"product_title_visible":false,"product_descr_visible":true,"product_price_visible":false,"product_thumb_visible":false,"subtotal_visible_product":false,"subtotal_visible_cart":false,"subtotal_visible_orders":false},{"id":"1719912625","title":"Output","description":"","query_type":"product_ids","query_ids":[57519,55026,54013],"default_option_id":"","thumbnail_id":"","thumbnail_src":"","quantity_min":1,"quantity_max":1,"priced_individually":false,"shipped_individually":true,"optional":true,"discount":"","options_style":"radios","pagination_style":"classic","display_prices":"absolute","show_sorting_options":false,"show_filtering_options":false,"attribute_filter_ids":[],"product_title_visible":false,"product_descr_visible":false,"product_price_visible":false,"product_thumb_visible":false,"subtotal_visible_product":false,"subtotal_visible_cart":false,"subtotal_visible_orders":false},{"id":"1717691998","title":"Control","description":"","query_type":"product_ids","query_ids":[21534,21563,21584,21561],"default_option_id":"","thumbnail_id":"","thumbnail_src":"","quantity_min":1,"quantity_max":1,"priced_individually":false,"shipped_individually":true,"optional":true,"discount":"","options_style":"radios","pagination_style":"classic","display_prices":"absolute","show_sorting_options":false,"show_filtering_options":false,"attribute_filter_ids":[],"product_title_visible":false,"product_descr_visible":false,"product_price_visible":false,"product_thumb_visible":false,"subtotal_visible_product":false,"subtotal_visible_cart":false,"subtotal_visible_orders":false},{"id":"1717691999","title":"Finish","description":"","query_type":"product_ids","query_ids":[21864,21839,56897,54382,54380,54381],"default_option_id":"","thumbnail_id":"","thumbnail_src":"","quantity_min":1,"quantity_max":1,"priced_individually":false,"shipped_individually":true,"optional":true,"discount":"","options_style":"radios","pagination_style":"classic","display_prices":"absolute","show_sorting_options":false,"show_filtering_options":false,"attribute_filter_ids":[],"product_title_visible":false,"product_descr_visible":false,"product_price_visible":false,"product_thumb_visible":false,"subtotal_visible_product":false,"subtotal_visible_cart":false,"subtotal_visible_orders":false},{"id":"1717692000","title":"CRI-CCT","description":"","query_type":"product_ids","query_ids":[21717,21718,21720,21719,21727,21728,21730,21729],"default_option_id":"","thumbnail_id":"","thumbnail_src":"","quantity_min":1,"quantity_max":1,"priced_individually":false,"shipped_individually":true,"optional":true,"discount":"","options_style":"radios","pagination_style":"classic","display_prices":"absolute","show_sorting_options":false,"show_filtering_options":false,"attribute_filter_ids":[],"product_title_visible":false,"product_descr_visible":false,"product_price_visible":false,"product_thumb_visible":false,"subtotal_visible_product":false,"subtotal_visible_cart":false,"subtotal_visible_orders":false},{"id":"1719938129","title":"\u00d3ptica DOWN","description":"","query_type":"product_ids","query_ids":[54202,55307,54210,55311],"default_option_id":"","thumbnail_id":"","thumbnail_src":"","quantity_min":1,"quantity_max":1,"priced_individually":false,"shipped_individually":true,"optional":true,"discount":"","options_style":"radios","pagination_style":"classic","display_prices":"absolute","show_sorting_options":false,"show_filtering_options":false,"attribute_filter_ids":[],"product_title_visible":false,"product_descr_visible":false,"product_price_visible":false,"product_thumb_visible":false,"subtotal_visible_product":false,"subtotal_visible_cart":false,"subtotal_visible_orders":false},{"id":"1719938130","title":"\u00d3ptica UP","description":"","query_type":"product_ids","query_ids":[55316,54109],"default_option_id":"","thumbnail_id":"","thumbnail_src":"","quantity_min":1,"quantity_max":1,"priced_individually":false,"shipped_individually":true,"optional":true,"discount":"","options_style":"radios","pagination_style":"classic","display_prices":"absolute","show_sorting_options":false,"show_filtering_options":false,"attribute_filter_ids":[],"product_title_visible":false,"product_descr_visible":false,"product_price_visible":false,"product_thumb_visible":false,"subtotal_visible_product":false,"subtotal_visible_cart":false,"subtotal_visible_orders":false}],"composite_scenarios":[{"id":"1720446345","name":"down","description":"","configuration":[{"component_id":"1719912624","options_modifier":"in","component_options":[54996]}],"actions":[{"action_id":"compat_group","is_active":false},{"action_id":"conditional_components","is_active":true,"hidden_components":["1719938130"]},{"action_id":"conditional_options","is_active":false,"hidden_options":[]}],"enabled":true},{"id":"1720446524","name":"768","description":"","configuration":[{"component_id":"1717691997","options_modifier":"in","component_options":[54137]}],"actions":[{"action_id":"compat_group","is_active":false},{"action_id":"conditional_components","is_active":false,"hidden_components":[]},{"action_id":"conditional_options","is_active":true,"hidden_options":[{"component_id":"1719912624","component_options":[72347],"options_modifier":"in"}]}],"enabled":true},{"id":"1720446525","name":"ottica up","description":"","configuration":[{"component_id":"1719938130","options_modifier":"in","component_options":[55316,54109]}],"actions":[{"action_id":"compat_group","is_active":false},{"action_id":"conditional_components","is_active":false,"hidden_components":[]},{"action_id":"conditional_options","is_active":true,"hidden_options":[{"component_id":"1719912624","component_options":[54996],"options_modifier":"in"}]}],"enabled":true},{"id":"1742923225","name":"DA - no 768","description":"","configuration":[{"component_id":"1719912624","options_modifier":"in","component_options":[72347]}],"actions":[{"action_id":"compat_group","is_active":false},{"action_id":"conditional_components","is_active":false,"hidden_components":[]},{"action_id":"conditional_options","is_active":true,"hidden_options":[{"component_id":"1717691997","component_options":[54137],"options_modifier":"in"}]}],"enabled":true}],"bundled_by":[],"bundle_stock_status":"instock","bundle_stock_quantity":null,"bundle_virtual":false,"bundle_layout":"","bundle_add_to_cart_form_location":"","bundle_editable_in_cart":false,"bundle_sold_individually_context":"","bundle_item_grouping":"","bundle_min_size":"","bundle_max_size":"","bundled_items":[],"bundle_sell_ids":[],"acf":[],"yoast_head":"<!-- This site is optimized with the Yoast SEO plugin v27.4 - https:\/\/yoast.com\/product\/yoast-seo-wordpress\/ -->\n<title>Superlinea St.Alone Suspensi\u00f3n | Exenia<\/title>\n<meta name=\"robots\" content=\"noindex, follow, max-snippet:-1, max-image-preview:large, max-video-preview:-1\" \/>\n<meta property=\"og:locale\" content=\"es_ES\" \/>\n<meta property=\"og:type\" content=\"article\" \/>\n<meta property=\"og:title\" content=\"Superlinea St.Alone Suspensi\u00f3n | Exenia\" \/>\n<meta property=\"og:description\" content=\"Superlinea Suspensensi\u00f3n, una nueva incorporaci\u00f3n a la colecci\u00f3n Exenia, redefine...\" \/>\n<meta property=\"og:url\" content=\"https:\/\/restyling.exenia.eu\/es\/producto\/superlinea-suspension-2\/\" \/>\n<meta property=\"og:site_name\" content=\"Exenia\" \/>\n<meta property=\"article:publisher\" content=\"https:\/\/www.facebook.com\/exenialighting\" \/>\n<meta property=\"article:modified_time\" content=\"2025-07-04T10:40:40+00:00\" \/>\n<meta property=\"og:image\" content=\"https:\/\/restyling.exenia.eu\/wp-content\/uploads\/2024\/07\/Superlinea-sospensione-prodotto.jpg\" \/>\n\t<meta property=\"og:image:width\" content=\"2000\" \/>\n\t<meta property=\"og:image:height\" content=\"1919\" \/>\n\t<meta property=\"og:image:type\" content=\"image\/jpeg\" \/>\n<!-- \/ Yoast SEO plugin. -->","yoast_head_json":{"title":"Superlinea St.Alone Suspensi\u00f3n | Exenia","robots":{"index":"noindex","follow":"follow","max-snippet":"max-snippet:-1","max-image-preview":"max-image-preview:large","max-video-preview":"max-video-preview:-1"},"og_locale":"es_ES","og_type":"article","og_title":"Superlinea St.Alone Suspensi\u00f3n | Exenia","og_description":"Superlinea Suspensensi\u00f3n, una nueva incorporaci\u00f3n a la colecci\u00f3n Exenia, redefine...","og_url":"https:\/\/restyling.exenia.eu\/es\/producto\/superlinea-suspension-2\/","og_site_name":"Exenia","article_publisher":"https:\/\/www.facebook.com\/exenialighting","article_modified_time":"2025-07-04T10:40:40+00:00","og_image":[{"width":2000,"height":1919,"url":"https:\/\/restyling.exenia.eu\/wp-content\/uploads\/2024\/07\/Superlinea-sospensione-prodotto.jpg","type":"image\/jpeg"}],"schema":{"@context":"https:\/\/schema.org","@graph":[{"@type":"WebPage","@id":"https:\/\/restyling.exenia.eu\/es\/producto\/superlinea-suspension-2\/","url":"https:\/\/restyling.exenia.eu\/es\/producto\/superlinea-suspension-2\/","name":"Superlinea St.Alone Suspensi\u00f3n | Exenia","isPartOf":{"@id":"https:\/\/restyling.exenia.eu\/#website"},"primaryImageOfPage":{"@id":"https:\/\/restyling.exenia.eu\/es\/producto\/superlinea-suspension-2\/#primaryimage"},"image":{"@id":"https:\/\/restyling.exenia.eu\/es\/producto\/superlinea-suspension-2\/#primaryimage"},"thumbnailUrl":"https:\/\/restyling.exenia.eu\/wp-content\/uploads\/2024\/07\/Superlinea-sospensione-prodotto.jpg","datePublished":"2024-06-19T13:07:42+00:00","dateModified":"2025-07-04T10:40:40+00:00","breadcrumb":{"@id":"https:\/\/restyling.exenia.eu\/es\/producto\/superlinea-suspension-2\/#breadcrumb"},"inLanguage":"es","potentialAction":[{"@type":"ReadAction","target":["https:\/\/restyling.exenia.eu\/es\/producto\/superlinea-suspension-2\/"]}]},{"@type":"ImageObject","inLanguage":"es","@id":"https:\/\/restyling.exenia.eu\/es\/producto\/superlinea-suspension-2\/#primaryimage","url":"https:\/\/restyling.exenia.eu\/wp-content\/uploads\/2024\/07\/Superlinea-sospensione-prodotto.jpg","contentUrl":"https:\/\/restyling.exenia.eu\/wp-content\/uploads\/2024\/07\/Superlinea-sospensione-prodotto.jpg","width":2000,"height":1919},{"@type":"BreadcrumbList","@id":"https:\/\/restyling.exenia.eu\/es\/producto\/superlinea-suspension-2\/#breadcrumb","itemListElement":[{"@type":"ListItem","position":1,"name":"Home","item":"https:\/\/restyling.exenia.eu\/"},{"@type":"ListItem","position":2,"name":"Productos","item":"https:\/\/restyling.exenia.eu\/prodotti\/"},{"@type":"ListItem","position":3,"name":"Indoor","item":"https:\/\/restyling.exenia.eu\/es\/c\/indoor\/"},{"@type":"ListItem","position":4,"name":"Suspensiones y Techo","item":"https:\/\/restyling.exenia.eu\/es\/c\/indoor\/suspensiones-y-techo\/"},{"@type":"ListItem","position":5,"name":"Superlinea","item":"https:\/\/restyling.exenia.eu\/c\/indoor\/apparecchi-a-sospensione-plafoniere\/superlinea\/"},{"@type":"ListItem","position":6,"name":"Superlinea St.Alone Suspensi\u00f3n"}]},{"@type":"WebSite","@id":"https:\/\/restyling.exenia.eu\/#website","url":"https:\/\/restyling.exenia.eu\/","name":"Exenia","description":"","publisher":{"@id":"https:\/\/restyling.exenia.eu\/#organization"},"potentialAction":[{"@type":"SearchAction","target":{"@type":"EntryPoint","urlTemplate":"https:\/\/restyling.exenia.eu\/?s={search_term_string}"},"query-input":{"@type":"PropertyValueSpecification","valueRequired":true,"valueName":"search_term_string"}}],"inLanguage":"es"},{"@type":"Organization","@id":"https:\/\/restyling.exenia.eu\/#organization","name":"Exenia","url":"https:\/\/restyling.exenia.eu\/","logo":{"@type":"ImageObject","inLanguage":"es","@id":"https:\/\/restyling.exenia.eu\/#\/schema\/logo\/image\/","url":"https:\/\/restyling.exenia.eu\/wp-content\/uploads\/2022\/09\/logo_exenia-e1678467519405.png","contentUrl":"https:\/\/restyling.exenia.eu\/wp-content\/uploads\/2022\/09\/logo_exenia-e1678467519405.png","width":600,"height":194,"caption":"Exenia"},"image":{"@id":"https:\/\/restyling.exenia.eu\/#\/schema\/logo\/image\/"},"sameAs":["https:\/\/www.facebook.com\/exenialighting","https:\/\/x.com\/ExeniaLighting"]}]}},"_links":{"self":[{"href":"https:\/\/restyling.exenia.eu\/es\/wp-json\/wp\/v2\/product\/53311","targetHints":{"allow":["GET"]}}],"collection":[{"href":"https:\/\/restyling.exenia.eu\/es\/wp-json\/wp\/v2\/product"}],"about":[{"href":"https:\/\/restyling.exenia.eu\/es\/wp-json\/wp\/v2\/types\/product"}],"wp:featuredmedia":[{"embeddable":true,"href":"https:\/\/restyling.exenia.eu\/es\/wp-json\/wp\/v2\/media\/56332"}],"wp:attachment":[{"href":"https:\/\/restyling.exenia.eu\/es\/wp-json\/wp\/v2\/media?parent=53311"}],"wp:term":[{"taxonomy":"product_brand","embeddable":true,"href":"https:\/\/restyling.exenia.eu\/es\/wp-json\/wp\/v2\/product_brand?post=53311"},{"taxonomy":"product_cat","embeddable":true,"href":"https:\/\/restyling.exenia.eu\/es\/wp-json\/wp\/v2\/product_cat?post=53311"},{"taxonomy":"product_tag","embeddable":true,"href":"https:\/\/restyling.exenia.eu\/es\/wp-json\/wp\/v2\/product_tag?post=53311"},{"taxonomy":"categoria-admin-prodotto","embeddable":true,"href":"https:\/\/restyling.exenia.eu\/es\/wp-json\/wp\/v2\/categoria-admin-prodotto?post=53311"}],"curies":[{"name":"wp","href":"https:\/\/api.w.org\/{rel}","templated":true}]}}