{"id":73530,"date":"2025-04-01T17:48:26","date_gmt":"2025-04-01T15:48:26","guid":{"rendered":"https:\/\/www.exenia.eu\/?post_type=product&#038;p=73530"},"modified":"2025-04-02T17:06:42","modified_gmt":"2025-04-02T15:06:42","slug":"museo-revo-max-multimetrik","status":"publish","type":"product","link":"https:\/\/restyling.exenia.eu\/es\/producto\/museo-revo-max-multimetrik\/","title":{"rendered":"Museo Revo Max Multimetrik"},"content":{"rendered":"<p>Multimetrik integra la tecnolog\u00eda \u00f3ptica REVO, ofreciendo un sistema de ajuste que permite adaptar la emisi\u00f3n luminosa seg\u00fan las necesidades de aplicaci\u00f3n. El haz de luz es regulable en un rango de 15\u00b0 a 60\u00b0 gracias a la micro-traslaci\u00f3n del foco, garantizando precisi\u00f3n y uniformidad.<\/p>\n<p>La intensidad luminosa se puede modular mediante un regulador integrado.<br \/>\nLa eficiencia luminosa alcanza los 132 lm\/W con flujos de hasta 3500 lm, manteniendo un alto est\u00e1ndar de calidad.<\/p>\n<p>El dise\u00f1o compacto permite la integraci\u00f3n en los productos de Exenia sin alterar su est\u00e9tica, asegurando continuidad visual con las versiones de haz fijo.<br \/>\nLas lentes intercambiables permiten obtener haces precisos y uniformes, convirtiendo a Multimetrik en una soluci\u00f3n vers\u00e1til para diversas aplicaciones.<\/p>\n<p><a href=\"https:\/\/restyling.exenia.eu\/wp-content\/uploads\/2025\/04\/MULTIMETRIK-ES.pdf\"><img fetchpriority=\"high\" decoding=\"async\" class=\"alignnone wp-image-73859 size-medium\" src=\"https:\/\/restyling.exenia.eu\/wp-content\/uploads\/2025\/04\/Multimetrik-copertina-212x300.jpg\" alt=\"\" width=\"212\" height=\"300\" srcset=\"https:\/\/restyling.exenia.eu\/wp-content\/uploads\/2025\/04\/Multimetrik-copertina-212x300.jpg 212w, https:\/\/restyling.exenia.eu\/wp-content\/uploads\/2025\/04\/Multimetrik-copertina-725x1024.jpg 725w, https:\/\/restyling.exenia.eu\/wp-content\/uploads\/2025\/04\/Multimetrik-copertina-768x1085.jpg 768w, https:\/\/restyling.exenia.eu\/wp-content\/uploads\/2025\/04\/Multimetrik-copertina-1087x1536.jpg 1087w, https:\/\/restyling.exenia.eu\/wp-content\/uploads\/2025\/04\/Multimetrik-copertina.jpg 1360w\" sizes=\"(max-width: 212px) 100vw, 212px\" \/><\/a><\/p>\n<p>&nbsp;<\/p>\n","protected":false},"excerpt":{"rendered":"<p>Multimetrik integra la tecnolog\u00eda \u00f3ptica REVO, ofreciendo un sistema de&#8230;<\/p>\n","protected":false},"featured_media":73638,"template":"","meta":{"_acf_changed":false},"product_brand":[],"product_cat":[9072,6542],"product_tag":[7517,9040],"categoria-admin-prodotto":[],"class_list":{"0":"post-73530","1":"product","2":"type-product","3":"status-publish","4":"has-post-thumbnail","6":"product_cat-museo-devo-multimetrik-es","7":"product_cat-news-es","8":"product_tag-38840-es","9":"product_tag-multimetrik-es","10":"pa_cct-2700k-es","11":"pa_cct-3000k-es","12":"pa_cct-3500k-es","13":"pa_cct-4000k-es","14":"pa_cct-dw-2700k-4000k-es","15":"pa_certificazione-conformita-ce-es","16":"pa_classe-f-si-es-2","17":"pa_cri-92-es","18":"pa_cri-98-es","19":"pa_grado-ip-ip40-es","20":"pa_temperatura-di-esercizio-10-35-es","22":"first","23":"instock","24":"purchasable","25":"product-type-composite"},"composite_virtual":false,"composite_layout":"single","composite_add_to_cart_form_location":"default","composite_editable_in_cart":false,"composite_sold_individually_context":"product","composite_shop_price_calc":"defaults","composite_components":[{"id":"1674658710","title":"Cuerpo de la luminaria","description":"","query_type":"product_ids","query_ids":[21669],"default_option_id":21669,"thumbnail_id":"","thumbnail_src":"","quantity_min":1,"quantity_max":1,"priced_individually":false,"shipped_individually":false,"optional":false,"discount":"","options_style":"radios","pagination_style":"classic","display_prices":"absolute","show_sorting_options":false,"show_filtering_options":false,"attribute_filter_ids":[],"product_title_visible":false,"product_descr_visible":false,"product_price_visible":false,"product_thumb_visible":false,"subtotal_visible_product":false,"subtotal_visible_cart":false,"subtotal_visible_orders":false},{"id":"1674658711","title":"Versi\u00f3n","description":"","query_type":"product_ids","query_ids":[22130],"default_option_id":22130,"thumbnail_id":"","thumbnail_src":"","quantity_min":1,"quantity_max":1,"priced_individually":false,"shipped_individually":false,"optional":false,"discount":"","options_style":"radios","pagination_style":"classic","display_prices":"absolute","show_sorting_options":false,"show_filtering_options":false,"attribute_filter_ids":[],"product_title_visible":false,"product_descr_visible":false,"product_price_visible":false,"product_thumb_visible":false,"subtotal_visible_product":false,"subtotal_visible_cart":false,"subtotal_visible_orders":false},{"id":"1674658712","title":"Controlar","description":"","query_type":"product_ids","query_ids":[21534,21535,21563,21561,73423],"default_option_id":"","thumbnail_id":"","thumbnail_src":"","quantity_min":1,"quantity_max":1,"priced_individually":false,"shipped_individually":false,"optional":true,"discount":"","options_style":"radios","pagination_style":"classic","display_prices":"absolute","show_sorting_options":false,"show_filtering_options":false,"attribute_filter_ids":[],"product_title_visible":false,"product_descr_visible":false,"product_price_visible":false,"product_thumb_visible":false,"subtotal_visible_product":false,"subtotal_visible_cart":false,"subtotal_visible_orders":false},{"id":"1674658713","title":"Acabado","description":"","query_type":"product_ids","query_ids":[21864,21839,21797,21857,21855,21852,21843],"default_option_id":"","thumbnail_id":"","thumbnail_src":"","quantity_min":1,"quantity_max":1,"priced_individually":false,"shipped_individually":false,"optional":true,"discount":"","options_style":"radios","pagination_style":"classic","display_prices":"absolute","show_sorting_options":false,"show_filtering_options":false,"attribute_filter_ids":[],"product_title_visible":false,"product_descr_visible":false,"product_price_visible":false,"product_thumb_visible":false,"subtotal_visible_product":false,"subtotal_visible_cart":false,"subtotal_visible_orders":false},{"id":"1674658714","title":"CRI-CCT","description":"","query_type":"product_ids","query_ids":[21717,21718,21720,21719,21727,21728,21730,21729,73427,73431],"default_option_id":"","thumbnail_id":"","thumbnail_src":"","quantity_min":1,"quantity_max":1,"priced_individually":false,"shipped_individually":false,"optional":true,"discount":"","options_style":"radios","pagination_style":"classic","display_prices":"absolute","show_sorting_options":false,"show_filtering_options":false,"attribute_filter_ids":[],"product_title_visible":false,"product_descr_visible":false,"product_price_visible":false,"product_thumb_visible":false,"subtotal_visible_product":false,"subtotal_visible_cart":false,"subtotal_visible_orders":false},{"id":"1674658715","title":"\u00d3ptica","description":"","query_type":"product_ids","query_ids":[73415,73419,73435],"default_option_id":"","thumbnail_id":"","thumbnail_src":"","quantity_min":1,"quantity_max":1,"priced_individually":false,"shipped_individually":false,"optional":true,"discount":"","options_style":"radios","pagination_style":"classic","display_prices":"absolute","show_sorting_options":false,"show_filtering_options":false,"attribute_filter_ids":[],"product_title_visible":false,"product_descr_visible":true,"product_price_visible":false,"product_thumb_visible":false,"subtotal_visible_product":false,"subtotal_visible_cart":false,"subtotal_visible_orders":false},{"id":"1674658716","title":"Accesorios","description":"","query_type":"product_ids","query_ids":[29587],"default_option_id":29587,"thumbnail_id":"","thumbnail_src":"","quantity_min":1,"quantity_max":1,"priced_individually":false,"shipped_individually":false,"optional":false,"discount":"","options_style":"radios","pagination_style":"classic","display_prices":"absolute","show_sorting_options":false,"show_filtering_options":false,"attribute_filter_ids":[],"product_title_visible":false,"product_descr_visible":true,"product_price_visible":false,"product_thumb_visible":true,"subtotal_visible_product":false,"subtotal_visible_cart":false,"subtotal_visible_orders":false},{"id":"1676655068","title":"Accesorios independientes","description":"","query_type":"product_ids","query_ids":[73493],"default_option_id":73493,"thumbnail_id":"","thumbnail_src":"","quantity_min":1,"quantity_max":1,"priced_individually":false,"shipped_individually":false,"optional":false,"discount":"","options_style":"radios","pagination_style":"classic","display_prices":"absolute","show_sorting_options":false,"show_filtering_options":false,"attribute_filter_ids":[],"product_title_visible":false,"product_descr_visible":true,"product_price_visible":false,"product_thumb_visible":false,"subtotal_visible_product":false,"subtotal_visible_cart":false,"subtotal_visible_orders":false}],"composite_scenarios":[{"id":"1743586587","name":"no accessori","description":"","configuration":[{"component_id":"1674658710","options_modifier":"any"}],"actions":[{"action_id":"compat_group","is_active":false},{"action_id":"conditional_components","is_active":false,"hidden_components":[]},{"action_id":"conditional_options","is_active":true,"hidden_options":[{"component_id":"1674658716","component_options":[-1,29800],"options_modifier":"not-in"}]}],"enabled":true},{"id":"1743586588","name":"bianco statico controlli","description":"","configuration":[{"component_id":"1674658712","options_modifier":"in","component_options":[21534,21535,21563]}],"actions":[{"action_id":"compat_group","is_active":false},{"action_id":"conditional_components","is_active":false,"hidden_components":[]},{"action_id":"conditional_options","is_active":true,"hidden_options":[{"component_id":"1674658714","component_options":[-1,21717,21718,21720,21719,21727,21728,21730,21729],"options_modifier":"not-in"}]}],"enabled":true},{"id":"1743586589","name":"TW CONTROLLI","description":"","configuration":[{"component_id":"1674658712","options_modifier":"in","component_options":[73423]}],"actions":[{"action_id":"compat_group","is_active":false},{"action_id":"conditional_components","is_active":false,"hidden_components":[]},{"action_id":"conditional_options","is_active":true,"hidden_options":[{"component_id":"1674658714","component_options":[-1,73427,73431],"options_modifier":"not-in"}]}],"enabled":true},{"id":"1743586590","name":"tw toglie controlli","description":"","configuration":[{"component_id":"1674658714","options_modifier":"in","component_options":[73427,73431]}],"actions":[{"action_id":"compat_group","is_active":false},{"action_id":"conditional_components","is_active":false,"hidden_components":[]},{"action_id":"conditional_options","is_active":true,"hidden_options":[{"component_id":"1674658712","component_options":[-1,21561,73423],"options_modifier":"not-in"}]}],"enabled":true},{"id":"1743586591","name":"bianco statico toglie controlli","description":"","configuration":[{"component_id":"1674658714","options_modifier":"in","component_options":[21717,21718,21720,21719,21727,21728,21730,21729]}],"actions":[{"action_id":"compat_group","is_active":false},{"action_id":"conditional_components","is_active":false,"hidden_components":[]},{"action_id":"conditional_options","is_active":true,"hidden_options":[{"component_id":"1674658712","component_options":[-1,21534,21535,21563,21561],"options_modifier":"not-in"}]}],"enabled":true}],"bundled_by":[],"bundle_stock_status":"instock","bundle_stock_quantity":null,"bundle_virtual":false,"bundle_layout":"","bundle_add_to_cart_form_location":"","bundle_editable_in_cart":false,"bundle_sold_individually_context":"","bundle_item_grouping":"","bundle_min_size":"","bundle_max_size":"","bundled_items":[],"bundle_sell_ids":[],"acf":[],"yoast_head":"<!-- This site is optimized with the Yoast SEO plugin v27.4 - https:\/\/yoast.com\/product\/yoast-seo-wordpress\/ -->\n<title>Museo Revo Max Multimetrik | Exenia<\/title>\n<meta name=\"robots\" content=\"noindex, follow, max-snippet:-1, max-image-preview:large, max-video-preview:-1\" \/>\n<meta property=\"og:locale\" content=\"es_ES\" \/>\n<meta property=\"og:type\" content=\"article\" \/>\n<meta property=\"og:title\" content=\"Museo Revo Max Multimetrik | Exenia\" \/>\n<meta property=\"og:description\" content=\"Multimetrik integra la tecnolog\u00eda \u00f3ptica REVO, ofreciendo un sistema de...\" \/>\n<meta property=\"og:url\" content=\"https:\/\/restyling.exenia.eu\/es\/producto\/museo-revo-max-multimetrik\/\" \/>\n<meta property=\"og:site_name\" content=\"Exenia\" \/>\n<meta property=\"article:publisher\" content=\"https:\/\/www.facebook.com\/exenialighting\" \/>\n<meta property=\"article:modified_time\" content=\"2025-04-02T15:06:42+00:00\" \/>\n<meta property=\"og:image\" content=\"https:\/\/restyling.exenia.eu\/wp-content\/uploads\/2025\/04\/Museo-Revo-Max-Multimetrik.jpg\" \/>\n\t<meta property=\"og:image:width\" content=\"2560\" \/>\n\t<meta property=\"og:image:height\" content=\"1599\" \/>\n\t<meta property=\"og:image:type\" content=\"image\/jpeg\" \/>\n<!-- \/ Yoast SEO plugin. -->","yoast_head_json":{"title":"Museo Revo Max Multimetrik | Exenia","robots":{"index":"noindex","follow":"follow","max-snippet":"max-snippet:-1","max-image-preview":"max-image-preview:large","max-video-preview":"max-video-preview:-1"},"og_locale":"es_ES","og_type":"article","og_title":"Museo Revo Max Multimetrik | Exenia","og_description":"Multimetrik integra la tecnolog\u00eda \u00f3ptica REVO, ofreciendo un sistema de...","og_url":"https:\/\/restyling.exenia.eu\/es\/producto\/museo-revo-max-multimetrik\/","og_site_name":"Exenia","article_publisher":"https:\/\/www.facebook.com\/exenialighting","article_modified_time":"2025-04-02T15:06:42+00:00","og_image":[{"width":2560,"height":1599,"url":"https:\/\/restyling.exenia.eu\/wp-content\/uploads\/2025\/04\/Museo-Revo-Max-Multimetrik.jpg","type":"image\/jpeg"}],"schema":{"@context":"https:\/\/schema.org","@graph":[{"@type":"WebPage","@id":"https:\/\/restyling.exenia.eu\/es\/producto\/museo-revo-max-multimetrik\/","url":"https:\/\/restyling.exenia.eu\/es\/producto\/museo-revo-max-multimetrik\/","name":"Museo Revo Max Multimetrik | Exenia","isPartOf":{"@id":"https:\/\/restyling.exenia.eu\/#website"},"primaryImageOfPage":{"@id":"https:\/\/restyling.exenia.eu\/es\/producto\/museo-revo-max-multimetrik\/#primaryimage"},"image":{"@id":"https:\/\/restyling.exenia.eu\/es\/producto\/museo-revo-max-multimetrik\/#primaryimage"},"thumbnailUrl":"https:\/\/restyling.exenia.eu\/wp-content\/uploads\/2025\/04\/Museo-Revo-Max-Multimetrik.jpg","datePublished":"2025-04-01T15:48:26+00:00","dateModified":"2025-04-02T15:06:42+00:00","breadcrumb":{"@id":"https:\/\/restyling.exenia.eu\/es\/producto\/museo-revo-max-multimetrik\/#breadcrumb"},"inLanguage":"es","potentialAction":[{"@type":"ReadAction","target":["https:\/\/restyling.exenia.eu\/es\/producto\/museo-revo-max-multimetrik\/"]}]},{"@type":"ImageObject","inLanguage":"es","@id":"https:\/\/restyling.exenia.eu\/es\/producto\/museo-revo-max-multimetrik\/#primaryimage","url":"https:\/\/restyling.exenia.eu\/wp-content\/uploads\/2025\/04\/Museo-Revo-Max-Multimetrik.jpg","contentUrl":"https:\/\/restyling.exenia.eu\/wp-content\/uploads\/2025\/04\/Museo-Revo-Max-Multimetrik.jpg","width":2560,"height":1599},{"@type":"BreadcrumbList","@id":"https:\/\/restyling.exenia.eu\/es\/producto\/museo-revo-max-multimetrik\/#breadcrumb","itemListElement":[{"@type":"ListItem","position":1,"name":"Home","item":"https:\/\/restyling.exenia.eu\/"},{"@type":"ListItem","position":2,"name":"Productos","item":"https:\/\/restyling.exenia.eu\/prodotti\/"},{"@type":"ListItem","position":3,"name":"Indoor","item":"https:\/\/restyling.exenia.eu\/es\/c\/indoor\/"},{"@type":"ListItem","position":4,"name":"Proyectores base","item":"https:\/\/restyling.exenia.eu\/es\/c\/indoor\/proyectores-base\/"},{"@type":"ListItem","position":5,"name":"Museo Revo Multimetrik","item":"https:\/\/restyling.exenia.eu\/c\/indoor\/proiettori-a-base\/museo-revo-multimetrik\/"},{"@type":"ListItem","position":6,"name":"Museo Revo Max Multimetrik"}]},{"@type":"WebSite","@id":"https:\/\/restyling.exenia.eu\/#website","url":"https:\/\/restyling.exenia.eu\/","name":"Exenia","description":"","publisher":{"@id":"https:\/\/restyling.exenia.eu\/#organization"},"potentialAction":[{"@type":"SearchAction","target":{"@type":"EntryPoint","urlTemplate":"https:\/\/restyling.exenia.eu\/?s={search_term_string}"},"query-input":{"@type":"PropertyValueSpecification","valueRequired":true,"valueName":"search_term_string"}}],"inLanguage":"es"},{"@type":"Organization","@id":"https:\/\/restyling.exenia.eu\/#organization","name":"Exenia","url":"https:\/\/restyling.exenia.eu\/","logo":{"@type":"ImageObject","inLanguage":"es","@id":"https:\/\/restyling.exenia.eu\/#\/schema\/logo\/image\/","url":"https:\/\/restyling.exenia.eu\/wp-content\/uploads\/2022\/09\/logo_exenia-e1678467519405.png","contentUrl":"https:\/\/restyling.exenia.eu\/wp-content\/uploads\/2022\/09\/logo_exenia-e1678467519405.png","width":600,"height":194,"caption":"Exenia"},"image":{"@id":"https:\/\/restyling.exenia.eu\/#\/schema\/logo\/image\/"},"sameAs":["https:\/\/www.facebook.com\/exenialighting","https:\/\/x.com\/ExeniaLighting"]}]}},"_links":{"self":[{"href":"https:\/\/restyling.exenia.eu\/es\/wp-json\/wp\/v2\/product\/73530","targetHints":{"allow":["GET"]}}],"collection":[{"href":"https:\/\/restyling.exenia.eu\/es\/wp-json\/wp\/v2\/product"}],"about":[{"href":"https:\/\/restyling.exenia.eu\/es\/wp-json\/wp\/v2\/types\/product"}],"wp:featuredmedia":[{"embeddable":true,"href":"https:\/\/restyling.exenia.eu\/es\/wp-json\/wp\/v2\/media\/73638"}],"wp:attachment":[{"href":"https:\/\/restyling.exenia.eu\/es\/wp-json\/wp\/v2\/media?parent=73530"}],"wp:term":[{"taxonomy":"product_brand","embeddable":true,"href":"https:\/\/restyling.exenia.eu\/es\/wp-json\/wp\/v2\/product_brand?post=73530"},{"taxonomy":"product_cat","embeddable":true,"href":"https:\/\/restyling.exenia.eu\/es\/wp-json\/wp\/v2\/product_cat?post=73530"},{"taxonomy":"product_tag","embeddable":true,"href":"https:\/\/restyling.exenia.eu\/es\/wp-json\/wp\/v2\/product_tag?post=73530"},{"taxonomy":"categoria-admin-prodotto","embeddable":true,"href":"https:\/\/restyling.exenia.eu\/es\/wp-json\/wp\/v2\/categoria-admin-prodotto?post=73530"}],"curies":[{"name":"wp","href":"https:\/\/api.w.org\/{rel}","templated":true}]}}