{"id":73540,"date":"2025-04-01T17:51:31","date_gmt":"2025-04-01T15:51:31","guid":{"rendered":"https:\/\/www.exenia.eu\/?post_type=product&#038;p=73540"},"modified":"2025-04-02T15:44:23","modified_gmt":"2025-04-02T13:44:23","slug":"spot-48-revo-compact-multimetrik","status":"publish","type":"product","link":"https:\/\/restyling.exenia.eu\/es\/producto\/spot-48-revo-compact-multimetrik\/","title":{"rendered":"Spot 48 Revo Compact Multimetrik"},"content":{"rendered":"<p>Multimetrik integra la tecnolog\u00eda \u00f3ptica REVO, ofreciendo un sistema de ajuste que permite adaptar la emisi\u00f3n luminosa seg\u00fan las necesidades de aplicaci\u00f3n. El haz de luz es regulable en un rango de 15\u00b0 a 60\u00b0 gracias a la micro-traslaci\u00f3n del foco, garantizando precisi\u00f3n y uniformidad.<\/p>\n<p>La intensidad luminosa se puede modular mediante un regulador integrado.<br \/>\nLa eficiencia luminosa alcanza los 132 lm\/W con flujos de hasta 3500 lm, manteniendo un alto est\u00e1ndar de calidad.<\/p>\n<p>El dise\u00f1o compacto permite la integraci\u00f3n en los productos de Exenia sin alterar su est\u00e9tica, asegurando continuidad visual con las versiones de haz fijo.<br \/>\nLas lentes intercambiables permiten obtener haces precisos y uniformes, convirtiendo a Multimetrik en una soluci\u00f3n vers\u00e1til para diversas aplicaciones.<\/p>\n<p>Disponible en variantes Medium, Compact y Max, con blanco din\u00e1mico (2700K-4000K) o temperaturas fijas (2700K, 3000K, 3500K, 4000K) con un CRI de hasta 98 y una tolerancia crom\u00e1tica de hasta 2 MacAdam Step.<\/p>\n","protected":false},"excerpt":{"rendered":"<p>Multimetrik integra la tecnolog\u00eda \u00f3ptica REVO, ofreciendo un sistema de&#8230;<\/p>\n","protected":false},"featured_media":74652,"template":"","meta":{"_acf_changed":false},"product_brand":[],"product_cat":[9083,6542,6616,6621,6626,6631,6636,6646],"product_tag":[6806,9040],"categoria-admin-prodotto":[],"class_list":{"0":"post-73540","1":"product","2":"type-product","3":"status-publish","4":"has-post-thumbnail","6":"product_cat-spot-revo-multimetrik-48v-es-todas-las-luminarias-para-48","7":"product_cat-news-es","8":"product_cat-luminarias-track-48","9":"product_cat-luminarias-track-48-evo","10":"product_cat-luminarias-track-48-trimless","11":"product_cat-luminarias-track-48-tube","12":"product_cat-luminarias-track-48-twin","13":"product_cat-todas-las-luminarias-para-48","14":"product_tag-387t1-es","15":"product_tag-multimetrik-es","16":"pa_alimentazione-48v","17":"pa_cct-2700k-es","18":"pa_cct-3000k-es","19":"pa_cct-3500k-es","20":"pa_cct-4000k-es","21":"pa_cct-dw-2700k-4000k-es","22":"pa_certificazione-conformita-ce-es","23":"pa_classe-f-si-es-2","24":"pa_cri-92-es","25":"pa_cri-98-es","26":"pa_grado-ip-ip40-es","27":"pa_temperatura-di-esercizio-10-35-es","29":"first","30":"instock","31":"purchasable","32":"product-type-composite"},"composite_virtual":false,"composite_layout":"single","composite_add_to_cart_form_location":"default","composite_editable_in_cart":false,"composite_sold_individually_context":"product","composite_shop_price_calc":"defaults","composite_components":[{"id":"1674741490","title":"Cuerpo de la luminaria","description":"","query_type":"product_ids","query_ids":[53344],"default_option_id":53344,"thumbnail_id":"","thumbnail_src":"","quantity_min":1,"quantity_max":1,"priced_individually":false,"shipped_individually":false,"optional":false,"discount":"","options_style":"radios","pagination_style":"classic","display_prices":"absolute","show_sorting_options":false,"show_filtering_options":false,"attribute_filter_ids":[],"product_title_visible":false,"product_descr_visible":false,"product_price_visible":false,"product_thumb_visible":false,"subtotal_visible_product":false,"subtotal_visible_cart":false,"subtotal_visible_orders":false},{"id":"1674741491","title":"Versi\u00f3n","description":"","query_type":"product_ids","query_ids":[52692],"default_option_id":52692,"thumbnail_id":"","thumbnail_src":"","quantity_min":1,"quantity_max":1,"priced_individually":false,"shipped_individually":false,"optional":false,"discount":"","options_style":"radios","pagination_style":"classic","display_prices":"absolute","show_sorting_options":false,"show_filtering_options":false,"attribute_filter_ids":[],"product_title_visible":false,"product_descr_visible":false,"product_price_visible":false,"product_thumb_visible":false,"subtotal_visible_product":false,"subtotal_visible_cart":false,"subtotal_visible_orders":false},{"id":"1674741492","title":"Controlar","description":"","query_type":"product_ids","query_ids":[21534,53444,21582,21561,73423],"default_option_id":"","thumbnail_id":"","thumbnail_src":"","quantity_min":1,"quantity_max":1,"priced_individually":false,"shipped_individually":false,"optional":true,"discount":"","options_style":"radios","pagination_style":"classic","display_prices":"absolute","show_sorting_options":false,"show_filtering_options":false,"attribute_filter_ids":[],"product_title_visible":false,"product_descr_visible":true,"product_price_visible":false,"product_thumb_visible":false,"subtotal_visible_product":false,"subtotal_visible_cart":false,"subtotal_visible_orders":false},{"id":"1674741493","title":"Acabado del cuerpo","description":"","query_type":"product_ids","query_ids":[21864,21839,21797,21843,21852,21851],"default_option_id":"","thumbnail_id":"","thumbnail_src":"","quantity_min":1,"quantity_max":1,"priced_individually":false,"shipped_individually":false,"optional":true,"discount":"","options_style":"radios","pagination_style":"classic","display_prices":"absolute","show_sorting_options":false,"show_filtering_options":false,"attribute_filter_ids":[],"product_title_visible":false,"product_descr_visible":false,"product_price_visible":false,"product_thumb_visible":false,"subtotal_visible_product":false,"subtotal_visible_cart":false,"subtotal_visible_orders":false},{"id":"1674741494","title":"Acabado del adaptador","description":"","query_type":"product_ids","query_ids":[21793,21794],"default_option_id":"","thumbnail_id":"","thumbnail_src":"","quantity_min":1,"quantity_max":1,"priced_individually":false,"shipped_individually":false,"optional":true,"discount":"","options_style":"radios","pagination_style":"classic","display_prices":"absolute","show_sorting_options":false,"show_filtering_options":false,"attribute_filter_ids":[],"product_title_visible":false,"product_descr_visible":false,"product_price_visible":false,"product_thumb_visible":false,"subtotal_visible_product":false,"subtotal_visible_cart":false,"subtotal_visible_orders":false},{"id":"1674741495","title":"CRI-CCT","description":"","query_type":"product_ids","query_ids":[21717,21718,21720,21719,21727,21728,21730,21729,73427,73431],"default_option_id":"","thumbnail_id":"","thumbnail_src":"","quantity_min":1,"quantity_max":1,"priced_individually":false,"shipped_individually":false,"optional":true,"discount":"","options_style":"radios","pagination_style":"classic","display_prices":"absolute","show_sorting_options":false,"show_filtering_options":false,"attribute_filter_ids":[],"product_title_visible":false,"product_descr_visible":false,"product_price_visible":false,"product_thumb_visible":false,"subtotal_visible_product":false,"subtotal_visible_cart":false,"subtotal_visible_orders":false},{"id":"1674741496","title":"\u00d3ptica","description":"","query_type":"product_ids","query_ids":[73415,73419,73435],"default_option_id":"","thumbnail_id":"","thumbnail_src":"","quantity_min":1,"quantity_max":1,"priced_individually":false,"shipped_individually":false,"optional":true,"discount":"","options_style":"radios","pagination_style":"classic","display_prices":"absolute","show_sorting_options":false,"show_filtering_options":false,"attribute_filter_ids":[],"product_title_visible":false,"product_descr_visible":false,"product_price_visible":false,"product_thumb_visible":false,"subtotal_visible_product":false,"subtotal_visible_cart":false,"subtotal_visible_orders":false},{"id":"1674741497","title":"Accesorios","description":"","query_type":"product_ids","query_ids":[29246],"default_option_id":29246,"thumbnail_id":"","thumbnail_src":"","quantity_min":1,"quantity_max":1,"priced_individually":false,"shipped_individually":false,"optional":false,"discount":"","options_style":"radios","pagination_style":"classic","display_prices":"absolute","show_sorting_options":false,"show_filtering_options":false,"attribute_filter_ids":[],"product_title_visible":false,"product_descr_visible":true,"product_price_visible":false,"product_thumb_visible":true,"subtotal_visible_product":false,"subtotal_visible_cart":false,"subtotal_visible_orders":false},{"id":"1676654331","title":"Accesorios independientes","description":"","query_type":"product_ids","query_ids":[73492],"default_option_id":73492,"thumbnail_id":"","thumbnail_src":"","quantity_min":1,"quantity_max":1,"priced_individually":false,"shipped_individually":false,"optional":false,"discount":"","options_style":"radios","pagination_style":"classic","display_prices":"absolute","show_sorting_options":false,"show_filtering_options":false,"attribute_filter_ids":[],"product_title_visible":false,"product_descr_visible":true,"product_price_visible":false,"product_thumb_visible":false,"subtotal_visible_product":false,"subtotal_visible_cart":false,"subtotal_visible_orders":false},{"id":"1721989531","title":"M\u00f3dulo para la gesti\u00f3n PUSH de productos DALI","description":"","query_type":"product_ids","query_ids":[57770],"default_option_id":57770,"thumbnail_id":"","thumbnail_src":"","quantity_min":1,"quantity_max":1,"priced_individually":false,"shipped_individually":false,"optional":false,"discount":"","options_style":"radios","pagination_style":"classic","display_prices":"absolute","show_sorting_options":false,"show_filtering_options":false,"attribute_filter_ids":[],"product_title_visible":false,"product_descr_visible":false,"product_price_visible":false,"product_thumb_visible":false,"subtotal_visible_product":false,"subtotal_visible_cart":false,"subtotal_visible_orders":false}],"composite_scenarios":[{"id":"1743587858","name":"no accessori","description":"","configuration":[{"component_id":"1674741490","options_modifier":"any"}],"actions":[{"action_id":"compat_group","is_active":false},{"action_id":"conditional_components","is_active":false,"hidden_components":[]},{"action_id":"conditional_options","is_active":true,"hidden_options":[{"component_id":"1674741497","component_options":[-1,29464],"options_modifier":"not-in"}]}],"enabled":true},{"id":"1743587859","name":"bianco statico controlli","description":"","configuration":[{"component_id":"1674741492","options_modifier":"in","component_options":[21534,53444,21582,21561]}],"actions":[{"action_id":"compat_group","is_active":false},{"action_id":"conditional_components","is_active":false,"hidden_components":[]},{"action_id":"conditional_options","is_active":true,"hidden_options":[{"component_id":"1674741495","component_options":[-1,21717,21718,21720,21719,21727,21728,21730,21729],"options_modifier":"not-in"}]}],"enabled":true},{"id":"1743587860","name":"tw controlli","description":"","configuration":[{"component_id":"1674741492","options_modifier":"in","component_options":[73423]}],"actions":[{"action_id":"compat_group","is_active":false},{"action_id":"conditional_components","is_active":false,"hidden_components":[]},{"action_id":"conditional_options","is_active":true,"hidden_options":[{"component_id":"1674741495","component_options":[-1,73427,73431],"options_modifier":"not-in"}]}],"enabled":true},{"id":"1743587861","name":"tw toglie controlli","description":"","configuration":[{"component_id":"1674741495","options_modifier":"in","component_options":[73427,73431]}],"actions":[{"action_id":"compat_group","is_active":false},{"action_id":"conditional_components","is_active":false,"hidden_components":[]},{"action_id":"conditional_options","is_active":true,"hidden_options":[{"component_id":"1674741492","component_options":[-1,73423],"options_modifier":"not-in"}]}],"enabled":true},{"id":"1743587862","name":"bianco statico toglie controlli","description":"","configuration":[{"component_id":"1674741495","options_modifier":"in","component_options":[21717,21718,21720,21719,21727,21728,21730,21729]}],"actions":[{"action_id":"compat_group","is_active":false},{"action_id":"conditional_components","is_active":false,"hidden_components":[]},{"action_id":"conditional_options","is_active":true,"hidden_options":[{"component_id":"1674741492","component_options":[-1,21534,53444,21582,21561],"options_modifier":"not-in"}]}],"enabled":true}],"bundled_by":[],"bundle_stock_status":"instock","bundle_stock_quantity":null,"bundle_virtual":false,"bundle_layout":"","bundle_add_to_cart_form_location":"","bundle_editable_in_cart":false,"bundle_sold_individually_context":"","bundle_item_grouping":"","bundle_min_size":"","bundle_max_size":"","bundled_items":[],"bundle_sell_ids":[],"acf":[],"yoast_head":"<!-- This site is optimized with the Yoast SEO plugin v27.4 - https:\/\/yoast.com\/product\/yoast-seo-wordpress\/ -->\n<title>Spot 48 Revo Compact Multimetrik | Exenia<\/title>\n<meta name=\"robots\" content=\"noindex, follow, max-snippet:-1, max-image-preview:large, max-video-preview:-1\" \/>\n<meta property=\"og:locale\" content=\"es_ES\" \/>\n<meta property=\"og:type\" content=\"article\" \/>\n<meta property=\"og:title\" content=\"Spot 48 Revo Compact Multimetrik | Exenia\" \/>\n<meta property=\"og:description\" content=\"Multimetrik integra la tecnolog\u00eda \u00f3ptica REVO, ofreciendo un sistema de...\" \/>\n<meta property=\"og:url\" content=\"https:\/\/restyling.exenia.eu\/es\/producto\/spot-48-revo-compact-multimetrik\/\" \/>\n<meta property=\"og:site_name\" content=\"Exenia\" \/>\n<meta property=\"article:publisher\" content=\"https:\/\/www.facebook.com\/exenialighting\" \/>\n<meta property=\"article:modified_time\" content=\"2025-04-02T13:44:23+00:00\" \/>\n<meta property=\"og:image\" content=\"https:\/\/restyling.exenia.eu\/wp-content\/uploads\/2025\/04\/Spot-48-Multimetrik-prodotto.jpg\" \/>\n\t<meta property=\"og:image:width\" content=\"1439\" \/>\n\t<meta property=\"og:image:height\" content=\"1598\" \/>\n\t<meta property=\"og:image:type\" content=\"image\/jpeg\" \/>\n<!-- \/ Yoast SEO plugin. -->","yoast_head_json":{"title":"Spot 48 Revo Compact Multimetrik | Exenia","robots":{"index":"noindex","follow":"follow","max-snippet":"max-snippet:-1","max-image-preview":"max-image-preview:large","max-video-preview":"max-video-preview:-1"},"og_locale":"es_ES","og_type":"article","og_title":"Spot 48 Revo Compact Multimetrik | Exenia","og_description":"Multimetrik integra la tecnolog\u00eda \u00f3ptica REVO, ofreciendo un sistema de...","og_url":"https:\/\/restyling.exenia.eu\/es\/producto\/spot-48-revo-compact-multimetrik\/","og_site_name":"Exenia","article_publisher":"https:\/\/www.facebook.com\/exenialighting","article_modified_time":"2025-04-02T13:44:23+00:00","og_image":[{"width":1439,"height":1598,"url":"https:\/\/restyling.exenia.eu\/wp-content\/uploads\/2025\/04\/Spot-48-Multimetrik-prodotto.jpg","type":"image\/jpeg"}],"schema":{"@context":"https:\/\/schema.org","@graph":[{"@type":"WebPage","@id":"https:\/\/restyling.exenia.eu\/es\/producto\/spot-48-revo-compact-multimetrik\/","url":"https:\/\/restyling.exenia.eu\/es\/producto\/spot-48-revo-compact-multimetrik\/","name":"Spot 48 Revo Compact Multimetrik | Exenia","isPartOf":{"@id":"https:\/\/restyling.exenia.eu\/#website"},"primaryImageOfPage":{"@id":"https:\/\/restyling.exenia.eu\/es\/producto\/spot-48-revo-compact-multimetrik\/#primaryimage"},"image":{"@id":"https:\/\/restyling.exenia.eu\/es\/producto\/spot-48-revo-compact-multimetrik\/#primaryimage"},"thumbnailUrl":"https:\/\/restyling.exenia.eu\/wp-content\/uploads\/2025\/04\/Spot-48-Multimetrik-prodotto.jpg","datePublished":"2025-04-01T15:51:31+00:00","dateModified":"2025-04-02T13:44:23+00:00","breadcrumb":{"@id":"https:\/\/restyling.exenia.eu\/es\/producto\/spot-48-revo-compact-multimetrik\/#breadcrumb"},"inLanguage":"es","potentialAction":[{"@type":"ReadAction","target":["https:\/\/restyling.exenia.eu\/es\/producto\/spot-48-revo-compact-multimetrik\/"]}]},{"@type":"ImageObject","inLanguage":"es","@id":"https:\/\/restyling.exenia.eu\/es\/producto\/spot-48-revo-compact-multimetrik\/#primaryimage","url":"https:\/\/restyling.exenia.eu\/wp-content\/uploads\/2025\/04\/Spot-48-Multimetrik-prodotto.jpg","contentUrl":"https:\/\/restyling.exenia.eu\/wp-content\/uploads\/2025\/04\/Spot-48-Multimetrik-prodotto.jpg","width":1439,"height":1598},{"@type":"BreadcrumbList","@id":"https:\/\/restyling.exenia.eu\/es\/producto\/spot-48-revo-compact-multimetrik\/#breadcrumb","itemListElement":[{"@type":"ListItem","position":1,"name":"Home","item":"https:\/\/restyling.exenia.eu\/"},{"@type":"ListItem","position":2,"name":"Productos","item":"https:\/\/restyling.exenia.eu\/prodotti\/"},{"@type":"ListItem","position":3,"name":"Indoor","item":"https:\/\/restyling.exenia.eu\/es\/c\/indoor\/"},{"@type":"ListItem","position":4,"name":"Luminarias para Sistemas\/Carriles","item":"https:\/\/restyling.exenia.eu\/es\/c\/indoor\/luminarias-para-sistemas-carriles\/"},{"@type":"ListItem","position":5,"name":"48 V","item":"https:\/\/restyling.exenia.eu\/es\/c\/indoor\/luminarias-para-sistemas-carriles\/48-v-es\/"},{"@type":"ListItem","position":6,"name":"Todas las luminarias para 48","item":"https:\/\/restyling.exenia.eu\/es\/c\/indoor\/luminarias-para-sistemas-carriles\/48-v-es\/todas-las-luminarias-para-48\/"},{"@type":"ListItem","position":7,"name":"Spot 48 Revo Multimetrik","item":"https:\/\/restyling.exenia.eu\/c\/indoor\/apparecchi-per-sistemi-binari-elettrificati\/48-v\/tutti-gli-apparecchi-48\/spot-revo-multimetrik-48v-tutti-gli-apparecchi-48\/"},{"@type":"ListItem","position":8,"name":"Spot 48 Revo Compact Multimetrik"}]},{"@type":"WebSite","@id":"https:\/\/restyling.exenia.eu\/#website","url":"https:\/\/restyling.exenia.eu\/","name":"Exenia","description":"","publisher":{"@id":"https:\/\/restyling.exenia.eu\/#organization"},"potentialAction":[{"@type":"SearchAction","target":{"@type":"EntryPoint","urlTemplate":"https:\/\/restyling.exenia.eu\/?s={search_term_string}"},"query-input":{"@type":"PropertyValueSpecification","valueRequired":true,"valueName":"search_term_string"}}],"inLanguage":"es"},{"@type":"Organization","@id":"https:\/\/restyling.exenia.eu\/#organization","name":"Exenia","url":"https:\/\/restyling.exenia.eu\/","logo":{"@type":"ImageObject","inLanguage":"es","@id":"https:\/\/restyling.exenia.eu\/#\/schema\/logo\/image\/","url":"https:\/\/restyling.exenia.eu\/wp-content\/uploads\/2022\/09\/logo_exenia-e1678467519405.png","contentUrl":"https:\/\/restyling.exenia.eu\/wp-content\/uploads\/2022\/09\/logo_exenia-e1678467519405.png","width":600,"height":194,"caption":"Exenia"},"image":{"@id":"https:\/\/restyling.exenia.eu\/#\/schema\/logo\/image\/"},"sameAs":["https:\/\/www.facebook.com\/exenialighting","https:\/\/x.com\/ExeniaLighting"]}]}},"_links":{"self":[{"href":"https:\/\/restyling.exenia.eu\/es\/wp-json\/wp\/v2\/product\/73540","targetHints":{"allow":["GET"]}}],"collection":[{"href":"https:\/\/restyling.exenia.eu\/es\/wp-json\/wp\/v2\/product"}],"about":[{"href":"https:\/\/restyling.exenia.eu\/es\/wp-json\/wp\/v2\/types\/product"}],"wp:featuredmedia":[{"embeddable":true,"href":"https:\/\/restyling.exenia.eu\/es\/wp-json\/wp\/v2\/media\/74652"}],"wp:attachment":[{"href":"https:\/\/restyling.exenia.eu\/es\/wp-json\/wp\/v2\/media?parent=73540"}],"wp:term":[{"taxonomy":"product_brand","embeddable":true,"href":"https:\/\/restyling.exenia.eu\/es\/wp-json\/wp\/v2\/product_brand?post=73540"},{"taxonomy":"product_cat","embeddable":true,"href":"https:\/\/restyling.exenia.eu\/es\/wp-json\/wp\/v2\/product_cat?post=73540"},{"taxonomy":"product_tag","embeddable":true,"href":"https:\/\/restyling.exenia.eu\/es\/wp-json\/wp\/v2\/product_tag?post=73540"},{"taxonomy":"categoria-admin-prodotto","embeddable":true,"href":"https:\/\/restyling.exenia.eu\/es\/wp-json\/wp\/v2\/categoria-admin-prodotto?post=73540"}],"curies":[{"name":"wp","href":"https:\/\/api.w.org\/{rel}","templated":true}]}}