{"id":73881,"date":"2025-04-03T08:44:37","date_gmt":"2025-04-03T06:44:37","guid":{"rendered":"https:\/\/www.exenia.eu\/?post_type=product&#038;p=73881"},"modified":"2025-04-22T11:31:34","modified_gmt":"2025-04-22T09:31:34","slug":"spot-230-revo-compact-easymetrik","status":"publish","type":"product","link":"https:\/\/restyling.exenia.eu\/es\/producto\/spot-230-revo-compact-easymetrik\/","title":{"rendered":"Spot 230 Revo Compact EASYMETRIK"},"content":{"rendered":"<p><strong>Easymetrik<\/strong> es la versi\u00f3n \u00abplug and play\u00bb de la familia Revo, totalmente adaptable, que incorpora regulaci\u00f3n a bordo, selector de temperatura de 2700k, 3200k y 4000k y ajuste del haz en un solo modelo.<\/p>\n<p>El nuevo sistema de modulaci\u00f3n \u00f3ptica permite una excursi\u00f3n de 15\u00b0 a 60\u00b0 gracias a la micro-translaci\u00f3n de la distancia focal y a una doble lente intercambiable, garantizando precisi\u00f3n y uniformidad.<\/p>\n<p>La intensidad luminosa puede modularse mediante un regulador logar\u00edtmico est\u00e1ndar. La eficiencia luminosa alcanza 110 lm\/W con flujos de hasta 3276 lm, manteniendo un alto est\u00e1ndar de calidad.<\/p>\n<p>El dise\u00f1o compacto no difiere de las series hom\u00f3logas Revo y Revo Multimetrik, garantizando la continuidad est\u00e9tica y la sensaci\u00f3n de familia.<\/p>\n<p>Las lentes intercambiables permiten incluir dos gamas complementarias de aperturas 15\u00b0-36\u00b0 y 32\u00b0-60\u00b0 seg\u00fan los criterios de configuraci\u00f3n elegidos.<\/p>\n<p>Disponibles en las variantes Medium, Compact y Max con CRI 92 y 98 y tolerancia de color 3 MacAdam Step.<\/p>\n<p><a href=\"https:\/\/restyling.exenia.eu\/wp-content\/uploads\/2025\/04\/MULTIMETRIK-ES.pdf\"><img fetchpriority=\"high\" decoding=\"async\" class=\"alignnone wp-image-73859 size-medium\" src=\"https:\/\/restyling.exenia.eu\/wp-content\/uploads\/2025\/04\/Multimetrik-copertina-212x300.jpg\" alt=\"\" width=\"212\" height=\"300\" srcset=\"https:\/\/restyling.exenia.eu\/wp-content\/uploads\/2025\/04\/Multimetrik-copertina-212x300.jpg 212w, https:\/\/restyling.exenia.eu\/wp-content\/uploads\/2025\/04\/Multimetrik-copertina-725x1024.jpg 725w, https:\/\/restyling.exenia.eu\/wp-content\/uploads\/2025\/04\/Multimetrik-copertina-768x1085.jpg 768w, https:\/\/restyling.exenia.eu\/wp-content\/uploads\/2025\/04\/Multimetrik-copertina-1087x1536.jpg 1087w, https:\/\/restyling.exenia.eu\/wp-content\/uploads\/2025\/04\/Multimetrik-copertina.jpg 1360w\" sizes=\"(max-width: 212px) 100vw, 212px\" \/><\/a><\/p>\n","protected":false},"excerpt":{"rendered":"<p>Easymetrik es la versi\u00f3n \u00abplug and play\u00bb de la familia&#8230;<\/p>\n","protected":false},"featured_media":73903,"template":"","meta":{"_acf_changed":false},"product_brand":[],"product_cat":[9106,6542],"product_tag":[7481,9040,9100],"categoria-admin-prodotto":[],"class_list":{"0":"post-73881","1":"product","2":"type-product","3":"status-publish","4":"has-post-thumbnail","6":"product_cat-spot-revo-230-easymetrik-es","7":"product_cat-news-es","8":"product_tag-387e0-es","9":"product_tag-multimetrik-es","10":"product_tag-easymetrik-es","11":"pa_cct-dw-2700k-4000k-es","12":"pa_certificazione-conformita-ce-es","13":"pa_classe-f-si-es-2","14":"pa_cri-92-es","15":"pa_cri-98-es","16":"pa_grado-ip-ip40-es","17":"pa_temperatura-di-esercizio-10-35-es","19":"first","20":"instock","21":"purchasable","22":"product-type-composite"},"composite_virtual":false,"composite_layout":"single","composite_add_to_cart_form_location":"default","composite_editable_in_cart":false,"composite_sold_individually_context":"product","composite_shop_price_calc":"defaults","composite_components":[{"id":"1674741490","title":"Cuerpo de la luminaria","description":"","query_type":"product_ids","query_ids":[21667],"default_option_id":21667,"thumbnail_id":"","thumbnail_src":"","quantity_min":1,"quantity_max":1,"priced_individually":false,"shipped_individually":false,"optional":false,"discount":"","options_style":"radios","pagination_style":"classic","display_prices":"absolute","show_sorting_options":false,"show_filtering_options":false,"attribute_filter_ids":[],"product_title_visible":false,"product_descr_visible":false,"product_price_visible":false,"product_thumb_visible":false,"subtotal_visible_product":false,"subtotal_visible_cart":false,"subtotal_visible_orders":false},{"id":"1674741491","title":"Versi\u00f3n","description":"","query_type":"product_ids","query_ids":[22275],"default_option_id":22275,"thumbnail_id":"","thumbnail_src":"","quantity_min":1,"quantity_max":1,"priced_individually":false,"shipped_individually":false,"optional":false,"discount":"","options_style":"radios","pagination_style":"classic","display_prices":"absolute","show_sorting_options":false,"show_filtering_options":false,"attribute_filter_ids":[],"product_title_visible":false,"product_descr_visible":false,"product_price_visible":false,"product_thumb_visible":false,"subtotal_visible_product":false,"subtotal_visible_cart":false,"subtotal_visible_orders":false},{"id":"1674741492","title":"Controlar","description":"","query_type":"product_ids","query_ids":[73929],"default_option_id":73929,"thumbnail_id":"","thumbnail_src":"","quantity_min":1,"quantity_max":1,"priced_individually":false,"shipped_individually":false,"optional":false,"discount":"","options_style":"radios","pagination_style":"classic","display_prices":"absolute","show_sorting_options":false,"show_filtering_options":false,"attribute_filter_ids":[],"product_title_visible":false,"product_descr_visible":true,"product_price_visible":false,"product_thumb_visible":false,"subtotal_visible_product":false,"subtotal_visible_cart":false,"subtotal_visible_orders":false},{"id":"1674741493","title":"Acabado del cuerpo","description":"","query_type":"product_ids","query_ids":[21864,21839,21797,21843,21852,21849],"default_option_id":"","thumbnail_id":"","thumbnail_src":"","quantity_min":1,"quantity_max":1,"priced_individually":false,"shipped_individually":false,"optional":true,"discount":"","options_style":"radios","pagination_style":"classic","display_prices":"absolute","show_sorting_options":false,"show_filtering_options":false,"attribute_filter_ids":[],"product_title_visible":false,"product_descr_visible":false,"product_price_visible":false,"product_thumb_visible":false,"subtotal_visible_product":false,"subtotal_visible_cart":false,"subtotal_visible_orders":false},{"id":"1674741494","title":"Acabado del adaptador","description":"","query_type":"product_ids","query_ids":[21793,21794],"default_option_id":"","thumbnail_id":"","thumbnail_src":"","quantity_min":1,"quantity_max":1,"priced_individually":false,"shipped_individually":false,"optional":true,"discount":"","options_style":"radios","pagination_style":"classic","display_prices":"absolute","show_sorting_options":false,"show_filtering_options":false,"attribute_filter_ids":[],"product_title_visible":false,"product_descr_visible":false,"product_price_visible":false,"product_thumb_visible":false,"subtotal_visible_product":false,"subtotal_visible_cart":false,"subtotal_visible_orders":false},{"id":"1674741495","title":"CRI-CCT","description":"","query_type":"product_ids","query_ids":[73944,73939],"default_option_id":"","thumbnail_id":"","thumbnail_src":"","quantity_min":1,"quantity_max":1,"priced_individually":false,"shipped_individually":false,"optional":true,"discount":"","options_style":"radios","pagination_style":"classic","display_prices":"absolute","show_sorting_options":false,"show_filtering_options":false,"attribute_filter_ids":[],"product_title_visible":false,"product_descr_visible":false,"product_price_visible":false,"product_thumb_visible":false,"subtotal_visible_product":false,"subtotal_visible_cart":false,"subtotal_visible_orders":false},{"id":"1674741496","title":"\u00d3ptica","description":"","query_type":"product_ids","query_ids":[73415,73419,73435],"default_option_id":"","thumbnail_id":"","thumbnail_src":"","quantity_min":1,"quantity_max":1,"priced_individually":false,"shipped_individually":false,"optional":true,"discount":"","options_style":"radios","pagination_style":"classic","display_prices":"absolute","show_sorting_options":false,"show_filtering_options":false,"attribute_filter_ids":[],"product_title_visible":false,"product_descr_visible":true,"product_price_visible":false,"product_thumb_visible":false,"subtotal_visible_product":false,"subtotal_visible_cart":false,"subtotal_visible_orders":false},{"id":"1674741497","title":"Accesorios","description":"","query_type":"product_ids","query_ids":[29246],"default_option_id":29246,"thumbnail_id":"","thumbnail_src":"","quantity_min":1,"quantity_max":1,"priced_individually":false,"shipped_individually":false,"optional":false,"discount":"","options_style":"radios","pagination_style":"classic","display_prices":"absolute","show_sorting_options":false,"show_filtering_options":false,"attribute_filter_ids":[],"product_title_visible":false,"product_descr_visible":true,"product_price_visible":false,"product_thumb_visible":true,"subtotal_visible_product":false,"subtotal_visible_cart":false,"subtotal_visible_orders":false},{"id":"1676654331","title":"Accesorios independientes","description":"","query_type":"product_ids","query_ids":[73492],"default_option_id":73492,"thumbnail_id":"","thumbnail_src":"","quantity_min":1,"quantity_max":1,"priced_individually":false,"shipped_individually":false,"optional":false,"discount":"","options_style":"radios","pagination_style":"classic","display_prices":"absolute","show_sorting_options":false,"show_filtering_options":false,"attribute_filter_ids":[],"product_title_visible":false,"product_descr_visible":true,"product_price_visible":false,"product_thumb_visible":false,"subtotal_visible_product":false,"subtotal_visible_cart":false,"subtotal_visible_orders":false}],"composite_scenarios":[{"id":"1743582881","name":"no accessori","description":"","configuration":[{"component_id":"1674741490","options_modifier":"any"}],"actions":[{"action_id":"compat_group","is_active":false},{"action_id":"conditional_components","is_active":false,"hidden_components":[]},{"action_id":"conditional_options","is_active":true,"hidden_options":[{"component_id":"1674741497","component_options":[-1,29464],"options_modifier":"not-in"}]}],"enabled":true}],"bundled_by":[],"bundle_stock_status":"instock","bundle_stock_quantity":null,"bundle_virtual":false,"bundle_layout":"","bundle_add_to_cart_form_location":"","bundle_editable_in_cart":false,"bundle_sold_individually_context":"","bundle_item_grouping":"","bundle_min_size":"","bundle_max_size":"","bundled_items":[],"bundle_sell_ids":[],"acf":[],"yoast_head":"<!-- This site is optimized with the Yoast SEO plugin v27.4 - https:\/\/yoast.com\/product\/yoast-seo-wordpress\/ -->\n<title>Spot 230 Revo Compact EASYMETRIK | Exenia<\/title>\n<meta name=\"robots\" content=\"noindex, follow, max-snippet:-1, max-image-preview:large, max-video-preview:-1\" \/>\n<meta property=\"og:locale\" content=\"es_ES\" \/>\n<meta property=\"og:type\" content=\"article\" \/>\n<meta property=\"og:title\" content=\"Spot 230 Revo Compact EASYMETRIK | Exenia\" \/>\n<meta property=\"og:description\" content=\"Easymetrik es la versi\u00f3n \u00abplug and play\u00bb de la familia...\" \/>\n<meta property=\"og:url\" content=\"https:\/\/restyling.exenia.eu\/es\/producto\/spot-230-revo-compact-easymetrik\/\" \/>\n<meta property=\"og:site_name\" content=\"Exenia\" \/>\n<meta property=\"article:publisher\" content=\"https:\/\/www.facebook.com\/exenialighting\" \/>\n<meta property=\"article:modified_time\" content=\"2025-04-22T09:31:34+00:00\" \/>\n<meta property=\"og:image\" content=\"https:\/\/restyling.exenia.eu\/wp-content\/uploads\/2025\/04\/Easymetrik-Prodotto.jpg\" \/>\n\t<meta property=\"og:image:width\" content=\"2000\" \/>\n\t<meta property=\"og:image:height\" content=\"1919\" \/>\n\t<meta property=\"og:image:type\" content=\"image\/jpeg\" \/>\n<!-- \/ Yoast SEO plugin. -->","yoast_head_json":{"title":"Spot 230 Revo Compact EASYMETRIK | Exenia","robots":{"index":"noindex","follow":"follow","max-snippet":"max-snippet:-1","max-image-preview":"max-image-preview:large","max-video-preview":"max-video-preview:-1"},"og_locale":"es_ES","og_type":"article","og_title":"Spot 230 Revo Compact EASYMETRIK | Exenia","og_description":"Easymetrik es la versi\u00f3n \u00abplug and play\u00bb de la familia...","og_url":"https:\/\/restyling.exenia.eu\/es\/producto\/spot-230-revo-compact-easymetrik\/","og_site_name":"Exenia","article_publisher":"https:\/\/www.facebook.com\/exenialighting","article_modified_time":"2025-04-22T09:31:34+00:00","og_image":[{"width":2000,"height":1919,"url":"https:\/\/restyling.exenia.eu\/wp-content\/uploads\/2025\/04\/Easymetrik-Prodotto.jpg","type":"image\/jpeg"}],"schema":{"@context":"https:\/\/schema.org","@graph":[{"@type":"WebPage","@id":"https:\/\/restyling.exenia.eu\/es\/producto\/spot-230-revo-compact-easymetrik\/","url":"https:\/\/restyling.exenia.eu\/es\/producto\/spot-230-revo-compact-easymetrik\/","name":"Spot 230 Revo Compact EASYMETRIK | Exenia","isPartOf":{"@id":"https:\/\/restyling.exenia.eu\/#website"},"primaryImageOfPage":{"@id":"https:\/\/restyling.exenia.eu\/es\/producto\/spot-230-revo-compact-easymetrik\/#primaryimage"},"image":{"@id":"https:\/\/restyling.exenia.eu\/es\/producto\/spot-230-revo-compact-easymetrik\/#primaryimage"},"thumbnailUrl":"https:\/\/restyling.exenia.eu\/wp-content\/uploads\/2025\/04\/Easymetrik-Prodotto.jpg","datePublished":"2025-04-03T06:44:37+00:00","dateModified":"2025-04-22T09:31:34+00:00","breadcrumb":{"@id":"https:\/\/restyling.exenia.eu\/es\/producto\/spot-230-revo-compact-easymetrik\/#breadcrumb"},"inLanguage":"es","potentialAction":[{"@type":"ReadAction","target":["https:\/\/restyling.exenia.eu\/es\/producto\/spot-230-revo-compact-easymetrik\/"]}]},{"@type":"ImageObject","inLanguage":"es","@id":"https:\/\/restyling.exenia.eu\/es\/producto\/spot-230-revo-compact-easymetrik\/#primaryimage","url":"https:\/\/restyling.exenia.eu\/wp-content\/uploads\/2025\/04\/Easymetrik-Prodotto.jpg","contentUrl":"https:\/\/restyling.exenia.eu\/wp-content\/uploads\/2025\/04\/Easymetrik-Prodotto.jpg","width":2000,"height":1919},{"@type":"BreadcrumbList","@id":"https:\/\/restyling.exenia.eu\/es\/producto\/spot-230-revo-compact-easymetrik\/#breadcrumb","itemListElement":[{"@type":"ListItem","position":1,"name":"Home","item":"https:\/\/restyling.exenia.eu\/"},{"@type":"ListItem","position":2,"name":"Productos","item":"https:\/\/restyling.exenia.eu\/prodotti\/"},{"@type":"ListItem","position":3,"name":"Indoor","item":"https:\/\/restyling.exenia.eu\/es\/c\/indoor\/"},{"@type":"ListItem","position":4,"name":"Luminarias para Sistemas\/Carriles","item":"https:\/\/restyling.exenia.eu\/es\/c\/indoor\/luminarias-para-sistemas-carriles\/"},{"@type":"ListItem","position":5,"name":"230 V","item":"https:\/\/restyling.exenia.eu\/es\/c\/indoor\/luminarias-para-sistemas-carriles\/230-v-es\/"},{"@type":"ListItem","position":6,"name":"Spot Revo 230 Easymetrik","item":"https:\/\/restyling.exenia.eu\/c\/indoor\/apparecchi-per-sistemi-binari-elettrificati\/230-v\/spot-revo-230-easymetrik\/"},{"@type":"ListItem","position":7,"name":"Spot 230 Revo Compact EASYMETRIK"}]},{"@type":"WebSite","@id":"https:\/\/restyling.exenia.eu\/#website","url":"https:\/\/restyling.exenia.eu\/","name":"Exenia","description":"","publisher":{"@id":"https:\/\/restyling.exenia.eu\/#organization"},"potentialAction":[{"@type":"SearchAction","target":{"@type":"EntryPoint","urlTemplate":"https:\/\/restyling.exenia.eu\/?s={search_term_string}"},"query-input":{"@type":"PropertyValueSpecification","valueRequired":true,"valueName":"search_term_string"}}],"inLanguage":"es"},{"@type":"Organization","@id":"https:\/\/restyling.exenia.eu\/#organization","name":"Exenia","url":"https:\/\/restyling.exenia.eu\/","logo":{"@type":"ImageObject","inLanguage":"es","@id":"https:\/\/restyling.exenia.eu\/#\/schema\/logo\/image\/","url":"https:\/\/restyling.exenia.eu\/wp-content\/uploads\/2022\/09\/logo_exenia-e1678467519405.png","contentUrl":"https:\/\/restyling.exenia.eu\/wp-content\/uploads\/2022\/09\/logo_exenia-e1678467519405.png","width":600,"height":194,"caption":"Exenia"},"image":{"@id":"https:\/\/restyling.exenia.eu\/#\/schema\/logo\/image\/"},"sameAs":["https:\/\/www.facebook.com\/exenialighting","https:\/\/x.com\/ExeniaLighting"]}]}},"_links":{"self":[{"href":"https:\/\/restyling.exenia.eu\/es\/wp-json\/wp\/v2\/product\/73881","targetHints":{"allow":["GET"]}}],"collection":[{"href":"https:\/\/restyling.exenia.eu\/es\/wp-json\/wp\/v2\/product"}],"about":[{"href":"https:\/\/restyling.exenia.eu\/es\/wp-json\/wp\/v2\/types\/product"}],"wp:featuredmedia":[{"embeddable":true,"href":"https:\/\/restyling.exenia.eu\/es\/wp-json\/wp\/v2\/media\/73903"}],"wp:attachment":[{"href":"https:\/\/restyling.exenia.eu\/es\/wp-json\/wp\/v2\/media?parent=73881"}],"wp:term":[{"taxonomy":"product_brand","embeddable":true,"href":"https:\/\/restyling.exenia.eu\/es\/wp-json\/wp\/v2\/product_brand?post=73881"},{"taxonomy":"product_cat","embeddable":true,"href":"https:\/\/restyling.exenia.eu\/es\/wp-json\/wp\/v2\/product_cat?post=73881"},{"taxonomy":"product_tag","embeddable":true,"href":"https:\/\/restyling.exenia.eu\/es\/wp-json\/wp\/v2\/product_tag?post=73881"},{"taxonomy":"categoria-admin-prodotto","embeddable":true,"href":"https:\/\/restyling.exenia.eu\/es\/wp-json\/wp\/v2\/categoria-admin-prodotto?post=73881"}],"curies":[{"name":"wp","href":"https:\/\/api.w.org\/{rel}","templated":true}]}}