{"id":10518,"date":"2023-01-13T14:27:10","date_gmt":"2023-01-13T13:27:10","guid":{"rendered":"https:\/\/www.exenia.eu\/dialux\/"},"modified":"2023-03-10T08:23:21","modified_gmt":"2023-03-10T07:23:21","slug":"dialux","status":"publish","type":"page","link":"https:\/\/restyling.exenia.eu\/fr\/dialux\/","title":{"rendered":"DIALux"},"content":{"rendered":"<h2 class=\"eplus-wrapper wp-block-heading\"><strong>EXENIA est un partenaire de DIALux<\/strong><\/h2><p class=\"eplus-wrapper\">A partir de cette page, vous pouvez utiliser <strong>en ligne<\/strong> ou <strong>t\u00e9l\u00e9charger<\/strong> et <strong>installer<\/strong> le plug-in pour avoir acc\u00e8s \u00e0 la biblioth\u00e8que compl\u00e8te d&rsquo;<strong>Exenia<\/strong>. D\u00e9velopper un projet d&rsquo;\u00e9clairage sera encore plus facile. Gr\u00e2ce \u00e0 ce partenariat, vous aurez acc\u00e8s \u00ab\u00a0en un clic\u00a0\u00bb \u00e0 nos catalogues <strong>Indoor<\/strong> et <strong>Outdoor<\/strong> en b\u00e9n\u00e9ficiant des fichiers 3D et des photom\u00e9tries.<\/p><p class=\"eplus-wrapper\"><\/p><div class=\"wp-block-columns eplus-wrapper is-layout-flex wp-container-core-columns-is-layout-28f84493 wp-block-columns-is-layout-flex\"><div class=\"wp-block-column is-vertically-aligned-top eplus-wrapper is-layout-flow wp-block-column-is-layout-flow\"><div class=\"wp-block-buttons eplus-wrapper is-content-justification-center is-layout-flex wp-container-core-buttons-is-layout-a89b3969 wp-block-buttons-is-layout-flex\"><div class=\"wp-block-button eplus-wrapper\"><a class=\"wp-block-button__link has-white-color has-text-color wp-element-button\" href=\"https:\/\/plugindownload.dial.de\/exenia.zip\" target=\"_blank\" rel=\"noreferrer noopener\">T\u00e9l\u00e9charger la version de bureau<\/a><\/div><\/div>\n\n<figure class=\"wp-block-image size-large eplus-wrapper\"><img fetchpriority=\"high\" decoding=\"async\" width=\"1024\" height=\"767\" src=\"https:\/\/restyling.exenia.eu\/wp-content\/uploads\/2023\/01\/dualux-it-over-1024x767.jpg\" alt=\"\" class=\"wp-image-10487\" srcset=\"https:\/\/restyling.exenia.eu\/wp-content\/uploads\/2023\/01\/dualux-it-over-1024x767.jpg 1024w, https:\/\/restyling.exenia.eu\/wp-content\/uploads\/2023\/01\/dualux-it-over-600x450.jpg 600w, https:\/\/restyling.exenia.eu\/wp-content\/uploads\/2023\/01\/dualux-it-over-300x225.jpg 300w, https:\/\/restyling.exenia.eu\/wp-content\/uploads\/2023\/01\/dualux-it-over-768x575.jpg 768w, https:\/\/restyling.exenia.eu\/wp-content\/uploads\/2023\/01\/dualux-it-over.jpg 1204w\" sizes=\"(max-width: 1024px) 100vw, 1024px\" \/><\/figure><\/div>\n\n<div class=\"wp-block-column eplus-wrapper is-layout-flow wp-block-column-is-layout-flow\"><div class=\"wp-block-buttons eplus-wrapper is-content-justification-center is-layout-flex wp-container-core-buttons-is-layout-a89b3969 wp-block-buttons-is-layout-flex\"><div class=\"wp-block-button eplus-wrapper\"><a class=\"wp-block-button__link has-white-color has-text-color wp-element-button\" href=\"https:\/\/www.dialux-plugins.net\/EXENIA#\/\" target=\"_blank\" rel=\"noreferrer noopener\">Voir la version en ligne<\/a><\/div><\/div>\n\n<figure class=\"wp-block-image size-large eplus-wrapper\"><img decoding=\"async\" width=\"1024\" height=\"767\" src=\"https:\/\/restyling.exenia.eu\/wp-content\/uploads\/2023\/01\/dialux2-1024x767.jpg\" alt=\"\" class=\"wp-image-10497\" srcset=\"https:\/\/restyling.exenia.eu\/wp-content\/uploads\/2023\/01\/dialux2-1024x767.jpg 1024w, https:\/\/restyling.exenia.eu\/wp-content\/uploads\/2023\/01\/dialux2-600x450.jpg 600w, https:\/\/restyling.exenia.eu\/wp-content\/uploads\/2023\/01\/dialux2-300x225.jpg 300w, https:\/\/restyling.exenia.eu\/wp-content\/uploads\/2023\/01\/dialux2-768x575.jpg 768w, https:\/\/restyling.exenia.eu\/wp-content\/uploads\/2023\/01\/dialux2-1536x1151.jpg 1536w, https:\/\/restyling.exenia.eu\/wp-content\/uploads\/2023\/01\/dialux2-2048x1534.jpg 2048w\" sizes=\"(max-width: 1024px) 100vw, 1024px\" \/><\/figure><\/div><\/div>","protected":false},"excerpt":{"rendered":"<p>EXENIA est un partenaire de DIALux A partir de cette&#8230;<\/p>\n","protected":false},"author":1,"featured_media":0,"parent":0,"menu_order":0,"comment_status":"closed","ping_status":"closed","template":"tpl-no-header.php","meta":{"_acf_changed":false,"footnotes":""},"class_list":["post-10518","page","type-page","status-publish","hentry"],"acf":[],"yoast_head":"<!-- This site is optimized with the Yoast SEO plugin v27.4 - https:\/\/yoast.com\/product\/yoast-seo-wordpress\/ -->\n<title>DIALux | Exenia<\/title>\n<meta name=\"robots\" content=\"noindex, follow, max-snippet:-1, max-image-preview:large, max-video-preview:-1\" \/>\n<meta property=\"og:locale\" content=\"fr_FR\" \/>\n<meta property=\"og:type\" content=\"article\" \/>\n<meta property=\"og:title\" content=\"DIALux | Exenia\" \/>\n<meta property=\"og:description\" content=\"EXENIA est un partenaire de DIALux A partir de cette...\" \/>\n<meta property=\"og:url\" content=\"https:\/\/restyling.exenia.eu\/dialux\/\" \/>\n<meta property=\"og:site_name\" content=\"Exenia\" \/>\n<meta property=\"article:publisher\" content=\"https:\/\/www.facebook.com\/exenialighting\" \/>\n<meta property=\"article:modified_time\" content=\"2023-03-10T07:23:21+00:00\" \/>\n<meta property=\"og:image\" content=\"https:\/\/restyling.exenia.eu\/wp-content\/uploads\/2023\/01\/dualux-it-over-1024x767.jpg\" \/>\n<!-- \/ Yoast SEO plugin. -->","yoast_head_json":{"title":"DIALux | Exenia","robots":{"index":"noindex","follow":"follow","max-snippet":"max-snippet:-1","max-image-preview":"max-image-preview:large","max-video-preview":"max-video-preview:-1"},"og_locale":"fr_FR","og_type":"article","og_title":"DIALux | Exenia","og_description":"EXENIA est un partenaire de DIALux A partir de cette...","og_url":"https:\/\/restyling.exenia.eu\/dialux\/","og_site_name":"Exenia","article_publisher":"https:\/\/www.facebook.com\/exenialighting","article_modified_time":"2023-03-10T07:23:21+00:00","og_image":[{"url":"https:\/\/restyling.exenia.eu\/wp-content\/uploads\/2023\/01\/dualux-it-over-1024x767.jpg","type":"","width":"","height":""}],"schema":{"@context":"https:\/\/schema.org","@graph":[{"@type":"WebPage","@id":"https:\/\/restyling.exenia.eu\/dialux\/","url":"https:\/\/restyling.exenia.eu\/dialux\/","name":"DIALux | Exenia","isPartOf":{"@id":"https:\/\/restyling.exenia.eu\/#website"},"primaryImageOfPage":{"@id":"https:\/\/restyling.exenia.eu\/dialux\/#primaryimage"},"image":{"@id":"https:\/\/restyling.exenia.eu\/dialux\/#primaryimage"},"thumbnailUrl":"https:\/\/restyling.exenia.eu\/wp-content\/uploads\/2023\/01\/dualux-it-over-1024x767.jpg","datePublished":"2023-01-13T13:27:10+00:00","dateModified":"2023-03-10T07:23:21+00:00","breadcrumb":{"@id":"https:\/\/restyling.exenia.eu\/dialux\/#breadcrumb"},"inLanguage":"fr-FR","potentialAction":[{"@type":"ReadAction","target":["https:\/\/restyling.exenia.eu\/dialux\/"]}]},{"@type":"ImageObject","inLanguage":"fr-FR","@id":"https:\/\/restyling.exenia.eu\/dialux\/#primaryimage","url":"https:\/\/restyling.exenia.eu\/wp-content\/uploads\/2023\/01\/dualux-it-over-1024x767.jpg","contentUrl":"https:\/\/restyling.exenia.eu\/wp-content\/uploads\/2023\/01\/dualux-it-over-1024x767.jpg"},{"@type":"BreadcrumbList","@id":"https:\/\/restyling.exenia.eu\/dialux\/#breadcrumb","itemListElement":[{"@type":"ListItem","position":1,"name":"Home","item":"https:\/\/restyling.exenia.eu\/"},{"@type":"ListItem","position":2,"name":"DIALux"}]},{"@type":"WebSite","@id":"https:\/\/restyling.exenia.eu\/#website","url":"https:\/\/restyling.exenia.eu\/","name":"Exenia","description":"","publisher":{"@id":"https:\/\/restyling.exenia.eu\/#organization"},"potentialAction":[{"@type":"SearchAction","target":{"@type":"EntryPoint","urlTemplate":"https:\/\/restyling.exenia.eu\/?s={search_term_string}"},"query-input":{"@type":"PropertyValueSpecification","valueRequired":true,"valueName":"search_term_string"}}],"inLanguage":"fr-FR"},{"@type":"Organization","@id":"https:\/\/restyling.exenia.eu\/#organization","name":"Exenia","url":"https:\/\/restyling.exenia.eu\/","logo":{"@type":"ImageObject","inLanguage":"fr-FR","@id":"https:\/\/restyling.exenia.eu\/#\/schema\/logo\/image\/","url":"https:\/\/restyling.exenia.eu\/wp-content\/uploads\/2022\/09\/logo_exenia-e1678467519405.png","contentUrl":"https:\/\/restyling.exenia.eu\/wp-content\/uploads\/2022\/09\/logo_exenia-e1678467519405.png","width":600,"height":194,"caption":"Exenia"},"image":{"@id":"https:\/\/restyling.exenia.eu\/#\/schema\/logo\/image\/"},"sameAs":["https:\/\/www.facebook.com\/exenialighting","https:\/\/x.com\/ExeniaLighting"]}]}},"_links":{"self":[{"href":"https:\/\/restyling.exenia.eu\/fr\/wp-json\/wp\/v2\/pages\/10518","targetHints":{"allow":["GET"]}}],"collection":[{"href":"https:\/\/restyling.exenia.eu\/fr\/wp-json\/wp\/v2\/pages"}],"about":[{"href":"https:\/\/restyling.exenia.eu\/fr\/wp-json\/wp\/v2\/types\/page"}],"author":[{"embeddable":true,"href":"https:\/\/restyling.exenia.eu\/fr\/wp-json\/wp\/v2\/users\/1"}],"replies":[{"embeddable":true,"href":"https:\/\/restyling.exenia.eu\/fr\/wp-json\/wp\/v2\/comments?post=10518"}],"version-history":[{"count":0,"href":"https:\/\/restyling.exenia.eu\/fr\/wp-json\/wp\/v2\/pages\/10518\/revisions"}],"wp:attachment":[{"href":"https:\/\/restyling.exenia.eu\/fr\/wp-json\/wp\/v2\/media?parent=10518"}],"curies":[{"name":"wp","href":"https:\/\/api.w.org\/{rel}","templated":true}]}}