{"id":1362,"date":"2022-08-01T11:53:45","date_gmt":"2022-08-01T09:53:45","guid":{"rendered":"https:\/\/www.exenia.eu\/home\/"},"modified":"2025-08-06T10:05:59","modified_gmt":"2025-08-06T08:05:59","slug":"home","status":"publish","type":"page","link":"https:\/\/restyling.exenia.eu\/fr\/","title":{"rendered":"Appareils d&#8217;\u00e9clairage professionnels fabriqu\u00e9s en Italie"},"content":{"rendered":"\t\t<div data-elementor-type=\"wp-page\" data-elementor-id=\"1362\" class=\"elementor elementor-1362 elementor-6\" wpc-filter-elementor-widget=\"1\" data-elementor-post-type=\"page\">\n\t\t\t\t\t\t<section class=\"elementor-section elementor-top-section elementor-element elementor-element-5870fc9f elementor-section-full_width elementor-section-height-default elementor-section-height-default\" data-id=\"5870fc9f\" data-element_type=\"section\" data-e-type=\"section\">\n\t\t\t\t\t\t<div class=\"elementor-container elementor-column-gap-no\">\n\t\t\t\t\t<div class=\"elementor-column elementor-col-100 elementor-top-column elementor-element elementor-element-57e23c5f\" data-id=\"57e23c5f\" data-element_type=\"column\" data-e-type=\"column\">\n\t\t\t<div class=\"elementor-widget-wrap elementor-element-populated\">\n\t\t\t\t\t\t<div class=\"elementor-element elementor-element-66936a14 elementor-widget elementor-widget-text-editor\" data-id=\"66936a14\" data-element_type=\"widget\" data-e-type=\"widget\" data-widget_type=\"text-editor.default\">\n\t\t\t\t<div class=\"elementor-widget-container\">\n\t\t\t\t\t\t\t\t\t<p><strong>Exenia<\/strong> est une r\u00e9alit\u00e9 importante dans le secteur de l&rsquo;\u00e9clairage professionnel, sp\u00e9cialis\u00e9e dans la production d&rsquo;appareils d&rsquo;\u00e9clairage \u00e0 LED pour l&rsquo;int\u00e9rieur et l&rsquo;ext\u00e9rieur, adapt\u00e9s \u00e0 tout type d&rsquo;installation, du r\u00e9sidentiel au commercial, des mus\u00e9es aux salles d&rsquo;exposition. Une entreprise en pleine croissance, avec une culture d&rsquo;entreprise solidement fond\u00e9e sur les principes de la qualit\u00e9, de la recherche, de la durabilit\u00e9, du design et de la passion.<\/p>\n<div style=\"overflow: hidden;height: 1px\"><a href=\"https:\/\/1dollarcasinos.com\/payment\/instadebit\/\">https:\/\/1dollarcasinos.com\/payment\/instadebit\/<\/a><\/div>\n<div style=\"overflow: hidden;height: 1px\"><a href=\"https:\/\/joga-casino.com\/halloween-caca-niquel\/\">jogar halloween valendo dinheiro<\/a><\/div>\n<div style=\"overflow: hidden;height: 1px\"><a href=\"https:\/\/caca-niquel-halloween-slot.com\/\">https:\/\/caca-niquel-halloween-slot.com\/<\/a><\/div>\n<div style=\"overflow: hidden;height: 1px\">\n<h2>Recensione Bizzo Casino<\/h2>\n<p>Bizzo Casino sta rivoluzionando il settore dei casin\u00f2 online in Australia. Offriamo agli utenti un modo facile e sicuro per accedere a tutti i migliori giochi con denaro reale che l&rsquo;Australia ha da offrire in un&rsquo;unica posizione. Con un&rsquo;ampia variet\u00e0 di giochi, un&rsquo;assistenza clienti 24 ore su 24, 7 giorni su 7 e pagamenti rapidi <a href=\"https:\/\/bizzocasino.online\/\" target=\"_blank\" rel=\"noopener\">bizzocasino<\/a> garantisce ai nostri clienti la migliore esperienza di gioco possibile, indipendentemente dal loro livello di abilit\u00e0 o dal loro budget.<\/p>\n<\/div>\t\t\t\t\t\t\t\t<\/div>\n\t\t\t\t<\/div>\n\t\t\t\t\t<\/div>\n\t\t<\/div>\n\t\t\t\t\t<\/div>\n\t\t<\/section>\n\t\t\t\t<\/div>\n\t\t","protected":false},"excerpt":{"rendered":"<p>Exenia est une r\u00e9alit\u00e9 importante dans le secteur de l&rsquo;\u00e9clairage&#8230;<\/p>\n","protected":false},"author":1,"featured_media":0,"parent":0,"menu_order":0,"comment_status":"closed","ping_status":"closed","template":"","meta":{"_acf_changed":false,"footnotes":""},"class_list":["post-1362","page","type-page","status-publish","hentry"],"acf":[],"yoast_head":"<!-- This site is optimized with the Yoast SEO plugin v27.5 - https:\/\/yoast.com\/product\/yoast-seo-wordpress\/ -->\n<title>Appareils d&#8217;\u00e9clairage professionnels fabriqu\u00e9s en Italie | Exenia<\/title>\n<meta name=\"robots\" content=\"noindex, follow, max-snippet:-1, max-image-preview:large, max-video-preview:-1\" \/>\n<meta property=\"og:locale\" content=\"fr_FR\" \/>\n<meta property=\"og:type\" content=\"article\" \/>\n<meta property=\"og:title\" content=\"506\" \/>\n<meta property=\"og:description\" content=\"Exenia est une r\u00e9alit\u00e9 importante dans le secteur de l&rsquo;\u00e9clairage...\" \/>\n<meta property=\"og:url\" content=\"https:\/\/restyling.exenia.eu\/\" \/>\n<meta property=\"og:site_name\" content=\"Exenia\" \/>\n<meta property=\"article:publisher\" content=\"https:\/\/www.facebook.com\/exenialighting\" \/>\n<meta property=\"article:modified_time\" content=\"2025-08-06T08:05:59+00:00\" \/>\n<meta property=\"og:image\" content=\"https:\/\/restyling.exenia.eu\/wp-content\/uploads\/2022\/09\/logo_exenia-e1678467519405.png\" \/>\n\t<meta property=\"og:image:width\" content=\"600\" \/>\n\t<meta property=\"og:image:height\" content=\"194\" \/>\n\t<meta property=\"og:image:type\" content=\"image\/png\" \/>\n<!-- \/ Yoast SEO plugin. -->","yoast_head_json":{"title":"Appareils d&#8217;\u00e9clairage professionnels fabriqu\u00e9s en Italie | Exenia","robots":{"index":"noindex","follow":"follow","max-snippet":"max-snippet:-1","max-image-preview":"max-image-preview:large","max-video-preview":"max-video-preview:-1"},"og_locale":"fr_FR","og_type":"article","og_title":"506","og_description":"Exenia est une r\u00e9alit\u00e9 importante dans le secteur de l&rsquo;\u00e9clairage...","og_url":"https:\/\/restyling.exenia.eu\/","og_site_name":"Exenia","article_publisher":"https:\/\/www.facebook.com\/exenialighting","article_modified_time":"2025-08-06T08:05:59+00:00","og_image":[{"width":600,"height":194,"url":"https:\/\/restyling.exenia.eu\/wp-content\/uploads\/2022\/09\/logo_exenia-e1678467519405.png","type":"image\/png"}],"schema":{"@context":"https:\/\/schema.org","@graph":[{"@type":"WebPage","@id":"https:\/\/restyling.exenia.eu\/","url":"https:\/\/restyling.exenia.eu\/","name":"Appareils d&#8217;\u00e9clairage professionnels fabriqu\u00e9s en Italie | Exenia","isPartOf":{"@id":"https:\/\/restyling.exenia.eu\/#website"},"datePublished":"2022-08-01T09:53:45+00:00","dateModified":"2025-08-06T08:05:59+00:00","breadcrumb":{"@id":"https:\/\/restyling.exenia.eu\/#breadcrumb"},"inLanguage":"fr-FR","potentialAction":[{"@type":"ReadAction","target":["https:\/\/restyling.exenia.eu\/"]}]},{"@type":"BreadcrumbList","@id":"https:\/\/restyling.exenia.eu\/#breadcrumb","itemListElement":[{"@type":"ListItem","position":1,"name":"Home","item":"https:\/\/restyling.exenia.eu\/"},{"@type":"ListItem","position":2,"name":"Appareils d&#8217;\u00e9clairage professionnels fabriqu\u00e9s en Italie"}]},{"@type":"WebSite","@id":"https:\/\/restyling.exenia.eu\/#website","url":"https:\/\/restyling.exenia.eu\/","name":"Exenia","description":"","publisher":{"@id":"https:\/\/restyling.exenia.eu\/#organization"},"potentialAction":[{"@type":"SearchAction","target":{"@type":"EntryPoint","urlTemplate":"https:\/\/restyling.exenia.eu\/?s={search_term_string}"},"query-input":{"@type":"PropertyValueSpecification","valueRequired":true,"valueName":"search_term_string"}}],"inLanguage":"fr-FR"},{"@type":"Organization","@id":"https:\/\/restyling.exenia.eu\/#organization","name":"Exenia","url":"https:\/\/restyling.exenia.eu\/","logo":{"@type":"ImageObject","inLanguage":"fr-FR","@id":"https:\/\/restyling.exenia.eu\/#\/schema\/logo\/image\/","url":"https:\/\/restyling.exenia.eu\/wp-content\/uploads\/2022\/09\/logo_exenia-e1678467519405.png","contentUrl":"https:\/\/restyling.exenia.eu\/wp-content\/uploads\/2022\/09\/logo_exenia-e1678467519405.png","width":600,"height":194,"caption":"Exenia"},"image":{"@id":"https:\/\/restyling.exenia.eu\/#\/schema\/logo\/image\/"},"sameAs":["https:\/\/www.facebook.com\/exenialighting","https:\/\/x.com\/ExeniaLighting"]}]}},"_links":{"self":[{"href":"https:\/\/restyling.exenia.eu\/fr\/wp-json\/wp\/v2\/pages\/1362","targetHints":{"allow":["GET"]}}],"collection":[{"href":"https:\/\/restyling.exenia.eu\/fr\/wp-json\/wp\/v2\/pages"}],"about":[{"href":"https:\/\/restyling.exenia.eu\/fr\/wp-json\/wp\/v2\/types\/page"}],"author":[{"embeddable":true,"href":"https:\/\/restyling.exenia.eu\/fr\/wp-json\/wp\/v2\/users\/1"}],"replies":[{"embeddable":true,"href":"https:\/\/restyling.exenia.eu\/fr\/wp-json\/wp\/v2\/comments?post=1362"}],"version-history":[{"count":0,"href":"https:\/\/restyling.exenia.eu\/fr\/wp-json\/wp\/v2\/pages\/1362\/revisions"}],"wp:attachment":[{"href":"https:\/\/restyling.exenia.eu\/fr\/wp-json\/wp\/v2\/media?parent=1362"}],"curies":[{"name":"wp","href":"https:\/\/api.w.org\/{rel}","templated":true}]}}