{"id":26724,"date":"2022-09-16T12:23:28","date_gmt":"2022-09-16T10:23:28","guid":{"rendered":"https:\/\/www.exenia.eu\/sustainability\/"},"modified":"2024-09-13T16:47:26","modified_gmt":"2024-09-13T14:47:26","slug":"durabilite","status":"publish","type":"page","link":"https:\/\/restyling.exenia.eu\/fr\/durabilite\/","title":{"rendered":"Durabilit\u00e9"},"content":{"rendered":"\t\t<div data-elementor-type=\"wp-page\" data-elementor-id=\"26724\" class=\"elementor elementor-26724 elementor-511\" wpc-filter-elementor-widget=\"1\" data-elementor-post-type=\"page\">\n\t\t\t\t\t\t<section class=\"elementor-section elementor-top-section elementor-element elementor-element-9415229 elementor-section-full_width elementor-section-height-default elementor-section-height-default\" data-id=\"9415229\" data-element_type=\"section\" data-e-type=\"section\">\n\t\t\t\t\t\t<div class=\"elementor-container elementor-column-gap-default\">\n\t\t\t\t\t<div class=\"elementor-column elementor-col-100 elementor-top-column elementor-element elementor-element-4eed8f0\" data-id=\"4eed8f0\" data-element_type=\"column\" data-e-type=\"column\">\n\t\t\t<div class=\"elementor-widget-wrap elementor-element-populated\">\n\t\t\t\t\t\t<div class=\"elementor-element elementor-element-0dc2f1e elementor-widget elementor-widget-text-editor\" data-id=\"0dc2f1e\" data-element_type=\"widget\" data-e-type=\"widget\" data-widget_type=\"text-editor.default\">\n\t\t\t\t<div class=\"elementor-widget-container\">\n\t\t\t\t\t\t\t\t\t<p>At a time when the issue of climate change is becoming more and more pressing, <strong>Exenia<\/strong> bases its philosophy on <strong>sustainable development<\/strong> in which plants, equipment, workplaces and operating methods are implemented in a way that safeguards the health of workers and the community in which the company operates. The company&rsquo;s plant is set in an 800-square-metre green park where nature is a source of inspiration and an integral part of the design philosophy.<br \/>Working environments are designed to create shared, welcoming and relaxed spaces.<\/p>\t\t\t\t\t\t\t\t<\/div>\n\t\t\t\t<\/div>\n\t\t\t\t\t<\/div>\n\t\t<\/div>\n\t\t\t\t\t<\/div>\n\t\t<\/section>\n\t\t\t\t<section class=\"elementor-section elementor-top-section elementor-element elementor-element-8e95ce1 elementor-section-full_width elementor-section-height-default elementor-section-height-default\" data-id=\"8e95ce1\" data-element_type=\"section\" data-e-type=\"section\">\n\t\t\t\t\t\t<div class=\"elementor-container elementor-column-gap-default\">\n\t\t\t\t\t<div class=\"elementor-column elementor-col-25 elementor-top-column elementor-element elementor-element-8f93ae8\" data-id=\"8f93ae8\" data-element_type=\"column\" data-e-type=\"column\">\n\t\t\t<div class=\"elementor-widget-wrap elementor-element-populated\">\n\t\t\t\t\t\t<div class=\"elementor-element elementor-element-e0ebbbf elementor-widget elementor-widget-image\" data-id=\"e0ebbbf\" data-element_type=\"widget\" data-e-type=\"widget\" data-widget_type=\"image.default\">\n\t\t\t\t<div class=\"elementor-widget-container\">\n\t\t\t\t\t\t\t\t\t\t\t\t\t\t\t\t<a href=\"https:\/\/www.exenia.eu\/exenia-staging\/fr\/durabilite\/entreprise-durable\/\">\n\t\t\t\t\t\t\t<img decoding=\"async\" src=\"https:\/\/restyling.exenia.eu\/wp-content\/uploads\/elementor\/thumbs\/azienda-sostenibile-3-rmfih95bmt3m6dbgzufnq3bgro3aeb621ws0uz652e.jpg\" title=\"azienda-sostenibile-3\" alt=\"azienda-sostenibile-3\" loading=\"lazy\" \/>\t\t\t\t\t\t\t\t<\/a>\n\t\t\t\t\t\t\t\t\t\t\t\t\t\t\t<\/div>\n\t\t\t\t<\/div>\n\t\t\t\t\t<\/div>\n\t\t<\/div>\n\t\t\t\t<div class=\"elementor-column elementor-col-25 elementor-top-column elementor-element elementor-element-f60e3da\" data-id=\"f60e3da\" data-element_type=\"column\" data-e-type=\"column\">\n\t\t\t<div class=\"elementor-widget-wrap elementor-element-populated\">\n\t\t\t\t\t\t<div class=\"elementor-element elementor-element-63c8ad6 elementor-widget elementor-widget-image\" data-id=\"63c8ad6\" data-element_type=\"widget\" data-e-type=\"widget\" data-widget_type=\"image.default\">\n\t\t\t\t<div class=\"elementor-widget-container\">\n\t\t\t\t\t\t\t\t\t\t\t\t\t\t\t\t<a href=\"https:\/\/www.exenia.eu\/exenia-staging\/fr\/durabilite\/exenia-people\/\">\n\t\t\t\t\t\t\t<img decoding=\"async\" src=\"https:\/\/restyling.exenia.eu\/wp-content\/uploads\/elementor\/thumbs\/489_it_331b5_82177_exenia-people-copia-rmfiiy8tz1f950uq32ueq5wfdpq5amwlyb6l1ynjty.jpg\" title=\"489_it_331b5_82177_exenia-people-copia\" alt=\"https:\/\/restyling.exenia.eu\/sostenibilita\/exenia-people\/\" loading=\"lazy\" \/>\t\t\t\t\t\t\t\t<\/a>\n\t\t\t\t\t\t\t\t\t\t\t\t\t\t\t<\/div>\n\t\t\t\t<\/div>\n\t\t\t\t\t<\/div>\n\t\t<\/div>\n\t\t\t\t<div class=\"elementor-column elementor-col-25 elementor-top-column elementor-element elementor-element-c4006f0\" data-id=\"c4006f0\" data-element_type=\"column\" data-e-type=\"column\">\n\t\t\t<div class=\"elementor-widget-wrap elementor-element-populated\">\n\t\t\t\t\t\t<div class=\"elementor-element elementor-element-337c039 elementor-widget elementor-widget-image\" data-id=\"337c039\" data-element_type=\"widget\" data-e-type=\"widget\" data-widget_type=\"image.default\">\n\t\t\t\t<div class=\"elementor-widget-container\">\n\t\t\t\t\t\t\t\t\t\t\t\t\t\t\t\t<a href=\"https:\/\/www.exenia.eu\/exenia-staging\/fr\/durabilite\/economie-circulaire\/\">\n\t\t\t\t\t\t\t<img fetchpriority=\"high\" decoding=\"async\" width=\"582\" height=\"826\" src=\"https:\/\/restyling.exenia.eu\/wp-content\/uploads\/2023\/02\/economia-circolare-4.jpg\" class=\"attachment-large size-large wp-image-26733\" alt=\"\" srcset=\"https:\/\/restyling.exenia.eu\/wp-content\/uploads\/2023\/02\/economia-circolare-4.jpg 582w, https:\/\/restyling.exenia.eu\/wp-content\/uploads\/2023\/02\/economia-circolare-4-211x300.jpg 211w\" sizes=\"(max-width: 582px) 100vw, 582px\" \/>\t\t\t\t\t\t\t\t<\/a>\n\t\t\t\t\t\t\t\t\t\t\t\t\t\t\t<\/div>\n\t\t\t\t<\/div>\n\t\t\t\t\t<\/div>\n\t\t<\/div>\n\t\t\t\t<div class=\"elementor-column elementor-col-25 elementor-top-column elementor-element elementor-element-3bc3ca9\" data-id=\"3bc3ca9\" data-element_type=\"column\" data-e-type=\"column\">\n\t\t\t<div class=\"elementor-widget-wrap elementor-element-populated\">\n\t\t\t\t\t\t<div class=\"elementor-element elementor-element-1130e91 elementor-widget elementor-widget-image\" data-id=\"1130e91\" data-element_type=\"widget\" data-e-type=\"widget\" data-widget_type=\"image.default\">\n\t\t\t\t<div class=\"elementor-widget-container\">\n\t\t\t\t\t\t\t\t\t\t\t\t\t\t\t\t<a href=\"https:\/\/www.exenia.eu\/exenia-staging\/fr\/durabilite\/lighting-wellness\/\">\n\t\t\t\t\t\t\t<img decoding=\"async\" width=\"582\" height=\"826\" src=\"https:\/\/restyling.exenia.eu\/wp-content\/uploads\/2024\/09\/Lighting-Wellness.jpg\" class=\"attachment-large size-large wp-image-58370\" alt=\"\" srcset=\"https:\/\/restyling.exenia.eu\/wp-content\/uploads\/2024\/09\/Lighting-Wellness.jpg 582w, https:\/\/restyling.exenia.eu\/wp-content\/uploads\/2024\/09\/Lighting-Wellness-211x300.jpg 211w\" sizes=\"(max-width: 582px) 100vw, 582px\" \/>\t\t\t\t\t\t\t\t<\/a>\n\t\t\t\t\t\t\t\t\t\t\t\t\t\t\t<\/div>\n\t\t\t\t<\/div>\n\t\t\t\t\t<\/div>\n\t\t<\/div>\n\t\t\t\t\t<\/div>\n\t\t<\/section>\n\t\t\t\t<section class=\"elementor-section elementor-top-section elementor-element elementor-element-a58193d elementor-section-full_width elementor-section-height-default elementor-section-height-default\" data-id=\"a58193d\" data-element_type=\"section\" data-e-type=\"section\">\n\t\t\t\t\t\t<div class=\"elementor-container elementor-column-gap-default\">\n\t\t\t\t\t<div class=\"elementor-column elementor-col-100 elementor-top-column elementor-element elementor-element-a6ba9cb\" data-id=\"a6ba9cb\" data-element_type=\"column\" data-e-type=\"column\">\n\t\t\t<div class=\"elementor-widget-wrap elementor-element-populated\">\n\t\t\t\t\t\t<div class=\"elementor-element elementor-element-dce87f7 elementor-widget elementor-widget-text-editor\" data-id=\"dce87f7\" data-element_type=\"widget\" data-e-type=\"widget\" data-widget_type=\"text-editor.default\">\n\t\t\t\t<div class=\"elementor-widget-container\">\n\t\t\t\t\t\t\t\t\t<h2>Objectifs de d\u00e9veloppement durable des Nations unies<\/h2>\t\t\t\t\t\t\t\t<\/div>\n\t\t\t\t<\/div>\n\t\t\t\t\t<\/div>\n\t\t<\/div>\n\t\t\t\t\t<\/div>\n\t\t<\/section>\n\t\t\t\t<section class=\"elementor-section elementor-top-section elementor-element elementor-element-08ebaef elementor-section-full_width elementor-section-height-default elementor-section-height-default\" data-id=\"08ebaef\" data-element_type=\"section\" data-e-type=\"section\">\n\t\t\t\t\t\t<div class=\"elementor-container elementor-column-gap-default\">\n\t\t\t\t\t<div class=\"elementor-column elementor-col-50 elementor-top-column elementor-element elementor-element-393da83\" data-id=\"393da83\" data-element_type=\"column\" data-e-type=\"column\">\n\t\t\t<div class=\"elementor-widget-wrap elementor-element-populated\">\n\t\t\t\t\t\t<div class=\"elementor-element elementor-element-8bf1de9 elementor-widget elementor-widget-text-editor\" data-id=\"8bf1de9\" data-element_type=\"widget\" data-e-type=\"widget\" data-widget_type=\"text-editor.default\">\n\t\t\t\t<div class=\"elementor-widget-container\">\n\t\t\t\t\t\t\t\t\t<p>L&rsquo;Agenda 2030 pour le d\u00e9veloppement durable est un programme d&rsquo;action pour les personnes, la plan\u00e8te et la prosp\u00e9rit\u00e9. <strong>Exenia<\/strong> s&rsquo;engage \u00e0 respecter et \u00e0 suivre le chemin vers la r\u00e9alisation des objectifs de d\u00e9veloppement durable. Elle a \u00e9t\u00e9 sign\u00e9e en septembre 2015 par les gouvernements des 193 pays membres de l&rsquo;ONU. Elle int\u00e8gre 17 objectifs de d\u00e9veloppement durable &#8211; Sustainable Development Goals, SDG &#8211; dans un grand programme d&rsquo;action comprenant un total de 169 \u00ab\u00a0cibles\u00a0\u00bb ou objectifs. Le lancement officiel des Objectifs de d\u00e9veloppement durable a co\u00efncid\u00e9 avec le d\u00e9but de l&rsquo;ann\u00e9e 2016, guidant le monde sur le chemin \u00e0 parcourir au cours des 15 prochaines ann\u00e9es : les pays se sont engag\u00e9s \u00e0 les atteindre d&rsquo;ici 2030.<\/p>\t\t\t\t\t\t\t\t<\/div>\n\t\t\t\t<\/div>\n\t\t\t\t\t<\/div>\n\t\t<\/div>\n\t\t\t\t<div class=\"elementor-column elementor-col-50 elementor-top-column elementor-element elementor-element-d16d0b1\" data-id=\"d16d0b1\" data-element_type=\"column\" data-e-type=\"column\">\n\t\t\t<div class=\"elementor-widget-wrap elementor-element-populated\">\n\t\t\t\t\t\t<div class=\"elementor-element elementor-element-c45da18 elementor-widget elementor-widget-text-editor\" data-id=\"c45da18\" data-element_type=\"widget\" data-e-type=\"widget\" data-widget_type=\"text-editor.default\">\n\t\t\t\t<div class=\"elementor-widget-container\">\n\t\t\t\t\t\t\t\t\t<p>Les objectifs de d\u00e9veloppement s&rsquo;appuient sur les r\u00e9alisations des objectifs du mill\u00e9naire pour le d\u00e9veloppement qui les ont pr\u00e9c\u00e9d\u00e9s, et repr\u00e9sentent des objectifs communs sur un ensemble de questions de d\u00e9veloppement importantes : la lutte contre la pauvret\u00e9, l&rsquo;\u00e9radication de la faim et la lutte contre le changement climatique, pour n&rsquo;en citer que quelques-unes. L&rsquo;expression \u00ab\u00a0objectifs communs\u00a0\u00bb signifie qu&rsquo;ils concernent tous les pays et tous les individus : personne n&rsquo;est exclu, et personne ne doit \u00eatre laiss\u00e9 \u00e0 la tra\u00eene sur le chemin n\u00e9cessaire pour mettre le monde sur la voie de la durabilit\u00e9.<\/p>\t\t\t\t\t\t\t\t<\/div>\n\t\t\t\t<\/div>\n\t\t\t\t\t<\/div>\n\t\t<\/div>\n\t\t\t\t\t<\/div>\n\t\t<\/section>\n\t\t\t\t<section class=\"elementor-section elementor-top-section elementor-element elementor-element-6c6b0ef elementor-section-full_width elementor-section-height-default elementor-section-height-default\" data-id=\"6c6b0ef\" data-element_type=\"section\" data-e-type=\"section\">\n\t\t\t\t\t\t<div class=\"elementor-container elementor-column-gap-default\">\n\t\t\t\t\t<div class=\"elementor-column elementor-col-100 elementor-top-column elementor-element elementor-element-d08839b\" data-id=\"d08839b\" data-element_type=\"column\" data-e-type=\"column\">\n\t\t\t<div class=\"elementor-widget-wrap elementor-element-populated\">\n\t\t\t\t\t\t<div class=\"elementor-element elementor-element-fb23a2c elementor-widget elementor-widget-image\" data-id=\"fb23a2c\" data-element_type=\"widget\" data-e-type=\"widget\" data-widget_type=\"image.default\">\n\t\t\t\t<div class=\"elementor-widget-container\">\n\t\t\t\t\t\t\t\t\t\t\t\t\t\t\t\t<a href=\"https:\/\/www.exenia.eu\/exenia-staging\/wp-content\/uploads\/2022\/09\/495_it_af272_82186_eur-aktion-aktion-6-7374-67535-10-mediacockpit-2743662-67535.jpg\" data-elementor-open-lightbox=\"yes\" data-elementor-lightbox-title=\"495_it_af272_82186_eur-aktion-aktion-6-7374-67535-10-mediacockpit-2743662-67535\" data-e-action-hash=\"#elementor-action%3Aaction%3Dlightbox%26settings%3DeyJpZCI6IjU0MiIsInVybCI6Imh0dHBzOlwvXC9yZXN0eWxpbmcuZXhlbmlhLmV1XC93cC1jb250ZW50XC91cGxvYWRzXC8yMDIyXC8wOVwvNDk1X2l0X2FmMjcyXzgyMTg2X2V1ci1ha3Rpb24tYWt0aW9uLTYtNzM3NC02NzUzNS0xMC1tZWRpYWNvY2twaXQtMjc0MzY2Mi02NzUzNS5qcGcifQ%3D%3D\">\n\t\t\t\t\t\t\t<img decoding=\"async\" width=\"768\" height=\"512\" src=\"https:\/\/restyling.exenia.eu\/wp-content\/uploads\/2022\/09\/495_it_af272_82186_eur-aktion-aktion-6-7374-67535-10-mediacockpit-2743662-67535-768x512.jpg\" class=\"attachment-medium_large size-medium_large wp-image-542\" alt=\"\" srcset=\"https:\/\/restyling.exenia.eu\/wp-content\/uploads\/2022\/09\/495_it_af272_82186_eur-aktion-aktion-6-7374-67535-10-mediacockpit-2743662-67535-768x512.jpg 768w, https:\/\/restyling.exenia.eu\/wp-content\/uploads\/2022\/09\/495_it_af272_82186_eur-aktion-aktion-6-7374-67535-10-mediacockpit-2743662-67535-300x200.jpg 300w, https:\/\/restyling.exenia.eu\/wp-content\/uploads\/2022\/09\/495_it_af272_82186_eur-aktion-aktion-6-7374-67535-10-mediacockpit-2743662-67535-1024x683.jpg 1024w, https:\/\/restyling.exenia.eu\/wp-content\/uploads\/2022\/09\/495_it_af272_82186_eur-aktion-aktion-6-7374-67535-10-mediacockpit-2743662-67535.jpg 1204w\" sizes=\"(max-width: 768px) 100vw, 768px\" \/>\t\t\t\t\t\t\t\t<\/a>\n\t\t\t\t\t\t\t\t\t\t\t\t\t\t\t<\/div>\n\t\t\t\t<\/div>\n\t\t\t\t\t<\/div>\n\t\t<\/div>\n\t\t\t\t\t<\/div>\n\t\t<\/section>\n\t\t\t\t<\/div>\n\t\t","protected":false},"excerpt":{"rendered":"<p>At a time when the issue of climate change is&#8230;<\/p>\n","protected":false},"author":1,"featured_media":508,"parent":0,"menu_order":0,"comment_status":"closed","ping_status":"closed","template":"","meta":{"_acf_changed":false,"footnotes":""},"class_list":["post-26724","page","type-page","status-publish","has-post-thumbnail","hentry"],"acf":[],"yoast_head":"<!-- This site is optimized with the Yoast SEO plugin v27.5 - https:\/\/yoast.com\/product\/yoast-seo-wordpress\/ -->\n<title>Durabilit\u00e9 | Exenia<\/title>\n<meta name=\"robots\" content=\"noindex, follow, max-snippet:-1, max-image-preview:large, max-video-preview:-1\" \/>\n<meta property=\"og:locale\" content=\"fr_FR\" \/>\n<meta property=\"og:type\" content=\"article\" \/>\n<meta property=\"og:title\" content=\"Durabilit\u00e9 | Exenia\" \/>\n<meta property=\"og:description\" content=\"At a time when the issue of climate change is...\" \/>\n<meta property=\"og:url\" content=\"https:\/\/restyling.exenia.eu\/sostenibilita\/\" \/>\n<meta property=\"og:site_name\" content=\"Exenia\" \/>\n<meta property=\"article:publisher\" content=\"https:\/\/www.facebook.com\/exenialighting\" \/>\n<meta property=\"article:modified_time\" content=\"2024-09-13T14:47:26+00:00\" \/>\n<meta property=\"og:image\" content=\"https:\/\/restyling.exenia.eu\/wp-content\/uploads\/2023\/04\/Sustainability.jpg\" \/>\n\t<meta property=\"og:image:width\" content=\"800\" \/>\n\t<meta property=\"og:image:height\" content=\"533\" \/>\n\t<meta property=\"og:image:type\" content=\"image\/jpeg\" \/>\n<!-- \/ Yoast SEO plugin. -->","yoast_head_json":{"title":"Durabilit\u00e9 | Exenia","robots":{"index":"noindex","follow":"follow","max-snippet":"max-snippet:-1","max-image-preview":"max-image-preview:large","max-video-preview":"max-video-preview:-1"},"og_locale":"fr_FR","og_type":"article","og_title":"Durabilit\u00e9 | Exenia","og_description":"At a time when the issue of climate change is...","og_url":"https:\/\/restyling.exenia.eu\/sostenibilita\/","og_site_name":"Exenia","article_publisher":"https:\/\/www.facebook.com\/exenialighting","article_modified_time":"2024-09-13T14:47:26+00:00","og_image":[{"url":"https:\/\/restyling.exenia.eu\/wp-content\/uploads\/2023\/04\/Sustainability.jpg","width":800,"height":533,"type":"image\/jpeg"}],"schema":{"@context":"https:\/\/schema.org","@graph":[{"@type":"WebPage","@id":"https:\/\/restyling.exenia.eu\/sostenibilita\/","url":"https:\/\/restyling.exenia.eu\/sostenibilita\/","name":"Durabilit\u00e9 | Exenia","isPartOf":{"@id":"https:\/\/restyling.exenia.eu\/#website"},"primaryImageOfPage":{"@id":"https:\/\/restyling.exenia.eu\/sostenibilita\/#primaryimage"},"image":{"@id":"https:\/\/restyling.exenia.eu\/sostenibilita\/#primaryimage"},"thumbnailUrl":"https:\/\/restyling.exenia.eu\/wp-content\/uploads\/2023\/04\/Sustainability.jpg","datePublished":"2022-09-16T10:23:28+00:00","dateModified":"2024-09-13T14:47:26+00:00","breadcrumb":{"@id":"https:\/\/restyling.exenia.eu\/sostenibilita\/#breadcrumb"},"inLanguage":"fr-FR","potentialAction":[{"@type":"ReadAction","target":["https:\/\/restyling.exenia.eu\/sostenibilita\/"]}]},{"@type":"ImageObject","inLanguage":"fr-FR","@id":"https:\/\/restyling.exenia.eu\/sostenibilita\/#primaryimage","url":"https:\/\/restyling.exenia.eu\/wp-content\/uploads\/2023\/04\/Sustainability.jpg","contentUrl":"https:\/\/restyling.exenia.eu\/wp-content\/uploads\/2023\/04\/Sustainability.jpg","width":2560,"height":1707,"caption":"In un'epoca in cui il tema dei cambiamenti climatici diventa sempre pi\u00f9 pressante, Exenia fonda la sua filosofia sullo sviluppo sostenibile in cui impianti, attrezzature, luoghi di lavoro e metodi operativi sono realizzati in modo da salvaguardare la salute dei lavoratori e la comunit\u00e0 in cui l'azienda opera. Lo stabilimento aziendale \u00e8 immerso in un parco verde di 800 mq in cui la natura \u00e8 fonte di ispirazione e parte integrante della filosofia progettuale. Gli ambienti di lavoro sono studiati per creare spazi condivisi, accoglienti e rilassati."},{"@type":"BreadcrumbList","@id":"https:\/\/restyling.exenia.eu\/sostenibilita\/#breadcrumb","itemListElement":[{"@type":"ListItem","position":1,"name":"Home","item":"https:\/\/restyling.exenia.eu\/"},{"@type":"ListItem","position":2,"name":"Durabilit\u00e9"}]},{"@type":"WebSite","@id":"https:\/\/restyling.exenia.eu\/#website","url":"https:\/\/restyling.exenia.eu\/","name":"Exenia","description":"","publisher":{"@id":"https:\/\/restyling.exenia.eu\/#organization"},"potentialAction":[{"@type":"SearchAction","target":{"@type":"EntryPoint","urlTemplate":"https:\/\/restyling.exenia.eu\/?s={search_term_string}"},"query-input":{"@type":"PropertyValueSpecification","valueRequired":true,"valueName":"search_term_string"}}],"inLanguage":"fr-FR"},{"@type":"Organization","@id":"https:\/\/restyling.exenia.eu\/#organization","name":"Exenia","url":"https:\/\/restyling.exenia.eu\/","logo":{"@type":"ImageObject","inLanguage":"fr-FR","@id":"https:\/\/restyling.exenia.eu\/#\/schema\/logo\/image\/","url":"https:\/\/restyling.exenia.eu\/wp-content\/uploads\/2022\/09\/logo_exenia-e1678467519405.png","contentUrl":"https:\/\/restyling.exenia.eu\/wp-content\/uploads\/2022\/09\/logo_exenia-e1678467519405.png","width":600,"height":194,"caption":"Exenia"},"image":{"@id":"https:\/\/restyling.exenia.eu\/#\/schema\/logo\/image\/"},"sameAs":["https:\/\/www.facebook.com\/exenialighting","https:\/\/x.com\/ExeniaLighting"]}]}},"_links":{"self":[{"href":"https:\/\/restyling.exenia.eu\/fr\/wp-json\/wp\/v2\/pages\/26724","targetHints":{"allow":["GET"]}}],"collection":[{"href":"https:\/\/restyling.exenia.eu\/fr\/wp-json\/wp\/v2\/pages"}],"about":[{"href":"https:\/\/restyling.exenia.eu\/fr\/wp-json\/wp\/v2\/types\/page"}],"author":[{"embeddable":true,"href":"https:\/\/restyling.exenia.eu\/fr\/wp-json\/wp\/v2\/users\/1"}],"replies":[{"embeddable":true,"href":"https:\/\/restyling.exenia.eu\/fr\/wp-json\/wp\/v2\/comments?post=26724"}],"version-history":[{"count":0,"href":"https:\/\/restyling.exenia.eu\/fr\/wp-json\/wp\/v2\/pages\/26724\/revisions"}],"wp:featuredmedia":[{"embeddable":true,"href":"https:\/\/restyling.exenia.eu\/fr\/wp-json\/wp\/v2\/media\/508"}],"wp:attachment":[{"href":"https:\/\/restyling.exenia.eu\/fr\/wp-json\/wp\/v2\/media?parent=26724"}],"curies":[{"name":"wp","href":"https:\/\/api.w.org\/{rel}","templated":true}]}}