{"id":26776,"date":"2023-02-09T17:05:51","date_gmt":"2023-02-09T16:05:51","guid":{"rendered":"https:\/\/www.exenia.eu\/durabilite\/sustainable-company\/"},"modified":"2023-02-10T16:52:19","modified_gmt":"2023-02-10T15:52:19","slug":"entreprise-durable","status":"publish","type":"page","link":"https:\/\/restyling.exenia.eu\/fr\/durabilite\/entreprise-durable\/","title":{"rendered":"Entreprise durable"},"content":{"rendered":"\t\t<div data-elementor-type=\"wp-page\" data-elementor-id=\"26776\" class=\"elementor elementor-26776 elementor-25953\" wpc-filter-elementor-widget=\"1\" data-elementor-post-type=\"page\">\n\t\t\t\t\t\t<section class=\"elementor-section elementor-top-section elementor-element elementor-element-18a4bfb elementor-section-full_width elementor-section-height-default elementor-section-height-default\" data-id=\"18a4bfb\" data-element_type=\"section\" data-e-type=\"section\">\n\t\t\t\t\t\t<div class=\"elementor-container elementor-column-gap-default\">\n\t\t\t\t\t<div class=\"elementor-column elementor-col-50 elementor-top-column elementor-element elementor-element-2c3ef64\" data-id=\"2c3ef64\" data-element_type=\"column\" data-e-type=\"column\">\n\t\t\t<div class=\"elementor-widget-wrap elementor-element-populated\">\n\t\t\t\t\t\t<div class=\"elementor-element elementor-element-3d207a8 elementor-widget elementor-widget-image\" data-id=\"3d207a8\" data-element_type=\"widget\" data-e-type=\"widget\" data-widget_type=\"image.default\">\n\t\t\t\t<div class=\"elementor-widget-container\">\n\t\t\t\t\t\t\t\t\t\t\t\t\t\t\t<img fetchpriority=\"high\" decoding=\"async\" width=\"300\" height=\"185\" src=\"https:\/\/restyling.exenia.eu\/wp-content\/uploads\/2023\/02\/banner1-300x185.jpg\" class=\"attachment-medium size-medium wp-image-25961\" alt=\"\" srcset=\"https:\/\/restyling.exenia.eu\/wp-content\/uploads\/2023\/02\/banner1-300x185.jpg 300w, https:\/\/restyling.exenia.eu\/wp-content\/uploads\/2023\/02\/banner1.jpg 582w\" sizes=\"(max-width: 300px) 100vw, 300px\" \/>\t\t\t\t\t\t\t\t\t\t\t\t\t\t\t<\/div>\n\t\t\t\t<\/div>\n\t\t\t\t\t<\/div>\n\t\t<\/div>\n\t\t\t\t<div class=\"elementor-column elementor-col-50 elementor-top-column elementor-element elementor-element-7161f9f\" data-id=\"7161f9f\" data-element_type=\"column\" data-e-type=\"column\">\n\t\t\t<div class=\"elementor-widget-wrap elementor-element-populated\">\n\t\t\t\t\t\t<div class=\"elementor-element elementor-element-250bc44 elementor-widget elementor-widget-image\" data-id=\"250bc44\" data-element_type=\"widget\" data-e-type=\"widget\" data-widget_type=\"image.default\">\n\t\t\t\t<div class=\"elementor-widget-container\">\n\t\t\t\t\t\t\t\t\t\t\t\t\t\t\t<img decoding=\"async\" width=\"300\" height=\"185\" src=\"https:\/\/restyling.exenia.eu\/wp-content\/uploads\/2023\/02\/banner1-hover-300x185.jpg\" class=\"attachment-medium size-medium wp-image-25981\" alt=\"\" srcset=\"https:\/\/restyling.exenia.eu\/wp-content\/uploads\/2023\/02\/banner1-hover-300x185.jpg 300w, https:\/\/restyling.exenia.eu\/wp-content\/uploads\/2023\/02\/banner1-hover.jpg 582w\" sizes=\"(max-width: 300px) 100vw, 300px\" \/>\t\t\t\t\t\t\t\t\t\t\t\t\t\t\t<\/div>\n\t\t\t\t<\/div>\n\t\t\t\t\t<\/div>\n\t\t<\/div>\n\t\t\t\t\t<\/div>\n\t\t<\/section>\n\t\t\t\t<section class=\"elementor-section elementor-top-section elementor-element elementor-element-bfc7747 elementor-section-full_width elementor-section-height-default elementor-section-height-default\" data-id=\"bfc7747\" data-element_type=\"section\" data-e-type=\"section\">\n\t\t\t\t\t\t<div class=\"elementor-container elementor-column-gap-default\">\n\t\t\t\t\t<div class=\"elementor-column elementor-col-50 elementor-top-column elementor-element elementor-element-64d7bd1\" data-id=\"64d7bd1\" data-element_type=\"column\" data-e-type=\"column\">\n\t\t\t<div class=\"elementor-widget-wrap elementor-element-populated\">\n\t\t\t\t\t\t<div class=\"elementor-element elementor-element-fd0a680 elementor-widget elementor-widget-text-editor\" data-id=\"fd0a680\" data-element_type=\"widget\" data-e-type=\"widget\" data-widget_type=\"text-editor.default\">\n\t\t\t\t<div class=\"elementor-widget-container\">\n\t\t\t\t\t\t\t\t\t<div><div class=\"block__rich-text\"><p><strong>Panneaux photovolta\u00efques<br \/><br \/><\/strong>La production d&rsquo;\u00e9lectricit\u00e9 \u00e0 partir de sources renouvelables telles que les <strong>panneaux photovolta\u00efques<\/strong>, a un impact extr\u00eamement positif sur l&rsquo;environnement. L&rsquo;utilisation d&rsquo;un tel syst\u00e8me conduit \u00e0 la durabilit\u00e9 environnementale en produisant de l&rsquo;\u00e9nergie de mani\u00e8re propre et <strong>sans aucune \u00e9mission<\/strong>.<br \/><strong>Exenia<\/strong> est fi\u00e8re d&rsquo;avoir r\u00e9duit ses \u00e9missions de CO2 de 286 397,52 t gr\u00e2ce \u00e0 l&rsquo;utilisation de panneaux photovolta\u00efques qui couvrent le toit de l&rsquo;entreprise, ce qui nous permet d&rsquo;\u00eatre ind\u00e9pendants en produisant notre propre \u00e9nergie.<br \/>Nous voulons assurer l&rsquo;engagement de l&rsquo;entreprise dans le d\u00e9veloppement d&rsquo;une industrie solaire durable gr\u00e2ce \u00e0 des <strong>technologies circulaires<\/strong> saines, vers une am\u00e9lioration continue de la qualit\u00e9 et le respect de l&rsquo;environnement.<br \/>Nous devons toujours nous rappeler que la protection de la plan\u00e8te est une bataille collective, dans laquelle nous sommes tous impliqu\u00e9s.<\/p><p><strong>Colonnes d&rsquo;\u00e9lectricit\u00e9<br \/><br \/><\/strong>Pour une mobilit\u00e9 durable, Exenia dispose de stations de recharge dans ses locaux, accessibles \u00e0 tout employ\u00e9 ou client qui en a besoin.<strong><br \/><\/strong>La mobilit\u00e9 \u00e9lectrique est de plus en plus d&rsquo;actualit\u00e9 et nous avons voulu contribuer \u00e0 offrir ce type de service.<\/p><\/div><\/div>\t\t\t\t\t\t\t\t<\/div>\n\t\t\t\t<\/div>\n\t\t\t\t\t<\/div>\n\t\t<\/div>\n\t\t\t\t<div class=\"elementor-column elementor-col-50 elementor-top-column elementor-element elementor-element-6ed4d04\" data-id=\"6ed4d04\" data-element_type=\"column\" data-e-type=\"column\">\n\t\t\t<div class=\"elementor-widget-wrap elementor-element-populated\">\n\t\t\t\t\t\t<div class=\"elementor-element elementor-element-a068164 elementor-widget elementor-widget-text-editor\" data-id=\"a068164\" data-element_type=\"widget\" data-e-type=\"widget\" data-widget_type=\"text-editor.default\">\n\t\t\t\t<div class=\"elementor-widget-container\">\n\t\t\t\t\t\t\t\t\t<p><strong>\u00c9limination des d\u00e9chets, eau<\/strong><\/p>\n<p>Outre les d\u00e9chets sp\u00e9ciaux strictement li\u00e9s aux activit\u00e9s de production, nous accordons une attention particuli\u00e8re \u00e0 la mani\u00e8re correcte d&rsquo;\u00e9liminer certains types de d\u00e9chets produits en quantit\u00e9 dans tout bureau, comme le toner ou d&rsquo;autres consommables usag\u00e9s.<br>Exenia est conscient que savoir comment trier les d\u00e9chets au bureau et sur le lieu de travail n&rsquo;est que la premi\u00e8re \u00e9tape du processus de gestion des d\u00e9chets. Une \u00e9tape importante est le choix des <strong>fournitures de mat\u00e9riaux recyclables<\/strong>, afin de r\u00e9duire la quantit\u00e9 de d\u00e9chets indiff\u00e9renci\u00e9s et non valorisables en augmentant le recyclage selon les principes de l&rsquo;\u00e9conomie circulaire.<\/p>\n<p><strong>ISO 9001:2015<\/strong><\/p>\n<p>La certification ISO 9001:2015 aide les organisations \u00e0 d\u00e9velopper et \u00e0 am\u00e9liorer leurs performances, ainsi qu&rsquo;\u00e0 d\u00e9montrer des niveaux \u00e9lev\u00e9s de qualit\u00e9 de service aux clients potentiels. &nbsp;Elle offre une plus grande visibilit\u00e9 et une plus grande transparence aux march\u00e9s cibles, et est souvent exig\u00e9 comme condition pr\u00e9alable ou comme exigence pr\u00e9f\u00e9r\u00e9e dans les appels d&rsquo;offres. Elle permet un meilleur contr\u00f4le des co\u00fbts, une r\u00e9duction des d\u00e9chets, une augmentation de la productivit\u00e9 et de l&rsquo;efficacit\u00e9 des processus internes, ce qui r\u00e9duit les inefficacit\u00e9s. Elle accro\u00eet la capacit\u00e9 \u00e0 r\u00e9pondre aux besoins et aux attentes de ses clients gr\u00e2ce \u00e0 une meilleure connaissance et un meilleur contr\u00f4le de l&rsquo;entreprise.<\/p>\n<p><b>ISO 14001:2015<\/b><\/p>\n<p>La norme ISO 14001 est reconnue au niveau international comme la r\u00e9f\u00e9rence en mati\u00e8re de syst\u00e8mes de gestion environnementale. Il fournit un cadre de gestion pour l&rsquo;int\u00e9gration des pratiques de gestion environnementale, en poursuivant la protection de l&rsquo;environnement, la pr\u00e9vention de la pollution et la r\u00e9duction de la consommation d&rsquo;\u00e9nergie et de ressources. La norme ISO 14001 ne prescrit pas de crit\u00e8res sp\u00e9cifiques de performance environnementale en soi, mais s&rsquo;applique aux aspects environnementaux que l&rsquo;organisation identifie comme \u00e9tant ceux qu&rsquo;elle peut contr\u00f4ler et ceux sur lesquels elle peut exercer une influence.<\/p>\t\t\t\t\t\t\t\t<\/div>\n\t\t\t\t<\/div>\n\t\t\t\t\t<\/div>\n\t\t<\/div>\n\t\t\t\t\t<\/div>\n\t\t<\/section>\n\t\t\t\t<\/div>\n\t\t","protected":false},"excerpt":{"rendered":"<p>Panneaux photovolta\u00efques La production d&rsquo;\u00e9lectricit\u00e9 \u00e0 partir de sources renouvelables&#8230;<\/p>\n","protected":false},"author":1,"featured_media":25956,"parent":26724,"menu_order":0,"comment_status":"closed","ping_status":"closed","template":"","meta":{"_acf_changed":false,"footnotes":""},"class_list":["post-26776","page","type-page","status-publish","has-post-thumbnail","hentry"],"acf":[],"yoast_head":"<!-- This site is optimized with the Yoast SEO plugin v27.4 - https:\/\/yoast.com\/product\/yoast-seo-wordpress\/ -->\n<title>Entreprise durable | Exenia<\/title>\n<meta name=\"robots\" content=\"noindex, follow, max-snippet:-1, max-image-preview:large, max-video-preview:-1\" \/>\n<meta property=\"og:locale\" content=\"fr_FR\" \/>\n<meta property=\"og:type\" content=\"article\" \/>\n<meta property=\"og:title\" content=\"Entreprise durable | Exenia\" \/>\n<meta property=\"og:description\" content=\"Panneaux photovolta\u00efques La production d&rsquo;\u00e9lectricit\u00e9 \u00e0 partir de sources renouvelables...\" \/>\n<meta property=\"og:url\" content=\"https:\/\/restyling.exenia.eu\/sostenibilita\/azienda-sostenibile\/\" \/>\n<meta property=\"og:site_name\" content=\"Exenia\" \/>\n<meta property=\"article:publisher\" content=\"https:\/\/www.facebook.com\/exenialighting\" \/>\n<meta property=\"article:modified_time\" content=\"2023-02-10T15:52:19+00:00\" \/>\n<meta property=\"og:image\" content=\"https:\/\/restyling.exenia.eu\/wp-content\/uploads\/2023\/02\/pannelli.jpeg\" \/>\n\t<meta property=\"og:image:width\" content=\"2408\" \/>\n\t<meta property=\"og:image:height\" content=\"1806\" \/>\n\t<meta property=\"og:image:type\" content=\"image\/jpeg\" \/>\n<!-- \/ Yoast SEO plugin. -->","yoast_head_json":{"title":"Entreprise durable | Exenia","robots":{"index":"noindex","follow":"follow","max-snippet":"max-snippet:-1","max-image-preview":"max-image-preview:large","max-video-preview":"max-video-preview:-1"},"og_locale":"fr_FR","og_type":"article","og_title":"Entreprise durable | Exenia","og_description":"Panneaux photovolta\u00efques La production d&rsquo;\u00e9lectricit\u00e9 \u00e0 partir de sources renouvelables...","og_url":"https:\/\/restyling.exenia.eu\/sostenibilita\/azienda-sostenibile\/","og_site_name":"Exenia","article_publisher":"https:\/\/www.facebook.com\/exenialighting","article_modified_time":"2023-02-10T15:52:19+00:00","og_image":[{"width":2408,"height":1806,"url":"https:\/\/restyling.exenia.eu\/wp-content\/uploads\/2023\/02\/pannelli.jpeg","type":"image\/jpeg"}],"schema":{"@context":"https:\/\/schema.org","@graph":[{"@type":"WebPage","@id":"https:\/\/restyling.exenia.eu\/sostenibilita\/azienda-sostenibile\/","url":"https:\/\/restyling.exenia.eu\/sostenibilita\/azienda-sostenibile\/","name":"Entreprise durable | Exenia","isPartOf":{"@id":"https:\/\/restyling.exenia.eu\/#website"},"primaryImageOfPage":{"@id":"https:\/\/restyling.exenia.eu\/sostenibilita\/azienda-sostenibile\/#primaryimage"},"image":{"@id":"https:\/\/restyling.exenia.eu\/sostenibilita\/azienda-sostenibile\/#primaryimage"},"thumbnailUrl":"https:\/\/restyling.exenia.eu\/wp-content\/uploads\/2023\/02\/pannelli.jpeg","datePublished":"2023-02-09T16:05:51+00:00","dateModified":"2023-02-10T15:52:19+00:00","breadcrumb":{"@id":"https:\/\/restyling.exenia.eu\/sostenibilita\/azienda-sostenibile\/#breadcrumb"},"inLanguage":"fr-FR","potentialAction":[{"@type":"ReadAction","target":["https:\/\/restyling.exenia.eu\/sostenibilita\/azienda-sostenibile\/"]}]},{"@type":"ImageObject","inLanguage":"fr-FR","@id":"https:\/\/restyling.exenia.eu\/sostenibilita\/azienda-sostenibile\/#primaryimage","url":"https:\/\/restyling.exenia.eu\/wp-content\/uploads\/2023\/02\/pannelli.jpeg","contentUrl":"https:\/\/restyling.exenia.eu\/wp-content\/uploads\/2023\/02\/pannelli.jpeg","width":2408,"height":1806},{"@type":"BreadcrumbList","@id":"https:\/\/restyling.exenia.eu\/sostenibilita\/azienda-sostenibile\/#breadcrumb","itemListElement":[{"@type":"ListItem","position":1,"name":"Home","item":"https:\/\/restyling.exenia.eu\/"},{"@type":"ListItem","position":2,"name":"Durabilit\u00e9","item":"https:\/\/restyling.exenia.eu\/sostenibilita\/"},{"@type":"ListItem","position":3,"name":"Entreprise durable"}]},{"@type":"WebSite","@id":"https:\/\/restyling.exenia.eu\/#website","url":"https:\/\/restyling.exenia.eu\/","name":"Exenia","description":"","publisher":{"@id":"https:\/\/restyling.exenia.eu\/#organization"},"potentialAction":[{"@type":"SearchAction","target":{"@type":"EntryPoint","urlTemplate":"https:\/\/restyling.exenia.eu\/?s={search_term_string}"},"query-input":{"@type":"PropertyValueSpecification","valueRequired":true,"valueName":"search_term_string"}}],"inLanguage":"fr-FR"},{"@type":"Organization","@id":"https:\/\/restyling.exenia.eu\/#organization","name":"Exenia","url":"https:\/\/restyling.exenia.eu\/","logo":{"@type":"ImageObject","inLanguage":"fr-FR","@id":"https:\/\/restyling.exenia.eu\/#\/schema\/logo\/image\/","url":"https:\/\/restyling.exenia.eu\/wp-content\/uploads\/2022\/09\/logo_exenia-e1678467519405.png","contentUrl":"https:\/\/restyling.exenia.eu\/wp-content\/uploads\/2022\/09\/logo_exenia-e1678467519405.png","width":600,"height":194,"caption":"Exenia"},"image":{"@id":"https:\/\/restyling.exenia.eu\/#\/schema\/logo\/image\/"},"sameAs":["https:\/\/www.facebook.com\/exenialighting","https:\/\/x.com\/ExeniaLighting"]}]}},"_links":{"self":[{"href":"https:\/\/restyling.exenia.eu\/fr\/wp-json\/wp\/v2\/pages\/26776","targetHints":{"allow":["GET"]}}],"collection":[{"href":"https:\/\/restyling.exenia.eu\/fr\/wp-json\/wp\/v2\/pages"}],"about":[{"href":"https:\/\/restyling.exenia.eu\/fr\/wp-json\/wp\/v2\/types\/page"}],"author":[{"embeddable":true,"href":"https:\/\/restyling.exenia.eu\/fr\/wp-json\/wp\/v2\/users\/1"}],"replies":[{"embeddable":true,"href":"https:\/\/restyling.exenia.eu\/fr\/wp-json\/wp\/v2\/comments?post=26776"}],"version-history":[{"count":0,"href":"https:\/\/restyling.exenia.eu\/fr\/wp-json\/wp\/v2\/pages\/26776\/revisions"}],"up":[{"embeddable":true,"href":"https:\/\/restyling.exenia.eu\/fr\/wp-json\/wp\/v2\/pages\/26724"}],"wp:featuredmedia":[{"embeddable":true,"href":"https:\/\/restyling.exenia.eu\/fr\/wp-json\/wp\/v2\/media\/25956"}],"wp:attachment":[{"href":"https:\/\/restyling.exenia.eu\/fr\/wp-json\/wp\/v2\/media?parent=26776"}],"curies":[{"name":"wp","href":"https:\/\/api.w.org\/{rel}","templated":true}]}}