{"id":26830,"date":"2023-02-09T17:46:26","date_gmt":"2023-02-09T16:46:26","guid":{"rendered":"https:\/\/www.exenia.eu\/durabilite\/economia-circolare\/"},"modified":"2023-03-10T10:51:03","modified_gmt":"2023-03-10T09:51:03","slug":"economie-circulaire","status":"publish","type":"page","link":"https:\/\/restyling.exenia.eu\/fr\/durabilite\/economie-circulaire\/","title":{"rendered":"\u00c9conomie circulaire"},"content":{"rendered":"\t\t<div data-elementor-type=\"wp-page\" data-elementor-id=\"26830\" class=\"elementor elementor-26830 elementor-26040\" wpc-filter-elementor-widget=\"1\" data-elementor-post-type=\"page\">\n\t\t\t\t\t\t<section class=\"elementor-section elementor-top-section elementor-element elementor-element-3019e9a elementor-section-boxed elementor-section-height-default elementor-section-height-default\" data-id=\"3019e9a\" data-element_type=\"section\" data-e-type=\"section\">\n\t\t\t\t\t\t<div class=\"elementor-container elementor-column-gap-default\">\n\t\t\t\t\t<div class=\"elementor-column elementor-col-100 elementor-top-column elementor-element elementor-element-48c581d\" data-id=\"48c581d\" data-element_type=\"column\" data-e-type=\"column\">\n\t\t\t<div class=\"elementor-widget-wrap elementor-element-populated\">\n\t\t\t\t\t\t<div class=\"elementor-element elementor-element-068f0cb elementor-widget elementor-widget-image\" data-id=\"068f0cb\" data-element_type=\"widget\" data-e-type=\"widget\" data-widget_type=\"image.default\">\n\t\t\t\t<div class=\"elementor-widget-container\">\n\t\t\t\t\t\t\t\t\t\t\t\t\t\t\t<img fetchpriority=\"high\" decoding=\"async\" width=\"300\" height=\"185\" src=\"https:\/\/restyling.exenia.eu\/wp-content\/uploads\/2023\/02\/banner-circolare-300x185.jpg\" class=\"attachment-medium size-medium wp-image-26042\" alt=\"\" srcset=\"https:\/\/restyling.exenia.eu\/wp-content\/uploads\/2023\/02\/banner-circolare-300x185.jpg 300w, https:\/\/restyling.exenia.eu\/wp-content\/uploads\/2023\/02\/banner-circolare.jpg 582w\" sizes=\"(max-width: 300px) 100vw, 300px\" \/>\t\t\t\t\t\t\t\t\t\t\t\t\t\t\t<\/div>\n\t\t\t\t<\/div>\n\t\t\t\t\t<\/div>\n\t\t<\/div>\n\t\t\t\t\t<\/div>\n\t\t<\/section>\n\t\t\t\t<section class=\"elementor-section elementor-top-section elementor-element elementor-element-96e9887 elementor-section-boxed elementor-section-height-default elementor-section-height-default\" data-id=\"96e9887\" data-element_type=\"section\" data-e-type=\"section\">\n\t\t\t\t\t\t<div class=\"elementor-container elementor-column-gap-default\">\n\t\t\t\t\t<div class=\"elementor-column elementor-col-100 elementor-top-column elementor-element elementor-element-8efaf3c\" data-id=\"8efaf3c\" data-element_type=\"column\" data-e-type=\"column\">\n\t\t\t<div class=\"elementor-widget-wrap elementor-element-populated\">\n\t\t\t\t\t\t<div class=\"elementor-element elementor-element-eb5fbc7 elementor-widget elementor-widget-image\" data-id=\"eb5fbc7\" data-element_type=\"widget\" data-e-type=\"widget\" data-widget_type=\"image.default\">\n\t\t\t\t<div class=\"elementor-widget-container\">\n\t\t\t\t\t\t\t\t\t\t\t\t\t\t\t\t<a href=\"https:\/\/www.exenia.eu\/exenia-staging\/wp-content\/uploads\/2023\/02\/banner_circolare2.jpg\" data-elementor-open-lightbox=\"yes\" data-elementor-lightbox-title=\"banner_circolare2\" data-e-action-hash=\"#elementor-action%3Aaction%3Dlightbox%26settings%3DeyJpZCI6MjYwNDcsInVybCI6Imh0dHBzOlwvXC9yZXN0eWxpbmcuZXhlbmlhLmV1XC93cC1jb250ZW50XC91cGxvYWRzXC8yMDIzXC8wMlwvYmFubmVyX2NpcmNvbGFyZTIuanBnIn0%3D\">\n\t\t\t\t\t\t\t<img decoding=\"async\" width=\"768\" height=\"768\" src=\"https:\/\/restyling.exenia.eu\/wp-content\/uploads\/2023\/02\/banner_circolare2-768x768.jpg\" class=\"attachment-medium_large size-medium_large wp-image-26047\" alt=\"\" srcset=\"https:\/\/restyling.exenia.eu\/wp-content\/uploads\/2023\/02\/banner_circolare2-768x768.jpg 768w, https:\/\/restyling.exenia.eu\/wp-content\/uploads\/2023\/02\/banner_circolare2-300x300.jpg 300w, https:\/\/restyling.exenia.eu\/wp-content\/uploads\/2023\/02\/banner_circolare2-1024x1024.jpg 1024w, https:\/\/restyling.exenia.eu\/wp-content\/uploads\/2023\/02\/banner_circolare2-150x150.jpg 150w, https:\/\/restyling.exenia.eu\/wp-content\/uploads\/2023\/02\/banner_circolare2-1536x1536.jpg 1536w, https:\/\/restyling.exenia.eu\/wp-content\/uploads\/2023\/02\/banner_circolare2-2048x2048.jpg 2048w\" sizes=\"(max-width: 768px) 100vw, 768px\" \/>\t\t\t\t\t\t\t\t<\/a>\n\t\t\t\t\t\t\t\t\t\t\t\t\t\t\t<\/div>\n\t\t\t\t<\/div>\n\t\t\t\t\t<\/div>\n\t\t<\/div>\n\t\t\t\t\t<\/div>\n\t\t<\/section>\n\t\t\t\t<section class=\"elementor-section elementor-top-section elementor-element elementor-element-48ec7a4 elementor-section-full_width elementor-section-height-default elementor-section-height-default\" data-id=\"48ec7a4\" data-element_type=\"section\" data-e-type=\"section\">\n\t\t\t\t\t\t<div class=\"elementor-container elementor-column-gap-default\">\n\t\t\t\t\t<div class=\"elementor-column elementor-col-50 elementor-top-column elementor-element elementor-element-66abdfc\" data-id=\"66abdfc\" data-element_type=\"column\" data-e-type=\"column\">\n\t\t\t<div class=\"elementor-widget-wrap elementor-element-populated\">\n\t\t\t\t\t\t<div class=\"elementor-element elementor-element-a3fbc7c elementor-widget elementor-widget-text-editor\" data-id=\"a3fbc7c\" data-element_type=\"widget\" data-e-type=\"widget\" data-widget_type=\"text-editor.default\">\n\t\t\t\t<div class=\"elementor-widget-container\">\n\t\t\t\t\t\t\t\t\t<p>La production de nos luminaires est guid\u00e9e par le principe de l&rsquo;\u00e9conomie circulaire. De l&rsquo;approvisionnement responsable en mati\u00e8res premi\u00e8res \u00e0 l&rsquo;\u00e9limination conform\u00e9ment \u00e0 la directive DEEE et \u00e0 la recyclabilit\u00e9 de nos luminaires. Cette approche nous permet de rendre notre production encore plus durable et neutre en <strong>CO2<\/strong> \u00e0 long terme.<br \/>Toujours en ce qui concerne nos emballages, gr\u00e2ce \u00e0 l&rsquo;utilisation du carton, nous prot\u00e9geons l&rsquo;environnement en r\u00e9duisant les d\u00e9chets de traitement et en am\u00e9liorant la qualit\u00e9 de vie tout en respectant l&rsquo;homme et l&rsquo;\u00e9cosyst\u00e8me.<br \/>Notre objectif est de prolonger le cycle de vie de nos produits en contribuant \u00e0 r\u00e9duire les d\u00e9chets. Ce processus commencera par la recherche et le d\u00e9veloppement, qui concevront et dessineront de nouveaux produits afin qu&rsquo;ils soient plus durables, que les composants qui les composent soient facilement rempla\u00e7ables par le client final et qu&rsquo;ils puissent \u00eatre \u00e9limin\u00e9s conform\u00e9ment aux instructions figurant sur le produit lui-m\u00eame, ce qui favorisera le reconditionnement et la r\u00e9paration.<\/p>\t\t\t\t\t\t\t\t<\/div>\n\t\t\t\t<\/div>\n\t\t\t\t\t<\/div>\n\t\t<\/div>\n\t\t\t\t<div class=\"elementor-column elementor-col-50 elementor-top-column elementor-element elementor-element-0d5dec1\" data-id=\"0d5dec1\" data-element_type=\"column\" data-e-type=\"column\">\n\t\t\t<div class=\"elementor-widget-wrap elementor-element-populated\">\n\t\t\t\t\t\t<div class=\"elementor-element elementor-element-28eadc9 elementor-widget elementor-widget-text-editor\" data-id=\"28eadc9\" data-element_type=\"widget\" data-e-type=\"widget\" data-widget_type=\"text-editor.default\">\n\t\t\t\t<div class=\"elementor-widget-container\">\n\t\t\t\t\t\t\t\t\t<p>Afin de disposer d&rsquo;une cha\u00eene d&rsquo;approvisionnement durable, <strong>85%<\/strong> des composants qui constituent les produits proviennent de fournisseurs nationaux, ce qui r\u00e9duit l&rsquo;impact des \u00e9missions de CO2 dans l&rsquo;atmosph\u00e8re.<br \/>Exenia adh\u00e8re au consortium de cat\u00e9gorie <strong>Ecolight<\/strong> pour la gestion des d\u00e9chets d&rsquo;entreprise et pour les d\u00e9clarations DEEE, et \u00e0 la directive <strong>Ecodesign<\/strong> du secteur en affichant les symboles requis par la r\u00e9glementation sur les \u00e9tiquettes d&#8217;emballage des produits.\u00a0<\/p>\t\t\t\t\t\t\t\t<\/div>\n\t\t\t\t<\/div>\n\t\t\t\t\t<\/div>\n\t\t<\/div>\n\t\t\t\t\t<\/div>\n\t\t<\/section>\n\t\t\t\t<\/div>\n\t\t","protected":false},"excerpt":{"rendered":"<p>La production de nos luminaires est guid\u00e9e par le principe&#8230;<\/p>\n","protected":false},"author":1,"featured_media":45007,"parent":26724,"menu_order":0,"comment_status":"closed","ping_status":"closed","template":"","meta":{"_acf_changed":false,"footnotes":""},"class_list":["post-26830","page","type-page","status-publish","has-post-thumbnail","hentry"],"acf":[],"yoast_head":"<!-- This site is optimized with the Yoast SEO plugin v27.4 - https:\/\/yoast.com\/product\/yoast-seo-wordpress\/ -->\n<title>\u00c9conomie circulaire | Exenia<\/title>\n<meta name=\"robots\" content=\"noindex, follow, max-snippet:-1, max-image-preview:large, max-video-preview:-1\" \/>\n<meta property=\"og:locale\" content=\"fr_FR\" \/>\n<meta property=\"og:type\" content=\"article\" \/>\n<meta property=\"og:title\" content=\"\u00c9conomie circulaire | Exenia\" \/>\n<meta property=\"og:description\" content=\"La production de nos luminaires est guid\u00e9e par le principe...\" \/>\n<meta property=\"og:url\" content=\"https:\/\/restyling.exenia.eu\/sostenibilita\/economia-circolare\/\" \/>\n<meta property=\"og:site_name\" content=\"Exenia\" \/>\n<meta property=\"article:publisher\" content=\"https:\/\/www.facebook.com\/exenialighting\" \/>\n<meta property=\"article:modified_time\" content=\"2023-03-10T09:51:03+00:00\" \/>\n<meta property=\"og:image\" content=\"https:\/\/restyling.exenia.eu\/wp-content\/uploads\/2023\/03\/Economia-circolare-2.jpg\" \/>\n\t<meta property=\"og:image:width\" content=\"1920\" \/>\n\t<meta property=\"og:image:height\" content=\"1252\" \/>\n\t<meta property=\"og:image:type\" content=\"image\/jpeg\" \/>\n<!-- \/ Yoast SEO plugin. -->","yoast_head_json":{"title":"\u00c9conomie circulaire | Exenia","robots":{"index":"noindex","follow":"follow","max-snippet":"max-snippet:-1","max-image-preview":"max-image-preview:large","max-video-preview":"max-video-preview:-1"},"og_locale":"fr_FR","og_type":"article","og_title":"\u00c9conomie circulaire | Exenia","og_description":"La production de nos luminaires est guid\u00e9e par le principe...","og_url":"https:\/\/restyling.exenia.eu\/sostenibilita\/economia-circolare\/","og_site_name":"Exenia","article_publisher":"https:\/\/www.facebook.com\/exenialighting","article_modified_time":"2023-03-10T09:51:03+00:00","og_image":[{"width":1920,"height":1252,"url":"https:\/\/restyling.exenia.eu\/wp-content\/uploads\/2023\/03\/Economia-circolare-2.jpg","type":"image\/jpeg"}],"schema":{"@context":"https:\/\/schema.org","@graph":[{"@type":"WebPage","@id":"https:\/\/restyling.exenia.eu\/sostenibilita\/economia-circolare\/","url":"https:\/\/restyling.exenia.eu\/sostenibilita\/economia-circolare\/","name":"\u00c9conomie circulaire | Exenia","isPartOf":{"@id":"https:\/\/restyling.exenia.eu\/#website"},"primaryImageOfPage":{"@id":"https:\/\/restyling.exenia.eu\/sostenibilita\/economia-circolare\/#primaryimage"},"image":{"@id":"https:\/\/restyling.exenia.eu\/sostenibilita\/economia-circolare\/#primaryimage"},"thumbnailUrl":"https:\/\/restyling.exenia.eu\/wp-content\/uploads\/2023\/03\/Economia-circolare-2.jpg","datePublished":"2023-02-09T16:46:26+00:00","dateModified":"2023-03-10T09:51:03+00:00","breadcrumb":{"@id":"https:\/\/restyling.exenia.eu\/sostenibilita\/economia-circolare\/#breadcrumb"},"inLanguage":"fr-FR","potentialAction":[{"@type":"ReadAction","target":["https:\/\/restyling.exenia.eu\/sostenibilita\/economia-circolare\/"]}]},{"@type":"ImageObject","inLanguage":"fr-FR","@id":"https:\/\/restyling.exenia.eu\/sostenibilita\/economia-circolare\/#primaryimage","url":"https:\/\/restyling.exenia.eu\/wp-content\/uploads\/2023\/03\/Economia-circolare-2.jpg","contentUrl":"https:\/\/restyling.exenia.eu\/wp-content\/uploads\/2023\/03\/Economia-circolare-2.jpg","width":1920,"height":1252},{"@type":"BreadcrumbList","@id":"https:\/\/restyling.exenia.eu\/sostenibilita\/economia-circolare\/#breadcrumb","itemListElement":[{"@type":"ListItem","position":1,"name":"Home","item":"https:\/\/restyling.exenia.eu\/"},{"@type":"ListItem","position":2,"name":"Durabilit\u00e9","item":"https:\/\/restyling.exenia.eu\/sostenibilita\/"},{"@type":"ListItem","position":3,"name":"\u00c9conomie circulaire"}]},{"@type":"WebSite","@id":"https:\/\/restyling.exenia.eu\/#website","url":"https:\/\/restyling.exenia.eu\/","name":"Exenia","description":"","publisher":{"@id":"https:\/\/restyling.exenia.eu\/#organization"},"potentialAction":[{"@type":"SearchAction","target":{"@type":"EntryPoint","urlTemplate":"https:\/\/restyling.exenia.eu\/?s={search_term_string}"},"query-input":{"@type":"PropertyValueSpecification","valueRequired":true,"valueName":"search_term_string"}}],"inLanguage":"fr-FR"},{"@type":"Organization","@id":"https:\/\/restyling.exenia.eu\/#organization","name":"Exenia","url":"https:\/\/restyling.exenia.eu\/","logo":{"@type":"ImageObject","inLanguage":"fr-FR","@id":"https:\/\/restyling.exenia.eu\/#\/schema\/logo\/image\/","url":"https:\/\/restyling.exenia.eu\/wp-content\/uploads\/2022\/09\/logo_exenia-e1678467519405.png","contentUrl":"https:\/\/restyling.exenia.eu\/wp-content\/uploads\/2022\/09\/logo_exenia-e1678467519405.png","width":600,"height":194,"caption":"Exenia"},"image":{"@id":"https:\/\/restyling.exenia.eu\/#\/schema\/logo\/image\/"},"sameAs":["https:\/\/www.facebook.com\/exenialighting","https:\/\/x.com\/ExeniaLighting"]}]}},"_links":{"self":[{"href":"https:\/\/restyling.exenia.eu\/fr\/wp-json\/wp\/v2\/pages\/26830","targetHints":{"allow":["GET"]}}],"collection":[{"href":"https:\/\/restyling.exenia.eu\/fr\/wp-json\/wp\/v2\/pages"}],"about":[{"href":"https:\/\/restyling.exenia.eu\/fr\/wp-json\/wp\/v2\/types\/page"}],"author":[{"embeddable":true,"href":"https:\/\/restyling.exenia.eu\/fr\/wp-json\/wp\/v2\/users\/1"}],"replies":[{"embeddable":true,"href":"https:\/\/restyling.exenia.eu\/fr\/wp-json\/wp\/v2\/comments?post=26830"}],"version-history":[{"count":0,"href":"https:\/\/restyling.exenia.eu\/fr\/wp-json\/wp\/v2\/pages\/26830\/revisions"}],"up":[{"embeddable":true,"href":"https:\/\/restyling.exenia.eu\/fr\/wp-json\/wp\/v2\/pages\/26724"}],"wp:featuredmedia":[{"embeddable":true,"href":"https:\/\/restyling.exenia.eu\/fr\/wp-json\/wp\/v2\/media\/45007"}],"wp:attachment":[{"href":"https:\/\/restyling.exenia.eu\/fr\/wp-json\/wp\/v2\/media?parent=26830"}],"curies":[{"name":"wp","href":"https:\/\/api.w.org\/{rel}","templated":true}]}}