{"id":26850,"date":"2023-02-09T17:52:41","date_gmt":"2023-02-09T16:52:41","guid":{"rendered":"https:\/\/www.exenia.eu\/durabilite\/lighting-wellness\/"},"modified":"2024-08-08T12:14:00","modified_gmt":"2024-08-08T10:14:00","slug":"lighting-wellness","status":"publish","type":"page","link":"https:\/\/restyling.exenia.eu\/fr\/durabilite\/lighting-wellness\/","title":{"rendered":"Lighting Wellness"},"content":{"rendered":"\t\t<div data-elementor-type=\"wp-page\" data-elementor-id=\"26850\" class=\"elementor elementor-26850 elementor-26059\" wpc-filter-elementor-widget=\"1\" data-elementor-post-type=\"page\">\n\t\t\t\t\t\t<section class=\"elementor-section elementor-top-section elementor-element elementor-element-063314e elementor-section-full_width elementor-section-height-default elementor-section-height-default\" data-id=\"063314e\" data-element_type=\"section\" data-e-type=\"section\">\n\t\t\t\t\t\t<div class=\"elementor-container elementor-column-gap-default\">\n\t\t\t\t\t<div class=\"elementor-column elementor-col-100 elementor-top-column elementor-element elementor-element-4cdd968\" data-id=\"4cdd968\" data-element_type=\"column\" data-e-type=\"column\">\n\t\t\t<div class=\"elementor-widget-wrap elementor-element-populated\">\n\t\t\t\t\t\t<div class=\"elementor-element elementor-element-498320d dce_masking-none elementor-widget elementor-widget-image\" data-id=\"498320d\" data-element_type=\"widget\" data-e-type=\"widget\" data-widget_type=\"image.default\">\n\t\t\t\t<div class=\"elementor-widget-container\">\n\t\t\t\t\t\t\t\t\t\t\t\t\t\t\t<img fetchpriority=\"high\" decoding=\"async\" width=\"300\" height=\"185\" src=\"https:\/\/restyling.exenia.eu\/wp-content\/uploads\/2023\/02\/banner-lighting2-300x185.jpg\" class=\"attachment-medium size-medium wp-image-26066\" alt=\"\" srcset=\"https:\/\/restyling.exenia.eu\/wp-content\/uploads\/2023\/02\/banner-lighting2-300x185.jpg 300w, https:\/\/restyling.exenia.eu\/wp-content\/uploads\/2023\/02\/banner-lighting2.jpg 582w\" sizes=\"(max-width: 300px) 100vw, 300px\" \/>\t\t\t\t\t\t\t\t\t\t\t\t\t\t\t<\/div>\n\t\t\t\t<\/div>\n\t\t\t\t\t<\/div>\n\t\t<\/div>\n\t\t\t\t\t<\/div>\n\t\t<\/section>\n\t\t\t\t<section class=\"elementor-section elementor-top-section elementor-element elementor-element-3602f4e elementor-section-full_width elementor-section-height-default elementor-section-height-default\" data-id=\"3602f4e\" data-element_type=\"section\" data-e-type=\"section\">\n\t\t\t\t\t\t<div class=\"elementor-container elementor-column-gap-default\">\n\t\t\t\t\t<div class=\"elementor-column elementor-col-50 elementor-top-column elementor-element elementor-element-d7ebd16\" data-id=\"d7ebd16\" data-element_type=\"column\" data-e-type=\"column\">\n\t\t\t<div class=\"elementor-widget-wrap elementor-element-populated\">\n\t\t\t\t\t\t<div class=\"elementor-element elementor-element-449b24e elementor-widget elementor-widget-text-editor\" data-id=\"449b24e\" data-element_type=\"widget\" data-e-type=\"widget\" data-widget_type=\"text-editor.default\">\n\t\t\t\t<div class=\"elementor-widget-container\">\n\t\t\t\t\t\t\t\t\t<p>Pendant des ann\u00e9es, on a cru que l&rsquo;\u00e9clairage d&rsquo;un environnement devait uniquement et exclusivement r\u00e9pondre \u00e0 nos besoins de vision, de s\u00e9curit\u00e9 et d&rsquo;orientation. En bref, qu&rsquo;il avait des fonctions pr\u00e9cises pour nous aider \u00e0 accomplir nos activit\u00e9s quotidiennes.<br \/><br \/>Au contraire, la science a d\u00e9montr\u00e9 que les effets de la lumi\u00e8re sur l&rsquo;homme ne se limitent pas \u00e0 une question purement visuelle, mais affectent fortement les fonctions physiques, \u00e9motionnelles et cognitives de chaque individu, et surtout leur rythme biologique (rythme circadien).<br \/><br \/>L&rsquo;\u00e9clairage centr\u00e9 sur l&rsquo;homme (HCL) ou l&rsquo;\u00e9clairage bas\u00e9 sur le bien-\u00eatre humain est une m\u00e9thodologie d&rsquo;\u00e9clairage qui r\u00e9volutionne la fa\u00e7on dont nous concevons et utilisons la lumi\u00e8re artificielle dans les espaces dans lesquels nous vivons et travaillons.<br \/><br \/>Gr\u00e2ce \u00e0 la technologie, il est possible de recr\u00e9er dans un environnement un type d&rsquo;\u00e9clairage similaire au dynamisme de la lumi\u00e8re naturelle et \u00e0 ses variations sur 24 heures.<\/p>\t\t\t\t\t\t\t\t<\/div>\n\t\t\t\t<\/div>\n\t\t\t\t\t<\/div>\n\t\t<\/div>\n\t\t\t\t<div class=\"elementor-column elementor-col-50 elementor-top-column elementor-element elementor-element-76dd446\" data-id=\"76dd446\" data-element_type=\"column\" data-e-type=\"column\">\n\t\t\t<div class=\"elementor-widget-wrap elementor-element-populated\">\n\t\t\t\t\t\t<div class=\"elementor-element elementor-element-ed6b7f6 elementor-widget elementor-widget-text-editor\" data-id=\"ed6b7f6\" data-element_type=\"widget\" data-e-type=\"widget\" data-widget_type=\"text-editor.default\">\n\t\t\t\t<div class=\"elementor-widget-container\">\n\t\t\t\t\t\t\t\t\t<div class=\"block --offset top-left block1 block--no-img \"><div class=\"block__content --transparent black-text block__content--rich-text\"><div class=\"block__rich-text\"><p><strong>Comment Exenia aborde-t-elle l&rsquo;\u00e9clairage centr\u00e9 sur l&rsquo;humain?<\/strong><\/p><p><br \/>&#8211; En permettant la personnalisation des sc\u00e8nes d&rsquo;\u00e9clairage en fonction des pr\u00e9f\u00e9rences personnelles et de l&rsquo;atmosph\u00e8re souhait\u00e9e.<br \/><br \/>&#8211; Avec un \u00e9clairage g\u00e9n\u00e9ral et d&rsquo;accentuation hautement contr\u00f4l\u00e9, permettant la cr\u00e9ation de sc\u00e8nes d&rsquo;ambiance sp\u00e9cifiques aux circonstances.<br \/><br \/>&#8211; Gr\u00e2ce \u00e0 des solutions d&rsquo;\u00e9clairage efficaces telles que la lumi\u00e8re LED, combin\u00e9e \u00e0 des lentilles de haute qualit\u00e9 et \u00e0 des syst\u00e8mes optiques de pr\u00e9cision, il est possible de diriger la lumi\u00e8re exactement sur les surfaces souhait\u00e9es ; cela garantit une perception optimale de l&rsquo;environnement, am\u00e9liorant le confort visuel et la qualit\u00e9 de l&rsquo;\u00e9clairage.<br \/><br \/>&#8211; Utiliser diff\u00e9rents types de LED en fonction de crit\u00e8res tels que le rendu et la constance des couleurs, le flux lumineux et la stabilit\u00e9 thermique, afin de garantir les normes de qualit\u00e9 les plus \u00e9lev\u00e9es.<br \/><br \/>&#8211; Proposer des luminaires compatibles avec des technologies de contr\u00f4le telles que Casambi, Bluetooth, DALI et la gradation classique. L&rsquo;utilisation de capteurs et de sc\u00e8nes lumineuses permet de minimiser la consommation d&rsquo;\u00e9nergie et d&rsquo;adapter l&rsquo;\u00e9clairage \u00e0 l&rsquo;intensit\u00e9 de la lumi\u00e8re du jour.<\/p><\/div><\/div><\/div>\t\t\t\t\t\t\t\t<\/div>\n\t\t\t\t<\/div>\n\t\t\t\t\t<\/div>\n\t\t<\/div>\n\t\t\t\t\t<\/div>\n\t\t<\/section>\n\t\t\t\t<\/div>\n\t\t","protected":false},"excerpt":{"rendered":"<p>Pendant des ann\u00e9es, on a cru que l&rsquo;\u00e9clairage d&rsquo;un environnement&#8230;<\/p>\n","protected":false},"author":1,"featured_media":0,"parent":26724,"menu_order":0,"comment_status":"closed","ping_status":"closed","template":"","meta":{"_acf_changed":false,"footnotes":""},"class_list":["post-26850","page","type-page","status-publish","hentry"],"acf":[],"yoast_head":"<!-- This site is optimized with the Yoast SEO plugin v27.4 - https:\/\/yoast.com\/product\/yoast-seo-wordpress\/ -->\n<title>Lighting Wellness | Exenia<\/title>\n<meta name=\"robots\" content=\"noindex, follow, max-snippet:-1, max-image-preview:large, max-video-preview:-1\" \/>\n<meta property=\"og:locale\" content=\"fr_FR\" \/>\n<meta property=\"og:type\" content=\"article\" \/>\n<meta property=\"og:title\" content=\"Lighting Wellness | Exenia\" \/>\n<meta property=\"og:description\" content=\"Pendant des ann\u00e9es, on a cru que l&rsquo;\u00e9clairage d&rsquo;un environnement...\" \/>\n<meta property=\"og:url\" content=\"https:\/\/restyling.exenia.eu\/sostenibilita\/lighting-wellness\/\" \/>\n<meta property=\"og:site_name\" content=\"Exenia\" \/>\n<meta property=\"article:publisher\" content=\"https:\/\/www.facebook.com\/exenialighting\" \/>\n<meta property=\"article:modified_time\" content=\"2024-08-08T10:14:00+00:00\" \/>\n<meta property=\"og:image\" content=\"https:\/\/restyling.exenia.eu\/wp-content\/uploads\/2023\/02\/banner-lighting2-300x185.jpg\" \/>\n<!-- \/ Yoast SEO plugin. -->","yoast_head_json":{"title":"Lighting Wellness | Exenia","robots":{"index":"noindex","follow":"follow","max-snippet":"max-snippet:-1","max-image-preview":"max-image-preview:large","max-video-preview":"max-video-preview:-1"},"og_locale":"fr_FR","og_type":"article","og_title":"Lighting Wellness | Exenia","og_description":"Pendant des ann\u00e9es, on a cru que l&rsquo;\u00e9clairage d&rsquo;un environnement...","og_url":"https:\/\/restyling.exenia.eu\/sostenibilita\/lighting-wellness\/","og_site_name":"Exenia","article_publisher":"https:\/\/www.facebook.com\/exenialighting","article_modified_time":"2024-08-08T10:14:00+00:00","og_image":[{"url":"https:\/\/restyling.exenia.eu\/wp-content\/uploads\/2023\/02\/banner-lighting2-300x185.jpg","type":"","width":"","height":""}],"schema":{"@context":"https:\/\/schema.org","@graph":[{"@type":"WebPage","@id":"https:\/\/restyling.exenia.eu\/sostenibilita\/lighting-wellness\/","url":"https:\/\/restyling.exenia.eu\/sostenibilita\/lighting-wellness\/","name":"Lighting Wellness | Exenia","isPartOf":{"@id":"https:\/\/restyling.exenia.eu\/#website"},"primaryImageOfPage":{"@id":"https:\/\/restyling.exenia.eu\/sostenibilita\/lighting-wellness\/#primaryimage"},"image":{"@id":"https:\/\/restyling.exenia.eu\/sostenibilita\/lighting-wellness\/#primaryimage"},"thumbnailUrl":"https:\/\/restyling.exenia.eu\/wp-content\/uploads\/2023\/02\/banner-lighting2-300x185.jpg","datePublished":"2023-02-09T16:52:41+00:00","dateModified":"2024-08-08T10:14:00+00:00","breadcrumb":{"@id":"https:\/\/restyling.exenia.eu\/sostenibilita\/lighting-wellness\/#breadcrumb"},"inLanguage":"fr-FR","potentialAction":[{"@type":"ReadAction","target":["https:\/\/restyling.exenia.eu\/sostenibilita\/lighting-wellness\/"]}]},{"@type":"ImageObject","inLanguage":"fr-FR","@id":"https:\/\/restyling.exenia.eu\/sostenibilita\/lighting-wellness\/#primaryimage","url":"https:\/\/restyling.exenia.eu\/wp-content\/uploads\/2023\/02\/banner-lighting2-300x185.jpg","contentUrl":"https:\/\/restyling.exenia.eu\/wp-content\/uploads\/2023\/02\/banner-lighting2-300x185.jpg"},{"@type":"BreadcrumbList","@id":"https:\/\/restyling.exenia.eu\/sostenibilita\/lighting-wellness\/#breadcrumb","itemListElement":[{"@type":"ListItem","position":1,"name":"Home","item":"https:\/\/restyling.exenia.eu\/"},{"@type":"ListItem","position":2,"name":"Durabilit\u00e9","item":"https:\/\/restyling.exenia.eu\/sostenibilita\/"},{"@type":"ListItem","position":3,"name":"Lighting Wellness"}]},{"@type":"WebSite","@id":"https:\/\/restyling.exenia.eu\/#website","url":"https:\/\/restyling.exenia.eu\/","name":"Exenia","description":"","publisher":{"@id":"https:\/\/restyling.exenia.eu\/#organization"},"potentialAction":[{"@type":"SearchAction","target":{"@type":"EntryPoint","urlTemplate":"https:\/\/restyling.exenia.eu\/?s={search_term_string}"},"query-input":{"@type":"PropertyValueSpecification","valueRequired":true,"valueName":"search_term_string"}}],"inLanguage":"fr-FR"},{"@type":"Organization","@id":"https:\/\/restyling.exenia.eu\/#organization","name":"Exenia","url":"https:\/\/restyling.exenia.eu\/","logo":{"@type":"ImageObject","inLanguage":"fr-FR","@id":"https:\/\/restyling.exenia.eu\/#\/schema\/logo\/image\/","url":"https:\/\/restyling.exenia.eu\/wp-content\/uploads\/2022\/09\/logo_exenia-e1678467519405.png","contentUrl":"https:\/\/restyling.exenia.eu\/wp-content\/uploads\/2022\/09\/logo_exenia-e1678467519405.png","width":600,"height":194,"caption":"Exenia"},"image":{"@id":"https:\/\/restyling.exenia.eu\/#\/schema\/logo\/image\/"},"sameAs":["https:\/\/www.facebook.com\/exenialighting","https:\/\/x.com\/ExeniaLighting"]}]}},"_links":{"self":[{"href":"https:\/\/restyling.exenia.eu\/fr\/wp-json\/wp\/v2\/pages\/26850","targetHints":{"allow":["GET"]}}],"collection":[{"href":"https:\/\/restyling.exenia.eu\/fr\/wp-json\/wp\/v2\/pages"}],"about":[{"href":"https:\/\/restyling.exenia.eu\/fr\/wp-json\/wp\/v2\/types\/page"}],"author":[{"embeddable":true,"href":"https:\/\/restyling.exenia.eu\/fr\/wp-json\/wp\/v2\/users\/1"}],"replies":[{"embeddable":true,"href":"https:\/\/restyling.exenia.eu\/fr\/wp-json\/wp\/v2\/comments?post=26850"}],"version-history":[{"count":0,"href":"https:\/\/restyling.exenia.eu\/fr\/wp-json\/wp\/v2\/pages\/26850\/revisions"}],"up":[{"embeddable":true,"href":"https:\/\/restyling.exenia.eu\/fr\/wp-json\/wp\/v2\/pages\/26724"}],"wp:attachment":[{"href":"https:\/\/restyling.exenia.eu\/fr\/wp-json\/wp\/v2\/media?parent=26850"}],"curies":[{"name":"wp","href":"https:\/\/api.w.org\/{rel}","templated":true}]}}