{"id":5855,"date":"2022-10-06T12:03:29","date_gmt":"2022-10-06T10:03:29","guid":{"rendered":"https:\/\/www.exenia.eu\/company\/"},"modified":"2024-01-25T16:51:56","modified_gmt":"2024-01-25T15:51:56","slug":"compagnie","status":"publish","type":"page","link":"https:\/\/restyling.exenia.eu\/fr\/compagnie\/","title":{"rendered":"Compagnie"},"content":{"rendered":"\t\t<div data-elementor-type=\"wp-page\" data-elementor-id=\"5855\" class=\"elementor elementor-5855 elementor-922\" wpc-filter-elementor-widget=\"1\" data-elementor-post-type=\"page\">\n\t\t\t\t\t\t<section class=\"elementor-section elementor-top-section elementor-element elementor-element-5a16a7f0 elementor-section-boxed elementor-section-height-default elementor-section-height-default\" data-id=\"5a16a7f0\" data-element_type=\"section\" data-e-type=\"section\">\n\t\t\t\t\t\t<div class=\"elementor-container elementor-column-gap-default\">\n\t\t\t\t\t<div class=\"elementor-column elementor-col-100 elementor-top-column elementor-element elementor-element-64503ac8\" data-id=\"64503ac8\" data-element_type=\"column\" data-e-type=\"column\">\n\t\t\t<div class=\"elementor-widget-wrap elementor-element-populated\">\n\t\t\t\t\t\t<div class=\"elementor-element elementor-element-5504489b elementor-widget elementor-widget-text-editor\" data-id=\"5504489b\" data-element_type=\"widget\" data-e-type=\"widget\" data-widget_type=\"text-editor.default\">\n\t\t\t\t<div class=\"elementor-widget-container\">\n\t\t\t\t\t\t\t\t\t\n<h2 class=\"eplus-wrapper\">\u00c0 propos<\/h2>\n\n<p><strong>Exenia<\/strong><br \/><b><i>Into the light<\/i><\/b><\/p>\n<p>Fond\u00e9e en 2010 et int\u00e9gr\u00e9e au groupe Lumenpulse depuis 2015, Exenia est une soci\u00e9t\u00e9 sp\u00e9cialis\u00e9e dans la production de luminaires d&rsquo;\u00e9clairage \u00e0 LED qui combinent l&rsquo;excellence du design italien avec des performances d&rsquo;\u00e9clairage de pointe, capables de satisfaire les besoins de tout concepteur ou professionnel de l&rsquo;\u00e9clairage.<br \/><br \/>Les solutions d&rsquo;Exenia sont con\u00e7ues pour l&rsquo;\u00e9clairage d\u00e9coratif et professionnel des mus\u00e9es, des lieux de culte, de l&rsquo;h\u00f4tellerie et de la vente au d\u00e9tail, tant pour les environnements int\u00e9rieurs qu&rsquo;ext\u00e9rieurs.<br \/><br \/>Gr\u00e2ce \u00e0 son processus de production interne &#8211; de la conception \u00e0 la livraison en passant par la production &#8211; Exenia est en mesure de garantir un contr\u00f4le total de la qualit\u00e9 de l&rsquo;ensemble du processus et d&rsquo;offrir un degr\u00e9 \u00e9lev\u00e9 de flexibilit\u00e9 dans le d\u00e9veloppement de solutions d&rsquo;\u00e9clairage durables con\u00e7ues en fonction des exigences sp\u00e9cifiques des clients.<br \/><br \/>Flexibilit\u00e9, cr\u00e9ativit\u00e9 et expertise sont les \u00e9l\u00e9ments diff\u00e9renciateurs qui permettent \u00e0 Exenia de produire des solutions uniques et efficaces pour chaque application, en gardant au premier plan le confort des personnes et le respect de l&rsquo;environnement.<\/p>\n\n<p><strong>Politique De Qualite&rsquo; Et De L&rsquo;environnement<\/strong><\/p>\n\n<p>La politique de l&rsquo;entreprise est d&rsquo;offrir un produit de haute qualit\u00e9 dans lequel le design et la cr\u00e9ativit\u00e9 se combinent avec les technologies les plus avanc\u00e9es dans l&rsquo;industrie de l&rsquo;\u00e9clairage.<\/p>\n\n<p>En proposant son produit, Exenia tient fermement \u00e0 certains principes fondamentaux\u00a0:<\/p>\n\n<ul>\n<li>Le respect des attentes de toutes les parties int\u00e9ress\u00e9es\u00a0;<\/li>\n\n<li>La durabilit\u00e9 environnementale des proc\u00e9d\u00e9s et des produits ;<\/li>\n\n<li>La consolidation de la confiance dans le client et la croissance de sa satisfaction ;<\/li>\n\n<li>Renforcer les relations avec tous les fournisseurs\u00a0;<\/li>\n\n<li>Partager les objectifs de l&rsquo;entreprise avec tous les employ\u00e9s<\/li>\n\n<li>Renforcement des synergies avec la maison m\u00e8re<\/li>\n<\/ul>\n\n<p>Afin de mettre en \u0153uvre les principes,\u00a0Exeniapr\u00e9sente les lignes directrices pour d\u00e9finir et mettre en \u0153uvre les objectifs de qualit\u00e9 \u00e0 partager avec toutes les parties prenantes dont les \u00e9l\u00e9ments sont d\u00e9crits ci-dessous :<\/p>\n\n<ul>\n<li>D\u00e9finition, application et maintenance d&rsquo;un syst\u00e8me de gestion de la qualit\u00e9 conform\u00e9ment aux exigences de la norme UNI EN ISO 9001:2015;<\/li>\n\n<li>Planifier les processus op\u00e9rationnels en fonction des facteurs de contexte internes et externes, des attentes des intervenants et des risques de qualit\u00e9 qui leur sont associ\u00e9s, toujours en accord avec les attentes des clients et des intervenants.<\/li>\n\n<li>Respect des ordonnances, des exigences l\u00e9gislatives et des r\u00e8gles contractuelles ;<\/li>\n\n<li>Assurer une information et une formation appropri\u00e9es des ressources humaines sur les questions de qualit\u00e9 li\u00e9es aux activit\u00e9s men\u00e9es et la communication et la compr\u00e9hension des principes de la politique de l&rsquo;entreprise<\/li>\n\n<li>D\u00e9veloppement de produits et disponibilit\u00e9 de mati\u00e8res premi\u00e8res qui r\u00e9pondent aux besoins et aux attentes de leurs clients en termes de qualit\u00e9\u00a0<\/li>\n\n<li>Mise en \u0153uvre de syst\u00e8mes appropri\u00e9s de surveillance de la qualit\u00e9 des produits et performance de la qualit\u00e9 de l&rsquo;organisation<\/li>\n\n<li>Communication au personnel et diffusion entre les parties prenantes de la politique de qualit\u00e9 de l&rsquo;entreprise<\/li>\n\n<li>Promouvoir l&rsquo;am\u00e9lioration continue du syst\u00e8me de gestion de la qualit\u00e9<\/li>\n\n<li>Promouvoir la participation et la consultation des intervenants afin d&rsquo;assurer une mise en \u0153uvre efficace et efficiente du Syst\u00e8me de gestion de la qualit\u00e9 ;<\/li>\n\n<li>Promouvoir le d\u00e9veloppement des affaires tout en pr\u00e9servant la qualit\u00e9\u00a0<\/li>\n\n<li>S\u00e9lection de fournisseurs sur la base d&rsquo;\u00e9valuations objectives de la qualit\u00e9, du prix, de la capacit\u00e9 de fournir et de fournir des services appropri\u00e9s.<\/li>\n<\/ul>\n\n<p>Les engagements d\u00e9crits dans la politique sont d\u00e9clin\u00e9s dans les objectifs d&rsquo;am\u00e9lioration de la qualit\u00e9 qu&rsquo;Exenia approuve chaque ann\u00e9e en assurant toutes les ressources n\u00e9cessaires \u00e0 leur r\u00e9alisation et \u00e0 la mise en \u0153uvre d&rsquo;une activit\u00e9 de surveillance.<\/p>\n\n<p>L&rsquo;Organisation s&rsquo;est engag\u00e9e \u00e0 surveiller constamment la poursuite de ces engagements, par le biais de cycles de v\u00e9rification pr\u00e9vus, l&rsquo;examen des objectifs et des fins, l&rsquo;examen de cette politique sur une base annuelle et, en tout \u00e9tat de cause, chaque fois que les exigences \u00e9ventuelles le rendent n\u00e9cessaire.<\/p>\n\n<p>La direction s&rsquo;est engag\u00e9e \u00e0 diffuser sa Politique \u00e0 tous les intervenants et \u00e0 former, \u00e0 sensibiliser et \u00e0 donner \u00e0 ses employ\u00e9s les moyens de veiller \u00e0 ce que les processus op\u00e9rationnels soient g\u00e9r\u00e9s de fa\u00e7on appropri\u00e9e pour obtenir de meilleurs r\u00e9sultats.\u00a0<\/p>\n\n<figure class=\"wp-block-image size-large eplus-wrapper\"><img decoding=\"async\" src=\"https:\/\/www.exenia.eu\/exenia-staging\/wp-content\/uploads\/2022\/10\/5137_it_91874_30651_exenia-3-1024x555.jpg\" alt=\"\" \/><\/figure>\n\t\t\t\t\t\t\t\t<\/div>\n\t\t\t\t<\/div>\n\t\t\t\t\t<\/div>\n\t\t<\/div>\n\t\t\t\t\t<\/div>\n\t\t<\/section>\n\t\t\t\t<\/div>\n\t\t","protected":false},"excerpt":{"rendered":"<p>\u00c0 propos ExeniaInto the light Fond\u00e9e en 2010 et int\u00e9gr\u00e9e&#8230;<\/p>\n","protected":false},"author":1,"featured_media":44429,"parent":0,"menu_order":0,"comment_status":"closed","ping_status":"closed","template":"","meta":{"_acf_changed":false,"footnotes":""},"class_list":["post-5855","page","type-page","status-publish","has-post-thumbnail","hentry"],"acf":[],"yoast_head":"<!-- This site is optimized with the Yoast SEO plugin v27.5 - https:\/\/yoast.com\/product\/yoast-seo-wordpress\/ -->\n<title>Compagnie | Exenia<\/title>\n<meta name=\"robots\" content=\"noindex, follow, max-snippet:-1, max-image-preview:large, max-video-preview:-1\" \/>\n<meta property=\"og:locale\" content=\"fr_FR\" \/>\n<meta property=\"og:type\" content=\"article\" \/>\n<meta property=\"og:title\" content=\"Compagnie | Exenia\" \/>\n<meta property=\"og:description\" content=\"\u00c0 propos ExeniaInto the light Fond\u00e9e en 2010 et int\u00e9gr\u00e9e...\" \/>\n<meta property=\"og:url\" content=\"https:\/\/restyling.exenia.eu\/azienda\/\" \/>\n<meta property=\"og:site_name\" content=\"Exenia\" \/>\n<meta property=\"article:publisher\" content=\"https:\/\/www.facebook.com\/exenialighting\" \/>\n<meta property=\"article:modified_time\" content=\"2024-01-25T15:51:56+00:00\" \/>\n<meta property=\"og:image\" content=\"https:\/\/restyling.exenia.eu\/wp-content\/uploads\/2023\/03\/Exenia.jpeg\" \/>\n\t<meta property=\"og:image:width\" content=\"2560\" \/>\n\t<meta property=\"og:image:height\" content=\"1704\" \/>\n\t<meta property=\"og:image:type\" content=\"image\/jpeg\" \/>\n<!-- \/ Yoast SEO plugin. -->","yoast_head_json":{"title":"Compagnie | Exenia","robots":{"index":"noindex","follow":"follow","max-snippet":"max-snippet:-1","max-image-preview":"max-image-preview:large","max-video-preview":"max-video-preview:-1"},"og_locale":"fr_FR","og_type":"article","og_title":"Compagnie | Exenia","og_description":"\u00c0 propos ExeniaInto the light Fond\u00e9e en 2010 et int\u00e9gr\u00e9e...","og_url":"https:\/\/restyling.exenia.eu\/azienda\/","og_site_name":"Exenia","article_publisher":"https:\/\/www.facebook.com\/exenialighting","article_modified_time":"2024-01-25T15:51:56+00:00","og_image":[{"width":2560,"height":1704,"url":"https:\/\/restyling.exenia.eu\/wp-content\/uploads\/2023\/03\/Exenia.jpeg","type":"image\/jpeg"}],"schema":{"@context":"https:\/\/schema.org","@graph":[{"@type":"WebPage","@id":"https:\/\/restyling.exenia.eu\/azienda\/","url":"https:\/\/restyling.exenia.eu\/azienda\/","name":"Compagnie | Exenia","isPartOf":{"@id":"https:\/\/restyling.exenia.eu\/#website"},"primaryImageOfPage":{"@id":"https:\/\/restyling.exenia.eu\/azienda\/#primaryimage"},"image":{"@id":"https:\/\/restyling.exenia.eu\/azienda\/#primaryimage"},"thumbnailUrl":"https:\/\/restyling.exenia.eu\/wp-content\/uploads\/2023\/03\/Exenia.jpeg","datePublished":"2022-10-06T10:03:29+00:00","dateModified":"2024-01-25T15:51:56+00:00","breadcrumb":{"@id":"https:\/\/restyling.exenia.eu\/azienda\/#breadcrumb"},"inLanguage":"fr-FR","potentialAction":[{"@type":"ReadAction","target":["https:\/\/restyling.exenia.eu\/azienda\/"]}]},{"@type":"ImageObject","inLanguage":"fr-FR","@id":"https:\/\/restyling.exenia.eu\/azienda\/#primaryimage","url":"https:\/\/restyling.exenia.eu\/wp-content\/uploads\/2023\/03\/Exenia.jpeg","contentUrl":"https:\/\/restyling.exenia.eu\/wp-content\/uploads\/2023\/03\/Exenia.jpeg","width":2560,"height":1704},{"@type":"BreadcrumbList","@id":"https:\/\/restyling.exenia.eu\/azienda\/#breadcrumb","itemListElement":[{"@type":"ListItem","position":1,"name":"Home","item":"https:\/\/restyling.exenia.eu\/"},{"@type":"ListItem","position":2,"name":"Compagnie"}]},{"@type":"WebSite","@id":"https:\/\/restyling.exenia.eu\/#website","url":"https:\/\/restyling.exenia.eu\/","name":"Exenia","description":"","publisher":{"@id":"https:\/\/restyling.exenia.eu\/#organization"},"potentialAction":[{"@type":"SearchAction","target":{"@type":"EntryPoint","urlTemplate":"https:\/\/restyling.exenia.eu\/?s={search_term_string}"},"query-input":{"@type":"PropertyValueSpecification","valueRequired":true,"valueName":"search_term_string"}}],"inLanguage":"fr-FR"},{"@type":"Organization","@id":"https:\/\/restyling.exenia.eu\/#organization","name":"Exenia","url":"https:\/\/restyling.exenia.eu\/","logo":{"@type":"ImageObject","inLanguage":"fr-FR","@id":"https:\/\/restyling.exenia.eu\/#\/schema\/logo\/image\/","url":"https:\/\/restyling.exenia.eu\/wp-content\/uploads\/2022\/09\/logo_exenia-e1678467519405.png","contentUrl":"https:\/\/restyling.exenia.eu\/wp-content\/uploads\/2022\/09\/logo_exenia-e1678467519405.png","width":600,"height":194,"caption":"Exenia"},"image":{"@id":"https:\/\/restyling.exenia.eu\/#\/schema\/logo\/image\/"},"sameAs":["https:\/\/www.facebook.com\/exenialighting","https:\/\/x.com\/ExeniaLighting"]}]}},"_links":{"self":[{"href":"https:\/\/restyling.exenia.eu\/fr\/wp-json\/wp\/v2\/pages\/5855","targetHints":{"allow":["GET"]}}],"collection":[{"href":"https:\/\/restyling.exenia.eu\/fr\/wp-json\/wp\/v2\/pages"}],"about":[{"href":"https:\/\/restyling.exenia.eu\/fr\/wp-json\/wp\/v2\/types\/page"}],"author":[{"embeddable":true,"href":"https:\/\/restyling.exenia.eu\/fr\/wp-json\/wp\/v2\/users\/1"}],"replies":[{"embeddable":true,"href":"https:\/\/restyling.exenia.eu\/fr\/wp-json\/wp\/v2\/comments?post=5855"}],"version-history":[{"count":0,"href":"https:\/\/restyling.exenia.eu\/fr\/wp-json\/wp\/v2\/pages\/5855\/revisions"}],"wp:featuredmedia":[{"embeddable":true,"href":"https:\/\/restyling.exenia.eu\/fr\/wp-json\/wp\/v2\/media\/44429"}],"wp:attachment":[{"href":"https:\/\/restyling.exenia.eu\/fr\/wp-json\/wp\/v2\/media?parent=5855"}],"curies":[{"name":"wp","href":"https:\/\/api.w.org\/{rel}","templated":true}]}}