{"id":70576,"date":"2025-03-07T12:35:04","date_gmt":"2025-03-07T11:35:04","guid":{"rendered":"https:\/\/www.exenia.eu\/multimetrik\/"},"modified":"2025-05-28T16:39:23","modified_gmt":"2025-05-28T14:39:23","slug":"multimetrik-fr","status":"publish","type":"page","link":"https:\/\/restyling.exenia.eu\/fr\/multimetrik-fr\/","title":{"rendered":"Multimetrik"},"content":{"rendered":"\t\t<div data-elementor-type=\"wp-page\" data-elementor-id=\"70576\" class=\"elementor elementor-70576 elementor-68131\" wpc-filter-elementor-widget=\"1\" data-elementor-post-type=\"page\">\n\t\t\t\t\t\t<section class=\"elementor-section elementor-top-section elementor-element elementor-element-29222bf elementor-section-boxed elementor-section-height-default elementor-section-height-default\" data-id=\"29222bf\" data-element_type=\"section\" data-e-type=\"section\">\n\t\t\t\t\t\t<div class=\"elementor-container elementor-column-gap-default\">\n\t\t\t\t\t<div class=\"elementor-column elementor-col-100 elementor-top-column elementor-element elementor-element-62e458af\" data-id=\"62e458af\" data-element_type=\"column\" data-e-type=\"column\">\n\t\t\t<div class=\"elementor-widget-wrap elementor-element-populated\">\n\t\t\t\t\t\t<div class=\"elementor-element elementor-element-3c1cdab5 elementor-widget elementor-widget-text-editor\" data-id=\"3c1cdab5\" data-element_type=\"widget\" data-e-type=\"widget\" data-widget_type=\"text-editor.default\">\n\t\t\t\t<div class=\"elementor-widget-container\">\n\t\t\t\t\t\t\t\t\t\n<p><\/p>\n\n\n\n<p><\/p>\n\t\t\t\t\t\t\t\t<\/div>\n\t\t\t\t<\/div>\n\t\t\t\t\t<\/div>\n\t\t<\/div>\n\t\t\t\t\t<\/div>\n\t\t<\/section>\n\t\t\t\t<section class=\"elementor-section elementor-top-section elementor-element elementor-element-59c2b69 elementor-section-boxed elementor-section-height-default elementor-section-height-default\" data-id=\"59c2b69\" data-element_type=\"section\" data-e-type=\"section\">\n\t\t\t\t\t\t<div class=\"elementor-container elementor-column-gap-default\">\n\t\t\t\t\t<div class=\"elementor-column elementor-col-100 elementor-top-column elementor-element elementor-element-6c77dc9\" data-id=\"6c77dc9\" data-element_type=\"column\" data-e-type=\"column\">\n\t\t\t<div class=\"elementor-widget-wrap elementor-element-populated\">\n\t\t\t\t\t\t<div class=\"elementor-element elementor-element-0ce859c elementor-widget elementor-widget-heading\" data-id=\"0ce859c\" data-element_type=\"widget\" data-e-type=\"widget\" data-widget_type=\"heading.default\">\n\t\t\t\t<div class=\"elementor-widget-container\">\n\t\t\t\t\t<h2 class=\"elementor-heading-title elementor-size-default\">Polyvalence maximale sans compromis\n\u200b<\/h2>\t\t\t\t<\/div>\n\t\t\t\t<\/div>\n\t\t\t\t<div class=\"elementor-element elementor-element-16f91ec elementor-widget elementor-widget-text-editor\" data-id=\"16f91ec\" data-element_type=\"widget\" data-e-type=\"widget\" data-widget_type=\"text-editor.default\">\n\t\t\t\t<div class=\"elementor-widget-container\">\n\t\t\t\t\t\t\t\t\t<p><strong>Multimetrik<\/strong> est le nouveau syst\u00e8me optique qui r\u00e9volutionne le concept d\u2019\u00e9clairage adaptable.<br \/>Con\u00e7u pour offrir une <em>flexibilit\u00e9<\/em> maximale sans compromettre la qualit\u00e9 ni l&rsquo;efficacit\u00e9, il permet de modifier l\u2019\u00e9clairage de mani\u00e8re simple et intuitive, sans alt\u00e9rer l\u2019esth\u00e9tique du produit.<\/p><p><strong>Avec trois param\u00e8tres r\u00e9glables<\/strong> \u2014 <em>l\u2019ouverture du faisceau<\/em> (15\u00b0-60\u00b0), l\u2019intensit\u00e9 lumineuse et la temp\u00e9rature de couleur \u2014 Multimetrik s\u2019adapte facilement \u00e0 toutes les exigences de conception, ce qui en fait le choix id\u00e9al pour ceux qui recherchent une solution dynamique et performante.<br \/>Il combine lentilles interchangeables et faisceaux modulables, tout en garantissant la qualit\u00e9 et l\u2019efficacit\u00e9 typiques des optiques fixes.<br \/>Gr\u00e2ce \u00e0 la micro-translation de la lentille focale, il permet une large modulation du faisceau lumineux, avec un flux lumineux allant jusqu\u2019\u00e0 3500 lumens et une efficacit\u00e9 pouvant atteindre 132 lm\/W.<\/p><p>Facile \u00e0 utiliser, gr\u00e2ce \u00e0 une <em>rotation<\/em> manuelle pour r\u00e9gler l\u2019angle du faisceau et un variateur int\u00e9gr\u00e9, Multimetrik \u00e9limine le besoin de configurations complexes et offre une libert\u00e9 de gestion maximale dans tous les contextes.<br \/>Disponible en <em>trois tailles<\/em> et en versions pour rail 230V full settable et 48V avec blanc dynamique, Multimetrik s\u2019int\u00e8gre parfaitement dans tout projet d\u2019\u00e9clairage.<\/p><p>Parfait pour les environnements <strong>commerciaux<\/strong>, <strong>mus\u00e9aux<\/strong> et <strong>architecturaux<\/strong>, Multimetrik conserve l\u2019esth\u00e9tique et la qualit\u00e9 lumineuse des optiques fixes, assurant une int\u00e9gration harmonieuse dans chaque espace.<br \/>Gr\u00e2ce \u00e0 la technologie LED avanc\u00e9e d\u00e9velopp\u00e9e par Exenia, Multimetrik garantit un rendu des couleurs impeccable et un contr\u00f4le optimal de l\u2019\u00e9blouissement. Son syst\u00e8me innovant de lentilles interchangeables permet de transformer rapidement le projecteur pour r\u00e9pondre \u00e0 des besoins vari\u00e9s, sans devoir remplacer l\u2019ensemble de l\u2019appareil.<\/p>\t\t\t\t\t\t\t\t<\/div>\n\t\t\t\t<\/div>\n\t\t\t\t\t<\/div>\n\t\t<\/div>\n\t\t\t\t\t<\/div>\n\t\t<\/section>\n\t\t\t\t<section class=\"elementor-section elementor-top-section elementor-element elementor-element-a44cd79 elementor-section-boxed elementor-section-height-default elementor-section-height-default\" data-id=\"a44cd79\" data-element_type=\"section\" data-e-type=\"section\">\n\t\t\t\t\t\t<div class=\"elementor-container elementor-column-gap-default\">\n\t\t\t\t\t<div class=\"elementor-column elementor-col-33 elementor-top-column elementor-element elementor-element-694b91b\" data-id=\"694b91b\" data-element_type=\"column\" data-e-type=\"column\">\n\t\t\t<div class=\"elementor-widget-wrap elementor-element-populated\">\n\t\t\t\t\t\t<div class=\"elementor-element elementor-element-9456e1f dce_masking-none elementor-widget elementor-widget-image\" data-id=\"9456e1f\" data-element_type=\"widget\" data-e-type=\"widget\" data-widget_type=\"image.default\">\n\t\t\t\t<div class=\"elementor-widget-container\">\n\t\t\t\t\t\t\t\t\t\t\t\t\t\t\t\t<a href=\"https:\/\/drive.google.com\/file\/d\/1R89d5cfAF_jhigm29D9CM2NFh7CuaLQ2\/view?usp=sharing\" target=\"_blank\">\n\t\t\t\t\t\t\t<img fetchpriority=\"high\" decoding=\"async\" width=\"400\" height=\"450\" src=\"https:\/\/restyling.exenia.eu\/wp-content\/uploads\/2024\/11\/Overwiew-scaled-400x450.jpg\" class=\"attachment-woocommerce_thumbnail size-woocommerce_thumbnail wp-image-59070\" alt=\"\" \/>\t\t\t\t\t\t\t\t<\/a>\n\t\t\t\t\t\t\t\t\t\t\t\t\t\t\t<\/div>\n\t\t\t\t<\/div>\n\t\t\t\t\t<\/div>\n\t\t<\/div>\n\t\t\t\t<div class=\"elementor-column elementor-col-33 elementor-top-column elementor-element elementor-element-c60183a\" data-id=\"c60183a\" data-element_type=\"column\" data-e-type=\"column\">\n\t\t\t<div class=\"elementor-widget-wrap elementor-element-populated\">\n\t\t\t\t\t\t<div class=\"elementor-element elementor-element-d7d2fd1 dce_masking-none elementor-widget elementor-widget-image\" data-id=\"d7d2fd1\" data-element_type=\"widget\" data-e-type=\"widget\" data-widget_type=\"image.default\">\n\t\t\t\t<div class=\"elementor-widget-container\">\n\t\t\t\t\t\t\t\t\t\t\t\t\t\t\t\t<a href=\"https:\/\/drive.google.com\/drive\/folders\/17o7NPzFS5PiHBPvYVPSYUkod1KMzkPzN\" target=\"_blank\">\n\t\t\t\t\t\t\t<img decoding=\"async\" width=\"400\" height=\"450\" src=\"https:\/\/restyling.exenia.eu\/wp-content\/uploads\/2024\/11\/IMG-Video-scaled-400x450.jpg\" class=\"attachment-woocommerce_gallery_thumbnail size-woocommerce_gallery_thumbnail wp-image-59071\" alt=\"\" \/>\t\t\t\t\t\t\t\t<\/a>\n\t\t\t\t\t\t\t\t\t\t\t\t\t\t\t<\/div>\n\t\t\t\t<\/div>\n\t\t\t\t\t<\/div>\n\t\t<\/div>\n\t\t\t\t<div class=\"elementor-column elementor-col-33 elementor-top-column elementor-element elementor-element-f1c93b0\" data-id=\"f1c93b0\" data-element_type=\"column\" data-e-type=\"column\">\n\t\t\t<div class=\"elementor-widget-wrap elementor-element-populated\">\n\t\t\t\t\t\t<div class=\"elementor-element elementor-element-b745e7a dce_masking-none elementor-widget elementor-widget-image\" data-id=\"b745e7a\" data-element_type=\"widget\" data-e-type=\"widget\" data-widget_type=\"image.default\">\n\t\t\t\t<div class=\"elementor-widget-container\">\n\t\t\t\t\t\t\t\t\t\t\t\t\t\t\t\t<a href=\"https:\/\/www.exenia.eu\/exenia-staging\/wp-content\/uploads\/2025\/04\/MULTIMETRIK-FR.pdf\" target=\"_blank\">\n\t\t\t\t\t\t\t<img decoding=\"async\" width=\"400\" height=\"450\" src=\"https:\/\/restyling.exenia.eu\/wp-content\/uploads\/2024\/11\/Brochure-scaled-400x450.jpg\" class=\"attachment-woocommerce_gallery_thumbnail size-woocommerce_gallery_thumbnail wp-image-59072\" alt=\"\" \/>\t\t\t\t\t\t\t\t<\/a>\n\t\t\t\t\t\t\t\t\t\t\t\t\t\t\t<\/div>\n\t\t\t\t<\/div>\n\t\t\t\t\t<\/div>\n\t\t<\/div>\n\t\t\t\t\t<\/div>\n\t\t<\/section>\n\t\t\t\t<section class=\"elementor-section elementor-top-section elementor-element elementor-element-1a2d173 elementor-section-boxed elementor-section-height-default elementor-section-height-default\" data-id=\"1a2d173\" data-element_type=\"section\" data-e-type=\"section\">\n\t\t\t\t\t\t<div class=\"elementor-container elementor-column-gap-default\">\n\t\t\t\t\t<div class=\"elementor-column elementor-col-100 elementor-top-column elementor-element elementor-element-c74c712\" data-id=\"c74c712\" data-element_type=\"column\" data-e-type=\"column\">\n\t\t\t<div class=\"elementor-widget-wrap elementor-element-populated\">\n\t\t\t\t\t\t<div data-dce-background-color=\"#FFFFFF\" class=\"elementor-element elementor-element-310be46 elementor-align-center elementor-widget elementor-widget-button\" data-id=\"310be46\" data-element_type=\"widget\" data-e-type=\"widget\" data-widget_type=\"button.default\">\n\t\t\t\t<div class=\"elementor-widget-container\">\n\t\t\t\t\t\t\t\t\t<div class=\"elementor-button-wrapper\">\n\t\t\t\t\t<a class=\"elementor-button elementor-button-link elementor-size-sm\" href=\"https:\/\/www.exenia.eu\/exenia-staging\/fr\/?s=Multimetrik\" target=\"_blank\">\n\t\t\t\t\t\t<span class=\"elementor-button-content-wrapper\">\n\t\t\t\t\t\t\t\t\t<span class=\"elementor-button-text\">D\u00e9couvrez la collection<\/span>\n\t\t\t\t\t<\/span>\n\t\t\t\t\t<\/a>\n\t\t\t\t<\/div>\n\t\t\t\t\t\t\t\t<\/div>\n\t\t\t\t<\/div>\n\t\t\t\t\t<\/div>\n\t\t<\/div>\n\t\t\t\t\t<\/div>\n\t\t<\/section>\n\t\t\t\t<section class=\"elementor-section elementor-top-section elementor-element elementor-element-bc1549a elementor-section-boxed elementor-section-height-default elementor-section-height-default\" data-id=\"bc1549a\" data-element_type=\"section\" data-e-type=\"section\">\n\t\t\t\t\t\t<div class=\"elementor-container elementor-column-gap-default\">\n\t\t\t\t\t<div class=\"elementor-column elementor-col-100 elementor-top-column elementor-element elementor-element-ec3d287\" data-id=\"ec3d287\" data-element_type=\"column\" data-e-type=\"column\">\n\t\t\t<div class=\"elementor-widget-wrap elementor-element-populated\">\n\t\t\t\t\t\t<div class=\"elementor-element elementor-element-31e983d dce_masking-none elementor-widget elementor-widget-image\" data-id=\"31e983d\" data-element_type=\"widget\" data-e-type=\"widget\" data-widget_type=\"image.default\">\n\t\t\t\t<div class=\"elementor-widget-container\">\n\t\t\t\t\t\t\t\t\t\t\t\t\t\t\t<img loading=\"lazy\" decoding=\"async\" width=\"11400\" height=\"6022\" src=\"https:\/\/restyling.exenia.eu\/wp-content\/uploads\/2025\/03\/Regolazione.jpg\" class=\"attachment-full size-full wp-image-72110\" alt=\"\" \/>\t\t\t\t\t\t\t\t\t\t\t\t\t\t\t<\/div>\n\t\t\t\t<\/div>\n\t\t\t\t\t<\/div>\n\t\t<\/div>\n\t\t\t\t\t<\/div>\n\t\t<\/section>\n\t\t\t\t<\/div>\n\t\t","protected":false},"excerpt":{"rendered":"<p>Polyvalence maximale sans compromis \u200b Multimetrik est le nouveau syst\u00e8me&#8230;<\/p>\n","protected":false},"author":3,"featured_media":72106,"parent":0,"menu_order":0,"comment_status":"closed","ping_status":"closed","template":"","meta":{"_acf_changed":false,"footnotes":""},"class_list":["post-70576","page","type-page","status-publish","has-post-thumbnail","hentry"],"acf":[],"yoast_head":"<!-- This site is optimized with the Yoast SEO plugin v27.4 - https:\/\/yoast.com\/product\/yoast-seo-wordpress\/ -->\n<title>Multimetrik | Exenia<\/title>\n<meta name=\"robots\" content=\"noindex, follow, max-snippet:-1, max-image-preview:large, max-video-preview:-1\" \/>\n<meta property=\"og:locale\" content=\"fr_FR\" \/>\n<meta property=\"og:type\" content=\"article\" \/>\n<meta property=\"og:title\" content=\"Multimetrik | Exenia\" \/>\n<meta property=\"og:description\" content=\"Polyvalence maximale sans compromis \u200b Multimetrik est le nouveau syst\u00e8me...\" \/>\n<meta property=\"og:url\" content=\"https:\/\/restyling.exenia.eu\/multimetrik\/\" \/>\n<meta property=\"og:site_name\" content=\"Exenia\" \/>\n<meta property=\"article:publisher\" content=\"https:\/\/www.facebook.com\/exenialighting\" \/>\n<meta property=\"article:modified_time\" content=\"2025-05-28T14:39:23+00:00\" \/>\n<meta property=\"og:image\" content=\"https:\/\/restyling.exenia.eu\/wp-content\/uploads\/2025\/03\/Multimetrik.jpg\" \/>\n\t<meta property=\"og:image:width\" content=\"2550\" \/>\n\t<meta property=\"og:image:height\" content=\"1592\" \/>\n\t<meta property=\"og:image:type\" content=\"image\/jpeg\" \/>\n<!-- \/ Yoast SEO plugin. -->","yoast_head_json":{"title":"Multimetrik | Exenia","robots":{"index":"noindex","follow":"follow","max-snippet":"max-snippet:-1","max-image-preview":"max-image-preview:large","max-video-preview":"max-video-preview:-1"},"og_locale":"fr_FR","og_type":"article","og_title":"Multimetrik | Exenia","og_description":"Polyvalence maximale sans compromis \u200b Multimetrik est le nouveau syst\u00e8me...","og_url":"https:\/\/restyling.exenia.eu\/multimetrik\/","og_site_name":"Exenia","article_publisher":"https:\/\/www.facebook.com\/exenialighting","article_modified_time":"2025-05-28T14:39:23+00:00","og_image":[{"width":2550,"height":1592,"url":"https:\/\/restyling.exenia.eu\/wp-content\/uploads\/2025\/03\/Multimetrik.jpg","type":"image\/jpeg"}],"schema":{"@context":"https:\/\/schema.org","@graph":[{"@type":"WebPage","@id":"https:\/\/restyling.exenia.eu\/multimetrik\/","url":"https:\/\/restyling.exenia.eu\/multimetrik\/","name":"Multimetrik | Exenia","isPartOf":{"@id":"https:\/\/restyling.exenia.eu\/#website"},"primaryImageOfPage":{"@id":"https:\/\/restyling.exenia.eu\/multimetrik\/#primaryimage"},"image":{"@id":"https:\/\/restyling.exenia.eu\/multimetrik\/#primaryimage"},"thumbnailUrl":"https:\/\/restyling.exenia.eu\/wp-content\/uploads\/2025\/03\/Multimetrik.jpg","datePublished":"2025-03-07T11:35:04+00:00","dateModified":"2025-05-28T14:39:23+00:00","breadcrumb":{"@id":"https:\/\/restyling.exenia.eu\/multimetrik\/#breadcrumb"},"inLanguage":"fr-FR","potentialAction":[{"@type":"ReadAction","target":["https:\/\/restyling.exenia.eu\/multimetrik\/"]}]},{"@type":"ImageObject","inLanguage":"fr-FR","@id":"https:\/\/restyling.exenia.eu\/multimetrik\/#primaryimage","url":"https:\/\/restyling.exenia.eu\/wp-content\/uploads\/2025\/03\/Multimetrik.jpg","contentUrl":"https:\/\/restyling.exenia.eu\/wp-content\/uploads\/2025\/03\/Multimetrik.jpg","width":2550,"height":1592},{"@type":"BreadcrumbList","@id":"https:\/\/restyling.exenia.eu\/multimetrik\/#breadcrumb","itemListElement":[{"@type":"ListItem","position":1,"name":"Home","item":"https:\/\/restyling.exenia.eu\/"},{"@type":"ListItem","position":2,"name":"Multimetrik"}]},{"@type":"WebSite","@id":"https:\/\/restyling.exenia.eu\/#website","url":"https:\/\/restyling.exenia.eu\/","name":"Exenia","description":"","publisher":{"@id":"https:\/\/restyling.exenia.eu\/#organization"},"potentialAction":[{"@type":"SearchAction","target":{"@type":"EntryPoint","urlTemplate":"https:\/\/restyling.exenia.eu\/?s={search_term_string}"},"query-input":{"@type":"PropertyValueSpecification","valueRequired":true,"valueName":"search_term_string"}}],"inLanguage":"fr-FR"},{"@type":"Organization","@id":"https:\/\/restyling.exenia.eu\/#organization","name":"Exenia","url":"https:\/\/restyling.exenia.eu\/","logo":{"@type":"ImageObject","inLanguage":"fr-FR","@id":"https:\/\/restyling.exenia.eu\/#\/schema\/logo\/image\/","url":"https:\/\/restyling.exenia.eu\/wp-content\/uploads\/2022\/09\/logo_exenia-e1678467519405.png","contentUrl":"https:\/\/restyling.exenia.eu\/wp-content\/uploads\/2022\/09\/logo_exenia-e1678467519405.png","width":600,"height":194,"caption":"Exenia"},"image":{"@id":"https:\/\/restyling.exenia.eu\/#\/schema\/logo\/image\/"},"sameAs":["https:\/\/www.facebook.com\/exenialighting","https:\/\/x.com\/ExeniaLighting"]}]}},"_links":{"self":[{"href":"https:\/\/restyling.exenia.eu\/fr\/wp-json\/wp\/v2\/pages\/70576","targetHints":{"allow":["GET"]}}],"collection":[{"href":"https:\/\/restyling.exenia.eu\/fr\/wp-json\/wp\/v2\/pages"}],"about":[{"href":"https:\/\/restyling.exenia.eu\/fr\/wp-json\/wp\/v2\/types\/page"}],"author":[{"embeddable":true,"href":"https:\/\/restyling.exenia.eu\/fr\/wp-json\/wp\/v2\/users\/3"}],"replies":[{"embeddable":true,"href":"https:\/\/restyling.exenia.eu\/fr\/wp-json\/wp\/v2\/comments?post=70576"}],"version-history":[{"count":0,"href":"https:\/\/restyling.exenia.eu\/fr\/wp-json\/wp\/v2\/pages\/70576\/revisions"}],"wp:featuredmedia":[{"embeddable":true,"href":"https:\/\/restyling.exenia.eu\/fr\/wp-json\/wp\/v2\/media\/72106"}],"wp:attachment":[{"href":"https:\/\/restyling.exenia.eu\/fr\/wp-json\/wp\/v2\/media?parent=70576"}],"curies":[{"name":"wp","href":"https:\/\/api.w.org\/{rel}","templated":true}]}}