{"id":17894,"date":"2023-11-21T09:57:17","date_gmt":"2023-11-21T08:57:17","guid":{"rendered":"https:\/\/www.exenia.eu\/?post_type=product&#038;p=17894"},"modified":"2023-06-13T14:39:50","modified_gmt":"2023-06-13T12:39:50","slug":"io-plafonnier","status":"publish","type":"product","link":"https:\/\/restyling.exenia.eu\/fr\/produit\/io-plafonnier\/","title":{"rendered":"IO Plafonnier"},"content":{"rendered":"<p>Plafonnier pour lampes \u00e0 LED avec \u00e9cran diffuseur en m\u00e9thacrylate opalin (PMMA). Corps en m\u00e9tal\u00a0 peint ou en finition corten. Convertible en suspension lumi\u00e8re directe ou directe\/indirecte au moyen de kits sp\u00e9cifiques \u00e0 commander s\u00e9par\u00e9ment. Transformateurs incorpor\u00e9s 220\/240V &#8211; 50\/60Hz.<\/p>\n","protected":false},"excerpt":{"rendered":"<p>Plafonnier pour lampes \u00e0 LED avec \u00e9cran diffuseur en m\u00e9thacrylate&#8230;<\/p>\n","protected":false},"featured_media":22892,"template":"","meta":{"_acf_changed":false},"product_brand":[],"product_cat":[2637],"product_tag":[7928,7934,7938,7941,7947],"categoria-admin-prodotto":[],"class_list":{"0":"post-17894","1":"product","2":"type-product","3":"status-publish","4":"has-post-thumbnail","6":"product_cat-io-led-suspensions-et-plafonniers","7":"product_tag-32540-fr","8":"product_tag-32541-fr","9":"product_tag-32542-fr","10":"product_tag-32543-fr","11":"product_tag-32545-fr","12":"pa_cct-2700k-fr","13":"pa_cct-3000k-fr","14":"pa_cct-4000k-fr","15":"pa_certificazione-conformita-ce-fr","16":"pa_classe-f-oui","17":"pa_cri-85-fr","18":"pa_grado-ip-ip40-fr","19":"pa_lifetime-l80b10-50-000-h-fr","20":"pa_temperatura-di-esercizio-10-30-fr","22":"first","23":"instock","24":"virtual","25":"purchasable","26":"product-type-composite"},"composite_virtual":false,"composite_layout":"single","composite_add_to_cart_form_location":"default","composite_editable_in_cart":false,"composite_sold_individually_context":"product","composite_shop_price_calc":"defaults","composite_components":[{"id":"1675351698","title":"Corp de l&#039;appareil","description":"","query_type":"product_ids","query_ids":[24626],"default_option_id":24626,"thumbnail_id":"","thumbnail_src":"","quantity_min":1,"quantity_max":1,"priced_individually":false,"shipped_individually":true,"optional":false,"discount":"","options_style":"radios","pagination_style":"classic","display_prices":"absolute","show_sorting_options":false,"show_filtering_options":false,"attribute_filter_ids":[],"product_title_visible":false,"product_descr_visible":false,"product_price_visible":false,"product_thumb_visible":false,"subtotal_visible_product":false,"subtotal_visible_cart":false,"subtotal_visible_orders":false},{"id":"1675351699","title":"Version","description":"","query_type":"product_ids","query_ids":[24630,24634,24638,24644,24648],"default_option_id":"","thumbnail_id":"","thumbnail_src":"","quantity_min":1,"quantity_max":1,"priced_individually":false,"shipped_individually":true,"optional":true,"discount":"","options_style":"radios","pagination_style":"classic","display_prices":"absolute","show_sorting_options":false,"show_filtering_options":false,"attribute_filter_ids":[],"product_title_visible":false,"product_descr_visible":false,"product_price_visible":false,"product_thumb_visible":false,"subtotal_visible_product":false,"subtotal_visible_cart":false,"subtotal_visible_orders":false},{"id":"1675351700","title":"Controle","description":"","query_type":"product_ids","query_ids":[18447,24653,18451,18453,18454,51158,18456,18457],"default_option_id":"","thumbnail_id":"","thumbnail_src":"","quantity_min":1,"quantity_max":1,"priced_individually":false,"shipped_individually":true,"optional":true,"discount":"","options_style":"radios","pagination_style":"classic","display_prices":"absolute","show_sorting_options":false,"show_filtering_options":false,"attribute_filter_ids":[],"product_title_visible":false,"product_descr_visible":false,"product_price_visible":false,"product_thumb_visible":false,"subtotal_visible_product":false,"subtotal_visible_cart":false,"subtotal_visible_orders":false},{"id":"1675351701","title":"Finition","description":"","query_type":"product_ids","query_ids":[18715,18718,18723,18727],"default_option_id":"","thumbnail_id":"","thumbnail_src":"","quantity_min":1,"quantity_max":1,"priced_individually":false,"shipped_individually":true,"optional":true,"discount":"","options_style":"radios","pagination_style":"classic","display_prices":"absolute","show_sorting_options":false,"show_filtering_options":false,"attribute_filter_ids":[],"product_title_visible":false,"product_descr_visible":false,"product_price_visible":false,"product_thumb_visible":false,"subtotal_visible_product":false,"subtotal_visible_cart":false,"subtotal_visible_orders":false},{"id":"1675351702","title":"CRI-CCT","description":"","query_type":"product_ids","query_ids":[18647,18655,18648],"default_option_id":"","thumbnail_id":"","thumbnail_src":"","quantity_min":1,"quantity_max":1,"priced_individually":false,"shipped_individually":true,"optional":true,"discount":"","options_style":"radios","pagination_style":"classic","display_prices":"absolute","show_sorting_options":false,"show_filtering_options":false,"attribute_filter_ids":[],"product_title_visible":false,"product_descr_visible":false,"product_price_visible":false,"product_thumb_visible":false,"subtotal_visible_product":false,"subtotal_visible_cart":false,"subtotal_visible_orders":false},{"id":"1678729356","title":"S\u00e9lectionnez pour activer le diffuseur","description":"","query_type":"product_ids","query_ids":[7634],"default_option_id":"","thumbnail_id":"","thumbnail_src":"","quantity_min":1,"quantity_max":1,"priced_individually":false,"shipped_individually":true,"optional":true,"discount":"","options_style":"radios","pagination_style":"classic","display_prices":"absolute","show_sorting_options":false,"show_filtering_options":false,"attribute_filter_ids":[],"product_title_visible":false,"product_descr_visible":false,"product_price_visible":false,"product_thumb_visible":false,"subtotal_visible_product":false,"subtotal_visible_cart":false,"subtotal_visible_orders":false},{"id":"1678981078","title":"Accessoires","description":"","query_type":"product_ids","query_ids":[24661],"default_option_id":24661,"thumbnail_id":"","thumbnail_src":"","quantity_min":1,"quantity_max":1,"priced_individually":false,"shipped_individually":true,"optional":false,"discount":"","options_style":"radios","pagination_style":"classic","display_prices":"absolute","show_sorting_options":false,"show_filtering_options":false,"attribute_filter_ids":[],"product_title_visible":false,"product_descr_visible":true,"product_price_visible":false,"product_thumb_visible":true,"subtotal_visible_product":false,"subtotal_visible_cart":false,"subtotal_visible_orders":false}],"composite_scenarios":[{"id":"1675353635","name":"260","description":"","configuration":[{"component_id":"1675351699","options_modifier":"in","component_options":[24630]}],"actions":[{"action_id":"compat_group","is_active":false},{"action_id":"conditional_components","is_active":false,"hidden_components":[]},{"action_id":"conditional_options","is_active":true,"hidden_options":[{"component_id":"1675351700","component_options":[18457],"options_modifier":"in"},{"component_id":"1675351702","component_options":[18647],"options_modifier":"in"},{"component_id":"1678981078","component_options":[-1,46203],"options_modifier":"not-in"}]}],"enabled":true},{"id":"1675353636","name":"450","description":"","configuration":[{"component_id":"1675351699","options_modifier":"in","component_options":[24634]}],"actions":[{"action_id":"compat_group","is_active":false},{"action_id":"conditional_components","is_active":false,"hidden_components":[]},{"action_id":"conditional_options","is_active":true,"hidden_options":[{"component_id":"1675351700","component_options":[18457],"options_modifier":"in"},{"component_id":"1678981078","component_options":[-1,46204],"options_modifier":"not-in"}]}],"enabled":false},{"id":"1675353637","name":"550","description":"","configuration":[{"component_id":"1675351699","options_modifier":"in","component_options":[24638]}],"actions":[{"action_id":"compat_group","is_active":false},{"action_id":"conditional_components","is_active":false,"hidden_components":[]},{"action_id":"conditional_options","is_active":true,"hidden_options":[{"component_id":"1675351700","component_options":[18456],"options_modifier":"in"},{"component_id":"1678981078","component_options":[-1,46206],"options_modifier":"not-in"}]}],"enabled":true},{"id":"1675353638","name":"650","description":"","configuration":[{"component_id":"1675351699","options_modifier":"in","component_options":[24644]}],"actions":[{"action_id":"compat_group","is_active":false},{"action_id":"conditional_components","is_active":false,"hidden_components":[]},{"action_id":"conditional_options","is_active":true,"hidden_options":[{"component_id":"1675351700","component_options":[18456],"options_modifier":"in"},{"component_id":"1678981078","component_options":[-1,46207],"options_modifier":"not-in"}]}],"enabled":true},{"id":"1675353639","name":"950","description":"","configuration":[{"component_id":"1675351699","options_modifier":"in","component_options":[24648]}],"actions":[{"action_id":"compat_group","is_active":false},{"action_id":"conditional_components","is_active":false,"hidden_components":[]},{"action_id":"conditional_options","is_active":true,"hidden_options":[{"component_id":"1675351700","component_options":[18456],"options_modifier":"in"},{"component_id":"1678981078","component_options":[-1,46224],"options_modifier":"not-in"}]}],"enabled":true},{"id":"1675353640","name":"push 68","description":"","configuration":[{"component_id":"1675351700","options_modifier":"in","component_options":[18456]}],"actions":[{"action_id":"compat_group","is_active":false},{"action_id":"conditional_components","is_active":false,"hidden_components":[]},{"action_id":"conditional_options","is_active":true,"hidden_options":[{"component_id":"1675351699","component_options":[24638,24644,24648],"options_modifier":"in"}]}],"enabled":true},{"id":"1675353641","name":"push 69","description":"","configuration":[{"component_id":"1675351700","options_modifier":"in","component_options":[18457]}],"actions":[{"action_id":"compat_group","is_active":false},{"action_id":"conditional_components","is_active":false,"hidden_components":[]},{"action_id":"conditional_options","is_active":true,"hidden_options":[{"component_id":"1675351699","component_options":[24630,24634],"options_modifier":"in"}]}],"enabled":true},{"id":"1675353642","name":"cri85 2700","description":"","configuration":[{"component_id":"1675351702","options_modifier":"in","component_options":[18647]}],"actions":[{"action_id":"compat_group","is_active":false},{"action_id":"conditional_components","is_active":false,"hidden_components":[]},{"action_id":"conditional_options","is_active":true,"hidden_options":[{"component_id":"1675351699","component_options":[24630],"options_modifier":"in"}]}],"enabled":true},{"id":"1675353643","name":"acc","description":"","configuration":[{"component_id":"1678729356","options_modifier":"in","component_options":[-1]}],"actions":[{"action_id":"compat_group","is_active":false},{"action_id":"conditional_components","is_active":true,"hidden_components":["1678981078"]},{"action_id":"conditional_options","is_active":true,"hidden_options":[{"component_id":"1678981078","component_options":[-1],"options_modifier":"not-in"}]}],"enabled":true},{"id":"1731492283","name":"450","description":"","configuration":[{"component_id":"1675351699","options_modifier":"in","component_options":[24634]}],"actions":[{"action_id":"compat_group","is_active":false},{"action_id":"conditional_components","is_active":false,"hidden_components":[]},{"action_id":"conditional_options","is_active":true,"hidden_options":[{"component_id":"1675351700","component_options":[18457],"options_modifier":"in"},{"component_id":"1678981078","component_options":[-1,46204],"options_modifier":"not-in"}]}],"enabled":true}],"bundled_by":[],"bundle_stock_status":"instock","bundle_stock_quantity":null,"bundle_virtual":false,"bundle_layout":"","bundle_add_to_cart_form_location":"","bundle_editable_in_cart":false,"bundle_sold_individually_context":"","bundle_item_grouping":"","bundle_min_size":"","bundle_max_size":"","bundled_items":[],"bundle_sell_ids":[],"acf":[],"yoast_head":"<!-- This site is optimized with the Yoast SEO plugin v27.4 - https:\/\/yoast.com\/product\/yoast-seo-wordpress\/ -->\n<title>IO Plafonnier | Exenia<\/title>\n<meta name=\"robots\" content=\"noindex, follow, max-snippet:-1, max-image-preview:large, max-video-preview:-1\" \/>\n<meta property=\"og:locale\" content=\"fr_FR\" \/>\n<meta property=\"og:type\" content=\"article\" \/>\n<meta property=\"og:title\" content=\"IO Plafonnier | Exenia\" \/>\n<meta property=\"og:description\" content=\"Plafonnier pour lampes \u00e0 LED avec \u00e9cran diffuseur en m\u00e9thacrylate...\" \/>\n<meta property=\"og:url\" content=\"https:\/\/restyling.exenia.eu\/fr\/produit\/io-plafonnier\/\" \/>\n<meta property=\"og:site_name\" content=\"Exenia\" \/>\n<meta property=\"article:publisher\" content=\"https:\/\/www.facebook.com\/exenialighting\" \/>\n<meta property=\"og:image\" content=\"https:\/\/restyling.exenia.eu\/wp-content\/uploads\/2023\/01\/Io-plafone-prodotto.jpg\" \/>\n\t<meta property=\"og:image:width\" content=\"2000\" \/>\n\t<meta property=\"og:image:height\" content=\"1919\" \/>\n\t<meta property=\"og:image:type\" content=\"image\/jpeg\" \/>\n<!-- \/ Yoast SEO plugin. -->","yoast_head_json":{"title":"IO Plafonnier | Exenia","robots":{"index":"noindex","follow":"follow","max-snippet":"max-snippet:-1","max-image-preview":"max-image-preview:large","max-video-preview":"max-video-preview:-1"},"og_locale":"fr_FR","og_type":"article","og_title":"IO Plafonnier | Exenia","og_description":"Plafonnier pour lampes \u00e0 LED avec \u00e9cran diffuseur en m\u00e9thacrylate...","og_url":"https:\/\/restyling.exenia.eu\/fr\/produit\/io-plafonnier\/","og_site_name":"Exenia","article_publisher":"https:\/\/www.facebook.com\/exenialighting","og_image":[{"width":2000,"height":1919,"url":"https:\/\/restyling.exenia.eu\/wp-content\/uploads\/2023\/01\/Io-plafone-prodotto.jpg","type":"image\/jpeg"}],"schema":{"@context":"https:\/\/schema.org","@graph":[{"@type":"WebPage","@id":"https:\/\/restyling.exenia.eu\/fr\/produit\/io-plafonnier\/","url":"https:\/\/restyling.exenia.eu\/fr\/produit\/io-plafonnier\/","name":"IO Plafonnier | Exenia","isPartOf":{"@id":"https:\/\/restyling.exenia.eu\/#website"},"primaryImageOfPage":{"@id":"https:\/\/restyling.exenia.eu\/fr\/produit\/io-plafonnier\/#primaryimage"},"image":{"@id":"https:\/\/restyling.exenia.eu\/fr\/produit\/io-plafonnier\/#primaryimage"},"thumbnailUrl":"https:\/\/restyling.exenia.eu\/wp-content\/uploads\/2023\/01\/Io-plafone-prodotto.jpg","datePublished":"2023-11-21T08:57:17+00:00","breadcrumb":{"@id":"https:\/\/restyling.exenia.eu\/fr\/produit\/io-plafonnier\/#breadcrumb"},"inLanguage":"fr-FR","potentialAction":[{"@type":"ReadAction","target":["https:\/\/restyling.exenia.eu\/fr\/produit\/io-plafonnier\/"]}]},{"@type":"ImageObject","inLanguage":"fr-FR","@id":"https:\/\/restyling.exenia.eu\/fr\/produit\/io-plafonnier\/#primaryimage","url":"https:\/\/restyling.exenia.eu\/wp-content\/uploads\/2023\/01\/Io-plafone-prodotto.jpg","contentUrl":"https:\/\/restyling.exenia.eu\/wp-content\/uploads\/2023\/01\/Io-plafone-prodotto.jpg","width":2000,"height":1919},{"@type":"BreadcrumbList","@id":"https:\/\/restyling.exenia.eu\/fr\/produit\/io-plafonnier\/#breadcrumb","itemListElement":[{"@type":"ListItem","position":1,"name":"Home","item":"https:\/\/restyling.exenia.eu\/"},{"@type":"ListItem","position":2,"name":"Produits","item":"https:\/\/restyling.exenia.eu\/prodotti\/"},{"@type":"ListItem","position":3,"name":"Indoor","item":"https:\/\/restyling.exenia.eu\/fr\/c\/indoor\/"},{"@type":"ListItem","position":4,"name":"Suspensions et plafonniers","item":"https:\/\/restyling.exenia.eu\/fr\/c\/indoor\/suspensions-et-plafonniers\/"},{"@type":"ListItem","position":5,"name":"IO","item":"https:\/\/restyling.exenia.eu\/c\/indoor\/apparecchi-a-sospensione-plafoniere\/io-apparecchi-a-sospensione-plafoniere\/"},{"@type":"ListItem","position":6,"name":"IO Plafonnier"}]},{"@type":"WebSite","@id":"https:\/\/restyling.exenia.eu\/#website","url":"https:\/\/restyling.exenia.eu\/","name":"Exenia","description":"","publisher":{"@id":"https:\/\/restyling.exenia.eu\/#organization"},"potentialAction":[{"@type":"SearchAction","target":{"@type":"EntryPoint","urlTemplate":"https:\/\/restyling.exenia.eu\/?s={search_term_string}"},"query-input":{"@type":"PropertyValueSpecification","valueRequired":true,"valueName":"search_term_string"}}],"inLanguage":"fr-FR"},{"@type":"Organization","@id":"https:\/\/restyling.exenia.eu\/#organization","name":"Exenia","url":"https:\/\/restyling.exenia.eu\/","logo":{"@type":"ImageObject","inLanguage":"fr-FR","@id":"https:\/\/restyling.exenia.eu\/#\/schema\/logo\/image\/","url":"https:\/\/restyling.exenia.eu\/wp-content\/uploads\/2022\/09\/logo_exenia-e1678467519405.png","contentUrl":"https:\/\/restyling.exenia.eu\/wp-content\/uploads\/2022\/09\/logo_exenia-e1678467519405.png","width":600,"height":194,"caption":"Exenia"},"image":{"@id":"https:\/\/restyling.exenia.eu\/#\/schema\/logo\/image\/"},"sameAs":["https:\/\/www.facebook.com\/exenialighting","https:\/\/x.com\/ExeniaLighting"]}]}},"_links":{"self":[{"href":"https:\/\/restyling.exenia.eu\/fr\/wp-json\/wp\/v2\/product\/17894","targetHints":{"allow":["GET"]}}],"collection":[{"href":"https:\/\/restyling.exenia.eu\/fr\/wp-json\/wp\/v2\/product"}],"about":[{"href":"https:\/\/restyling.exenia.eu\/fr\/wp-json\/wp\/v2\/types\/product"}],"wp:featuredmedia":[{"embeddable":true,"href":"https:\/\/restyling.exenia.eu\/fr\/wp-json\/wp\/v2\/media\/22892"}],"wp:attachment":[{"href":"https:\/\/restyling.exenia.eu\/fr\/wp-json\/wp\/v2\/media?parent=17894"}],"wp:term":[{"taxonomy":"product_brand","embeddable":true,"href":"https:\/\/restyling.exenia.eu\/fr\/wp-json\/wp\/v2\/product_brand?post=17894"},{"taxonomy":"product_cat","embeddable":true,"href":"https:\/\/restyling.exenia.eu\/fr\/wp-json\/wp\/v2\/product_cat?post=17894"},{"taxonomy":"product_tag","embeddable":true,"href":"https:\/\/restyling.exenia.eu\/fr\/wp-json\/wp\/v2\/product_tag?post=17894"},{"taxonomy":"categoria-admin-prodotto","embeddable":true,"href":"https:\/\/restyling.exenia.eu\/fr\/wp-json\/wp\/v2\/categoria-admin-prodotto?post=17894"}],"curies":[{"name":"wp","href":"https:\/\/api.w.org\/{rel}","templated":true}]}}