{"id":17911,"date":"2022-11-24T09:50:58","date_gmt":"2022-11-24T08:50:58","guid":{"rendered":"https:\/\/www.exenia.eu\/prodotto\/nio-fisso-downlight\/"},"modified":"2023-06-13T14:39:18","modified_gmt":"2023-06-13T12:39:18","slug":"nio-fixe","status":"publish","type":"product","link":"https:\/\/restyling.exenia.eu\/fr\/produit\/nio-fixe\/","title":{"rendered":"Nio Fixe"},"content":{"rendered":"<p>Downlight \u00e0 LED encastr\u00e9 fixe adapt\u00e9 \u00e0 une \u00e9paisseur de plafond jusqu&rsquo;\u00e0 20 mm. Gr\u00e2ce \u00e0 la pr\u00e9sence d&rsquo;une fermeture arri\u00e8re, le compartiment situ\u00e9 au-dessus de l&rsquo;appareillage n&rsquo;est jamais visible lors de l&rsquo;extraction de ce dernier, ce qui conf\u00e8re \u00e0 l&rsquo;ensemble une apparence parfaite dans toute situation d&rsquo;orientation. Le mod\u00e8le Nio fixe est le dernier n\u00e9 de la famille et accro\u00eet \u00e0 une plus grande exhaustivit\u00e9 la gamme de produits Nio. Tous les downlights Nio ont un anneau de couleur faisant partie de l&rsquo;ensemble optique, disponible dans de nombreuses finitions et en mesure de donner une note chromatique \u00e0 l&rsquo;installation. Trois angles de faisceau di?\u00e9rents sont disponibles pour cette famille de produits qui est aliment\u00e9e par des Drivers \u00e0 distance pour un fonctionnement On-Off ou dimmable, au choix, DALI, Push\/1-10V et V. PHASE. Un accessoire \u00e0 coupler \u00e0 l&rsquo;alimentation DALI, qui permet de le contr\u00f4ler via Bluetooth avec une application pour smartphone, peut \u00eatre achet\u00e9 s\u00e9par\u00e9ment.<\/p>\n","protected":false},"excerpt":{"rendered":"<p>Downlight \u00e0 LED encastr\u00e9 fixe adapt\u00e9 \u00e0 une \u00e9paisseur de&#8230;<\/p>\n","protected":false},"featured_media":11791,"template":"","meta":{"_acf_changed":false},"product_brand":[],"product_cat":[3813],"product_tag":[8463,8469],"categoria-admin-prodotto":[],"class_list":{"0":"post-17911","1":"product","2":"type-product","3":"status-publish","4":"has-post-thumbnail","6":"product_cat-nio-fr","7":"product_tag-6028057-fr","8":"product_tag-6028056-fr","9":"pa_cct-2700k-fr","10":"pa_cct-3000k-fr","11":"pa_cct-4000k-fr","12":"pa_certificazione-conformita-ce-fr","13":"pa_classe-f-oui","14":"pa_cri-85-fr","15":"pa_cri-95-fr","16":"pa_grado-ip-ip20-fr","17":"pa_lifetime-l80b10-90-000-h-fr","18":"pa_temperatura-di-esercizio-10-30-fr","20":"first","21":"instock","22":"purchasable","23":"product-type-composite"},"composite_virtual":false,"composite_layout":"single","composite_add_to_cart_form_location":"default","composite_editable_in_cart":false,"composite_sold_individually_context":"product","composite_shop_price_calc":"defaults","composite_components":[{"id":"1670855960","title":"Corp de l&#039;appareil","description":"","query_type":"product_ids","query_ids":[18581],"default_option_id":18581,"thumbnail_id":"","thumbnail_src":"","quantity_min":1,"quantity_max":1,"priced_individually":false,"shipped_individually":false,"optional":false,"discount":"","options_style":"radios","pagination_style":"classic","display_prices":"absolute","show_sorting_options":false,"show_filtering_options":false,"attribute_filter_ids":[],"product_title_visible":false,"product_descr_visible":false,"product_price_visible":false,"product_thumb_visible":false,"subtotal_visible_product":false,"subtotal_visible_cart":false,"subtotal_visible_orders":false},{"id":"1670855961","title":"Version","description":"","query_type":"product_ids","query_ids":[13696],"default_option_id":13696,"thumbnail_id":"","thumbnail_src":"","quantity_min":1,"quantity_max":1,"priced_individually":false,"shipped_individually":false,"optional":false,"discount":"","options_style":"radios","pagination_style":"classic","display_prices":"absolute","show_sorting_options":false,"show_filtering_options":false,"attribute_filter_ids":[],"product_title_visible":false,"product_descr_visible":false,"product_price_visible":false,"product_thumb_visible":false,"subtotal_visible_product":false,"subtotal_visible_cart":false,"subtotal_visible_orders":false},{"id":"1670855962","title":"Puissance","description":"","query_type":"product_ids","query_ids":[13683,13673,13670,13663],"default_option_id":"","thumbnail_id":"","thumbnail_src":"","quantity_min":1,"quantity_max":1,"priced_individually":false,"shipped_individually":false,"optional":true,"discount":"","options_style":"radios","pagination_style":"classic","display_prices":"absolute","show_sorting_options":false,"show_filtering_options":false,"attribute_filter_ids":[],"product_title_visible":false,"product_descr_visible":false,"product_price_visible":false,"product_thumb_visible":false,"subtotal_visible_product":false,"subtotal_visible_cart":false,"subtotal_visible_orders":false},{"id":"1670855963","title":"Finition","description":"","query_type":"product_ids","query_ids":[18746,18747],"default_option_id":"","thumbnail_id":"","thumbnail_src":"","quantity_min":1,"quantity_max":1,"priced_individually":false,"shipped_individually":false,"optional":true,"discount":"","options_style":"radios","pagination_style":"classic","display_prices":"absolute","show_sorting_options":false,"show_filtering_options":false,"attribute_filter_ids":[],"product_title_visible":false,"product_descr_visible":false,"product_price_visible":false,"product_thumb_visible":false,"subtotal_visible_product":false,"subtotal_visible_cart":false,"subtotal_visible_orders":false},{"id":"1670857429","title":"CRI-CCT","description":"","query_type":"product_ids","query_ids":[18655,18649,18650,18651],"default_option_id":"","thumbnail_id":"","thumbnail_src":"","quantity_min":1,"quantity_max":1,"priced_individually":false,"shipped_individually":false,"optional":true,"discount":"","options_style":"radios","pagination_style":"classic","display_prices":"absolute","show_sorting_options":false,"show_filtering_options":false,"attribute_filter_ids":[],"product_title_visible":false,"product_descr_visible":false,"product_price_visible":false,"product_thumb_visible":false,"subtotal_visible_product":false,"subtotal_visible_cart":false,"subtotal_visible_orders":false},{"id":"1670857430","title":"Commandez s\u00e9par\u00e9ment","description":"","query_type":"product_ids","query_ids":[7634],"default_option_id":7634,"thumbnail_id":"","thumbnail_src":"","quantity_min":1,"quantity_max":1,"priced_individually":false,"shipped_individually":false,"optional":false,"discount":"","options_style":"radios","pagination_style":"classic","display_prices":"absolute","show_sorting_options":false,"show_filtering_options":false,"attribute_filter_ids":[],"product_title_visible":false,"product_descr_visible":false,"product_price_visible":false,"product_thumb_visible":false,"subtotal_visible_product":false,"subtotal_visible_cart":false,"subtotal_visible_orders":false},{"id":"1670857431","title":"Accessoires optiques primaires","description":"","query_type":"product_ids","query_ids":[18203],"default_option_id":18203,"thumbnail_id":"","thumbnail_src":"","quantity_min":1,"quantity_max":1,"priced_individually":false,"shipped_individually":false,"optional":false,"discount":"","options_style":"radios","pagination_style":"classic","display_prices":"absolute","show_sorting_options":false,"show_filtering_options":false,"attribute_filter_ids":[],"product_title_visible":false,"product_descr_visible":false,"product_price_visible":false,"product_thumb_visible":false,"subtotal_visible_product":false,"subtotal_visible_cart":false,"subtotal_visible_orders":false},{"id":"1670857432","title":"Finition de l&#039;anneau","description":"","query_type":"product_ids","query_ids":[18708,18709,18710,18712,18715,18718,18727],"default_option_id":"","thumbnail_id":"","thumbnail_src":"","quantity_min":1,"quantity_max":1,"priced_individually":false,"shipped_individually":false,"optional":true,"discount":"","options_style":"radios","pagination_style":"classic","display_prices":"absolute","show_sorting_options":false,"show_filtering_options":false,"attribute_filter_ids":[],"product_title_visible":false,"product_descr_visible":false,"product_price_visible":false,"product_thumb_visible":false,"subtotal_visible_product":false,"subtotal_visible_cart":false,"subtotal_visible_orders":false},{"id":"1670857433","title":"Optique","description":"","query_type":"product_ids","query_ids":[18830,18819,18837,18828,18823,18836],"default_option_id":"","thumbnail_id":"","thumbnail_src":"","quantity_min":1,"quantity_max":1,"priced_individually":false,"shipped_individually":false,"optional":true,"discount":"","options_style":"radios","pagination_style":"classic","display_prices":"absolute","show_sorting_options":false,"show_filtering_options":false,"attribute_filter_ids":[],"product_title_visible":false,"product_descr_visible":false,"product_price_visible":false,"product_thumb_visible":false,"subtotal_visible_product":false,"subtotal_visible_cart":false,"subtotal_visible_orders":false},{"id":"1676026828","title":" ","description":"","query_type":"product_ids","query_ids":[7634],"default_option_id":7634,"thumbnail_id":"","thumbnail_src":"","quantity_min":1,"quantity_max":1,"priced_individually":false,"shipped_individually":false,"optional":false,"discount":"","options_style":"radios","pagination_style":"classic","display_prices":"absolute","show_sorting_options":false,"show_filtering_options":false,"attribute_filter_ids":[],"product_title_visible":false,"product_descr_visible":false,"product_price_visible":false,"product_thumb_visible":false,"subtotal_visible_product":false,"subtotal_visible_cart":false,"subtotal_visible_orders":false},{"id":"1676026829","title":"Alimentation \u00e9lectrique","description":"","query_type":"product_ids","query_ids":[40151],"default_option_id":40151,"thumbnail_id":"","thumbnail_src":"","quantity_min":1,"quantity_max":1,"priced_individually":false,"shipped_individually":false,"optional":false,"discount":"","options_style":"radios","pagination_style":"classic","display_prices":"absolute","show_sorting_options":false,"show_filtering_options":false,"attribute_filter_ids":[],"product_title_visible":false,"product_descr_visible":false,"product_price_visible":false,"product_thumb_visible":true,"subtotal_visible_product":false,"subtotal_visible_cart":false,"subtotal_visible_orders":false},{"id":"1676026830","title":"700mA","description":"","query_type":"product_ids","query_ids":[40128],"default_option_id":40128,"thumbnail_id":"","thumbnail_src":"","quantity_min":1,"quantity_max":1,"priced_individually":false,"shipped_individually":false,"optional":false,"discount":"","options_style":"radios","pagination_style":"classic","display_prices":"absolute","show_sorting_options":false,"show_filtering_options":false,"attribute_filter_ids":[],"product_title_visible":false,"product_descr_visible":false,"product_price_visible":false,"product_thumb_visible":true,"subtotal_visible_product":false,"subtotal_visible_cart":false,"subtotal_visible_orders":false},{"id":"1676026831","title":"900mA","description":"","query_type":"product_ids","query_ids":[40118],"default_option_id":40118,"thumbnail_id":"","thumbnail_src":"","quantity_min":1,"quantity_max":1,"priced_individually":false,"shipped_individually":false,"optional":false,"discount":"","options_style":"radios","pagination_style":"classic","display_prices":"absolute","show_sorting_options":false,"show_filtering_options":false,"attribute_filter_ids":[],"product_title_visible":false,"product_descr_visible":false,"product_price_visible":false,"product_thumb_visible":true,"subtotal_visible_product":false,"subtotal_visible_cart":false,"subtotal_visible_orders":false},{"id":"1676026832","title":"1050mA","description":"","query_type":"product_ids","query_ids":[40106],"default_option_id":40106,"thumbnail_id":"","thumbnail_src":"","quantity_min":1,"quantity_max":1,"priced_individually":false,"shipped_individually":false,"optional":false,"discount":"","options_style":"radios","pagination_style":"classic","display_prices":"absolute","show_sorting_options":false,"show_filtering_options":false,"attribute_filter_ids":[],"product_title_visible":false,"product_descr_visible":false,"product_price_visible":false,"product_thumb_visible":true,"subtotal_visible_product":false,"subtotal_visible_cart":false,"subtotal_visible_orders":false},{"id":"1675698983","title":"Accessoires secondaires","description":"","query_type":"product_ids","query_ids":[40978],"default_option_id":40978,"thumbnail_id":"","thumbnail_src":"","quantity_min":1,"quantity_max":1,"priced_individually":false,"shipped_individually":false,"optional":false,"discount":"","options_style":"radios","pagination_style":"classic","display_prices":"absolute","show_sorting_options":false,"show_filtering_options":false,"attribute_filter_ids":[],"product_title_visible":false,"product_descr_visible":true,"product_price_visible":false,"product_thumb_visible":false,"subtotal_visible_product":false,"subtotal_visible_cart":false,"subtotal_visible_orders":false}],"composite_scenarios":[{"id":"1670857528","name":"18\/26w","description":"","configuration":[{"component_id":"1670855962","options_modifier":"in","component_options":[13683,13673]}],"actions":[{"action_id":"compat_group","is_active":false},{"action_id":"conditional_components","is_active":false,"hidden_components":[]},{"action_id":"conditional_options","is_active":true,"hidden_options":[{"component_id":"1670857433","component_options":[18831,18818,18839,18828,18823,18836],"options_modifier":"in"}]}],"enabled":true},{"id":"1670857529","name":"33\/40w","description":"","configuration":[{"component_id":"1670855962","options_modifier":"in","component_options":[13670,13663]}],"actions":[{"action_id":"compat_group","is_active":false},{"action_id":"conditional_components","is_active":false,"hidden_components":[]},{"action_id":"conditional_options","is_active":true,"hidden_options":[{"component_id":"1670857433","component_options":[18830,18819,18837],"options_modifier":"in"}]}],"enabled":true},{"id":"1670857530","name":"ottica x 18\/26w","description":"","configuration":[{"component_id":"1670857433","options_modifier":"in","component_options":[18830,18819,18837]}],"actions":[{"action_id":"compat_group","is_active":false},{"action_id":"conditional_components","is_active":false,"hidden_components":[]},{"action_id":"conditional_options","is_active":true,"hidden_options":[{"component_id":"1670855962","component_options":[13670,13663],"options_modifier":"in"}]}],"enabled":true},{"id":"1670857531","name":"ottica x 33\/40w","description":"","configuration":[{"component_id":"1670857433","options_modifier":"in","component_options":[18828,18823,18836]}],"actions":[{"action_id":"compat_group","is_active":false},{"action_id":"conditional_components","is_active":false,"hidden_components":[]},{"action_id":"conditional_options","is_active":true,"hidden_options":[{"component_id":"1670855962","component_options":[13683,13673],"options_modifier":"in"}]}],"enabled":true},{"id":"1676027106","name":"no driver no selection","description":"","configuration":[{"component_id":"1670855962","options_modifier":"in","component_options":[-1]}],"actions":[{"action_id":"compat_group","is_active":false},{"action_id":"conditional_components","is_active":true,"hidden_components":["1676026829","1676026830","1676026831","1676026832"]},{"action_id":"conditional_options","is_active":true,"hidden_options":[{"component_id":"1676026829","component_options":[-1],"options_modifier":"not-in"},{"component_id":"1676026830","component_options":[-1],"options_modifier":"not-in"},{"component_id":"1676026831","component_options":[-1],"options_modifier":"not-in"},{"component_id":"1676026832","component_options":[-1],"options_modifier":"not-in"}]}],"enabled":true},{"id":"1676027107","name":"500ma","description":"","configuration":[{"component_id":"1670855962","options_modifier":"in","component_options":[13683]}],"actions":[{"action_id":"compat_group","is_active":false},{"action_id":"conditional_components","is_active":true,"hidden_components":["1676026830","1676026831","1676026832"]},{"action_id":"conditional_options","is_active":true,"hidden_options":[{"component_id":"1676026829","component_options":[-1,40157,40160,40162,40163,40164,40165,40166,40168],"options_modifier":"not-in"},{"component_id":"1676026830","component_options":[-1],"options_modifier":"not-in"},{"component_id":"1676026831","component_options":[-1],"options_modifier":"not-in"},{"component_id":"1676026832","component_options":[-1],"options_modifier":"not-in"}]}],"enabled":true},{"id":"1676027108","name":"700ma","description":"","configuration":[{"component_id":"1670855962","options_modifier":"in","component_options":[13673]}],"actions":[{"action_id":"compat_group","is_active":false},{"action_id":"conditional_components","is_active":true,"hidden_components":["1676026829","1676026831","1676026832"]},{"action_id":"conditional_options","is_active":true,"hidden_options":[{"component_id":"1676026829","component_options":[-1],"options_modifier":"not-in"},{"component_id":"1676026830","component_options":[-1,75352,75353,40135,40136,40139],"options_modifier":"not-in"},{"component_id":"1676026831","component_options":[-1],"options_modifier":"not-in"},{"component_id":"1676026832","component_options":[-1],"options_modifier":"not-in"}]}],"enabled":true},{"id":"1676027109","name":"900ma","description":"","configuration":[{"component_id":"1670855962","options_modifier":"in","component_options":[13670]}],"actions":[{"action_id":"compat_group","is_active":false},{"action_id":"conditional_components","is_active":true,"hidden_components":["1676026829","1676026830","1676026832"]},{"action_id":"conditional_options","is_active":true,"hidden_options":[{"component_id":"1676026829","component_options":[-1],"options_modifier":"not-in"},{"component_id":"1676026830","component_options":[-1],"options_modifier":"not-in"},{"component_id":"1676026831","component_options":[-1,40120,40124,40127],"options_modifier":"not-in"},{"component_id":"1676026832","component_options":[-1],"options_modifier":"not-in"}]}],"enabled":true},{"id":"1676027110","name":"1050ma","description":"","configuration":[{"component_id":"1670855962","options_modifier":"in","component_options":[13663]}],"actions":[{"action_id":"compat_group","is_active":false},{"action_id":"conditional_components","is_active":true,"hidden_components":["1676026829","1676026830","1676026831"]},{"action_id":"conditional_options","is_active":true,"hidden_options":[{"component_id":"1676026829","component_options":[-1],"options_modifier":"not-in"},{"component_id":"1676026830","component_options":[-1],"options_modifier":"not-in"},{"component_id":"1676026831","component_options":[-1],"options_modifier":"not-in"},{"component_id":"1676026832","component_options":[-1,40112,40114,40117],"options_modifier":"not-in"}]}],"enabled":true}],"bundled_by":[],"bundle_stock_status":"instock","bundle_stock_quantity":null,"bundle_virtual":false,"bundle_layout":"","bundle_add_to_cart_form_location":"","bundle_editable_in_cart":false,"bundle_sold_individually_context":"","bundle_item_grouping":"","bundle_min_size":"","bundle_max_size":"","bundled_items":[],"bundle_sell_ids":[],"acf":[],"yoast_head":"<!-- This site is optimized with the Yoast SEO plugin v27.5 - https:\/\/yoast.com\/product\/yoast-seo-wordpress\/ -->\n<title>Nio Fixe | Exenia<\/title>\n<meta name=\"robots\" content=\"noindex, follow, max-snippet:-1, max-image-preview:large, max-video-preview:-1\" \/>\n<meta property=\"og:locale\" content=\"fr_FR\" \/>\n<meta property=\"og:type\" content=\"article\" \/>\n<meta property=\"og:title\" content=\"Nio Fixe | Exenia\" \/>\n<meta property=\"og:description\" content=\"Downlight \u00e0 LED encastr\u00e9 fixe adapt\u00e9 \u00e0 une \u00e9paisseur de...\" \/>\n<meta property=\"og:url\" content=\"https:\/\/restyling.exenia.eu\/prodotto\/nio-fisso-downlight\/\" \/>\n<meta property=\"og:site_name\" content=\"Exenia\" \/>\n<meta property=\"article:publisher\" content=\"https:\/\/www.facebook.com\/exenialighting\" \/>\n<meta property=\"article:modified_time\" content=\"2023-06-13T12:39:18+00:00\" \/>\n<meta property=\"og:image\" content=\"https:\/\/restyling.exenia.eu\/wp-content\/uploads\/2023\/01\/Nio-fisso-prodotto.jpg\" \/>\n\t<meta property=\"og:image:width\" content=\"2000\" \/>\n\t<meta property=\"og:image:height\" content=\"1919\" \/>\n\t<meta property=\"og:image:type\" content=\"image\/jpeg\" \/>\n<!-- \/ Yoast SEO plugin. -->","yoast_head_json":{"title":"Nio Fixe | Exenia","robots":{"index":"noindex","follow":"follow","max-snippet":"max-snippet:-1","max-image-preview":"max-image-preview:large","max-video-preview":"max-video-preview:-1"},"og_locale":"fr_FR","og_type":"article","og_title":"Nio Fixe | Exenia","og_description":"Downlight \u00e0 LED encastr\u00e9 fixe adapt\u00e9 \u00e0 une \u00e9paisseur de...","og_url":"https:\/\/restyling.exenia.eu\/prodotto\/nio-fisso-downlight\/","og_site_name":"Exenia","article_publisher":"https:\/\/www.facebook.com\/exenialighting","article_modified_time":"2023-06-13T12:39:18+00:00","og_image":[{"width":2000,"height":1919,"url":"https:\/\/restyling.exenia.eu\/wp-content\/uploads\/2023\/01\/Nio-fisso-prodotto.jpg","type":"image\/jpeg"}],"schema":{"@context":"https:\/\/schema.org","@graph":[{"@type":"WebPage","@id":"https:\/\/restyling.exenia.eu\/prodotto\/nio-fisso-downlight\/","url":"https:\/\/restyling.exenia.eu\/prodotto\/nio-fisso-downlight\/","name":"Nio Fixe | Exenia","isPartOf":{"@id":"https:\/\/restyling.exenia.eu\/#website"},"primaryImageOfPage":{"@id":"https:\/\/restyling.exenia.eu\/prodotto\/nio-fisso-downlight\/#primaryimage"},"image":{"@id":"https:\/\/restyling.exenia.eu\/prodotto\/nio-fisso-downlight\/#primaryimage"},"thumbnailUrl":"https:\/\/restyling.exenia.eu\/wp-content\/uploads\/2023\/01\/Nio-fisso-prodotto.jpg","datePublished":"2022-11-24T08:50:58+00:00","dateModified":"2023-06-13T12:39:18+00:00","breadcrumb":{"@id":"https:\/\/restyling.exenia.eu\/prodotto\/nio-fisso-downlight\/#breadcrumb"},"inLanguage":"fr-FR","potentialAction":[{"@type":"ReadAction","target":["https:\/\/restyling.exenia.eu\/prodotto\/nio-fisso-downlight\/"]}]},{"@type":"ImageObject","inLanguage":"fr-FR","@id":"https:\/\/restyling.exenia.eu\/prodotto\/nio-fisso-downlight\/#primaryimage","url":"https:\/\/restyling.exenia.eu\/wp-content\/uploads\/2023\/01\/Nio-fisso-prodotto.jpg","contentUrl":"https:\/\/restyling.exenia.eu\/wp-content\/uploads\/2023\/01\/Nio-fisso-prodotto.jpg","width":2000,"height":1919},{"@type":"BreadcrumbList","@id":"https:\/\/restyling.exenia.eu\/prodotto\/nio-fisso-downlight\/#breadcrumb","itemListElement":[{"@type":"ListItem","position":1,"name":"Home","item":"https:\/\/restyling.exenia.eu\/"},{"@type":"ListItem","position":2,"name":"Produits","item":"https:\/\/restyling.exenia.eu\/prodotti\/"},{"@type":"ListItem","position":3,"name":"Indoor","item":"https:\/\/restyling.exenia.eu\/c\/indoor\/"},{"@type":"ListItem","position":4,"name":"Apparecchi ad incasso","item":"https:\/\/restyling.exenia.eu\/c\/indoor\/apparecchi-ad-incasso\/"},{"@type":"ListItem","position":5,"name":"Nio","item":"https:\/\/restyling.exenia.eu\/c\/indoor\/apparecchi-ad-incasso\/nio\/"},{"@type":"ListItem","position":6,"name":"Nio Fixe"}]},{"@type":"WebSite","@id":"https:\/\/restyling.exenia.eu\/#website","url":"https:\/\/restyling.exenia.eu\/","name":"Exenia","description":"","publisher":{"@id":"https:\/\/restyling.exenia.eu\/#organization"},"potentialAction":[{"@type":"SearchAction","target":{"@type":"EntryPoint","urlTemplate":"https:\/\/restyling.exenia.eu\/?s={search_term_string}"},"query-input":{"@type":"PropertyValueSpecification","valueRequired":true,"valueName":"search_term_string"}}],"inLanguage":"fr-FR"},{"@type":"Organization","@id":"https:\/\/restyling.exenia.eu\/#organization","name":"Exenia","url":"https:\/\/restyling.exenia.eu\/","logo":{"@type":"ImageObject","inLanguage":"fr-FR","@id":"https:\/\/restyling.exenia.eu\/#\/schema\/logo\/image\/","url":"https:\/\/restyling.exenia.eu\/wp-content\/uploads\/2022\/09\/logo_exenia-e1678467519405.png","contentUrl":"https:\/\/restyling.exenia.eu\/wp-content\/uploads\/2022\/09\/logo_exenia-e1678467519405.png","width":600,"height":194,"caption":"Exenia"},"image":{"@id":"https:\/\/restyling.exenia.eu\/#\/schema\/logo\/image\/"},"sameAs":["https:\/\/www.facebook.com\/exenialighting","https:\/\/x.com\/ExeniaLighting"]}]}},"_links":{"self":[{"href":"https:\/\/restyling.exenia.eu\/fr\/wp-json\/wp\/v2\/product\/17911","targetHints":{"allow":["GET"]}}],"collection":[{"href":"https:\/\/restyling.exenia.eu\/fr\/wp-json\/wp\/v2\/product"}],"about":[{"href":"https:\/\/restyling.exenia.eu\/fr\/wp-json\/wp\/v2\/types\/product"}],"wp:featuredmedia":[{"embeddable":true,"href":"https:\/\/restyling.exenia.eu\/fr\/wp-json\/wp\/v2\/media\/11791"}],"wp:attachment":[{"href":"https:\/\/restyling.exenia.eu\/fr\/wp-json\/wp\/v2\/media?parent=17911"}],"wp:term":[{"taxonomy":"product_brand","embeddable":true,"href":"https:\/\/restyling.exenia.eu\/fr\/wp-json\/wp\/v2\/product_brand?post=17911"},{"taxonomy":"product_cat","embeddable":true,"href":"https:\/\/restyling.exenia.eu\/fr\/wp-json\/wp\/v2\/product_cat?post=17911"},{"taxonomy":"product_tag","embeddable":true,"href":"https:\/\/restyling.exenia.eu\/fr\/wp-json\/wp\/v2\/product_tag?post=17911"},{"taxonomy":"categoria-admin-prodotto","embeddable":true,"href":"https:\/\/restyling.exenia.eu\/fr\/wp-json\/wp\/v2\/categoria-admin-prodotto?post=17911"}],"curies":[{"name":"wp","href":"https:\/\/api.w.org\/{rel}","templated":true}]}}