{"id":26989,"date":"2023-01-26T12:08:01","date_gmt":"2023-01-26T11:08:01","guid":{"rendered":"https:\/\/www.exenia.eu\/?post_type=product&#038;p=26989"},"modified":"2025-03-26T10:06:39","modified_gmt":"2025-03-26T09:06:39","slug":"rail-48-twin","status":"publish","type":"product","link":"https:\/\/restyling.exenia.eu\/fr\/produit\/rail-48-twin\/","title":{"rendered":"Track 48 Twin"},"content":{"rendered":"<p>Le Track 48-EVO est un rail basse tension 48VDC suspendu, fix\u00e9 au plafond ou mural, en aluminium extrud\u00e9. Les adaptateurs de rail s&rsquo;enclenchent via un m\u00e9canisme m\u00e9canique et peuvent \u00eatre retir\u00e9s du rail via le dispositif d&rsquo;ouverture m\u00e9canique \u00e0 l&rsquo;aide de la vis. Disponible en longueur de 1000 mm, 2000 mm et 3000 mm. Les finitions incluent un rev\u00eatement de peinture en poudre de couleur noir et blanc. Le rail est \u00e9quip\u00e9 de deux conducteurs isol\u00e9s pour l&rsquo;alimentation et la gradation. Alimentation 48VDC \u00e0 distance pour la gradation ON\/OFF ou DALI \u00e0 commander s\u00e9par\u00e9ment. Ce profil est adapt\u00e9 \u00e0 l&rsquo;utilisation avec les luminaires TRACK 48.<\/p>\n<p><img fetchpriority=\"high\" decoding=\"async\" class=\"aligncenter wp-image-71960\" src=\"https:\/\/restyling.exenia.eu\/wp-content\/uploads\/2023\/01\/Simulazione-sistema-colori-scaled.jpg\" alt=\"\" width=\"1250\" height=\"810\" srcset=\"https:\/\/restyling.exenia.eu\/wp-content\/uploads\/2023\/01\/Simulazione-sistema-colori-scaled.jpg 2560w, https:\/\/restyling.exenia.eu\/wp-content\/uploads\/2023\/01\/Simulazione-sistema-colori-300x194.jpg 300w, https:\/\/restyling.exenia.eu\/wp-content\/uploads\/2023\/01\/Simulazione-sistema-colori-1024x664.jpg 1024w, https:\/\/restyling.exenia.eu\/wp-content\/uploads\/2023\/01\/Simulazione-sistema-colori-768x498.jpg 768w, https:\/\/restyling.exenia.eu\/wp-content\/uploads\/2023\/01\/Simulazione-sistema-colori-1536x995.jpg 1536w, https:\/\/restyling.exenia.eu\/wp-content\/uploads\/2023\/01\/Simulazione-sistema-colori-2048x1327.jpg 2048w\" sizes=\"(max-width: 1250px) 100vw, 1250px\" \/><\/p>\n","protected":false},"excerpt":{"rendered":"<p>Le Track 48-EVO est un rail basse tension 48VDC suspendu,&#8230;<\/p>\n","protected":false},"featured_media":71926,"template":"","meta":{"_acf_changed":false},"product_brand":[],"product_cat":[2705],"product_tag":[8911],"categoria-admin-prodotto":[],"class_list":{"0":"post-26989","1":"product","2":"type-product","3":"status-publish","4":"has-post-thumbnail","6":"product_cat-track-48-systemes","7":"product_tag-71490-fr","8":"pa_grado-ip-ip20-fr","10":"first","11":"instock","12":"virtual","13":"purchasable","14":"product-type-composite"},"composite_virtual":false,"composite_layout":"single","composite_add_to_cart_form_location":"default","composite_editable_in_cart":false,"composite_sold_individually_context":"product","composite_shop_price_calc":"defaults","composite_components":[{"id":"1741771885","title":"Pistes","description":"","query_type":"product_ids","query_ids":[70669],"default_option_id":70669,"thumbnail_id":"","thumbnail_src":"","quantity_min":1,"quantity_max":1,"priced_individually":false,"shipped_individually":true,"optional":false,"discount":"","options_style":"radios","pagination_style":"classic","display_prices":"absolute","show_sorting_options":false,"show_filtering_options":false,"attribute_filter_ids":[],"product_title_visible":false,"product_descr_visible":false,"product_price_visible":false,"product_thumb_visible":false,"subtotal_visible_product":false,"subtotal_visible_cart":false,"subtotal_visible_orders":false},{"id":"1741771886","title":"Accouplements \u00e9lectriques","description":"","query_type":"product_ids","query_ids":[70763],"default_option_id":70763,"thumbnail_id":"","thumbnail_src":"","quantity_min":1,"quantity_max":1,"priced_individually":false,"shipped_individually":true,"optional":false,"discount":"","options_style":"radios","pagination_style":"classic","display_prices":"absolute","show_sorting_options":false,"show_filtering_options":false,"attribute_filter_ids":[],"product_title_visible":false,"product_descr_visible":false,"product_price_visible":false,"product_thumb_visible":false,"subtotal_visible_product":false,"subtotal_visible_cart":false,"subtotal_visible_orders":false},{"id":"1741771887","title":"Accouplements m\u00e9caniques","description":"","query_type":"product_ids","query_ids":[70791],"default_option_id":70791,"thumbnail_id":"","thumbnail_src":"","quantity_min":1,"quantity_max":1,"priced_individually":false,"shipped_individually":true,"optional":false,"discount":"","options_style":"radios","pagination_style":"classic","display_prices":"absolute","show_sorting_options":false,"show_filtering_options":false,"attribute_filter_ids":[],"product_title_visible":false,"product_descr_visible":false,"product_price_visible":false,"product_thumb_visible":false,"subtotal_visible_product":false,"subtotal_visible_cart":false,"subtotal_visible_orders":false},{"id":"1741771888","title":"Syst\u00e8mes de fixation","description":"","query_type":"product_ids","query_ids":[70740],"default_option_id":70740,"thumbnail_id":"","thumbnail_src":"","quantity_min":1,"quantity_max":1,"priced_individually":false,"shipped_individually":true,"optional":false,"discount":"","options_style":"radios","pagination_style":"classic","display_prices":"absolute","show_sorting_options":false,"show_filtering_options":false,"attribute_filter_ids":[],"product_title_visible":false,"product_descr_visible":false,"product_price_visible":false,"product_thumb_visible":false,"subtotal_visible_product":false,"subtotal_visible_cart":false,"subtotal_visible_orders":false},{"id":"1741771889","title":"Accessoires","description":"","query_type":"product_ids","query_ids":[70717],"default_option_id":70717,"thumbnail_id":"","thumbnail_src":"","quantity_min":1,"quantity_max":1,"priced_individually":false,"shipped_individually":true,"optional":false,"discount":"","options_style":"radios","pagination_style":"classic","display_prices":"absolute","show_sorting_options":false,"show_filtering_options":false,"attribute_filter_ids":[],"product_title_visible":false,"product_descr_visible":false,"product_price_visible":false,"product_thumb_visible":false,"subtotal_visible_product":false,"subtotal_visible_cart":false,"subtotal_visible_orders":false},{"id":"1741771890","title":"Alimentation \u00e9lectrique","description":"","query_type":"product_ids","query_ids":[70693],"default_option_id":70693,"thumbnail_id":"","thumbnail_src":"","quantity_min":1,"quantity_max":1,"priced_individually":false,"shipped_individually":true,"optional":false,"discount":"","options_style":"radios","pagination_style":"classic","display_prices":"absolute","show_sorting_options":false,"show_filtering_options":false,"attribute_filter_ids":[],"product_title_visible":false,"product_descr_visible":false,"product_price_visible":false,"product_thumb_visible":false,"subtotal_visible_product":false,"subtotal_visible_cart":false,"subtotal_visible_orders":false}],"composite_scenarios":[],"bundled_by":[],"bundle_stock_status":"instock","bundle_stock_quantity":null,"bundle_virtual":false,"bundle_layout":"","bundle_add_to_cart_form_location":"","bundle_editable_in_cart":false,"bundle_sold_individually_context":"","bundle_item_grouping":"","bundle_min_size":"","bundle_max_size":"","bundled_items":[],"bundle_sell_ids":[],"acf":[],"yoast_head":"<!-- This site is optimized with the Yoast SEO plugin v27.5 - https:\/\/yoast.com\/product\/yoast-seo-wordpress\/ -->\n<title>Track 48 Twin | Exenia<\/title>\n<meta name=\"robots\" content=\"noindex, follow, max-snippet:-1, max-image-preview:large, max-video-preview:-1\" \/>\n<meta property=\"og:locale\" content=\"fr_FR\" \/>\n<meta property=\"og:type\" content=\"article\" \/>\n<meta property=\"og:title\" content=\"Track 48 Twin | Exenia\" \/>\n<meta property=\"og:description\" content=\"Le Track 48-EVO est un rail basse tension 48VDC suspendu,...\" \/>\n<meta property=\"og:url\" content=\"https:\/\/restyling.exenia.eu\/prodotto\/track-48-twin\/\" \/>\n<meta property=\"og:site_name\" content=\"Exenia\" \/>\n<meta property=\"article:publisher\" content=\"https:\/\/www.facebook.com\/exenialighting\" \/>\n<meta property=\"article:modified_time\" content=\"2025-03-26T09:06:39+00:00\" \/>\n<meta property=\"og:image\" content=\"https:\/\/restyling.exenia.eu\/wp-content\/uploads\/2023\/01\/Track-48-Twin-prodotto-1.jpg\" \/>\n\t<meta property=\"og:image:width\" content=\"2000\" \/>\n\t<meta property=\"og:image:height\" content=\"1919\" \/>\n\t<meta property=\"og:image:type\" content=\"image\/jpeg\" \/>\n<!-- \/ Yoast SEO plugin. -->","yoast_head_json":{"title":"Track 48 Twin | Exenia","robots":{"index":"noindex","follow":"follow","max-snippet":"max-snippet:-1","max-image-preview":"max-image-preview:large","max-video-preview":"max-video-preview:-1"},"og_locale":"fr_FR","og_type":"article","og_title":"Track 48 Twin | Exenia","og_description":"Le Track 48-EVO est un rail basse tension 48VDC suspendu,...","og_url":"https:\/\/restyling.exenia.eu\/prodotto\/track-48-twin\/","og_site_name":"Exenia","article_publisher":"https:\/\/www.facebook.com\/exenialighting","article_modified_time":"2025-03-26T09:06:39+00:00","og_image":[{"width":2000,"height":1919,"url":"https:\/\/restyling.exenia.eu\/wp-content\/uploads\/2023\/01\/Track-48-Twin-prodotto-1.jpg","type":"image\/jpeg"}],"schema":{"@context":"https:\/\/schema.org","@graph":[{"@type":"WebPage","@id":"https:\/\/restyling.exenia.eu\/prodotto\/track-48-twin\/","url":"https:\/\/restyling.exenia.eu\/prodotto\/track-48-twin\/","name":"Track 48 Twin | Exenia","isPartOf":{"@id":"https:\/\/restyling.exenia.eu\/#website"},"primaryImageOfPage":{"@id":"https:\/\/restyling.exenia.eu\/prodotto\/track-48-twin\/#primaryimage"},"image":{"@id":"https:\/\/restyling.exenia.eu\/prodotto\/track-48-twin\/#primaryimage"},"thumbnailUrl":"https:\/\/restyling.exenia.eu\/wp-content\/uploads\/2023\/01\/Track-48-Twin-prodotto-1.jpg","datePublished":"2023-01-26T11:08:01+00:00","dateModified":"2025-03-26T09:06:39+00:00","breadcrumb":{"@id":"https:\/\/restyling.exenia.eu\/prodotto\/track-48-twin\/#breadcrumb"},"inLanguage":"fr-FR","potentialAction":[{"@type":"ReadAction","target":["https:\/\/restyling.exenia.eu\/prodotto\/track-48-twin\/"]}]},{"@type":"ImageObject","inLanguage":"fr-FR","@id":"https:\/\/restyling.exenia.eu\/prodotto\/track-48-twin\/#primaryimage","url":"https:\/\/restyling.exenia.eu\/wp-content\/uploads\/2023\/01\/Track-48-Twin-prodotto-1.jpg","contentUrl":"https:\/\/restyling.exenia.eu\/wp-content\/uploads\/2023\/01\/Track-48-Twin-prodotto-1.jpg","width":2000,"height":1919},{"@type":"BreadcrumbList","@id":"https:\/\/restyling.exenia.eu\/prodotto\/track-48-twin\/#breadcrumb","itemListElement":[{"@type":"ListItem","position":1,"name":"Home","item":"https:\/\/restyling.exenia.eu\/"},{"@type":"ListItem","position":2,"name":"Produits","item":"https:\/\/restyling.exenia.eu\/prodotti\/"},{"@type":"ListItem","position":3,"name":"Indoor","item":"https:\/\/restyling.exenia.eu\/c\/indoor\/"},{"@type":"ListItem","position":4,"name":"Sistemi\/Binari Elettrificati","item":"https:\/\/restyling.exenia.eu\/c\/indoor\/sistemi-binari-elettrificati\/"},{"@type":"ListItem","position":5,"name":"Track 48","item":"https:\/\/restyling.exenia.eu\/c\/indoor\/sistemi-binari-elettrificati\/track-48\/"},{"@type":"ListItem","position":6,"name":"Track 48 Twin"}]},{"@type":"WebSite","@id":"https:\/\/restyling.exenia.eu\/#website","url":"https:\/\/restyling.exenia.eu\/","name":"Exenia","description":"","publisher":{"@id":"https:\/\/restyling.exenia.eu\/#organization"},"potentialAction":[{"@type":"SearchAction","target":{"@type":"EntryPoint","urlTemplate":"https:\/\/restyling.exenia.eu\/?s={search_term_string}"},"query-input":{"@type":"PropertyValueSpecification","valueRequired":true,"valueName":"search_term_string"}}],"inLanguage":"fr-FR"},{"@type":"Organization","@id":"https:\/\/restyling.exenia.eu\/#organization","name":"Exenia","url":"https:\/\/restyling.exenia.eu\/","logo":{"@type":"ImageObject","inLanguage":"fr-FR","@id":"https:\/\/restyling.exenia.eu\/#\/schema\/logo\/image\/","url":"https:\/\/restyling.exenia.eu\/wp-content\/uploads\/2022\/09\/logo_exenia-e1678467519405.png","contentUrl":"https:\/\/restyling.exenia.eu\/wp-content\/uploads\/2022\/09\/logo_exenia-e1678467519405.png","width":600,"height":194,"caption":"Exenia"},"image":{"@id":"https:\/\/restyling.exenia.eu\/#\/schema\/logo\/image\/"},"sameAs":["https:\/\/www.facebook.com\/exenialighting","https:\/\/x.com\/ExeniaLighting"]}]}},"_links":{"self":[{"href":"https:\/\/restyling.exenia.eu\/fr\/wp-json\/wp\/v2\/product\/26989","targetHints":{"allow":["GET"]}}],"collection":[{"href":"https:\/\/restyling.exenia.eu\/fr\/wp-json\/wp\/v2\/product"}],"about":[{"href":"https:\/\/restyling.exenia.eu\/fr\/wp-json\/wp\/v2\/types\/product"}],"wp:featuredmedia":[{"embeddable":true,"href":"https:\/\/restyling.exenia.eu\/fr\/wp-json\/wp\/v2\/media\/71926"}],"wp:attachment":[{"href":"https:\/\/restyling.exenia.eu\/fr\/wp-json\/wp\/v2\/media?parent=26989"}],"wp:term":[{"taxonomy":"product_brand","embeddable":true,"href":"https:\/\/restyling.exenia.eu\/fr\/wp-json\/wp\/v2\/product_brand?post=26989"},{"taxonomy":"product_cat","embeddable":true,"href":"https:\/\/restyling.exenia.eu\/fr\/wp-json\/wp\/v2\/product_cat?post=26989"},{"taxonomy":"product_tag","embeddable":true,"href":"https:\/\/restyling.exenia.eu\/fr\/wp-json\/wp\/v2\/product_tag?post=26989"},{"taxonomy":"categoria-admin-prodotto","embeddable":true,"href":"https:\/\/restyling.exenia.eu\/fr\/wp-json\/wp\/v2\/categoria-admin-prodotto?post=26989"}],"curies":[{"name":"wp","href":"https:\/\/api.w.org\/{rel}","templated":true}]}}