{"id":27009,"date":"2023-01-25T15:11:46","date_gmt":"2023-01-25T14:11:46","guid":{"rendered":"https:\/\/www.exenia.eu\/prodotto\/museo-revo-max-copia\/"},"modified":"2023-07-14T13:57:34","modified_gmt":"2023-07-14T11:57:34","slug":"museo-revo-compact","status":"publish","type":"product","link":"https:\/\/restyling.exenia.eu\/fr\/produit\/museo-revo-compact\/","title":{"rendered":"Museo Revo Compact"},"content":{"rendered":"<p>Projecteurs pour montage en surface avec pilotes int\u00e9gr\u00e9s dans la base.<br \/>\nConvient pour un \u00e9clairage de grand confort visuel, direct et indirect. D\u00e9di\u00e9s \u00e0 la conception avanc\u00e9e de l&rsquo;\u00e9clairage, les nouveaux syst\u00e8mes optiques Revo-Dark sont particuli\u00e8rement adapt\u00e9s aux environnements \u00e0 haut confort visuel. Caract\u00e9ris\u00e9s par une double articulation et six degr\u00e9s de libert\u00e9, ils permettent un positionnement pr\u00e9cis dans toutes les directions. Les dimensions minimis\u00e9es et les finitions d\u00e9di\u00e9es pour un camouflage maximal dans le contexte se combinent aux nouveaux param\u00e8tres de performance REVO pour obtenir un rapport taille-performance sans comparaison.<\/p>\n<p>La version Compact offre des ouvertures de 6\u00b0 \u00e0 50\u00b0 deux poutres elliptiques , le l\u00e8che-mur asym\u00e9trique profond recherch\u00e9 avec une grande homog\u00e9n\u00e9it\u00e9.<br \/>\nLes nombreux accessoires sont con\u00e7us avec un syst\u00e8me de montage superpos\u00e9, permettant une configuration optique diff\u00e9renci\u00e9e et sp\u00e9cifique.<br \/>\nLe rendu \u00e9lev\u00e9 des couleurs, l&rsquo;UGR&lt;10 et la conformit\u00e9 aux param\u00e8tres d&rsquo;\u00e9clairage DARK sont compl\u00e9t\u00e9s par la qualit\u00e9 des 2 SDCM de la source et la projection particuli\u00e8rement propre du faisceau.<br \/>\nLe corps global en aluminium est \u00e9quip\u00e9 de nouveaux bras \u00e0 embrayage en laiton, dot\u00e9s d&rsquo;un verrouillage microm\u00e9trique pour une vis\u00e9e facile et d\u00e9finitive.<br \/>\nLa compatibilit\u00e9 totale avec les syst\u00e8mes de contr\u00f4le les plus courants fait de Museo Revo Compact l&rsquo;instrument parfait dans les contextes o\u00f9 la valeur de la source est d\u00e9termin\u00e9e par une performance de tr\u00e8s haute qualit\u00e9 et une intrusion physique et visuelle minimale.<\/p>\n","protected":false},"excerpt":{"rendered":"<p>Projecteurs pour montage en surface avec pilotes int\u00e9gr\u00e9s dans la&#8230;<\/p>\n","protected":false},"featured_media":29943,"template":"","meta":{"_acf_changed":false},"product_brand":[],"product_cat":[2701],"product_tag":[7512],"categoria-admin-prodotto":[],"class_list":{"0":"post-27009","1":"product","2":"type-product","3":"status-publish","4":"has-post-thumbnail","6":"product_cat-museo-revo-projecteurs-de-base","7":"product_tag-38740-fr","8":"pa_cct-2700k-fr","9":"pa_cct-3000k-fr","10":"pa_cct-3500k-fr","11":"pa_cct-4000k-fr","12":"pa_certificazione-conformita-ce-fr","13":"pa_classe-f-oui","14":"pa_cri-92-fr","15":"pa_cri-98-fr","16":"pa_grado-ip-ip40-fr","17":"pa_temperatura-di-esercizio-10-35-fr","19":"first","20":"instock","21":"purchasable","22":"product-type-composite"},"composite_virtual":false,"composite_layout":"single","composite_add_to_cart_form_location":"default","composite_editable_in_cart":false,"composite_sold_individually_context":"product","composite_shop_price_calc":"defaults","composite_components":[{"id":"1674658710","title":"Corp de l&#039;appareil","description":"","query_type":"product_ids","query_ids":[18576],"default_option_id":18576,"thumbnail_id":"","thumbnail_src":"","quantity_min":1,"quantity_max":1,"priced_individually":false,"shipped_individually":false,"optional":false,"discount":"","options_style":"radios","pagination_style":"classic","display_prices":"absolute","show_sorting_options":false,"show_filtering_options":false,"attribute_filter_ids":[],"product_title_visible":false,"product_descr_visible":false,"product_price_visible":false,"product_thumb_visible":false,"subtotal_visible_product":false,"subtotal_visible_cart":false,"subtotal_visible_orders":false},{"id":"1674658711","title":"Version","description":"","query_type":"product_ids","query_ids":[19040],"default_option_id":19040,"thumbnail_id":"","thumbnail_src":"","quantity_min":1,"quantity_max":1,"priced_individually":false,"shipped_individually":false,"optional":false,"discount":"","options_style":"radios","pagination_style":"classic","display_prices":"absolute","show_sorting_options":false,"show_filtering_options":false,"attribute_filter_ids":[],"product_title_visible":false,"product_descr_visible":false,"product_price_visible":false,"product_thumb_visible":false,"subtotal_visible_product":false,"subtotal_visible_cart":false,"subtotal_visible_orders":false},{"id":"1674658712","title":"Controle","description":"","query_type":"product_ids","query_ids":[18444,18445,18473,18471,18489],"default_option_id":"","thumbnail_id":"","thumbnail_src":"","quantity_min":1,"quantity_max":1,"priced_individually":false,"shipped_individually":false,"optional":true,"discount":"","options_style":"radios","pagination_style":"classic","display_prices":"absolute","show_sorting_options":false,"show_filtering_options":false,"attribute_filter_ids":[],"product_title_visible":false,"product_descr_visible":false,"product_price_visible":false,"product_thumb_visible":false,"subtotal_visible_product":false,"subtotal_visible_cart":false,"subtotal_visible_orders":false},{"id":"1674658713","title":"Finition","description":"","query_type":"product_ids","query_ids":[18774,18749,18707,18767,18765,18762,18753],"default_option_id":"","thumbnail_id":"","thumbnail_src":"","quantity_min":1,"quantity_max":1,"priced_individually":false,"shipped_individually":false,"optional":true,"discount":"","options_style":"radios","pagination_style":"classic","display_prices":"absolute","show_sorting_options":false,"show_filtering_options":false,"attribute_filter_ids":[],"product_title_visible":false,"product_descr_visible":false,"product_price_visible":false,"product_thumb_visible":false,"subtotal_visible_product":false,"subtotal_visible_cart":false,"subtotal_visible_orders":false},{"id":"1674658714","title":"CRI-CCT","description":"","query_type":"product_ids","query_ids":[18627,18628,18630,18629,18637,18638,18640,18639],"default_option_id":"","thumbnail_id":"","thumbnail_src":"","quantity_min":1,"quantity_max":1,"priced_individually":false,"shipped_individually":false,"optional":true,"discount":"","options_style":"radios","pagination_style":"classic","display_prices":"absolute","show_sorting_options":false,"show_filtering_options":false,"attribute_filter_ids":[],"product_title_visible":false,"product_descr_visible":false,"product_price_visible":false,"product_thumb_visible":false,"subtotal_visible_product":false,"subtotal_visible_cart":false,"subtotal_visible_orders":false},{"id":"1674658715","title":"Optique","description":"","query_type":"product_ids","query_ids":[18922,18901,18791,18909,18889,18858,18935,18798,18853,18871],"default_option_id":"","thumbnail_id":"","thumbnail_src":"","quantity_min":1,"quantity_max":1,"priced_individually":false,"shipped_individually":false,"optional":true,"discount":"","options_style":"radios","pagination_style":"classic","display_prices":"absolute","show_sorting_options":false,"show_filtering_options":false,"attribute_filter_ids":[],"product_title_visible":false,"product_descr_visible":false,"product_price_visible":false,"product_thumb_visible":false,"subtotal_visible_product":false,"subtotal_visible_cart":false,"subtotal_visible_orders":false},{"id":"1674658716","title":"Accessoires","description":"","query_type":"product_ids","query_ids":[29271],"default_option_id":29271,"thumbnail_id":"","thumbnail_src":"","quantity_min":1,"quantity_max":1,"priced_individually":false,"shipped_individually":false,"optional":false,"discount":"","options_style":"radios","pagination_style":"classic","display_prices":"absolute","show_sorting_options":false,"show_filtering_options":false,"attribute_filter_ids":[],"product_title_visible":false,"product_descr_visible":true,"product_price_visible":false,"product_thumb_visible":true,"subtotal_visible_product":false,"subtotal_visible_cart":false,"subtotal_visible_orders":false},{"id":"1676654075","title":"Accessoires ind\u00e9pendants","description":"","query_type":"product_ids","query_ids":[40652],"default_option_id":40652,"thumbnail_id":"","thumbnail_src":"","quantity_min":1,"quantity_max":1,"priced_individually":false,"shipped_individually":false,"optional":false,"discount":"","options_style":"radios","pagination_style":"classic","display_prices":"absolute","show_sorting_options":false,"show_filtering_options":false,"attribute_filter_ids":[],"product_title_visible":false,"product_descr_visible":true,"product_price_visible":false,"product_thumb_visible":false,"subtotal_visible_product":false,"subtotal_visible_cart":false,"subtotal_visible_orders":false},{"id":"1689342851","title":"Dur&eacute;e de vie","description":"","query_type":"product_ids","query_ids":[50124,50128],"default_option_id":"","thumbnail_id":"","thumbnail_src":"","quantity_min":1,"quantity_max":1,"priced_individually":false,"shipped_individually":false,"optional":true,"discount":"","options_style":"radios","pagination_style":"classic","display_prices":"absolute","show_sorting_options":false,"show_filtering_options":false,"attribute_filter_ids":[],"product_title_visible":false,"product_descr_visible":false,"product_price_visible":false,"product_thumb_visible":false,"subtotal_visible_product":false,"subtotal_visible_cart":false,"subtotal_visible_orders":false}],"composite_scenarios":[{"id":"1674659032","name":"narrow spot \/ wide flood","description":"","configuration":[{"component_id":"1674658715","options_modifier":"in","component_options":[18901,18935]}],"actions":[{"action_id":"compat_group","is_active":false},{"action_id":"conditional_components","is_active":false,"hidden_components":[]},{"action_id":"conditional_options","is_active":true,"hidden_options":[{"component_id":"1674658716","component_options":[29492,29497,29504,29505,29508,29509],"options_modifier":"in"}]}],"enabled":true},{"id":"1674659033","name":"ell. narrow spot \/ ell. wide flood","description":"","configuration":[{"component_id":"1674658715","options_modifier":"in","component_options":[18791,18798]}],"actions":[{"action_id":"compat_group","is_active":false},{"action_id":"conditional_components","is_active":false,"hidden_components":[]},{"action_id":"conditional_options","is_active":true,"hidden_options":[{"component_id":"1674658716","component_options":[-1,29488],"options_modifier":"not-in"}]}],"enabled":true},{"id":"1674659034","name":"deep\/graz washer","description":"","configuration":[{"component_id":"1674658715","options_modifier":"in","component_options":[18853,18871]}],"actions":[{"action_id":"compat_group","is_active":false},{"action_id":"conditional_components","is_active":true,"hidden_components":["1676654075"]},{"action_id":"conditional_options","is_active":true,"hidden_options":[{"component_id":"1674658716","component_options":[-1,29488],"options_modifier":"not-in"}]}],"enabled":true},{"id":"1674659654","name":"cri98 toglie very narrow","description":"","configuration":[{"component_id":"1674658714","options_modifier":"in","component_options":[18637,18638,18640,18639]}],"actions":[{"action_id":"compat_group","is_active":false},{"action_id":"conditional_components","is_active":false,"hidden_components":[]},{"action_id":"conditional_options","is_active":true,"hidden_options":[{"component_id":"1674658715","component_options":[18922],"options_modifier":"in"}]}],"enabled":true},{"id":"1674659655","name":"very narrow toglie cri98","description":"","configuration":[{"component_id":"1674658715","options_modifier":"in","component_options":[18922]}],"actions":[{"action_id":"compat_group","is_active":false},{"action_id":"conditional_components","is_active":false,"hidden_components":[]},{"action_id":"conditional_options","is_active":true,"hidden_options":[{"component_id":"1674658714","component_options":[18637,18638,18640,18639],"options_modifier":"in"}]}],"enabled":true},{"id":"1689342965","name":"LT 80","description":"","configuration":[{"component_id":"1674658715","options_modifier":"in","component_options":[18901,18791]}],"actions":[{"action_id":"compat_group","is_active":false},{"action_id":"conditional_components","is_active":false,"hidden_components":[]},{"action_id":"conditional_options","is_active":true,"hidden_options":[{"component_id":"1689342851","component_options":[-1,50124],"options_modifier":"not-in"}]}],"enabled":true},{"id":"1689342966","name":"LT 100","description":"","configuration":[{"component_id":"1674658715","options_modifier":"in","component_options":[18922,18909,18889,18858,18935,18798,18853,18871]}],"actions":[{"action_id":"compat_group","is_active":false},{"action_id":"conditional_components","is_active":false,"hidden_components":[]},{"action_id":"conditional_options","is_active":true,"hidden_options":[{"component_id":"1689342851","component_options":[-1,50128],"options_modifier":"not-in"}]}],"enabled":true}],"bundled_by":[],"bundle_stock_status":"instock","bundle_stock_quantity":null,"bundle_virtual":false,"bundle_layout":"","bundle_add_to_cart_form_location":"","bundle_editable_in_cart":false,"bundle_sold_individually_context":"","bundle_item_grouping":"","bundle_min_size":"","bundle_max_size":"","bundled_items":[],"bundle_sell_ids":[],"acf":[],"yoast_head":"<!-- This site is optimized with the Yoast SEO plugin v27.5 - https:\/\/yoast.com\/product\/yoast-seo-wordpress\/ -->\n<title>Museo Revo Compact | Exenia<\/title>\n<meta name=\"robots\" content=\"noindex, follow, max-snippet:-1, max-image-preview:large, max-video-preview:-1\" \/>\n<meta property=\"og:locale\" content=\"fr_FR\" \/>\n<meta property=\"og:type\" content=\"article\" \/>\n<meta property=\"og:title\" content=\"Museo Revo Compact | Exenia\" \/>\n<meta property=\"og:description\" content=\"Projecteurs pour montage en surface avec pilotes int\u00e9gr\u00e9s dans la...\" \/>\n<meta property=\"og:url\" content=\"https:\/\/restyling.exenia.eu\/fr\/produit\/museo-revo-compact\/\" \/>\n<meta property=\"og:site_name\" content=\"Exenia\" \/>\n<meta property=\"article:publisher\" content=\"https:\/\/www.facebook.com\/exenialighting\" \/>\n<meta property=\"article:modified_time\" content=\"2023-07-14T11:57:34+00:00\" \/>\n<meta property=\"og:image\" content=\"https:\/\/restyling.exenia.eu\/wp-content\/uploads\/2023\/01\/Museo-revo-compact-prodotto.jpg\" \/>\n\t<meta property=\"og:image:width\" content=\"2000\" \/>\n\t<meta property=\"og:image:height\" content=\"1919\" \/>\n\t<meta property=\"og:image:type\" content=\"image\/jpeg\" \/>\n<!-- \/ Yoast SEO plugin. -->","yoast_head_json":{"title":"Museo Revo Compact | Exenia","robots":{"index":"noindex","follow":"follow","max-snippet":"max-snippet:-1","max-image-preview":"max-image-preview:large","max-video-preview":"max-video-preview:-1"},"og_locale":"fr_FR","og_type":"article","og_title":"Museo Revo Compact | Exenia","og_description":"Projecteurs pour montage en surface avec pilotes int\u00e9gr\u00e9s dans la...","og_url":"https:\/\/restyling.exenia.eu\/fr\/produit\/museo-revo-compact\/","og_site_name":"Exenia","article_publisher":"https:\/\/www.facebook.com\/exenialighting","article_modified_time":"2023-07-14T11:57:34+00:00","og_image":[{"width":2000,"height":1919,"url":"https:\/\/restyling.exenia.eu\/wp-content\/uploads\/2023\/01\/Museo-revo-compact-prodotto.jpg","type":"image\/jpeg"}],"schema":{"@context":"https:\/\/schema.org","@graph":[{"@type":"WebPage","@id":"https:\/\/restyling.exenia.eu\/fr\/produit\/museo-revo-compact\/","url":"https:\/\/restyling.exenia.eu\/fr\/produit\/museo-revo-compact\/","name":"Museo Revo Compact | Exenia","isPartOf":{"@id":"https:\/\/restyling.exenia.eu\/#website"},"primaryImageOfPage":{"@id":"https:\/\/restyling.exenia.eu\/fr\/produit\/museo-revo-compact\/#primaryimage"},"image":{"@id":"https:\/\/restyling.exenia.eu\/fr\/produit\/museo-revo-compact\/#primaryimage"},"thumbnailUrl":"https:\/\/restyling.exenia.eu\/wp-content\/uploads\/2023\/01\/Museo-revo-compact-prodotto.jpg","datePublished":"2023-01-25T14:11:46+00:00","dateModified":"2023-07-14T11:57:34+00:00","breadcrumb":{"@id":"https:\/\/restyling.exenia.eu\/fr\/produit\/museo-revo-compact\/#breadcrumb"},"inLanguage":"fr-FR","potentialAction":[{"@type":"ReadAction","target":["https:\/\/restyling.exenia.eu\/fr\/produit\/museo-revo-compact\/"]}]},{"@type":"ImageObject","inLanguage":"fr-FR","@id":"https:\/\/restyling.exenia.eu\/fr\/produit\/museo-revo-compact\/#primaryimage","url":"https:\/\/restyling.exenia.eu\/wp-content\/uploads\/2023\/01\/Museo-revo-compact-prodotto.jpg","contentUrl":"https:\/\/restyling.exenia.eu\/wp-content\/uploads\/2023\/01\/Museo-revo-compact-prodotto.jpg","width":2000,"height":1919},{"@type":"BreadcrumbList","@id":"https:\/\/restyling.exenia.eu\/fr\/produit\/museo-revo-compact\/#breadcrumb","itemListElement":[{"@type":"ListItem","position":1,"name":"Home","item":"https:\/\/restyling.exenia.eu\/"},{"@type":"ListItem","position":2,"name":"Produits","item":"https:\/\/restyling.exenia.eu\/prodotti\/"},{"@type":"ListItem","position":3,"name":"Indoor","item":"https:\/\/restyling.exenia.eu\/fr\/c\/indoor\/"},{"@type":"ListItem","position":4,"name":"Projecteurs de base","item":"https:\/\/restyling.exenia.eu\/fr\/c\/indoor\/projecteurs-de-base\/"},{"@type":"ListItem","position":5,"name":"Museo Revo","item":"https:\/\/restyling.exenia.eu\/fr\/c\/indoor\/projecteurs-de-base\/museo-revo-projecteurs-de-base\/"},{"@type":"ListItem","position":6,"name":"Museo Revo Compact"}]},{"@type":"WebSite","@id":"https:\/\/restyling.exenia.eu\/#website","url":"https:\/\/restyling.exenia.eu\/","name":"Exenia","description":"","publisher":{"@id":"https:\/\/restyling.exenia.eu\/#organization"},"potentialAction":[{"@type":"SearchAction","target":{"@type":"EntryPoint","urlTemplate":"https:\/\/restyling.exenia.eu\/?s={search_term_string}"},"query-input":{"@type":"PropertyValueSpecification","valueRequired":true,"valueName":"search_term_string"}}],"inLanguage":"fr-FR"},{"@type":"Organization","@id":"https:\/\/restyling.exenia.eu\/#organization","name":"Exenia","url":"https:\/\/restyling.exenia.eu\/","logo":{"@type":"ImageObject","inLanguage":"fr-FR","@id":"https:\/\/restyling.exenia.eu\/#\/schema\/logo\/image\/","url":"https:\/\/restyling.exenia.eu\/wp-content\/uploads\/2022\/09\/logo_exenia-e1678467519405.png","contentUrl":"https:\/\/restyling.exenia.eu\/wp-content\/uploads\/2022\/09\/logo_exenia-e1678467519405.png","width":600,"height":194,"caption":"Exenia"},"image":{"@id":"https:\/\/restyling.exenia.eu\/#\/schema\/logo\/image\/"},"sameAs":["https:\/\/www.facebook.com\/exenialighting","https:\/\/x.com\/ExeniaLighting"]}]}},"_links":{"self":[{"href":"https:\/\/restyling.exenia.eu\/fr\/wp-json\/wp\/v2\/product\/27009","targetHints":{"allow":["GET"]}}],"collection":[{"href":"https:\/\/restyling.exenia.eu\/fr\/wp-json\/wp\/v2\/product"}],"about":[{"href":"https:\/\/restyling.exenia.eu\/fr\/wp-json\/wp\/v2\/types\/product"}],"wp:featuredmedia":[{"embeddable":true,"href":"https:\/\/restyling.exenia.eu\/fr\/wp-json\/wp\/v2\/media\/29943"}],"wp:attachment":[{"href":"https:\/\/restyling.exenia.eu\/fr\/wp-json\/wp\/v2\/media?parent=27009"}],"wp:term":[{"taxonomy":"product_brand","embeddable":true,"href":"https:\/\/restyling.exenia.eu\/fr\/wp-json\/wp\/v2\/product_brand?post=27009"},{"taxonomy":"product_cat","embeddable":true,"href":"https:\/\/restyling.exenia.eu\/fr\/wp-json\/wp\/v2\/product_cat?post=27009"},{"taxonomy":"product_tag","embeddable":true,"href":"https:\/\/restyling.exenia.eu\/fr\/wp-json\/wp\/v2\/product_tag?post=27009"},{"taxonomy":"categoria-admin-prodotto","embeddable":true,"href":"https:\/\/restyling.exenia.eu\/fr\/wp-json\/wp\/v2\/categoria-admin-prodotto?post=27009"}],"curies":[{"name":"wp","href":"https:\/\/api.w.org\/{rel}","templated":true}]}}