{"id":27019,"date":"2023-01-13T14:14:29","date_gmt":"2023-01-13T13:14:29","guid":{"rendered":"https:\/\/www.exenia.eu\/prodotto\/giotto-48-plafone\/"},"modified":"2026-02-11T08:35:52","modified_gmt":"2026-02-11T07:35:52","slug":"giotto-48-plafonnier","status":"publish","type":"product","link":"https:\/\/restyling.exenia.eu\/fr\/produit\/giotto-48-plafonnier\/","title":{"rendered":"Giotto 48 Plafonnier"},"content":{"rendered":"<p>Luminaire DEL 48V \u00e0 installer sur TRACK 48 and TRACK 48 EVO. \u00e9quip\u00e9 avec l&rsquo;\u00e9l\u00e9ment sph\u00e9rique Giotto \u00e0 r\u00e9partition de la lumi\u00e8re omnidirectionnelle en verre d\u00e9poli et disponible avec diam\u00e8tre de 150 mm. Maintien du flux lumineux de 100.000 heures conform\u00e9ment \u00e0 la norme L80B10.<\/p>\n<p>&nbsp;<\/p>\n<p>Non compatible avec le rail 48 Twin et le rail 48-RT.<\/p>\n","protected":false},"excerpt":{"rendered":"<p>Luminaire DEL 48V \u00e0 installer sur TRACK 48 and TRACK&#8230;<\/p>\n","protected":false},"featured_media":10852,"template":"","meta":{"_acf_changed":false},"product_brand":[],"product_cat":[6614,6619,6629,6634,6647,2681],"product_tag":[7803,7807],"categoria-admin-prodotto":[],"class_list":{"0":"post-27019","1":"product","2":"type-product","3":"status-publish","4":"has-post-thumbnail","6":"product_cat-luminaires-track-48-fr","7":"product_cat-luminaires-track-48-evo","8":"product_cat-luminaires-track-48-tube","9":"product_cat-luminaires-track-48-twin","10":"product_cat-tous-les-luminaires-pour-48-fr","11":"product_cat-giotto-luminaires-pour-pistes","12":"product_tag-9v001s-fr","13":"product_tag-9v002s-fr","14":"pa_cct-2700k-fr","15":"pa_cct-3000k-fr","16":"pa_cct-4000k-fr","17":"pa_certificazione-conformita-ce-fr","18":"pa_classe-f-oui","19":"pa_cri-85-fr","20":"pa_cri-95-fr","21":"pa_grado-ip-ip40-fr","22":"pa_lifetime-l80b10-100-000-ore-fr","23":"pa_temperatura-di-esercizio-10-30-fr","25":"first","26":"instock","27":"purchasable","28":"product-type-composite"},"composite_virtual":false,"composite_layout":"single","composite_add_to_cart_form_location":"default","composite_editable_in_cart":false,"composite_sold_individually_context":"product","composite_shop_price_calc":"defaults","composite_components":[{"id":"1675254577","title":"Corp de l&#039;appareil","description":"","query_type":"product_ids","query_ids":[18616,18617],"default_option_id":"","thumbnail_id":"","thumbnail_src":"","quantity_min":1,"quantity_max":1,"priced_individually":false,"shipped_individually":false,"optional":true,"discount":"","options_style":"radios","pagination_style":"classic","display_prices":"absolute","show_sorting_options":false,"show_filtering_options":false,"attribute_filter_ids":[],"product_title_visible":false,"product_descr_visible":false,"product_price_visible":false,"product_thumb_visible":false,"subtotal_visible_product":false,"subtotal_visible_cart":false,"subtotal_visible_orders":false},{"id":"1675254578","title":"Commandez s\u00e9par\u00e9ment","description":"","query_type":"product_ids","query_ids":[7634],"default_option_id":7634,"thumbnail_id":"","thumbnail_src":"","quantity_min":1,"quantity_max":1,"priced_individually":false,"shipped_individually":false,"optional":false,"discount":"","options_style":"radios","pagination_style":"classic","display_prices":"absolute","show_sorting_options":false,"show_filtering_options":false,"attribute_filter_ids":[],"product_title_visible":false,"product_descr_visible":false,"product_price_visible":false,"product_thumb_visible":false,"subtotal_visible_product":false,"subtotal_visible_cart":false,"subtotal_visible_orders":false},{"id":"1675254579","title":"Adaptateur de la piste 48","description":"","query_type":"product_ids","query_ids":[18223,18224],"default_option_id":"","thumbnail_id":"","thumbnail_src":"","quantity_min":1,"quantity_max":1,"priced_individually":false,"shipped_individually":false,"optional":true,"discount":"","options_style":"radios","pagination_style":"classic","display_prices":"absolute","show_sorting_options":false,"show_filtering_options":false,"attribute_filter_ids":[],"product_title_visible":false,"product_descr_visible":false,"product_price_visible":false,"product_thumb_visible":true,"subtotal_visible_product":false,"subtotal_visible_cart":false,"subtotal_visible_orders":false},{"id":"1675254580","title":"Finition de l&#039;adaptateur","description":"","query_type":"product_ids","query_ids":[18713,18717],"default_option_id":"","thumbnail_id":"","thumbnail_src":"","quantity_min":1,"quantity_max":1,"priced_individually":false,"shipped_individually":false,"optional":true,"discount":"","options_style":"radios","pagination_style":"classic","display_prices":"absolute","show_sorting_options":false,"show_filtering_options":false,"attribute_filter_ids":[],"product_title_visible":false,"product_descr_visible":false,"product_price_visible":false,"product_thumb_visible":false,"subtotal_visible_product":false,"subtotal_visible_cart":false,"subtotal_visible_orders":false},{"id":"1675254581","title":"CRI-CCT","description":"","query_type":"product_ids","query_ids":[18655,18649,18650,18651],"default_option_id":"","thumbnail_id":"","thumbnail_src":"","quantity_min":1,"quantity_max":1,"priced_individually":false,"shipped_individually":false,"optional":true,"discount":"","options_style":"radios","pagination_style":"classic","display_prices":"absolute","show_sorting_options":false,"show_filtering_options":false,"attribute_filter_ids":[],"product_title_visible":false,"product_descr_visible":false,"product_price_visible":false,"product_thumb_visible":false,"subtotal_visible_product":false,"subtotal_visible_cart":false,"subtotal_visible_orders":false},{"id":"1677160606","title":"Puissance","description":"","query_type":"product_ids","query_ids":[13703],"default_option_id":13703,"thumbnail_id":"","thumbnail_src":"","quantity_min":1,"quantity_max":1,"priced_individually":false,"shipped_individually":false,"optional":false,"discount":"","options_style":"radios","pagination_style":"classic","display_prices":"absolute","show_sorting_options":false,"show_filtering_options":false,"attribute_filter_ids":[],"product_title_visible":false,"product_descr_visible":false,"product_price_visible":false,"product_thumb_visible":false,"subtotal_visible_product":false,"subtotal_visible_cart":false,"subtotal_visible_orders":false}],"composite_scenarios":[],"bundled_by":[],"bundle_stock_status":"instock","bundle_stock_quantity":null,"bundle_virtual":false,"bundle_layout":"","bundle_add_to_cart_form_location":"","bundle_editable_in_cart":false,"bundle_sold_individually_context":"","bundle_item_grouping":"","bundle_min_size":"","bundle_max_size":"","bundled_items":[],"bundle_sell_ids":[],"acf":[],"yoast_head":"<!-- This site is optimized with the Yoast SEO plugin v27.4 - https:\/\/yoast.com\/product\/yoast-seo-wordpress\/ -->\n<title>Giotto 48 Plafonnier | Exenia<\/title>\n<meta name=\"robots\" content=\"noindex, follow, max-snippet:-1, max-image-preview:large, max-video-preview:-1\" \/>\n<meta property=\"og:locale\" content=\"fr_FR\" \/>\n<meta property=\"og:type\" content=\"article\" \/>\n<meta property=\"og:title\" content=\"Giotto 48 Plafonnier | Exenia\" \/>\n<meta property=\"og:description\" content=\"Luminaire DEL 48V \u00e0 installer sur TRACK 48 and TRACK...\" \/>\n<meta property=\"og:url\" content=\"https:\/\/restyling.exenia.eu\/fr\/produit\/giotto-48-plafonnier\/\" \/>\n<meta property=\"og:site_name\" content=\"Exenia\" \/>\n<meta property=\"article:publisher\" content=\"https:\/\/www.facebook.com\/exenialighting\" \/>\n<meta property=\"article:modified_time\" content=\"2026-02-11T07:35:52+00:00\" \/>\n<meta property=\"og:image\" content=\"https:\/\/restyling.exenia.eu\/wp-content\/uploads\/2023\/01\/Giotto-48-prodotto.jpg\" \/>\n\t<meta property=\"og:image:width\" content=\"2000\" \/>\n\t<meta property=\"og:image:height\" content=\"1919\" \/>\n\t<meta property=\"og:image:type\" content=\"image\/jpeg\" \/>\n<!-- \/ Yoast SEO plugin. -->","yoast_head_json":{"title":"Giotto 48 Plafonnier | Exenia","robots":{"index":"noindex","follow":"follow","max-snippet":"max-snippet:-1","max-image-preview":"max-image-preview:large","max-video-preview":"max-video-preview:-1"},"og_locale":"fr_FR","og_type":"article","og_title":"Giotto 48 Plafonnier | Exenia","og_description":"Luminaire DEL 48V \u00e0 installer sur TRACK 48 and TRACK...","og_url":"https:\/\/restyling.exenia.eu\/fr\/produit\/giotto-48-plafonnier\/","og_site_name":"Exenia","article_publisher":"https:\/\/www.facebook.com\/exenialighting","article_modified_time":"2026-02-11T07:35:52+00:00","og_image":[{"width":2000,"height":1919,"url":"https:\/\/restyling.exenia.eu\/wp-content\/uploads\/2023\/01\/Giotto-48-prodotto.jpg","type":"image\/jpeg"}],"schema":{"@context":"https:\/\/schema.org","@graph":[{"@type":"WebPage","@id":"https:\/\/restyling.exenia.eu\/fr\/produit\/giotto-48-plafonnier\/","url":"https:\/\/restyling.exenia.eu\/fr\/produit\/giotto-48-plafonnier\/","name":"Giotto 48 Plafonnier | Exenia","isPartOf":{"@id":"https:\/\/restyling.exenia.eu\/#website"},"primaryImageOfPage":{"@id":"https:\/\/restyling.exenia.eu\/fr\/produit\/giotto-48-plafonnier\/#primaryimage"},"image":{"@id":"https:\/\/restyling.exenia.eu\/fr\/produit\/giotto-48-plafonnier\/#primaryimage"},"thumbnailUrl":"https:\/\/restyling.exenia.eu\/wp-content\/uploads\/2023\/01\/Giotto-48-prodotto.jpg","datePublished":"2023-01-13T13:14:29+00:00","dateModified":"2026-02-11T07:35:52+00:00","breadcrumb":{"@id":"https:\/\/restyling.exenia.eu\/fr\/produit\/giotto-48-plafonnier\/#breadcrumb"},"inLanguage":"fr-FR","potentialAction":[{"@type":"ReadAction","target":["https:\/\/restyling.exenia.eu\/fr\/produit\/giotto-48-plafonnier\/"]}]},{"@type":"ImageObject","inLanguage":"fr-FR","@id":"https:\/\/restyling.exenia.eu\/fr\/produit\/giotto-48-plafonnier\/#primaryimage","url":"https:\/\/restyling.exenia.eu\/wp-content\/uploads\/2023\/01\/Giotto-48-prodotto.jpg","contentUrl":"https:\/\/restyling.exenia.eu\/wp-content\/uploads\/2023\/01\/Giotto-48-prodotto.jpg","width":2000,"height":1919},{"@type":"BreadcrumbList","@id":"https:\/\/restyling.exenia.eu\/fr\/produit\/giotto-48-plafonnier\/#breadcrumb","itemListElement":[{"@type":"ListItem","position":1,"name":"Home","item":"https:\/\/restyling.exenia.eu\/"},{"@type":"ListItem","position":2,"name":"Produits","item":"https:\/\/restyling.exenia.eu\/prodotti\/"},{"@type":"ListItem","position":3,"name":"Indoor","item":"https:\/\/restyling.exenia.eu\/fr\/c\/indoor\/"},{"@type":"ListItem","position":4,"name":"Luminaires pour syst\u00e8mes\/pistes","item":"https:\/\/restyling.exenia.eu\/fr\/c\/indoor\/luminaires-pour-systemes-pistes\/"},{"@type":"ListItem","position":5,"name":"48 V","item":"https:\/\/restyling.exenia.eu\/fr\/c\/indoor\/luminaires-pour-systemes-pistes\/48-v-fr\/"},{"@type":"ListItem","position":6,"name":"Tous les luminaires pour 48","item":"https:\/\/restyling.exenia.eu\/fr\/c\/indoor\/luminaires-pour-systemes-pistes\/48-v-fr\/tous-les-luminaires-pour-48-fr\/"},{"@type":"ListItem","position":7,"name":"Giotto","item":"https:\/\/restyling.exenia.eu\/fr\/c\/indoor\/luminaires-pour-systemes-pistes\/48-v-fr\/tous-les-luminaires-pour-48-fr\/giotto-luminaires-pour-pistes\/"},{"@type":"ListItem","position":8,"name":"Giotto 48 Plafonnier"}]},{"@type":"WebSite","@id":"https:\/\/restyling.exenia.eu\/#website","url":"https:\/\/restyling.exenia.eu\/","name":"Exenia","description":"","publisher":{"@id":"https:\/\/restyling.exenia.eu\/#organization"},"potentialAction":[{"@type":"SearchAction","target":{"@type":"EntryPoint","urlTemplate":"https:\/\/restyling.exenia.eu\/?s={search_term_string}"},"query-input":{"@type":"PropertyValueSpecification","valueRequired":true,"valueName":"search_term_string"}}],"inLanguage":"fr-FR"},{"@type":"Organization","@id":"https:\/\/restyling.exenia.eu\/#organization","name":"Exenia","url":"https:\/\/restyling.exenia.eu\/","logo":{"@type":"ImageObject","inLanguage":"fr-FR","@id":"https:\/\/restyling.exenia.eu\/#\/schema\/logo\/image\/","url":"https:\/\/restyling.exenia.eu\/wp-content\/uploads\/2022\/09\/logo_exenia-e1678467519405.png","contentUrl":"https:\/\/restyling.exenia.eu\/wp-content\/uploads\/2022\/09\/logo_exenia-e1678467519405.png","width":600,"height":194,"caption":"Exenia"},"image":{"@id":"https:\/\/restyling.exenia.eu\/#\/schema\/logo\/image\/"},"sameAs":["https:\/\/www.facebook.com\/exenialighting","https:\/\/x.com\/ExeniaLighting"]}]}},"_links":{"self":[{"href":"https:\/\/restyling.exenia.eu\/fr\/wp-json\/wp\/v2\/product\/27019","targetHints":{"allow":["GET"]}}],"collection":[{"href":"https:\/\/restyling.exenia.eu\/fr\/wp-json\/wp\/v2\/product"}],"about":[{"href":"https:\/\/restyling.exenia.eu\/fr\/wp-json\/wp\/v2\/types\/product"}],"wp:featuredmedia":[{"embeddable":true,"href":"https:\/\/restyling.exenia.eu\/fr\/wp-json\/wp\/v2\/media\/10852"}],"wp:attachment":[{"href":"https:\/\/restyling.exenia.eu\/fr\/wp-json\/wp\/v2\/media?parent=27019"}],"wp:term":[{"taxonomy":"product_brand","embeddable":true,"href":"https:\/\/restyling.exenia.eu\/fr\/wp-json\/wp\/v2\/product_brand?post=27019"},{"taxonomy":"product_cat","embeddable":true,"href":"https:\/\/restyling.exenia.eu\/fr\/wp-json\/wp\/v2\/product_cat?post=27019"},{"taxonomy":"product_tag","embeddable":true,"href":"https:\/\/restyling.exenia.eu\/fr\/wp-json\/wp\/v2\/product_tag?post=27019"},{"taxonomy":"categoria-admin-prodotto","embeddable":true,"href":"https:\/\/restyling.exenia.eu\/fr\/wp-json\/wp\/v2\/categoria-admin-prodotto?post=27019"}],"curies":[{"name":"wp","href":"https:\/\/api.w.org\/{rel}","templated":true}]}}