{"id":27049,"date":"2022-11-24T09:51:46","date_gmt":"2022-11-24T08:51:46","guid":{"rendered":"https:\/\/www.exenia.eu\/prodotto\/willy-led\/"},"modified":"2023-06-13T14:39:42","modified_gmt":"2023-06-13T12:39:42","slug":"willy-suspension","status":"publish","type":"product","link":"https:\/\/restyling.exenia.eu\/fr\/produit\/willy-suspension\/","title":{"rendered":"Willy Suspension"},"content":{"rendered":"<p>Le Willy est un luminaire suspendu avec une distribution directe. Le corps du luminaire est fabriqu\u00e9e \u00e0 partir d&rsquo;un fil\u00e9 d&rsquo;aluminium et fini avec de la peinture liquide. Les optiques sont disponibles en m\u00e9dium, Large et Extra Large avec une protection IP20. Corps et rosace en aluminium \u00e9tir\u00e9 peint ext\u00e9rieurement en rouge brique, rouge laque, vert printemps, jaune bl\u00e9, blanc brillant, noir opaque, bleu pastel ou gris ciment ou en finition corten. Transformateur incorpor\u00e9 220\/240V &#8211; 50\/60Hz.<\/p>\n","protected":false},"excerpt":{"rendered":"<p>Le Willy est un luminaire suspendu avec une distribution directe&#8230;.<\/p>\n","protected":false},"featured_media":13122,"template":"","meta":{"_acf_changed":false},"product_brand":[],"product_cat":[3972],"product_tag":[8786,8788,8791,8797],"categoria-admin-prodotto":[],"class_list":{"0":"post-27049","1":"product","2":"type-product","3":"status-publish","4":"has-post-thumbnail","6":"product_cat-willy-apparecchi-a-sospensione-plafoniere-fr","7":"product_tag-31350-fr","8":"product_tag-31351-fr","9":"product_tag-31352-fr","10":"product_tag-31353-fr","11":"pa_cct-2700k-fr","12":"pa_cct-3000k-fr","13":"pa_cct-4000k-fr","14":"pa_certificazione-conformita-ce-fr","15":"pa_classe-f-oui","16":"pa_cri-85-fr","17":"pa_cri-95-fr","18":"pa_grado-ip-ip20-fr","19":"pa_lifetime-l80b10-100-000-ore-fr","20":"pa_temperatura-di-esercizio-10-30-fr","22":"first","23":"instock","24":"purchasable","25":"product-type-composite"},"composite_virtual":false,"composite_layout":"single","composite_add_to_cart_form_location":"default","composite_editable_in_cart":false,"composite_sold_individually_context":"product","composite_shop_price_calc":"defaults","composite_components":[{"id":"1670266785","title":"Corp de l&#039;appareil","description":"","query_type":"product_ids","query_ids":[18516],"default_option_id":18516,"thumbnail_id":"","thumbnail_src":"","quantity_min":1,"quantity_max":1,"priced_individually":false,"shipped_individually":false,"optional":false,"discount":"","options_style":"radios","pagination_style":"classic","display_prices":"absolute","show_sorting_options":false,"show_filtering_options":false,"attribute_filter_ids":[],"product_title_visible":false,"product_descr_visible":false,"product_price_visible":false,"product_thumb_visible":false,"subtotal_visible_product":false,"subtotal_visible_cart":false,"subtotal_visible_orders":false},{"id":"1670266786","title":"Taille","description":"","query_type":"product_ids","query_ids":[19083,19067,19076,19088],"default_option_id":"","thumbnail_id":"","thumbnail_src":"","quantity_min":1,"quantity_max":1,"priced_individually":false,"shipped_individually":false,"optional":true,"discount":"","options_style":"radios","pagination_style":"classic","display_prices":"absolute","show_sorting_options":false,"show_filtering_options":false,"attribute_filter_ids":[],"product_title_visible":false,"product_descr_visible":false,"product_price_visible":false,"product_thumb_visible":false,"subtotal_visible_product":false,"subtotal_visible_cart":false,"subtotal_visible_orders":false},{"id":"1670314731","title":"Controle","description":"","query_type":"product_ids","query_ids":[18447,18451,18454,18456,18457],"default_option_id":"","thumbnail_id":"","thumbnail_src":"","quantity_min":1,"quantity_max":1,"priced_individually":false,"shipped_individually":false,"optional":true,"discount":"","options_style":"radios","pagination_style":"classic","display_prices":"absolute","show_sorting_options":false,"show_filtering_options":false,"attribute_filter_ids":[],"product_title_visible":false,"product_descr_visible":false,"product_price_visible":false,"product_thumb_visible":false,"subtotal_visible_product":false,"subtotal_visible_cart":false,"subtotal_visible_orders":false},{"id":"1670314732","title":"Finition","description":"","query_type":"product_ids","query_ids":[18742,18708,18710,18712,18714,18718,18719,18723,18727],"default_option_id":"","thumbnail_id":"","thumbnail_src":"","quantity_min":1,"quantity_max":1,"priced_individually":false,"shipped_individually":false,"optional":true,"discount":"","options_style":"radios","pagination_style":"classic","display_prices":"absolute","show_sorting_options":false,"show_filtering_options":false,"attribute_filter_ids":[],"product_title_visible":false,"product_descr_visible":false,"product_price_visible":false,"product_thumb_visible":false,"subtotal_visible_product":false,"subtotal_visible_cart":false,"subtotal_visible_orders":false},{"id":"1670314733","title":"CRI-CCT","description":"","query_type":"product_ids","query_ids":[18655,18649,18650,18651],"default_option_id":"","thumbnail_id":"","thumbnail_src":"","quantity_min":1,"quantity_max":1,"priced_individually":false,"shipped_individually":false,"optional":true,"discount":"","options_style":"radios","pagination_style":"classic","display_prices":"absolute","show_sorting_options":false,"show_filtering_options":false,"attribute_filter_ids":[],"product_title_visible":false,"product_descr_visible":false,"product_price_visible":false,"product_thumb_visible":false,"subtotal_visible_product":false,"subtotal_visible_cart":false,"subtotal_visible_orders":false},{"id":"1670314734","title":"Commandez s\u00e9par\u00e9ment","description":"","query_type":"product_ids","query_ids":[7634],"default_option_id":7634,"thumbnail_id":"","thumbnail_src":"","quantity_min":1,"quantity_max":1,"priced_individually":false,"shipped_individually":false,"optional":false,"discount":"","options_style":"radios","pagination_style":"classic","display_prices":"absolute","show_sorting_options":false,"show_filtering_options":false,"attribute_filter_ids":[],"product_title_visible":false,"product_descr_visible":false,"product_price_visible":false,"product_thumb_visible":false,"subtotal_visible_product":false,"subtotal_visible_cart":false,"subtotal_visible_orders":false},{"id":"1670314735","title":"Accessoires optiques primaires","description":"","query_type":"product_ids","query_ids":[18177,18175,18176,18178],"default_option_id":"","thumbnail_id":"","thumbnail_src":"","quantity_min":1,"quantity_max":1,"priced_individually":false,"shipped_individually":false,"optional":true,"discount":"","options_style":"radios","pagination_style":"classic","display_prices":"absolute","show_sorting_options":false,"show_filtering_options":false,"attribute_filter_ids":[],"product_title_visible":false,"product_descr_visible":false,"product_price_visible":false,"product_thumb_visible":false,"subtotal_visible_product":false,"subtotal_visible_cart":false,"subtotal_visible_orders":false},{"id":"1670314736","title":"Finition de l&#039;anneau","description":"","query_type":"product_ids","query_ids":[18742,18708,18710,18712,18714,18718,18719,18727],"default_option_id":"","thumbnail_id":"","thumbnail_src":"","quantity_min":1,"quantity_max":1,"priced_individually":false,"shipped_individually":false,"optional":true,"discount":"","options_style":"radios","pagination_style":"classic","display_prices":"absolute","show_sorting_options":false,"show_filtering_options":false,"attribute_filter_ids":[],"product_title_visible":false,"product_descr_visible":false,"product_price_visible":false,"product_thumb_visible":false,"subtotal_visible_product":false,"subtotal_visible_cart":false,"subtotal_visible_orders":false},{"id":"1670314737","title":"Optique","description":"","query_type":"product_ids","query_ids":[13773,18820,18811,18842,18814,18806,18840,18816,18807,18845],"default_option_id":"","thumbnail_id":"","thumbnail_src":"","quantity_min":1,"quantity_max":1,"priced_individually":false,"shipped_individually":false,"optional":true,"discount":"","options_style":"radios","pagination_style":"classic","display_prices":"absolute","show_sorting_options":false,"show_filtering_options":false,"attribute_filter_ids":[],"product_title_visible":false,"product_descr_visible":false,"product_price_visible":false,"product_thumb_visible":false,"subtotal_visible_product":false,"subtotal_visible_cart":false,"subtotal_visible_orders":false}],"composite_scenarios":[{"id":"1670315142","name":"on-off small medium","description":"","configuration":[{"component_id":"1670266786","options_modifier":"in","component_options":[19083,19067]}],"actions":[{"action_id":"compat_group","is_active":false},{"action_id":"conditional_components","is_active":false,"hidden_components":[]},{"action_id":"conditional_options","is_active":true,"hidden_options":[{"component_id":"1670314731","component_options":[-1,18447],"options_modifier":"not-in"}]}],"enabled":true},{"id":"1670315143","name":"versione small","description":"","configuration":[{"component_id":"1670266786","options_modifier":"in","component_options":[19083]}],"actions":[{"action_id":"compat_group","is_active":false},{"action_id":"conditional_components","is_active":false,"hidden_components":[]},{"action_id":"conditional_options","is_active":true,"hidden_options":[{"component_id":"1670314735","component_options":[-1,18177],"options_modifier":"not-in"},{"component_id":"1670314737","component_options":[-1,13773],"options_modifier":"not-in"}]}],"enabled":true},{"id":"1670315144","name":"versione medium","description":"","configuration":[{"component_id":"1670266786","options_modifier":"in","component_options":[19067]}],"actions":[{"action_id":"compat_group","is_active":false},{"action_id":"conditional_components","is_active":false,"hidden_components":[]},{"action_id":"conditional_options","is_active":true,"hidden_options":[{"component_id":"1670314735","component_options":[-1,18175],"options_modifier":"not-in"},{"component_id":"1670314737","component_options":[-1,18820,18811,18842],"options_modifier":"not-in"}]}],"enabled":true},{"id":"1670315145","name":"versione large","description":"","configuration":[{"component_id":"1670266786","options_modifier":"in","component_options":[19076]}],"actions":[{"action_id":"compat_group","is_active":false},{"action_id":"conditional_components","is_active":false,"hidden_components":[]},{"action_id":"conditional_options","is_active":true,"hidden_options":[{"component_id":"1670314735","component_options":[-1,18176],"options_modifier":"not-in"},{"component_id":"1670314737","component_options":[-1,18814,18806,18840],"options_modifier":"not-in"}]}],"enabled":true},{"id":"1670315146","name":"versione xlarge","description":"","configuration":[{"component_id":"1670266786","options_modifier":"in","component_options":[19088]}],"actions":[{"action_id":"compat_group","is_active":false},{"action_id":"conditional_components","is_active":false,"hidden_components":[]},{"action_id":"conditional_options","is_active":true,"hidden_options":[{"component_id":"1670314735","component_options":[-1,18178],"options_modifier":"not-in"},{"component_id":"1670314737","component_options":[-1,18816,18807,18845],"options_modifier":"not-in"}]}],"enabled":true},{"id":"1670315544","name":"dimmerabili","description":"","configuration":[{"component_id":"1670314731","options_modifier":"in","component_options":[18451,18454,18456,18457]}],"actions":[{"action_id":"compat_group","is_active":false},{"action_id":"conditional_components","is_active":false,"hidden_components":[]},{"action_id":"conditional_options","is_active":true,"hidden_options":[{"component_id":"1670266786","component_options":[19083,19067],"options_modifier":"in"},{"component_id":"1670314735","component_options":[18177,18175],"options_modifier":"in"},{"component_id":"1670314737","component_options":[13773,18820,18811,18842],"options_modifier":"in"}]}],"enabled":true},{"id":"1670315545","name":"\u00d8 280 push","description":"","configuration":[{"component_id":"1670266786","options_modifier":"in","component_options":[19076]}],"actions":[{"action_id":"compat_group","is_active":false},{"action_id":"conditional_components","is_active":false,"hidden_components":[]},{"action_id":"conditional_options","is_active":true,"hidden_options":[{"component_id":"1670314731","component_options":[18457],"options_modifier":"in"}]}],"enabled":true},{"id":"1670315546","name":"\u00d8 400 push","description":"","configuration":[{"component_id":"1670266786","options_modifier":"in","component_options":[19088]}],"actions":[{"action_id":"compat_group","is_active":false},{"action_id":"conditional_components","is_active":false,"hidden_components":[]},{"action_id":"conditional_options","is_active":true,"hidden_options":[{"component_id":"1670314731","component_options":[18456],"options_modifier":"in"}]}],"enabled":true},{"id":"1670315547","name":"push x \u00d8280","description":"","configuration":[{"component_id":"1670314731","options_modifier":"in","component_options":[18456]}],"actions":[{"action_id":"compat_group","is_active":false},{"action_id":"conditional_components","is_active":false,"hidden_components":[]},{"action_id":"conditional_options","is_active":true,"hidden_options":[{"component_id":"1670266786","component_options":[19083,19067,19088],"options_modifier":"in"},{"component_id":"1670314735","component_options":[-1,18176],"options_modifier":"not-in"},{"component_id":"1670314737","component_options":[-1,18814,18806,18840],"options_modifier":"not-in"}]}],"enabled":true},{"id":"1670315548","name":"push x \u00d8400","description":"","configuration":[{"component_id":"1670314731","options_modifier":"in","component_options":[18457]}],"actions":[{"action_id":"compat_group","is_active":false},{"action_id":"conditional_components","is_active":false,"hidden_components":[]},{"action_id":"conditional_options","is_active":true,"hidden_options":[{"component_id":"1670266786","component_options":[19083,19067,19076],"options_modifier":"in"},{"component_id":"1670314735","component_options":[-1,18178],"options_modifier":"not-in"},{"component_id":"1670314737","component_options":[-1,18816,18807,18845],"options_modifier":"not-in"}]}],"enabled":true},{"id":"1670315549","name":"1-10 - dali","description":"","configuration":[{"component_id":"1670314731","options_modifier":"in","component_options":[18451,18454]}],"actions":[{"action_id":"compat_group","is_active":false},{"action_id":"conditional_components","is_active":false,"hidden_components":[]},{"action_id":"conditional_options","is_active":true,"hidden_options":[{"component_id":"1670266786","component_options":[19083,19067],"options_modifier":"in"},{"component_id":"1670314735","component_options":[18177,18175],"options_modifier":"in"},{"component_id":"1670314737","component_options":[13773,18820,18811,18842],"options_modifier":"in"}]}],"enabled":true},{"id":"1670315809","name":"anello small","description":"","configuration":[{"component_id":"1670314735","options_modifier":"in","component_options":[18177]}],"actions":[{"action_id":"compat_group","is_active":false},{"action_id":"conditional_components","is_active":false,"hidden_components":[]},{"action_id":"conditional_options","is_active":true,"hidden_options":[{"component_id":"1670266786","component_options":[-1,19083],"options_modifier":"not-in"},{"component_id":"1670314731","component_options":[-1,18447],"options_modifier":"not-in"},{"component_id":"1670314737","component_options":[-1,13773],"options_modifier":"not-in"}]}],"enabled":true},{"id":"1670315810","name":"anello medium","description":"","configuration":[{"component_id":"1670314735","options_modifier":"in","component_options":[18175]}],"actions":[{"action_id":"compat_group","is_active":false},{"action_id":"conditional_components","is_active":false,"hidden_components":[]},{"action_id":"conditional_options","is_active":true,"hidden_options":[{"component_id":"1670266786","component_options":[-1,19067],"options_modifier":"not-in"},{"component_id":"1670314731","component_options":[-1,18447],"options_modifier":"not-in"},{"component_id":"1670314737","component_options":[-1,18820,18811,18842],"options_modifier":"not-in"}]}],"enabled":true},{"id":"1670315811","name":"anello large","description":"","configuration":[{"component_id":"1670314735","options_modifier":"in","component_options":[18176]}],"actions":[{"action_id":"compat_group","is_active":false},{"action_id":"conditional_components","is_active":false,"hidden_components":[]},{"action_id":"conditional_options","is_active":true,"hidden_options":[{"component_id":"1670266786","component_options":[-1,19076],"options_modifier":"not-in"},{"component_id":"1670314731","component_options":[18457],"options_modifier":"in"},{"component_id":"1670314737","component_options":[-1,18814,18806,18840],"options_modifier":"not-in"}]}],"enabled":true},{"id":"1670315812","name":"anello large","description":"","configuration":[{"component_id":"1670314735","options_modifier":"in","component_options":[18178]}],"actions":[{"action_id":"compat_group","is_active":false},{"action_id":"conditional_components","is_active":false,"hidden_components":[]},{"action_id":"conditional_options","is_active":true,"hidden_options":[{"component_id":"1670266786","component_options":[-1,19088],"options_modifier":"not-in"},{"component_id":"1670314731","component_options":[18456],"options_modifier":"in"},{"component_id":"1670314737","component_options":[-1,18816,18807,18845],"options_modifier":"not-in"}]}],"enabled":true},{"id":"1670316069","name":"ottica small","description":"","configuration":[{"component_id":"1670314737","options_modifier":"in","component_options":[13773]}],"actions":[{"action_id":"compat_group","is_active":false},{"action_id":"conditional_components","is_active":false,"hidden_components":[]},{"action_id":"conditional_options","is_active":true,"hidden_options":[{"component_id":"1670266786","component_options":[-1,19083],"options_modifier":"not-in"},{"component_id":"1670314731","component_options":[-1,18447],"options_modifier":"not-in"},{"component_id":"1670314735","component_options":[-1,18177],"options_modifier":"not-in"}]}],"enabled":true},{"id":"1670316070","name":"ottica medium","description":"","configuration":[{"component_id":"1670314737","options_modifier":"in","component_options":[18820,18811,18842]}],"actions":[{"action_id":"compat_group","is_active":false},{"action_id":"conditional_components","is_active":false,"hidden_components":[]},{"action_id":"conditional_options","is_active":true,"hidden_options":[{"component_id":"1670266786","component_options":[-1,19067],"options_modifier":"not-in"},{"component_id":"1670314731","component_options":[-1,18447],"options_modifier":"not-in"},{"component_id":"1670314735","component_options":[-1,18175],"options_modifier":"not-in"}]}],"enabled":true},{"id":"1670316071","name":"ottica large","description":"","configuration":[{"component_id":"1670314737","options_modifier":"in","component_options":[18814,18806,18840]}],"actions":[{"action_id":"compat_group","is_active":false},{"action_id":"conditional_components","is_active":false,"hidden_components":[]},{"action_id":"conditional_options","is_active":true,"hidden_options":[{"component_id":"1670266786","component_options":[-1,19076],"options_modifier":"not-in"},{"component_id":"1670314731","component_options":[18457],"options_modifier":"in"},{"component_id":"1670314735","component_options":[-1,18176],"options_modifier":"not-in"}]}],"enabled":true},{"id":"1670316072","name":"ottica xlarge","description":"","configuration":[{"component_id":"1670314737","options_modifier":"in","component_options":[18816,18807,18845]}],"actions":[{"action_id":"compat_group","is_active":false},{"action_id":"conditional_components","is_active":false,"hidden_components":[]},{"action_id":"conditional_options","is_active":true,"hidden_options":[{"component_id":"1670266786","component_options":[-1,19088],"options_modifier":"not-in"},{"component_id":"1670314731","component_options":[18456],"options_modifier":"in"},{"component_id":"1670314735","component_options":[-1,18178],"options_modifier":"not-in"}]}],"enabled":true}],"bundled_by":[],"bundle_stock_status":"instock","bundle_stock_quantity":null,"bundle_virtual":false,"bundle_layout":"","bundle_add_to_cart_form_location":"","bundle_editable_in_cart":false,"bundle_sold_individually_context":"","bundle_item_grouping":"","bundle_min_size":"","bundle_max_size":"","bundled_items":[],"bundle_sell_ids":[],"acf":[],"yoast_head":"<!-- This site is optimized with the Yoast SEO plugin v27.4 - https:\/\/yoast.com\/product\/yoast-seo-wordpress\/ -->\n<title>Willy Suspension | Exenia<\/title>\n<meta name=\"robots\" content=\"noindex, follow, max-snippet:-1, max-image-preview:large, max-video-preview:-1\" \/>\n<meta property=\"og:locale\" content=\"fr_FR\" \/>\n<meta property=\"og:type\" content=\"article\" \/>\n<meta property=\"og:title\" content=\"Willy Suspension | Exenia\" \/>\n<meta property=\"og:description\" content=\"Le Willy est un luminaire suspendu avec une distribution directe....\" \/>\n<meta property=\"og:url\" content=\"https:\/\/restyling.exenia.eu\/fr\/produit\/willy-suspension\/\" \/>\n<meta property=\"og:site_name\" content=\"Exenia\" \/>\n<meta property=\"article:publisher\" content=\"https:\/\/www.facebook.com\/exenialighting\" \/>\n<meta property=\"article:modified_time\" content=\"2023-06-13T12:39:42+00:00\" \/>\n<meta property=\"og:image\" content=\"https:\/\/restyling.exenia.eu\/wp-content\/uploads\/2023\/01\/Willy-prodotto.jpg\" \/>\n\t<meta property=\"og:image:width\" content=\"1982\" \/>\n\t<meta property=\"og:image:height\" content=\"1902\" \/>\n\t<meta property=\"og:image:type\" content=\"image\/jpeg\" \/>\n<!-- \/ Yoast SEO plugin. -->","yoast_head_json":{"title":"Willy Suspension | Exenia","robots":{"index":"noindex","follow":"follow","max-snippet":"max-snippet:-1","max-image-preview":"max-image-preview:large","max-video-preview":"max-video-preview:-1"},"og_locale":"fr_FR","og_type":"article","og_title":"Willy Suspension | Exenia","og_description":"Le Willy est un luminaire suspendu avec une distribution directe....","og_url":"https:\/\/restyling.exenia.eu\/fr\/produit\/willy-suspension\/","og_site_name":"Exenia","article_publisher":"https:\/\/www.facebook.com\/exenialighting","article_modified_time":"2023-06-13T12:39:42+00:00","og_image":[{"width":1982,"height":1902,"url":"https:\/\/restyling.exenia.eu\/wp-content\/uploads\/2023\/01\/Willy-prodotto.jpg","type":"image\/jpeg"}],"schema":{"@context":"https:\/\/schema.org","@graph":[{"@type":"WebPage","@id":"https:\/\/restyling.exenia.eu\/fr\/produit\/willy-suspension\/","url":"https:\/\/restyling.exenia.eu\/fr\/produit\/willy-suspension\/","name":"Willy Suspension | Exenia","isPartOf":{"@id":"https:\/\/restyling.exenia.eu\/#website"},"primaryImageOfPage":{"@id":"https:\/\/restyling.exenia.eu\/fr\/produit\/willy-suspension\/#primaryimage"},"image":{"@id":"https:\/\/restyling.exenia.eu\/fr\/produit\/willy-suspension\/#primaryimage"},"thumbnailUrl":"https:\/\/restyling.exenia.eu\/wp-content\/uploads\/2023\/01\/Willy-prodotto.jpg","datePublished":"2022-11-24T08:51:46+00:00","dateModified":"2023-06-13T12:39:42+00:00","breadcrumb":{"@id":"https:\/\/restyling.exenia.eu\/fr\/produit\/willy-suspension\/#breadcrumb"},"inLanguage":"fr-FR","potentialAction":[{"@type":"ReadAction","target":["https:\/\/restyling.exenia.eu\/fr\/produit\/willy-suspension\/"]}]},{"@type":"ImageObject","inLanguage":"fr-FR","@id":"https:\/\/restyling.exenia.eu\/fr\/produit\/willy-suspension\/#primaryimage","url":"https:\/\/restyling.exenia.eu\/wp-content\/uploads\/2023\/01\/Willy-prodotto.jpg","contentUrl":"https:\/\/restyling.exenia.eu\/wp-content\/uploads\/2023\/01\/Willy-prodotto.jpg","width":1982,"height":1902},{"@type":"BreadcrumbList","@id":"https:\/\/restyling.exenia.eu\/fr\/produit\/willy-suspension\/#breadcrumb","itemListElement":[{"@type":"ListItem","position":1,"name":"Home","item":"https:\/\/restyling.exenia.eu\/"},{"@type":"ListItem","position":2,"name":"Produits","item":"https:\/\/restyling.exenia.eu\/prodotti\/"},{"@type":"ListItem","position":3,"name":"Indoor","item":"https:\/\/restyling.exenia.eu\/fr\/c\/indoor\/"},{"@type":"ListItem","position":4,"name":"Suspensions et plafonniers","item":"https:\/\/restyling.exenia.eu\/fr\/c\/indoor\/suspensions-et-plafonniers\/"},{"@type":"ListItem","position":5,"name":"Willy","item":"https:\/\/restyling.exenia.eu\/fr\/c\/indoor\/suspensions-et-plafonniers\/willy-apparecchi-a-sospensione-plafoniere-fr\/"},{"@type":"ListItem","position":6,"name":"Willy Suspension"}]},{"@type":"WebSite","@id":"https:\/\/restyling.exenia.eu\/#website","url":"https:\/\/restyling.exenia.eu\/","name":"Exenia","description":"","publisher":{"@id":"https:\/\/restyling.exenia.eu\/#organization"},"potentialAction":[{"@type":"SearchAction","target":{"@type":"EntryPoint","urlTemplate":"https:\/\/restyling.exenia.eu\/?s={search_term_string}"},"query-input":{"@type":"PropertyValueSpecification","valueRequired":true,"valueName":"search_term_string"}}],"inLanguage":"fr-FR"},{"@type":"Organization","@id":"https:\/\/restyling.exenia.eu\/#organization","name":"Exenia","url":"https:\/\/restyling.exenia.eu\/","logo":{"@type":"ImageObject","inLanguage":"fr-FR","@id":"https:\/\/restyling.exenia.eu\/#\/schema\/logo\/image\/","url":"https:\/\/restyling.exenia.eu\/wp-content\/uploads\/2022\/09\/logo_exenia-e1678467519405.png","contentUrl":"https:\/\/restyling.exenia.eu\/wp-content\/uploads\/2022\/09\/logo_exenia-e1678467519405.png","width":600,"height":194,"caption":"Exenia"},"image":{"@id":"https:\/\/restyling.exenia.eu\/#\/schema\/logo\/image\/"},"sameAs":["https:\/\/www.facebook.com\/exenialighting","https:\/\/x.com\/ExeniaLighting"]}]}},"_links":{"self":[{"href":"https:\/\/restyling.exenia.eu\/fr\/wp-json\/wp\/v2\/product\/27049","targetHints":{"allow":["GET"]}}],"collection":[{"href":"https:\/\/restyling.exenia.eu\/fr\/wp-json\/wp\/v2\/product"}],"about":[{"href":"https:\/\/restyling.exenia.eu\/fr\/wp-json\/wp\/v2\/types\/product"}],"wp:featuredmedia":[{"embeddable":true,"href":"https:\/\/restyling.exenia.eu\/fr\/wp-json\/wp\/v2\/media\/13122"}],"wp:attachment":[{"href":"https:\/\/restyling.exenia.eu\/fr\/wp-json\/wp\/v2\/media?parent=27049"}],"wp:term":[{"taxonomy":"product_brand","embeddable":true,"href":"https:\/\/restyling.exenia.eu\/fr\/wp-json\/wp\/v2\/product_brand?post=27049"},{"taxonomy":"product_cat","embeddable":true,"href":"https:\/\/restyling.exenia.eu\/fr\/wp-json\/wp\/v2\/product_cat?post=27049"},{"taxonomy":"product_tag","embeddable":true,"href":"https:\/\/restyling.exenia.eu\/fr\/wp-json\/wp\/v2\/product_tag?post=27049"},{"taxonomy":"categoria-admin-prodotto","embeddable":true,"href":"https:\/\/restyling.exenia.eu\/fr\/wp-json\/wp\/v2\/categoria-admin-prodotto?post=27049"}],"curies":[{"name":"wp","href":"https:\/\/api.w.org\/{rel}","templated":true}]}}