{"id":27059,"date":"2022-11-24T09:51:46","date_gmt":"2022-11-24T08:51:46","guid":{"rendered":"https:\/\/www.exenia.eu\/prodotto\/zik-48-2\/"},"modified":"2023-06-13T14:39:44","modified_gmt":"2023-06-13T12:39:44","slug":"zik-48","status":"publish","type":"product","link":"https:\/\/restyling.exenia.eu\/fr\/produit\/zik-48\/","title":{"rendered":"Zik 48"},"content":{"rendered":"<p>Zik 48 est un luminaire pour l&rsquo;\u00e9clairage direct obtenu \u00e0 l&rsquo;int\u00e9rieur du rail m\u00eame; il transforme le support en une source permettant de tirer le meilleur parti des dimensions minimales du syst\u00e8me 48 Exenia, avec possibilit\u00e9 de le compl\u00e9ter avec des \u00e9crans opalins ou microprismatiques le rendant ainsi flexible et adaptable aux n\u00e9cessit\u00e9s. Il fait tout cela en optimisant les prestations. Zik 48 est une source lin\u00e9aire au strict minimum qui int\u00e8gre et compl\u00e8te<br \/>remarquablement les grandes possibilit\u00e9s de composition d&rsquo;un syst\u00e8me dont les dimensions r\u00e9duites repr\u00e9sentent son atout. Maintien du flux lumineux de 50.000 heures conform\u00e9ment \u00e0 la norme L80B10.<\/p>\n","protected":false},"excerpt":{"rendered":"<p>Zik 48 est un luminaire pour l&rsquo;\u00e9clairage direct obtenu \u00e0&#8230;<\/p>\n","protected":false},"featured_media":13202,"template":"","meta":{"_acf_changed":false},"product_brand":[],"product_cat":[6614,6619,6624,6629,6634,6639,6647,2698],"product_tag":[8801,8804,8807],"categoria-admin-prodotto":[],"class_list":{"0":"post-27059","1":"product","2":"type-product","3":"status-publish","4":"has-post-thumbnail","6":"product_cat-luminaires-track-48-fr","7":"product_cat-luminaires-track-48-evo","8":"product_cat-luminaires-track-48-trimless","9":"product_cat-luminaires-track-48-tube","10":"product_cat-luminaires-track-48-twin","11":"product_cat-luminaires-track-48-rt","12":"product_cat-tous-les-luminaires-pour-48-fr","13":"product_cat-zik-luminaires-pour-pistes","14":"product_tag-71170-fr","15":"product_tag-71171-fr","16":"product_tag-71172-fr","17":"pa_cct-2700k-fr","18":"pa_cct-3000k-fr","19":"pa_cct-4000k-fr","20":"pa_certificazione-conformita-ce-fr","21":"pa_classe-f-oui","22":"pa_cri-85-fr","23":"pa_cri-95-fr","24":"pa_grado-ip-ip20-fr","25":"pa_lifetime-l80b10-50-000-h-fr","26":"pa_temperatura-di-esercizio-10-30-fr","28":"first","29":"instock","30":"purchasable","31":"product-type-composite"},"composite_virtual":false,"composite_layout":"single","composite_add_to_cart_form_location":"default","composite_editable_in_cart":false,"composite_sold_individually_context":"product","composite_shop_price_calc":"defaults","composite_components":[{"id":"1674061522","title":"Corp de l&#039;appareil","description":"","query_type":"product_ids","query_ids":[18593],"default_option_id":18593,"thumbnail_id":"","thumbnail_src":"","quantity_min":1,"quantity_max":1,"priced_individually":false,"shipped_individually":false,"optional":false,"discount":"","options_style":"radios","pagination_style":"classic","display_prices":"absolute","show_sorting_options":false,"show_filtering_options":false,"attribute_filter_ids":[],"product_title_visible":false,"product_descr_visible":false,"product_price_visible":false,"product_thumb_visible":false,"subtotal_visible_product":false,"subtotal_visible_cart":false,"subtotal_visible_orders":false},{"id":"1674061523","title":"Version","description":"","query_type":"product_ids","query_ids":[19121,19126,19128],"default_option_id":"","thumbnail_id":"","thumbnail_src":"","quantity_min":1,"quantity_max":1,"priced_individually":false,"shipped_individually":false,"optional":true,"discount":"","options_style":"radios","pagination_style":"classic","display_prices":"absolute","show_sorting_options":false,"show_filtering_options":false,"attribute_filter_ids":[],"product_title_visible":false,"product_descr_visible":false,"product_price_visible":false,"product_thumb_visible":false,"subtotal_visible_product":false,"subtotal_visible_cart":false,"subtotal_visible_orders":false},{"id":"1674061524","title":"Controle","description":"","query_type":"product_ids","query_ids":[18447],"default_option_id":18447,"thumbnail_id":"","thumbnail_src":"","quantity_min":1,"quantity_max":1,"priced_individually":false,"shipped_individually":false,"optional":false,"discount":"","options_style":"radios","pagination_style":"classic","display_prices":"absolute","show_sorting_options":false,"show_filtering_options":false,"attribute_filter_ids":[],"product_title_visible":false,"product_descr_visible":false,"product_price_visible":false,"product_thumb_visible":false,"subtotal_visible_product":false,"subtotal_visible_cart":false,"subtotal_visible_orders":false},{"id":"1674061525","title":"Finition","description":"","query_type":"product_ids","query_ids":[18713,18717],"default_option_id":"","thumbnail_id":"","thumbnail_src":"","quantity_min":1,"quantity_max":1,"priced_individually":false,"shipped_individually":false,"optional":true,"discount":"","options_style":"radios","pagination_style":"classic","display_prices":"absolute","show_sorting_options":false,"show_filtering_options":false,"attribute_filter_ids":[],"product_title_visible":false,"product_descr_visible":false,"product_price_visible":false,"product_thumb_visible":false,"subtotal_visible_product":false,"subtotal_visible_cart":false,"subtotal_visible_orders":false},{"id":"1674061526","title":"CRI-CCT","description":"","query_type":"product_ids","query_ids":[18655,18649,18650,18651],"default_option_id":"","thumbnail_id":"","thumbnail_src":"","quantity_min":1,"quantity_max":1,"priced_individually":false,"shipped_individually":false,"optional":true,"discount":"","options_style":"radios","pagination_style":"classic","display_prices":"absolute","show_sorting_options":false,"show_filtering_options":false,"attribute_filter_ids":[],"product_title_visible":false,"product_descr_visible":false,"product_price_visible":false,"product_thumb_visible":false,"subtotal_visible_product":false,"subtotal_visible_cart":false,"subtotal_visible_orders":false},{"id":"1674116983","title":"Commandez s\u00e9par\u00e9ment","description":"","query_type":"product_ids","query_ids":[7634],"default_option_id":7634,"thumbnail_id":"","thumbnail_src":"","quantity_min":1,"quantity_max":1,"priced_individually":false,"shipped_individually":false,"optional":false,"discount":"","options_style":"radios","pagination_style":"classic","display_prices":"absolute","show_sorting_options":false,"show_filtering_options":false,"attribute_filter_ids":[],"product_title_visible":false,"product_descr_visible":false,"product_price_visible":false,"product_thumb_visible":false,"subtotal_visible_product":false,"subtotal_visible_cart":false,"subtotal_visible_orders":false},{"id":"1674116984","title":"Diffuseur","description":"","query_type":"product_ids","query_ids":[13572,13569],"default_option_id":"","thumbnail_id":"","thumbnail_src":"","quantity_min":1,"quantity_max":1,"priced_individually":false,"shipped_individually":false,"optional":true,"discount":"","options_style":"radios","pagination_style":"classic","display_prices":"absolute","show_sorting_options":false,"show_filtering_options":false,"attribute_filter_ids":[],"product_title_visible":false,"product_descr_visible":false,"product_price_visible":false,"product_thumb_visible":true,"subtotal_visible_product":false,"subtotal_visible_cart":false,"subtotal_visible_orders":false},{"id":"1674116985","title":"Longueur du diffuseur","description":"","query_type":"product_ids","query_ids":[13566,13559,13556],"default_option_id":"","thumbnail_id":"","thumbnail_src":"","quantity_min":1,"quantity_max":1,"priced_individually":false,"shipped_individually":false,"optional":true,"discount":"","options_style":"radios","pagination_style":"classic","display_prices":"absolute","show_sorting_options":false,"show_filtering_options":false,"attribute_filter_ids":[],"product_title_visible":false,"product_descr_visible":false,"product_price_visible":false,"product_thumb_visible":false,"subtotal_visible_product":false,"subtotal_visible_cart":false,"subtotal_visible_orders":false}],"composite_scenarios":[{"id":"1674117080","name":"70","description":"","configuration":[{"component_id":"1674061523","options_modifier":"in","component_options":[19121]}],"actions":[{"action_id":"compat_group","is_active":false},{"action_id":"conditional_components","is_active":false,"hidden_components":[]},{"action_id":"conditional_options","is_active":true,"hidden_options":[{"component_id":"1674116985","component_options":[-1,13566],"options_modifier":"not-in"}]}],"enabled":true},{"id":"1674117081","name":"71","description":"","configuration":[{"component_id":"1674061523","options_modifier":"in","component_options":[19126]}],"actions":[{"action_id":"compat_group","is_active":false},{"action_id":"conditional_components","is_active":false,"hidden_components":[]},{"action_id":"conditional_options","is_active":true,"hidden_options":[{"component_id":"1674116985","component_options":[-1,13559],"options_modifier":"not-in"}]}],"enabled":true},{"id":"1674117082","name":"72","description":"","configuration":[{"component_id":"1674061523","options_modifier":"in","component_options":[19128]}],"actions":[{"action_id":"compat_group","is_active":false},{"action_id":"conditional_components","is_active":false,"hidden_components":[]},{"action_id":"conditional_options","is_active":true,"hidden_options":[{"component_id":"1674116985","component_options":[-1,13556],"options_modifier":"not-in"}]}],"enabled":true},{"id":"1674117291","name":"diff.047","description":"","configuration":[{"component_id":"1674116985","options_modifier":"in","component_options":[13566]}],"actions":[{"action_id":"compat_group","is_active":false},{"action_id":"conditional_components","is_active":false,"hidden_components":[]},{"action_id":"conditional_options","is_active":true,"hidden_options":[{"component_id":"1674061523","component_options":[-1,19121],"options_modifier":"not-in"}]}],"enabled":true},{"id":"1674117292","name":"diff.077","description":"","configuration":[{"component_id":"1674116985","options_modifier":"in","component_options":[13559]}],"actions":[{"action_id":"compat_group","is_active":false},{"action_id":"conditional_components","is_active":false,"hidden_components":[]},{"action_id":"conditional_options","is_active":true,"hidden_options":[{"component_id":"1674061523","component_options":[-1,19126],"options_modifier":"not-in"}]}],"enabled":true},{"id":"1674117293","name":"diff.107","description":"","configuration":[{"component_id":"1674116985","options_modifier":"in","component_options":[13556]}],"actions":[{"action_id":"compat_group","is_active":false},{"action_id":"conditional_components","is_active":false,"hidden_components":[]},{"action_id":"conditional_options","is_active":true,"hidden_options":[{"component_id":"1674061523","component_options":[-1,19128],"options_modifier":"not-in"}]}],"enabled":true}],"bundled_by":[],"bundle_stock_status":"instock","bundle_stock_quantity":null,"bundle_virtual":false,"bundle_layout":"","bundle_add_to_cart_form_location":"","bundle_editable_in_cart":false,"bundle_sold_individually_context":"","bundle_item_grouping":"","bundle_min_size":"","bundle_max_size":"","bundled_items":[],"bundle_sell_ids":[],"acf":[],"yoast_head":"<!-- This site is optimized with the Yoast SEO plugin v27.5 - https:\/\/yoast.com\/product\/yoast-seo-wordpress\/ -->\n<title>Zik 48 | Exenia<\/title>\n<meta name=\"robots\" content=\"noindex, follow, max-snippet:-1, max-image-preview:large, max-video-preview:-1\" \/>\n<meta property=\"og:locale\" content=\"fr_FR\" \/>\n<meta property=\"og:type\" content=\"article\" \/>\n<meta property=\"og:title\" content=\"Zik 48 | Exenia\" \/>\n<meta property=\"og:description\" content=\"Zik 48 est un luminaire pour l&rsquo;\u00e9clairage direct obtenu \u00e0...\" \/>\n<meta property=\"og:url\" content=\"https:\/\/restyling.exenia.eu\/fr\/produit\/zik-48\/\" \/>\n<meta property=\"og:site_name\" content=\"Exenia\" \/>\n<meta property=\"article:publisher\" content=\"https:\/\/www.facebook.com\/exenialighting\" \/>\n<meta property=\"article:modified_time\" content=\"2023-06-13T12:39:44+00:00\" \/>\n<meta property=\"og:image\" content=\"https:\/\/restyling.exenia.eu\/wp-content\/uploads\/2023\/01\/Zik-48-prodotto.jpg\" \/>\n\t<meta property=\"og:image:width\" content=\"2000\" \/>\n\t<meta property=\"og:image:height\" content=\"1919\" \/>\n\t<meta property=\"og:image:type\" content=\"image\/jpeg\" \/>\n<!-- \/ Yoast SEO plugin. -->","yoast_head_json":{"title":"Zik 48 | Exenia","robots":{"index":"noindex","follow":"follow","max-snippet":"max-snippet:-1","max-image-preview":"max-image-preview:large","max-video-preview":"max-video-preview:-1"},"og_locale":"fr_FR","og_type":"article","og_title":"Zik 48 | Exenia","og_description":"Zik 48 est un luminaire pour l&rsquo;\u00e9clairage direct obtenu \u00e0...","og_url":"https:\/\/restyling.exenia.eu\/fr\/produit\/zik-48\/","og_site_name":"Exenia","article_publisher":"https:\/\/www.facebook.com\/exenialighting","article_modified_time":"2023-06-13T12:39:44+00:00","og_image":[{"width":2000,"height":1919,"url":"https:\/\/restyling.exenia.eu\/wp-content\/uploads\/2023\/01\/Zik-48-prodotto.jpg","type":"image\/jpeg"}],"schema":{"@context":"https:\/\/schema.org","@graph":[{"@type":"WebPage","@id":"https:\/\/restyling.exenia.eu\/fr\/produit\/zik-48\/","url":"https:\/\/restyling.exenia.eu\/fr\/produit\/zik-48\/","name":"Zik 48 | Exenia","isPartOf":{"@id":"https:\/\/restyling.exenia.eu\/#website"},"primaryImageOfPage":{"@id":"https:\/\/restyling.exenia.eu\/fr\/produit\/zik-48\/#primaryimage"},"image":{"@id":"https:\/\/restyling.exenia.eu\/fr\/produit\/zik-48\/#primaryimage"},"thumbnailUrl":"https:\/\/restyling.exenia.eu\/wp-content\/uploads\/2023\/01\/Zik-48-prodotto.jpg","datePublished":"2022-11-24T08:51:46+00:00","dateModified":"2023-06-13T12:39:44+00:00","breadcrumb":{"@id":"https:\/\/restyling.exenia.eu\/fr\/produit\/zik-48\/#breadcrumb"},"inLanguage":"fr-FR","potentialAction":[{"@type":"ReadAction","target":["https:\/\/restyling.exenia.eu\/fr\/produit\/zik-48\/"]}]},{"@type":"ImageObject","inLanguage":"fr-FR","@id":"https:\/\/restyling.exenia.eu\/fr\/produit\/zik-48\/#primaryimage","url":"https:\/\/restyling.exenia.eu\/wp-content\/uploads\/2023\/01\/Zik-48-prodotto.jpg","contentUrl":"https:\/\/restyling.exenia.eu\/wp-content\/uploads\/2023\/01\/Zik-48-prodotto.jpg","width":2000,"height":1919},{"@type":"BreadcrumbList","@id":"https:\/\/restyling.exenia.eu\/fr\/produit\/zik-48\/#breadcrumb","itemListElement":[{"@type":"ListItem","position":1,"name":"Home","item":"https:\/\/restyling.exenia.eu\/"},{"@type":"ListItem","position":2,"name":"Produits","item":"https:\/\/restyling.exenia.eu\/prodotti\/"},{"@type":"ListItem","position":3,"name":"Indoor","item":"https:\/\/restyling.exenia.eu\/fr\/c\/indoor\/"},{"@type":"ListItem","position":4,"name":"Luminaires pour syst\u00e8mes\/pistes","item":"https:\/\/restyling.exenia.eu\/fr\/c\/indoor\/luminaires-pour-systemes-pistes\/"},{"@type":"ListItem","position":5,"name":"48 V","item":"https:\/\/restyling.exenia.eu\/fr\/c\/indoor\/luminaires-pour-systemes-pistes\/48-v-fr\/"},{"@type":"ListItem","position":6,"name":"Apparecchi x Track 48","item":"https:\/\/restyling.exenia.eu\/c\/indoor\/apparecchi-per-sistemi-binari-elettrificati\/48-v\/apparecchi-track-48\/"},{"@type":"ListItem","position":7,"name":"Zik 48"}]},{"@type":"WebSite","@id":"https:\/\/restyling.exenia.eu\/#website","url":"https:\/\/restyling.exenia.eu\/","name":"Exenia","description":"","publisher":{"@id":"https:\/\/restyling.exenia.eu\/#organization"},"potentialAction":[{"@type":"SearchAction","target":{"@type":"EntryPoint","urlTemplate":"https:\/\/restyling.exenia.eu\/?s={search_term_string}"},"query-input":{"@type":"PropertyValueSpecification","valueRequired":true,"valueName":"search_term_string"}}],"inLanguage":"fr-FR"},{"@type":"Organization","@id":"https:\/\/restyling.exenia.eu\/#organization","name":"Exenia","url":"https:\/\/restyling.exenia.eu\/","logo":{"@type":"ImageObject","inLanguage":"fr-FR","@id":"https:\/\/restyling.exenia.eu\/#\/schema\/logo\/image\/","url":"https:\/\/restyling.exenia.eu\/wp-content\/uploads\/2022\/09\/logo_exenia-e1678467519405.png","contentUrl":"https:\/\/restyling.exenia.eu\/wp-content\/uploads\/2022\/09\/logo_exenia-e1678467519405.png","width":600,"height":194,"caption":"Exenia"},"image":{"@id":"https:\/\/restyling.exenia.eu\/#\/schema\/logo\/image\/"},"sameAs":["https:\/\/www.facebook.com\/exenialighting","https:\/\/x.com\/ExeniaLighting"]}]}},"_links":{"self":[{"href":"https:\/\/restyling.exenia.eu\/fr\/wp-json\/wp\/v2\/product\/27059","targetHints":{"allow":["GET"]}}],"collection":[{"href":"https:\/\/restyling.exenia.eu\/fr\/wp-json\/wp\/v2\/product"}],"about":[{"href":"https:\/\/restyling.exenia.eu\/fr\/wp-json\/wp\/v2\/types\/product"}],"wp:featuredmedia":[{"embeddable":true,"href":"https:\/\/restyling.exenia.eu\/fr\/wp-json\/wp\/v2\/media\/13202"}],"wp:attachment":[{"href":"https:\/\/restyling.exenia.eu\/fr\/wp-json\/wp\/v2\/media?parent=27059"}],"wp:term":[{"taxonomy":"product_brand","embeddable":true,"href":"https:\/\/restyling.exenia.eu\/fr\/wp-json\/wp\/v2\/product_brand?post=27059"},{"taxonomy":"product_cat","embeddable":true,"href":"https:\/\/restyling.exenia.eu\/fr\/wp-json\/wp\/v2\/product_cat?post=27059"},{"taxonomy":"product_tag","embeddable":true,"href":"https:\/\/restyling.exenia.eu\/fr\/wp-json\/wp\/v2\/product_tag?post=27059"},{"taxonomy":"categoria-admin-prodotto","embeddable":true,"href":"https:\/\/restyling.exenia.eu\/fr\/wp-json\/wp\/v2\/categoria-admin-prodotto?post=27059"}],"curies":[{"name":"wp","href":"https:\/\/api.w.org\/{rel}","templated":true}]}}