{"id":27062,"date":"2022-11-24T09:51:31","date_gmt":"2022-11-24T08:51:31","guid":{"rendered":"https:\/\/www.exenia.eu\/prodotto\/spot-revo-small-semi-incasso\/"},"modified":"2023-07-14T09:40:41","modified_gmt":"2023-07-14T07:40:41","slug":"spot-revo-small-semi-encastre","status":"publish","type":"product","link":"https:\/\/restyling.exenia.eu\/fr\/produit\/spot-revo-small-semi-encastre\/","title":{"rendered":"Spot Revo Small Semi-Encastr\u00e9"},"content":{"rendered":"<p>La s\u00e9rie Spot Revo poss\u00e8de un rapport de taille de performance marqu\u00e9, une riche possibilit\u00e9 d&rsquo;int\u00e9grations accessoires et un large \u00e9ventail de finitions mais surtout elle se d\u00e9marque pour sa pr\u00e9cision, sa propret\u00e9 et son uniformit\u00e9 de la projection.<br \/>\nLa poudre \u00e0 rev\u00eatement en poudre La structure en aluminium offre diff\u00e9rentes finitions et 5 tailles diff\u00e9rentes. Construit et produit enti\u00e8rement en Italie.<\/p>\n<p>La version <strong> petite <\/strong> offre 5 options de faisceau sym\u00e9trique de 10 \u00b0 \u00e0 50 \u00b0, deux versions elliptiques , un shaper et de nombreux accessoires de recueil.<br \/>\nRendu de haute couleur, coefficient UGR &lt;10 et la conformit\u00e9 aux param\u00e8tres d&rsquo;\u00e9clairage sombre, sont compl\u00e9t\u00e9s par la qualit\u00e9 du 2 SDCM de la source lumineuse et par la propret\u00e9 particuli\u00e8re de la projection du faisceau.<br \/>\nLa compatibilit\u00e9 compl\u00e8te avec les syst\u00e8mes de contr\u00f4le les plus courants rendent spot revo petit le parfait Outil dans des contextes o\u00f9 la valeur de la source est d\u00e9termin\u00e9e par une qualit\u00e9 de performance tr\u00e8s \u00e9lev\u00e9e et par l&rsquo;intrusivit\u00e9 physique et visuelle minimale.<br \/>\nCe mod\u00e8le peut \u00e9galement \u00eatre configur\u00e9 dans la version Shaper avec des objectifs en mouvement, pour obtenir des projections quadrangulaires focalis\u00e9es avec un instrument l\u00e9ger et de petite taille.<\/p>\n","protected":false},"excerpt":{"rendered":"<p>La s\u00e9rie Spot Revo poss\u00e8de un rapport de taille de&#8230;<\/p>\n","protected":false},"featured_media":23897,"template":"","meta":{"_acf_changed":false},"product_brand":[],"product_cat":[2677],"product_tag":[7445,7448],"categoria-admin-prodotto":[],"class_list":{"0":"post-27062","1":"product","2":"type-product","3":"status-publish","4":"has-post-thumbnail","6":"product_cat-spot-revo-encastres","7":"product_tag-38580-fr","8":"product_tag-38581-fr-2","9":"pa_cct-2700k-fr","10":"pa_cct-3000k-fr","11":"pa_cct-3500k-fr","12":"pa_cct-4000k-fr","13":"pa_certificazione-conformita-ce-fr","14":"pa_classe-f-oui","15":"pa_cri-92-fr","16":"pa_cri-98-fr","17":"pa_grado-ip-ip20-fr","18":"pa_temperatura-di-esercizio-10-35-fr","20":"first","21":"instock","22":"purchasable","23":"product-type-composite"},"composite_virtual":false,"composite_layout":"single","composite_add_to_cart_form_location":"default","composite_editable_in_cart":false,"composite_sold_individually_context":"product","composite_shop_price_calc":"defaults","composite_components":[{"id":"1674814551","title":"Corp de l&#039;appareil","description":"","query_type":"product_ids","query_ids":[18572],"default_option_id":18572,"thumbnail_id":"","thumbnail_src":"","quantity_min":1,"quantity_max":1,"priced_individually":false,"shipped_individually":false,"optional":false,"discount":"","options_style":"radios","pagination_style":"classic","display_prices":"absolute","show_sorting_options":false,"show_filtering_options":false,"attribute_filter_ids":[],"product_title_visible":false,"product_descr_visible":false,"product_price_visible":false,"product_thumb_visible":false,"subtotal_visible_product":false,"subtotal_visible_cart":false,"subtotal_visible_orders":false},{"id":"1674814552","title":"Version","description":"","query_type":"product_ids","query_ids":[19135,19147],"default_option_id":"","thumbnail_id":"","thumbnail_src":"","quantity_min":1,"quantity_max":1,"priced_individually":false,"shipped_individually":false,"optional":true,"discount":"","options_style":"radios","pagination_style":"classic","display_prices":"absolute","show_sorting_options":false,"show_filtering_options":false,"attribute_filter_ids":[],"product_title_visible":false,"product_descr_visible":false,"product_price_visible":false,"product_thumb_visible":false,"subtotal_visible_product":false,"subtotal_visible_cart":false,"subtotal_visible_orders":false},{"id":"1674814553","title":"Controle","description":"","query_type":"product_ids","query_ids":[18493],"default_option_id":18493,"thumbnail_id":"","thumbnail_src":"","quantity_min":1,"quantity_max":1,"priced_individually":false,"shipped_individually":false,"optional":false,"discount":"","options_style":"radios","pagination_style":"classic","display_prices":"absolute","show_sorting_options":false,"show_filtering_options":false,"attribute_filter_ids":[],"product_title_visible":false,"product_descr_visible":false,"product_price_visible":false,"product_thumb_visible":false,"subtotal_visible_product":false,"subtotal_visible_cart":false,"subtotal_visible_orders":false},{"id":"1674814554","title":"Finition","description":"","query_type":"product_ids","query_ids":[18774,18749,18707,18753,18762,18759],"default_option_id":"","thumbnail_id":"","thumbnail_src":"","quantity_min":1,"quantity_max":1,"priced_individually":false,"shipped_individually":false,"optional":true,"discount":"","options_style":"radios","pagination_style":"classic","display_prices":"absolute","show_sorting_options":false,"show_filtering_options":false,"attribute_filter_ids":[],"product_title_visible":false,"product_descr_visible":false,"product_price_visible":false,"product_thumb_visible":false,"subtotal_visible_product":false,"subtotal_visible_cart":false,"subtotal_visible_orders":false},{"id":"1674814555","title":"CRI-CCT","description":"","query_type":"product_ids","query_ids":[18627,18628,18630,18629,18637,18638,18640,18639],"default_option_id":"","thumbnail_id":"","thumbnail_src":"","quantity_min":1,"quantity_max":1,"priced_individually":false,"shipped_individually":false,"optional":true,"discount":"","options_style":"radios","pagination_style":"classic","display_prices":"absolute","show_sorting_options":false,"show_filtering_options":false,"attribute_filter_ids":[],"product_title_visible":false,"product_descr_visible":false,"product_price_visible":false,"product_thumb_visible":false,"subtotal_visible_product":false,"subtotal_visible_cart":false,"subtotal_visible_orders":false},{"id":"1674814556","title":"Optique","description":"","query_type":"product_ids","query_ids":[18924,18898,18794,18914,18892,18862,18931,18801],"default_option_id":"","thumbnail_id":"","thumbnail_src":"","quantity_min":1,"quantity_max":1,"priced_individually":false,"shipped_individually":false,"optional":true,"discount":"","options_style":"radios","pagination_style":"classic","display_prices":"absolute","show_sorting_options":false,"show_filtering_options":false,"attribute_filter_ids":[],"product_title_visible":false,"product_descr_visible":false,"product_price_visible":false,"product_thumb_visible":false,"subtotal_visible_product":false,"subtotal_visible_cart":false,"subtotal_visible_orders":false},{"id":"1674814557","title":"Accessoires mont\u00e9s en usine","description":"","query_type":"product_ids","query_ids":[18413,18388,18417,18419,18383],"default_option_id":"","thumbnail_id":"","thumbnail_src":"","quantity_min":1,"quantity_max":1,"priced_individually":false,"shipped_individually":false,"optional":true,"discount":"","options_style":"radios","pagination_style":"classic","display_prices":"absolute","show_sorting_options":false,"show_filtering_options":false,"attribute_filter_ids":[],"product_title_visible":false,"product_descr_visible":false,"product_price_visible":false,"product_thumb_visible":false,"subtotal_visible_product":false,"subtotal_visible_cart":false,"subtotal_visible_orders":false},{"id":"1675944820","title":" ","description":"","query_type":"product_ids","query_ids":[7634],"default_option_id":7634,"thumbnail_id":"","thumbnail_src":"","quantity_min":1,"quantity_max":1,"priced_individually":false,"shipped_individually":false,"optional":false,"discount":"","options_style":"radios","pagination_style":"classic","display_prices":"absolute","show_sorting_options":false,"show_filtering_options":false,"attribute_filter_ids":[],"product_title_visible":false,"product_descr_visible":false,"product_price_visible":false,"product_thumb_visible":false,"subtotal_visible_product":false,"subtotal_visible_cart":false,"subtotal_visible_orders":false},{"id":"1675944821","title":"Alimentation \u00e9lectrique (pour l&#039;option d&#039;urgence, contacter le service interne)","description":"","query_type":"product_ids","query_ids":[40151,40128,40106],"default_option_id":"","thumbnail_id":"","thumbnail_src":"","quantity_min":1,"quantity_max":1,"priced_individually":false,"shipped_individually":false,"optional":true,"discount":"","options_style":"radios","pagination_style":"classic","display_prices":"absolute","show_sorting_options":false,"show_filtering_options":false,"attribute_filter_ids":[],"product_title_visible":false,"product_descr_visible":false,"product_price_visible":false,"product_thumb_visible":true,"subtotal_visible_product":false,"subtotal_visible_cart":false,"subtotal_visible_orders":false},{"id":"1676887564","title":"Accessoires ind\u00e9pendants","description":"","query_type":"product_ids","query_ids":[40640],"default_option_id":40640,"thumbnail_id":"","thumbnail_src":"","quantity_min":1,"quantity_max":1,"priced_individually":false,"shipped_individually":false,"optional":false,"discount":"","options_style":"radios","pagination_style":"classic","display_prices":"absolute","show_sorting_options":false,"show_filtering_options":false,"attribute_filter_ids":[],"product_title_visible":false,"product_descr_visible":true,"product_price_visible":false,"product_thumb_visible":false,"subtotal_visible_product":false,"subtotal_visible_cart":false,"subtotal_visible_orders":false},{"id":"1689327490","title":"Dur&eacute;e de vie","description":"","query_type":"product_ids","query_ids":[50124,50128],"default_option_id":"","thumbnail_id":"","thumbnail_src":"","quantity_min":1,"quantity_max":1,"priced_individually":false,"shipped_individually":false,"optional":true,"discount":"","options_style":"radios","pagination_style":"classic","display_prices":"absolute","show_sorting_options":false,"show_filtering_options":false,"attribute_filter_ids":[],"product_title_visible":false,"product_descr_visible":false,"product_price_visible":false,"product_thumb_visible":false,"subtotal_visible_product":false,"subtotal_visible_cart":false,"subtotal_visible_orders":false}],"composite_scenarios":[{"id":"1674814775","name":"cri98","description":"","configuration":[{"component_id":"1674814555","options_modifier":"in","component_options":[18637,18638,18640,18639]}],"actions":[{"action_id":"compat_group","is_active":false},{"action_id":"conditional_components","is_active":false,"hidden_components":[]},{"action_id":"conditional_options","is_active":true,"hidden_options":[{"component_id":"1674814556","component_options":[18924,18898,18794],"options_modifier":"in"}]}],"enabled":true},{"id":"1674814776","name":"very narrow","description":"","configuration":[{"component_id":"1674814556","options_modifier":"in","component_options":[18924]}],"actions":[{"action_id":"compat_group","is_active":false},{"action_id":"conditional_components","is_active":false,"hidden_components":[]},{"action_id":"conditional_options","is_active":true,"hidden_options":[{"component_id":"1674814555","component_options":[18637,18638,18640,18639],"options_modifier":"in"}]}],"enabled":true},{"id":"1674814777","name":"narrow spot","description":"","configuration":[{"component_id":"1674814556","options_modifier":"in","component_options":[18898]}],"actions":[{"action_id":"compat_group","is_active":false},{"action_id":"conditional_components","is_active":false,"hidden_components":[]},{"action_id":"conditional_options","is_active":true,"hidden_options":[{"component_id":"1674814555","component_options":[18637,18638,18640,18639],"options_modifier":"in"},{"component_id":"1674814557","component_options":[18383],"options_modifier":"in"}]}],"enabled":true},{"id":"1674814778","name":"ell. nar.spot","description":"","configuration":[{"component_id":"1674814556","options_modifier":"in","component_options":[18794]}],"actions":[{"action_id":"compat_group","is_active":false},{"action_id":"conditional_components","is_active":false,"hidden_components":[]},{"action_id":"conditional_options","is_active":true,"hidden_options":[{"component_id":"1674814555","component_options":[18637,18638,18640,18639],"options_modifier":"in"},{"component_id":"1674814557","component_options":[-1,18413],"options_modifier":"not-in"}]}],"enabled":true},{"id":"1674814779","name":"wide flood","description":"","configuration":[{"component_id":"1674814556","options_modifier":"in","component_options":[18931]}],"actions":[{"action_id":"compat_group","is_active":false},{"action_id":"conditional_components","is_active":false,"hidden_components":[]},{"action_id":"conditional_options","is_active":true,"hidden_options":[{"component_id":"1674814557","component_options":[18383],"options_modifier":"in"}]}],"enabled":true},{"id":"1674814780","name":"ell. wide flood","description":"","configuration":[{"component_id":"1674814556","options_modifier":"in","component_options":[18801]}],"actions":[{"action_id":"compat_group","is_active":false},{"action_id":"conditional_components","is_active":false,"hidden_components":[]},{"action_id":"conditional_options","is_active":true,"hidden_options":[{"component_id":"1674814557","component_options":[-1,18413],"options_modifier":"not-in"}]}],"enabled":true},{"id":"1674814781","name":"honeycomb\/snoot\/visor","description":"","configuration":[{"component_id":"1674814557","options_modifier":"in","component_options":[18388,18417,18419]}],"actions":[{"action_id":"compat_group","is_active":false},{"action_id":"conditional_components","is_active":false,"hidden_components":[]},{"action_id":"conditional_options","is_active":true,"hidden_options":[{"component_id":"1674814556","component_options":[18794,18801],"options_modifier":"in"}]}],"enabled":true},{"id":"1674814782","name":"lente ellittica","description":"","configuration":[{"component_id":"1674814557","options_modifier":"in","component_options":[18383]}],"actions":[{"action_id":"compat_group","is_active":false},{"action_id":"conditional_components","is_active":false,"hidden_components":[]},{"action_id":"conditional_options","is_active":true,"hidden_options":[{"component_id":"1674814556","component_options":[18898,18794,18931,18801],"options_modifier":"in"}]}],"enabled":true},{"id":"1675945120","name":"NO DRIVER NO SELECTION 1","description":"","configuration":[{"component_id":"1674814552","options_modifier":"in","component_options":[-1]}],"actions":[{"action_id":"compat_group","is_active":false},{"action_id":"conditional_components","is_active":false,"hidden_components":[]},{"action_id":"conditional_options","is_active":true,"hidden_options":[{"component_id":"1675944821","component_options":[-1],"options_modifier":"not-in"}]}],"enabled":true},{"id":"1675945121","name":"NO DRIVER NO SELECTION 2","description":"","configuration":[{"component_id":"1674814556","options_modifier":"in","component_options":[-1]}],"actions":[{"action_id":"compat_group","is_active":false},{"action_id":"conditional_components","is_active":false,"hidden_components":[]},{"action_id":"conditional_options","is_active":true,"hidden_options":[{"component_id":"1675944821","component_options":[-1],"options_modifier":"not-in"}]}],"enabled":true},{"id":"1675945122","name":"V 1X","description":"","configuration":[{"component_id":"1674814552","options_modifier":"in","component_options":[19135]},{"component_id":"1674814556","options_modifier":"in","component_options":[18924]}],"actions":[{"action_id":"compat_group","is_active":false},{"action_id":"conditional_components","is_active":false,"hidden_components":[]},{"action_id":"conditional_options","is_active":true,"hidden_options":[{"component_id":"1675944821","component_options":[-1,51354,51355,40107,40108,40109],"options_modifier":"not-in"}]}],"enabled":true},{"id":"1675945123","name":"N-2 1X","description":"","configuration":[{"component_id":"1674814552","options_modifier":"in","component_options":[19135]},{"component_id":"1674814556","options_modifier":"in","component_options":[18898,18794]}],"actions":[{"action_id":"compat_group","is_active":false},{"action_id":"conditional_components","is_active":false,"hidden_components":[]},{"action_id":"conditional_options","is_active":true,"hidden_options":[{"component_id":"1675944821","component_options":[-1,75350,51332,40141,40143,40148],"options_modifier":"not-in"}]}],"enabled":true},{"id":"1675945124","name":"S-M-F-W-6 1X","description":"","configuration":[{"component_id":"1674814552","options_modifier":"in","component_options":[19135]},{"component_id":"1674814556","options_modifier":"in","component_options":[18914,18892,18862,18931,18801]}],"actions":[{"action_id":"compat_group","is_active":false},{"action_id":"conditional_components","is_active":false,"hidden_components":[]},{"action_id":"conditional_options","is_active":true,"hidden_options":[{"component_id":"1675944821","component_options":[-1,75330,75331,51300,40154,40163],"options_modifier":"not-in"}]}],"enabled":true},{"id":"1675945125","name":"V 2X","description":"","configuration":[{"component_id":"1674814552","options_modifier":"in","component_options":[19147]},{"component_id":"1674814556","options_modifier":"in","component_options":[18924]}],"actions":[{"action_id":"compat_group","is_active":false},{"action_id":"conditional_components","is_active":false,"hidden_components":[]},{"action_id":"conditional_options","is_active":true,"hidden_options":[{"component_id":"1675944821","component_options":[75377,75378,40107,40113,40116],"options_modifier":"not-in"}]}],"enabled":true},{"id":"1675945126","name":"N-2 2X","description":"","configuration":[{"component_id":"1674814552","options_modifier":"in","component_options":[19147]},{"component_id":"1674814556","options_modifier":"in","component_options":[18898,18794]}],"actions":[{"action_id":"compat_group","is_active":false},{"action_id":"conditional_components","is_active":false,"hidden_components":[]},{"action_id":"conditional_options","is_active":true,"hidden_options":[{"component_id":"1675944821","component_options":[-1,75350,40134,40141,40143,40147],"options_modifier":"not-in"}]}],"enabled":true},{"id":"1675945127","name":"S-M-F-W-6 2X","description":"","configuration":[{"component_id":"1674814552","options_modifier":"in","component_options":[19147]},{"component_id":"1674814556","options_modifier":"in","component_options":[18914,18892,18862,18931,18801]}],"actions":[{"action_id":"compat_group","is_active":false},{"action_id":"conditional_components","is_active":false,"hidden_components":[]},{"action_id":"conditional_options","is_active":true,"hidden_options":[{"component_id":"1675944821","component_options":[-1,40157,40160,40162,40163,40167],"options_modifier":"not-in"}]}],"enabled":true},{"id":"1689327567","name":"LT 80","description":"","configuration":[{"component_id":"1674814556","options_modifier":"in","component_options":[18914,18892,18862,18931,18801]}],"actions":[{"action_id":"compat_group","is_active":false},{"action_id":"conditional_components","is_active":false,"hidden_components":[]},{"action_id":"conditional_options","is_active":true,"hidden_options":[{"component_id":"1689327490","component_options":[-1,50124],"options_modifier":"not-in"}]}],"enabled":true},{"id":"1689327568","name":"LT 100","description":"","configuration":[{"component_id":"1674814556","options_modifier":"in","component_options":[18924,18898,18794]}],"actions":[{"action_id":"compat_group","is_active":false},{"action_id":"conditional_components","is_active":false,"hidden_components":[]},{"action_id":"conditional_options","is_active":true,"hidden_options":[{"component_id":"1689327490","component_options":[-1,50128],"options_modifier":"not-in"}]}],"enabled":true}],"bundled_by":[],"bundle_stock_status":"instock","bundle_stock_quantity":null,"bundle_virtual":false,"bundle_layout":"","bundle_add_to_cart_form_location":"","bundle_editable_in_cart":false,"bundle_sold_individually_context":"","bundle_item_grouping":"","bundle_min_size":"","bundle_max_size":"","bundled_items":[],"bundle_sell_ids":[],"acf":[],"yoast_head":"<!-- This site is optimized with the Yoast SEO plugin v27.4 - https:\/\/yoast.com\/product\/yoast-seo-wordpress\/ -->\n<title>Spot Revo Small Semi-Encastr\u00e9 | Exenia<\/title>\n<meta name=\"robots\" content=\"noindex, follow, max-snippet:-1, max-image-preview:large, max-video-preview:-1\" \/>\n<meta property=\"og:locale\" content=\"fr_FR\" \/>\n<meta property=\"og:type\" content=\"article\" \/>\n<meta property=\"og:title\" content=\"Spot Revo Small Semi-Encastr\u00e9 | Exenia\" \/>\n<meta property=\"og:description\" content=\"La s\u00e9rie Spot Revo poss\u00e8de un rapport de taille de...\" \/>\n<meta property=\"og:url\" content=\"https:\/\/restyling.exenia.eu\/fr\/produit\/spot-revo-small-semi-encastre\/\" \/>\n<meta property=\"og:site_name\" content=\"Exenia\" \/>\n<meta property=\"article:publisher\" content=\"https:\/\/www.facebook.com\/exenialighting\" \/>\n<meta property=\"article:modified_time\" content=\"2023-07-14T07:40:41+00:00\" \/>\n<meta property=\"og:image\" content=\"https:\/\/restyling.exenia.eu\/wp-content\/uploads\/2023\/01\/Spot-revo-semi-small-prodotto.jpg\" \/>\n\t<meta property=\"og:image:width\" content=\"2000\" \/>\n\t<meta property=\"og:image:height\" content=\"1919\" \/>\n\t<meta property=\"og:image:type\" content=\"image\/jpeg\" \/>\n<!-- \/ Yoast SEO plugin. -->","yoast_head_json":{"title":"Spot Revo Small Semi-Encastr\u00e9 | Exenia","robots":{"index":"noindex","follow":"follow","max-snippet":"max-snippet:-1","max-image-preview":"max-image-preview:large","max-video-preview":"max-video-preview:-1"},"og_locale":"fr_FR","og_type":"article","og_title":"Spot Revo Small Semi-Encastr\u00e9 | Exenia","og_description":"La s\u00e9rie Spot Revo poss\u00e8de un rapport de taille de...","og_url":"https:\/\/restyling.exenia.eu\/fr\/produit\/spot-revo-small-semi-encastre\/","og_site_name":"Exenia","article_publisher":"https:\/\/www.facebook.com\/exenialighting","article_modified_time":"2023-07-14T07:40:41+00:00","og_image":[{"width":2000,"height":1919,"url":"https:\/\/restyling.exenia.eu\/wp-content\/uploads\/2023\/01\/Spot-revo-semi-small-prodotto.jpg","type":"image\/jpeg"}],"schema":{"@context":"https:\/\/schema.org","@graph":[{"@type":"WebPage","@id":"https:\/\/restyling.exenia.eu\/fr\/produit\/spot-revo-small-semi-encastre\/","url":"https:\/\/restyling.exenia.eu\/fr\/produit\/spot-revo-small-semi-encastre\/","name":"Spot Revo Small Semi-Encastr\u00e9 | Exenia","isPartOf":{"@id":"https:\/\/restyling.exenia.eu\/#website"},"primaryImageOfPage":{"@id":"https:\/\/restyling.exenia.eu\/fr\/produit\/spot-revo-small-semi-encastre\/#primaryimage"},"image":{"@id":"https:\/\/restyling.exenia.eu\/fr\/produit\/spot-revo-small-semi-encastre\/#primaryimage"},"thumbnailUrl":"https:\/\/restyling.exenia.eu\/wp-content\/uploads\/2023\/01\/Spot-revo-semi-small-prodotto.jpg","datePublished":"2022-11-24T08:51:31+00:00","dateModified":"2023-07-14T07:40:41+00:00","breadcrumb":{"@id":"https:\/\/restyling.exenia.eu\/fr\/produit\/spot-revo-small-semi-encastre\/#breadcrumb"},"inLanguage":"fr-FR","potentialAction":[{"@type":"ReadAction","target":["https:\/\/restyling.exenia.eu\/fr\/produit\/spot-revo-small-semi-encastre\/"]}]},{"@type":"ImageObject","inLanguage":"fr-FR","@id":"https:\/\/restyling.exenia.eu\/fr\/produit\/spot-revo-small-semi-encastre\/#primaryimage","url":"https:\/\/restyling.exenia.eu\/wp-content\/uploads\/2023\/01\/Spot-revo-semi-small-prodotto.jpg","contentUrl":"https:\/\/restyling.exenia.eu\/wp-content\/uploads\/2023\/01\/Spot-revo-semi-small-prodotto.jpg","width":2000,"height":1919},{"@type":"BreadcrumbList","@id":"https:\/\/restyling.exenia.eu\/fr\/produit\/spot-revo-small-semi-encastre\/#breadcrumb","itemListElement":[{"@type":"ListItem","position":1,"name":"Home","item":"https:\/\/restyling.exenia.eu\/"},{"@type":"ListItem","position":2,"name":"Produits","item":"https:\/\/restyling.exenia.eu\/prodotti\/"},{"@type":"ListItem","position":3,"name":"Indoor","item":"https:\/\/restyling.exenia.eu\/fr\/c\/indoor\/"},{"@type":"ListItem","position":4,"name":"Encastr\u00e9s","item":"https:\/\/restyling.exenia.eu\/fr\/c\/indoor\/encastres\/"},{"@type":"ListItem","position":5,"name":"Spot Revo","item":"https:\/\/restyling.exenia.eu\/fr\/c\/indoor\/encastres\/spot-revo-encastres\/"},{"@type":"ListItem","position":6,"name":"Spot Revo Small Semi-Encastr\u00e9"}]},{"@type":"WebSite","@id":"https:\/\/restyling.exenia.eu\/#website","url":"https:\/\/restyling.exenia.eu\/","name":"Exenia","description":"","publisher":{"@id":"https:\/\/restyling.exenia.eu\/#organization"},"potentialAction":[{"@type":"SearchAction","target":{"@type":"EntryPoint","urlTemplate":"https:\/\/restyling.exenia.eu\/?s={search_term_string}"},"query-input":{"@type":"PropertyValueSpecification","valueRequired":true,"valueName":"search_term_string"}}],"inLanguage":"fr-FR"},{"@type":"Organization","@id":"https:\/\/restyling.exenia.eu\/#organization","name":"Exenia","url":"https:\/\/restyling.exenia.eu\/","logo":{"@type":"ImageObject","inLanguage":"fr-FR","@id":"https:\/\/restyling.exenia.eu\/#\/schema\/logo\/image\/","url":"https:\/\/restyling.exenia.eu\/wp-content\/uploads\/2022\/09\/logo_exenia-e1678467519405.png","contentUrl":"https:\/\/restyling.exenia.eu\/wp-content\/uploads\/2022\/09\/logo_exenia-e1678467519405.png","width":600,"height":194,"caption":"Exenia"},"image":{"@id":"https:\/\/restyling.exenia.eu\/#\/schema\/logo\/image\/"},"sameAs":["https:\/\/www.facebook.com\/exenialighting","https:\/\/x.com\/ExeniaLighting"]}]}},"_links":{"self":[{"href":"https:\/\/restyling.exenia.eu\/fr\/wp-json\/wp\/v2\/product\/27062","targetHints":{"allow":["GET"]}}],"collection":[{"href":"https:\/\/restyling.exenia.eu\/fr\/wp-json\/wp\/v2\/product"}],"about":[{"href":"https:\/\/restyling.exenia.eu\/fr\/wp-json\/wp\/v2\/types\/product"}],"wp:featuredmedia":[{"embeddable":true,"href":"https:\/\/restyling.exenia.eu\/fr\/wp-json\/wp\/v2\/media\/23897"}],"wp:attachment":[{"href":"https:\/\/restyling.exenia.eu\/fr\/wp-json\/wp\/v2\/media?parent=27062"}],"wp:term":[{"taxonomy":"product_brand","embeddable":true,"href":"https:\/\/restyling.exenia.eu\/fr\/wp-json\/wp\/v2\/product_brand?post=27062"},{"taxonomy":"product_cat","embeddable":true,"href":"https:\/\/restyling.exenia.eu\/fr\/wp-json\/wp\/v2\/product_cat?post=27062"},{"taxonomy":"product_tag","embeddable":true,"href":"https:\/\/restyling.exenia.eu\/fr\/wp-json\/wp\/v2\/product_tag?post=27062"},{"taxonomy":"categoria-admin-prodotto","embeddable":true,"href":"https:\/\/restyling.exenia.eu\/fr\/wp-json\/wp\/v2\/categoria-admin-prodotto?post=27062"}],"curies":[{"name":"wp","href":"https:\/\/api.w.org\/{rel}","templated":true}]}}