{"id":27109,"date":"2023-11-21T09:57:20","date_gmt":"2023-11-21T08:57:20","guid":{"rendered":"https:\/\/www.exenia.eu\/prodotto\/tob-wide-2\/"},"modified":"2023-11-21T10:00:57","modified_gmt":"2023-11-21T09:00:57","slug":"tob-wide","status":"publish","type":"product","link":"https:\/\/restyling.exenia.eu\/fr\/produit\/tob-wide\/","title":{"rendered":"Tob Wide"},"content":{"rendered":"<p>Le Tob Wide est un luminaire d&rsquo;applique avec contr\u00f4le actif de la direction du flux lumineux par \u00e9mission directe, indirecte ou par deux \u00e9missions avec des sources \u00ab\u00a0chip on board\u00a0\u00bb (COB) lin\u00e9aires. Ces sources sont aliment\u00e9es \u00e0 courant constant par le transformateur int\u00e9gr\u00e9 dans le corps du luminaire. Les sources sont install\u00e9es sur une plaque d&rsquo;aluminium qui garantit la dissipation correcte des unit\u00e9s lumineuses. Le corps du luminaire est en t\u00f4le pli\u00e9e et peint avec de la peinture liquide. La fixation murale est fait avec des chevilles en nylon et le c\u00e2blage est sur le bornier.<\/p>\n","protected":false},"excerpt":{"rendered":"<p>Le Tob Wide est un luminaire d&rsquo;applique avec contr\u00f4le actif&#8230;<\/p>\n","protected":false},"featured_media":13002,"template":"","meta":{"_acf_changed":false},"product_brand":[],"product_cat":[2623],"product_tag":[8881,8886,8888],"categoria-admin-prodotto":[],"class_list":{"0":"post-27109","1":"product","2":"type-product","3":"status-publish","4":"has-post-thumbnail","6":"product_cat-tob-appliques-murales","7":"product_tag-33965-fr","8":"product_tag-33966-fr","9":"product_tag-33967-fr","10":"pa_cct-2700k-fr","11":"pa_cct-3000k-fr","12":"pa_cct-4000k-fr","13":"pa_certificazione-conformita-ce-fr","14":"pa_classe-f-oui","15":"pa_cri-85-fr","16":"pa_grado-ip-ip20-fr","17":"pa_lifetime-l80b10-60-000-h-fr","18":"pa_temperatura-di-esercizio-10-30-fr","20":"first","21":"instock","22":"purchasable","23":"product-type-composite"},"composite_virtual":false,"composite_layout":"single","composite_add_to_cart_form_location":"default","composite_editable_in_cart":false,"composite_sold_individually_context":"product","composite_shop_price_calc":"defaults","composite_components":[{"id":"1670430428","title":"Corp de l&#039;appareil","description":"","query_type":"product_ids","query_ids":[18527],"default_option_id":18527,"thumbnail_id":"","thumbnail_src":"","quantity_min":1,"quantity_max":1,"priced_individually":false,"shipped_individually":false,"optional":false,"discount":"","options_style":"radios","pagination_style":"classic","display_prices":"absolute","show_sorting_options":false,"show_filtering_options":false,"attribute_filter_ids":[],"product_title_visible":false,"product_descr_visible":false,"product_price_visible":false,"product_thumb_visible":false,"subtotal_visible_product":false,"subtotal_visible_cart":false,"subtotal_visible_orders":false},{"id":"1670430429","title":"Taille","description":"","query_type":"product_ids","query_ids":[19115,19116,19117],"default_option_id":"","thumbnail_id":"","thumbnail_src":"","quantity_min":1,"quantity_max":1,"priced_individually":false,"shipped_individually":false,"optional":true,"discount":"","options_style":"radios","pagination_style":"classic","display_prices":"absolute","show_sorting_options":false,"show_filtering_options":false,"attribute_filter_ids":[],"product_title_visible":false,"product_descr_visible":false,"product_price_visible":false,"product_thumb_visible":false,"subtotal_visible_product":false,"subtotal_visible_cart":false,"subtotal_visible_orders":false},{"id":"1670430430","title":"Controle","description":"","query_type":"product_ids","query_ids":[18447,18451,18453,18454,18456,18457],"default_option_id":"","thumbnail_id":"","thumbnail_src":"","quantity_min":1,"quantity_max":1,"priced_individually":false,"shipped_individually":false,"optional":true,"discount":"","options_style":"radios","pagination_style":"classic","display_prices":"absolute","show_sorting_options":false,"show_filtering_options":false,"attribute_filter_ids":[],"product_title_visible":false,"product_descr_visible":false,"product_price_visible":false,"product_thumb_visible":false,"subtotal_visible_product":false,"subtotal_visible_cart":false,"subtotal_visible_orders":false},{"id":"1670430431","title":"Finition","description":"","query_type":"product_ids","query_ids":[18742,18710,18712,18715,18716,18718,18723,18727],"default_option_id":"","thumbnail_id":"","thumbnail_src":"","quantity_min":1,"quantity_max":1,"priced_individually":false,"shipped_individually":false,"optional":true,"discount":"","options_style":"radios","pagination_style":"classic","display_prices":"absolute","show_sorting_options":false,"show_filtering_options":false,"attribute_filter_ids":[],"product_title_visible":false,"product_descr_visible":false,"product_price_visible":false,"product_thumb_visible":false,"subtotal_visible_product":false,"subtotal_visible_cart":false,"subtotal_visible_orders":false},{"id":"1670430432","title":"CRI-CCT","description":"","query_type":"product_ids","query_ids":[18647,18655,18648],"default_option_id":"","thumbnail_id":"","thumbnail_src":"","quantity_min":1,"quantity_max":1,"priced_individually":false,"shipped_individually":false,"optional":true,"discount":"","options_style":"radios","pagination_style":"classic","display_prices":"absolute","show_sorting_options":false,"show_filtering_options":false,"attribute_filter_ids":[],"product_title_visible":false,"product_descr_visible":false,"product_price_visible":false,"product_thumb_visible":false,"subtotal_visible_product":false,"subtotal_visible_cart":false,"subtotal_visible_orders":false}],"composite_scenarios":[{"id":"1670430505","name":"310-590","description":"","configuration":[{"component_id":"1670430429","options_modifier":"in","component_options":[19115,19116]}],"actions":[{"action_id":"compat_group","is_active":false},{"action_id":"conditional_components","is_active":false,"hidden_components":[]},{"action_id":"conditional_options","is_active":true,"hidden_options":[{"component_id":"1670430430","component_options":[18457],"options_modifier":"in"}]}],"enabled":true},{"id":"1670430506","name":"870","description":"","configuration":[{"component_id":"1670430429","options_modifier":"in","component_options":[19117]}],"actions":[{"action_id":"compat_group","is_active":false},{"action_id":"conditional_components","is_active":false,"hidden_components":[]},{"action_id":"conditional_options","is_active":true,"hidden_options":[{"component_id":"1670430430","component_options":[18453,18456],"options_modifier":"in"}]}],"enabled":true},{"id":"1670430507","name":"68 push","description":"","configuration":[{"component_id":"1670430430","options_modifier":"in","component_options":[18456]}],"actions":[{"action_id":"compat_group","is_active":false},{"action_id":"conditional_components","is_active":false,"hidden_components":[]},{"action_id":"conditional_options","is_active":true,"hidden_options":[{"component_id":"1670430429","component_options":[19117],"options_modifier":"in"}]}],"enabled":true},{"id":"1670430508","name":"69 push","description":"","configuration":[{"component_id":"1670430430","options_modifier":"in","component_options":[18457]}],"actions":[{"action_id":"compat_group","is_active":false},{"action_id":"conditional_components","is_active":false,"hidden_components":[]},{"action_id":"conditional_options","is_active":true,"hidden_options":[{"component_id":"1670430429","component_options":[19115,19116],"options_modifier":"in"}]}],"enabled":true},{"id":"1699872881","name":"T.FASE","description":"","configuration":[{"component_id":"1670430430","options_modifier":"in","component_options":[18453]}],"actions":[{"action_id":"compat_group","is_active":false},{"action_id":"conditional_components","is_active":false,"hidden_components":[]},{"action_id":"conditional_options","is_active":true,"hidden_options":[{"component_id":"1670430429","component_options":[19117],"options_modifier":"in"}]}],"enabled":true}],"bundled_by":[],"bundle_stock_status":"instock","bundle_stock_quantity":null,"bundle_virtual":false,"bundle_layout":"","bundle_add_to_cart_form_location":"","bundle_editable_in_cart":false,"bundle_sold_individually_context":"","bundle_item_grouping":"","bundle_min_size":"","bundle_max_size":"","bundled_items":[],"bundle_sell_ids":[],"acf":[],"yoast_head":"<!-- This site is optimized with the Yoast SEO plugin v27.4 - https:\/\/yoast.com\/product\/yoast-seo-wordpress\/ -->\n<title>Tob Wide | Exenia<\/title>\n<meta name=\"robots\" content=\"noindex, follow, max-snippet:-1, max-image-preview:large, max-video-preview:-1\" \/>\n<meta property=\"og:locale\" content=\"fr_FR\" \/>\n<meta property=\"og:type\" content=\"article\" \/>\n<meta property=\"og:title\" content=\"Tob Wide | Exenia\" \/>\n<meta property=\"og:description\" content=\"Le Tob Wide est un luminaire d&rsquo;applique avec contr\u00f4le actif...\" \/>\n<meta property=\"og:url\" content=\"https:\/\/restyling.exenia.eu\/fr\/produit\/tob-wide\/\" \/>\n<meta property=\"og:site_name\" content=\"Exenia\" \/>\n<meta property=\"article:publisher\" content=\"https:\/\/www.facebook.com\/exenialighting\" \/>\n<meta property=\"article:modified_time\" content=\"2023-11-21T09:00:57+00:00\" \/>\n<meta property=\"og:image\" content=\"https:\/\/restyling.exenia.eu\/wp-content\/uploads\/2023\/01\/Tob-wide-prodotto.jpg\" \/>\n\t<meta property=\"og:image:width\" content=\"2000\" \/>\n\t<meta property=\"og:image:height\" content=\"1919\" \/>\n\t<meta property=\"og:image:type\" content=\"image\/jpeg\" \/>\n<!-- \/ Yoast SEO plugin. -->","yoast_head_json":{"title":"Tob Wide | Exenia","robots":{"index":"noindex","follow":"follow","max-snippet":"max-snippet:-1","max-image-preview":"max-image-preview:large","max-video-preview":"max-video-preview:-1"},"og_locale":"fr_FR","og_type":"article","og_title":"Tob Wide | Exenia","og_description":"Le Tob Wide est un luminaire d&rsquo;applique avec contr\u00f4le actif...","og_url":"https:\/\/restyling.exenia.eu\/fr\/produit\/tob-wide\/","og_site_name":"Exenia","article_publisher":"https:\/\/www.facebook.com\/exenialighting","article_modified_time":"2023-11-21T09:00:57+00:00","og_image":[{"width":2000,"height":1919,"url":"https:\/\/restyling.exenia.eu\/wp-content\/uploads\/2023\/01\/Tob-wide-prodotto.jpg","type":"image\/jpeg"}],"schema":{"@context":"https:\/\/schema.org","@graph":[{"@type":"WebPage","@id":"https:\/\/restyling.exenia.eu\/fr\/produit\/tob-wide\/","url":"https:\/\/restyling.exenia.eu\/fr\/produit\/tob-wide\/","name":"Tob Wide | Exenia","isPartOf":{"@id":"https:\/\/restyling.exenia.eu\/#website"},"primaryImageOfPage":{"@id":"https:\/\/restyling.exenia.eu\/fr\/produit\/tob-wide\/#primaryimage"},"image":{"@id":"https:\/\/restyling.exenia.eu\/fr\/produit\/tob-wide\/#primaryimage"},"thumbnailUrl":"https:\/\/restyling.exenia.eu\/wp-content\/uploads\/2023\/01\/Tob-wide-prodotto.jpg","datePublished":"2023-11-21T08:57:20+00:00","dateModified":"2023-11-21T09:00:57+00:00","breadcrumb":{"@id":"https:\/\/restyling.exenia.eu\/fr\/produit\/tob-wide\/#breadcrumb"},"inLanguage":"fr-FR","potentialAction":[{"@type":"ReadAction","target":["https:\/\/restyling.exenia.eu\/fr\/produit\/tob-wide\/"]}]},{"@type":"ImageObject","inLanguage":"fr-FR","@id":"https:\/\/restyling.exenia.eu\/fr\/produit\/tob-wide\/#primaryimage","url":"https:\/\/restyling.exenia.eu\/wp-content\/uploads\/2023\/01\/Tob-wide-prodotto.jpg","contentUrl":"https:\/\/restyling.exenia.eu\/wp-content\/uploads\/2023\/01\/Tob-wide-prodotto.jpg","width":2000,"height":1919},{"@type":"BreadcrumbList","@id":"https:\/\/restyling.exenia.eu\/fr\/produit\/tob-wide\/#breadcrumb","itemListElement":[{"@type":"ListItem","position":1,"name":"Home","item":"https:\/\/restyling.exenia.eu\/"},{"@type":"ListItem","position":2,"name":"Produits","item":"https:\/\/restyling.exenia.eu\/prodotti\/"},{"@type":"ListItem","position":3,"name":"Indoor","item":"https:\/\/restyling.exenia.eu\/fr\/c\/indoor\/"},{"@type":"ListItem","position":4,"name":"Appliques murales","item":"https:\/\/restyling.exenia.eu\/fr\/c\/indoor\/appliques-murales\/"},{"@type":"ListItem","position":5,"name":"Tob","item":"https:\/\/restyling.exenia.eu\/fr\/c\/indoor\/appliques-murales\/tob-appliques-murales\/"},{"@type":"ListItem","position":6,"name":"Tob Wide"}]},{"@type":"WebSite","@id":"https:\/\/restyling.exenia.eu\/#website","url":"https:\/\/restyling.exenia.eu\/","name":"Exenia","description":"","publisher":{"@id":"https:\/\/restyling.exenia.eu\/#organization"},"potentialAction":[{"@type":"SearchAction","target":{"@type":"EntryPoint","urlTemplate":"https:\/\/restyling.exenia.eu\/?s={search_term_string}"},"query-input":{"@type":"PropertyValueSpecification","valueRequired":true,"valueName":"search_term_string"}}],"inLanguage":"fr-FR"},{"@type":"Organization","@id":"https:\/\/restyling.exenia.eu\/#organization","name":"Exenia","url":"https:\/\/restyling.exenia.eu\/","logo":{"@type":"ImageObject","inLanguage":"fr-FR","@id":"https:\/\/restyling.exenia.eu\/#\/schema\/logo\/image\/","url":"https:\/\/restyling.exenia.eu\/wp-content\/uploads\/2022\/09\/logo_exenia-e1678467519405.png","contentUrl":"https:\/\/restyling.exenia.eu\/wp-content\/uploads\/2022\/09\/logo_exenia-e1678467519405.png","width":600,"height":194,"caption":"Exenia"},"image":{"@id":"https:\/\/restyling.exenia.eu\/#\/schema\/logo\/image\/"},"sameAs":["https:\/\/www.facebook.com\/exenialighting","https:\/\/x.com\/ExeniaLighting"]}]}},"_links":{"self":[{"href":"https:\/\/restyling.exenia.eu\/fr\/wp-json\/wp\/v2\/product\/27109","targetHints":{"allow":["GET"]}}],"collection":[{"href":"https:\/\/restyling.exenia.eu\/fr\/wp-json\/wp\/v2\/product"}],"about":[{"href":"https:\/\/restyling.exenia.eu\/fr\/wp-json\/wp\/v2\/types\/product"}],"wp:featuredmedia":[{"embeddable":true,"href":"https:\/\/restyling.exenia.eu\/fr\/wp-json\/wp\/v2\/media\/13002"}],"wp:attachment":[{"href":"https:\/\/restyling.exenia.eu\/fr\/wp-json\/wp\/v2\/media?parent=27109"}],"wp:term":[{"taxonomy":"product_brand","embeddable":true,"href":"https:\/\/restyling.exenia.eu\/fr\/wp-json\/wp\/v2\/product_brand?post=27109"},{"taxonomy":"product_cat","embeddable":true,"href":"https:\/\/restyling.exenia.eu\/fr\/wp-json\/wp\/v2\/product_cat?post=27109"},{"taxonomy":"product_tag","embeddable":true,"href":"https:\/\/restyling.exenia.eu\/fr\/wp-json\/wp\/v2\/product_tag?post=27109"},{"taxonomy":"categoria-admin-prodotto","embeddable":true,"href":"https:\/\/restyling.exenia.eu\/fr\/wp-json\/wp\/v2\/categoria-admin-prodotto?post=27109"}],"curies":[{"name":"wp","href":"https:\/\/api.w.org\/{rel}","templated":true}]}}