{"id":27122,"date":"2022-11-24T09:51:31","date_gmt":"2022-11-24T08:51:31","guid":{"rendered":"https:\/\/www.exenia.eu\/prodotto\/tripo-bollard-2\/"},"modified":"2023-06-13T14:39:40","modified_gmt":"2023-06-13T12:39:40","slug":"tripo-borne","status":"publish","type":"product","link":"https:\/\/restyling.exenia.eu\/fr\/produit\/tripo-borne\/","title":{"rendered":"Tripo Borne"},"content":{"rendered":"<p>Borne \u00e0 structure triangulaire, d&rsquo;une hauteur de 300\/600\/800 mm pour le montage au sol et mural, \u00e9quip\u00e9e d&rsquo;une carte LED et d&rsquo;un diffuseur \u00e9tanche, avec faisceau d&rsquo;\u00e9mission de 120\u00b0. \u00e9galement disponible avec boule PMMA pour une distribution omnidirectionnelle de la lumi\u00e8re. Construction solide en aluminium et en acier, avec rev\u00eatement \u00e0 la poudre \u00e0 haute adh\u00e9rence. La structure est con\u00e7ue pour \u00eatre solide et l\u00e9g\u00e8re, et s&rsquo;accorder facilement avec l&rsquo;environnement. La sph\u00e8re accessoire, install\u00e9e en usine, donne au luminaire une \u00e9vidence nocturne, en transformant la source lumineuse mim\u00e9tique en un signal et une pr\u00e9sence. Disponible en 4,5W (450lm) ou 8W (750lm) en CRI85 pour les versions CV ou 6W (550lm) ou 9W (1020lm) en CRI95 pour les versions AC, en 2700K, 3000K ou 4000K . Dur\u00e9e de vie de 45 000 heures \u00e0 L80 B10. Les options de finition avec un rev\u00eatement \u00e0 la poudre comprennent des couleurs naturelles et textur\u00e9es comme le gris carbone, le marron boue, le sable mat, le blanc chaud et l&rsquo;effet rouille. Degr\u00e9 de protection IP66. Comme alternative \u00e0 la sph\u00e8re de diffusion, il existe un accessoire jouant le r\u00f4le de diffuseur qui transforme l&rsquo;\u00e9mission en la r\u00e9partissant et l&rsquo;esth\u00e9tique du produit en lui donnant un aspect tr\u00e8s d\u00e9coratif et d&rsquo;ambiance. Il est possible d&rsquo;utiliser jusqu&rsquo;\u00e0 trois protections par appareil.<\/p>\n<p>&nbsp;<\/p>\n<p><iframe title=\"TRIPO | EN\" width=\"800\" height=\"450\" src=\"https:\/\/www.youtube.com\/embed\/Gg5L2lbzdd4?feature=oembed\" frameborder=\"0\" allow=\"accelerometer; autoplay; clipboard-write; encrypted-media; gyroscope; picture-in-picture; web-share\" referrerpolicy=\"strict-origin-when-cross-origin\" allowfullscreen><\/iframe><\/p>\n","protected":false},"excerpt":{"rendered":"<p>Borne \u00e0 structure triangulaire, d&rsquo;une hauteur de 300\/600\/800 mm pour&#8230;<\/p>\n","protected":false},"featured_media":24162,"template":"","meta":{"_acf_changed":false},"product_brand":[],"product_cat":[2720],"product_tag":[7697,7700,7706],"categoria-admin-prodotto":[],"class_list":{"0":"post-27122","1":"product","2":"type-product","3":"status-publish","4":"has-post-thumbnail","6":"product_cat-tripo-bollard-outdoor-outdoor-3","7":"product_tag-840830-fr","8":"product_tag-840832-fr","9":"product_tag-840831-fr","10":"pa_cct-2700k-fr","11":"pa_cct-3000k-fr","12":"pa_cct-4000k-fr","13":"pa_certificazione-conformita-ce-fr","14":"pa_cri-85-fr","15":"pa_cri-95-fr","16":"pa_grado-ip-ip66-fr","17":"pa_grado-ip-ik08-fr","18":"pa_lifetime-l80b10-45-000-h-fr","19":"pa_temperatura-di-esercizio-10-30-fr","21":"first","22":"instock","23":"purchasable","24":"product-type-composite"},"composite_virtual":false,"composite_layout":"single","composite_add_to_cart_form_location":"default","composite_editable_in_cart":false,"composite_sold_individually_context":"product","composite_shop_price_calc":"defaults","composite_components":[{"id":"1674827279","title":"Corp de l&#039;appareil","description":"","query_type":"product_ids","query_ids":[18607],"default_option_id":18607,"thumbnail_id":"","thumbnail_src":"","quantity_min":1,"quantity_max":1,"priced_individually":false,"shipped_individually":false,"optional":false,"discount":"","options_style":"radios","pagination_style":"classic","display_prices":"absolute","show_sorting_options":false,"show_filtering_options":false,"attribute_filter_ids":[],"product_title_visible":false,"product_descr_visible":false,"product_price_visible":false,"product_thumb_visible":false,"subtotal_visible_product":false,"subtotal_visible_cart":false,"subtotal_visible_orders":false},{"id":"1674827280","title":"Taille","description":"","query_type":"product_ids","query_ids":[19034,19036,19038],"default_option_id":"","thumbnail_id":"","thumbnail_src":"","quantity_min":1,"quantity_max":1,"priced_individually":false,"shipped_individually":false,"optional":true,"discount":"","options_style":"radios","pagination_style":"classic","display_prices":"absolute","show_sorting_options":false,"show_filtering_options":false,"attribute_filter_ids":[],"product_title_visible":false,"product_descr_visible":false,"product_price_visible":false,"product_thumb_visible":false,"subtotal_visible_product":false,"subtotal_visible_cart":false,"subtotal_visible_orders":false},{"id":"1674827281","title":"Puissance","description":"","query_type":"product_ids","query_ids":[18945,18947,26570,18946,18948,26574],"default_option_id":"","thumbnail_id":"","thumbnail_src":"","quantity_min":1,"quantity_max":1,"priced_individually":false,"shipped_individually":false,"optional":true,"discount":"","options_style":"radios","pagination_style":"classic","display_prices":"absolute","show_sorting_options":false,"show_filtering_options":false,"attribute_filter_ids":[],"product_title_visible":false,"product_descr_visible":false,"product_price_visible":false,"product_thumb_visible":false,"subtotal_visible_product":false,"subtotal_visible_cart":false,"subtotal_visible_orders":false},{"id":"1674827282","title":"Controle","description":"","query_type":"product_ids","query_ids":[18444,18493],"default_option_id":"","thumbnail_id":"","thumbnail_src":"","quantity_min":1,"quantity_max":1,"priced_individually":false,"shipped_individually":false,"optional":true,"discount":"","options_style":"radios","pagination_style":"classic","display_prices":"absolute","show_sorting_options":false,"show_filtering_options":false,"attribute_filter_ids":[],"product_title_visible":false,"product_descr_visible":false,"product_price_visible":false,"product_thumb_visible":false,"subtotal_visible_product":false,"subtotal_visible_cart":false,"subtotal_visible_orders":false},{"id":"1674827283","title":"Finition","description":"","query_type":"product_ids","query_ids":[18765,18762,18767,18758,18774],"default_option_id":"","thumbnail_id":"","thumbnail_src":"","quantity_min":1,"quantity_max":1,"priced_individually":false,"shipped_individually":false,"optional":true,"discount":"","options_style":"radios","pagination_style":"classic","display_prices":"absolute","show_sorting_options":false,"show_filtering_options":false,"attribute_filter_ids":[],"product_title_visible":false,"product_descr_visible":false,"product_price_visible":false,"product_thumb_visible":false,"subtotal_visible_product":false,"subtotal_visible_cart":false,"subtotal_visible_orders":false},{"id":"1674827284","title":"CRI-CCT","description":"","query_type":"product_ids","query_ids":[18652,18653,18654,26551,26558,26562],"default_option_id":"","thumbnail_id":"","thumbnail_src":"","quantity_min":1,"quantity_max":1,"priced_individually":false,"shipped_individually":false,"optional":true,"discount":"","options_style":"radios","pagination_style":"classic","display_prices":"absolute","show_sorting_options":false,"show_filtering_options":false,"attribute_filter_ids":[],"product_title_visible":false,"product_descr_visible":false,"product_price_visible":false,"product_thumb_visible":false,"subtotal_visible_product":false,"subtotal_visible_cart":false,"subtotal_visible_orders":false},{"id":"1674827285","title":"Optique","description":"","query_type":"product_ids","query_ids":[18928,18905],"default_option_id":"","thumbnail_id":"","thumbnail_src":"","quantity_min":1,"quantity_max":1,"priced_individually":false,"shipped_individually":false,"optional":true,"discount":"","options_style":"radios","pagination_style":"classic","display_prices":"absolute","show_sorting_options":false,"show_filtering_options":false,"attribute_filter_ids":[],"product_title_visible":false,"product_descr_visible":false,"product_price_visible":false,"product_thumb_visible":false,"subtotal_visible_product":false,"subtotal_visible_cart":false,"subtotal_visible_orders":false},{"id":"1676038557","title":" ","description":"","query_type":"product_ids","query_ids":[7634],"default_option_id":7634,"thumbnail_id":"","thumbnail_src":"","quantity_min":1,"quantity_max":1,"priced_individually":false,"shipped_individually":false,"optional":false,"discount":"","options_style":"radios","pagination_style":"classic","display_prices":"absolute","show_sorting_options":false,"show_filtering_options":false,"attribute_filter_ids":[],"product_title_visible":false,"product_descr_visible":false,"product_price_visible":false,"product_thumb_visible":false,"subtotal_visible_product":false,"subtotal_visible_cart":false,"subtotal_visible_orders":false},{"id":"1676038558","title":"Degr\u00e9 de protection du conducteur \u00e0 distance","description":"","query_type":"product_ids","query_ids":[26461,26480],"default_option_id":"","thumbnail_id":"","thumbnail_src":"","quantity_min":1,"quantity_max":1,"priced_individually":false,"shipped_individually":false,"optional":true,"discount":"","options_style":"radios","pagination_style":"classic","display_prices":"absolute","show_sorting_options":false,"show_filtering_options":false,"attribute_filter_ids":[],"product_title_visible":false,"product_descr_visible":false,"product_price_visible":false,"product_thumb_visible":false,"subtotal_visible_product":false,"subtotal_visible_cart":false,"subtotal_visible_orders":false},{"id":"1676038559","title":"Alimentation \u00e9lectrique","description":"","query_type":"product_ids","query_ids":[40095,40080],"default_option_id":"","thumbnail_id":"","thumbnail_src":"","quantity_min":1,"quantity_max":1,"priced_individually":false,"shipped_individually":false,"optional":true,"discount":"","options_style":"radios","pagination_style":"classic","display_prices":"absolute","show_sorting_options":false,"show_filtering_options":false,"attribute_filter_ids":[],"product_title_visible":false,"product_descr_visible":false,"product_price_visible":false,"product_thumb_visible":true,"subtotal_visible_product":false,"subtotal_visible_cart":false,"subtotal_visible_orders":false},{"id":"1678715308","title":"S\u00e9lectionner pour activer l&#039;\u00e9cran","description":"","query_type":"product_ids","query_ids":[7634],"default_option_id":"","thumbnail_id":"","thumbnail_src":"","quantity_min":1,"quantity_max":1,"priced_individually":false,"shipped_individually":false,"optional":true,"discount":"","options_style":"radios","pagination_style":"classic","display_prices":"absolute","show_sorting_options":false,"show_filtering_options":false,"attribute_filter_ids":[],"product_title_visible":false,"product_descr_visible":false,"product_price_visible":false,"product_thumb_visible":false,"subtotal_visible_product":false,"subtotal_visible_cart":false,"subtotal_visible_orders":false},{"id":"1676042170","title":"Accessoires","description":"","query_type":"product_ids","query_ids":[42259],"default_option_id":42259,"thumbnail_id":"","thumbnail_src":"","quantity_min":1,"quantity_max":1,"priced_individually":false,"shipped_individually":false,"optional":false,"discount":"","options_style":"radios","pagination_style":"classic","display_prices":"absolute","show_sorting_options":false,"show_filtering_options":false,"attribute_filter_ids":[],"product_title_visible":false,"product_descr_visible":true,"product_price_visible":false,"product_thumb_visible":true,"subtotal_visible_product":false,"subtotal_visible_cart":false,"subtotal_visible_orders":false},{"id":"1676042171","title":"Connecteurs","description":"","query_type":"product_ids","query_ids":[33021],"default_option_id":33021,"thumbnail_id":"","thumbnail_src":"","quantity_min":1,"quantity_max":1,"priced_individually":false,"shipped_individually":false,"optional":false,"discount":"","options_style":"radios","pagination_style":"classic","display_prices":"absolute","show_sorting_options":false,"show_filtering_options":false,"attribute_filter_ids":[],"product_title_visible":false,"product_descr_visible":true,"product_price_visible":false,"product_thumb_visible":false,"subtotal_visible_product":false,"subtotal_visible_cart":false,"subtotal_visible_orders":false}],"composite_scenarios":[{"id":"1676040086","name":"AC","description":"","configuration":[{"component_id":"1674827281","options_modifier":"in","component_options":[26570,26574]}],"actions":[{"action_id":"compat_group","is_active":false},{"action_id":"conditional_components","is_active":true,"hidden_components":["1676038557","1676038558","1676038559"]},{"action_id":"conditional_options","is_active":true,"hidden_options":[{"component_id":"1674827282","component_options":[18493],"options_modifier":"in"},{"component_id":"1674827284","component_options":[-1,26551,26558,26562],"options_modifier":"not-in"}]}],"enabled":true},{"id":"1676040683","name":"CV","description":"","configuration":[{"component_id":"1674827281","options_modifier":"in","component_options":[18945,18947,18946,18948]}],"actions":[{"action_id":"compat_group","is_active":false},{"action_id":"conditional_components","is_active":false,"hidden_components":[]},{"action_id":"conditional_options","is_active":true,"hidden_options":[{"component_id":"1674827282","component_options":[18444],"options_modifier":"in"},{"component_id":"1674827284","component_options":[26551,26558,26562],"options_modifier":"in"}]}],"enabled":true},{"id":"1676040684","name":"CV 48V NO IP67","description":"","configuration":[{"component_id":"1674827281","options_modifier":"in","component_options":[18947,18948]}],"actions":[{"action_id":"compat_group","is_active":false},{"action_id":"conditional_components","is_active":false,"hidden_components":[]},{"action_id":"conditional_options","is_active":true,"hidden_options":[{"component_id":"1676038558","component_options":[26480],"options_modifier":"in"}]}],"enabled":true},{"id":"1676040685","name":"CV 24V IP67","description":"","configuration":[{"component_id":"1674827281","options_modifier":"in","component_options":[18945,18946]},{"component_id":"1676038558","options_modifier":"in","component_options":[26480]}],"actions":[{"action_id":"compat_group","is_active":false},{"action_id":"conditional_components","is_active":false,"hidden_components":[]},{"action_id":"conditional_options","is_active":true,"hidden_options":[{"component_id":"1676038559","component_options":[-1,40103,40104],"options_modifier":"not-in"}]}],"enabled":true},{"id":"1676040686","name":"CV 24V IP20","description":"","configuration":[{"component_id":"1674827281","options_modifier":"in","component_options":[18945,18946]},{"component_id":"1676038558","options_modifier":"in","component_options":[26461]}],"actions":[{"action_id":"compat_group","is_active":false},{"action_id":"conditional_components","is_active":false,"hidden_components":[]},{"action_id":"conditional_options","is_active":true,"hidden_options":[{"component_id":"1676038559","component_options":[-1,40100,40101,40102],"options_modifier":"not-in"}]}],"enabled":true},{"id":"1676040687","name":"CV 48V IP20","description":"","configuration":[{"component_id":"1674827281","options_modifier":"in","component_options":[18947,18948]},{"component_id":"1676038558","options_modifier":"in","component_options":[26461]}],"actions":[{"action_id":"compat_group","is_active":false},{"action_id":"conditional_components","is_active":false,"hidden_components":[]},{"action_id":"conditional_options","is_active":true,"hidden_options":[{"component_id":"1676038559","component_options":[-1,40082,40083,40086,40087],"options_modifier":"not-in"}]}],"enabled":true},{"id":"1676042699","name":"no schermo","description":"","configuration":[{"component_id":"1678715308","options_modifier":"in","component_options":[-1]}],"actions":[{"action_id":"compat_group","is_active":false},{"action_id":"conditional_components","is_active":true,"hidden_components":["1676042170"]},{"action_id":"conditional_options","is_active":true,"hidden_options":[{"component_id":"1676042170","component_options":[-1],"options_modifier":"not-in"}]}],"enabled":true},{"id":"1676042700","name":"small acc.","description":"","configuration":[{"component_id":"1674827280","options_modifier":"in","component_options":[19034]}],"actions":[{"action_id":"compat_group","is_active":false},{"action_id":"conditional_components","is_active":false,"hidden_components":[]},{"action_id":"conditional_options","is_active":true,"hidden_options":[{"component_id":"1676042170","component_options":[-1,42288,42290,42291,42293,42295,42296,42297,42298,42299,42300],"options_modifier":"not-in"}]}],"enabled":true},{"id":"1676042701","name":"medium acc.","description":"","configuration":[{"component_id":"1674827280","options_modifier":"in","component_options":[19036]}],"actions":[{"action_id":"compat_group","is_active":false},{"action_id":"conditional_components","is_active":false,"hidden_components":[]},{"action_id":"conditional_options","is_active":true,"hidden_options":[{"component_id":"1676042170","component_options":[-1,42271,42272,42273,42274,42275,42277,42279,42281,42284,42286],"options_modifier":"not-in"}]}],"enabled":true},{"id":"1676042702","name":"large acc.","description":"","configuration":[{"component_id":"1674827280","options_modifier":"in","component_options":[19038]}],"actions":[{"action_id":"compat_group","is_active":false},{"action_id":"conditional_components","is_active":false,"hidden_components":[]},{"action_id":"conditional_options","is_active":true,"hidden_options":[{"component_id":"1676042170","component_options":[-1,42260,42261,42262,42263,42264,42265,42266,42267,42269,42270],"options_modifier":"not-in"}]}],"enabled":true}],"bundled_by":[],"bundle_stock_status":"instock","bundle_stock_quantity":null,"bundle_virtual":false,"bundle_layout":"","bundle_add_to_cart_form_location":"","bundle_editable_in_cart":false,"bundle_sold_individually_context":"","bundle_item_grouping":"","bundle_min_size":"","bundle_max_size":"","bundled_items":[],"bundle_sell_ids":[],"acf":[],"yoast_head":"<!-- This site is optimized with the Yoast SEO plugin v27.4 - https:\/\/yoast.com\/product\/yoast-seo-wordpress\/ -->\n<title>Tripo Borne | Exenia<\/title>\n<meta name=\"robots\" content=\"noindex, follow, max-snippet:-1, max-image-preview:large, max-video-preview:-1\" \/>\n<meta property=\"og:locale\" content=\"fr_FR\" \/>\n<meta property=\"og:type\" content=\"article\" \/>\n<meta property=\"og:title\" content=\"Tripo Borne | Exenia\" \/>\n<meta property=\"og:description\" content=\"Borne \u00e0 structure triangulaire, d&rsquo;une hauteur de 300\/600\/800 mm pour...\" \/>\n<meta property=\"og:url\" content=\"https:\/\/restyling.exenia.eu\/prodotto\/tripo-bollard\/\" \/>\n<meta property=\"og:site_name\" content=\"Exenia\" \/>\n<meta property=\"article:publisher\" content=\"https:\/\/www.facebook.com\/exenialighting\" \/>\n<meta property=\"article:modified_time\" content=\"2023-06-13T12:39:40+00:00\" \/>\n<meta property=\"og:image\" content=\"https:\/\/restyling.exenia.eu\/wp-content\/uploads\/2023\/01\/Tripo-bollard-prodotto.jpg\" \/>\n\t<meta property=\"og:image:width\" content=\"2000\" \/>\n\t<meta property=\"og:image:height\" content=\"1919\" \/>\n\t<meta property=\"og:image:type\" content=\"image\/jpeg\" \/>\n<!-- \/ Yoast SEO plugin. -->","yoast_head_json":{"title":"Tripo Borne | Exenia","robots":{"index":"noindex","follow":"follow","max-snippet":"max-snippet:-1","max-image-preview":"max-image-preview:large","max-video-preview":"max-video-preview:-1"},"og_locale":"fr_FR","og_type":"article","og_title":"Tripo Borne | Exenia","og_description":"Borne \u00e0 structure triangulaire, d&rsquo;une hauteur de 300\/600\/800 mm pour...","og_url":"https:\/\/restyling.exenia.eu\/prodotto\/tripo-bollard\/","og_site_name":"Exenia","article_publisher":"https:\/\/www.facebook.com\/exenialighting","article_modified_time":"2023-06-13T12:39:40+00:00","og_image":[{"width":2000,"height":1919,"url":"https:\/\/restyling.exenia.eu\/wp-content\/uploads\/2023\/01\/Tripo-bollard-prodotto.jpg","type":"image\/jpeg"}],"schema":{"@context":"https:\/\/schema.org","@graph":[{"@type":"WebPage","@id":"https:\/\/restyling.exenia.eu\/prodotto\/tripo-bollard\/","url":"https:\/\/restyling.exenia.eu\/prodotto\/tripo-bollard\/","name":"Tripo Borne | Exenia","isPartOf":{"@id":"https:\/\/restyling.exenia.eu\/#website"},"primaryImageOfPage":{"@id":"https:\/\/restyling.exenia.eu\/prodotto\/tripo-bollard\/#primaryimage"},"image":{"@id":"https:\/\/restyling.exenia.eu\/prodotto\/tripo-bollard\/#primaryimage"},"thumbnailUrl":"https:\/\/restyling.exenia.eu\/wp-content\/uploads\/2023\/01\/Tripo-bollard-prodotto.jpg","datePublished":"2022-11-24T08:51:31+00:00","dateModified":"2023-06-13T12:39:40+00:00","breadcrumb":{"@id":"https:\/\/restyling.exenia.eu\/prodotto\/tripo-bollard\/#breadcrumb"},"inLanguage":"fr-FR","potentialAction":[{"@type":"ReadAction","target":["https:\/\/restyling.exenia.eu\/prodotto\/tripo-bollard\/"]}]},{"@type":"ImageObject","inLanguage":"fr-FR","@id":"https:\/\/restyling.exenia.eu\/prodotto\/tripo-bollard\/#primaryimage","url":"https:\/\/restyling.exenia.eu\/wp-content\/uploads\/2023\/01\/Tripo-bollard-prodotto.jpg","contentUrl":"https:\/\/restyling.exenia.eu\/wp-content\/uploads\/2023\/01\/Tripo-bollard-prodotto.jpg","width":2000,"height":1919},{"@type":"BreadcrumbList","@id":"https:\/\/restyling.exenia.eu\/prodotto\/tripo-bollard\/#breadcrumb","itemListElement":[{"@type":"ListItem","position":1,"name":"Home","item":"https:\/\/restyling.exenia.eu\/"},{"@type":"ListItem","position":2,"name":"Produits","item":"https:\/\/restyling.exenia.eu\/prodotti\/"},{"@type":"ListItem","position":3,"name":"Outdoor","item":"https:\/\/restyling.exenia.eu\/c\/outdoor\/"},{"@type":"ListItem","position":4,"name":"Bollard","item":"https:\/\/restyling.exenia.eu\/c\/outdoor\/bollard-outdoor\/"},{"@type":"ListItem","position":5,"name":"Tripo","item":"https:\/\/restyling.exenia.eu\/c\/outdoor\/bollard-outdoor\/tripo\/"},{"@type":"ListItem","position":6,"name":"Tripo Borne"}]},{"@type":"WebSite","@id":"https:\/\/restyling.exenia.eu\/#website","url":"https:\/\/restyling.exenia.eu\/","name":"Exenia","description":"","publisher":{"@id":"https:\/\/restyling.exenia.eu\/#organization"},"potentialAction":[{"@type":"SearchAction","target":{"@type":"EntryPoint","urlTemplate":"https:\/\/restyling.exenia.eu\/?s={search_term_string}"},"query-input":{"@type":"PropertyValueSpecification","valueRequired":true,"valueName":"search_term_string"}}],"inLanguage":"fr-FR"},{"@type":"Organization","@id":"https:\/\/restyling.exenia.eu\/#organization","name":"Exenia","url":"https:\/\/restyling.exenia.eu\/","logo":{"@type":"ImageObject","inLanguage":"fr-FR","@id":"https:\/\/restyling.exenia.eu\/#\/schema\/logo\/image\/","url":"https:\/\/restyling.exenia.eu\/wp-content\/uploads\/2022\/09\/logo_exenia-e1678467519405.png","contentUrl":"https:\/\/restyling.exenia.eu\/wp-content\/uploads\/2022\/09\/logo_exenia-e1678467519405.png","width":600,"height":194,"caption":"Exenia"},"image":{"@id":"https:\/\/restyling.exenia.eu\/#\/schema\/logo\/image\/"},"sameAs":["https:\/\/www.facebook.com\/exenialighting","https:\/\/x.com\/ExeniaLighting"]}]}},"_links":{"self":[{"href":"https:\/\/restyling.exenia.eu\/fr\/wp-json\/wp\/v2\/product\/27122","targetHints":{"allow":["GET"]}}],"collection":[{"href":"https:\/\/restyling.exenia.eu\/fr\/wp-json\/wp\/v2\/product"}],"about":[{"href":"https:\/\/restyling.exenia.eu\/fr\/wp-json\/wp\/v2\/types\/product"}],"wp:featuredmedia":[{"embeddable":true,"href":"https:\/\/restyling.exenia.eu\/fr\/wp-json\/wp\/v2\/media\/24162"}],"wp:attachment":[{"href":"https:\/\/restyling.exenia.eu\/fr\/wp-json\/wp\/v2\/media?parent=27122"}],"wp:term":[{"taxonomy":"product_brand","embeddable":true,"href":"https:\/\/restyling.exenia.eu\/fr\/wp-json\/wp\/v2\/product_brand?post=27122"},{"taxonomy":"product_cat","embeddable":true,"href":"https:\/\/restyling.exenia.eu\/fr\/wp-json\/wp\/v2\/product_cat?post=27122"},{"taxonomy":"product_tag","embeddable":true,"href":"https:\/\/restyling.exenia.eu\/fr\/wp-json\/wp\/v2\/product_tag?post=27122"},{"taxonomy":"categoria-admin-prodotto","embeddable":true,"href":"https:\/\/restyling.exenia.eu\/fr\/wp-json\/wp\/v2\/categoria-admin-prodotto?post=27122"}],"curies":[{"name":"wp","href":"https:\/\/api.w.org\/{rel}","templated":true}]}}