{"id":27142,"date":"2023-11-21T09:56:56","date_gmt":"2023-11-21T08:56:56","guid":{"rendered":"https:\/\/www.exenia.eu\/prodotto\/r2-48-2\/"},"modified":"2023-11-21T10:00:39","modified_gmt":"2023-11-21T09:00:39","slug":"r2-48","status":"publish","type":"product","link":"https:\/\/restyling.exenia.eu\/fr\/produit\/r2-48\/","title":{"rendered":"R2 48"},"content":{"rendered":"<p>Projecteur LED innovant, la conception sp\u00e9ciale de la chambre de ventilation traversante permet une r\u00e9duction substantielle de la taille et une am\u00e9lioration significative des temp\u00e9ratures de fonctionnement. Disponible en 12W, 18W et 25W, avec un choix de CRI 85 &#8211; 3000K, CRI 95 &#8211; 2700\/3000\/4000K. Le maintien du flux lumineux est garanti pendant 100 000 heures selon la courbe L80B10. Le choix des optiques offre des lentilles en PMMA pour les versions 13W et 18W, des r\u00e9flecteurs en aluminium pour la version 25W. Les lentilles et le r\u00e9flecteur permettent des faisceaux Spot, Medium et Wide. Degr\u00e9 de protection IP20. Isolation de classe III. Selon la version choisie, le luminaire peut fonctionner en mode ON\/OFF, en mode dimmable DALI\/ PUSH ou CASAMBI. Sont \u00e9galement disponibles comme accessoires une grille en nid d&rsquo;abeille, un diffuseur sabl\u00e9 et un nouvel accessoire optique de zoom qui permet d&rsquo;ajuster le faisceau lumineux de 9\u00b0 \u00e0 26\u00b0. Possibilit\u00e9 d&rsquo;optique de rondelle murale asym\u00e9trique. Disponible en deux puissances 13w et 26w il est toujours gradable par potentiom\u00e8tre sur l&rsquo;adaptateur ou par les protocoles Dali ou Casambi. Pour \u00eatre install\u00e9 \u00e0 des distances de 120cm et \u00e0 la moiti\u00e9 de sa hauteur par rapport au mur, il doit assumer une inclinaison de 40\u00b0 sur la verticale comme indiqu\u00e9 sur le rotor gradu\u00e9. Sa lentille en polycarbonate, efficace et innovante, garantit une homog\u00e9n\u00e9it\u00e9 de 70%, avec des efficacit\u00e9s de plus de 85 Lm\/W et un maintien des performances de plus de 100 000 heures selon la courbe L80B10.<\/p>\n","protected":false},"excerpt":{"rendered":"<p>Projecteur LED innovant, la conception sp\u00e9ciale de la chambre de&#8230;<\/p>\n","protected":false},"featured_media":44339,"template":"","meta":{"_acf_changed":false},"product_brand":[],"product_cat":[6614,6619,6624,6629,6634,6647,2689],"product_tag":[8563,8566,8570],"categoria-admin-prodotto":[],"class_list":{"0":"post-27142","1":"product","2":"type-product","3":"status-publish","4":"has-post-thumbnail","6":"product_cat-luminaires-track-48-fr","7":"product_cat-luminaires-track-48-evo","8":"product_cat-luminaires-track-48-trimless","9":"product_cat-luminaires-track-48-tube","10":"product_cat-luminaires-track-48-twin","11":"product_cat-tous-les-luminaires-pour-48-fr","12":"product_cat-r2-luminaires-pour-pistes","13":"product_tag-615t2-fr","14":"product_tag-615t4-fr","15":"product_tag-615t5-fr","16":"pa_cct-2700k-fr","17":"pa_cct-3000k-fr","18":"pa_cct-4000k-fr","19":"pa_certificazione-conformita-ce-fr","20":"pa_classe-f-oui","21":"pa_cri-85-fr","22":"pa_cri-95-fr","23":"pa_grado-ip-ip20-fr","24":"pa_lifetime-l80b10-100-000-ore-fr","25":"pa_temperatura-di-esercizio-10-30-fr","27":"first","28":"instock","29":"purchasable","30":"product-type-composite"},"composite_virtual":false,"composite_layout":"single","composite_add_to_cart_form_location":"default","composite_editable_in_cart":false,"composite_sold_individually_context":"product","composite_shop_price_calc":"defaults","composite_components":[{"id":"1675264271","title":"Corp de l&#039;appareil","description":"","query_type":"product_ids","query_ids":[18589,24463],"default_option_id":"","thumbnail_id":"","thumbnail_src":"","quantity_min":1,"quantity_max":1,"priced_individually":false,"shipped_individually":false,"optional":true,"discount":"","options_style":"radios","pagination_style":"classic","display_prices":"absolute","show_sorting_options":false,"show_filtering_options":false,"attribute_filter_ids":[],"product_title_visible":false,"product_descr_visible":false,"product_price_visible":false,"product_thumb_visible":false,"subtotal_visible_product":false,"subtotal_visible_cart":false,"subtotal_visible_orders":false},{"id":"1675264272","title":"Puissance","description":"","query_type":"product_ids","query_ids":[19025,19026,19027,19028,19029],"default_option_id":"","thumbnail_id":"","thumbnail_src":"","quantity_min":1,"quantity_max":1,"priced_individually":false,"shipped_individually":false,"optional":true,"discount":"","options_style":"radios","pagination_style":"classic","display_prices":"absolute","show_sorting_options":false,"show_filtering_options":false,"attribute_filter_ids":[],"product_title_visible":false,"product_descr_visible":false,"product_price_visible":false,"product_thumb_visible":false,"subtotal_visible_product":false,"subtotal_visible_cart":false,"subtotal_visible_orders":false},{"id":"1675265243","title":"Controle","description":"","query_type":"product_ids","query_ids":[18444,53442,18492,18471],"default_option_id":"","thumbnail_id":"","thumbnail_src":"","quantity_min":1,"quantity_max":1,"priced_individually":false,"shipped_individually":false,"optional":true,"discount":"","options_style":"radios","pagination_style":"classic","display_prices":"absolute","show_sorting_options":false,"show_filtering_options":false,"attribute_filter_ids":[],"product_title_visible":false,"product_descr_visible":true,"product_price_visible":false,"product_thumb_visible":false,"subtotal_visible_product":false,"subtotal_visible_cart":false,"subtotal_visible_orders":false},{"id":"1675265244","title":"Finition du bo\u00eetier","description":"","query_type":"product_ids","query_ids":[22415,22410,22420],"default_option_id":"","thumbnail_id":"","thumbnail_src":"","quantity_min":1,"quantity_max":1,"priced_individually":false,"shipped_individually":false,"optional":true,"discount":"","options_style":"radios","pagination_style":"classic","display_prices":"absolute","show_sorting_options":false,"show_filtering_options":false,"attribute_filter_ids":[],"product_title_visible":false,"product_descr_visible":false,"product_price_visible":false,"product_thumb_visible":false,"subtotal_visible_product":false,"subtotal_visible_cart":false,"subtotal_visible_orders":false},{"id":"1675265245","title":"Finition de l&#039;adaptateur","description":"","query_type":"product_ids","query_ids":[18703,18704],"default_option_id":"","thumbnail_id":"","thumbnail_src":"","quantity_min":1,"quantity_max":1,"priced_individually":false,"shipped_individually":false,"optional":true,"discount":"","options_style":"radios","pagination_style":"classic","display_prices":"absolute","show_sorting_options":false,"show_filtering_options":false,"attribute_filter_ids":[],"product_title_visible":false,"product_descr_visible":false,"product_price_visible":false,"product_thumb_visible":false,"subtotal_visible_product":false,"subtotal_visible_cart":false,"subtotal_visible_orders":false},{"id":"1675265246","title":"CRI-CCT","description":"","query_type":"product_ids","query_ids":[18653,18631,18632,18633],"default_option_id":"","thumbnail_id":"","thumbnail_src":"","quantity_min":1,"quantity_max":1,"priced_individually":false,"shipped_individually":false,"optional":true,"discount":"","options_style":"radios","pagination_style":"classic","display_prices":"absolute","show_sorting_options":false,"show_filtering_options":false,"attribute_filter_ids":[],"product_title_visible":false,"product_descr_visible":false,"product_price_visible":false,"product_thumb_visible":false,"subtotal_visible_product":false,"subtotal_visible_cart":false,"subtotal_visible_orders":false},{"id":"1675265247","title":"Commandez s\u00e9par\u00e9ment","description":"","query_type":"product_ids","query_ids":[7634],"default_option_id":7634,"thumbnail_id":"","thumbnail_src":"","quantity_min":1,"quantity_max":1,"priced_individually":false,"shipped_individually":false,"optional":false,"discount":"","options_style":"radios","pagination_style":"classic","display_prices":"absolute","show_sorting_options":false,"show_filtering_options":false,"attribute_filter_ids":[],"product_title_visible":false,"product_descr_visible":false,"product_price_visible":false,"product_thumb_visible":false,"subtotal_visible_product":false,"subtotal_visible_cart":false,"subtotal_visible_orders":false},{"id":"1675265248","title":"Accessoires optiques primaires","description":"","query_type":"product_ids","query_ids":[22424,22428,24474],"default_option_id":"","thumbnail_id":"","thumbnail_src":"","quantity_min":1,"quantity_max":1,"priced_individually":false,"shipped_individually":false,"optional":true,"discount":"","options_style":"radios","pagination_style":"classic","display_prices":"absolute","show_sorting_options":false,"show_filtering_options":false,"attribute_filter_ids":[],"product_title_visible":false,"product_descr_visible":false,"product_price_visible":false,"product_thumb_visible":true,"subtotal_visible_product":false,"subtotal_visible_cart":false,"subtotal_visible_orders":false},{"id":"1675265249","title":"Optique","description":"","query_type":"product_ids","query_ids":[22436,50473,50478,50483,18816,18839,24470],"default_option_id":"","thumbnail_id":"","thumbnail_src":"","quantity_min":1,"quantity_max":1,"priced_individually":false,"shipped_individually":false,"optional":true,"discount":"","options_style":"radios","pagination_style":"classic","display_prices":"absolute","show_sorting_options":false,"show_filtering_options":false,"attribute_filter_ids":[],"product_title_visible":false,"product_descr_visible":false,"product_price_visible":false,"product_thumb_visible":false,"subtotal_visible_product":false,"subtotal_visible_cart":false,"subtotal_visible_orders":false},{"id":"1675269697","title":"Accessoires optiques secondaires","description":"","query_type":"product_ids","query_ids":[38260],"default_option_id":38260,"thumbnail_id":"","thumbnail_src":"","quantity_min":1,"quantity_max":1,"priced_individually":false,"shipped_individually":false,"optional":false,"discount":"","options_style":"radios","pagination_style":"classic","display_prices":"absolute","show_sorting_options":false,"show_filtering_options":false,"attribute_filter_ids":[],"product_title_visible":false,"product_descr_visible":false,"product_price_visible":false,"product_thumb_visible":false,"subtotal_visible_product":false,"subtotal_visible_cart":false,"subtotal_visible_orders":false},{"id":"1675338037","title":"Anneau d\u00e9coratif","description":"","query_type":"product_ids","query_ids":[57947],"default_option_id":57947,"thumbnail_id":"","thumbnail_src":"","quantity_min":1,"quantity_max":1,"priced_individually":false,"shipped_individually":false,"optional":false,"discount":"","options_style":"radios","pagination_style":"classic","display_prices":"absolute","show_sorting_options":false,"show_filtering_options":false,"attribute_filter_ids":[],"product_title_visible":false,"product_descr_visible":false,"product_price_visible":false,"product_thumb_visible":false,"subtotal_visible_product":false,"subtotal_visible_cart":false,"subtotal_visible_orders":false},{"id":"1721993818","title":"Module de gestion PUSH des produits DALI","description":"","query_type":"product_ids","query_ids":[57768],"default_option_id":57768,"thumbnail_id":"","thumbnail_src":"","quantity_min":1,"quantity_max":1,"priced_individually":false,"shipped_individually":false,"optional":false,"discount":"","options_style":"radios","pagination_style":"classic","display_prices":"absolute","show_sorting_options":false,"show_filtering_options":false,"attribute_filter_ids":[],"product_title_visible":false,"product_descr_visible":false,"product_price_visible":false,"product_thumb_visible":false,"subtotal_visible_product":false,"subtotal_visible_cart":false,"subtotal_visible_orders":false}],"composite_scenarios":[{"id":"1675265291","name":"r2","description":"","configuration":[{"component_id":"1675264271","options_modifier":"in","component_options":[18589]}],"actions":[{"action_id":"compat_group","is_active":false},{"action_id":"conditional_components","is_active":false,"hidden_components":[]},{"action_id":"conditional_options","is_active":true,"hidden_options":[{"component_id":"1675264272","component_options":[19028,19029],"options_modifier":"in"}]}],"enabled":true},{"id":"1675265386","name":"r2 ww","description":"","configuration":[{"component_id":"1675264271","options_modifier":"in","component_options":[24463]}],"actions":[{"action_id":"compat_group","is_active":false},{"action_id":"conditional_components","is_active":true,"hidden_components":{"0":"1675265247","1":"1675265248","2":"1675265249","3":"1675269697","5":"1675338037"}},{"action_id":"conditional_options","is_active":true,"hidden_options":[{"component_id":"1675264272","component_options":[19025,19026,19027],"options_modifier":"in"},{"component_id":"1675265243","component_options":[18444],"options_modifier":"in"},{"component_id":"1675338037","component_options":[-1],"options_modifier":"not-in"}]}],"enabled":true},{"id":"1675265591","name":"potenza r2","description":"","configuration":[{"component_id":"1675264272","options_modifier":"in","component_options":[19025,19026,19027]}],"actions":[{"action_id":"compat_group","is_active":false},{"action_id":"conditional_components","is_active":false,"hidden_components":[]},{"action_id":"conditional_options","is_active":true,"hidden_options":[{"component_id":"1675264271","component_options":[24463],"options_modifier":"in"}]}],"enabled":true},{"id":"1675265592","name":"potenza r2 ww","description":"","configuration":[{"component_id":"1675264272","options_modifier":"in","component_options":[19028,19029]}],"actions":[{"action_id":"compat_group","is_active":false},{"action_id":"conditional_components","is_active":true,"hidden_components":{"0":"1675265247","1":"1675265248","2":"1675265249","3":"1675269697","5":"1675338037"}},{"action_id":"conditional_options","is_active":true,"hidden_options":[{"component_id":"1675264271","component_options":[18589],"options_modifier":"in"},{"component_id":"1675265243","component_options":[18444],"options_modifier":"in"}]}],"enabled":true},{"id":"1675338658","name":"12\/18w","description":"","configuration":[{"component_id":"1675264272","options_modifier":"in","component_options":[19025,19026]}],"actions":[{"action_id":"compat_group","is_active":false},{"action_id":"conditional_components","is_active":false,"hidden_components":[]},{"action_id":"conditional_options","is_active":true,"hidden_options":[{"component_id":"1675265248","component_options":[22428],"options_modifier":"in"},{"component_id":"1675265249","component_options":[50483,18816,18839],"options_modifier":"in"}]}],"enabled":true},{"id":"1675338659","name":"25w","description":"","configuration":[{"component_id":"1675264272","options_modifier":"in","component_options":[19027]}],"actions":[{"action_id":"compat_group","is_active":false},{"action_id":"conditional_components","is_active":false,"hidden_components":[]},{"action_id":"conditional_options","is_active":true,"hidden_options":[{"component_id":"1675265248","component_options":[22424],"options_modifier":"in"},{"component_id":"1675265249","component_options":[22436,50473,50478],"options_modifier":"in"}]}],"enabled":true},{"id":"1675266648","name":"controllo r2","description":"","configuration":[{"component_id":"1675265243","options_modifier":"in","component_options":[18444]}],"actions":[{"action_id":"compat_group","is_active":false},{"action_id":"conditional_components","is_active":false,"hidden_components":[]},{"action_id":"conditional_options","is_active":true,"hidden_options":[{"component_id":"1675264271","component_options":[24463],"options_modifier":"in"},{"component_id":"1675264272","component_options":[19028,19029],"options_modifier":"in"}]}],"enabled":true},{"id":"1675269915","name":"ottica pmma","description":"","configuration":[{"component_id":"1675265248","options_modifier":"in","component_options":[22424]}],"actions":[{"action_id":"compat_group","is_active":false},{"action_id":"conditional_components","is_active":false,"hidden_components":[]},{"action_id":"conditional_options","is_active":true,"hidden_options":[{"component_id":"1675264272","component_options":[19027],"options_modifier":"in"},{"component_id":"1675265249","component_options":[50483,18816,18839,24470],"options_modifier":"in"}]}],"enabled":true},{"id":"1675269916","name":"ottica all.","description":"","configuration":[{"component_id":"1675265248","options_modifier":"in","component_options":[22428]}],"actions":[{"action_id":"compat_group","is_active":false},{"action_id":"conditional_components","is_active":false,"hidden_components":[]},{"action_id":"conditional_options","is_active":true,"hidden_options":[{"component_id":"1675264272","component_options":[19025,19026],"options_modifier":"in"},{"component_id":"1675265249","component_options":[22436,50473,50478,24470],"options_modifier":"in"}]}],"enabled":true},{"id":"1675269917","name":"zoom","description":"","configuration":[{"component_id":"1675265248","options_modifier":"in","component_options":[24474]}],"actions":[{"action_id":"compat_group","is_active":false},{"action_id":"conditional_components","is_active":true,"hidden_components":{"0":"1675269697","2":"1675338037"}},{"action_id":"conditional_options","is_active":true,"hidden_options":[{"component_id":"1675265249","component_options":[-1,24470],"options_modifier":"not-in"},{"component_id":"1675338037","component_options":[-1],"options_modifier":"not-in"}]}],"enabled":true},{"id":"1721994161","name":"no modulo push","description":"","configuration":[{"component_id":"1675265243","options_modifier":"in","component_options":[18444,18492,18471]}],"actions":[{"action_id":"compat_group","is_active":false},{"action_id":"conditional_components","is_active":true,"hidden_components":["1721993818"]},{"action_id":"conditional_options","is_active":false,"hidden_options":[]}],"enabled":true}],"bundled_by":[],"bundle_stock_status":"instock","bundle_stock_quantity":null,"bundle_virtual":false,"bundle_layout":"","bundle_add_to_cart_form_location":"","bundle_editable_in_cart":false,"bundle_sold_individually_context":"","bundle_item_grouping":"","bundle_min_size":"","bundle_max_size":"","bundled_items":[],"bundle_sell_ids":[],"acf":[],"yoast_head":"<!-- This site is optimized with the Yoast SEO plugin v27.5 - https:\/\/yoast.com\/product\/yoast-seo-wordpress\/ -->\n<title>R2 48 | Exenia<\/title>\n<meta name=\"robots\" content=\"noindex, follow, max-snippet:-1, max-image-preview:large, max-video-preview:-1\" \/>\n<meta property=\"og:locale\" content=\"fr_FR\" \/>\n<meta property=\"og:type\" content=\"article\" \/>\n<meta property=\"og:title\" content=\"R2 48 | Exenia\" \/>\n<meta property=\"og:description\" content=\"Projecteur LED innovant, la conception sp\u00e9ciale de la chambre de...\" \/>\n<meta property=\"og:url\" content=\"https:\/\/restyling.exenia.eu\/prodotto\/r2-48\/\" \/>\n<meta property=\"og:site_name\" content=\"Exenia\" \/>\n<meta property=\"article:publisher\" content=\"https:\/\/www.facebook.com\/exenialighting\" \/>\n<meta property=\"article:modified_time\" content=\"2023-11-21T09:00:39+00:00\" \/>\n<meta property=\"og:image\" content=\"https:\/\/restyling.exenia.eu\/wp-content\/uploads\/2022\/11\/R2-230-prodotto.jpg\" \/>\n\t<meta property=\"og:image:width\" content=\"2000\" \/>\n\t<meta property=\"og:image:height\" content=\"1919\" \/>\n\t<meta property=\"og:image:type\" content=\"image\/jpeg\" \/>\n<!-- \/ Yoast SEO plugin. -->","yoast_head_json":{"title":"R2 48 | Exenia","robots":{"index":"noindex","follow":"follow","max-snippet":"max-snippet:-1","max-image-preview":"max-image-preview:large","max-video-preview":"max-video-preview:-1"},"og_locale":"fr_FR","og_type":"article","og_title":"R2 48 | Exenia","og_description":"Projecteur LED innovant, la conception sp\u00e9ciale de la chambre de...","og_url":"https:\/\/restyling.exenia.eu\/prodotto\/r2-48\/","og_site_name":"Exenia","article_publisher":"https:\/\/www.facebook.com\/exenialighting","article_modified_time":"2023-11-21T09:00:39+00:00","og_image":[{"width":2000,"height":1919,"url":"https:\/\/restyling.exenia.eu\/wp-content\/uploads\/2022\/11\/R2-230-prodotto.jpg","type":"image\/jpeg"}],"schema":{"@context":"https:\/\/schema.org","@graph":[{"@type":"WebPage","@id":"https:\/\/restyling.exenia.eu\/prodotto\/r2-48\/","url":"https:\/\/restyling.exenia.eu\/prodotto\/r2-48\/","name":"R2 48 | Exenia","isPartOf":{"@id":"https:\/\/restyling.exenia.eu\/#website"},"primaryImageOfPage":{"@id":"https:\/\/restyling.exenia.eu\/prodotto\/r2-48\/#primaryimage"},"image":{"@id":"https:\/\/restyling.exenia.eu\/prodotto\/r2-48\/#primaryimage"},"thumbnailUrl":"https:\/\/restyling.exenia.eu\/wp-content\/uploads\/2022\/11\/R2-230-prodotto.jpg","datePublished":"2023-11-21T08:56:56+00:00","dateModified":"2023-11-21T09:00:39+00:00","breadcrumb":{"@id":"https:\/\/restyling.exenia.eu\/prodotto\/r2-48\/#breadcrumb"},"inLanguage":"fr-FR","potentialAction":[{"@type":"ReadAction","target":["https:\/\/restyling.exenia.eu\/prodotto\/r2-48\/"]}]},{"@type":"ImageObject","inLanguage":"fr-FR","@id":"https:\/\/restyling.exenia.eu\/prodotto\/r2-48\/#primaryimage","url":"https:\/\/restyling.exenia.eu\/wp-content\/uploads\/2022\/11\/R2-230-prodotto.jpg","contentUrl":"https:\/\/restyling.exenia.eu\/wp-content\/uploads\/2022\/11\/R2-230-prodotto.jpg","width":2000,"height":1919},{"@type":"BreadcrumbList","@id":"https:\/\/restyling.exenia.eu\/prodotto\/r2-48\/#breadcrumb","itemListElement":[{"@type":"ListItem","position":1,"name":"Home","item":"https:\/\/restyling.exenia.eu\/"},{"@type":"ListItem","position":2,"name":"Produits","item":"https:\/\/restyling.exenia.eu\/prodotti\/"},{"@type":"ListItem","position":3,"name":"Indoor","item":"https:\/\/restyling.exenia.eu\/c\/indoor\/"},{"@type":"ListItem","position":4,"name":"Apparecchi per sistemi\/binari elettrificati","item":"https:\/\/restyling.exenia.eu\/c\/indoor\/apparecchi-per-sistemi-binari-elettrificati\/"},{"@type":"ListItem","position":5,"name":"48 V","item":"https:\/\/restyling.exenia.eu\/c\/indoor\/apparecchi-per-sistemi-binari-elettrificati\/48-v\/"},{"@type":"ListItem","position":6,"name":"Tutti gli apparecchi 48","item":"https:\/\/restyling.exenia.eu\/c\/indoor\/apparecchi-per-sistemi-binari-elettrificati\/48-v\/tutti-gli-apparecchi-48\/"},{"@type":"ListItem","position":7,"name":"R2","item":"https:\/\/restyling.exenia.eu\/c\/indoor\/apparecchi-per-sistemi-binari-elettrificati\/48-v\/tutti-gli-apparecchi-48\/r2\/"},{"@type":"ListItem","position":8,"name":"R2 48"}]},{"@type":"WebSite","@id":"https:\/\/restyling.exenia.eu\/#website","url":"https:\/\/restyling.exenia.eu\/","name":"Exenia","description":"","publisher":{"@id":"https:\/\/restyling.exenia.eu\/#organization"},"potentialAction":[{"@type":"SearchAction","target":{"@type":"EntryPoint","urlTemplate":"https:\/\/restyling.exenia.eu\/?s={search_term_string}"},"query-input":{"@type":"PropertyValueSpecification","valueRequired":true,"valueName":"search_term_string"}}],"inLanguage":"fr-FR"},{"@type":"Organization","@id":"https:\/\/restyling.exenia.eu\/#organization","name":"Exenia","url":"https:\/\/restyling.exenia.eu\/","logo":{"@type":"ImageObject","inLanguage":"fr-FR","@id":"https:\/\/restyling.exenia.eu\/#\/schema\/logo\/image\/","url":"https:\/\/restyling.exenia.eu\/wp-content\/uploads\/2022\/09\/logo_exenia-e1678467519405.png","contentUrl":"https:\/\/restyling.exenia.eu\/wp-content\/uploads\/2022\/09\/logo_exenia-e1678467519405.png","width":600,"height":194,"caption":"Exenia"},"image":{"@id":"https:\/\/restyling.exenia.eu\/#\/schema\/logo\/image\/"},"sameAs":["https:\/\/www.facebook.com\/exenialighting","https:\/\/x.com\/ExeniaLighting"]}]}},"_links":{"self":[{"href":"https:\/\/restyling.exenia.eu\/fr\/wp-json\/wp\/v2\/product\/27142","targetHints":{"allow":["GET"]}}],"collection":[{"href":"https:\/\/restyling.exenia.eu\/fr\/wp-json\/wp\/v2\/product"}],"about":[{"href":"https:\/\/restyling.exenia.eu\/fr\/wp-json\/wp\/v2\/types\/product"}],"wp:featuredmedia":[{"embeddable":true,"href":"https:\/\/restyling.exenia.eu\/fr\/wp-json\/wp\/v2\/media\/44339"}],"wp:attachment":[{"href":"https:\/\/restyling.exenia.eu\/fr\/wp-json\/wp\/v2\/media?parent=27142"}],"wp:term":[{"taxonomy":"product_brand","embeddable":true,"href":"https:\/\/restyling.exenia.eu\/fr\/wp-json\/wp\/v2\/product_brand?post=27142"},{"taxonomy":"product_cat","embeddable":true,"href":"https:\/\/restyling.exenia.eu\/fr\/wp-json\/wp\/v2\/product_cat?post=27142"},{"taxonomy":"product_tag","embeddable":true,"href":"https:\/\/restyling.exenia.eu\/fr\/wp-json\/wp\/v2\/product_tag?post=27142"},{"taxonomy":"categoria-admin-prodotto","embeddable":true,"href":"https:\/\/restyling.exenia.eu\/fr\/wp-json\/wp\/v2\/categoria-admin-prodotto?post=27142"}],"curies":[{"name":"wp","href":"https:\/\/api.w.org\/{rel}","templated":true}]}}