{"id":27169,"date":"2022-11-24T09:51:15","date_gmt":"2022-11-24T08:51:15","guid":{"rendered":"https:\/\/www.exenia.eu\/prodotto\/speedy-2\/"},"modified":"2023-06-13T14:39:26","modified_gmt":"2023-06-13T12:39:26","slug":"speedy","status":"publish","type":"product","link":"https:\/\/restyling.exenia.eu\/fr\/produit\/speedy\/","title":{"rendered":"Speedy"},"content":{"rendered":"<p>L&rsquo;unit\u00e9 d&rsquo;\u00e9clairage lin\u00e9aire \u00e0 LED pour le syst\u00e8me Track 48. A encastrer dans le rail pour un \u00e9clairage indirect ou direct, il assure une diffusion de lumi\u00e8re douce avec un faisceau transversal d&rsquo;environ 120\u00b0. La borne de connexion se trouve \u00e0 une extr\u00e9mit\u00e9, l&rsquo;autre extr\u00e9mit\u00e9 est libre et \u00e9met de la lumi\u00e8re. Il est disponible dans une gamme de puissances et de longueurs diff\u00e9rentes, en version dimmable ou on-off. Son \u00e9mission typique, uniforme et continue, peut \u00eatre affin\u00e9e par un \u00e9cran opalin additif, afin de maximiser la diffusion, ou par un \u00e9cran microprismatique pour contr\u00f4ler la luminance en cas d&rsquo;\u00e9clairage direct.<\/p>\n<p>Non compatible avec la piste 48 Tube.<\/p>\n","protected":false},"excerpt":{"rendered":"<p>L&rsquo;unit\u00e9 d&rsquo;\u00e9clairage lin\u00e9aire \u00e0 LED pour le syst\u00e8me Track 48&#8230;.<\/p>\n","protected":false},"featured_media":12610,"template":"","meta":{"_acf_changed":false},"product_brand":[],"product_cat":[6614,6619,6624,6634,6639,6647,2691],"product_tag":[8583,8586,8591,8593,8598,8602],"categoria-admin-prodotto":[],"class_list":{"0":"post-27169","1":"product","2":"type-product","3":"status-publish","4":"has-post-thumbnail","6":"product_cat-luminaires-track-48-fr","7":"product_cat-luminaires-track-48-evo","8":"product_cat-luminaires-track-48-trimless","9":"product_cat-luminaires-track-48-twin","10":"product_cat-luminaires-track-48-rt","11":"product_cat-tous-les-luminaires-pour-48-fr","12":"product_cat-speedy-luminaires-pour-pistes","13":"product_tag-71675-fr","14":"product_tag-71674-fr","15":"product_tag-71673-fr","16":"product_tag-71672-fr","17":"product_tag-71671-fr","18":"product_tag-71670-fr","19":"pa_cct-2700k-fr","20":"pa_cct-3000k-fr","21":"pa_cct-4000k-fr","22":"pa_certificazione-conformita-ce-fr","23":"pa_classe-f-oui","24":"pa_cri-85-fr","25":"pa_grado-ip-ip40-fr","26":"pa_lifetime-l80b10-36-000-h-fr","27":"pa_temperatura-di-esercizio-10-30-fr","29":"first","30":"instock","31":"purchasable","32":"product-type-composite"},"composite_virtual":false,"composite_layout":"single","composite_add_to_cart_form_location":"default","composite_editable_in_cart":false,"composite_sold_individually_context":"product","composite_shop_price_calc":"defaults","composite_components":[{"id":"1674221752","title":"Corps du luminaire","description":"","query_type":"product_ids","query_ids":[18595],"default_option_id":18595,"thumbnail_id":"","thumbnail_src":"","quantity_min":1,"quantity_max":1,"priced_individually":false,"shipped_individually":false,"optional":false,"discount":"","options_style":"radios","pagination_style":"classic","display_prices":"absolute","show_sorting_options":false,"show_filtering_options":false,"attribute_filter_ids":[],"product_title_visible":false,"product_descr_visible":false,"product_price_visible":false,"product_thumb_visible":false,"subtotal_visible_product":false,"subtotal_visible_cart":false,"subtotal_visible_orders":false},{"id":"1674221753","title":"Version","description":"","query_type":"product_ids","query_ids":[19118,19134,19122,19127,19130,19133],"default_option_id":"","thumbnail_id":"","thumbnail_src":"","quantity_min":1,"quantity_max":1,"priced_individually":false,"shipped_individually":false,"optional":true,"discount":"","options_style":"radios","pagination_style":"classic","display_prices":"absolute","show_sorting_options":false,"show_filtering_options":false,"attribute_filter_ids":[],"product_title_visible":false,"product_descr_visible":false,"product_price_visible":false,"product_thumb_visible":false,"subtotal_visible_product":false,"subtotal_visible_cart":false,"subtotal_visible_orders":false},{"id":"1674221754","title":"Contr\u00f4le","description":"","query_type":"product_ids","query_ids":[18447,53446],"default_option_id":"","thumbnail_id":"","thumbnail_src":"","quantity_min":1,"quantity_max":1,"priced_individually":false,"shipped_individually":false,"optional":true,"discount":"","options_style":"radios","pagination_style":"classic","display_prices":"absolute","show_sorting_options":false,"show_filtering_options":false,"attribute_filter_ids":[],"product_title_visible":false,"product_descr_visible":true,"product_price_visible":false,"product_thumb_visible":false,"subtotal_visible_product":false,"subtotal_visible_cart":false,"subtotal_visible_orders":false},{"id":"1674221755","title":"Finition","description":"","query_type":"product_ids","query_ids":[18713,18717],"default_option_id":"","thumbnail_id":"","thumbnail_src":"","quantity_min":1,"quantity_max":1,"priced_individually":false,"shipped_individually":false,"optional":true,"discount":"","options_style":"radios","pagination_style":"classic","display_prices":"absolute","show_sorting_options":false,"show_filtering_options":false,"attribute_filter_ids":[],"product_title_visible":false,"product_descr_visible":false,"product_price_visible":false,"product_thumb_visible":false,"subtotal_visible_product":false,"subtotal_visible_cart":false,"subtotal_visible_orders":false},{"id":"1674221756","title":"CRI et CCT","description":"","query_type":"product_ids","query_ids":[18647,18655,18648],"default_option_id":"","thumbnail_id":"","thumbnail_src":"","quantity_min":1,"quantity_max":1,"priced_individually":false,"shipped_individually":false,"optional":true,"discount":"","options_style":"radios","pagination_style":"classic","display_prices":"absolute","show_sorting_options":false,"show_filtering_options":false,"attribute_filter_ids":[],"product_title_visible":false,"product_descr_visible":false,"product_price_visible":false,"product_thumb_visible":false,"subtotal_visible_product":false,"subtotal_visible_cart":false,"subtotal_visible_orders":false},{"id":"1674221877","title":"A commander s\u00e9par\u00e9ment ","description":"","query_type":"product_ids","query_ids":[7634],"default_option_id":"","thumbnail_id":"","thumbnail_src":"","quantity_min":1,"quantity_max":1,"priced_individually":false,"shipped_individually":false,"optional":true,"discount":"","options_style":"radios","pagination_style":"classic","display_prices":"absolute","show_sorting_options":false,"show_filtering_options":false,"attribute_filter_ids":[],"product_title_visible":false,"product_descr_visible":false,"product_price_visible":false,"product_thumb_visible":false,"subtotal_visible_product":false,"subtotal_visible_cart":false,"subtotal_visible_orders":false},{"id":"1677781182","title":"Diffuseur","description":"","query_type":"product_ids","query_ids":[43062,43058],"default_option_id":"","thumbnail_id":"","thumbnail_src":"","quantity_min":1,"quantity_max":1,"priced_individually":false,"shipped_individually":false,"optional":true,"discount":"","options_style":"radios","pagination_style":"classic","display_prices":"absolute","show_sorting_options":false,"show_filtering_options":false,"attribute_filter_ids":[],"product_title_visible":false,"product_descr_visible":true,"product_price_visible":false,"product_thumb_visible":true,"subtotal_visible_product":false,"subtotal_visible_cart":false,"subtotal_visible_orders":false},{"id":"1677781619","title":"Longueur du diffuseur","description":"","query_type":"product_ids","query_ids":[43074,43078,43082,43086,43090,43094],"default_option_id":"","thumbnail_id":"","thumbnail_src":"","quantity_min":1,"quantity_max":1,"priced_individually":false,"shipped_individually":false,"optional":true,"discount":"","options_style":"radios","pagination_style":"classic","display_prices":"absolute","show_sorting_options":false,"show_filtering_options":false,"attribute_filter_ids":[],"product_title_visible":false,"product_descr_visible":false,"product_price_visible":false,"product_thumb_visible":false,"subtotal_visible_product":false,"subtotal_visible_cart":false,"subtotal_visible_orders":false},{"id":"1677781620","title":"S\u00e9lectionner pour activer l&#039;accessoire","description":"","query_type":"product_ids","query_ids":[7634],"default_option_id":"","thumbnail_id":"","thumbnail_src":"","quantity_min":1,"quantity_max":1,"priced_individually":false,"shipped_individually":false,"optional":true,"discount":"","options_style":"radios","pagination_style":"classic","display_prices":"absolute","show_sorting_options":false,"show_filtering_options":false,"attribute_filter_ids":[],"product_title_visible":false,"product_descr_visible":false,"product_price_visible":false,"product_thumb_visible":false,"subtotal_visible_product":false,"subtotal_visible_cart":false,"subtotal_visible_orders":false},{"id":"1677780534","title":"Accessoire","description":"","query_type":"product_ids","query_ids":[43065],"default_option_id":43065,"thumbnail_id":"","thumbnail_src":"","quantity_min":1,"quantity_max":1,"priced_individually":false,"shipped_individually":false,"optional":false,"discount":"","options_style":"radios","pagination_style":"classic","display_prices":"absolute","show_sorting_options":false,"show_filtering_options":false,"attribute_filter_ids":[],"product_title_visible":false,"product_descr_visible":true,"product_price_visible":false,"product_thumb_visible":true,"subtotal_visible_product":false,"subtotal_visible_cart":false,"subtotal_visible_orders":false},{"id":"1721995231","title":"Module de gestion PUSH des produits DALI","description":"","query_type":"product_ids","query_ids":[57768],"default_option_id":57768,"thumbnail_id":"","thumbnail_src":"","quantity_min":1,"quantity_max":1,"priced_individually":false,"shipped_individually":false,"optional":false,"discount":"","options_style":"radios","pagination_style":"classic","display_prices":"absolute","show_sorting_options":false,"show_filtering_options":false,"attribute_filter_ids":[],"product_title_visible":false,"product_descr_visible":false,"product_price_visible":false,"product_thumb_visible":false,"subtotal_visible_product":false,"subtotal_visible_cart":false,"subtotal_visible_orders":false}],"composite_scenarios":[{"id":"1674584118","name":"VERSIONE ON-OFF","description":"","configuration":[{"component_id":"1674221753","options_modifier":"in","component_options":[19118,19127,19133]}],"actions":[{"action_id":"compat_group","is_active":false},{"action_id":"conditional_components","is_active":false,"hidden_components":[]},{"action_id":"conditional_options","is_active":true,"hidden_options":[{"component_id":"1674221754","component_options":[53446],"options_modifier":"in"}]}],"enabled":true},{"id":"1674584119","name":"VERSIONE DALI","description":"","configuration":[{"component_id":"1674221753","options_modifier":"in","component_options":[19134,19122,19130]}],"actions":[{"action_id":"compat_group","is_active":false},{"action_id":"conditional_components","is_active":false,"hidden_components":[]},{"action_id":"conditional_options","is_active":true,"hidden_options":[{"component_id":"1674221754","component_options":[18447],"options_modifier":"in"}]}],"enabled":true},{"id":"1674584120","name":"ON-OFF CONTROLLO","description":"","configuration":[{"component_id":"1674221754","options_modifier":"in","component_options":[18447]}],"actions":[{"action_id":"compat_group","is_active":false},{"action_id":"conditional_components","is_active":false,"hidden_components":[]},{"action_id":"conditional_options","is_active":true,"hidden_options":[{"component_id":"1674221753","component_options":[19134,19122,19130],"options_modifier":"in"}]}],"enabled":true},{"id":"1674584121","name":"DALI CONTROLLO","description":"","configuration":[{"component_id":"1674221754","options_modifier":"in","component_options":[53446]}],"actions":[{"action_id":"compat_group","is_active":false},{"action_id":"conditional_components","is_active":false,"hidden_components":[]},{"action_id":"conditional_options","is_active":true,"hidden_options":[{"component_id":"1674221753","component_options":[19118,19127,19133],"options_modifier":"in"}]}],"enabled":true},{"id":"1677781707","name":"no cavi passanti","description":"","configuration":[{"component_id":"1677781620","options_modifier":"in","component_options":[-1]}],"actions":[{"action_id":"compat_group","is_active":false},{"action_id":"conditional_components","is_active":true,"hidden_components":["1677780534"]},{"action_id":"conditional_options","is_active":true,"hidden_options":[{"component_id":"1677780534","component_options":[-1],"options_modifier":"not-in"}]}],"enabled":true},{"id":"1677781732","name":"no diff","description":"","configuration":[{"component_id":"1674221877","options_modifier":"in","component_options":[-1]}],"actions":[{"action_id":"compat_group","is_active":false},{"action_id":"conditional_components","is_active":true,"hidden_components":["1677781182","1677781619"]},{"action_id":"conditional_options","is_active":false,"hidden_options":[]}],"enabled":true},{"id":"1677782268","name":"830","description":"","configuration":[{"component_id":"1674221753","options_modifier":"in","component_options":[19118]},{"component_id":"1674221877","options_modifier":"in","component_options":[7634]}],"actions":[{"action_id":"compat_group","is_active":false},{"action_id":"conditional_components","is_active":false,"hidden_components":[]},{"action_id":"conditional_options","is_active":true,"hidden_options":[{"component_id":"1674221754","component_options":[53446],"options_modifier":"in"},{"component_id":"1677781619","component_options":[-1,43074],"options_modifier":"not-in"}]}],"enabled":true},{"id":"1677782269","name":"1500","description":"","configuration":[{"component_id":"1674221753","options_modifier":"in","component_options":[19134]},{"component_id":"1674221877","options_modifier":"in","component_options":[7634]}],"actions":[{"action_id":"compat_group","is_active":false},{"action_id":"conditional_components","is_active":false,"hidden_components":[]},{"action_id":"conditional_options","is_active":true,"hidden_options":[{"component_id":"1674221754","component_options":[18447],"options_modifier":"in"},{"component_id":"1677781619","component_options":[-1,43078],"options_modifier":"not-in"}]}],"enabled":true},{"id":"1677782270","name":"1800","description":"","configuration":[{"component_id":"1674221753","options_modifier":"in","component_options":[19122]},{"component_id":"1674221877","options_modifier":"in","component_options":[7634]}],"actions":[{"action_id":"compat_group","is_active":false},{"action_id":"conditional_components","is_active":false,"hidden_components":[]},{"action_id":"conditional_options","is_active":true,"hidden_options":[{"component_id":"1674221754","component_options":[18447],"options_modifier":"in"},{"component_id":"1677781619","component_options":[-1,43082],"options_modifier":"not-in"}]}],"enabled":true},{"id":"1677782271","name":"1830","description":"","configuration":[{"component_id":"1674221753","options_modifier":"in","component_options":[19127]},{"component_id":"1674221877","options_modifier":"in","component_options":[7634]}],"actions":[{"action_id":"compat_group","is_active":false},{"action_id":"conditional_components","is_active":false,"hidden_components":[]},{"action_id":"conditional_options","is_active":true,"hidden_options":[{"component_id":"1674221754","component_options":[53446],"options_modifier":"in"},{"component_id":"1677781619","component_options":[-1,43086],"options_modifier":"not-in"}]}],"enabled":true},{"id":"1677782272","name":"2700","description":"","configuration":[{"component_id":"1674221753","options_modifier":"in","component_options":[19130]},{"component_id":"1674221877","options_modifier":"in","component_options":[7634]}],"actions":[{"action_id":"compat_group","is_active":false},{"action_id":"conditional_components","is_active":false,"hidden_components":[]},{"action_id":"conditional_options","is_active":true,"hidden_options":[{"component_id":"1674221754","component_options":[18447],"options_modifier":"in"},{"component_id":"1677781619","component_options":[-1,43090],"options_modifier":"not-in"}]}],"enabled":true},{"id":"1677782273","name":"2830","description":"","configuration":[{"component_id":"1674221753","options_modifier":"in","component_options":[19133]},{"component_id":"1674221877","options_modifier":"in","component_options":[7634]}],"actions":[{"action_id":"compat_group","is_active":false},{"action_id":"conditional_components","is_active":false,"hidden_components":[]},{"action_id":"conditional_options","is_active":true,"hidden_options":[{"component_id":"1674221754","component_options":[53446],"options_modifier":"in"},{"component_id":"1677781619","component_options":[-1,43094],"options_modifier":"not-in"}]}],"enabled":true},{"id":"1721995337","name":"no controllo push","description":"","configuration":[{"component_id":"1674221754","options_modifier":"in","component_options":[18447]}],"actions":[{"action_id":"compat_group","is_active":false},{"action_id":"conditional_components","is_active":true,"hidden_components":["1721995231"]},{"action_id":"conditional_options","is_active":false,"hidden_options":[]}],"enabled":true}],"bundled_by":[],"bundle_stock_status":"instock","bundle_stock_quantity":null,"bundle_virtual":false,"bundle_layout":"","bundle_add_to_cart_form_location":"","bundle_editable_in_cart":false,"bundle_sold_individually_context":"","bundle_item_grouping":"","bundle_min_size":"","bundle_max_size":"","bundled_items":[],"bundle_sell_ids":[],"acf":[],"yoast_head":"<!-- This site is optimized with the Yoast SEO plugin v27.4 - https:\/\/yoast.com\/product\/yoast-seo-wordpress\/ -->\n<title>Speedy | Exenia<\/title>\n<meta name=\"robots\" content=\"noindex, follow, max-snippet:-1, max-image-preview:large, max-video-preview:-1\" \/>\n<meta property=\"og:locale\" content=\"fr_FR\" \/>\n<meta property=\"og:type\" content=\"article\" \/>\n<meta property=\"og:title\" content=\"Speedy | Exenia\" \/>\n<meta property=\"og:description\" content=\"L&rsquo;unit\u00e9 d&rsquo;\u00e9clairage lin\u00e9aire \u00e0 LED pour le syst\u00e8me Track 48....\" \/>\n<meta property=\"og:url\" content=\"https:\/\/restyling.exenia.eu\/fr\/produit\/speedy\/\" \/>\n<meta property=\"og:site_name\" content=\"Exenia\" \/>\n<meta property=\"article:publisher\" content=\"https:\/\/www.facebook.com\/exenialighting\" \/>\n<meta property=\"article:modified_time\" content=\"2023-06-13T12:39:26+00:00\" \/>\n<meta property=\"og:image\" content=\"https:\/\/restyling.exenia.eu\/wp-content\/uploads\/2023\/01\/Speedy-prodotto.jpg\" \/>\n\t<meta property=\"og:image:width\" content=\"2000\" \/>\n\t<meta property=\"og:image:height\" content=\"1919\" \/>\n\t<meta property=\"og:image:type\" content=\"image\/jpeg\" \/>\n<!-- \/ Yoast SEO plugin. -->","yoast_head_json":{"title":"Speedy | Exenia","robots":{"index":"noindex","follow":"follow","max-snippet":"max-snippet:-1","max-image-preview":"max-image-preview:large","max-video-preview":"max-video-preview:-1"},"og_locale":"fr_FR","og_type":"article","og_title":"Speedy | Exenia","og_description":"L&rsquo;unit\u00e9 d&rsquo;\u00e9clairage lin\u00e9aire \u00e0 LED pour le syst\u00e8me Track 48....","og_url":"https:\/\/restyling.exenia.eu\/fr\/produit\/speedy\/","og_site_name":"Exenia","article_publisher":"https:\/\/www.facebook.com\/exenialighting","article_modified_time":"2023-06-13T12:39:26+00:00","og_image":[{"width":2000,"height":1919,"url":"https:\/\/restyling.exenia.eu\/wp-content\/uploads\/2023\/01\/Speedy-prodotto.jpg","type":"image\/jpeg"}],"schema":{"@context":"https:\/\/schema.org","@graph":[{"@type":"WebPage","@id":"https:\/\/restyling.exenia.eu\/fr\/produit\/speedy\/","url":"https:\/\/restyling.exenia.eu\/fr\/produit\/speedy\/","name":"Speedy | Exenia","isPartOf":{"@id":"https:\/\/restyling.exenia.eu\/#website"},"primaryImageOfPage":{"@id":"https:\/\/restyling.exenia.eu\/fr\/produit\/speedy\/#primaryimage"},"image":{"@id":"https:\/\/restyling.exenia.eu\/fr\/produit\/speedy\/#primaryimage"},"thumbnailUrl":"https:\/\/restyling.exenia.eu\/wp-content\/uploads\/2023\/01\/Speedy-prodotto.jpg","datePublished":"2022-11-24T08:51:15+00:00","dateModified":"2023-06-13T12:39:26+00:00","breadcrumb":{"@id":"https:\/\/restyling.exenia.eu\/fr\/produit\/speedy\/#breadcrumb"},"inLanguage":"fr-FR","potentialAction":[{"@type":"ReadAction","target":["https:\/\/restyling.exenia.eu\/fr\/produit\/speedy\/"]}]},{"@type":"ImageObject","inLanguage":"fr-FR","@id":"https:\/\/restyling.exenia.eu\/fr\/produit\/speedy\/#primaryimage","url":"https:\/\/restyling.exenia.eu\/wp-content\/uploads\/2023\/01\/Speedy-prodotto.jpg","contentUrl":"https:\/\/restyling.exenia.eu\/wp-content\/uploads\/2023\/01\/Speedy-prodotto.jpg","width":2000,"height":1919},{"@type":"BreadcrumbList","@id":"https:\/\/restyling.exenia.eu\/fr\/produit\/speedy\/#breadcrumb","itemListElement":[{"@type":"ListItem","position":1,"name":"Home","item":"https:\/\/restyling.exenia.eu\/"},{"@type":"ListItem","position":2,"name":"Produits","item":"https:\/\/restyling.exenia.eu\/prodotti\/"},{"@type":"ListItem","position":3,"name":"Indoor","item":"https:\/\/restyling.exenia.eu\/fr\/c\/indoor\/"},{"@type":"ListItem","position":4,"name":"Luminaires pour syst\u00e8mes\/pistes","item":"https:\/\/restyling.exenia.eu\/fr\/c\/indoor\/luminaires-pour-systemes-pistes\/"},{"@type":"ListItem","position":5,"name":"48 V","item":"https:\/\/restyling.exenia.eu\/fr\/c\/indoor\/luminaires-pour-systemes-pistes\/48-v-fr\/"},{"@type":"ListItem","position":6,"name":"Tous les luminaires pour 48","item":"https:\/\/restyling.exenia.eu\/fr\/c\/indoor\/luminaires-pour-systemes-pistes\/48-v-fr\/tous-les-luminaires-pour-48-fr\/"},{"@type":"ListItem","position":7,"name":"Speedy","item":"https:\/\/restyling.exenia.eu\/fr\/c\/indoor\/luminaires-pour-systemes-pistes\/48-v-fr\/tous-les-luminaires-pour-48-fr\/speedy-luminaires-pour-pistes\/"},{"@type":"ListItem","position":8,"name":"Speedy"}]},{"@type":"WebSite","@id":"https:\/\/restyling.exenia.eu\/#website","url":"https:\/\/restyling.exenia.eu\/","name":"Exenia","description":"","publisher":{"@id":"https:\/\/restyling.exenia.eu\/#organization"},"potentialAction":[{"@type":"SearchAction","target":{"@type":"EntryPoint","urlTemplate":"https:\/\/restyling.exenia.eu\/?s={search_term_string}"},"query-input":{"@type":"PropertyValueSpecification","valueRequired":true,"valueName":"search_term_string"}}],"inLanguage":"fr-FR"},{"@type":"Organization","@id":"https:\/\/restyling.exenia.eu\/#organization","name":"Exenia","url":"https:\/\/restyling.exenia.eu\/","logo":{"@type":"ImageObject","inLanguage":"fr-FR","@id":"https:\/\/restyling.exenia.eu\/#\/schema\/logo\/image\/","url":"https:\/\/restyling.exenia.eu\/wp-content\/uploads\/2022\/09\/logo_exenia-e1678467519405.png","contentUrl":"https:\/\/restyling.exenia.eu\/wp-content\/uploads\/2022\/09\/logo_exenia-e1678467519405.png","width":600,"height":194,"caption":"Exenia"},"image":{"@id":"https:\/\/restyling.exenia.eu\/#\/schema\/logo\/image\/"},"sameAs":["https:\/\/www.facebook.com\/exenialighting","https:\/\/x.com\/ExeniaLighting"]}]}},"_links":{"self":[{"href":"https:\/\/restyling.exenia.eu\/fr\/wp-json\/wp\/v2\/product\/27169","targetHints":{"allow":["GET"]}}],"collection":[{"href":"https:\/\/restyling.exenia.eu\/fr\/wp-json\/wp\/v2\/product"}],"about":[{"href":"https:\/\/restyling.exenia.eu\/fr\/wp-json\/wp\/v2\/types\/product"}],"wp:featuredmedia":[{"embeddable":true,"href":"https:\/\/restyling.exenia.eu\/fr\/wp-json\/wp\/v2\/media\/12610"}],"wp:attachment":[{"href":"https:\/\/restyling.exenia.eu\/fr\/wp-json\/wp\/v2\/media?parent=27169"}],"wp:term":[{"taxonomy":"product_brand","embeddable":true,"href":"https:\/\/restyling.exenia.eu\/fr\/wp-json\/wp\/v2\/product_brand?post=27169"},{"taxonomy":"product_cat","embeddable":true,"href":"https:\/\/restyling.exenia.eu\/fr\/wp-json\/wp\/v2\/product_cat?post=27169"},{"taxonomy":"product_tag","embeddable":true,"href":"https:\/\/restyling.exenia.eu\/fr\/wp-json\/wp\/v2\/product_tag?post=27169"},{"taxonomy":"categoria-admin-prodotto","embeddable":true,"href":"https:\/\/restyling.exenia.eu\/fr\/wp-json\/wp\/v2\/categoria-admin-prodotto?post=27169"}],"curies":[{"name":"wp","href":"https:\/\/api.w.org\/{rel}","templated":true}]}}