{"id":27182,"date":"2022-11-24T09:51:15","date_gmt":"2022-11-24T08:51:15","guid":{"rendered":"https:\/\/www.exenia.eu\/prodotto\/spot-230-revo-small-2\/"},"modified":"2024-07-26T11:25:10","modified_gmt":"2024-07-26T09:25:10","slug":"spot-230-revo-small","status":"publish","type":"product","link":"https:\/\/restyling.exenia.eu\/fr\/produit\/spot-230-revo-small\/","title":{"rendered":"Spot 230 Revo Small"},"content":{"rendered":"<p>Les spots Revo 230V sont disponibles en quatre tailles, 8 variantes optiques rotosym\u00e9triques par mod\u00e8le, 3 variantes asym\u00e9triques suppl\u00e9mentaires pour les mod\u00e8les Medium, Compact, Max, plus un shaper sur Medium.<br \/>\nD\u00e9di\u00e9s \u00e0 la conception avanc\u00e9e de l&rsquo;\u00e9clairage, les nouveaux syst\u00e8mes optiques Revo-Dark sont particuli\u00e8rement adapt\u00e9s aux environnements \u00e0 haut confort visuel. Dot\u00e9s d&rsquo;optiques rotosym\u00e9triques \u00a0\u00bbcross\u00a0\u00bb et asym\u00e9triques \u00e0 haut rendement, ils sont particuli\u00e8rement adapt\u00e9s aux mus\u00e9es et aux projets pr\u00e9sentant des exigences d&rsquo;\u00e9clairage complexes.<br \/>\nLa s\u00e9rie Spot Revo se caract\u00e9rise par un rapport performance\/taille marqu\u00e9, une large gamme d&rsquo;accessoires et un grand choix de finitions, mais se distingue surtout par la pr\u00e9cision, la propret\u00e9 et l&rsquo;uniformit\u00e9 de la projection.<\/p>\n<p>La version Small offre 5 ouvertures sym\u00e9triques de 10\u00b0 \u00e0 50\u00b0, 2 versions elliptiques et de nombreux accessoires.<br \/>\nLe haut rendu des couleurs, l&rsquo;UGR&lt;10 et la conformit\u00e9 aux param\u00e8tres d&rsquo;\u00e9clairage DARK sont compl\u00e9t\u00e9s par la qualit\u00e9 des 2 SDCM de la source et la propret\u00e9 particuli\u00e8re de la projection du faisceau.<br \/>\nLa compatibilit\u00e9 totale avec les syst\u00e8mes de contr\u00f4le les plus courants fait de Spot Revo Small l&rsquo;outil parfait dans les contextes o\u00f9 la valeur de la source est d\u00e9termin\u00e9e par une performance de tr\u00e8s haute qualit\u00e9 et une intrusion physique et visuelle minimale.<\/p>\n","protected":false},"excerpt":{"rendered":"<p>Les spots Revo 230V sont disponibles en quatre tailles, 8&#8230;<\/p>\n","protected":false},"featured_media":23867,"template":"","meta":{"_acf_changed":false},"product_brand":[],"product_cat":[2693],"product_tag":[7471],"categoria-admin-prodotto":[],"class_list":{"0":"post-27182","1":"product","2":"type-product","3":"status-publish","4":"has-post-thumbnail","6":"product_cat-spot-revo-luminaires-pour-pistes","7":"product_tag-385e0-fr","8":"pa_cct-2700k-fr","9":"pa_cct-3000k-fr","10":"pa_cct-3500k-fr","11":"pa_cct-4000k-fr","12":"pa_certificazione-conformita-ce-fr","13":"pa_classe-f-oui","14":"pa_cri-92-fr","15":"pa_cri-98-fr","16":"pa_grado-ip-ip20-fr","17":"pa_temperatura-di-esercizio-10-35-fr","19":"first","20":"instock","21":"purchasable","22":"product-type-composite"},"composite_virtual":false,"composite_layout":"single","composite_add_to_cart_form_location":"default","composite_editable_in_cart":false,"composite_sold_individually_context":"product","composite_shop_price_calc":"defaults","composite_components":[{"id":"1674732720","title":"Corp de l&#039;appareil","description":"","query_type":"product_ids","query_ids":[18571],"default_option_id":18571,"thumbnail_id":"","thumbnail_src":"","quantity_min":1,"quantity_max":1,"priced_individually":false,"shipped_individually":false,"optional":false,"discount":"","options_style":"radios","pagination_style":"classic","display_prices":"absolute","show_sorting_options":false,"show_filtering_options":false,"attribute_filter_ids":[],"product_title_visible":false,"product_descr_visible":false,"product_price_visible":false,"product_thumb_visible":false,"subtotal_visible_product":false,"subtotal_visible_cart":false,"subtotal_visible_orders":false},{"id":"1674732721","title":"Version","description":"","query_type":"product_ids","query_ids":[19185],"default_option_id":19185,"thumbnail_id":"","thumbnail_src":"","quantity_min":1,"quantity_max":1,"priced_individually":false,"shipped_individually":false,"optional":false,"discount":"","options_style":"radios","pagination_style":"classic","display_prices":"absolute","show_sorting_options":false,"show_filtering_options":false,"attribute_filter_ids":[],"product_title_visible":false,"product_descr_visible":false,"product_price_visible":false,"product_thumb_visible":false,"subtotal_visible_product":false,"subtotal_visible_cart":false,"subtotal_visible_orders":false},{"id":"1674732722","title":"Controle","description":"","query_type":"product_ids","query_ids":[18444,18473,75395,18471],"default_option_id":"","thumbnail_id":"","thumbnail_src":"","quantity_min":1,"quantity_max":1,"priced_individually":false,"shipped_individually":false,"optional":true,"discount":"","options_style":"radios","pagination_style":"classic","display_prices":"absolute","show_sorting_options":false,"show_filtering_options":false,"attribute_filter_ids":[],"product_title_visible":false,"product_descr_visible":true,"product_price_visible":false,"product_thumb_visible":false,"subtotal_visible_product":false,"subtotal_visible_cart":false,"subtotal_visible_orders":false},{"id":"1674732723","title":"Finition du bo\u00eetier","description":"","query_type":"product_ids","query_ids":[18774,18749,18707,18753,18762,18759],"default_option_id":"","thumbnail_id":"","thumbnail_src":"","quantity_min":1,"quantity_max":1,"priced_individually":false,"shipped_individually":false,"optional":true,"discount":"","options_style":"radios","pagination_style":"classic","display_prices":"absolute","show_sorting_options":false,"show_filtering_options":false,"attribute_filter_ids":[],"product_title_visible":false,"product_descr_visible":false,"product_price_visible":false,"product_thumb_visible":false,"subtotal_visible_product":false,"subtotal_visible_cart":false,"subtotal_visible_orders":false},{"id":"1674732724","title":"Finition de l&#039;adaptateur","description":"","query_type":"product_ids","query_ids":[18703,18704],"default_option_id":"","thumbnail_id":"","thumbnail_src":"","quantity_min":1,"quantity_max":1,"priced_individually":false,"shipped_individually":false,"optional":true,"discount":"","options_style":"radios","pagination_style":"classic","display_prices":"absolute","show_sorting_options":false,"show_filtering_options":false,"attribute_filter_ids":[],"product_title_visible":false,"product_descr_visible":false,"product_price_visible":false,"product_thumb_visible":false,"subtotal_visible_product":false,"subtotal_visible_cart":false,"subtotal_visible_orders":false},{"id":"1674732725","title":"CRI-CCT","description":"","query_type":"product_ids","query_ids":[18627,18628,18630,18629,18637,18638,18640,18639],"default_option_id":"","thumbnail_id":"","thumbnail_src":"","quantity_min":1,"quantity_max":1,"priced_individually":false,"shipped_individually":false,"optional":true,"discount":"","options_style":"radios","pagination_style":"classic","display_prices":"absolute","show_sorting_options":false,"show_filtering_options":false,"attribute_filter_ids":[],"product_title_visible":false,"product_descr_visible":false,"product_price_visible":false,"product_thumb_visible":false,"subtotal_visible_product":false,"subtotal_visible_cart":false,"subtotal_visible_orders":false},{"id":"1674732726","title":"Optique","description":"","query_type":"product_ids","query_ids":[18898,18794,18914,18892,18862,18931,18801],"default_option_id":"","thumbnail_id":"","thumbnail_src":"","quantity_min":1,"quantity_max":1,"priced_individually":false,"shipped_individually":false,"optional":true,"discount":"","options_style":"radios","pagination_style":"classic","display_prices":"absolute","show_sorting_options":false,"show_filtering_options":false,"attribute_filter_ids":[],"product_title_visible":false,"product_descr_visible":false,"product_price_visible":false,"product_thumb_visible":false,"subtotal_visible_product":false,"subtotal_visible_cart":false,"subtotal_visible_orders":false},{"id":"1674732727","title":"Accessoires","description":"","query_type":"product_ids","query_ids":[18413,18388,18417,18419,18383],"default_option_id":"","thumbnail_id":"","thumbnail_src":"","quantity_min":1,"quantity_max":1,"priced_individually":false,"shipped_individually":false,"optional":true,"discount":"","options_style":"radios","pagination_style":"classic","display_prices":"absolute","show_sorting_options":false,"show_filtering_options":false,"attribute_filter_ids":[],"product_title_visible":false,"product_descr_visible":false,"product_price_visible":false,"product_thumb_visible":false,"subtotal_visible_product":false,"subtotal_visible_cart":false,"subtotal_visible_orders":false},{"id":"1676887108","title":"Accessoires ind\u00e9pendants","description":"","query_type":"product_ids","query_ids":[40640],"default_option_id":40640,"thumbnail_id":"","thumbnail_src":"","quantity_min":1,"quantity_max":1,"priced_individually":false,"shipped_individually":false,"optional":false,"discount":"","options_style":"radios","pagination_style":"classic","display_prices":"absolute","show_sorting_options":false,"show_filtering_options":false,"attribute_filter_ids":[],"product_title_visible":false,"product_descr_visible":true,"product_price_visible":false,"product_thumb_visible":false,"subtotal_visible_product":false,"subtotal_visible_cart":false,"subtotal_visible_orders":false},{"id":"1689328472","title":"Dur\u00e9e de vie","description":"","query_type":"product_ids","query_ids":[50124,50128],"default_option_id":"","thumbnail_id":"","thumbnail_src":"","quantity_min":1,"quantity_max":1,"priced_individually":false,"shipped_individually":false,"optional":true,"discount":"","options_style":"radios","pagination_style":"classic","display_prices":"absolute","show_sorting_options":false,"show_filtering_options":false,"attribute_filter_ids":[],"product_title_visible":false,"product_descr_visible":false,"product_price_visible":false,"product_thumb_visible":false,"subtotal_visible_product":false,"subtotal_visible_cart":false,"subtotal_visible_orders":false}],"composite_scenarios":[{"id":"1674732957","name":"cri98","description":"","configuration":[{"component_id":"1674732725","options_modifier":"in","component_options":[18637,18638,18640,18639]}],"actions":[{"action_id":"compat_group","is_active":false},{"action_id":"conditional_components","is_active":false,"hidden_components":[]},{"action_id":"conditional_options","is_active":true,"hidden_options":[{"component_id":"1674732726","component_options":[18898,18794],"options_modifier":"in"}]}],"enabled":true},{"id":"1674732958","name":"narrow spot \/ wide flood","description":"","configuration":[{"component_id":"1674732726","options_modifier":"in","component_options":[18898,18931]}],"actions":[{"action_id":"compat_group","is_active":false},{"action_id":"conditional_components","is_active":false,"hidden_components":[]},{"action_id":"conditional_options","is_active":true,"hidden_options":[{"component_id":"1674732727","component_options":[18383],"options_modifier":"in"}]}],"enabled":true},{"id":"1674732959","name":"ellittiche","description":"","configuration":[{"component_id":"1674732726","options_modifier":"in","component_options":[18794,18801]}],"actions":[{"action_id":"compat_group","is_active":false},{"action_id":"conditional_components","is_active":false,"hidden_components":[]},{"action_id":"conditional_options","is_active":true,"hidden_options":[{"component_id":"1674732727","component_options":[-1,18413],"options_modifier":"not-in"}]}],"enabled":true},{"id":"1674732960","name":"narrow spot \/ell.nar spot cri98","description":"","configuration":[{"component_id":"1674732726","options_modifier":"in","component_options":[18898,18794]}],"actions":[{"action_id":"compat_group","is_active":false},{"action_id":"conditional_components","is_active":false,"hidden_components":[]},{"action_id":"conditional_options","is_active":true,"hidden_options":[{"component_id":"1674732725","component_options":[18637,18638,18640,18639],"options_modifier":"in"}]}],"enabled":true},{"id":"1674732961","name":"honeycomb \/ snoot \/ visor","description":"","configuration":[{"component_id":"1674732727","options_modifier":"in","component_options":[18388,18417,18419]}],"actions":[{"action_id":"compat_group","is_active":false},{"action_id":"conditional_components","is_active":false,"hidden_components":[]},{"action_id":"conditional_options","is_active":true,"hidden_options":[{"component_id":"1674732726","component_options":[18794,18801],"options_modifier":"in"}]}],"enabled":true},{"id":"1674732962","name":"lente ellittica","description":"","configuration":[{"component_id":"1674732727","options_modifier":"in","component_options":[18383]}],"actions":[{"action_id":"compat_group","is_active":false},{"action_id":"conditional_components","is_active":false,"hidden_components":[]},{"action_id":"conditional_options","is_active":true,"hidden_options":[{"component_id":"1674732726","component_options":[18898,18794,18931,18801],"options_modifier":"in"}]}],"enabled":true},{"id":"1689328749","name":"LT 80","description":"","configuration":[{"component_id":"1674732726","options_modifier":"in","component_options":[18914,18892,18862,18931,18801]}],"actions":[{"action_id":"compat_group","is_active":false},{"action_id":"conditional_components","is_active":false,"hidden_components":[]},{"action_id":"conditional_options","is_active":true,"hidden_options":[{"component_id":"1689328472","component_options":[-1,50124],"options_modifier":"not-in"}]}],"enabled":true},{"id":"1689328750","name":"LT 100","description":"","configuration":[{"component_id":"1674732726","options_modifier":"in","component_options":[18898,18794]}],"actions":[{"action_id":"compat_group","is_active":false},{"action_id":"conditional_components","is_active":false,"hidden_components":[]},{"action_id":"conditional_options","is_active":true,"hidden_options":[{"component_id":"1689328472","component_options":[-1,50128],"options_modifier":"not-in"}]}],"enabled":true}],"bundled_by":[],"bundle_stock_status":"instock","bundle_stock_quantity":null,"bundle_virtual":false,"bundle_layout":"","bundle_add_to_cart_form_location":"","bundle_editable_in_cart":false,"bundle_sold_individually_context":"","bundle_item_grouping":"","bundle_min_size":"","bundle_max_size":"","bundled_items":[],"bundle_sell_ids":[],"acf":[],"yoast_head":"<!-- This site is optimized with the Yoast SEO plugin v27.4 - https:\/\/yoast.com\/product\/yoast-seo-wordpress\/ -->\n<title>Spot 230 Revo Small | Exenia<\/title>\n<meta name=\"robots\" content=\"noindex, follow, max-snippet:-1, max-image-preview:large, max-video-preview:-1\" \/>\n<meta property=\"og:locale\" content=\"fr_FR\" \/>\n<meta property=\"og:type\" content=\"article\" \/>\n<meta property=\"og:title\" content=\"Spot 230 Revo Small | Exenia\" \/>\n<meta property=\"og:description\" content=\"Les spots Revo 230V sont disponibles en quatre tailles, 8...\" \/>\n<meta property=\"og:url\" content=\"https:\/\/restyling.exenia.eu\/fr\/produit\/spot-230-revo-small\/\" \/>\n<meta property=\"og:site_name\" content=\"Exenia\" \/>\n<meta property=\"article:publisher\" content=\"https:\/\/www.facebook.com\/exenialighting\" \/>\n<meta property=\"article:modified_time\" content=\"2024-07-26T09:25:10+00:00\" \/>\n<meta property=\"og:image\" content=\"https:\/\/restyling.exenia.eu\/wp-content\/uploads\/2023\/01\/Spot-230-revo-small-prodotto.jpg\" \/>\n\t<meta property=\"og:image:width\" content=\"2000\" \/>\n\t<meta property=\"og:image:height\" content=\"1919\" \/>\n\t<meta property=\"og:image:type\" content=\"image\/jpeg\" \/>\n<!-- \/ Yoast SEO plugin. -->","yoast_head_json":{"title":"Spot 230 Revo Small | Exenia","robots":{"index":"noindex","follow":"follow","max-snippet":"max-snippet:-1","max-image-preview":"max-image-preview:large","max-video-preview":"max-video-preview:-1"},"og_locale":"fr_FR","og_type":"article","og_title":"Spot 230 Revo Small | Exenia","og_description":"Les spots Revo 230V sont disponibles en quatre tailles, 8...","og_url":"https:\/\/restyling.exenia.eu\/fr\/produit\/spot-230-revo-small\/","og_site_name":"Exenia","article_publisher":"https:\/\/www.facebook.com\/exenialighting","article_modified_time":"2024-07-26T09:25:10+00:00","og_image":[{"width":2000,"height":1919,"url":"https:\/\/restyling.exenia.eu\/wp-content\/uploads\/2023\/01\/Spot-230-revo-small-prodotto.jpg","type":"image\/jpeg"}],"schema":{"@context":"https:\/\/schema.org","@graph":[{"@type":"WebPage","@id":"https:\/\/restyling.exenia.eu\/fr\/produit\/spot-230-revo-small\/","url":"https:\/\/restyling.exenia.eu\/fr\/produit\/spot-230-revo-small\/","name":"Spot 230 Revo Small | Exenia","isPartOf":{"@id":"https:\/\/restyling.exenia.eu\/#website"},"primaryImageOfPage":{"@id":"https:\/\/restyling.exenia.eu\/fr\/produit\/spot-230-revo-small\/#primaryimage"},"image":{"@id":"https:\/\/restyling.exenia.eu\/fr\/produit\/spot-230-revo-small\/#primaryimage"},"thumbnailUrl":"https:\/\/restyling.exenia.eu\/wp-content\/uploads\/2023\/01\/Spot-230-revo-small-prodotto.jpg","datePublished":"2022-11-24T08:51:15+00:00","dateModified":"2024-07-26T09:25:10+00:00","breadcrumb":{"@id":"https:\/\/restyling.exenia.eu\/fr\/produit\/spot-230-revo-small\/#breadcrumb"},"inLanguage":"fr-FR","potentialAction":[{"@type":"ReadAction","target":["https:\/\/restyling.exenia.eu\/fr\/produit\/spot-230-revo-small\/"]}]},{"@type":"ImageObject","inLanguage":"fr-FR","@id":"https:\/\/restyling.exenia.eu\/fr\/produit\/spot-230-revo-small\/#primaryimage","url":"https:\/\/restyling.exenia.eu\/wp-content\/uploads\/2023\/01\/Spot-230-revo-small-prodotto.jpg","contentUrl":"https:\/\/restyling.exenia.eu\/wp-content\/uploads\/2023\/01\/Spot-230-revo-small-prodotto.jpg","width":2000,"height":1919},{"@type":"BreadcrumbList","@id":"https:\/\/restyling.exenia.eu\/fr\/produit\/spot-230-revo-small\/#breadcrumb","itemListElement":[{"@type":"ListItem","position":1,"name":"Home","item":"https:\/\/restyling.exenia.eu\/"},{"@type":"ListItem","position":2,"name":"Produits","item":"https:\/\/restyling.exenia.eu\/prodotti\/"},{"@type":"ListItem","position":3,"name":"Indoor","item":"https:\/\/restyling.exenia.eu\/fr\/c\/indoor\/"},{"@type":"ListItem","position":4,"name":"Luminaires pour syst\u00e8mes\/pistes","item":"https:\/\/restyling.exenia.eu\/fr\/c\/indoor\/luminaires-pour-systemes-pistes\/"},{"@type":"ListItem","position":5,"name":"230 V","item":"https:\/\/restyling.exenia.eu\/fr\/c\/indoor\/luminaires-pour-systemes-pistes\/230-v-fr\/"},{"@type":"ListItem","position":6,"name":"Spot Revo","item":"https:\/\/restyling.exenia.eu\/fr\/c\/indoor\/luminaires-pour-systemes-pistes\/230-v-fr\/spot-revo-luminaires-pour-pistes\/"},{"@type":"ListItem","position":7,"name":"Spot 230 Revo Small"}]},{"@type":"WebSite","@id":"https:\/\/restyling.exenia.eu\/#website","url":"https:\/\/restyling.exenia.eu\/","name":"Exenia","description":"","publisher":{"@id":"https:\/\/restyling.exenia.eu\/#organization"},"potentialAction":[{"@type":"SearchAction","target":{"@type":"EntryPoint","urlTemplate":"https:\/\/restyling.exenia.eu\/?s={search_term_string}"},"query-input":{"@type":"PropertyValueSpecification","valueRequired":true,"valueName":"search_term_string"}}],"inLanguage":"fr-FR"},{"@type":"Organization","@id":"https:\/\/restyling.exenia.eu\/#organization","name":"Exenia","url":"https:\/\/restyling.exenia.eu\/","logo":{"@type":"ImageObject","inLanguage":"fr-FR","@id":"https:\/\/restyling.exenia.eu\/#\/schema\/logo\/image\/","url":"https:\/\/restyling.exenia.eu\/wp-content\/uploads\/2022\/09\/logo_exenia-e1678467519405.png","contentUrl":"https:\/\/restyling.exenia.eu\/wp-content\/uploads\/2022\/09\/logo_exenia-e1678467519405.png","width":600,"height":194,"caption":"Exenia"},"image":{"@id":"https:\/\/restyling.exenia.eu\/#\/schema\/logo\/image\/"},"sameAs":["https:\/\/www.facebook.com\/exenialighting","https:\/\/x.com\/ExeniaLighting"]}]}},"_links":{"self":[{"href":"https:\/\/restyling.exenia.eu\/fr\/wp-json\/wp\/v2\/product\/27182","targetHints":{"allow":["GET"]}}],"collection":[{"href":"https:\/\/restyling.exenia.eu\/fr\/wp-json\/wp\/v2\/product"}],"about":[{"href":"https:\/\/restyling.exenia.eu\/fr\/wp-json\/wp\/v2\/types\/product"}],"wp:featuredmedia":[{"embeddable":true,"href":"https:\/\/restyling.exenia.eu\/fr\/wp-json\/wp\/v2\/media\/23867"}],"wp:attachment":[{"href":"https:\/\/restyling.exenia.eu\/fr\/wp-json\/wp\/v2\/media?parent=27182"}],"wp:term":[{"taxonomy":"product_brand","embeddable":true,"href":"https:\/\/restyling.exenia.eu\/fr\/wp-json\/wp\/v2\/product_brand?post=27182"},{"taxonomy":"product_cat","embeddable":true,"href":"https:\/\/restyling.exenia.eu\/fr\/wp-json\/wp\/v2\/product_cat?post=27182"},{"taxonomy":"product_tag","embeddable":true,"href":"https:\/\/restyling.exenia.eu\/fr\/wp-json\/wp\/v2\/product_tag?post=27182"},{"taxonomy":"categoria-admin-prodotto","embeddable":true,"href":"https:\/\/restyling.exenia.eu\/fr\/wp-json\/wp\/v2\/categoria-admin-prodotto?post=27182"}],"curies":[{"name":"wp","href":"https:\/\/api.w.org\/{rel}","templated":true}]}}