{"id":27209,"date":"2022-11-24T09:51:15","date_gmt":"2022-11-24T08:51:15","guid":{"rendered":"https:\/\/www.exenia.eu\/prodotto\/spot-revo-medium-semi-incasso\/"},"modified":"2023-07-14T09:46:14","modified_gmt":"2023-07-14T07:46:14","slug":"spot-revo-medium-semi-encastre","status":"publish","type":"product","link":"https:\/\/restyling.exenia.eu\/fr\/produit\/spot-revo-medium-semi-encastre\/","title":{"rendered":"Spot Revo Medium Semi-Encastr\u00e9"},"content":{"rendered":"<p>La s\u00e9rie Spot Revo se distingue par un rapport performance\/taille tr\u00e8s favorable, une riche possibilit\u00e9 d&rsquo;int\u00e9gration d&rsquo;accessoires et une large gamme de finitions, mais surtout par sa pr\u00e9cision, sa propret\u00e9 et l&rsquo;uniformit\u00e9 de sa projection.<br \/>\nLa structure en aluminium thermolaqu\u00e9 offre diff\u00e9rentes finitions et 5 tailles diff\u00e9rentes. Construit et produit enti\u00e8rement en Italie.<\/p>\n<p>La version Medium offre 6 options de faisceau sym\u00e9trique de 8\u00b0 \u00e0 50\u00b0, trois l\u00e8che-mur asym\u00e9triques : Grazing, Area, Deep, deux versions elliptiques et un fa\u00e7onneur.<br \/>\nLes nombreux accessoires de la gamme sont con\u00e7us avec un syst\u00e8me de fixation \u00e0 \u00e9l\u00e9ments superpos\u00e9s permettant une configuration optique diff\u00e9renci\u00e9e et sp\u00e9cifique. Le rendu \u00e9lev\u00e9 des couleurs, le coefficient UGR &lt;10 et le respect des param\u00e8tres d&rsquo;\u00e9clairage DARK, sont compl\u00e9t\u00e9s par la qualit\u00e9 du 2 SDCM de la source lumineuse et par la propret\u00e9 particuli\u00e8re de la projection du faisceau.<br \/>\nLa compatibilit\u00e9 totale avec les syst\u00e8mes de contr\u00f4le les plus courants font de Spot Revo Medium l&rsquo;outil parfait dans les contextes o\u00f9 la valeur de la source est d\u00e9termin\u00e9e par une qualit\u00e9 de performance tr\u00e8s \u00e9lev\u00e9e et par une intrusion physique et visuelle minimale.<\/p>\n","protected":false},"excerpt":{"rendered":"<p>La s\u00e9rie Spot Revo se distingue par un rapport performance\/taille&#8230;<\/p>\n","protected":false},"featured_media":23817,"template":"","meta":{"_acf_changed":false},"product_brand":[],"product_cat":[2677],"product_tag":[7450],"categoria-admin-prodotto":[],"class_list":{"0":"post-27209","1":"product","2":"type-product","3":"status-publish","4":"has-post-thumbnail","6":"product_cat-spot-revo-encastres","7":"product_tag-38680-fr","8":"pa_cct-2700k-fr","9":"pa_cct-3000k-fr","10":"pa_cct-3500k-fr","11":"pa_cct-4000k-fr","12":"pa_certificazione-conformita-ce-fr","13":"pa_classe-f-oui","14":"pa_cri-92-fr","15":"pa_cri-98-fr","16":"pa_grado-ip-compartiment-interieur-ip20","17":"pa_grado-ip-bloc-optique-ip40","18":"pa_temperatura-di-esercizio-10-35-fr","20":"first","21":"instock","22":"purchasable","23":"product-type-composite"},"composite_virtual":false,"composite_layout":"single","composite_add_to_cart_form_location":"default","composite_editable_in_cart":false,"composite_sold_individually_context":"product","composite_shop_price_calc":"defaults","composite_components":[{"id":"1674815187","title":"Corp de l&#039;appareil","description":"","query_type":"product_ids","query_ids":[18575],"default_option_id":18575,"thumbnail_id":"","thumbnail_src":"","quantity_min":1,"quantity_max":1,"priced_individually":false,"shipped_individually":false,"optional":false,"discount":"","options_style":"radios","pagination_style":"classic","display_prices":"absolute","show_sorting_options":false,"show_filtering_options":false,"attribute_filter_ids":[],"product_title_visible":false,"product_descr_visible":false,"product_price_visible":false,"product_thumb_visible":false,"subtotal_visible_product":false,"subtotal_visible_cart":false,"subtotal_visible_orders":false},{"id":"1674815188","title":"Version","description":"","query_type":"product_ids","query_ids":[19135],"default_option_id":19135,"thumbnail_id":"","thumbnail_src":"","quantity_min":1,"quantity_max":1,"priced_individually":false,"shipped_individually":false,"optional":false,"discount":"","options_style":"radios","pagination_style":"classic","display_prices":"absolute","show_sorting_options":false,"show_filtering_options":false,"attribute_filter_ids":[],"product_title_visible":false,"product_descr_visible":false,"product_price_visible":false,"product_thumb_visible":false,"subtotal_visible_product":false,"subtotal_visible_cart":false,"subtotal_visible_orders":false},{"id":"1674815189","title":"Controle","description":"","query_type":"product_ids","query_ids":[18493],"default_option_id":18493,"thumbnail_id":"","thumbnail_src":"","quantity_min":1,"quantity_max":1,"priced_individually":false,"shipped_individually":false,"optional":false,"discount":"","options_style":"radios","pagination_style":"classic","display_prices":"absolute","show_sorting_options":false,"show_filtering_options":false,"attribute_filter_ids":[],"product_title_visible":false,"product_descr_visible":false,"product_price_visible":false,"product_thumb_visible":false,"subtotal_visible_product":false,"subtotal_visible_cart":false,"subtotal_visible_orders":false},{"id":"1674815190","title":"Finition","description":"","query_type":"product_ids","query_ids":[18774,18749,18707,18753,18762,18759],"default_option_id":"","thumbnail_id":"","thumbnail_src":"","quantity_min":1,"quantity_max":1,"priced_individually":false,"shipped_individually":false,"optional":true,"discount":"","options_style":"radios","pagination_style":"classic","display_prices":"absolute","show_sorting_options":false,"show_filtering_options":false,"attribute_filter_ids":[],"product_title_visible":false,"product_descr_visible":false,"product_price_visible":false,"product_thumb_visible":false,"subtotal_visible_product":false,"subtotal_visible_cart":false,"subtotal_visible_orders":false},{"id":"1674815191","title":"CRI-CCT","description":"","query_type":"product_ids","query_ids":[18627,18628,18630,18629,18637,18638,18640,18639],"default_option_id":"","thumbnail_id":"","thumbnail_src":"","quantity_min":1,"quantity_max":1,"priced_individually":false,"shipped_individually":false,"optional":true,"discount":"","options_style":"radios","pagination_style":"classic","display_prices":"absolute","show_sorting_options":false,"show_filtering_options":false,"attribute_filter_ids":[],"product_title_visible":false,"product_descr_visible":false,"product_price_visible":false,"product_thumb_visible":false,"subtotal_visible_product":false,"subtotal_visible_cart":false,"subtotal_visible_orders":false},{"id":"1674815192","title":"Optique","description":"","query_type":"product_ids","query_ids":[18926,18899,18791,18915,18888,18863,18934,18797,18869,18847,18852,18942],"default_option_id":"","thumbnail_id":"","thumbnail_src":"","quantity_min":1,"quantity_max":1,"priced_individually":false,"shipped_individually":false,"optional":true,"discount":"","options_style":"radios","pagination_style":"classic","display_prices":"absolute","show_sorting_options":false,"show_filtering_options":false,"attribute_filter_ids":[],"product_title_visible":false,"product_descr_visible":false,"product_price_visible":false,"product_thumb_visible":false,"subtotal_visible_product":false,"subtotal_visible_cart":false,"subtotal_visible_orders":false},{"id":"1674815193","title":"Accessoires mont\u00e9s en usine","description":"","query_type":"product_ids","query_ids":[13424],"default_option_id":13424,"thumbnail_id":"","thumbnail_src":"","quantity_min":1,"quantity_max":1,"priced_individually":false,"shipped_individually":false,"optional":false,"discount":"","options_style":"radios","pagination_style":"classic","display_prices":"absolute","show_sorting_options":false,"show_filtering_options":false,"attribute_filter_ids":[],"product_title_visible":false,"product_descr_visible":false,"product_price_visible":false,"product_thumb_visible":true,"subtotal_visible_product":false,"subtotal_visible_cart":false,"subtotal_visible_orders":false},{"id":"1675945591","title":" ","description":"","query_type":"product_ids","query_ids":[7634],"default_option_id":7634,"thumbnail_id":"","thumbnail_src":"","quantity_min":1,"quantity_max":1,"priced_individually":false,"shipped_individually":false,"optional":false,"discount":"","options_style":"radios","pagination_style":"classic","display_prices":"absolute","show_sorting_options":false,"show_filtering_options":false,"attribute_filter_ids":[],"product_title_visible":false,"product_descr_visible":false,"product_price_visible":false,"product_thumb_visible":false,"subtotal_visible_product":false,"subtotal_visible_cart":false,"subtotal_visible_orders":false},{"id":"1675945592","title":"Alimentation \u00e9lectrique (pour l&#039;option d&#039;urgence, contacter le service interne)","description":"","query_type":"product_ids","query_ids":[40172,40151,40128,40118,40106],"default_option_id":"","thumbnail_id":"","thumbnail_src":"","quantity_min":1,"quantity_max":1,"priced_individually":false,"shipped_individually":false,"optional":true,"discount":"","options_style":"radios","pagination_style":"classic","display_prices":"absolute","show_sorting_options":false,"show_filtering_options":false,"attribute_filter_ids":[],"product_title_visible":false,"product_descr_visible":false,"product_price_visible":false,"product_thumb_visible":true,"subtotal_visible_product":false,"subtotal_visible_cart":false,"subtotal_visible_orders":false},{"id":"1676653624","title":"Accessoires ind\u00e9pendants","description":"","query_type":"product_ids","query_ids":[40657],"default_option_id":40657,"thumbnail_id":"","thumbnail_src":"","quantity_min":1,"quantity_max":1,"priced_individually":false,"shipped_individually":false,"optional":false,"discount":"","options_style":"radios","pagination_style":"classic","display_prices":"absolute","show_sorting_options":false,"show_filtering_options":false,"attribute_filter_ids":[],"product_title_visible":false,"product_descr_visible":true,"product_price_visible":false,"product_thumb_visible":false,"subtotal_visible_product":false,"subtotal_visible_cart":false,"subtotal_visible_orders":false},{"id":"1689327809","title":"Dur&eacute;e de vie","description":"","query_type":"product_ids","query_ids":[50124,50128],"default_option_id":"","thumbnail_id":"","thumbnail_src":"","quantity_min":1,"quantity_max":1,"priced_individually":false,"shipped_individually":false,"optional":true,"discount":"","options_style":"radios","pagination_style":"classic","display_prices":"absolute","show_sorting_options":false,"show_filtering_options":false,"attribute_filter_ids":[],"product_title_visible":false,"product_descr_visible":false,"product_price_visible":false,"product_thumb_visible":false,"subtotal_visible_product":false,"subtotal_visible_cart":false,"subtotal_visible_orders":false}],"composite_scenarios":[{"id":"1674815574","name":"cri98","description":"","configuration":[{"component_id":"1674815191","options_modifier":"in","component_options":[18637,18638,18640,18639]}],"actions":[{"action_id":"compat_group","is_active":false},{"action_id":"conditional_components","is_active":false,"hidden_components":[]},{"action_id":"conditional_options","is_active":true,"hidden_options":[{"component_id":"1674815192","component_options":[18926],"options_modifier":"in"}]}],"enabled":true},{"id":"1674815575","name":"very narrow","description":"","configuration":[{"component_id":"1674815192","options_modifier":"in","component_options":[18926]}],"actions":[{"action_id":"compat_group","is_active":false},{"action_id":"conditional_components","is_active":false,"hidden_components":[]},{"action_id":"conditional_options","is_active":true,"hidden_options":[{"component_id":"1674815191","component_options":[18637,18638,18640,18639],"options_modifier":"in"}]}],"enabled":true},{"id":"1674815576","name":"narrow spot \/ wide flood","description":"","configuration":[{"component_id":"1674815192","options_modifier":"in","component_options":[18899,18934]}],"actions":[{"action_id":"compat_group","is_active":false},{"action_id":"conditional_components","is_active":false,"hidden_components":[]},{"action_id":"conditional_options","is_active":true,"hidden_options":[{"component_id":"1674815193","component_options":[13429,13434,13441,13442,13445,13446],"options_modifier":"in"}]}],"enabled":true},{"id":"1674815577","name":"ellittiche","description":"","configuration":[{"component_id":"1674815192","options_modifier":"in","component_options":[18791,18797]}],"actions":[{"action_id":"compat_group","is_active":false},{"action_id":"conditional_components","is_active":false,"hidden_components":[]},{"action_id":"conditional_options","is_active":true,"hidden_options":[{"component_id":"1674815193","component_options":[-1,13425],"options_modifier":"not-in"}]}],"enabled":true},{"id":"1674815578","name":"ww + sag","description":"","configuration":[{"component_id":"1674815192","options_modifier":"in","component_options":[18869,18847,18852,18942]}],"actions":[{"action_id":"compat_group","is_active":false},{"action_id":"conditional_components","is_active":true,"hidden_components":["1676653624"]},{"action_id":"conditional_options","is_active":true,"hidden_options":[{"component_id":"1674815193","component_options":[-1,13425],"options_modifier":"not-in"}]}],"enabled":true},{"id":"1674815579","name":"honeycomb\/diffondente\/snoot","description":"","configuration":[{"component_id":"1674815193","options_modifier":"in","component_options":[13426,13428,13430,13432,13433,13434,13435,13436,13437,13439,13440,13441,13443,13444,13445,13446,13447,13448]}],"actions":[{"action_id":"compat_group","is_active":false},{"action_id":"conditional_components","is_active":false,"hidden_components":[]},{"action_id":"conditional_options","is_active":true,"hidden_options":[{"component_id":"1674815192","component_options":[18791,18797,18869,18847,18852,18942],"options_modifier":"in"}]}],"enabled":true},{"id":"1674815580","name":"protezione\/visor","description":"","configuration":[{"component_id":"1674815193","options_modifier":"in","component_options":[13427,13431,13432,13436,13437,13438,13440,13442,13444,13446,13447,13448]}],"actions":[{"action_id":"compat_group","is_active":false},{"action_id":"conditional_components","is_active":false,"hidden_components":[]},{"action_id":"conditional_options","is_active":true,"hidden_options":[{"component_id":"1674815192","component_options":[18869,18847,18852,18942],"options_modifier":"in"}]}],"enabled":true},{"id":"1674815581","name":"lente ellittica","description":"","configuration":[{"component_id":"1674815193","options_modifier":"in","component_options":[13429,13434,13441,13442,13445,13446]}],"actions":[{"action_id":"compat_group","is_active":false},{"action_id":"conditional_components","is_active":false,"hidden_components":[]},{"action_id":"conditional_options","is_active":true,"hidden_options":[{"component_id":"1674815192","component_options":[18899,18791,18934,18797,18869,18847,18852,18942],"options_modifier":"in"}]}],"enabled":true},{"id":"1675946306","name":"NO DRIVER NO SELECTION ","description":"","configuration":[{"component_id":"1674815192","options_modifier":"in","component_options":[-1]}],"actions":[{"action_id":"compat_group","is_active":false},{"action_id":"conditional_components","is_active":false,"hidden_components":[]},{"action_id":"conditional_options","is_active":true,"hidden_options":[{"component_id":"1675945592","component_options":[-1],"options_modifier":"not-in"}]}],"enabled":true},{"id":"1675946307","name":"V","description":"","configuration":[{"component_id":"1674815192","options_modifier":"in","component_options":[18926]}],"actions":[{"action_id":"compat_group","is_active":false},{"action_id":"conditional_components","is_active":false,"hidden_components":[]},{"action_id":"conditional_options","is_active":true,"hidden_options":[{"component_id":"1675945592","component_options":[-1,40148,40145,40143,40141,51333],"options_modifier":"not-in"}]}],"enabled":true},{"id":"1675946308","name":"N-2","description":"","configuration":[{"component_id":"1674815192","options_modifier":"in","component_options":[18899,18791]}],"actions":[{"action_id":"compat_group","is_active":false},{"action_id":"conditional_components","is_active":false,"hidden_components":[]},{"action_id":"conditional_options","is_active":true,"hidden_options":[{"component_id":"1675945592","component_options":[-1,75362,75368,40125,40122,51341],"options_modifier":"not-in"}]}],"enabled":true},{"id":"1675946309","name":"S-M-F-W-6","description":"","configuration":[{"component_id":"1674815192","options_modifier":"in","component_options":[18915,18888,18863,18934,18797]}],"actions":[{"action_id":"compat_group","is_active":false},{"action_id":"conditional_components","is_active":false,"hidden_components":[]},{"action_id":"conditional_options","is_active":true,"hidden_options":[{"component_id":"1675945592","component_options":[-1,40157,75330,75331,40163,51300],"options_modifier":"not-in"}]}],"enabled":true},{"id":"1675946310","name":"A-D-G","description":"","configuration":[{"component_id":"1674815192","options_modifier":"in","component_options":[18869,18847,18852]}],"actions":[{"action_id":"compat_group","is_active":false},{"action_id":"conditional_components","is_active":false,"hidden_components":[]},{"action_id":"conditional_options","is_active":true,"hidden_options":[{"component_id":"1675945592","component_options":[-1,40181,75312,75313,40184,51280],"options_modifier":"not-in"}]}],"enabled":true},{"id":"1675946311","name":"Z","description":"","configuration":[{"component_id":"1674815192","options_modifier":"in","component_options":[18942]}],"actions":[{"action_id":"compat_group","is_active":false},{"action_id":"conditional_components","is_active":false,"hidden_components":[]},{"action_id":"conditional_options","is_active":true,"hidden_options":[{"component_id":"1675945592","component_options":[-1,40108,40109,40110,51355,51356],"options_modifier":"not-in"}]}],"enabled":true},{"id":"1689327895","name":"LT 80","description":"","configuration":[{"component_id":"1674815192","options_modifier":"in","component_options":[18899,18791]}],"actions":[{"action_id":"compat_group","is_active":false},{"action_id":"conditional_components","is_active":false,"hidden_components":[]},{"action_id":"conditional_options","is_active":true,"hidden_options":[{"component_id":"1689327809","component_options":[-1,50124],"options_modifier":"not-in"}]}],"enabled":true},{"id":"1689327896","name":"LT 100","description":"","configuration":[{"component_id":"1674815192","options_modifier":"in","component_options":[18926,18915,18888,18863,18934,18797,18869,18847,18852,18942]}],"actions":[{"action_id":"compat_group","is_active":false},{"action_id":"conditional_components","is_active":false,"hidden_components":[]},{"action_id":"conditional_options","is_active":true,"hidden_options":[{"component_id":"1689327809","component_options":[-1,50128],"options_modifier":"not-in"}]}],"enabled":true}],"bundled_by":[],"bundle_stock_status":"instock","bundle_stock_quantity":null,"bundle_virtual":false,"bundle_layout":"","bundle_add_to_cart_form_location":"","bundle_editable_in_cart":false,"bundle_sold_individually_context":"","bundle_item_grouping":"","bundle_min_size":"","bundle_max_size":"","bundled_items":[],"bundle_sell_ids":[],"acf":[],"yoast_head":"<!-- This site is optimized with the Yoast SEO plugin v27.4 - https:\/\/yoast.com\/product\/yoast-seo-wordpress\/ -->\n<title>Spot Revo Medium Semi-Encastr\u00e9 | Exenia<\/title>\n<meta name=\"robots\" content=\"noindex, follow, max-snippet:-1, max-image-preview:large, max-video-preview:-1\" \/>\n<meta property=\"og:locale\" content=\"fr_FR\" \/>\n<meta property=\"og:type\" content=\"article\" \/>\n<meta property=\"og:title\" content=\"Spot Revo Medium Semi-Encastr\u00e9 | Exenia\" \/>\n<meta property=\"og:description\" content=\"La s\u00e9rie Spot Revo se distingue par un rapport performance\/taille...\" \/>\n<meta property=\"og:url\" content=\"https:\/\/restyling.exenia.eu\/fr\/produit\/spot-revo-medium-semi-encastre\/\" \/>\n<meta property=\"og:site_name\" content=\"Exenia\" \/>\n<meta property=\"article:publisher\" content=\"https:\/\/www.facebook.com\/exenialighting\" \/>\n<meta property=\"article:modified_time\" content=\"2023-07-14T07:46:14+00:00\" \/>\n<meta property=\"og:image\" content=\"https:\/\/restyling.exenia.eu\/wp-content\/uploads\/2023\/01\/Spot-revo-semi-medium-prodotto.jpg\" \/>\n\t<meta property=\"og:image:width\" content=\"2000\" \/>\n\t<meta property=\"og:image:height\" content=\"1919\" \/>\n\t<meta property=\"og:image:type\" content=\"image\/jpeg\" \/>\n<!-- \/ Yoast SEO plugin. -->","yoast_head_json":{"title":"Spot Revo Medium Semi-Encastr\u00e9 | Exenia","robots":{"index":"noindex","follow":"follow","max-snippet":"max-snippet:-1","max-image-preview":"max-image-preview:large","max-video-preview":"max-video-preview:-1"},"og_locale":"fr_FR","og_type":"article","og_title":"Spot Revo Medium Semi-Encastr\u00e9 | Exenia","og_description":"La s\u00e9rie Spot Revo se distingue par un rapport performance\/taille...","og_url":"https:\/\/restyling.exenia.eu\/fr\/produit\/spot-revo-medium-semi-encastre\/","og_site_name":"Exenia","article_publisher":"https:\/\/www.facebook.com\/exenialighting","article_modified_time":"2023-07-14T07:46:14+00:00","og_image":[{"width":2000,"height":1919,"url":"https:\/\/restyling.exenia.eu\/wp-content\/uploads\/2023\/01\/Spot-revo-semi-medium-prodotto.jpg","type":"image\/jpeg"}],"schema":{"@context":"https:\/\/schema.org","@graph":[{"@type":"WebPage","@id":"https:\/\/restyling.exenia.eu\/fr\/produit\/spot-revo-medium-semi-encastre\/","url":"https:\/\/restyling.exenia.eu\/fr\/produit\/spot-revo-medium-semi-encastre\/","name":"Spot Revo Medium Semi-Encastr\u00e9 | Exenia","isPartOf":{"@id":"https:\/\/restyling.exenia.eu\/#website"},"primaryImageOfPage":{"@id":"https:\/\/restyling.exenia.eu\/fr\/produit\/spot-revo-medium-semi-encastre\/#primaryimage"},"image":{"@id":"https:\/\/restyling.exenia.eu\/fr\/produit\/spot-revo-medium-semi-encastre\/#primaryimage"},"thumbnailUrl":"https:\/\/restyling.exenia.eu\/wp-content\/uploads\/2023\/01\/Spot-revo-semi-medium-prodotto.jpg","datePublished":"2022-11-24T08:51:15+00:00","dateModified":"2023-07-14T07:46:14+00:00","breadcrumb":{"@id":"https:\/\/restyling.exenia.eu\/fr\/produit\/spot-revo-medium-semi-encastre\/#breadcrumb"},"inLanguage":"fr-FR","potentialAction":[{"@type":"ReadAction","target":["https:\/\/restyling.exenia.eu\/fr\/produit\/spot-revo-medium-semi-encastre\/"]}]},{"@type":"ImageObject","inLanguage":"fr-FR","@id":"https:\/\/restyling.exenia.eu\/fr\/produit\/spot-revo-medium-semi-encastre\/#primaryimage","url":"https:\/\/restyling.exenia.eu\/wp-content\/uploads\/2023\/01\/Spot-revo-semi-medium-prodotto.jpg","contentUrl":"https:\/\/restyling.exenia.eu\/wp-content\/uploads\/2023\/01\/Spot-revo-semi-medium-prodotto.jpg","width":2000,"height":1919},{"@type":"BreadcrumbList","@id":"https:\/\/restyling.exenia.eu\/fr\/produit\/spot-revo-medium-semi-encastre\/#breadcrumb","itemListElement":[{"@type":"ListItem","position":1,"name":"Home","item":"https:\/\/restyling.exenia.eu\/"},{"@type":"ListItem","position":2,"name":"Produits","item":"https:\/\/restyling.exenia.eu\/prodotti\/"},{"@type":"ListItem","position":3,"name":"Indoor","item":"https:\/\/restyling.exenia.eu\/fr\/c\/indoor\/"},{"@type":"ListItem","position":4,"name":"Encastr\u00e9s","item":"https:\/\/restyling.exenia.eu\/fr\/c\/indoor\/encastres\/"},{"@type":"ListItem","position":5,"name":"Spot Revo","item":"https:\/\/restyling.exenia.eu\/fr\/c\/indoor\/encastres\/spot-revo-encastres\/"},{"@type":"ListItem","position":6,"name":"Spot Revo Medium Semi-Encastr\u00e9"}]},{"@type":"WebSite","@id":"https:\/\/restyling.exenia.eu\/#website","url":"https:\/\/restyling.exenia.eu\/","name":"Exenia","description":"","publisher":{"@id":"https:\/\/restyling.exenia.eu\/#organization"},"potentialAction":[{"@type":"SearchAction","target":{"@type":"EntryPoint","urlTemplate":"https:\/\/restyling.exenia.eu\/?s={search_term_string}"},"query-input":{"@type":"PropertyValueSpecification","valueRequired":true,"valueName":"search_term_string"}}],"inLanguage":"fr-FR"},{"@type":"Organization","@id":"https:\/\/restyling.exenia.eu\/#organization","name":"Exenia","url":"https:\/\/restyling.exenia.eu\/","logo":{"@type":"ImageObject","inLanguage":"fr-FR","@id":"https:\/\/restyling.exenia.eu\/#\/schema\/logo\/image\/","url":"https:\/\/restyling.exenia.eu\/wp-content\/uploads\/2022\/09\/logo_exenia-e1678467519405.png","contentUrl":"https:\/\/restyling.exenia.eu\/wp-content\/uploads\/2022\/09\/logo_exenia-e1678467519405.png","width":600,"height":194,"caption":"Exenia"},"image":{"@id":"https:\/\/restyling.exenia.eu\/#\/schema\/logo\/image\/"},"sameAs":["https:\/\/www.facebook.com\/exenialighting","https:\/\/x.com\/ExeniaLighting"]}]}},"_links":{"self":[{"href":"https:\/\/restyling.exenia.eu\/fr\/wp-json\/wp\/v2\/product\/27209","targetHints":{"allow":["GET"]}}],"collection":[{"href":"https:\/\/restyling.exenia.eu\/fr\/wp-json\/wp\/v2\/product"}],"about":[{"href":"https:\/\/restyling.exenia.eu\/fr\/wp-json\/wp\/v2\/types\/product"}],"wp:featuredmedia":[{"embeddable":true,"href":"https:\/\/restyling.exenia.eu\/fr\/wp-json\/wp\/v2\/media\/23817"}],"wp:attachment":[{"href":"https:\/\/restyling.exenia.eu\/fr\/wp-json\/wp\/v2\/media?parent=27209"}],"wp:term":[{"taxonomy":"product_brand","embeddable":true,"href":"https:\/\/restyling.exenia.eu\/fr\/wp-json\/wp\/v2\/product_brand?post=27209"},{"taxonomy":"product_cat","embeddable":true,"href":"https:\/\/restyling.exenia.eu\/fr\/wp-json\/wp\/v2\/product_cat?post=27209"},{"taxonomy":"product_tag","embeddable":true,"href":"https:\/\/restyling.exenia.eu\/fr\/wp-json\/wp\/v2\/product_tag?post=27209"},{"taxonomy":"categoria-admin-prodotto","embeddable":true,"href":"https:\/\/restyling.exenia.eu\/fr\/wp-json\/wp\/v2\/categoria-admin-prodotto?post=27209"}],"curies":[{"name":"wp","href":"https:\/\/api.w.org\/{rel}","templated":true}]}}