{"id":27212,"date":"2022-11-24T09:51:15","date_gmt":"2022-11-24T08:51:15","guid":{"rendered":"https:\/\/www.exenia.eu\/prodotto\/spot-revo-mini-semi-incasso\/"},"modified":"2023-06-13T14:39:32","modified_gmt":"2023-06-13T12:39:32","slug":"spot-revo-mini-semi-encastre","status":"publish","type":"product","link":"https:\/\/restyling.exenia.eu\/fr\/produit\/spot-revo-mini-semi-encastre\/","title":{"rendered":"Spot Revo Mini Semi-Encastr\u00e9"},"content":{"rendered":"<p>La s\u00e9rie Spot Revo poss\u00e8de un rapport de taille de performance marqu\u00e9, une riche possibilit\u00e9 d&rsquo;int\u00e9grations accessoires et un large \u00e9ventail de finitions mais surtout elle se d\u00e9marque pour sa pr\u00e9cision, sa propret\u00e9 et son uniformit\u00e9 de la projection.<br \/>\nLa poudre \u00e0 rev\u00eatement en poudre La structure en aluminium offre diff\u00e9rentes finitions et 5 tailles diff\u00e9rentes. Construit et produit enti\u00e8rement en Italie.<\/p>\n<p>La version <strong> mini <\/strong> offre des faisceaux de 8\u00b0 \u00e0 34\u00b0 un Elliptique EL avec de nombreux accessoires pour la gamme. Le rendu haute couleur, le coefficient UGR &lt; 10 et la conformit\u00e9 aux param\u00e8tres d&rsquo;\u00e9clairage sombre sont compl\u00e9t\u00e9s par la qualit\u00e9 du 2 SDCM de la source lumineuse et par la propret\u00e9 particuli\u00e8re de la projection du faisceau.<br \/>\nLa compatibilit\u00e9 compl\u00e8te avec les plus courantes Les syst\u00e8mes de contr\u00f4le font de Spot Revo Mini l&rsquo;outil parfait dans les contextes o\u00f9 la valeur de la source est d\u00e9termin\u00e9e par une qualit\u00e9 de performance tr\u00e8s \u00e9lev\u00e9e et par la intrusivit\u00e9 physique et visuelle minimale.<br \/>\nLa version multi-optique permet d&rsquo;utiliser des faisceaux diff\u00e9renci\u00e9s sur le M\u00eame luminaire dans les variantes d&rsquo;ouverture<br \/>\nLes versions multi-optiques configur\u00e9es avec des poutres unifi\u00e9es sont disponibles dans toutes les variantes de SP, NF, FL ouvertures<\/p>\n","protected":false},"excerpt":{"rendered":"<p>La s\u00e9rie Spot Revo poss\u00e8de un rapport de taille de&#8230;<\/p>\n","protected":false},"featured_media":23847,"template":"","meta":{"_acf_changed":false},"product_brand":[],"product_cat":[2677],"product_tag":[7435,7438],"categoria-admin-prodotto":[],"class_list":{"0":"post-27212","1":"product","2":"type-product","3":"status-publish","4":"has-post-thumbnail","6":"product_cat-spot-revo-encastres","7":"product_tag-38480-fr","8":"product_tag-38481-fr","9":"pa_cct-2700k-fr","10":"pa_cct-3000k-fr","11":"pa_cct-3500k-fr","12":"pa_cct-4000k-fr","13":"pa_certificazione-conformita-ce-fr","14":"pa_classe-f-oui","15":"pa_cri-92-fr","16":"pa_cri-98-fr","17":"pa_grado-ip-ip20-fr","18":"pa_lifetime-l80b10-100-000-ore-fr","19":"pa_temperatura-di-esercizio-10-35-fr","21":"first","22":"instock","23":"purchasable","24":"product-type-composite"},"composite_virtual":false,"composite_layout":"single","composite_add_to_cart_form_location":"default","composite_editable_in_cart":false,"composite_sold_individually_context":"product","composite_shop_price_calc":"defaults","composite_components":[{"id":"1674813826","title":"Corp de l&#039;appareil","description":"","query_type":"product_ids","query_ids":[18569],"default_option_id":18569,"thumbnail_id":"","thumbnail_src":"","quantity_min":1,"quantity_max":1,"priced_individually":false,"shipped_individually":false,"optional":false,"discount":"","options_style":"radios","pagination_style":"classic","display_prices":"absolute","show_sorting_options":false,"show_filtering_options":false,"attribute_filter_ids":[],"product_title_visible":false,"product_descr_visible":false,"product_price_visible":false,"product_thumb_visible":false,"subtotal_visible_product":false,"subtotal_visible_cart":false,"subtotal_visible_orders":false},{"id":"1674813827","title":"Version","description":"","query_type":"product_ids","query_ids":[19135,19147],"default_option_id":"","thumbnail_id":"","thumbnail_src":"","quantity_min":1,"quantity_max":1,"priced_individually":false,"shipped_individually":false,"optional":true,"discount":"","options_style":"radios","pagination_style":"classic","display_prices":"absolute","show_sorting_options":false,"show_filtering_options":false,"attribute_filter_ids":[],"product_title_visible":false,"product_descr_visible":false,"product_price_visible":false,"product_thumb_visible":false,"subtotal_visible_product":false,"subtotal_visible_cart":false,"subtotal_visible_orders":false},{"id":"1674813828","title":"Controle","description":"","query_type":"product_ids","query_ids":[18493],"default_option_id":18493,"thumbnail_id":"","thumbnail_src":"","quantity_min":1,"quantity_max":1,"priced_individually":false,"shipped_individually":false,"optional":false,"discount":"","options_style":"radios","pagination_style":"classic","display_prices":"absolute","show_sorting_options":false,"show_filtering_options":false,"attribute_filter_ids":[],"product_title_visible":false,"product_descr_visible":false,"product_price_visible":false,"product_thumb_visible":false,"subtotal_visible_product":false,"subtotal_visible_cart":false,"subtotal_visible_orders":false},{"id":"1674813829","title":"Finition","description":"","query_type":"product_ids","query_ids":[18774,18749,18707,18753,18762,18759],"default_option_id":"","thumbnail_id":"","thumbnail_src":"","quantity_min":1,"quantity_max":1,"priced_individually":false,"shipped_individually":false,"optional":true,"discount":"","options_style":"radios","pagination_style":"classic","display_prices":"absolute","show_sorting_options":false,"show_filtering_options":false,"attribute_filter_ids":[],"product_title_visible":false,"product_descr_visible":false,"product_price_visible":false,"product_thumb_visible":false,"subtotal_visible_product":false,"subtotal_visible_cart":false,"subtotal_visible_orders":false},{"id":"1674813830","title":"CRI-CCT","description":"","query_type":"product_ids","query_ids":[18627,18628,18630,18629,18637,18638,18640,18639],"default_option_id":"","thumbnail_id":"","thumbnail_src":"","quantity_min":1,"quantity_max":1,"priced_individually":false,"shipped_individually":false,"optional":true,"discount":"","options_style":"radios","pagination_style":"classic","display_prices":"absolute","show_sorting_options":false,"show_filtering_options":false,"attribute_filter_ids":[],"product_title_visible":false,"product_descr_visible":false,"product_price_visible":false,"product_thumb_visible":false,"subtotal_visible_product":false,"subtotal_visible_cart":false,"subtotal_visible_orders":false},{"id":"1674813831","title":"Optique","description":"","query_type":"product_ids","query_ids":[18925,18900,18792,18913,18891,18857],"default_option_id":"","thumbnail_id":"","thumbnail_src":"","quantity_min":1,"quantity_max":1,"priced_individually":false,"shipped_individually":false,"optional":true,"discount":"","options_style":"radios","pagination_style":"classic","display_prices":"absolute","show_sorting_options":false,"show_filtering_options":false,"attribute_filter_ids":[],"product_title_visible":false,"product_descr_visible":false,"product_price_visible":false,"product_thumb_visible":false,"subtotal_visible_product":false,"subtotal_visible_cart":false,"subtotal_visible_orders":false},{"id":"1674813832","title":"Accessoires mont\u00e9s en usine","description":"","query_type":"product_ids","query_ids":[18413,18388,18417,18419,18383],"default_option_id":"","thumbnail_id":"","thumbnail_src":"","quantity_min":1,"quantity_max":1,"priced_individually":false,"shipped_individually":false,"optional":true,"discount":"","options_style":"radios","pagination_style":"classic","display_prices":"absolute","show_sorting_options":false,"show_filtering_options":false,"attribute_filter_ids":[],"product_title_visible":false,"product_descr_visible":false,"product_price_visible":false,"product_thumb_visible":false,"subtotal_visible_product":false,"subtotal_visible_cart":false,"subtotal_visible_orders":false},{"id":"1675944232","title":" ","description":"","query_type":"product_ids","query_ids":[7634],"default_option_id":7634,"thumbnail_id":"","thumbnail_src":"","quantity_min":1,"quantity_max":1,"priced_individually":false,"shipped_individually":false,"optional":false,"discount":"","options_style":"radios","pagination_style":"classic","display_prices":"absolute","show_sorting_options":false,"show_filtering_options":false,"attribute_filter_ids":[],"product_title_visible":false,"product_descr_visible":false,"product_price_visible":false,"product_thumb_visible":false,"subtotal_visible_product":false,"subtotal_visible_cart":false,"subtotal_visible_orders":false},{"id":"1675944233","title":"Alimentation \u00e9lectrique (pour l&#039;option d&#039;urgence, contacter le service interne)","description":"","query_type":"product_ids","query_ids":[40172,40151,40106],"default_option_id":"","thumbnail_id":"","thumbnail_src":"","quantity_min":1,"quantity_max":1,"priced_individually":false,"shipped_individually":false,"optional":true,"discount":"","options_style":"radios","pagination_style":"classic","display_prices":"absolute","show_sorting_options":false,"show_filtering_options":false,"attribute_filter_ids":[],"product_title_visible":false,"product_descr_visible":false,"product_price_visible":false,"product_thumb_visible":true,"subtotal_visible_product":false,"subtotal_visible_cart":false,"subtotal_visible_orders":false},{"id":"1676887531","title":"Accessoires ind\u00e9pendants","description":"","query_type":"product_ids","query_ids":[40644],"default_option_id":40644,"thumbnail_id":"","thumbnail_src":"","quantity_min":1,"quantity_max":1,"priced_individually":false,"shipped_individually":false,"optional":false,"discount":"","options_style":"radios","pagination_style":"classic","display_prices":"absolute","show_sorting_options":false,"show_filtering_options":false,"attribute_filter_ids":[],"product_title_visible":false,"product_descr_visible":true,"product_price_visible":false,"product_thumb_visible":false,"subtotal_visible_product":false,"subtotal_visible_cart":false,"subtotal_visible_orders":false}],"composite_scenarios":[{"id":"1674813957","name":"cri98","description":"","configuration":[{"component_id":"1674813830","options_modifier":"in","component_options":[18637,18638,18640,18639]}],"actions":[{"action_id":"compat_group","is_active":false},{"action_id":"conditional_components","is_active":false,"hidden_components":[]},{"action_id":"conditional_options","is_active":true,"hidden_options":[{"component_id":"1674813831","component_options":[18925,18900,18792],"options_modifier":"in"}]}],"enabled":true},{"id":"1674813958","name":"very narrow","description":"","configuration":[{"component_id":"1674813831","options_modifier":"in","component_options":[18925]}],"actions":[{"action_id":"compat_group","is_active":false},{"action_id":"conditional_components","is_active":false,"hidden_components":[]},{"action_id":"conditional_options","is_active":true,"hidden_options":[{"component_id":"1674813830","component_options":[18637,18638,18640,18639],"options_modifier":"in"}]}],"enabled":true},{"id":"1674813959","name":"narrow spot","description":"","configuration":[{"component_id":"1674813831","options_modifier":"in","component_options":[18900]}],"actions":[{"action_id":"compat_group","is_active":false},{"action_id":"conditional_components","is_active":false,"hidden_components":[]},{"action_id":"conditional_options","is_active":true,"hidden_options":[{"component_id":"1674813830","component_options":[18637,18638,18640,18639],"options_modifier":"in"},{"component_id":"1674813832","component_options":[18383],"options_modifier":"in"}]}],"enabled":true},{"id":"1674813960","name":"ell. nar.spot","description":"","configuration":[{"component_id":"1674813831","options_modifier":"in","component_options":[18792]}],"actions":[{"action_id":"compat_group","is_active":false},{"action_id":"conditional_components","is_active":false,"hidden_components":[]},{"action_id":"conditional_options","is_active":true,"hidden_options":[{"component_id":"1674813830","component_options":[18637,18638,18640,18639],"options_modifier":"in"},{"component_id":"1674813832","component_options":[-1,18413],"options_modifier":"not-in"}]}],"enabled":true},{"id":"1674814867","name":"honeycomb\/snoot\/visor","description":"","configuration":[{"component_id":"1674813832","options_modifier":"in","component_options":[18388,18417,18419]}],"actions":[{"action_id":"compat_group","is_active":false},{"action_id":"conditional_components","is_active":false,"hidden_components":[]},{"action_id":"conditional_options","is_active":true,"hidden_options":[{"component_id":"1674813831","component_options":[18792],"options_modifier":"in"}]}],"enabled":true},{"id":"1674814868","name":"lente ellittica","description":"","configuration":[{"component_id":"1674813832","options_modifier":"in","component_options":[18383]}],"actions":[{"action_id":"compat_group","is_active":false},{"action_id":"conditional_components","is_active":false,"hidden_components":[]},{"action_id":"conditional_options","is_active":true,"hidden_options":[{"component_id":"1674813831","component_options":[18900,18792],"options_modifier":"in"}]}],"enabled":true},{"id":"1675944636","name":"NO DRIVER NO SELECTION 1","description":"","configuration":[{"component_id":"1674813827","options_modifier":"in","component_options":[-1]}],"actions":[{"action_id":"compat_group","is_active":false},{"action_id":"conditional_components","is_active":false,"hidden_components":[]},{"action_id":"conditional_options","is_active":true,"hidden_options":[{"component_id":"1675944233","component_options":[-1],"options_modifier":"not-in"}]}],"enabled":true},{"id":"1675944637","name":"NO DRIVER NO SELECTION 2","description":"","configuration":[{"component_id":"1674813831","options_modifier":"in","component_options":[-1]}],"actions":[{"action_id":"compat_group","is_active":false},{"action_id":"conditional_components","is_active":false,"hidden_components":[]},{"action_id":"conditional_options","is_active":true,"hidden_options":[{"component_id":"1675944233","component_options":[-1],"options_modifier":"not-in"}]}],"enabled":true},{"id":"1675944638","name":"V 1X","description":"","configuration":[{"component_id":"1674813827","options_modifier":"in","component_options":[19135]},{"component_id":"1674813831","options_modifier":"in","component_options":[18925]}],"actions":[{"action_id":"compat_group","is_active":false},{"action_id":"conditional_components","is_active":false,"hidden_components":[]},{"action_id":"conditional_options","is_active":true,"hidden_options":[{"component_id":"1675944233","component_options":[-1,51354,51355,40107,40108,40109],"options_modifier":"not-in"}]}],"enabled":true},{"id":"1675944639","name":"N-2 1X","description":"","configuration":[{"component_id":"1674813827","options_modifier":"in","component_options":[19135]},{"component_id":"1674813831","options_modifier":"in","component_options":[18900,18792]}],"actions":[{"action_id":"compat_group","is_active":false},{"action_id":"conditional_components","is_active":false,"hidden_components":[]},{"action_id":"conditional_options","is_active":true,"hidden_options":[{"component_id":"1675944233","component_options":[-1,75312,75313,51278,51279,40179],"options_modifier":"not-in"}]}],"enabled":true},{"id":"1675944640","name":"S-M-F 1X","description":"","configuration":[{"component_id":"1674813827","options_modifier":"in","component_options":[19135]},{"component_id":"1674813831","options_modifier":"in","component_options":[18913,18891,18857]}],"actions":[{"action_id":"compat_group","is_active":false},{"action_id":"conditional_components","is_active":false,"hidden_components":[]},{"action_id":"conditional_options","is_active":true,"hidden_options":[{"component_id":"1675944233","component_options":[-1,75330,75331,51297,40154,40163],"options_modifier":"not-in"}]}],"enabled":true},{"id":"1675944641","name":"V 2X","description":"","configuration":[{"component_id":"1674813827","options_modifier":"in","component_options":[19147]},{"component_id":"1674813831","options_modifier":"in","component_options":[18925]}],"actions":[{"action_id":"compat_group","is_active":false},{"action_id":"conditional_components","is_active":false,"hidden_components":[]},{"action_id":"conditional_options","is_active":true,"hidden_options":[{"component_id":"1675944233","component_options":[-1,75377,75378,40107,40113,40116],"options_modifier":"not-in"}]}],"enabled":true},{"id":"1675944642","name":"N-2 2X","description":"","configuration":[{"component_id":"1674813827","options_modifier":"in","component_options":[19147]},{"component_id":"1674813831","options_modifier":"in","component_options":[18900,18792]}],"actions":[{"action_id":"compat_group","is_active":false},{"action_id":"conditional_components","is_active":false,"hidden_components":[]},{"action_id":"conditional_options","is_active":true,"hidden_options":[{"component_id":"1675944233","component_options":[-1,75312,75313,40179,40184,40190],"options_modifier":"not-in"}]}],"enabled":true},{"id":"1675944643","name":"S-M-F 2X","description":"","configuration":[{"component_id":"1674813827","options_modifier":"in","component_options":[19147]},{"component_id":"1674813831","options_modifier":"in","component_options":[18913,18891,18857]}],"actions":[{"action_id":"compat_group","is_active":false},{"action_id":"conditional_components","is_active":false,"hidden_components":[]},{"action_id":"conditional_options","is_active":true,"hidden_options":[{"component_id":"1675944233","component_options":[-1,75330,75331,40154,40163,40167],"options_modifier":"not-in"}]}],"enabled":true}],"bundled_by":[],"bundle_stock_status":"instock","bundle_stock_quantity":null,"bundle_virtual":false,"bundle_layout":"","bundle_add_to_cart_form_location":"","bundle_editable_in_cart":false,"bundle_sold_individually_context":"","bundle_item_grouping":"","bundle_min_size":"","bundle_max_size":"","bundled_items":[],"bundle_sell_ids":[],"acf":[],"yoast_head":"<!-- This site is optimized with the Yoast SEO plugin v27.5 - https:\/\/yoast.com\/product\/yoast-seo-wordpress\/ -->\n<title>Spot Revo Mini Semi-Encastr\u00e9 | Exenia<\/title>\n<meta name=\"robots\" content=\"noindex, follow, max-snippet:-1, max-image-preview:large, max-video-preview:-1\" \/>\n<meta property=\"og:locale\" content=\"fr_FR\" \/>\n<meta property=\"og:type\" content=\"article\" \/>\n<meta property=\"og:title\" content=\"Spot Revo Mini Semi-Encastr\u00e9 | Exenia\" \/>\n<meta property=\"og:description\" content=\"La s\u00e9rie Spot Revo poss\u00e8de un rapport de taille de...\" \/>\n<meta property=\"og:url\" content=\"https:\/\/restyling.exenia.eu\/fr\/produit\/spot-revo-mini-semi-encastre\/\" \/>\n<meta property=\"og:site_name\" content=\"Exenia\" \/>\n<meta property=\"article:publisher\" content=\"https:\/\/www.facebook.com\/exenialighting\" \/>\n<meta property=\"article:modified_time\" content=\"2023-06-13T12:39:32+00:00\" \/>\n<meta property=\"og:image\" content=\"https:\/\/restyling.exenia.eu\/wp-content\/uploads\/2023\/01\/Spot-revo-semi-mini-prodotto.jpg\" \/>\n\t<meta property=\"og:image:width\" content=\"2000\" \/>\n\t<meta property=\"og:image:height\" content=\"1919\" \/>\n\t<meta property=\"og:image:type\" content=\"image\/jpeg\" \/>\n<!-- \/ Yoast SEO plugin. -->","yoast_head_json":{"title":"Spot Revo Mini Semi-Encastr\u00e9 | Exenia","robots":{"index":"noindex","follow":"follow","max-snippet":"max-snippet:-1","max-image-preview":"max-image-preview:large","max-video-preview":"max-video-preview:-1"},"og_locale":"fr_FR","og_type":"article","og_title":"Spot Revo Mini Semi-Encastr\u00e9 | Exenia","og_description":"La s\u00e9rie Spot Revo poss\u00e8de un rapport de taille de...","og_url":"https:\/\/restyling.exenia.eu\/fr\/produit\/spot-revo-mini-semi-encastre\/","og_site_name":"Exenia","article_publisher":"https:\/\/www.facebook.com\/exenialighting","article_modified_time":"2023-06-13T12:39:32+00:00","og_image":[{"width":2000,"height":1919,"url":"https:\/\/restyling.exenia.eu\/wp-content\/uploads\/2023\/01\/Spot-revo-semi-mini-prodotto.jpg","type":"image\/jpeg"}],"schema":{"@context":"https:\/\/schema.org","@graph":[{"@type":"WebPage","@id":"https:\/\/restyling.exenia.eu\/fr\/produit\/spot-revo-mini-semi-encastre\/","url":"https:\/\/restyling.exenia.eu\/fr\/produit\/spot-revo-mini-semi-encastre\/","name":"Spot Revo Mini Semi-Encastr\u00e9 | Exenia","isPartOf":{"@id":"https:\/\/restyling.exenia.eu\/#website"},"primaryImageOfPage":{"@id":"https:\/\/restyling.exenia.eu\/fr\/produit\/spot-revo-mini-semi-encastre\/#primaryimage"},"image":{"@id":"https:\/\/restyling.exenia.eu\/fr\/produit\/spot-revo-mini-semi-encastre\/#primaryimage"},"thumbnailUrl":"https:\/\/restyling.exenia.eu\/wp-content\/uploads\/2023\/01\/Spot-revo-semi-mini-prodotto.jpg","datePublished":"2022-11-24T08:51:15+00:00","dateModified":"2023-06-13T12:39:32+00:00","breadcrumb":{"@id":"https:\/\/restyling.exenia.eu\/fr\/produit\/spot-revo-mini-semi-encastre\/#breadcrumb"},"inLanguage":"fr-FR","potentialAction":[{"@type":"ReadAction","target":["https:\/\/restyling.exenia.eu\/fr\/produit\/spot-revo-mini-semi-encastre\/"]}]},{"@type":"ImageObject","inLanguage":"fr-FR","@id":"https:\/\/restyling.exenia.eu\/fr\/produit\/spot-revo-mini-semi-encastre\/#primaryimage","url":"https:\/\/restyling.exenia.eu\/wp-content\/uploads\/2023\/01\/Spot-revo-semi-mini-prodotto.jpg","contentUrl":"https:\/\/restyling.exenia.eu\/wp-content\/uploads\/2023\/01\/Spot-revo-semi-mini-prodotto.jpg","width":2000,"height":1919},{"@type":"BreadcrumbList","@id":"https:\/\/restyling.exenia.eu\/fr\/produit\/spot-revo-mini-semi-encastre\/#breadcrumb","itemListElement":[{"@type":"ListItem","position":1,"name":"Home","item":"https:\/\/restyling.exenia.eu\/"},{"@type":"ListItem","position":2,"name":"Produits","item":"https:\/\/restyling.exenia.eu\/prodotti\/"},{"@type":"ListItem","position":3,"name":"Indoor","item":"https:\/\/restyling.exenia.eu\/fr\/c\/indoor\/"},{"@type":"ListItem","position":4,"name":"Encastr\u00e9s","item":"https:\/\/restyling.exenia.eu\/fr\/c\/indoor\/encastres\/"},{"@type":"ListItem","position":5,"name":"Spot Revo","item":"https:\/\/restyling.exenia.eu\/fr\/c\/indoor\/encastres\/spot-revo-encastres\/"},{"@type":"ListItem","position":6,"name":"Spot Revo Mini Semi-Encastr\u00e9"}]},{"@type":"WebSite","@id":"https:\/\/restyling.exenia.eu\/#website","url":"https:\/\/restyling.exenia.eu\/","name":"Exenia","description":"","publisher":{"@id":"https:\/\/restyling.exenia.eu\/#organization"},"potentialAction":[{"@type":"SearchAction","target":{"@type":"EntryPoint","urlTemplate":"https:\/\/restyling.exenia.eu\/?s={search_term_string}"},"query-input":{"@type":"PropertyValueSpecification","valueRequired":true,"valueName":"search_term_string"}}],"inLanguage":"fr-FR"},{"@type":"Organization","@id":"https:\/\/restyling.exenia.eu\/#organization","name":"Exenia","url":"https:\/\/restyling.exenia.eu\/","logo":{"@type":"ImageObject","inLanguage":"fr-FR","@id":"https:\/\/restyling.exenia.eu\/#\/schema\/logo\/image\/","url":"https:\/\/restyling.exenia.eu\/wp-content\/uploads\/2022\/09\/logo_exenia-e1678467519405.png","contentUrl":"https:\/\/restyling.exenia.eu\/wp-content\/uploads\/2022\/09\/logo_exenia-e1678467519405.png","width":600,"height":194,"caption":"Exenia"},"image":{"@id":"https:\/\/restyling.exenia.eu\/#\/schema\/logo\/image\/"},"sameAs":["https:\/\/www.facebook.com\/exenialighting","https:\/\/x.com\/ExeniaLighting"]}]}},"_links":{"self":[{"href":"https:\/\/restyling.exenia.eu\/fr\/wp-json\/wp\/v2\/product\/27212","targetHints":{"allow":["GET"]}}],"collection":[{"href":"https:\/\/restyling.exenia.eu\/fr\/wp-json\/wp\/v2\/product"}],"about":[{"href":"https:\/\/restyling.exenia.eu\/fr\/wp-json\/wp\/v2\/types\/product"}],"wp:featuredmedia":[{"embeddable":true,"href":"https:\/\/restyling.exenia.eu\/fr\/wp-json\/wp\/v2\/media\/23847"}],"wp:attachment":[{"href":"https:\/\/restyling.exenia.eu\/fr\/wp-json\/wp\/v2\/media?parent=27212"}],"wp:term":[{"taxonomy":"product_brand","embeddable":true,"href":"https:\/\/restyling.exenia.eu\/fr\/wp-json\/wp\/v2\/product_brand?post=27212"},{"taxonomy":"product_cat","embeddable":true,"href":"https:\/\/restyling.exenia.eu\/fr\/wp-json\/wp\/v2\/product_cat?post=27212"},{"taxonomy":"product_tag","embeddable":true,"href":"https:\/\/restyling.exenia.eu\/fr\/wp-json\/wp\/v2\/product_tag?post=27212"},{"taxonomy":"categoria-admin-prodotto","embeddable":true,"href":"https:\/\/restyling.exenia.eu\/fr\/wp-json\/wp\/v2\/categoria-admin-prodotto?post=27212"}],"curies":[{"name":"wp","href":"https:\/\/api.w.org\/{rel}","templated":true}]}}