{"id":27223,"date":"2022-11-24T09:50:58","date_gmt":"2022-11-24T08:50:58","guid":{"rendered":"https:\/\/www.exenia.eu\/prodotto\/pin-revo-medium-2\/"},"modified":"2023-06-13T14:39:20","modified_gmt":"2023-06-13T12:39:20","slug":"pin-revo-medium","status":"publish","type":"product","link":"https:\/\/restyling.exenia.eu\/fr\/produit\/pin-revo-medium\/","title":{"rendered":"Pin Revo Medium"},"content":{"rendered":"<p>Downlighters encastr\u00e9s avec protection IP54 couvrant le compartiment optique, con\u00e7u pour obtenir des performances maximales dans la plus petite taille, disponibles en versions fixes, simples et multiples et rondes.<br \/>\nD\u00e9di\u00e9 \u00e0 une conception d&rsquo;\u00e9clairage avanc\u00e9e, la nouvelle r\u00e9novation optique Reco Optical. Les syst\u00e8mes conviennent particuli\u00e8rement aux environnements avec un confort visuel tr\u00e8s \u00e9lev\u00e9.<br \/>\nDisponible en trois dimensions optiques, 4 variantes rotosym\u00e9triques par mod\u00e8le, toutes r\u00e9pondant aux facteurs UGR &lt; 13.<br \/>\nPin Reco dans toutes ses versions acquiert un suppl\u00e9ment \u00ab\u00a0High Comfort\u00a0\u00bb, Signification s&rsquo;il est configur\u00e9 avec des c\u00f4nes optiques noirs. \u00e9quip\u00e9s de \u00ab\u00a0Cross\u00a0\u00bb Optique rotosym\u00e9trique, elles sont particuli\u00e8rement adapt\u00e9es \u00e0 une utilisation dans des projets o\u00f9 de faibles luminances et capacit\u00e9s photom\u00e9triques deviennent cruciales.<\/p>\n<p>La version PIN REVO <strong> Medium <\/strong> avec un diam\u00e8tre de 100 mm est disponible dans des faisceaux de 18\u00b0, 25\u00b0, 34\u00b0, 50\u00b0 Avec les coefficients UGR &lt; 13, en rendu haute couleur, qualit\u00e9 de la source lumineuse dans 2 sdcm.<br \/>\nLa propret\u00e9 de la projection et la connotation photom\u00e9trique raffin\u00e9e font de cette famille la combinaison id\u00e9ale de performances professionnelles contenues sous la forme la plus essentielle du minimalisme graphique. Compatibilit\u00e9 compl\u00e8te avec les syst\u00e8mes de contr\u00f4le les plus populaires Faire PIN Reco Medium l&rsquo;outil parfait dans les contextes o\u00f9 la gestion de l&rsquo;\u00e9clairage et la sc\u00e9nographie sont cruciales pour la sp\u00e9cification du projet.<br \/>\nLes versions configur\u00e9es avec des c\u00f4nes noires sont d\u00e9finies comme \u0093High Comfort\u0094 car ils respectent pleinement les param\u00e8tres d&rsquo;\u00e9clairage sombres et les valeurs UGR &lt; 10.<\/p>\n","protected":false},"excerpt":{"rendered":"<p>Downlighters encastr\u00e9s avec protection IP54 couvrant le compartiment optique, con\u00e7u&#8230;<\/p>\n","protected":false},"featured_media":11926,"template":"","meta":{"_acf_changed":false},"product_brand":[],"product_cat":[2675],"product_tag":[7393],"categoria-admin-prodotto":[],"class_list":{"0":"post-27223","1":"product","2":"type-product","3":"status-publish","4":"has-post-thumbnail","6":"product_cat-pin-revo-encastres","7":"product_tag-12480-fr","8":"pa_cct-2700k-fr","9":"pa_cct-3000k-fr","10":"pa_cct-3500k-fr","11":"pa_cct-4000k-fr","12":"pa_certificazione-conformita-ce-fr","13":"pa_classe-f-oui","14":"pa_cri-92-fr","15":"pa_cri-98-fr","16":"pa_grado-ip-compartiment-interieur-ip20","17":"pa_grado-ip-bloc-optique-ip54","18":"pa_lifetime-l80b10-100-000-ore-fr","19":"pa_temperatura-di-esercizio-10-35-fr","21":"first","22":"instock","23":"purchasable","24":"product-type-composite"},"composite_virtual":false,"composite_layout":"single","composite_add_to_cart_form_location":"default","composite_editable_in_cart":false,"composite_sold_individually_context":"product","composite_shop_price_calc":"defaults","composite_components":[{"id":"1672841398","title":"Corps du luminaire","description":"","query_type":"product_ids","query_ids":[18503],"default_option_id":18503,"thumbnail_id":"","thumbnail_src":"","quantity_min":1,"quantity_max":1,"priced_individually":false,"shipped_individually":false,"optional":false,"discount":"","options_style":"radios","pagination_style":"classic","display_prices":"absolute","show_sorting_options":false,"show_filtering_options":false,"attribute_filter_ids":[],"product_title_visible":false,"product_descr_visible":false,"product_price_visible":false,"product_thumb_visible":false,"subtotal_visible_product":false,"subtotal_visible_cart":false,"subtotal_visible_orders":false},{"id":"1672841399","title":"Version","description":"","query_type":"product_ids","query_ids":[19145],"default_option_id":19145,"thumbnail_id":"","thumbnail_src":"","quantity_min":1,"quantity_max":1,"priced_individually":false,"shipped_individually":false,"optional":false,"discount":"","options_style":"radios","pagination_style":"classic","display_prices":"absolute","show_sorting_options":false,"show_filtering_options":false,"attribute_filter_ids":[],"product_title_visible":false,"product_descr_visible":false,"product_price_visible":false,"product_thumb_visible":false,"subtotal_visible_product":false,"subtotal_visible_cart":false,"subtotal_visible_orders":false},{"id":"1672841400","title":"Contr\u00f4le","description":"","query_type":"product_ids","query_ids":[18493],"default_option_id":18493,"thumbnail_id":"","thumbnail_src":"","quantity_min":1,"quantity_max":1,"priced_individually":false,"shipped_individually":false,"optional":false,"discount":"","options_style":"radios","pagination_style":"classic","display_prices":"absolute","show_sorting_options":false,"show_filtering_options":false,"attribute_filter_ids":[],"product_title_visible":false,"product_descr_visible":false,"product_price_visible":false,"product_thumb_visible":false,"subtotal_visible_product":false,"subtotal_visible_cart":false,"subtotal_visible_orders":false},{"id":"1672841401","title":"Finition","description":"","query_type":"product_ids","query_ids":[18703,74820,18707,18753,18759],"default_option_id":"","thumbnail_id":"","thumbnail_src":"","quantity_min":1,"quantity_max":1,"priced_individually":false,"shipped_individually":false,"optional":true,"discount":"","options_style":"radios","pagination_style":"classic","display_prices":"absolute","show_sorting_options":false,"show_filtering_options":false,"attribute_filter_ids":[],"product_title_visible":false,"product_descr_visible":false,"product_price_visible":false,"product_thumb_visible":false,"subtotal_visible_product":false,"subtotal_visible_cart":false,"subtotal_visible_orders":false},{"id":"1672841402","title":"CRI et CCT","description":"","query_type":"product_ids","query_ids":[18627,18628,18630,18629,18637,18638,18640,18639],"default_option_id":"","thumbnail_id":"","thumbnail_src":"","quantity_min":1,"quantity_max":1,"priced_individually":false,"shipped_individually":false,"optional":true,"discount":"","options_style":"radios","pagination_style":"classic","display_prices":"absolute","show_sorting_options":false,"show_filtering_options":false,"attribute_filter_ids":[],"product_title_visible":false,"product_descr_visible":false,"product_price_visible":false,"product_thumb_visible":false,"subtotal_visible_product":false,"subtotal_visible_cart":false,"subtotal_visible_orders":false},{"id":"1672841403","title":"Optique","description":"","query_type":"product_ids","query_ids":[18918,18893,18863,18936],"default_option_id":"","thumbnail_id":"","thumbnail_src":"","quantity_min":1,"quantity_max":1,"priced_individually":false,"shipped_individually":false,"optional":true,"discount":"","options_style":"radios","pagination_style":"classic","display_prices":"absolute","show_sorting_options":false,"show_filtering_options":false,"attribute_filter_ids":[],"product_title_visible":false,"product_descr_visible":false,"product_price_visible":false,"product_thumb_visible":false,"subtotal_visible_product":false,"subtotal_visible_cart":false,"subtotal_visible_orders":false},{"id":"1675943765","title":" ","description":"","query_type":"product_ids","query_ids":[7634],"default_option_id":7634,"thumbnail_id":"","thumbnail_src":"","quantity_min":1,"quantity_max":1,"priced_individually":false,"shipped_individually":false,"optional":false,"discount":"","options_style":"radios","pagination_style":"classic","display_prices":"absolute","show_sorting_options":false,"show_filtering_options":false,"attribute_filter_ids":[],"product_title_visible":false,"product_descr_visible":false,"product_price_visible":false,"product_thumb_visible":false,"subtotal_visible_product":false,"subtotal_visible_cart":false,"subtotal_visible_orders":false},{"id":"1679068730","title":"Alimentation \u00e9lectrique (pour l&#039;option d&#039;urgence, contacter le service interne)","description":"","query_type":"product_ids","query_ids":[40151],"default_option_id":40151,"thumbnail_id":"","thumbnail_src":"","quantity_min":1,"quantity_max":1,"priced_individually":false,"shipped_individually":false,"optional":false,"discount":"","options_style":"radios","pagination_style":"classic","display_prices":"absolute","show_sorting_options":false,"show_filtering_options":false,"attribute_filter_ids":[],"product_title_visible":false,"product_descr_visible":true,"product_price_visible":false,"product_thumb_visible":true,"subtotal_visible_product":false,"subtotal_visible_cart":false,"subtotal_visible_orders":false}],"composite_scenarios":[{"id":"1675943834","name":"NO DRIVER NO SELECTION ","description":"","configuration":[{"component_id":"1672841403","options_modifier":"in","component_options":[-1]}],"actions":[{"action_id":"compat_group","is_active":false},{"action_id":"conditional_components","is_active":false,"hidden_components":[]},{"action_id":"conditional_options","is_active":true,"hidden_options":[{"component_id":"1679068730","component_options":[-1],"options_modifier":"not-in"}]}],"enabled":true},{"id":"1675943835","name":"1x","description":"","configuration":[{"component_id":"1672841399","options_modifier":"in","component_options":[19145]}],"actions":[{"action_id":"compat_group","is_active":false},{"action_id":"conditional_components","is_active":false,"hidden_components":[]},{"action_id":"conditional_options","is_active":true,"hidden_options":[{"component_id":"1679068730","component_options":[-1,75330,75331,40157,40163,40167],"options_modifier":"not-in"}]}],"enabled":true}],"bundled_by":[],"bundle_stock_status":"instock","bundle_stock_quantity":null,"bundle_virtual":false,"bundle_layout":"","bundle_add_to_cart_form_location":"","bundle_editable_in_cart":false,"bundle_sold_individually_context":"","bundle_item_grouping":"","bundle_min_size":"","bundle_max_size":"","bundled_items":[],"bundle_sell_ids":[],"acf":[],"yoast_head":"<!-- This site is optimized with the Yoast SEO plugin v27.4 - https:\/\/yoast.com\/product\/yoast-seo-wordpress\/ -->\n<title>Pin Revo Medium | Exenia<\/title>\n<meta name=\"robots\" content=\"noindex, follow, max-snippet:-1, max-image-preview:large, max-video-preview:-1\" \/>\n<meta property=\"og:locale\" content=\"fr_FR\" \/>\n<meta property=\"og:type\" content=\"article\" \/>\n<meta property=\"og:title\" content=\"Pin Revo Medium | Exenia\" \/>\n<meta property=\"og:description\" content=\"Downlighters encastr\u00e9s avec protection IP54 couvrant le compartiment optique, con\u00e7u...\" \/>\n<meta property=\"og:url\" content=\"https:\/\/restyling.exenia.eu\/fr\/produit\/pin-revo-medium\/\" \/>\n<meta property=\"og:site_name\" content=\"Exenia\" \/>\n<meta property=\"article:publisher\" content=\"https:\/\/www.facebook.com\/exenialighting\" \/>\n<meta property=\"article:modified_time\" content=\"2023-06-13T12:39:20+00:00\" \/>\n<meta property=\"og:image\" content=\"https:\/\/restyling.exenia.eu\/wp-content\/uploads\/2023\/01\/Pin-revo-medium-prodotto.jpg\" \/>\n\t<meta property=\"og:image:width\" content=\"2000\" \/>\n\t<meta property=\"og:image:height\" content=\"1919\" \/>\n\t<meta property=\"og:image:type\" content=\"image\/jpeg\" \/>\n<!-- \/ Yoast SEO plugin. -->","yoast_head_json":{"title":"Pin Revo Medium | Exenia","robots":{"index":"noindex","follow":"follow","max-snippet":"max-snippet:-1","max-image-preview":"max-image-preview:large","max-video-preview":"max-video-preview:-1"},"og_locale":"fr_FR","og_type":"article","og_title":"Pin Revo Medium | Exenia","og_description":"Downlighters encastr\u00e9s avec protection IP54 couvrant le compartiment optique, con\u00e7u...","og_url":"https:\/\/restyling.exenia.eu\/fr\/produit\/pin-revo-medium\/","og_site_name":"Exenia","article_publisher":"https:\/\/www.facebook.com\/exenialighting","article_modified_time":"2023-06-13T12:39:20+00:00","og_image":[{"width":2000,"height":1919,"url":"https:\/\/restyling.exenia.eu\/wp-content\/uploads\/2023\/01\/Pin-revo-medium-prodotto.jpg","type":"image\/jpeg"}],"schema":{"@context":"https:\/\/schema.org","@graph":[{"@type":"WebPage","@id":"https:\/\/restyling.exenia.eu\/fr\/produit\/pin-revo-medium\/","url":"https:\/\/restyling.exenia.eu\/fr\/produit\/pin-revo-medium\/","name":"Pin Revo Medium | Exenia","isPartOf":{"@id":"https:\/\/restyling.exenia.eu\/#website"},"primaryImageOfPage":{"@id":"https:\/\/restyling.exenia.eu\/fr\/produit\/pin-revo-medium\/#primaryimage"},"image":{"@id":"https:\/\/restyling.exenia.eu\/fr\/produit\/pin-revo-medium\/#primaryimage"},"thumbnailUrl":"https:\/\/restyling.exenia.eu\/wp-content\/uploads\/2023\/01\/Pin-revo-medium-prodotto.jpg","datePublished":"2022-11-24T08:50:58+00:00","dateModified":"2023-06-13T12:39:20+00:00","breadcrumb":{"@id":"https:\/\/restyling.exenia.eu\/fr\/produit\/pin-revo-medium\/#breadcrumb"},"inLanguage":"fr-FR","potentialAction":[{"@type":"ReadAction","target":["https:\/\/restyling.exenia.eu\/fr\/produit\/pin-revo-medium\/"]}]},{"@type":"ImageObject","inLanguage":"fr-FR","@id":"https:\/\/restyling.exenia.eu\/fr\/produit\/pin-revo-medium\/#primaryimage","url":"https:\/\/restyling.exenia.eu\/wp-content\/uploads\/2023\/01\/Pin-revo-medium-prodotto.jpg","contentUrl":"https:\/\/restyling.exenia.eu\/wp-content\/uploads\/2023\/01\/Pin-revo-medium-prodotto.jpg","width":2000,"height":1919},{"@type":"BreadcrumbList","@id":"https:\/\/restyling.exenia.eu\/fr\/produit\/pin-revo-medium\/#breadcrumb","itemListElement":[{"@type":"ListItem","position":1,"name":"Home","item":"https:\/\/restyling.exenia.eu\/"},{"@type":"ListItem","position":2,"name":"Produits","item":"https:\/\/restyling.exenia.eu\/prodotti\/"},{"@type":"ListItem","position":3,"name":"Indoor","item":"https:\/\/restyling.exenia.eu\/fr\/c\/indoor\/"},{"@type":"ListItem","position":4,"name":"Encastr\u00e9s","item":"https:\/\/restyling.exenia.eu\/fr\/c\/indoor\/encastres\/"},{"@type":"ListItem","position":5,"name":"Pin Revo","item":"https:\/\/restyling.exenia.eu\/fr\/c\/indoor\/encastres\/pin-revo-encastres\/"},{"@type":"ListItem","position":6,"name":"Pin Revo Medium"}]},{"@type":"WebSite","@id":"https:\/\/restyling.exenia.eu\/#website","url":"https:\/\/restyling.exenia.eu\/","name":"Exenia","description":"","publisher":{"@id":"https:\/\/restyling.exenia.eu\/#organization"},"potentialAction":[{"@type":"SearchAction","target":{"@type":"EntryPoint","urlTemplate":"https:\/\/restyling.exenia.eu\/?s={search_term_string}"},"query-input":{"@type":"PropertyValueSpecification","valueRequired":true,"valueName":"search_term_string"}}],"inLanguage":"fr-FR"},{"@type":"Organization","@id":"https:\/\/restyling.exenia.eu\/#organization","name":"Exenia","url":"https:\/\/restyling.exenia.eu\/","logo":{"@type":"ImageObject","inLanguage":"fr-FR","@id":"https:\/\/restyling.exenia.eu\/#\/schema\/logo\/image\/","url":"https:\/\/restyling.exenia.eu\/wp-content\/uploads\/2022\/09\/logo_exenia-e1678467519405.png","contentUrl":"https:\/\/restyling.exenia.eu\/wp-content\/uploads\/2022\/09\/logo_exenia-e1678467519405.png","width":600,"height":194,"caption":"Exenia"},"image":{"@id":"https:\/\/restyling.exenia.eu\/#\/schema\/logo\/image\/"},"sameAs":["https:\/\/www.facebook.com\/exenialighting","https:\/\/x.com\/ExeniaLighting"]}]}},"_links":{"self":[{"href":"https:\/\/restyling.exenia.eu\/fr\/wp-json\/wp\/v2\/product\/27223","targetHints":{"allow":["GET"]}}],"collection":[{"href":"https:\/\/restyling.exenia.eu\/fr\/wp-json\/wp\/v2\/product"}],"about":[{"href":"https:\/\/restyling.exenia.eu\/fr\/wp-json\/wp\/v2\/types\/product"}],"wp:featuredmedia":[{"embeddable":true,"href":"https:\/\/restyling.exenia.eu\/fr\/wp-json\/wp\/v2\/media\/11926"}],"wp:attachment":[{"href":"https:\/\/restyling.exenia.eu\/fr\/wp-json\/wp\/v2\/media?parent=27223"}],"wp:term":[{"taxonomy":"product_brand","embeddable":true,"href":"https:\/\/restyling.exenia.eu\/fr\/wp-json\/wp\/v2\/product_brand?post=27223"},{"taxonomy":"product_cat","embeddable":true,"href":"https:\/\/restyling.exenia.eu\/fr\/wp-json\/wp\/v2\/product_cat?post=27223"},{"taxonomy":"product_tag","embeddable":true,"href":"https:\/\/restyling.exenia.eu\/fr\/wp-json\/wp\/v2\/product_tag?post=27223"},{"taxonomy":"categoria-admin-prodotto","embeddable":true,"href":"https:\/\/restyling.exenia.eu\/fr\/wp-json\/wp\/v2\/categoria-admin-prodotto?post=27223"}],"curies":[{"name":"wp","href":"https:\/\/api.w.org\/{rel}","templated":true}]}}