{"id":27233,"date":"2022-11-24T09:50:58","date_gmt":"2022-11-24T08:50:58","guid":{"rendered":"https:\/\/www.exenia.eu\/prodotto\/pin-revo-small-2\/"},"modified":"2023-07-14T09:04:20","modified_gmt":"2023-07-14T07:04:20","slug":"pin-revo-small","status":"publish","type":"product","link":"https:\/\/restyling.exenia.eu\/fr\/produit\/pin-revo-small\/","title":{"rendered":"Pin Revo Small"},"content":{"rendered":"<p>Downlighters en retrait avec une protection IP54 couvrant le compartiment optique, con\u00e7u pour obtenir des performances maximales dans la plus petite taille, disponibles en versions fixes, simples et multiples et rondes.<br \/>\nD\u00e9di\u00e9 \u00e0 une conception d&rsquo;\u00e9clairage avanc\u00e9e, les nouveaux syst\u00e8mes optiques Revo Reco sont particuli\u00e8rement adapt\u00e9s aux environnements avec un confort visuel tr\u00e8s \u00e9lev\u00e9.<br \/>\nDisponible en trois dimensions optiques, 4 variantes rotosym\u00e9triques par mod\u00e8le, toutes r\u00e9pondant aux facteurs UGR &lt; 13.<br \/>\nPin Reco dans toutes ses versions acquiert un confort \u00e9lev\u00e9 suppl\u00e9mentaire Signification si elle est configur\u00e9e avec des c\u00f4nes optiques noirs \u00e9quip\u00e9s d&rsquo;optiques rotosym\u00e9triques \u00ab croix \u00bb, elles sont particuli\u00e8rement adapt\u00e9es \u00e0 une utilisation dans des projets o\u00f9 de faibles luminances et capacit\u00e9s photom\u00e9triques deviennent cruciales.<\/p>\n<p>La broche Revo <strong> small version <\/strong> d&rsquo;un diam\u00e8tre de 70 mm est disponible dans des poutres de 18 \u00b0, 25 \u00b0, 34 \u00b0, 50 \u00b0 avec des coefficients UGR &lt; 13, en rendu haute couleur, source LED La qualit\u00e9 dans 2 sdcm. La propret\u00e9 de la projection et la connotation photom\u00e9trique raffin\u00e9e font de cette famille la combinaison id\u00e9ale de performances professionnelles contenues dans la forme la plus essentielle du minimalisme graphique.<br \/>\nCompatibilit\u00e9 compl\u00e8te avec les syst\u00e8mes de contr\u00f4le les plus populaires Rendre la broche r\u00e9vise Small l&rsquo;outil parfait dans les contextes o\u00f9 la gestion et la sc\u00e9nographie de l&rsquo;\u00e9clairage sont cruciales pour la sp\u00e9cification du projet.<br \/>\nToutes les versions carr\u00e9es sont configur\u00e9es avec un cadre externe en blanc ou noir.<br \/>\nLes versions configur\u00e9es avec des c\u00f4nes noirs sont d\u00e9finies comme un confort \u00e9lev\u00e9. Comme ils respectent pleinement les param\u00e8tres d&rsquo;\u00e9clairage sombre et les valeurs UGR &lt; 10.<br \/>\nLes versions multi-optiques vous permettent d&rsquo;utiliser des poutres diff\u00e9renci\u00e9es sur le m\u00eame luminaire.<\/p>\n","protected":false},"excerpt":{"rendered":"<p>Downlighters en retrait avec une protection IP54 couvrant le compartiment&#8230;<\/p>\n","protected":false},"featured_media":23597,"template":"","meta":{"_acf_changed":false},"product_brand":[],"product_cat":[2675],"product_tag":[7369,7373,7376,7398,7402,7405,7409],"categoria-admin-prodotto":[],"class_list":{"0":"post-27233","1":"product","2":"type-product","3":"status-publish","4":"has-post-thumbnail","6":"product_cat-pin-revo-encastres","7":"product_tag-1238b-fr","8":"product_tag-1238f-fr","9":"product_tag-1238g-fr","10":"product_tag-12386-fr","11":"product_tag-12381-fr","12":"product_tag-12385-fr","13":"product_tag-12380-fr-2","14":"pa_cct-2700k-fr","15":"pa_cct-3000k-fr","16":"pa_cct-3500k-fr","17":"pa_cct-4000k-fr","18":"pa_certificazione-conformita-ce-fr","19":"pa_classe-f-oui","20":"pa_cri-92-fr","21":"pa_cri-98-fr","22":"pa_grado-ip-compartiment-interieur-ip20","23":"pa_grado-ip-bloc-optique-ip54","24":"pa_temperatura-di-esercizio-10-35-fr","26":"first","27":"instock","28":"purchasable","29":"product-type-composite"},"composite_virtual":false,"composite_layout":"single","composite_add_to_cart_form_location":"default","composite_editable_in_cart":false,"composite_sold_individually_context":"product","composite_shop_price_calc":"defaults","composite_components":[{"id":"1674759778","title":"Corp de l&#039;appareil","description":"","query_type":"product_ids","query_ids":[18502],"default_option_id":18502,"thumbnail_id":"","thumbnail_src":"","quantity_min":1,"quantity_max":1,"priced_individually":false,"shipped_individually":false,"optional":false,"discount":"","options_style":"radios","pagination_style":"classic","display_prices":"absolute","show_sorting_options":false,"show_filtering_options":false,"attribute_filter_ids":[],"product_title_visible":false,"product_descr_visible":false,"product_price_visible":false,"product_thumb_visible":false,"subtotal_visible_product":false,"subtotal_visible_cart":false,"subtotal_visible_orders":false},{"id":"1674759779","title":"Version","description":"","query_type":"product_ids","query_ids":[19136,19163,19179,19148,19174,19165,19181],"default_option_id":"","thumbnail_id":"","thumbnail_src":"","quantity_min":1,"quantity_max":1,"priced_individually":false,"shipped_individually":false,"optional":true,"discount":"","options_style":"radios","pagination_style":"classic","display_prices":"absolute","show_sorting_options":false,"show_filtering_options":false,"attribute_filter_ids":[],"product_title_visible":false,"product_descr_visible":false,"product_price_visible":false,"product_thumb_visible":false,"subtotal_visible_product":false,"subtotal_visible_cart":false,"subtotal_visible_orders":false},{"id":"1674759780","title":"Controle","description":"","query_type":"product_ids","query_ids":[18493],"default_option_id":18493,"thumbnail_id":"","thumbnail_src":"","quantity_min":1,"quantity_max":1,"priced_individually":false,"shipped_individually":false,"optional":false,"discount":"","options_style":"radios","pagination_style":"classic","display_prices":"absolute","show_sorting_options":false,"show_filtering_options":false,"attribute_filter_ids":[],"product_title_visible":false,"product_descr_visible":false,"product_price_visible":false,"product_thumb_visible":false,"subtotal_visible_product":false,"subtotal_visible_cart":false,"subtotal_visible_orders":false},{"id":"1674759781","title":"Finition","description":"","query_type":"product_ids","query_ids":[18703,74820,18707,18753,18759],"default_option_id":"","thumbnail_id":"","thumbnail_src":"","quantity_min":1,"quantity_max":1,"priced_individually":false,"shipped_individually":false,"optional":true,"discount":"","options_style":"radios","pagination_style":"classic","display_prices":"absolute","show_sorting_options":false,"show_filtering_options":false,"attribute_filter_ids":[],"product_title_visible":false,"product_descr_visible":false,"product_price_visible":false,"product_thumb_visible":false,"subtotal_visible_product":false,"subtotal_visible_cart":false,"subtotal_visible_orders":false},{"id":"1674759782","title":"CRI-CCT","description":"","query_type":"product_ids","query_ids":[18627,18628,18630,18629,18637,18638,18640,18639],"default_option_id":"","thumbnail_id":"","thumbnail_src":"","quantity_min":1,"quantity_max":1,"priced_individually":false,"shipped_individually":false,"optional":true,"discount":"","options_style":"radios","pagination_style":"classic","display_prices":"absolute","show_sorting_options":false,"show_filtering_options":false,"attribute_filter_ids":[],"product_title_visible":false,"product_descr_visible":false,"product_price_visible":false,"product_thumb_visible":false,"subtotal_visible_product":false,"subtotal_visible_cart":false,"subtotal_visible_orders":false},{"id":"1674759783","title":"Optique","description":"","query_type":"product_ids","query_ids":[18914,18892,18862,18939],"default_option_id":"","thumbnail_id":"","thumbnail_src":"","quantity_min":1,"quantity_max":1,"priced_individually":false,"shipped_individually":false,"optional":true,"discount":"","options_style":"radios","pagination_style":"classic","display_prices":"absolute","show_sorting_options":false,"show_filtering_options":false,"attribute_filter_ids":[],"product_title_visible":false,"product_descr_visible":false,"product_price_visible":false,"product_thumb_visible":false,"subtotal_visible_product":false,"subtotal_visible_cart":false,"subtotal_visible_orders":false},{"id":"1675943585","title":" ","description":"","query_type":"product_ids","query_ids":[7634],"default_option_id":7634,"thumbnail_id":"","thumbnail_src":"","quantity_min":1,"quantity_max":1,"priced_individually":false,"shipped_individually":false,"optional":false,"discount":"","options_style":"radios","pagination_style":"classic","display_prices":"absolute","show_sorting_options":false,"show_filtering_options":false,"attribute_filter_ids":[],"product_title_visible":false,"product_descr_visible":false,"product_price_visible":false,"product_thumb_visible":false,"subtotal_visible_product":false,"subtotal_visible_cart":false,"subtotal_visible_orders":false},{"id":"1675943586","title":"Alimentation \u00e9lectrique (pour l&#039;option d&#039;urgence, contacter le service interne)","description":"","query_type":"product_ids","query_ids":[40151],"default_option_id":40151,"thumbnail_id":"","thumbnail_src":"","quantity_min":1,"quantity_max":1,"priced_individually":false,"shipped_individually":false,"optional":false,"discount":"","options_style":"radios","pagination_style":"classic","display_prices":"absolute","show_sorting_options":false,"show_filtering_options":false,"attribute_filter_ids":[],"product_title_visible":false,"product_descr_visible":false,"product_price_visible":false,"product_thumb_visible":true,"subtotal_visible_product":false,"subtotal_visible_cart":false,"subtotal_visible_orders":false},{"id":"1689325371","title":"Dur&eacute;e de vie","description":"","query_type":"product_ids","query_ids":[50124,50128],"default_option_id":"","thumbnail_id":"","thumbnail_src":"","quantity_min":1,"quantity_max":1,"priced_individually":false,"shipped_individually":false,"optional":true,"discount":"","options_style":"radios","pagination_style":"classic","display_prices":"absolute","show_sorting_options":false,"show_filtering_options":false,"attribute_filter_ids":[],"product_title_visible":false,"product_descr_visible":false,"product_price_visible":false,"product_thumb_visible":false,"subtotal_visible_product":false,"subtotal_visible_cart":false,"subtotal_visible_orders":false}],"composite_scenarios":[{"id":"1675943676","name":"NO DRIVER NO SELECTION ","description":"","configuration":[{"component_id":"1674759779","options_modifier":"in","component_options":[-1]}],"actions":[{"action_id":"compat_group","is_active":false},{"action_id":"conditional_components","is_active":false,"hidden_components":[]},{"action_id":"conditional_options","is_active":true,"hidden_options":[{"component_id":"1675943586","component_options":[-1],"options_modifier":"not-in"}]}],"enabled":true},{"id":"1675943677","name":"1x","description":"","configuration":[{"component_id":"1674759779","options_modifier":"in","component_options":[19136,19163,19179]}],"actions":[{"action_id":"compat_group","is_active":false},{"action_id":"conditional_components","is_active":false,"hidden_components":[]},{"action_id":"conditional_options","is_active":true,"hidden_options":[{"component_id":"1675943586","component_options":[-1,75330,75331,74980,40154,40163],"options_modifier":"not-in"}]}],"enabled":true},{"id":"1675943678","name":"2X S-M-F","description":"","configuration":[{"component_id":"1674759779","options_modifier":"in","component_options":[19148,19174,19165,19181]},{"component_id":"1674759783","options_modifier":"in","component_options":[18914,18892,18862]}],"actions":[{"action_id":"compat_group","is_active":false},{"action_id":"conditional_components","is_active":false,"hidden_components":[]},{"action_id":"conditional_options","is_active":true,"hidden_options":[{"component_id":"1675943586","component_options":[-1,74980,40157,40160,40162,40163],"options_modifier":"not-in"}]}],"enabled":true},{"id":"1768929233","name":"2X W","description":"","configuration":[{"component_id":"1674759779","options_modifier":"in","component_options":[19148,19174,19165,19181]},{"component_id":"1674759783","options_modifier":"in","component_options":[18939]}],"actions":[{"action_id":"compat_group","is_active":false},{"action_id":"conditional_components","is_active":false,"hidden_components":[]},{"action_id":"conditional_options","is_active":true,"hidden_options":[{"component_id":"1675943586","component_options":[-1,75330,75331,40157,40163,40167],"options_modifier":"not-in"}]}],"enabled":true},{"id":"1689325652","name":"LT 80","description":"","configuration":[{"component_id":"1674759783","options_modifier":"in","component_options":[18914,18892,18862]}],"actions":[{"action_id":"compat_group","is_active":false},{"action_id":"conditional_components","is_active":false,"hidden_components":[]},{"action_id":"conditional_options","is_active":true,"hidden_options":[{"component_id":"1689325371","component_options":[-1,50124],"options_modifier":"not-in"}]}],"enabled":true},{"id":"1689325653","name":"LT 100","description":"","configuration":[{"component_id":"1674759783","options_modifier":"in","component_options":[18939]}],"actions":[{"action_id":"compat_group","is_active":false},{"action_id":"conditional_components","is_active":false,"hidden_components":[]},{"action_id":"conditional_options","is_active":true,"hidden_options":[{"component_id":"1689325371","component_options":[-1,50128],"options_modifier":"not-in"}]}],"enabled":true}],"bundled_by":[],"bundle_stock_status":"instock","bundle_stock_quantity":null,"bundle_virtual":false,"bundle_layout":"","bundle_add_to_cart_form_location":"","bundle_editable_in_cart":false,"bundle_sold_individually_context":"","bundle_item_grouping":"","bundle_min_size":"","bundle_max_size":"","bundled_items":[],"bundle_sell_ids":[],"acf":[],"yoast_head":"<!-- This site is optimized with the Yoast SEO plugin v27.5 - https:\/\/yoast.com\/product\/yoast-seo-wordpress\/ -->\n<title>Pin Revo Small | Exenia<\/title>\n<meta name=\"robots\" content=\"noindex, follow, max-snippet:-1, max-image-preview:large, max-video-preview:-1\" \/>\n<meta property=\"og:locale\" content=\"fr_FR\" \/>\n<meta property=\"og:type\" content=\"article\" \/>\n<meta property=\"og:title\" content=\"Pin Revo Small | Exenia\" \/>\n<meta property=\"og:description\" content=\"Downlighters en retrait avec une protection IP54 couvrant le compartiment...\" \/>\n<meta property=\"og:url\" content=\"https:\/\/restyling.exenia.eu\/prodotto\/pin-revo-small\/\" \/>\n<meta property=\"og:site_name\" content=\"Exenia\" \/>\n<meta property=\"article:publisher\" content=\"https:\/\/www.facebook.com\/exenialighting\" \/>\n<meta property=\"article:modified_time\" content=\"2023-07-14T07:04:20+00:00\" \/>\n<meta property=\"og:image\" content=\"https:\/\/restyling.exenia.eu\/wp-content\/uploads\/2023\/01\/Pin-revo-small-prodotto.jpg\" \/>\n\t<meta property=\"og:image:width\" content=\"2000\" \/>\n\t<meta property=\"og:image:height\" content=\"1919\" \/>\n\t<meta property=\"og:image:type\" content=\"image\/jpeg\" \/>\n<!-- \/ Yoast SEO plugin. -->","yoast_head_json":{"title":"Pin Revo Small | Exenia","robots":{"index":"noindex","follow":"follow","max-snippet":"max-snippet:-1","max-image-preview":"max-image-preview:large","max-video-preview":"max-video-preview:-1"},"og_locale":"fr_FR","og_type":"article","og_title":"Pin Revo Small | Exenia","og_description":"Downlighters en retrait avec une protection IP54 couvrant le compartiment...","og_url":"https:\/\/restyling.exenia.eu\/prodotto\/pin-revo-small\/","og_site_name":"Exenia","article_publisher":"https:\/\/www.facebook.com\/exenialighting","article_modified_time":"2023-07-14T07:04:20+00:00","og_image":[{"width":2000,"height":1919,"url":"https:\/\/restyling.exenia.eu\/wp-content\/uploads\/2023\/01\/Pin-revo-small-prodotto.jpg","type":"image\/jpeg"}],"schema":{"@context":"https:\/\/schema.org","@graph":[{"@type":"WebPage","@id":"https:\/\/restyling.exenia.eu\/prodotto\/pin-revo-small\/","url":"https:\/\/restyling.exenia.eu\/prodotto\/pin-revo-small\/","name":"Pin Revo Small | Exenia","isPartOf":{"@id":"https:\/\/restyling.exenia.eu\/#website"},"primaryImageOfPage":{"@id":"https:\/\/restyling.exenia.eu\/prodotto\/pin-revo-small\/#primaryimage"},"image":{"@id":"https:\/\/restyling.exenia.eu\/prodotto\/pin-revo-small\/#primaryimage"},"thumbnailUrl":"https:\/\/restyling.exenia.eu\/wp-content\/uploads\/2023\/01\/Pin-revo-small-prodotto.jpg","datePublished":"2022-11-24T08:50:58+00:00","dateModified":"2023-07-14T07:04:20+00:00","breadcrumb":{"@id":"https:\/\/restyling.exenia.eu\/prodotto\/pin-revo-small\/#breadcrumb"},"inLanguage":"fr-FR","potentialAction":[{"@type":"ReadAction","target":["https:\/\/restyling.exenia.eu\/prodotto\/pin-revo-small\/"]}]},{"@type":"ImageObject","inLanguage":"fr-FR","@id":"https:\/\/restyling.exenia.eu\/prodotto\/pin-revo-small\/#primaryimage","url":"https:\/\/restyling.exenia.eu\/wp-content\/uploads\/2023\/01\/Pin-revo-small-prodotto.jpg","contentUrl":"https:\/\/restyling.exenia.eu\/wp-content\/uploads\/2023\/01\/Pin-revo-small-prodotto.jpg","width":2000,"height":1919},{"@type":"BreadcrumbList","@id":"https:\/\/restyling.exenia.eu\/prodotto\/pin-revo-small\/#breadcrumb","itemListElement":[{"@type":"ListItem","position":1,"name":"Home","item":"https:\/\/restyling.exenia.eu\/"},{"@type":"ListItem","position":2,"name":"Produits","item":"https:\/\/restyling.exenia.eu\/prodotti\/"},{"@type":"ListItem","position":3,"name":"Indoor","item":"https:\/\/restyling.exenia.eu\/c\/indoor\/"},{"@type":"ListItem","position":4,"name":"Apparecchi ad incasso","item":"https:\/\/restyling.exenia.eu\/c\/indoor\/apparecchi-ad-incasso\/"},{"@type":"ListItem","position":5,"name":"Pin Revo","item":"https:\/\/restyling.exenia.eu\/c\/indoor\/apparecchi-ad-incasso\/pin-revo\/"},{"@type":"ListItem","position":6,"name":"Pin Revo Small"}]},{"@type":"WebSite","@id":"https:\/\/restyling.exenia.eu\/#website","url":"https:\/\/restyling.exenia.eu\/","name":"Exenia","description":"","publisher":{"@id":"https:\/\/restyling.exenia.eu\/#organization"},"potentialAction":[{"@type":"SearchAction","target":{"@type":"EntryPoint","urlTemplate":"https:\/\/restyling.exenia.eu\/?s={search_term_string}"},"query-input":{"@type":"PropertyValueSpecification","valueRequired":true,"valueName":"search_term_string"}}],"inLanguage":"fr-FR"},{"@type":"Organization","@id":"https:\/\/restyling.exenia.eu\/#organization","name":"Exenia","url":"https:\/\/restyling.exenia.eu\/","logo":{"@type":"ImageObject","inLanguage":"fr-FR","@id":"https:\/\/restyling.exenia.eu\/#\/schema\/logo\/image\/","url":"https:\/\/restyling.exenia.eu\/wp-content\/uploads\/2022\/09\/logo_exenia-e1678467519405.png","contentUrl":"https:\/\/restyling.exenia.eu\/wp-content\/uploads\/2022\/09\/logo_exenia-e1678467519405.png","width":600,"height":194,"caption":"Exenia"},"image":{"@id":"https:\/\/restyling.exenia.eu\/#\/schema\/logo\/image\/"},"sameAs":["https:\/\/www.facebook.com\/exenialighting","https:\/\/x.com\/ExeniaLighting"]}]}},"_links":{"self":[{"href":"https:\/\/restyling.exenia.eu\/fr\/wp-json\/wp\/v2\/product\/27233","targetHints":{"allow":["GET"]}}],"collection":[{"href":"https:\/\/restyling.exenia.eu\/fr\/wp-json\/wp\/v2\/product"}],"about":[{"href":"https:\/\/restyling.exenia.eu\/fr\/wp-json\/wp\/v2\/types\/product"}],"wp:featuredmedia":[{"embeddable":true,"href":"https:\/\/restyling.exenia.eu\/fr\/wp-json\/wp\/v2\/media\/23597"}],"wp:attachment":[{"href":"https:\/\/restyling.exenia.eu\/fr\/wp-json\/wp\/v2\/media?parent=27233"}],"wp:term":[{"taxonomy":"product_brand","embeddable":true,"href":"https:\/\/restyling.exenia.eu\/fr\/wp-json\/wp\/v2\/product_brand?post=27233"},{"taxonomy":"product_cat","embeddable":true,"href":"https:\/\/restyling.exenia.eu\/fr\/wp-json\/wp\/v2\/product_cat?post=27233"},{"taxonomy":"product_tag","embeddable":true,"href":"https:\/\/restyling.exenia.eu\/fr\/wp-json\/wp\/v2\/product_tag?post=27233"},{"taxonomy":"categoria-admin-prodotto","embeddable":true,"href":"https:\/\/restyling.exenia.eu\/fr\/wp-json\/wp\/v2\/categoria-admin-prodotto?post=27233"}],"curies":[{"name":"wp","href":"https:\/\/api.w.org\/{rel}","templated":true}]}}