{"id":27262,"date":"2022-11-24T09:50:58","date_gmt":"2022-11-24T08:50:58","guid":{"rendered":"https:\/\/www.exenia.eu\/prodotto\/pluriel-plus-downlight-2\/"},"modified":"2023-06-13T14:39:24","modified_gmt":"2023-06-13T12:39:24","slug":"pluriel-plus-encastre","status":"publish","type":"product","link":"https:\/\/restyling.exenia.eu\/fr\/produit\/pluriel-plus-encastre\/","title":{"rendered":"Pluriel Plus Encastr\u00e9"},"content":{"rendered":"<p>Luminaire individuel \u00e0 encastrement orientable avec source lumineuse \u00e0 DEL chip onboard (COB) aliment\u00e9e \u00e0 courant constant \u00e0 travers un ballast \u00e9lectronique \u00e0 distance pour montage ind\u00e9pendant (non fourni). La source est install\u00e9e sur un groupe optique orientable raccord\u00e9 \u00e0 la Adaptateur \u00e0 encastrement par une articulation. Les r\u00e9glages sur le plan horizontal sont g\u00e9rablessur 350\u00b0, tandis que sur le plan vertical, ils sont limit\u00e9s \u00e0 +90\u00b0\/-90\u00b0. Corps optique en alliage d&rsquo;aluminium 6060 avec fonction dissipante. Adaptateur \u00e0 encastrement est en t\u00f4le press\u00e9e et le luminaire est rev\u00eatu de peinture liquide. La fixation se fait rapidement au moyen de deux ressorts de r\u00e9tention. Les optiques sont r\u00e9fl\u00e9chissantes en polycarbonate peint. Dans toutes les versions, l&rsquo; adaptateur interne du produit est de couleur noire. La finition miroir est adapt\u00e9e \u00e0 la direction des flux lumineux. Les faisceaux sont disponibles dans les formats Spot, Moyen et Grand. Optique et anneau d\u00e9coratif sont \u00e0 commander s\u00e9par\u00e9ment. Driver \u00e0 commander s\u00e9par\u00e9ment.<\/p>\n","protected":false},"excerpt":{"rendered":"<p>Luminaire individuel \u00e0 encastrement orientable avec source lumineuse \u00e0 DEL&#8230;<\/p>\n","protected":false},"featured_media":12321,"template":"","meta":{"_acf_changed":false},"product_brand":[],"product_cat":[2676],"product_tag":[8701,8707],"categoria-admin-prodotto":[],"class_list":{"0":"post-27262","1":"product","2":"type-product","3":"status-publish","4":"has-post-thumbnail","6":"product_cat-pluriel-encastres","7":"product_tag-3648154-fr-2","8":"product_tag-3648054-fr-2","9":"pa_cct-2700k-fr","10":"pa_cct-3000k-fr","11":"pa_cct-4000k-fr","12":"pa_certificazione-conformita-ce-fr","13":"pa_classe-f-oui","14":"pa_cri-85-fr","15":"pa_cri-95-fr","16":"pa_grado-ip-ip20-fr","17":"pa_lifetime-l80b10-100-000-ore-fr","18":"pa_temperatura-di-esercizio-10-30-fr","20":"first","21":"instock","22":"purchasable","23":"product-type-composite"},"composite_virtual":false,"composite_layout":"single","composite_add_to_cart_form_location":"default","composite_editable_in_cart":false,"composite_sold_individually_context":"product","composite_shop_price_calc":"defaults","composite_components":[{"id":"1670864898","title":"Corp de l&#039;appareil","description":"","query_type":"product_ids","query_ids":[18547],"default_option_id":18547,"thumbnail_id":"","thumbnail_src":"","quantity_min":1,"quantity_max":1,"priced_individually":false,"shipped_individually":false,"optional":false,"discount":"","options_style":"radios","pagination_style":"classic","display_prices":"absolute","show_sorting_options":false,"show_filtering_options":false,"attribute_filter_ids":[],"product_title_visible":false,"product_descr_visible":false,"product_price_visible":false,"product_thumb_visible":false,"subtotal_visible_product":false,"subtotal_visible_cart":false,"subtotal_visible_orders":false},{"id":"1670864899","title":"Version","description":"","query_type":"product_ids","query_ids":[19135,19147],"default_option_id":"","thumbnail_id":"","thumbnail_src":"","quantity_min":1,"quantity_max":1,"priced_individually":false,"shipped_individually":false,"optional":true,"discount":"","options_style":"radios","pagination_style":"classic","display_prices":"absolute","show_sorting_options":false,"show_filtering_options":false,"attribute_filter_ids":[],"product_title_visible":false,"product_descr_visible":false,"product_price_visible":false,"product_thumb_visible":false,"subtotal_visible_product":false,"subtotal_visible_cart":false,"subtotal_visible_orders":false},{"id":"1670864900","title":"Puissance","description":"","query_type":"product_ids","query_ids":[13700],"default_option_id":13700,"thumbnail_id":"","thumbnail_src":"","quantity_min":1,"quantity_max":1,"priced_individually":false,"shipped_individually":false,"optional":false,"discount":"","options_style":"radios","pagination_style":"classic","display_prices":"absolute","show_sorting_options":false,"show_filtering_options":false,"attribute_filter_ids":[],"product_title_visible":false,"product_descr_visible":false,"product_price_visible":false,"product_thumb_visible":false,"subtotal_visible_product":false,"subtotal_visible_cart":false,"subtotal_visible_orders":false},{"id":"1670865130","title":"Controle","description":"","query_type":"product_ids","query_ids":[18449],"default_option_id":18449,"thumbnail_id":"","thumbnail_src":"","quantity_min":1,"quantity_max":1,"priced_individually":false,"shipped_individually":false,"optional":false,"discount":"","options_style":"radios","pagination_style":"classic","display_prices":"absolute","show_sorting_options":false,"show_filtering_options":false,"attribute_filter_ids":[],"product_title_visible":false,"product_descr_visible":false,"product_price_visible":false,"product_thumb_visible":false,"subtotal_visible_product":false,"subtotal_visible_cart":false,"subtotal_visible_orders":false},{"id":"1670865131","title":"Finition","description":"","query_type":"product_ids","query_ids":[18715,18718,18727],"default_option_id":"","thumbnail_id":"","thumbnail_src":"","quantity_min":1,"quantity_max":1,"priced_individually":false,"shipped_individually":false,"optional":true,"discount":"","options_style":"radios","pagination_style":"classic","display_prices":"absolute","show_sorting_options":false,"show_filtering_options":false,"attribute_filter_ids":[],"product_title_visible":false,"product_descr_visible":false,"product_price_visible":false,"product_thumb_visible":false,"subtotal_visible_product":false,"subtotal_visible_cart":false,"subtotal_visible_orders":false},{"id":"1670865132","title":"CRI-CCT","description":"","query_type":"product_ids","query_ids":[18655,18649,18650,18651],"default_option_id":"","thumbnail_id":"","thumbnail_src":"","quantity_min":1,"quantity_max":1,"priced_individually":false,"shipped_individually":false,"optional":true,"discount":"","options_style":"radios","pagination_style":"classic","display_prices":"absolute","show_sorting_options":false,"show_filtering_options":false,"attribute_filter_ids":[],"product_title_visible":false,"product_descr_visible":false,"product_price_visible":false,"product_thumb_visible":false,"subtotal_visible_product":false,"subtotal_visible_cart":false,"subtotal_visible_orders":false},{"id":"1670865133","title":"Commandez s\u00e9par\u00e9ment","description":"","query_type":"product_ids","query_ids":[7634],"default_option_id":7634,"thumbnail_id":"","thumbnail_src":"","quantity_min":1,"quantity_max":1,"priced_individually":false,"shipped_individually":false,"optional":false,"discount":"","options_style":"radios","pagination_style":"classic","display_prices":"absolute","show_sorting_options":false,"show_filtering_options":false,"attribute_filter_ids":[],"product_title_visible":false,"product_descr_visible":false,"product_price_visible":false,"product_thumb_visible":false,"subtotal_visible_product":false,"subtotal_visible_cart":false,"subtotal_visible_orders":false},{"id":"1670865134","title":"Accessoires optiques primaires","description":"","query_type":"product_ids","query_ids":[18205],"default_option_id":18205,"thumbnail_id":"","thumbnail_src":"","quantity_min":1,"quantity_max":1,"priced_individually":false,"shipped_individually":false,"optional":false,"discount":"","options_style":"radios","pagination_style":"classic","display_prices":"absolute","show_sorting_options":false,"show_filtering_options":false,"attribute_filter_ids":[],"product_title_visible":false,"product_descr_visible":false,"product_price_visible":false,"product_thumb_visible":false,"subtotal_visible_product":false,"subtotal_visible_cart":false,"subtotal_visible_orders":false},{"id":"1670865135","title":"Finition de l&#039;anneau","description":"","query_type":"product_ids","query_ids":[18708,18709,18710,18712,18715,18718,18727],"default_option_id":"","thumbnail_id":"","thumbnail_src":"","quantity_min":1,"quantity_max":1,"priced_individually":false,"shipped_individually":false,"optional":true,"discount":"","options_style":"radios","pagination_style":"classic","display_prices":"absolute","show_sorting_options":false,"show_filtering_options":false,"attribute_filter_ids":[],"product_title_visible":false,"product_descr_visible":false,"product_price_visible":false,"product_thumb_visible":false,"subtotal_visible_product":false,"subtotal_visible_cart":false,"subtotal_visible_orders":false},{"id":"1670865136","title":"Optique","description":"","query_type":"product_ids","query_ids":[18833,18825,18808],"default_option_id":"","thumbnail_id":"","thumbnail_src":"","quantity_min":1,"quantity_max":1,"priced_individually":false,"shipped_individually":false,"optional":true,"discount":"","options_style":"radios","pagination_style":"classic","display_prices":"absolute","show_sorting_options":false,"show_filtering_options":false,"attribute_filter_ids":[],"product_title_visible":false,"product_descr_visible":false,"product_price_visible":false,"product_thumb_visible":false,"subtotal_visible_product":false,"subtotal_visible_cart":false,"subtotal_visible_orders":false},{"id":"1676028492","title":" ","description":"","query_type":"product_ids","query_ids":[7634],"default_option_id":7634,"thumbnail_id":"","thumbnail_src":"","quantity_min":1,"quantity_max":1,"priced_individually":false,"shipped_individually":false,"optional":false,"discount":"","options_style":"radios","pagination_style":"classic","display_prices":"absolute","show_sorting_options":false,"show_filtering_options":false,"attribute_filter_ids":[],"product_title_visible":false,"product_descr_visible":false,"product_price_visible":false,"product_thumb_visible":false,"subtotal_visible_product":false,"subtotal_visible_cart":false,"subtotal_visible_orders":false},{"id":"1676028493","title":"Alimentation \u00e9lectrique","description":"","query_type":"product_ids","query_ids":[40172,40128],"default_option_id":"","thumbnail_id":"","thumbnail_src":"","quantity_min":1,"quantity_max":1,"priced_individually":false,"shipped_individually":false,"optional":true,"discount":"","options_style":"radios","pagination_style":"classic","display_prices":"absolute","show_sorting_options":false,"show_filtering_options":false,"attribute_filter_ids":[],"product_title_visible":false,"product_descr_visible":false,"product_price_visible":false,"product_thumb_visible":true,"subtotal_visible_product":false,"subtotal_visible_cart":false,"subtotal_visible_orders":false},{"id":"1675699808","title":"Accessoires secondaires","description":"","query_type":"product_ids","query_ids":[17887],"default_option_id":17887,"thumbnail_id":"","thumbnail_src":"","quantity_min":1,"quantity_max":1,"priced_individually":false,"shipped_individually":false,"optional":false,"discount":"","options_style":"radios","pagination_style":"classic","display_prices":"absolute","show_sorting_options":false,"show_filtering_options":false,"attribute_filter_ids":[],"product_title_visible":false,"product_descr_visible":true,"product_price_visible":false,"product_thumb_visible":false,"subtotal_visible_product":false,"subtotal_visible_cart":false,"subtotal_visible_orders":false},{"id":"1675699809","title":" ","description":"","query_type":"product_ids","query_ids":[42077],"default_option_id":42077,"thumbnail_id":"","thumbnail_src":"","quantity_min":1,"quantity_max":1,"priced_individually":false,"shipped_individually":false,"optional":false,"discount":"","options_style":"radios","pagination_style":"classic","display_prices":"absolute","show_sorting_options":false,"show_filtering_options":false,"attribute_filter_ids":[],"product_title_visible":false,"product_descr_visible":true,"product_price_visible":false,"product_thumb_visible":false,"subtotal_visible_product":false,"subtotal_visible_cart":false,"subtotal_visible_orders":false}],"composite_scenarios":[{"id":"1676028623","name":"no driver no selection","description":"","configuration":[{"component_id":"1670864899","options_modifier":"in","component_options":[-1]}],"actions":[{"action_id":"compat_group","is_active":false},{"action_id":"conditional_components","is_active":false,"hidden_components":[]},{"action_id":"conditional_options","is_active":true,"hidden_options":[{"component_id":"1676028493","component_options":[-1],"options_modifier":"not-in"}]}],"enabled":true},{"id":"1676028624","name":"1x driver","description":"","configuration":[{"component_id":"1670864899","options_modifier":"in","component_options":[19135]}],"actions":[{"action_id":"compat_group","is_active":false},{"action_id":"conditional_components","is_active":false,"hidden_components":[]},{"action_id":"conditional_options","is_active":true,"hidden_options":[{"component_id":"1676028493","component_options":[-1,75312,75313,40182,40184,40185,40187,40189,40191],"options_modifier":"not-in"}]}],"enabled":true},{"id":"1676028625","name":"2x driver","description":"","configuration":[{"component_id":"1670864899","options_modifier":"in","component_options":[19147]}],"actions":[{"action_id":"compat_group","is_active":false},{"action_id":"conditional_components","is_active":false,"hidden_components":[]},{"action_id":"conditional_options","is_active":true,"hidden_options":[{"component_id":"1676028493","component_options":[-1,75352,75353,40135,40136,40139],"options_modifier":"not-in"}]}],"enabled":true}],"bundled_by":[],"bundle_stock_status":"instock","bundle_stock_quantity":null,"bundle_virtual":false,"bundle_layout":"","bundle_add_to_cart_form_location":"","bundle_editable_in_cart":false,"bundle_sold_individually_context":"","bundle_item_grouping":"","bundle_min_size":"","bundle_max_size":"","bundled_items":[],"bundle_sell_ids":[],"acf":[],"yoast_head":"<!-- This site is optimized with the Yoast SEO plugin v27.5 - https:\/\/yoast.com\/product\/yoast-seo-wordpress\/ -->\n<title>Pluriel Plus Encastr\u00e9 | Exenia<\/title>\n<meta name=\"robots\" content=\"noindex, follow, max-snippet:-1, max-image-preview:large, max-video-preview:-1\" \/>\n<meta property=\"og:locale\" content=\"fr_FR\" \/>\n<meta property=\"og:type\" content=\"article\" \/>\n<meta property=\"og:title\" content=\"Pluriel Plus Encastr\u00e9 | Exenia\" \/>\n<meta property=\"og:description\" content=\"Luminaire individuel \u00e0 encastrement orientable avec source lumineuse \u00e0 DEL...\" \/>\n<meta property=\"og:url\" content=\"https:\/\/restyling.exenia.eu\/fr\/produit\/pluriel-plus-encastre\/\" \/>\n<meta property=\"og:site_name\" content=\"Exenia\" \/>\n<meta property=\"article:publisher\" content=\"https:\/\/www.facebook.com\/exenialighting\" \/>\n<meta property=\"article:modified_time\" content=\"2023-06-13T12:39:24+00:00\" \/>\n<meta property=\"og:image\" content=\"https:\/\/restyling.exenia.eu\/wp-content\/uploads\/2023\/01\/Pluriel-plus-downlight-prodotto.jpg\" \/>\n\t<meta property=\"og:image:width\" content=\"2000\" \/>\n\t<meta property=\"og:image:height\" content=\"1919\" \/>\n\t<meta property=\"og:image:type\" content=\"image\/jpeg\" \/>\n<!-- \/ Yoast SEO plugin. -->","yoast_head_json":{"title":"Pluriel Plus Encastr\u00e9 | Exenia","robots":{"index":"noindex","follow":"follow","max-snippet":"max-snippet:-1","max-image-preview":"max-image-preview:large","max-video-preview":"max-video-preview:-1"},"og_locale":"fr_FR","og_type":"article","og_title":"Pluriel Plus Encastr\u00e9 | Exenia","og_description":"Luminaire individuel \u00e0 encastrement orientable avec source lumineuse \u00e0 DEL...","og_url":"https:\/\/restyling.exenia.eu\/fr\/produit\/pluriel-plus-encastre\/","og_site_name":"Exenia","article_publisher":"https:\/\/www.facebook.com\/exenialighting","article_modified_time":"2023-06-13T12:39:24+00:00","og_image":[{"width":2000,"height":1919,"url":"https:\/\/restyling.exenia.eu\/wp-content\/uploads\/2023\/01\/Pluriel-plus-downlight-prodotto.jpg","type":"image\/jpeg"}],"schema":{"@context":"https:\/\/schema.org","@graph":[{"@type":"WebPage","@id":"https:\/\/restyling.exenia.eu\/fr\/produit\/pluriel-plus-encastre\/","url":"https:\/\/restyling.exenia.eu\/fr\/produit\/pluriel-plus-encastre\/","name":"Pluriel Plus Encastr\u00e9 | Exenia","isPartOf":{"@id":"https:\/\/restyling.exenia.eu\/#website"},"primaryImageOfPage":{"@id":"https:\/\/restyling.exenia.eu\/fr\/produit\/pluriel-plus-encastre\/#primaryimage"},"image":{"@id":"https:\/\/restyling.exenia.eu\/fr\/produit\/pluriel-plus-encastre\/#primaryimage"},"thumbnailUrl":"https:\/\/restyling.exenia.eu\/wp-content\/uploads\/2023\/01\/Pluriel-plus-downlight-prodotto.jpg","datePublished":"2022-11-24T08:50:58+00:00","dateModified":"2023-06-13T12:39:24+00:00","breadcrumb":{"@id":"https:\/\/restyling.exenia.eu\/fr\/produit\/pluriel-plus-encastre\/#breadcrumb"},"inLanguage":"fr-FR","potentialAction":[{"@type":"ReadAction","target":["https:\/\/restyling.exenia.eu\/fr\/produit\/pluriel-plus-encastre\/"]}]},{"@type":"ImageObject","inLanguage":"fr-FR","@id":"https:\/\/restyling.exenia.eu\/fr\/produit\/pluriel-plus-encastre\/#primaryimage","url":"https:\/\/restyling.exenia.eu\/wp-content\/uploads\/2023\/01\/Pluriel-plus-downlight-prodotto.jpg","contentUrl":"https:\/\/restyling.exenia.eu\/wp-content\/uploads\/2023\/01\/Pluriel-plus-downlight-prodotto.jpg","width":2000,"height":1919},{"@type":"BreadcrumbList","@id":"https:\/\/restyling.exenia.eu\/fr\/produit\/pluriel-plus-encastre\/#breadcrumb","itemListElement":[{"@type":"ListItem","position":1,"name":"Home","item":"https:\/\/restyling.exenia.eu\/"},{"@type":"ListItem","position":2,"name":"Produits","item":"https:\/\/restyling.exenia.eu\/prodotti\/"},{"@type":"ListItem","position":3,"name":"Indoor","item":"https:\/\/restyling.exenia.eu\/fr\/c\/indoor\/"},{"@type":"ListItem","position":4,"name":"Encastr\u00e9s","item":"https:\/\/restyling.exenia.eu\/fr\/c\/indoor\/encastres\/"},{"@type":"ListItem","position":5,"name":"Pluriel","item":"https:\/\/restyling.exenia.eu\/fr\/c\/indoor\/encastres\/pluriel-encastres\/"},{"@type":"ListItem","position":6,"name":"Pluriel Plus Encastr\u00e9"}]},{"@type":"WebSite","@id":"https:\/\/restyling.exenia.eu\/#website","url":"https:\/\/restyling.exenia.eu\/","name":"Exenia","description":"","publisher":{"@id":"https:\/\/restyling.exenia.eu\/#organization"},"potentialAction":[{"@type":"SearchAction","target":{"@type":"EntryPoint","urlTemplate":"https:\/\/restyling.exenia.eu\/?s={search_term_string}"},"query-input":{"@type":"PropertyValueSpecification","valueRequired":true,"valueName":"search_term_string"}}],"inLanguage":"fr-FR"},{"@type":"Organization","@id":"https:\/\/restyling.exenia.eu\/#organization","name":"Exenia","url":"https:\/\/restyling.exenia.eu\/","logo":{"@type":"ImageObject","inLanguage":"fr-FR","@id":"https:\/\/restyling.exenia.eu\/#\/schema\/logo\/image\/","url":"https:\/\/restyling.exenia.eu\/wp-content\/uploads\/2022\/09\/logo_exenia-e1678467519405.png","contentUrl":"https:\/\/restyling.exenia.eu\/wp-content\/uploads\/2022\/09\/logo_exenia-e1678467519405.png","width":600,"height":194,"caption":"Exenia"},"image":{"@id":"https:\/\/restyling.exenia.eu\/#\/schema\/logo\/image\/"},"sameAs":["https:\/\/www.facebook.com\/exenialighting","https:\/\/x.com\/ExeniaLighting"]}]}},"_links":{"self":[{"href":"https:\/\/restyling.exenia.eu\/fr\/wp-json\/wp\/v2\/product\/27262","targetHints":{"allow":["GET"]}}],"collection":[{"href":"https:\/\/restyling.exenia.eu\/fr\/wp-json\/wp\/v2\/product"}],"about":[{"href":"https:\/\/restyling.exenia.eu\/fr\/wp-json\/wp\/v2\/types\/product"}],"wp:featuredmedia":[{"embeddable":true,"href":"https:\/\/restyling.exenia.eu\/fr\/wp-json\/wp\/v2\/media\/12321"}],"wp:attachment":[{"href":"https:\/\/restyling.exenia.eu\/fr\/wp-json\/wp\/v2\/media?parent=27262"}],"wp:term":[{"taxonomy":"product_brand","embeddable":true,"href":"https:\/\/restyling.exenia.eu\/fr\/wp-json\/wp\/v2\/product_brand?post=27262"},{"taxonomy":"product_cat","embeddable":true,"href":"https:\/\/restyling.exenia.eu\/fr\/wp-json\/wp\/v2\/product_cat?post=27262"},{"taxonomy":"product_tag","embeddable":true,"href":"https:\/\/restyling.exenia.eu\/fr\/wp-json\/wp\/v2\/product_tag?post=27262"},{"taxonomy":"categoria-admin-prodotto","embeddable":true,"href":"https:\/\/restyling.exenia.eu\/fr\/wp-json\/wp\/v2\/categoria-admin-prodotto?post=27262"}],"curies":[{"name":"wp","href":"https:\/\/api.w.org\/{rel}","templated":true}]}}