{"id":27273,"date":"2022-11-24T09:50:41","date_gmt":"2022-11-24T08:50:41","guid":{"rendered":"https:\/\/www.exenia.eu\/prodotto\/museo-radius-track-medium-2\/"},"modified":"2023-07-14T16:04:01","modified_gmt":"2023-07-14T14:04:01","slug":"museo-radius-rail-medium","status":"publish","type":"product","link":"https:\/\/restyling.exenia.eu\/fr\/produit\/museo-radius-rail-medium\/","title":{"rendered":"Museo Radius Rail Medium"},"content":{"rendered":"<p>Le projecteur Museo Radius Medium est un spot \u00e0 LED \u00e0 haute performance, id\u00e9al pour les mus\u00e9es et les galeries. La derni\u00e8re g\u00e9n\u00e9ration de cartes \u00e0 LED de Lumenpulse permette de produire une quantit\u00e9 de candelas et de lumens optimis\u00e9e pour les optiques Narrow et Wide. Le Museo Radius Medium peut \u00eatre configur\u00e9 avec un choix de couleurs. temp\u00e9ratures, optiques y compris VN (6 \u00b0), NS (13\u00b0), M (25 \u00b0) et FL (40 \u00b0), ainsi qu&rsquo;une multitude d&rsquo;accessoires interchangeables, faisant de ce luminaire un outil polyvalent pour \u00e9clairer tous structures historiques et culturelles.<\/p>\n","protected":false},"excerpt":{"rendered":"<p>Le projecteur Museo Radius Medium est un spot \u00e0 LED&#8230;<\/p>\n","protected":false},"featured_media":24799,"template":"","meta":{"_acf_changed":false},"product_brand":[],"product_cat":[2685],"product_tag":[8343],"categoria-admin-prodotto":[],"class_list":{"0":"post-27273","1":"product","2":"type-product","3":"status-publish","4":"has-post-thumbnail","6":"product_cat-museo-radius-luminaires-pour-pistes","7":"product_tag-limt-fr","8":"pa_cct-2200k-fr","9":"pa_cct-2700k-fr","10":"pa_cct-3000k-fr","11":"pa_cct-3500k-fr","12":"pa_cct-4000k-fr","13":"pa_cct-dwh-2700k-6500k-fr","14":"pa_cct-dww-2200k-3000k-fr","15":"pa_cct-rgbw-fr","16":"pa_certificazione-conformita-ce-fr","17":"pa_classe-f-oui","18":"pa_cri-80-fr","19":"pa_cri-90-fr","20":"pa_grado-ip-ip20-fr","21":"pa_temperatura-di-esercizio-10-30-fr","23":"first","24":"instock","25":"purchasable","26":"product-type-composite"},"composite_virtual":false,"composite_layout":"single","composite_add_to_cart_form_location":"default","composite_editable_in_cart":false,"composite_sold_individually_context":"product","composite_shop_price_calc":"defaults","composite_components":[{"id":"1675186922","title":"Corp de l&#039;appareil","description":"","query_type":"product_ids","query_ids":[18620],"default_option_id":18620,"thumbnail_id":"","thumbnail_src":"","quantity_min":1,"quantity_max":1,"priced_individually":false,"shipped_individually":false,"optional":false,"discount":"","options_style":"radios","pagination_style":"classic","display_prices":"absolute","show_sorting_options":false,"show_filtering_options":false,"attribute_filter_ids":[],"product_title_visible":false,"product_descr_visible":false,"product_price_visible":false,"product_thumb_visible":false,"subtotal_visible_product":false,"subtotal_visible_cart":false,"subtotal_visible_orders":false},{"id":"1675186923","title":"CCT","description":"","query_type":"product_ids","query_ids":[18436,18437,18438,18439,18440,18441,18442,18443],"default_option_id":"","thumbnail_id":"","thumbnail_src":"","quantity_min":1,"quantity_max":1,"priced_individually":false,"shipped_individually":false,"optional":true,"discount":"","options_style":"radios","pagination_style":"classic","display_prices":"absolute","show_sorting_options":false,"show_filtering_options":false,"attribute_filter_ids":[],"product_title_visible":false,"product_descr_visible":false,"product_price_visible":false,"product_thumb_visible":false,"subtotal_visible_product":false,"subtotal_visible_cart":false,"subtotal_visible_orders":false},{"id":"1675186924","title":"CRI","description":"","query_type":"product_ids","query_ids":[18625,18626],"default_option_id":"","thumbnail_id":"","thumbnail_src":"","quantity_min":1,"quantity_max":1,"priced_individually":false,"shipped_individually":false,"optional":true,"discount":"","options_style":"radios","pagination_style":"classic","display_prices":"absolute","show_sorting_options":false,"show_filtering_options":false,"attribute_filter_ids":[],"product_title_visible":false,"product_descr_visible":false,"product_price_visible":false,"product_thumb_visible":false,"subtotal_visible_product":false,"subtotal_visible_cart":false,"subtotal_visible_orders":false},{"id":"1675186925","title":"Optique","description":"","query_type":"product_ids","query_ids":[18927,18904,18883,18868],"default_option_id":"","thumbnail_id":"","thumbnail_src":"","quantity_min":1,"quantity_max":1,"priced_individually":false,"shipped_individually":false,"optional":true,"discount":"","options_style":"radios","pagination_style":"classic","display_prices":"absolute","show_sorting_options":false,"show_filtering_options":false,"attribute_filter_ids":[],"product_title_visible":false,"product_descr_visible":false,"product_price_visible":false,"product_thumb_visible":false,"subtotal_visible_product":false,"subtotal_visible_cart":false,"subtotal_visible_orders":false},{"id":"1675186926","title":"Finition","description":"","query_type":"product_ids","query_ids":[18751,18776,18764,18756,18766],"default_option_id":"","thumbnail_id":"","thumbnail_src":"","quantity_min":1,"quantity_max":1,"priced_individually":false,"shipped_individually":false,"optional":true,"discount":"","options_style":"radios","pagination_style":"classic","display_prices":"absolute","show_sorting_options":false,"show_filtering_options":false,"attribute_filter_ids":[],"product_title_visible":false,"product_descr_visible":false,"product_price_visible":false,"product_thumb_visible":false,"subtotal_visible_product":false,"subtotal_visible_cart":false,"subtotal_visible_orders":false},{"id":"1675186927","title":"Controle","description":"","query_type":"product_ids","query_ids":[18491,18478,18476,18475,18477,18479,18490],"default_option_id":"","thumbnail_id":"","thumbnail_src":"","quantity_min":1,"quantity_max":1,"priced_individually":false,"shipped_individually":false,"optional":true,"discount":"","options_style":"radios","pagination_style":"classic","display_prices":"absolute","show_sorting_options":false,"show_filtering_options":false,"attribute_filter_ids":[],"product_title_visible":false,"product_descr_visible":false,"product_price_visible":false,"product_thumb_visible":false,"subtotal_visible_product":false,"subtotal_visible_cart":false,"subtotal_visible_orders":false},{"id":"1675186928","title":"Commandez s\u00e9par\u00e9ment","description":"","query_type":"product_ids","query_ids":[7634],"default_option_id":"","thumbnail_id":"","thumbnail_src":"","quantity_min":1,"quantity_max":1,"priced_individually":false,"shipped_individually":false,"optional":true,"discount":"","options_style":"radios","pagination_style":"classic","display_prices":"absolute","show_sorting_options":false,"show_filtering_options":false,"attribute_filter_ids":[],"product_title_visible":false,"product_descr_visible":false,"product_price_visible":false,"product_thumb_visible":false,"subtotal_visible_product":false,"subtotal_visible_cart":false,"subtotal_visible_orders":false},{"id":"1675186929","title":"Accessoires ind\u00e9pendants","description":"","query_type":"product_ids","query_ids":[41571],"default_option_id":41571,"thumbnail_id":"","thumbnail_src":"","quantity_min":1,"quantity_max":1,"priced_individually":false,"shipped_individually":false,"optional":false,"discount":"","options_style":"radios","pagination_style":"classic","display_prices":"absolute","show_sorting_options":false,"show_filtering_options":false,"attribute_filter_ids":[],"product_title_visible":false,"product_descr_visible":false,"product_price_visible":false,"product_thumb_visible":true,"subtotal_visible_product":false,"subtotal_visible_cart":false,"subtotal_visible_orders":false},{"id":"1689350432","title":"Dur&eacute;e de vie","description":"","query_type":"product_ids","query_ids":[50117,50133],"default_option_id":"","thumbnail_id":"","thumbnail_src":"","quantity_min":1,"quantity_max":1,"priced_individually":false,"shipped_individually":false,"optional":true,"discount":"","options_style":"radios","pagination_style":"classic","display_prices":"absolute","show_sorting_options":false,"show_filtering_options":false,"attribute_filter_ids":[],"product_title_visible":false,"product_descr_visible":false,"product_price_visible":false,"product_thumb_visible":false,"subtotal_visible_product":false,"subtotal_visible_cart":false,"subtotal_visible_orders":false}],"composite_scenarios":[{"id":"1675186967","name":"22k","description":"","configuration":[{"component_id":"1675186923","options_modifier":"in","component_options":[18436]}],"actions":[{"action_id":"compat_group","is_active":false},{"action_id":"conditional_components","is_active":false,"hidden_components":[]},{"action_id":"conditional_options","is_active":true,"hidden_options":[{"component_id":"1675186924","component_options":[18626],"options_modifier":"in"},{"component_id":"1675186927","component_options":[18477,18479,18490],"options_modifier":"in"}]}],"enabled":true},{"id":"1675187384","name":"dinamics","description":"","configuration":[{"component_id":"1675186923","options_modifier":"in","component_options":[18441,18442,18443]}],"actions":[{"action_id":"compat_group","is_active":false},{"action_id":"conditional_components","is_active":true,"hidden_components":["1675186924"]},{"action_id":"conditional_options","is_active":true,"hidden_options":[{"component_id":"1675186927","component_options":[18491,18478,18476,18475],"options_modifier":"in"},{"component_id":"1675186929","component_options":[41572,41573],"options_modifier":"in"}]}],"enabled":true},{"id":"1675187385","name":"27\/30k","description":"","configuration":[{"component_id":"1675186923","options_modifier":"in","component_options":[18437,18438]}],"actions":[{"action_id":"compat_group","is_active":false},{"action_id":"conditional_components","is_active":false,"hidden_components":[]},{"action_id":"conditional_options","is_active":true,"hidden_options":[{"component_id":"1675186924","component_options":[18625],"options_modifier":"in"},{"component_id":"1675186927","component_options":[18477,18479,18490],"options_modifier":"in"}]}],"enabled":true},{"id":"1675187386","name":"35\/40k+cri80","description":"","configuration":[{"component_id":"1675186923","options_modifier":"in","component_options":[18439,18440]},{"component_id":"1675186924","options_modifier":"in","component_options":[18625]}],"actions":[{"action_id":"compat_group","is_active":false},{"action_id":"conditional_components","is_active":false,"hidden_components":[]},{"action_id":"conditional_options","is_active":true,"hidden_options":[{"component_id":"1675186925","component_options":[-1,18927],"options_modifier":"not-in"},{"component_id":"1675186927","component_options":[18477,18479,18490],"options_modifier":"in"}]}],"enabled":true},{"id":"1675187387","name":"35\/40k+cri90","description":"","configuration":[{"component_id":"1675186923","options_modifier":"in","component_options":[18439,18440]},{"component_id":"1675186924","options_modifier":"in","component_options":[18626]}],"actions":[{"action_id":"compat_group","is_active":false},{"action_id":"conditional_components","is_active":false,"hidden_components":[]},{"action_id":"conditional_options","is_active":true,"hidden_options":[{"component_id":"1675186925","component_options":[18927],"options_modifier":"in"},{"component_id":"1675186927","component_options":[18477,18479,18490],"options_modifier":"in"}]}],"enabled":true},{"id":"1675187388","name":"cri80","description":"","configuration":[{"component_id":"1675186924","options_modifier":"in","component_options":[18625]}],"actions":[{"action_id":"compat_group","is_active":false},{"action_id":"conditional_components","is_active":false,"hidden_components":[]},{"action_id":"conditional_options","is_active":true,"hidden_options":[{"component_id":"1675186923","component_options":[18437,18438,18441,18442,18443],"options_modifier":"in"}]}],"enabled":true},{"id":"1675187389","name":"cri90","description":"","configuration":[{"component_id":"1675186924","options_modifier":"in","component_options":[18626]}],"actions":[{"action_id":"compat_group","is_active":false},{"action_id":"conditional_components","is_active":false,"hidden_components":[]},{"action_id":"conditional_options","is_active":true,"hidden_options":[{"component_id":"1675186923","component_options":[18436,18441,18442,18443],"options_modifier":"in"}]}],"enabled":true},{"id":"1675187390","name":"controlli no din.","description":"","configuration":[{"component_id":"1675186927","options_modifier":"in","component_options":[18491,18478,18476,18475]}],"actions":[{"action_id":"compat_group","is_active":false},{"action_id":"conditional_components","is_active":false,"hidden_components":[]},{"action_id":"conditional_options","is_active":true,"hidden_options":[{"component_id":"1675186923","component_options":[18441,18442,18443],"options_modifier":"in"}]}],"enabled":true},{"id":"1675187391","name":"controlli si din.","description":"","configuration":[{"component_id":"1675186927","options_modifier":"in","component_options":[18477,18479]}],"actions":[{"action_id":"compat_group","is_active":false},{"action_id":"conditional_components","is_active":false,"hidden_components":[]},{"action_id":"conditional_options","is_active":true,"hidden_options":[{"component_id":"1675186923","component_options":[18436,18437,18438,18439,18440],"options_modifier":"in"}]}],"enabled":true},{"id":"1675187392","name":"accessori","description":"","configuration":[{"component_id":"1675186928","options_modifier":"in","component_options":[-1]}],"actions":[{"action_id":"compat_group","is_active":false},{"action_id":"conditional_components","is_active":true,"hidden_components":["1675186929"]},{"action_id":"conditional_options","is_active":true,"hidden_options":[{"component_id":"1675186929","component_options":[41572,41573,41574,41575,41576,41577],"options_modifier":"in"}]}],"enabled":true},{"id":"1689350553","name":"LT 50 vn","description":"","configuration":[{"component_id":"1675186925","options_modifier":"in","component_options":[18927]}],"actions":[{"action_id":"compat_group","is_active":false},{"action_id":"conditional_components","is_active":false,"hidden_components":[]},{"action_id":"conditional_options","is_active":true,"hidden_options":[{"component_id":"1689350432","component_options":[-1,50117],"options_modifier":"not-in"}]}],"enabled":true},{"id":"1689350554","name":"LT 50 dinamic white","description":"","configuration":[{"component_id":"1675186923","options_modifier":"in","component_options":[18441,18442,18443]},{"component_id":"1675186925","options_modifier":"in","component_options":[18904,18883,18868]}],"actions":[{"action_id":"compat_group","is_active":false},{"action_id":"conditional_components","is_active":false,"hidden_components":[]},{"action_id":"conditional_options","is_active":true,"hidden_options":[{"component_id":"1689350432","component_options":[-1,50117],"options_modifier":"not-in"}]}],"enabled":true},{"id":"1689350555","name":"LT 180","description":"","configuration":[{"component_id":"1675186923","options_modifier":"in","component_options":[18436,18437,18438,18439,18440]},{"component_id":"1675186925","options_modifier":"in","component_options":[18904,18883,18868]}],"actions":[{"action_id":"compat_group","is_active":false},{"action_id":"conditional_components","is_active":false,"hidden_components":[]},{"action_id":"conditional_options","is_active":true,"hidden_options":[{"component_id":"1689350432","component_options":[-1,50133],"options_modifier":"not-in"}]}],"enabled":true}],"bundled_by":[],"bundle_stock_status":"instock","bundle_stock_quantity":null,"bundle_virtual":false,"bundle_layout":"","bundle_add_to_cart_form_location":"","bundle_editable_in_cart":false,"bundle_sold_individually_context":"","bundle_item_grouping":"","bundle_min_size":"","bundle_max_size":"","bundled_items":[],"bundle_sell_ids":[],"acf":[],"yoast_head":"<!-- This site is optimized with the Yoast SEO plugin v27.4 - https:\/\/yoast.com\/product\/yoast-seo-wordpress\/ -->\n<title>Museo Radius Rail Medium | Exenia<\/title>\n<meta name=\"robots\" content=\"noindex, follow, max-snippet:-1, max-image-preview:large, max-video-preview:-1\" \/>\n<meta property=\"og:locale\" content=\"fr_FR\" \/>\n<meta property=\"og:type\" content=\"article\" \/>\n<meta property=\"og:title\" content=\"Museo Radius Rail Medium | Exenia\" \/>\n<meta property=\"og:description\" content=\"Le projecteur Museo Radius Medium est un spot \u00e0 LED...\" \/>\n<meta property=\"og:url\" content=\"https:\/\/restyling.exenia.eu\/fr\/produit\/museo-radius-rail-medium\/\" \/>\n<meta property=\"og:site_name\" content=\"Exenia\" \/>\n<meta property=\"article:publisher\" content=\"https:\/\/www.facebook.com\/exenialighting\" \/>\n<meta property=\"article:modified_time\" content=\"2023-07-14T14:04:01+00:00\" \/>\n<meta property=\"og:image\" content=\"https:\/\/restyling.exenia.eu\/wp-content\/uploads\/2022\/11\/Museo-radius-track-medium-prodotto.jpg\" \/>\n\t<meta property=\"og:image:width\" content=\"2000\" \/>\n\t<meta property=\"og:image:height\" content=\"1919\" \/>\n\t<meta property=\"og:image:type\" content=\"image\/jpeg\" \/>\n<!-- \/ Yoast SEO plugin. -->","yoast_head_json":{"title":"Museo Radius Rail Medium | Exenia","robots":{"index":"noindex","follow":"follow","max-snippet":"max-snippet:-1","max-image-preview":"max-image-preview:large","max-video-preview":"max-video-preview:-1"},"og_locale":"fr_FR","og_type":"article","og_title":"Museo Radius Rail Medium | Exenia","og_description":"Le projecteur Museo Radius Medium est un spot \u00e0 LED...","og_url":"https:\/\/restyling.exenia.eu\/fr\/produit\/museo-radius-rail-medium\/","og_site_name":"Exenia","article_publisher":"https:\/\/www.facebook.com\/exenialighting","article_modified_time":"2023-07-14T14:04:01+00:00","og_image":[{"width":2000,"height":1919,"url":"https:\/\/restyling.exenia.eu\/wp-content\/uploads\/2022\/11\/Museo-radius-track-medium-prodotto.jpg","type":"image\/jpeg"}],"schema":{"@context":"https:\/\/schema.org","@graph":[{"@type":"WebPage","@id":"https:\/\/restyling.exenia.eu\/fr\/produit\/museo-radius-rail-medium\/","url":"https:\/\/restyling.exenia.eu\/fr\/produit\/museo-radius-rail-medium\/","name":"Museo Radius Rail Medium | Exenia","isPartOf":{"@id":"https:\/\/restyling.exenia.eu\/#website"},"primaryImageOfPage":{"@id":"https:\/\/restyling.exenia.eu\/fr\/produit\/museo-radius-rail-medium\/#primaryimage"},"image":{"@id":"https:\/\/restyling.exenia.eu\/fr\/produit\/museo-radius-rail-medium\/#primaryimage"},"thumbnailUrl":"https:\/\/restyling.exenia.eu\/wp-content\/uploads\/2022\/11\/Museo-radius-track-medium-prodotto.jpg","datePublished":"2022-11-24T08:50:41+00:00","dateModified":"2023-07-14T14:04:01+00:00","breadcrumb":{"@id":"https:\/\/restyling.exenia.eu\/fr\/produit\/museo-radius-rail-medium\/#breadcrumb"},"inLanguage":"fr-FR","potentialAction":[{"@type":"ReadAction","target":["https:\/\/restyling.exenia.eu\/fr\/produit\/museo-radius-rail-medium\/"]}]},{"@type":"ImageObject","inLanguage":"fr-FR","@id":"https:\/\/restyling.exenia.eu\/fr\/produit\/museo-radius-rail-medium\/#primaryimage","url":"https:\/\/restyling.exenia.eu\/wp-content\/uploads\/2022\/11\/Museo-radius-track-medium-prodotto.jpg","contentUrl":"https:\/\/restyling.exenia.eu\/wp-content\/uploads\/2022\/11\/Museo-radius-track-medium-prodotto.jpg","width":2000,"height":1919},{"@type":"BreadcrumbList","@id":"https:\/\/restyling.exenia.eu\/fr\/produit\/museo-radius-rail-medium\/#breadcrumb","itemListElement":[{"@type":"ListItem","position":1,"name":"Home","item":"https:\/\/restyling.exenia.eu\/"},{"@type":"ListItem","position":2,"name":"Produits","item":"https:\/\/restyling.exenia.eu\/prodotti\/"},{"@type":"ListItem","position":3,"name":"Indoor","item":"https:\/\/restyling.exenia.eu\/fr\/c\/indoor\/"},{"@type":"ListItem","position":4,"name":"Luminaires pour syst\u00e8mes\/pistes","item":"https:\/\/restyling.exenia.eu\/fr\/c\/indoor\/luminaires-pour-systemes-pistes\/"},{"@type":"ListItem","position":5,"name":"230 V","item":"https:\/\/restyling.exenia.eu\/fr\/c\/indoor\/luminaires-pour-systemes-pistes\/230-v-fr\/"},{"@type":"ListItem","position":6,"name":"Museo Radius","item":"https:\/\/restyling.exenia.eu\/c\/indoor\/apparecchi-per-sistemi-binari-elettrificati\/230-v\/museo-radius\/"},{"@type":"ListItem","position":7,"name":"Museo Radius Rail Medium"}]},{"@type":"WebSite","@id":"https:\/\/restyling.exenia.eu\/#website","url":"https:\/\/restyling.exenia.eu\/","name":"Exenia","description":"","publisher":{"@id":"https:\/\/restyling.exenia.eu\/#organization"},"potentialAction":[{"@type":"SearchAction","target":{"@type":"EntryPoint","urlTemplate":"https:\/\/restyling.exenia.eu\/?s={search_term_string}"},"query-input":{"@type":"PropertyValueSpecification","valueRequired":true,"valueName":"search_term_string"}}],"inLanguage":"fr-FR"},{"@type":"Organization","@id":"https:\/\/restyling.exenia.eu\/#organization","name":"Exenia","url":"https:\/\/restyling.exenia.eu\/","logo":{"@type":"ImageObject","inLanguage":"fr-FR","@id":"https:\/\/restyling.exenia.eu\/#\/schema\/logo\/image\/","url":"https:\/\/restyling.exenia.eu\/wp-content\/uploads\/2022\/09\/logo_exenia-e1678467519405.png","contentUrl":"https:\/\/restyling.exenia.eu\/wp-content\/uploads\/2022\/09\/logo_exenia-e1678467519405.png","width":600,"height":194,"caption":"Exenia"},"image":{"@id":"https:\/\/restyling.exenia.eu\/#\/schema\/logo\/image\/"},"sameAs":["https:\/\/www.facebook.com\/exenialighting","https:\/\/x.com\/ExeniaLighting"]}]}},"_links":{"self":[{"href":"https:\/\/restyling.exenia.eu\/fr\/wp-json\/wp\/v2\/product\/27273","targetHints":{"allow":["GET"]}}],"collection":[{"href":"https:\/\/restyling.exenia.eu\/fr\/wp-json\/wp\/v2\/product"}],"about":[{"href":"https:\/\/restyling.exenia.eu\/fr\/wp-json\/wp\/v2\/types\/product"}],"wp:featuredmedia":[{"embeddable":true,"href":"https:\/\/restyling.exenia.eu\/fr\/wp-json\/wp\/v2\/media\/24799"}],"wp:attachment":[{"href":"https:\/\/restyling.exenia.eu\/fr\/wp-json\/wp\/v2\/media?parent=27273"}],"wp:term":[{"taxonomy":"product_brand","embeddable":true,"href":"https:\/\/restyling.exenia.eu\/fr\/wp-json\/wp\/v2\/product_brand?post=27273"},{"taxonomy":"product_cat","embeddable":true,"href":"https:\/\/restyling.exenia.eu\/fr\/wp-json\/wp\/v2\/product_cat?post=27273"},{"taxonomy":"product_tag","embeddable":true,"href":"https:\/\/restyling.exenia.eu\/fr\/wp-json\/wp\/v2\/product_tag?post=27273"},{"taxonomy":"categoria-admin-prodotto","embeddable":true,"href":"https:\/\/restyling.exenia.eu\/fr\/wp-json\/wp\/v2\/categoria-admin-prodotto?post=27273"}],"curies":[{"name":"wp","href":"https:\/\/api.w.org\/{rel}","templated":true}]}}