{"id":27290,"date":"2022-11-24T09:50:41","date_gmt":"2022-11-24T08:50:41","guid":{"rendered":"https:\/\/www.exenia.eu\/prodotto\/museo-revo-medium-2\/"},"modified":"2023-07-14T13:52:21","modified_gmt":"2023-07-14T11:52:21","slug":"museo-revo-medium","status":"publish","type":"product","link":"https:\/\/restyling.exenia.eu\/fr\/produit\/museo-revo-medium\/","title":{"rendered":"Museo Revo Medium"},"content":{"rendered":"<p>Projecteurs pour montage en surface avec pilotes int\u00e9gr\u00e9s dans la base.<br \/>\nConvient pour un \u00e9clairage de grand confort visuel, direct et indirect. D\u00e9di\u00e9s \u00e0 la conception avanc\u00e9e de l&rsquo;\u00e9clairage, les nouveaux syst\u00e8mes optiques Revo-Dark sont particuli\u00e8rement adapt\u00e9s aux environnements \u00e0 haut confort visuel. Caract\u00e9ris\u00e9s par une double articulation et six degr\u00e9s de libert\u00e9, ils permettent un positionnement pr\u00e9cis dans toutes les directions. Les dimensions minimis\u00e9es et les finitions d\u00e9di\u00e9es pour un camouflage maximal dans le contexte se combinent aux nouveaux param\u00e8tres de performance REVO pour obtenir un rapport taille-performance sans comparaison.<\/p>\n<p>La version Medium offre des ouvertures de 8\u00b0 \u00e0 50\u00b0 deux faisceaux elliptiques , le tr\u00e8s recherch\u00e9 Deep et Grazing wall-washer avec une grande homog\u00e9n\u00e9it\u00e9 et un shaper.<br \/>\nLes nombreux accessoires sont con\u00e7us avec un syst\u00e8me de montage superpos\u00e9, permettant une configuration optique diff\u00e9renci\u00e9e et sp\u00e9cifique. Le haut rendu des couleurs, l&rsquo;UGR&lt;10 et la conformit\u00e9 aux param\u00e8tres d&rsquo;\u00e9clairage DARK sont compl\u00e9t\u00e9s par la qualit\u00e9 des 2 SDCM de la source et la propret\u00e9 particuli\u00e8re de la projection du faisceau. Le corps global en aluminium est dot\u00e9 de nouveaux bras en laiton sans friction avec verrouillage microm\u00e9trique pour une vis\u00e9e facile et d\u00e9finitive.<br \/>\nLa compatibilit\u00e9 totale avec les syst\u00e8mes de contr\u00f4le les plus courants fait de Museo Revo Medium l&rsquo;outil parfait dans les contextes o\u00f9 la valeur de la source est d\u00e9termin\u00e9e par une performance de tr\u00e8s haute qualit\u00e9 et une intrusion physique et visuelle minimale.<\/p>\n<p>Ce mod\u00e8le peut \u00e9galement \u00eatre configur\u00e9 dans la version shaper avec des lentilles mobiles, pour obtenir des projections quadrangulaires focalis\u00e9es avec un instrument l\u00e9ger et petit.<\/p>\n","protected":false},"excerpt":{"rendered":"<p>Projecteurs pour montage en surface avec pilotes int\u00e9gr\u00e9s dans la&#8230;<\/p>\n","protected":false},"featured_media":23432,"template":"","meta":{"_acf_changed":false},"product_brand":[],"product_cat":[2701],"product_tag":[7503],"categoria-admin-prodotto":[],"class_list":{"0":"post-27290","1":"product","2":"type-product","3":"status-publish","4":"has-post-thumbnail","6":"product_cat-museo-revo-projecteurs-de-base","7":"product_tag-38640-fr","8":"pa_cct-2700k-fr","9":"pa_cct-3000k-fr","10":"pa_cct-3500k-fr","11":"pa_cct-4000k-fr","12":"pa_certificazione-conformita-ce-fr","13":"pa_classe-f-oui","14":"pa_cri-92-fr","15":"pa_cri-98-fr","16":"pa_grado-ip-ip40-fr","17":"pa_temperatura-di-esercizio-10-35-fr","19":"first","20":"instock","21":"purchasable","22":"product-type-composite"},"composite_virtual":false,"composite_layout":"single","composite_add_to_cart_form_location":"default","composite_editable_in_cart":false,"composite_sold_individually_context":"product","composite_shop_price_calc":"defaults","composite_components":[{"id":"1674660327","title":"Corp de l&#039;appareil","description":"","query_type":"product_ids","query_ids":[18573],"default_option_id":18573,"thumbnail_id":"","thumbnail_src":"","quantity_min":1,"quantity_max":1,"priced_individually":false,"shipped_individually":false,"optional":false,"discount":"","options_style":"radios","pagination_style":"classic","display_prices":"absolute","show_sorting_options":false,"show_filtering_options":false,"attribute_filter_ids":[],"product_title_visible":false,"product_descr_visible":false,"product_price_visible":false,"product_thumb_visible":false,"subtotal_visible_product":false,"subtotal_visible_cart":false,"subtotal_visible_orders":false},{"id":"1674660328","title":"Version","description":"","query_type":"product_ids","query_ids":[19040],"default_option_id":19040,"thumbnail_id":"","thumbnail_src":"","quantity_min":1,"quantity_max":1,"priced_individually":false,"shipped_individually":false,"optional":false,"discount":"","options_style":"radios","pagination_style":"classic","display_prices":"absolute","show_sorting_options":false,"show_filtering_options":false,"attribute_filter_ids":[],"product_title_visible":false,"product_descr_visible":false,"product_price_visible":false,"product_thumb_visible":false,"subtotal_visible_product":false,"subtotal_visible_cart":false,"subtotal_visible_orders":false},{"id":"1674660329","title":"Controle","description":"","query_type":"product_ids","query_ids":[18444,18445,18473,18471,18489],"default_option_id":"","thumbnail_id":"","thumbnail_src":"","quantity_min":1,"quantity_max":1,"priced_individually":false,"shipped_individually":false,"optional":true,"discount":"","options_style":"radios","pagination_style":"classic","display_prices":"absolute","show_sorting_options":false,"show_filtering_options":false,"attribute_filter_ids":[],"product_title_visible":false,"product_descr_visible":false,"product_price_visible":false,"product_thumb_visible":false,"subtotal_visible_product":false,"subtotal_visible_cart":false,"subtotal_visible_orders":false},{"id":"1674660330","title":"Finition","description":"","query_type":"product_ids","query_ids":[18774,18749,18707,18767,18765,18762,18753],"default_option_id":"","thumbnail_id":"","thumbnail_src":"","quantity_min":1,"quantity_max":1,"priced_individually":false,"shipped_individually":false,"optional":true,"discount":"","options_style":"radios","pagination_style":"classic","display_prices":"absolute","show_sorting_options":false,"show_filtering_options":false,"attribute_filter_ids":[],"product_title_visible":false,"product_descr_visible":false,"product_price_visible":false,"product_thumb_visible":false,"subtotal_visible_product":false,"subtotal_visible_cart":false,"subtotal_visible_orders":false},{"id":"1674660331","title":"CRI-CCT","description":"","query_type":"product_ids","query_ids":[18627,18628,18630,18629,18637,18638,18640,18639],"default_option_id":"","thumbnail_id":"","thumbnail_src":"","quantity_min":1,"quantity_max":1,"priced_individually":false,"shipped_individually":false,"optional":true,"discount":"","options_style":"radios","pagination_style":"classic","display_prices":"absolute","show_sorting_options":false,"show_filtering_options":false,"attribute_filter_ids":[],"product_title_visible":false,"product_descr_visible":false,"product_price_visible":false,"product_thumb_visible":false,"subtotal_visible_product":false,"subtotal_visible_cart":false,"subtotal_visible_orders":false},{"id":"1674660332","title":"Optique","description":"","query_type":"product_ids","query_ids":[18926,18899,18791,18915,18888,18863,18934,18797,18852,18869,18942],"default_option_id":"","thumbnail_id":"","thumbnail_src":"","quantity_min":1,"quantity_max":1,"priced_individually":false,"shipped_individually":false,"optional":true,"discount":"","options_style":"radios","pagination_style":"classic","display_prices":"absolute","show_sorting_options":false,"show_filtering_options":false,"attribute_filter_ids":[],"product_title_visible":false,"product_descr_visible":false,"product_price_visible":false,"product_thumb_visible":false,"subtotal_visible_product":false,"subtotal_visible_cart":false,"subtotal_visible_orders":false},{"id":"1674660333","title":"Accessoires","description":"","query_type":"product_ids","query_ids":[13424],"default_option_id":13424,"thumbnail_id":"","thumbnail_src":"","quantity_min":1,"quantity_max":1,"priced_individually":false,"shipped_individually":false,"optional":false,"discount":"","options_style":"radios","pagination_style":"classic","display_prices":"absolute","show_sorting_options":false,"show_filtering_options":false,"attribute_filter_ids":[],"product_title_visible":false,"product_descr_visible":true,"product_price_visible":false,"product_thumb_visible":true,"subtotal_visible_product":false,"subtotal_visible_cart":false,"subtotal_visible_orders":false},{"id":"1676647682","title":"Accessoires ind\u00e9pendants","description":"","query_type":"product_ids","query_ids":[40657],"default_option_id":40657,"thumbnail_id":"","thumbnail_src":"","quantity_min":1,"quantity_max":1,"priced_individually":false,"shipped_individually":false,"optional":false,"discount":"","options_style":"radios","pagination_style":"classic","display_prices":"absolute","show_sorting_options":false,"show_filtering_options":false,"attribute_filter_ids":[],"product_title_visible":false,"product_descr_visible":true,"product_price_visible":false,"product_thumb_visible":false,"subtotal_visible_product":false,"subtotal_visible_cart":false,"subtotal_visible_orders":false},{"id":"1689342622","title":"Dur&eacute;e de vie","description":"","query_type":"product_ids","query_ids":[50124,50128],"default_option_id":"","thumbnail_id":"","thumbnail_src":"","quantity_min":1,"quantity_max":1,"priced_individually":false,"shipped_individually":false,"optional":true,"discount":"","options_style":"radios","pagination_style":"classic","display_prices":"absolute","show_sorting_options":false,"show_filtering_options":false,"attribute_filter_ids":[],"product_title_visible":false,"product_descr_visible":false,"product_price_visible":false,"product_thumb_visible":false,"subtotal_visible_product":false,"subtotal_visible_cart":false,"subtotal_visible_orders":false}],"composite_scenarios":[{"id":"1674660604","name":"lumentalk","description":"","configuration":[{"component_id":"1674660329","options_modifier":"in","component_options":[18489]}],"actions":[{"action_id":"compat_group","is_active":false},{"action_id":"conditional_components","is_active":false,"hidden_components":[]},{"action_id":"conditional_options","is_active":true,"hidden_options":[{"component_id":"1674660332","component_options":[18926],"options_modifier":"in"}]}],"enabled":true},{"id":"1674660605","name":"cri98","description":"","configuration":[{"component_id":"1674660331","options_modifier":"in","component_options":[18637,18638,18640,18639]}],"actions":[{"action_id":"compat_group","is_active":false},{"action_id":"conditional_components","is_active":false,"hidden_components":[]},{"action_id":"conditional_options","is_active":true,"hidden_options":[{"component_id":"1674660332","component_options":[18926],"options_modifier":"in"}]}],"enabled":true},{"id":"1674660606","name":"very narrow","description":"","configuration":[{"component_id":"1674660332","options_modifier":"in","component_options":[18926]}],"actions":[{"action_id":"compat_group","is_active":false},{"action_id":"conditional_components","is_active":false,"hidden_components":[]},{"action_id":"conditional_options","is_active":true,"hidden_options":[{"component_id":"1674660329","component_options":[18489],"options_modifier":"in"},{"component_id":"1674660331","component_options":[18637,18638,18640,18639],"options_modifier":"in"}]}],"enabled":true},{"id":"1674660607","name":"narrow spot \/ wide flood","description":"","configuration":[{"component_id":"1674660332","options_modifier":"in","component_options":[18899,18934]}],"actions":[{"action_id":"compat_group","is_active":false},{"action_id":"conditional_components","is_active":false,"hidden_components":[]},{"action_id":"conditional_options","is_active":true,"hidden_options":[{"component_id":"1674660333","component_options":[13429,13434,13441,13442,13445,13446],"options_modifier":"in"}]}],"enabled":true},{"id":"1674660608","name":"ell. narrow spot \/ ell. wide flood","description":"","configuration":[{"component_id":"1674660332","options_modifier":"in","component_options":[18791,18797]}],"actions":[{"action_id":"compat_group","is_active":false},{"action_id":"conditional_components","is_active":false,"hidden_components":[]},{"action_id":"conditional_options","is_active":true,"hidden_options":[{"component_id":"1674660333","component_options":[-1,13425],"options_modifier":"not-in"}]}],"enabled":true},{"id":"1674660609","name":"deep \/ graz. \/ sagom.","description":"","configuration":[{"component_id":"1674660332","options_modifier":"in","component_options":[18852,18869,18942]}],"actions":[{"action_id":"compat_group","is_active":false},{"action_id":"conditional_components","is_active":true,"hidden_components":["1676647682"]},{"action_id":"conditional_options","is_active":true,"hidden_options":[{"component_id":"1674660333","component_options":[-1,13425],"options_modifier":"not-in"}]}],"enabled":true},{"id":"1689342676","name":"LT 80","description":"","configuration":[{"component_id":"1674660332","options_modifier":"in","component_options":[18899,18791]}],"actions":[{"action_id":"compat_group","is_active":false},{"action_id":"conditional_components","is_active":false,"hidden_components":[]},{"action_id":"conditional_options","is_active":true,"hidden_options":[{"component_id":"1689342622","component_options":[-1,50124],"options_modifier":"not-in"}]}],"enabled":true},{"id":"1689342677","name":"LT 100","description":"","configuration":[{"component_id":"1674660332","options_modifier":"in","component_options":[18926,18915,18888,18863,18934,18797,18852,18869,18942]}],"actions":[{"action_id":"compat_group","is_active":false},{"action_id":"conditional_components","is_active":false,"hidden_components":[]},{"action_id":"conditional_options","is_active":true,"hidden_options":[{"component_id":"1689342622","component_options":[-1,50128],"options_modifier":"not-in"}]}],"enabled":true}],"bundled_by":[],"bundle_stock_status":"instock","bundle_stock_quantity":null,"bundle_virtual":false,"bundle_layout":"","bundle_add_to_cart_form_location":"","bundle_editable_in_cart":false,"bundle_sold_individually_context":"","bundle_item_grouping":"","bundle_min_size":"","bundle_max_size":"","bundled_items":[],"bundle_sell_ids":[],"acf":[],"yoast_head":"<!-- This site is optimized with the Yoast SEO plugin v27.4 - https:\/\/yoast.com\/product\/yoast-seo-wordpress\/ -->\n<title>Museo Revo Medium | Exenia<\/title>\n<meta name=\"robots\" content=\"noindex, follow, max-snippet:-1, max-image-preview:large, max-video-preview:-1\" \/>\n<meta property=\"og:locale\" content=\"fr_FR\" \/>\n<meta property=\"og:type\" content=\"article\" \/>\n<meta property=\"og:title\" content=\"Museo Revo Medium | Exenia\" \/>\n<meta property=\"og:description\" content=\"Projecteurs pour montage en surface avec pilotes int\u00e9gr\u00e9s dans la...\" \/>\n<meta property=\"og:url\" content=\"https:\/\/restyling.exenia.eu\/prodotto\/museo-revo-medium\/\" \/>\n<meta property=\"og:site_name\" content=\"Exenia\" \/>\n<meta property=\"article:publisher\" content=\"https:\/\/www.facebook.com\/exenialighting\" \/>\n<meta property=\"article:modified_time\" content=\"2023-07-14T11:52:21+00:00\" \/>\n<meta property=\"og:image\" content=\"https:\/\/restyling.exenia.eu\/wp-content\/uploads\/2023\/01\/Museo-revo-medium-prodotto.jpg\" \/>\n\t<meta property=\"og:image:width\" content=\"2000\" \/>\n\t<meta property=\"og:image:height\" content=\"1919\" \/>\n\t<meta property=\"og:image:type\" content=\"image\/jpeg\" \/>\n<!-- \/ Yoast SEO plugin. -->","yoast_head_json":{"title":"Museo Revo Medium | Exenia","robots":{"index":"noindex","follow":"follow","max-snippet":"max-snippet:-1","max-image-preview":"max-image-preview:large","max-video-preview":"max-video-preview:-1"},"og_locale":"fr_FR","og_type":"article","og_title":"Museo Revo Medium | Exenia","og_description":"Projecteurs pour montage en surface avec pilotes int\u00e9gr\u00e9s dans la...","og_url":"https:\/\/restyling.exenia.eu\/prodotto\/museo-revo-medium\/","og_site_name":"Exenia","article_publisher":"https:\/\/www.facebook.com\/exenialighting","article_modified_time":"2023-07-14T11:52:21+00:00","og_image":[{"width":2000,"height":1919,"url":"https:\/\/restyling.exenia.eu\/wp-content\/uploads\/2023\/01\/Museo-revo-medium-prodotto.jpg","type":"image\/jpeg"}],"schema":{"@context":"https:\/\/schema.org","@graph":[{"@type":"WebPage","@id":"https:\/\/restyling.exenia.eu\/prodotto\/museo-revo-medium\/","url":"https:\/\/restyling.exenia.eu\/prodotto\/museo-revo-medium\/","name":"Museo Revo Medium | Exenia","isPartOf":{"@id":"https:\/\/restyling.exenia.eu\/#website"},"primaryImageOfPage":{"@id":"https:\/\/restyling.exenia.eu\/prodotto\/museo-revo-medium\/#primaryimage"},"image":{"@id":"https:\/\/restyling.exenia.eu\/prodotto\/museo-revo-medium\/#primaryimage"},"thumbnailUrl":"https:\/\/restyling.exenia.eu\/wp-content\/uploads\/2023\/01\/Museo-revo-medium-prodotto.jpg","datePublished":"2022-11-24T08:50:41+00:00","dateModified":"2023-07-14T11:52:21+00:00","breadcrumb":{"@id":"https:\/\/restyling.exenia.eu\/prodotto\/museo-revo-medium\/#breadcrumb"},"inLanguage":"fr-FR","potentialAction":[{"@type":"ReadAction","target":["https:\/\/restyling.exenia.eu\/prodotto\/museo-revo-medium\/"]}]},{"@type":"ImageObject","inLanguage":"fr-FR","@id":"https:\/\/restyling.exenia.eu\/prodotto\/museo-revo-medium\/#primaryimage","url":"https:\/\/restyling.exenia.eu\/wp-content\/uploads\/2023\/01\/Museo-revo-medium-prodotto.jpg","contentUrl":"https:\/\/restyling.exenia.eu\/wp-content\/uploads\/2023\/01\/Museo-revo-medium-prodotto.jpg","width":2000,"height":1919},{"@type":"BreadcrumbList","@id":"https:\/\/restyling.exenia.eu\/prodotto\/museo-revo-medium\/#breadcrumb","itemListElement":[{"@type":"ListItem","position":1,"name":"Home","item":"https:\/\/restyling.exenia.eu\/"},{"@type":"ListItem","position":2,"name":"Produits","item":"https:\/\/restyling.exenia.eu\/prodotti\/"},{"@type":"ListItem","position":3,"name":"Indoor","item":"https:\/\/restyling.exenia.eu\/c\/indoor\/"},{"@type":"ListItem","position":4,"name":"Proiettori a base","item":"https:\/\/restyling.exenia.eu\/c\/indoor\/proiettori-a-base\/"},{"@type":"ListItem","position":5,"name":"Museo Revo","item":"https:\/\/restyling.exenia.eu\/c\/indoor\/proiettori-a-base\/museo-revo\/"},{"@type":"ListItem","position":6,"name":"Museo Revo Medium"}]},{"@type":"WebSite","@id":"https:\/\/restyling.exenia.eu\/#website","url":"https:\/\/restyling.exenia.eu\/","name":"Exenia","description":"","publisher":{"@id":"https:\/\/restyling.exenia.eu\/#organization"},"potentialAction":[{"@type":"SearchAction","target":{"@type":"EntryPoint","urlTemplate":"https:\/\/restyling.exenia.eu\/?s={search_term_string}"},"query-input":{"@type":"PropertyValueSpecification","valueRequired":true,"valueName":"search_term_string"}}],"inLanguage":"fr-FR"},{"@type":"Organization","@id":"https:\/\/restyling.exenia.eu\/#organization","name":"Exenia","url":"https:\/\/restyling.exenia.eu\/","logo":{"@type":"ImageObject","inLanguage":"fr-FR","@id":"https:\/\/restyling.exenia.eu\/#\/schema\/logo\/image\/","url":"https:\/\/restyling.exenia.eu\/wp-content\/uploads\/2022\/09\/logo_exenia-e1678467519405.png","contentUrl":"https:\/\/restyling.exenia.eu\/wp-content\/uploads\/2022\/09\/logo_exenia-e1678467519405.png","width":600,"height":194,"caption":"Exenia"},"image":{"@id":"https:\/\/restyling.exenia.eu\/#\/schema\/logo\/image\/"},"sameAs":["https:\/\/www.facebook.com\/exenialighting","https:\/\/x.com\/ExeniaLighting"]}]}},"_links":{"self":[{"href":"https:\/\/restyling.exenia.eu\/fr\/wp-json\/wp\/v2\/product\/27290","targetHints":{"allow":["GET"]}}],"collection":[{"href":"https:\/\/restyling.exenia.eu\/fr\/wp-json\/wp\/v2\/product"}],"about":[{"href":"https:\/\/restyling.exenia.eu\/fr\/wp-json\/wp\/v2\/types\/product"}],"wp:featuredmedia":[{"embeddable":true,"href":"https:\/\/restyling.exenia.eu\/fr\/wp-json\/wp\/v2\/media\/23432"}],"wp:attachment":[{"href":"https:\/\/restyling.exenia.eu\/fr\/wp-json\/wp\/v2\/media?parent=27290"}],"wp:term":[{"taxonomy":"product_brand","embeddable":true,"href":"https:\/\/restyling.exenia.eu\/fr\/wp-json\/wp\/v2\/product_brand?post=27290"},{"taxonomy":"product_cat","embeddable":true,"href":"https:\/\/restyling.exenia.eu\/fr\/wp-json\/wp\/v2\/product_cat?post=27290"},{"taxonomy":"product_tag","embeddable":true,"href":"https:\/\/restyling.exenia.eu\/fr\/wp-json\/wp\/v2\/product_tag?post=27290"},{"taxonomy":"categoria-admin-prodotto","embeddable":true,"href":"https:\/\/restyling.exenia.eu\/fr\/wp-json\/wp\/v2\/categoria-admin-prodotto?post=27290"}],"curies":[{"name":"wp","href":"https:\/\/api.w.org\/{rel}","templated":true}]}}